{"id":65715,"date":"2023-03-03T09:43:50","date_gmt":"2023-03-03T08:43:50","guid":{"rendered":"https:\/\/turijnmagazijn.nl\/product\/silgue-arriere-triangulaire-arriere-lancia-lybra-nouveau\/"},"modified":"2023-07-31T21:00:51","modified_gmt":"2023-07-31T19:00:51","slug":"arriere-bague-triangle-arriere-lancia-lybra-nouveau","status":"publish","type":"product","link":"https:\/\/turijnmagazijn.nl\/fr\/produit\/arriere-bague-triangle-arriere-lancia-lybra-nouveau\/","title":{"rendered":"Silgue arri\u00e8re triangulaire arri\u00e8re Lancia Lybra -NOUVEAU-"},"content":{"rendered":"<p>1 bague pour remplacer la bague en caoutchouc arri\u00e8re dans le triangle arri\u00e8re pour Lancia Lybra. Applicable \u00e0 tous les mod\u00e8les, y compris le SW. Les bus sont de nouvelles reproductions aux sp\u00e9cifications originales.<\/p>\n<p>Les bus ne sont plus disponibles via Lancia, voir le dessin pour la position de montage o\u00f9 ce bus peut \u00eatre utilis\u00e9. Chaque bus est diff\u00e9rent, il ne peut donc pas \u00eatre utilis\u00e9 dans une position diff\u00e9rente!<\/p>\n<p>. Avec 1 bague, 1 triangle peut \u00eatre r\u00e9par\u00e9 \u00e0 la position appropri\u00e9e, gauche et droite \u00e9gales, donc pour remplacer les deux m\u00eames bagues gauche et droite, 2 pi\u00e8ces doivent \u00eatre command\u00e9es.<\/p>\n<p>Num\u00e9ros OEM \u00e0 titre de comparaison:<\/p>\n<p><span style=\"text-align: -webkit-right;\">46545808<\/span><\/p>\n<p><span style=\"text-align: -webkit-right;\">46545815<\/span><\/p>\n","protected":false},"excerpt":{"rendered":"<p><span style=\"text-align: -webkit-right;\">46545808 46545815 <\/span>Bague arri\u00e8re bras arri\u00e8re Lancia Lybra -NOUVEAU- 1 bague pour le remplacement de la bague en caoutchouc arri\u00e8re dans le triangle arri\u00e8re pour Lancia Lybra.<\/p>\n","protected":false},"featured_media":52192,"comment_status":"closed","ping_status":"closed","template":"","meta":{"_acf_changed":false},"product_brand":[],"product_cat":[1798,1873,1882,1880],"product_tag":[],"class_list":{"0":"post-65715","1":"product","2":"type-product","3":"status-publish","4":"has-post-thumbnail","6":"product_cat-lancia-fr","7":"product_cat-lybra-839-fr","8":"product_cat-sedan-lybra-839-fr","9":"product_cat-sw-lybra-839-fr","10":"pa_soort-onderdeel-moteur-et-accessoires","12":"first","13":"instock","14":"taxable","15":"shipping-taxable","16":"purchasable","17":"product-type-simple"},"acf":[],"yoast_head":"<!-- This site is optimized with the Yoast SEO plugin v27.3 - https:\/\/yoast.com\/product\/yoast-seo-wordpress\/ -->\n<title>Silgue arri\u00e8re triangulaire arri\u00e8re Lancia Lybra -NOUVEAU- Turijnmagazijn<\/title>\n<meta name=\"robots\" content=\"index, follow, max-snippet:-1, max-image-preview:large, max-video-preview:-1\" \/>\n<link rel=\"canonical\" href=\"https:\/\/turijnmagazijn.nl\/fr\/produit\/arriere-bague-triangle-arriere-lancia-lybra-nouveau\/\" \/>\n<meta property=\"og:locale\" content=\"fr_FR\" \/>\n<meta property=\"og:type\" content=\"article\" \/>\n<meta property=\"og:title\" content=\"Silgue arri\u00e8re triangulaire arri\u00e8re Lancia Lybra -NOUVEAU- Turijnmagazijn\" \/>\n<meta property=\"og:description\" content=\"46545808 46545815 Bague arri\u00e8re bras arri\u00e8re Lancia Lybra -NOUVEAU- 1 bague pour le remplacement de la bague en caoutchouc arri\u00e8re dans le triangle arri\u00e8re pour Lancia Lybra.\" \/>\n<meta property=\"og:url\" content=\"https:\/\/turijnmagazijn.nl\/fr\/produit\/arriere-bague-triangle-arriere-lancia-lybra-nouveau\/\" \/>\n<meta property=\"og:site_name\" content=\"Turijnmagazijn\" \/>\n<meta property=\"article:publisher\" content=\"https:\/\/www.facebook.com\/turijnmagazijn\" \/>\n<meta property=\"article:modified_time\" content=\"2023-07-31T19:00:51+00:00\" \/>\n<meta property=\"og:image\" content=\"https:\/\/turijnmagazijn.nl\/wp-content\/uploads\/2023\/03\/DN00100059_Achterste_bus_ophanging_Lancia_Lybra_draagarm_achter_3-800x600-1.jpg\" \/>\n\t<meta property=\"og:image:width\" content=\"800\" \/>\n\t<meta property=\"og:image:height\" content=\"600\" \/>\n\t<meta property=\"og:image:type\" content=\"image\/jpeg\" \/>\n<meta name=\"twitter:card\" content=\"summary_large_image\" \/>\n<meta name=\"twitter:label1\" content=\"Dur\u00e9e de lecture estim\u00e9e\" \/>\n\t<meta name=\"twitter:data1\" content=\"1 minute\" \/>\n<script type=\"application\/ld+json\" class=\"yoast-schema-graph\">{\"@context\":\"https:\\\/\\\/schema.org\",\"@graph\":[{\"@type\":\"WebPage\",\"@id\":\"https:\\\/\\\/turijnmagazijn.nl\\\/fr\\\/produit\\\/arriere-bague-triangle-arriere-lancia-lybra-nouveau\\\/\",\"url\":\"https:\\\/\\\/turijnmagazijn.nl\\\/fr\\\/produit\\\/arriere-bague-triangle-arriere-lancia-lybra-nouveau\\\/\",\"name\":\"Silgue arri\u00e8re triangulaire arri\u00e8re Lancia Lybra -NOUVEAU- Turijnmagazijn\",\"isPartOf\":{\"@id\":\"https:\\\/\\\/turijnmagazijn.jumpstone-dev.nl\\\/#website\"},\"primaryImageOfPage\":{\"@id\":\"https:\\\/\\\/turijnmagazijn.nl\\\/fr\\\/produit\\\/arriere-bague-triangle-arriere-lancia-lybra-nouveau\\\/#primaryimage\"},\"image\":{\"@id\":\"https:\\\/\\\/turijnmagazijn.nl\\\/fr\\\/produit\\\/arriere-bague-triangle-arriere-lancia-lybra-nouveau\\\/#primaryimage\"},\"thumbnailUrl\":\"https:\\\/\\\/turijnmagazijn.nl\\\/wp-content\\\/uploads\\\/2023\\\/03\\\/DN00100059_Achterste_bus_ophanging_Lancia_Lybra_draagarm_achter_3-800x600-1.jpg\",\"datePublished\":\"2023-03-03T08:43:50+00:00\",\"dateModified\":\"2023-07-31T19:00:51+00:00\",\"breadcrumb\":{\"@id\":\"https:\\\/\\\/turijnmagazijn.nl\\\/fr\\\/produit\\\/arriere-bague-triangle-arriere-lancia-lybra-nouveau\\\/#breadcrumb\"},\"inLanguage\":\"fr-FR\",\"potentialAction\":[{\"@type\":\"ReadAction\",\"target\":[\"https:\\\/\\\/turijnmagazijn.nl\\\/fr\\\/produit\\\/arriere-bague-triangle-arriere-lancia-lybra-nouveau\\\/\"]}]},{\"@type\":\"ImageObject\",\"inLanguage\":\"fr-FR\",\"@id\":\"https:\\\/\\\/turijnmagazijn.nl\\\/fr\\\/produit\\\/arriere-bague-triangle-arriere-lancia-lybra-nouveau\\\/#primaryimage\",\"url\":\"https:\\\/\\\/turijnmagazijn.nl\\\/wp-content\\\/uploads\\\/2023\\\/03\\\/DN00100059_Achterste_bus_ophanging_Lancia_Lybra_draagarm_achter_3-800x600-1.jpg\",\"contentUrl\":\"https:\\\/\\\/turijnmagazijn.nl\\\/wp-content\\\/uploads\\\/2023\\\/03\\\/DN00100059_Achterste_bus_ophanging_Lancia_Lybra_draagarm_achter_3-800x600-1.jpg\",\"width\":800,\"height\":600},{\"@type\":\"BreadcrumbList\",\"@id\":\"https:\\\/\\\/turijnmagazijn.nl\\\/fr\\\/produit\\\/arriere-bague-triangle-arriere-lancia-lybra-nouveau\\\/#breadcrumb\",\"itemListElement\":[{\"@type\":\"ListItem\",\"position\":1,\"name\":\"Home\",\"item\":\"https:\\\/\\\/turijnmagazijn.nl\\\/fr\\\/\"},{\"@type\":\"ListItem\",\"position\":2,\"name\":\"Produits\",\"item\":\"https:\\\/\\\/turijnmagazijn.nl\\\/fr\\\/shop\\\/\"},{\"@type\":\"ListItem\",\"position\":3,\"name\":\"Silgue arri\u00e8re triangulaire arri\u00e8re Lancia Lybra -NOUVEAU-\"}]},{\"@type\":\"WebSite\",\"@id\":\"https:\\\/\\\/turijnmagazijn.jumpstone-dev.nl\\\/#website\",\"url\":\"https:\\\/\\\/turijnmagazijn.jumpstone-dev.nl\\\/\",\"name\":\"Turijnmagazijn\",\"description\":\"Onderdelen nieuw en gebruikt - Fiat &amp; Lancia\",\"publisher\":{\"@id\":\"https:\\\/\\\/turijnmagazijn.jumpstone-dev.nl\\\/#organization\"},\"potentialAction\":[{\"@type\":\"SearchAction\",\"target\":{\"@type\":\"EntryPoint\",\"urlTemplate\":\"https:\\\/\\\/turijnmagazijn.jumpstone-dev.nl\\\/?s={search_term_string}\"},\"query-input\":{\"@type\":\"PropertyValueSpecification\",\"valueRequired\":true,\"valueName\":\"search_term_string\"}}],\"inLanguage\":\"fr-FR\"},{\"@type\":\"Organization\",\"@id\":\"https:\\\/\\\/turijnmagazijn.jumpstone-dev.nl\\\/#organization\",\"name\":\"Turijnmagazijn\",\"url\":\"https:\\\/\\\/turijnmagazijn.jumpstone-dev.nl\\\/\",\"logo\":{\"@type\":\"ImageObject\",\"inLanguage\":\"fr-FR\",\"@id\":\"https:\\\/\\\/turijnmagazijn.jumpstone-dev.nl\\\/#\\\/schema\\\/logo\\\/image\\\/\",\"url\":\"https:\\\/\\\/turijnmagazijn.nl\\\/wp-content\\\/uploads\\\/2021\\\/02\\\/turijnmagazijnlogo.png\",\"contentUrl\":\"https:\\\/\\\/turijnmagazijn.nl\\\/wp-content\\\/uploads\\\/2021\\\/02\\\/turijnmagazijnlogo.png\",\"width\":555,\"height\":270,\"caption\":\"Turijnmagazijn\"},\"image\":{\"@id\":\"https:\\\/\\\/turijnmagazijn.jumpstone-dev.nl\\\/#\\\/schema\\\/logo\\\/image\\\/\"},\"sameAs\":[\"https:\\\/\\\/www.facebook.com\\\/turijnmagazijn\"]}]}<\/script>\n<!-- \/ Yoast SEO plugin. -->","yoast_head_json":{"title":"Silgue arri\u00e8re triangulaire arri\u00e8re Lancia Lybra -NOUVEAU- Turijnmagazijn","robots":{"index":"index","follow":"follow","max-snippet":"max-snippet:-1","max-image-preview":"max-image-preview:large","max-video-preview":"max-video-preview:-1"},"canonical":"https:\/\/turijnmagazijn.nl\/fr\/produit\/arriere-bague-triangle-arriere-lancia-lybra-nouveau\/","og_locale":"fr_FR","og_type":"article","og_title":"Silgue arri\u00e8re triangulaire arri\u00e8re Lancia Lybra -NOUVEAU- Turijnmagazijn","og_description":"46545808 46545815 Bague arri\u00e8re bras arri\u00e8re Lancia Lybra -NOUVEAU- 1 bague pour le remplacement de la bague en caoutchouc arri\u00e8re dans le triangle arri\u00e8re pour Lancia Lybra.","og_url":"https:\/\/turijnmagazijn.nl\/fr\/produit\/arriere-bague-triangle-arriere-lancia-lybra-nouveau\/","og_site_name":"Turijnmagazijn","article_publisher":"https:\/\/www.facebook.com\/turijnmagazijn","article_modified_time":"2023-07-31T19:00:51+00:00","og_image":[{"width":800,"height":600,"url":"https:\/\/turijnmagazijn.nl\/wp-content\/uploads\/2023\/03\/DN00100059_Achterste_bus_ophanging_Lancia_Lybra_draagarm_achter_3-800x600-1.jpg","type":"image\/jpeg"}],"twitter_card":"summary_large_image","twitter_misc":{"Dur\u00e9e de lecture estim\u00e9e":"1 minute"},"schema":{"@context":"https:\/\/schema.org","@graph":[{"@type":"WebPage","@id":"https:\/\/turijnmagazijn.nl\/fr\/produit\/arriere-bague-triangle-arriere-lancia-lybra-nouveau\/","url":"https:\/\/turijnmagazijn.nl\/fr\/produit\/arriere-bague-triangle-arriere-lancia-lybra-nouveau\/","name":"Silgue arri\u00e8re triangulaire arri\u00e8re Lancia Lybra -NOUVEAU- Turijnmagazijn","isPartOf":{"@id":"https:\/\/turijnmagazijn.jumpstone-dev.nl\/#website"},"primaryImageOfPage":{"@id":"https:\/\/turijnmagazijn.nl\/fr\/produit\/arriere-bague-triangle-arriere-lancia-lybra-nouveau\/#primaryimage"},"image":{"@id":"https:\/\/turijnmagazijn.nl\/fr\/produit\/arriere-bague-triangle-arriere-lancia-lybra-nouveau\/#primaryimage"},"thumbnailUrl":"https:\/\/turijnmagazijn.nl\/wp-content\/uploads\/2023\/03\/DN00100059_Achterste_bus_ophanging_Lancia_Lybra_draagarm_achter_3-800x600-1.jpg","datePublished":"2023-03-03T08:43:50+00:00","dateModified":"2023-07-31T19:00:51+00:00","breadcrumb":{"@id":"https:\/\/turijnmagazijn.nl\/fr\/produit\/arriere-bague-triangle-arriere-lancia-lybra-nouveau\/#breadcrumb"},"inLanguage":"fr-FR","potentialAction":[{"@type":"ReadAction","target":["https:\/\/turijnmagazijn.nl\/fr\/produit\/arriere-bague-triangle-arriere-lancia-lybra-nouveau\/"]}]},{"@type":"ImageObject","inLanguage":"fr-FR","@id":"https:\/\/turijnmagazijn.nl\/fr\/produit\/arriere-bague-triangle-arriere-lancia-lybra-nouveau\/#primaryimage","url":"https:\/\/turijnmagazijn.nl\/wp-content\/uploads\/2023\/03\/DN00100059_Achterste_bus_ophanging_Lancia_Lybra_draagarm_achter_3-800x600-1.jpg","contentUrl":"https:\/\/turijnmagazijn.nl\/wp-content\/uploads\/2023\/03\/DN00100059_Achterste_bus_ophanging_Lancia_Lybra_draagarm_achter_3-800x600-1.jpg","width":800,"height":600},{"@type":"BreadcrumbList","@id":"https:\/\/turijnmagazijn.nl\/fr\/produit\/arriere-bague-triangle-arriere-lancia-lybra-nouveau\/#breadcrumb","itemListElement":[{"@type":"ListItem","position":1,"name":"Home","item":"https:\/\/turijnmagazijn.nl\/fr\/"},{"@type":"ListItem","position":2,"name":"Produits","item":"https:\/\/turijnmagazijn.nl\/fr\/shop\/"},{"@type":"ListItem","position":3,"name":"Silgue arri\u00e8re triangulaire arri\u00e8re Lancia Lybra -NOUVEAU-"}]},{"@type":"WebSite","@id":"https:\/\/turijnmagazijn.jumpstone-dev.nl\/#website","url":"https:\/\/turijnmagazijn.jumpstone-dev.nl\/","name":"Turijnmagazijn","description":"Onderdelen nieuw en gebruikt - Fiat &amp; Lancia","publisher":{"@id":"https:\/\/turijnmagazijn.jumpstone-dev.nl\/#organization"},"potentialAction":[{"@type":"SearchAction","target":{"@type":"EntryPoint","urlTemplate":"https:\/\/turijnmagazijn.jumpstone-dev.nl\/?s={search_term_string}"},"query-input":{"@type":"PropertyValueSpecification","valueRequired":true,"valueName":"search_term_string"}}],"inLanguage":"fr-FR"},{"@type":"Organization","@id":"https:\/\/turijnmagazijn.jumpstone-dev.nl\/#organization","name":"Turijnmagazijn","url":"https:\/\/turijnmagazijn.jumpstone-dev.nl\/","logo":{"@type":"ImageObject","inLanguage":"fr-FR","@id":"https:\/\/turijnmagazijn.jumpstone-dev.nl\/#\/schema\/logo\/image\/","url":"https:\/\/turijnmagazijn.nl\/wp-content\/uploads\/2021\/02\/turijnmagazijnlogo.png","contentUrl":"https:\/\/turijnmagazijn.nl\/wp-content\/uploads\/2021\/02\/turijnmagazijnlogo.png","width":555,"height":270,"caption":"Turijnmagazijn"},"image":{"@id":"https:\/\/turijnmagazijn.jumpstone-dev.nl\/#\/schema\/logo\/image\/"},"sameAs":["https:\/\/www.facebook.com\/turijnmagazijn"]}]}},"_links":{"self":[{"href":"https:\/\/turijnmagazijn.nl\/fr\/wp-json\/wp\/v2\/product\/65715","targetHints":{"allow":["GET"]}}],"collection":[{"href":"https:\/\/turijnmagazijn.nl\/fr\/wp-json\/wp\/v2\/product"}],"about":[{"href":"https:\/\/turijnmagazijn.nl\/fr\/wp-json\/wp\/v2\/types\/product"}],"replies":[{"embeddable":true,"href":"https:\/\/turijnmagazijn.nl\/fr\/wp-json\/wp\/v2\/comments?post=65715"}],"wp:featuredmedia":[{"embeddable":true,"href":"https:\/\/turijnmagazijn.nl\/fr\/wp-json\/wp\/v2\/media\/52192"}],"wp:attachment":[{"href":"https:\/\/turijnmagazijn.nl\/fr\/wp-json\/wp\/v2\/media?parent=65715"}],"wp:term":[{"taxonomy":"product_brand","embeddable":true,"href":"https:\/\/turijnmagazijn.nl\/fr\/wp-json\/wp\/v2\/product_brand?post=65715"},{"taxonomy":"product_cat","embeddable":true,"href":"https:\/\/turijnmagazijn.nl\/fr\/wp-json\/wp\/v2\/product_cat?post=65715"},{"taxonomy":"product_tag","embeddable":true,"href":"https:\/\/turijnmagazijn.nl\/fr\/wp-json\/wp\/v2\/product_tag?post=65715"}],"curies":[{"name":"wp","href":"https:\/\/api.w.org\/{rel}","templated":true}]}}