{"id":65733,"date":"2023-03-03T09:45:51","date_gmt":"2023-03-03T08:45:51","guid":{"rendered":"https:\/\/turijnmagazijn.nl\/product\/pare-chocs-arriere-capteur-de-stationnement-interieur-fiat-alfa-lancia-nouveau\/"},"modified":"2025-05-29T16:33:04","modified_gmt":"2025-05-29T14:33:04","slug":"capteur-de-stationnement-pare-chocs-arriere-interieur-fiat-alfa-lancia-neuf","status":"publish","type":"product","link":"https:\/\/turijnmagazijn.nl\/fr\/produit\/capteur-de-stationnement-pare-chocs-arriere-interieur-fiat-alfa-lancia-neuf\/","title":{"rendered":"Pare-chocs arri\u00e8re capteur de stationnement int\u00e9rieur Fiat Alfa Lancia -NOUVEAU-"},"content":{"rendered":"<p>Nouveau capteur de stationnement pour une utilisation sur diff\u00e9rents mod\u00e8les Fiat Lancia et Alfa Romeo. Ce capteur vient de Chine et sans doute d\u2019une qualit\u00e9 un peu inf\u00e9rieure \u00e0 un original d\u2019Allemagne, mais facilement interchangeable, m\u00eame si vous ne remplacez que 1 capteur dans votre gamme.<\/p>\n<p><span style=\"font-weight: bold;\"><span style=\"color: #ff0000;\">Note! Deux capteurs diff\u00e9rents ont \u00e9t\u00e9 utilis\u00e9s sur la Fiat Stilo. Cela concerne les capteurs ext\u00e9rieurs, mont\u00e9s \u00e0 l\u2019extr\u00eame gauche et \u00e0 l\u2019extr\u00eame droite sur le pare-chocs. Ceux-ci peuvent \u00eatre reconnus par la connexion noire (le capteur est compl\u00e8tement noir). Cette marque noire se trouve \u00e9galement sur le faisceau de c\u00e2blage.<\/span><br \/>\n<\/span><br \/>\nCes capteurs peuvent \u00eatre utilis\u00e9s sur de nombreux mod\u00e8les diff\u00e9rents de Fiat Lancia et Alfa Romeo. Les capteurs ne sont pas pulv\u00e9ris\u00e9s mais peuvent \u00eatre pulv\u00e9ris\u00e9s dans n\u2019importe quelle couleur souhait\u00e9e comme cela se fait avec les capteurs d\u2019origine.<\/p>\n<p>Applicable, entre autres, \u00e0 :<\/p>\n<ul>\n<li>Fiat Doblo<\/li>\n<li>Fiat Marea<\/li>\n<li>Fiat Stilo<\/li>\n<li>Fiat Croma<\/li>\n<li>Fiat Multipla<\/li>\n<li>Id\u00e9e Fiat<\/li>\n<li>Fiat Palio<\/li>\n<li>Alfa Romeo 166<\/li>\n<li>Alfa Romeo 159<\/li>\n<li>Alfa Romeo Brera<\/li>\n<li>Alfa Romeo GT<\/li>\n<li>Alfa Romeo 147<\/li>\n<li>Lancia Musa<\/li>\n<\/ul>\n<p>Avant de commander, v\u00e9rifiez si ces capteurs sont effectivement adapt\u00e9s \u00e0 votre voiture, dans certains cas, par exemple, le break dispose d\u2019un type de capteur diff\u00e9rent.<\/p>\n<p>&nbsp;<\/p>\n<p>156027152 OEM<br \/>\n<span style=\"font-family: 'Helvetica Neue';\"> 735393479 <\/span> OEM <\/p>\n<p><span style=\"font-family: 'Helvetica Neue';\">FIAT 156032058<\/span><\/p>\n<p><span style=\"font-family: 'Helvetica Neue';\">FIAT 60802041  <\/span><\/p>\n<p><span style=\"font-family: 'Helvetica Neue';\">LANCIA 735393479<\/span><\/p>\n","protected":false},"excerpt":{"rendered":"<p><span style=\"font-family: 'Helvetica Neue';\">735393479 <\/span>Pare-chocs arri\u00e8re \u00e0 capteur de stationnement Fiat Alfa Lancia &#8211; . Capteur de stationnement pare-chocs arri\u00e8re int\u00e9rieur Fiat Alfa Lancia &#8211; Capteur de stationnement pare-chocs arri\u00e8re int\u00e9rieur Fiat Alfa Lancia &#8211; Nouveau capteur de stationnement pour application sur diff\u00e9rents mod\u00e8les Fiat Lancia et Alfa Romeo.Capteur de stationnement<\/p>\n","protected":false},"featured_media":52436,"comment_status":"open","ping_status":"closed","template":"","meta":{"_acf_changed":false},"product_brand":[],"product_cat":[1606,1659,1650,1766,1769,1582,1644,1690,1631,1736,1738,1763],"product_tag":[],"class_list":{"0":"post-65733","1":"product","2":"type-product","3":"status-publish","4":"has-post-thumbnail","6":"product_cat-147-937-fr","7":"product_cat-159-939-fr","8":"product_cat-166-936-fr","9":"product_cat-5drs-fr","10":"product_cat-abarth-3drs-fr","11":"product_cat-alfa-romeo-fr","12":"product_cat-brera-939-fr","13":"product_cat-fiat-fr","14":"product_cat-gt-937-fr","15":"product_cat-marea-185-fr","16":"product_cat-multipla-186-fr","17":"product_cat-stilo-192-fr","18":"pa_soort-onderdeel-carrosserie-et-tolerie","20":"first","21":"instock","22":"taxable","23":"shipping-taxable","24":"purchasable","25":"product-type-simple"},"acf":[],"yoast_head":"<!-- This site is optimized with the Yoast SEO plugin v27.2 - https:\/\/yoast.com\/product\/yoast-seo-wordpress\/ -->\n<title>Pare-chocs arri\u00e8re capteur de stationnement int\u00e9rieur Fiat Alfa Lancia -NOUVEAU- Turijnmagazijn<\/title>\n<meta name=\"robots\" content=\"index, follow, max-snippet:-1, max-image-preview:large, max-video-preview:-1\" \/>\n<link rel=\"canonical\" href=\"https:\/\/turijnmagazijn.nl\/fr\/produit\/capteur-de-stationnement-pare-chocs-arriere-interieur-fiat-alfa-lancia-neuf\/\" \/>\n<meta property=\"og:locale\" content=\"fr_FR\" \/>\n<meta property=\"og:type\" content=\"article\" \/>\n<meta property=\"og:title\" content=\"Pare-chocs arri\u00e8re capteur de stationnement int\u00e9rieur Fiat Alfa Lancia -NOUVEAU- Turijnmagazijn\" \/>\n<meta property=\"og:description\" content=\"735393479 Pare-chocs arri\u00e8re \u00e0 capteur de stationnement Fiat Alfa Lancia - . Capteur de stationnement pare-chocs arri\u00e8re int\u00e9rieur Fiat Alfa Lancia - Capteur de stationnement pare-chocs arri\u00e8re int\u00e9rieur Fiat Alfa Lancia - Nouveau capteur de stationnement pour application sur diff\u00e9rents mod\u00e8les Fiat Lancia et Alfa Romeo.Capteur de stationnement\" \/>\n<meta property=\"og:url\" content=\"https:\/\/turijnmagazijn.nl\/fr\/produit\/capteur-de-stationnement-pare-chocs-arriere-interieur-fiat-alfa-lancia-neuf\/\" \/>\n<meta property=\"og:site_name\" content=\"Turijnmagazijn\" \/>\n<meta property=\"article:publisher\" content=\"https:\/\/www.facebook.com\/turijnmagazijn\" \/>\n<meta property=\"article:modified_time\" content=\"2025-05-29T14:33:04+00:00\" \/>\n<meta property=\"og:image\" content=\"https:\/\/turijnmagazijn.nl\/wp-content\/uploads\/2023\/03\/DN00100080-Parkeersensor-achterbumper-binnenste-Fiat-Alfa-Lancia-NIEUW-5-1.jpg\" \/>\n\t<meta property=\"og:image:width\" content=\"1024\" \/>\n\t<meta property=\"og:image:height\" content=\"768\" \/>\n\t<meta property=\"og:image:type\" content=\"image\/jpeg\" \/>\n<meta name=\"twitter:card\" content=\"summary_large_image\" \/>\n<meta name=\"twitter:label1\" content=\"Dur\u00e9e de lecture estim\u00e9e\" \/>\n\t<meta name=\"twitter:data1\" content=\"1 minute\" \/>\n<script type=\"application\/ld+json\" class=\"yoast-schema-graph\">{\"@context\":\"https:\/\/schema.org\",\"@graph\":[{\"@type\":\"WebPage\",\"@id\":\"https:\/\/turijnmagazijn.nl\/fr\/produit\/capteur-de-stationnement-pare-chocs-arriere-interieur-fiat-alfa-lancia-neuf\/\",\"url\":\"https:\/\/turijnmagazijn.nl\/fr\/produit\/capteur-de-stationnement-pare-chocs-arriere-interieur-fiat-alfa-lancia-neuf\/\",\"name\":\"Pare-chocs arri\u00e8re capteur de stationnement int\u00e9rieur Fiat Alfa Lancia -NOUVEAU- Turijnmagazijn\",\"isPartOf\":{\"@id\":\"https:\/\/turijnmagazijn.jumpstone-dev.nl\/#website\"},\"primaryImageOfPage\":{\"@id\":\"https:\/\/turijnmagazijn.nl\/fr\/produit\/capteur-de-stationnement-pare-chocs-arriere-interieur-fiat-alfa-lancia-neuf\/#primaryimage\"},\"image\":{\"@id\":\"https:\/\/turijnmagazijn.nl\/fr\/produit\/capteur-de-stationnement-pare-chocs-arriere-interieur-fiat-alfa-lancia-neuf\/#primaryimage\"},\"thumbnailUrl\":\"https:\/\/turijnmagazijn.nl\/wp-content\/uploads\/2023\/03\/DN00100080-Parkeersensor-achterbumper-binnenste-Fiat-Alfa-Lancia-NIEUW-5-1.jpg\",\"datePublished\":\"2023-03-03T08:45:51+00:00\",\"dateModified\":\"2025-05-29T14:33:04+00:00\",\"breadcrumb\":{\"@id\":\"https:\/\/turijnmagazijn.nl\/fr\/produit\/capteur-de-stationnement-pare-chocs-arriere-interieur-fiat-alfa-lancia-neuf\/#breadcrumb\"},\"inLanguage\":\"fr-FR\",\"potentialAction\":[{\"@type\":\"ReadAction\",\"target\":[\"https:\/\/turijnmagazijn.nl\/fr\/produit\/capteur-de-stationnement-pare-chocs-arriere-interieur-fiat-alfa-lancia-neuf\/\"]}]},{\"@type\":\"ImageObject\",\"inLanguage\":\"fr-FR\",\"@id\":\"https:\/\/turijnmagazijn.nl\/fr\/produit\/capteur-de-stationnement-pare-chocs-arriere-interieur-fiat-alfa-lancia-neuf\/#primaryimage\",\"url\":\"https:\/\/turijnmagazijn.nl\/wp-content\/uploads\/2023\/03\/DN00100080-Parkeersensor-achterbumper-binnenste-Fiat-Alfa-Lancia-NIEUW-5-1.jpg\",\"contentUrl\":\"https:\/\/turijnmagazijn.nl\/wp-content\/uploads\/2023\/03\/DN00100080-Parkeersensor-achterbumper-binnenste-Fiat-Alfa-Lancia-NIEUW-5-1.jpg\",\"width\":1024,\"height\":768},{\"@type\":\"BreadcrumbList\",\"@id\":\"https:\/\/turijnmagazijn.nl\/fr\/produit\/capteur-de-stationnement-pare-chocs-arriere-interieur-fiat-alfa-lancia-neuf\/#breadcrumb\",\"itemListElement\":[{\"@type\":\"ListItem\",\"position\":1,\"name\":\"Home\",\"item\":\"https:\/\/turijnmagazijn.nl\/fr\/\"},{\"@type\":\"ListItem\",\"position\":2,\"name\":\"Produits\",\"item\":\"https:\/\/turijnmagazijn.nl\/fr\/shop\/\"},{\"@type\":\"ListItem\",\"position\":3,\"name\":\"Pare-chocs arri\u00e8re capteur de stationnement int\u00e9rieur Fiat Alfa Lancia -NOUVEAU-\"}]},{\"@type\":\"WebSite\",\"@id\":\"https:\/\/turijnmagazijn.jumpstone-dev.nl\/#website\",\"url\":\"https:\/\/turijnmagazijn.jumpstone-dev.nl\/\",\"name\":\"Turijnmagazijn\",\"description\":\"Onderdelen nieuw en gebruikt - Fiat &amp; Lancia\",\"publisher\":{\"@id\":\"https:\/\/turijnmagazijn.jumpstone-dev.nl\/#organization\"},\"potentialAction\":[{\"@type\":\"SearchAction\",\"target\":{\"@type\":\"EntryPoint\",\"urlTemplate\":\"https:\/\/turijnmagazijn.jumpstone-dev.nl\/?s={search_term_string}\"},\"query-input\":{\"@type\":\"PropertyValueSpecification\",\"valueRequired\":true,\"valueName\":\"search_term_string\"}}],\"inLanguage\":\"fr-FR\"},{\"@type\":\"Organization\",\"@id\":\"https:\/\/turijnmagazijn.jumpstone-dev.nl\/#organization\",\"name\":\"Turijnmagazijn\",\"url\":\"https:\/\/turijnmagazijn.jumpstone-dev.nl\/\",\"logo\":{\"@type\":\"ImageObject\",\"inLanguage\":\"fr-FR\",\"@id\":\"https:\/\/turijnmagazijn.jumpstone-dev.nl\/#\/schema\/logo\/image\/\",\"url\":\"https:\/\/turijnmagazijn.nl\/wp-content\/uploads\/2021\/02\/turijnmagazijnlogo.png\",\"contentUrl\":\"https:\/\/turijnmagazijn.nl\/wp-content\/uploads\/2021\/02\/turijnmagazijnlogo.png\",\"width\":555,\"height\":270,\"caption\":\"Turijnmagazijn\"},\"image\":{\"@id\":\"https:\/\/turijnmagazijn.jumpstone-dev.nl\/#\/schema\/logo\/image\/\"},\"sameAs\":[\"https:\/\/www.facebook.com\/turijnmagazijn\"]}]}<\/script>\n<!-- \/ Yoast SEO plugin. -->","yoast_head_json":{"title":"Pare-chocs arri\u00e8re capteur de stationnement int\u00e9rieur Fiat Alfa Lancia -NOUVEAU- Turijnmagazijn","robots":{"index":"index","follow":"follow","max-snippet":"max-snippet:-1","max-image-preview":"max-image-preview:large","max-video-preview":"max-video-preview:-1"},"canonical":"https:\/\/turijnmagazijn.nl\/fr\/produit\/capteur-de-stationnement-pare-chocs-arriere-interieur-fiat-alfa-lancia-neuf\/","og_locale":"fr_FR","og_type":"article","og_title":"Pare-chocs arri\u00e8re capteur de stationnement int\u00e9rieur Fiat Alfa Lancia -NOUVEAU- Turijnmagazijn","og_description":"735393479 Pare-chocs arri\u00e8re \u00e0 capteur de stationnement Fiat Alfa Lancia - . Capteur de stationnement pare-chocs arri\u00e8re int\u00e9rieur Fiat Alfa Lancia - Capteur de stationnement pare-chocs arri\u00e8re int\u00e9rieur Fiat Alfa Lancia - Nouveau capteur de stationnement pour application sur diff\u00e9rents mod\u00e8les Fiat Lancia et Alfa Romeo.Capteur de stationnement","og_url":"https:\/\/turijnmagazijn.nl\/fr\/produit\/capteur-de-stationnement-pare-chocs-arriere-interieur-fiat-alfa-lancia-neuf\/","og_site_name":"Turijnmagazijn","article_publisher":"https:\/\/www.facebook.com\/turijnmagazijn","article_modified_time":"2025-05-29T14:33:04+00:00","og_image":[{"width":1024,"height":768,"url":"https:\/\/turijnmagazijn.nl\/wp-content\/uploads\/2023\/03\/DN00100080-Parkeersensor-achterbumper-binnenste-Fiat-Alfa-Lancia-NIEUW-5-1.jpg","type":"image\/jpeg"}],"twitter_card":"summary_large_image","twitter_misc":{"Dur\u00e9e de lecture estim\u00e9e":"1 minute"},"schema":{"@context":"https:\/\/schema.org","@graph":[{"@type":"WebPage","@id":"https:\/\/turijnmagazijn.nl\/fr\/produit\/capteur-de-stationnement-pare-chocs-arriere-interieur-fiat-alfa-lancia-neuf\/","url":"https:\/\/turijnmagazijn.nl\/fr\/produit\/capteur-de-stationnement-pare-chocs-arriere-interieur-fiat-alfa-lancia-neuf\/","name":"Pare-chocs arri\u00e8re capteur de stationnement int\u00e9rieur Fiat Alfa Lancia -NOUVEAU- Turijnmagazijn","isPartOf":{"@id":"https:\/\/turijnmagazijn.jumpstone-dev.nl\/#website"},"primaryImageOfPage":{"@id":"https:\/\/turijnmagazijn.nl\/fr\/produit\/capteur-de-stationnement-pare-chocs-arriere-interieur-fiat-alfa-lancia-neuf\/#primaryimage"},"image":{"@id":"https:\/\/turijnmagazijn.nl\/fr\/produit\/capteur-de-stationnement-pare-chocs-arriere-interieur-fiat-alfa-lancia-neuf\/#primaryimage"},"thumbnailUrl":"https:\/\/turijnmagazijn.nl\/wp-content\/uploads\/2023\/03\/DN00100080-Parkeersensor-achterbumper-binnenste-Fiat-Alfa-Lancia-NIEUW-5-1.jpg","datePublished":"2023-03-03T08:45:51+00:00","dateModified":"2025-05-29T14:33:04+00:00","breadcrumb":{"@id":"https:\/\/turijnmagazijn.nl\/fr\/produit\/capteur-de-stationnement-pare-chocs-arriere-interieur-fiat-alfa-lancia-neuf\/#breadcrumb"},"inLanguage":"fr-FR","potentialAction":[{"@type":"ReadAction","target":["https:\/\/turijnmagazijn.nl\/fr\/produit\/capteur-de-stationnement-pare-chocs-arriere-interieur-fiat-alfa-lancia-neuf\/"]}]},{"@type":"ImageObject","inLanguage":"fr-FR","@id":"https:\/\/turijnmagazijn.nl\/fr\/produit\/capteur-de-stationnement-pare-chocs-arriere-interieur-fiat-alfa-lancia-neuf\/#primaryimage","url":"https:\/\/turijnmagazijn.nl\/wp-content\/uploads\/2023\/03\/DN00100080-Parkeersensor-achterbumper-binnenste-Fiat-Alfa-Lancia-NIEUW-5-1.jpg","contentUrl":"https:\/\/turijnmagazijn.nl\/wp-content\/uploads\/2023\/03\/DN00100080-Parkeersensor-achterbumper-binnenste-Fiat-Alfa-Lancia-NIEUW-5-1.jpg","width":1024,"height":768},{"@type":"BreadcrumbList","@id":"https:\/\/turijnmagazijn.nl\/fr\/produit\/capteur-de-stationnement-pare-chocs-arriere-interieur-fiat-alfa-lancia-neuf\/#breadcrumb","itemListElement":[{"@type":"ListItem","position":1,"name":"Home","item":"https:\/\/turijnmagazijn.nl\/fr\/"},{"@type":"ListItem","position":2,"name":"Produits","item":"https:\/\/turijnmagazijn.nl\/fr\/shop\/"},{"@type":"ListItem","position":3,"name":"Pare-chocs arri\u00e8re capteur de stationnement int\u00e9rieur Fiat Alfa Lancia -NOUVEAU-"}]},{"@type":"WebSite","@id":"https:\/\/turijnmagazijn.jumpstone-dev.nl\/#website","url":"https:\/\/turijnmagazijn.jumpstone-dev.nl\/","name":"Turijnmagazijn","description":"Onderdelen nieuw en gebruikt - Fiat &amp; Lancia","publisher":{"@id":"https:\/\/turijnmagazijn.jumpstone-dev.nl\/#organization"},"potentialAction":[{"@type":"SearchAction","target":{"@type":"EntryPoint","urlTemplate":"https:\/\/turijnmagazijn.jumpstone-dev.nl\/?s={search_term_string}"},"query-input":{"@type":"PropertyValueSpecification","valueRequired":true,"valueName":"search_term_string"}}],"inLanguage":"fr-FR"},{"@type":"Organization","@id":"https:\/\/turijnmagazijn.jumpstone-dev.nl\/#organization","name":"Turijnmagazijn","url":"https:\/\/turijnmagazijn.jumpstone-dev.nl\/","logo":{"@type":"ImageObject","inLanguage":"fr-FR","@id":"https:\/\/turijnmagazijn.jumpstone-dev.nl\/#\/schema\/logo\/image\/","url":"https:\/\/turijnmagazijn.nl\/wp-content\/uploads\/2021\/02\/turijnmagazijnlogo.png","contentUrl":"https:\/\/turijnmagazijn.nl\/wp-content\/uploads\/2021\/02\/turijnmagazijnlogo.png","width":555,"height":270,"caption":"Turijnmagazijn"},"image":{"@id":"https:\/\/turijnmagazijn.jumpstone-dev.nl\/#\/schema\/logo\/image\/"},"sameAs":["https:\/\/www.facebook.com\/turijnmagazijn"]}]}},"_links":{"self":[{"href":"https:\/\/turijnmagazijn.nl\/fr\/wp-json\/wp\/v2\/product\/65733","targetHints":{"allow":["GET"]}}],"collection":[{"href":"https:\/\/turijnmagazijn.nl\/fr\/wp-json\/wp\/v2\/product"}],"about":[{"href":"https:\/\/turijnmagazijn.nl\/fr\/wp-json\/wp\/v2\/types\/product"}],"replies":[{"embeddable":true,"href":"https:\/\/turijnmagazijn.nl\/fr\/wp-json\/wp\/v2\/comments?post=65733"}],"wp:featuredmedia":[{"embeddable":true,"href":"https:\/\/turijnmagazijn.nl\/fr\/wp-json\/wp\/v2\/media\/52436"}],"wp:attachment":[{"href":"https:\/\/turijnmagazijn.nl\/fr\/wp-json\/wp\/v2\/media?parent=65733"}],"wp:term":[{"taxonomy":"product_brand","embeddable":true,"href":"https:\/\/turijnmagazijn.nl\/fr\/wp-json\/wp\/v2\/product_brand?post=65733"},{"taxonomy":"product_cat","embeddable":true,"href":"https:\/\/turijnmagazijn.nl\/fr\/wp-json\/wp\/v2\/product_cat?post=65733"},{"taxonomy":"product_tag","embeddable":true,"href":"https:\/\/turijnmagazijn.nl\/fr\/wp-json\/wp\/v2\/product_tag?post=65733"}],"curies":[{"name":"wp","href":"https:\/\/api.w.org\/{rel}","templated":true}]}}