{"id":65740,"date":"2023-03-03T09:45:51","date_gmt":"2023-03-03T08:45:51","guid":{"rendered":"https:\/\/turijnmagazijn.nl\/product\/capteur-de-stationnement-pare-chocs-arriere-exterieur-fiat-alfa-lancia-nouveau\/"},"modified":"2025-05-29T16:33:04","modified_gmt":"2025-05-29T14:33:04","slug":"capteur-de-stationnement-pare-chocs-arriere-exterieur-fiat-alfa-lancia-neuf","status":"publish","type":"product","link":"https:\/\/turijnmagazijn.nl\/fr\/produit\/capteur-de-stationnement-pare-chocs-arriere-exterieur-fiat-alfa-lancia-neuf\/","title":{"rendered":"Capteur de stationnement pare-chocs arri\u00e8re ext\u00e9rieur Fiat Alfa Lancia -NOUVEAU-"},"content":{"rendered":"<p>Nouveau capteur de stationnement pour une utilisation sur diff\u00e9rents mod\u00e8les Fiat Lancia et Alfa Romeo. Ce capteur vient de Chine et sans doute d\u2019une qualit\u00e9 un peu inf\u00e9rieure \u00e0 un original d\u2019Allemagne, mais facilement interchangeable, m\u00eame si vous ne remplacez que 1 capteur dans votre gamme.<\/p>\n<p><span style=\"font-weight: bold;\"><span style=\"color: #ff0000;\">Note! Deux capteurs diff\u00e9rents ont \u00e9t\u00e9 utilis\u00e9s sur le Stilo. Cela concerne les capteurs ext\u00e9rieurs, mont\u00e9s \u00e0 l\u2019extr\u00eame gauche et \u00e0 l\u2019extr\u00eame droite sur le pare-chocs. Ceux-ci peuvent \u00eatre reconnus par la connexion blanche. Ce marquage blanc (sur ce capteur, le marquage est gris) se trouve \u00e9galement sur le faisceau de c\u00e2blage.<\/span><br \/>\n<\/span><br \/>\nCes capteurs peuvent \u00eatre utilis\u00e9s sur de nombreux mod\u00e8les diff\u00e9rents de Fiat Lancia et Alfa Romeo. Les capteurs ne sont pas pulv\u00e9ris\u00e9s mais peuvent \u00eatre pulv\u00e9ris\u00e9s dans n\u2019importe quelle couleur souhait\u00e9e comme cela se fait avec les capteurs d\u2019origine.<\/p>\n<p>Applicable, entre autres, \u00e0 :<\/p>\n<ul>\n<li>Fiat Doblo<\/li>\n<li>Fiat Marea<\/li>\n<li>Fiat Stilo<\/li>\n<li>Fiat Croma<\/li>\n<li>Fiat Multipla<\/li>\n<li>Id\u00e9e Fiat<\/li>\n<li>Fiat Palio<\/li>\n<li>Alfa Romeo 166<\/li>\n<li>Alfa Romeo 159<\/li>\n<li>Alfa Romeo Brera<\/li>\n<li>Alfa Romeo GT<\/li>\n<li>Lancia Musa<\/li>\n<\/ul>\n<p><span style=\"font-weight: bold; color: #ff0000;\">Avant de commander, v\u00e9rifiez si ces capteurs sont effectivement adapt\u00e9s \u00e0 votre voiture, dans certains cas, par exemple, le break dispose d\u2019un type de capteur diff\u00e9rent.  <\/span><\/p>\n<p>&nbsp;<\/p>\n<p>OEM 735388363<\/p>\n","protected":false},"excerpt":{"rendered":"<p>735388363 Capteur de stationnement pare-chocs arri\u00e8re Fiat Alfa Lancia &#8211; Capteur de stationnement pare-chocs arri\u00e8re ext\u00e9rieur Fiat Alfa Lancia -NOUVEAU- Nouveau capteur de stationnement pour application sur diff\u00e9rents mod\u00e8les Fiat Lancia et Alfa Romeo.<\/p>\n","protected":false},"featured_media":52460,"comment_status":"open","ping_status":"closed","template":"","meta":{"_acf_changed":false},"product_brand":[],"product_cat":[1659,1650,1766,1769,1582,1644,1690,1631,1736,1738,1763],"product_tag":[],"class_list":{"0":"post-65740","1":"product","2":"type-product","3":"status-publish","4":"has-post-thumbnail","6":"product_cat-159-939-fr","7":"product_cat-166-936-fr","8":"product_cat-5drs-fr","9":"product_cat-abarth-3drs-fr","10":"product_cat-alfa-romeo-fr","11":"product_cat-brera-939-fr","12":"product_cat-fiat-fr","13":"product_cat-gt-937-fr","14":"product_cat-marea-185-fr","15":"product_cat-multipla-186-fr","16":"product_cat-stilo-192-fr","17":"pa_soort-onderdeel-carrosserie-et-tolerie","19":"first","20":"instock","21":"taxable","22":"shipping-taxable","23":"purchasable","24":"product-type-simple"},"acf":[],"yoast_head":"<!-- This site is optimized with the Yoast SEO plugin v27.3 - https:\/\/yoast.com\/product\/yoast-seo-wordpress\/ -->\n<title>Capteur de stationnement pare-chocs arri\u00e8re ext\u00e9rieur Fiat Alfa Lancia -NOUVEAU- Turijnmagazijn<\/title>\n<meta name=\"robots\" content=\"index, follow, max-snippet:-1, max-image-preview:large, max-video-preview:-1\" \/>\n<link rel=\"canonical\" href=\"https:\/\/turijnmagazijn.nl\/fr\/produit\/capteur-de-stationnement-pare-chocs-arriere-exterieur-fiat-alfa-lancia-neuf\/\" \/>\n<meta property=\"og:locale\" content=\"fr_FR\" \/>\n<meta property=\"og:type\" content=\"article\" \/>\n<meta property=\"og:title\" content=\"Capteur de stationnement pare-chocs arri\u00e8re ext\u00e9rieur Fiat Alfa Lancia -NOUVEAU- Turijnmagazijn\" \/>\n<meta property=\"og:description\" content=\"735388363 Capteur de stationnement pare-chocs arri\u00e8re Fiat Alfa Lancia - Capteur de stationnement pare-chocs arri\u00e8re ext\u00e9rieur Fiat Alfa Lancia -NOUVEAU- Nouveau capteur de stationnement pour application sur diff\u00e9rents mod\u00e8les Fiat Lancia et Alfa Romeo.\" \/>\n<meta property=\"og:url\" content=\"https:\/\/turijnmagazijn.nl\/fr\/produit\/capteur-de-stationnement-pare-chocs-arriere-exterieur-fiat-alfa-lancia-neuf\/\" \/>\n<meta property=\"og:site_name\" content=\"Turijnmagazijn\" \/>\n<meta property=\"article:publisher\" content=\"https:\/\/www.facebook.com\/turijnmagazijn\" \/>\n<meta property=\"article:modified_time\" content=\"2025-05-29T14:33:04+00:00\" \/>\n<meta property=\"og:image\" content=\"https:\/\/turijnmagazijn.nl\/wp-content\/uploads\/2023\/03\/DN00100081-Parkeersensor-achterbumper-buitenste-Fiat-Alfa-Lancia-NIEUW-3-1.jpg\" \/>\n\t<meta property=\"og:image:width\" content=\"1024\" \/>\n\t<meta property=\"og:image:height\" content=\"768\" \/>\n\t<meta property=\"og:image:type\" content=\"image\/jpeg\" \/>\n<meta name=\"twitter:card\" content=\"summary_large_image\" \/>\n<meta name=\"twitter:label1\" content=\"Dur\u00e9e de lecture estim\u00e9e\" \/>\n\t<meta name=\"twitter:data1\" content=\"1 minute\" \/>\n<script type=\"application\/ld+json\" class=\"yoast-schema-graph\">{\"@context\":\"https:\\\/\\\/schema.org\",\"@graph\":[{\"@type\":\"WebPage\",\"@id\":\"https:\\\/\\\/turijnmagazijn.nl\\\/fr\\\/produit\\\/capteur-de-stationnement-pare-chocs-arriere-exterieur-fiat-alfa-lancia-neuf\\\/\",\"url\":\"https:\\\/\\\/turijnmagazijn.nl\\\/fr\\\/produit\\\/capteur-de-stationnement-pare-chocs-arriere-exterieur-fiat-alfa-lancia-neuf\\\/\",\"name\":\"Capteur de stationnement pare-chocs arri\u00e8re ext\u00e9rieur Fiat Alfa Lancia -NOUVEAU- Turijnmagazijn\",\"isPartOf\":{\"@id\":\"https:\\\/\\\/turijnmagazijn.jumpstone-dev.nl\\\/#website\"},\"primaryImageOfPage\":{\"@id\":\"https:\\\/\\\/turijnmagazijn.nl\\\/fr\\\/produit\\\/capteur-de-stationnement-pare-chocs-arriere-exterieur-fiat-alfa-lancia-neuf\\\/#primaryimage\"},\"image\":{\"@id\":\"https:\\\/\\\/turijnmagazijn.nl\\\/fr\\\/produit\\\/capteur-de-stationnement-pare-chocs-arriere-exterieur-fiat-alfa-lancia-neuf\\\/#primaryimage\"},\"thumbnailUrl\":\"https:\\\/\\\/turijnmagazijn.nl\\\/wp-content\\\/uploads\\\/2023\\\/03\\\/DN00100081-Parkeersensor-achterbumper-buitenste-Fiat-Alfa-Lancia-NIEUW-3-1.jpg\",\"datePublished\":\"2023-03-03T08:45:51+00:00\",\"dateModified\":\"2025-05-29T14:33:04+00:00\",\"breadcrumb\":{\"@id\":\"https:\\\/\\\/turijnmagazijn.nl\\\/fr\\\/produit\\\/capteur-de-stationnement-pare-chocs-arriere-exterieur-fiat-alfa-lancia-neuf\\\/#breadcrumb\"},\"inLanguage\":\"fr-FR\",\"potentialAction\":[{\"@type\":\"ReadAction\",\"target\":[\"https:\\\/\\\/turijnmagazijn.nl\\\/fr\\\/produit\\\/capteur-de-stationnement-pare-chocs-arriere-exterieur-fiat-alfa-lancia-neuf\\\/\"]}]},{\"@type\":\"ImageObject\",\"inLanguage\":\"fr-FR\",\"@id\":\"https:\\\/\\\/turijnmagazijn.nl\\\/fr\\\/produit\\\/capteur-de-stationnement-pare-chocs-arriere-exterieur-fiat-alfa-lancia-neuf\\\/#primaryimage\",\"url\":\"https:\\\/\\\/turijnmagazijn.nl\\\/wp-content\\\/uploads\\\/2023\\\/03\\\/DN00100081-Parkeersensor-achterbumper-buitenste-Fiat-Alfa-Lancia-NIEUW-3-1.jpg\",\"contentUrl\":\"https:\\\/\\\/turijnmagazijn.nl\\\/wp-content\\\/uploads\\\/2023\\\/03\\\/DN00100081-Parkeersensor-achterbumper-buitenste-Fiat-Alfa-Lancia-NIEUW-3-1.jpg\",\"width\":1024,\"height\":768},{\"@type\":\"BreadcrumbList\",\"@id\":\"https:\\\/\\\/turijnmagazijn.nl\\\/fr\\\/produit\\\/capteur-de-stationnement-pare-chocs-arriere-exterieur-fiat-alfa-lancia-neuf\\\/#breadcrumb\",\"itemListElement\":[{\"@type\":\"ListItem\",\"position\":1,\"name\":\"Home\",\"item\":\"https:\\\/\\\/turijnmagazijn.nl\\\/fr\\\/\"},{\"@type\":\"ListItem\",\"position\":2,\"name\":\"Produits\",\"item\":\"https:\\\/\\\/turijnmagazijn.nl\\\/fr\\\/shop\\\/\"},{\"@type\":\"ListItem\",\"position\":3,\"name\":\"Capteur de stationnement pare-chocs arri\u00e8re ext\u00e9rieur Fiat Alfa Lancia -NOUVEAU-\"}]},{\"@type\":\"WebSite\",\"@id\":\"https:\\\/\\\/turijnmagazijn.jumpstone-dev.nl\\\/#website\",\"url\":\"https:\\\/\\\/turijnmagazijn.jumpstone-dev.nl\\\/\",\"name\":\"Turijnmagazijn\",\"description\":\"Onderdelen nieuw en gebruikt - Fiat &amp; Lancia\",\"publisher\":{\"@id\":\"https:\\\/\\\/turijnmagazijn.jumpstone-dev.nl\\\/#organization\"},\"potentialAction\":[{\"@type\":\"SearchAction\",\"target\":{\"@type\":\"EntryPoint\",\"urlTemplate\":\"https:\\\/\\\/turijnmagazijn.jumpstone-dev.nl\\\/?s={search_term_string}\"},\"query-input\":{\"@type\":\"PropertyValueSpecification\",\"valueRequired\":true,\"valueName\":\"search_term_string\"}}],\"inLanguage\":\"fr-FR\"},{\"@type\":\"Organization\",\"@id\":\"https:\\\/\\\/turijnmagazijn.jumpstone-dev.nl\\\/#organization\",\"name\":\"Turijnmagazijn\",\"url\":\"https:\\\/\\\/turijnmagazijn.jumpstone-dev.nl\\\/\",\"logo\":{\"@type\":\"ImageObject\",\"inLanguage\":\"fr-FR\",\"@id\":\"https:\\\/\\\/turijnmagazijn.jumpstone-dev.nl\\\/#\\\/schema\\\/logo\\\/image\\\/\",\"url\":\"https:\\\/\\\/turijnmagazijn.nl\\\/wp-content\\\/uploads\\\/2021\\\/02\\\/turijnmagazijnlogo.png\",\"contentUrl\":\"https:\\\/\\\/turijnmagazijn.nl\\\/wp-content\\\/uploads\\\/2021\\\/02\\\/turijnmagazijnlogo.png\",\"width\":555,\"height\":270,\"caption\":\"Turijnmagazijn\"},\"image\":{\"@id\":\"https:\\\/\\\/turijnmagazijn.jumpstone-dev.nl\\\/#\\\/schema\\\/logo\\\/image\\\/\"},\"sameAs\":[\"https:\\\/\\\/www.facebook.com\\\/turijnmagazijn\"]}]}<\/script>\n<!-- \/ Yoast SEO plugin. -->","yoast_head_json":{"title":"Capteur de stationnement pare-chocs arri\u00e8re ext\u00e9rieur Fiat Alfa Lancia -NOUVEAU- Turijnmagazijn","robots":{"index":"index","follow":"follow","max-snippet":"max-snippet:-1","max-image-preview":"max-image-preview:large","max-video-preview":"max-video-preview:-1"},"canonical":"https:\/\/turijnmagazijn.nl\/fr\/produit\/capteur-de-stationnement-pare-chocs-arriere-exterieur-fiat-alfa-lancia-neuf\/","og_locale":"fr_FR","og_type":"article","og_title":"Capteur de stationnement pare-chocs arri\u00e8re ext\u00e9rieur Fiat Alfa Lancia -NOUVEAU- Turijnmagazijn","og_description":"735388363 Capteur de stationnement pare-chocs arri\u00e8re Fiat Alfa Lancia - Capteur de stationnement pare-chocs arri\u00e8re ext\u00e9rieur Fiat Alfa Lancia -NOUVEAU- Nouveau capteur de stationnement pour application sur diff\u00e9rents mod\u00e8les Fiat Lancia et Alfa Romeo.","og_url":"https:\/\/turijnmagazijn.nl\/fr\/produit\/capteur-de-stationnement-pare-chocs-arriere-exterieur-fiat-alfa-lancia-neuf\/","og_site_name":"Turijnmagazijn","article_publisher":"https:\/\/www.facebook.com\/turijnmagazijn","article_modified_time":"2025-05-29T14:33:04+00:00","og_image":[{"width":1024,"height":768,"url":"https:\/\/turijnmagazijn.nl\/wp-content\/uploads\/2023\/03\/DN00100081-Parkeersensor-achterbumper-buitenste-Fiat-Alfa-Lancia-NIEUW-3-1.jpg","type":"image\/jpeg"}],"twitter_card":"summary_large_image","twitter_misc":{"Dur\u00e9e de lecture estim\u00e9e":"1 minute"},"schema":{"@context":"https:\/\/schema.org","@graph":[{"@type":"WebPage","@id":"https:\/\/turijnmagazijn.nl\/fr\/produit\/capteur-de-stationnement-pare-chocs-arriere-exterieur-fiat-alfa-lancia-neuf\/","url":"https:\/\/turijnmagazijn.nl\/fr\/produit\/capteur-de-stationnement-pare-chocs-arriere-exterieur-fiat-alfa-lancia-neuf\/","name":"Capteur de stationnement pare-chocs arri\u00e8re ext\u00e9rieur Fiat Alfa Lancia -NOUVEAU- Turijnmagazijn","isPartOf":{"@id":"https:\/\/turijnmagazijn.jumpstone-dev.nl\/#website"},"primaryImageOfPage":{"@id":"https:\/\/turijnmagazijn.nl\/fr\/produit\/capteur-de-stationnement-pare-chocs-arriere-exterieur-fiat-alfa-lancia-neuf\/#primaryimage"},"image":{"@id":"https:\/\/turijnmagazijn.nl\/fr\/produit\/capteur-de-stationnement-pare-chocs-arriere-exterieur-fiat-alfa-lancia-neuf\/#primaryimage"},"thumbnailUrl":"https:\/\/turijnmagazijn.nl\/wp-content\/uploads\/2023\/03\/DN00100081-Parkeersensor-achterbumper-buitenste-Fiat-Alfa-Lancia-NIEUW-3-1.jpg","datePublished":"2023-03-03T08:45:51+00:00","dateModified":"2025-05-29T14:33:04+00:00","breadcrumb":{"@id":"https:\/\/turijnmagazijn.nl\/fr\/produit\/capteur-de-stationnement-pare-chocs-arriere-exterieur-fiat-alfa-lancia-neuf\/#breadcrumb"},"inLanguage":"fr-FR","potentialAction":[{"@type":"ReadAction","target":["https:\/\/turijnmagazijn.nl\/fr\/produit\/capteur-de-stationnement-pare-chocs-arriere-exterieur-fiat-alfa-lancia-neuf\/"]}]},{"@type":"ImageObject","inLanguage":"fr-FR","@id":"https:\/\/turijnmagazijn.nl\/fr\/produit\/capteur-de-stationnement-pare-chocs-arriere-exterieur-fiat-alfa-lancia-neuf\/#primaryimage","url":"https:\/\/turijnmagazijn.nl\/wp-content\/uploads\/2023\/03\/DN00100081-Parkeersensor-achterbumper-buitenste-Fiat-Alfa-Lancia-NIEUW-3-1.jpg","contentUrl":"https:\/\/turijnmagazijn.nl\/wp-content\/uploads\/2023\/03\/DN00100081-Parkeersensor-achterbumper-buitenste-Fiat-Alfa-Lancia-NIEUW-3-1.jpg","width":1024,"height":768},{"@type":"BreadcrumbList","@id":"https:\/\/turijnmagazijn.nl\/fr\/produit\/capteur-de-stationnement-pare-chocs-arriere-exterieur-fiat-alfa-lancia-neuf\/#breadcrumb","itemListElement":[{"@type":"ListItem","position":1,"name":"Home","item":"https:\/\/turijnmagazijn.nl\/fr\/"},{"@type":"ListItem","position":2,"name":"Produits","item":"https:\/\/turijnmagazijn.nl\/fr\/shop\/"},{"@type":"ListItem","position":3,"name":"Capteur de stationnement pare-chocs arri\u00e8re ext\u00e9rieur Fiat Alfa Lancia -NOUVEAU-"}]},{"@type":"WebSite","@id":"https:\/\/turijnmagazijn.jumpstone-dev.nl\/#website","url":"https:\/\/turijnmagazijn.jumpstone-dev.nl\/","name":"Turijnmagazijn","description":"Onderdelen nieuw en gebruikt - Fiat &amp; Lancia","publisher":{"@id":"https:\/\/turijnmagazijn.jumpstone-dev.nl\/#organization"},"potentialAction":[{"@type":"SearchAction","target":{"@type":"EntryPoint","urlTemplate":"https:\/\/turijnmagazijn.jumpstone-dev.nl\/?s={search_term_string}"},"query-input":{"@type":"PropertyValueSpecification","valueRequired":true,"valueName":"search_term_string"}}],"inLanguage":"fr-FR"},{"@type":"Organization","@id":"https:\/\/turijnmagazijn.jumpstone-dev.nl\/#organization","name":"Turijnmagazijn","url":"https:\/\/turijnmagazijn.jumpstone-dev.nl\/","logo":{"@type":"ImageObject","inLanguage":"fr-FR","@id":"https:\/\/turijnmagazijn.jumpstone-dev.nl\/#\/schema\/logo\/image\/","url":"https:\/\/turijnmagazijn.nl\/wp-content\/uploads\/2021\/02\/turijnmagazijnlogo.png","contentUrl":"https:\/\/turijnmagazijn.nl\/wp-content\/uploads\/2021\/02\/turijnmagazijnlogo.png","width":555,"height":270,"caption":"Turijnmagazijn"},"image":{"@id":"https:\/\/turijnmagazijn.jumpstone-dev.nl\/#\/schema\/logo\/image\/"},"sameAs":["https:\/\/www.facebook.com\/turijnmagazijn"]}]}},"_links":{"self":[{"href":"https:\/\/turijnmagazijn.nl\/fr\/wp-json\/wp\/v2\/product\/65740","targetHints":{"allow":["GET"]}}],"collection":[{"href":"https:\/\/turijnmagazijn.nl\/fr\/wp-json\/wp\/v2\/product"}],"about":[{"href":"https:\/\/turijnmagazijn.nl\/fr\/wp-json\/wp\/v2\/types\/product"}],"replies":[{"embeddable":true,"href":"https:\/\/turijnmagazijn.nl\/fr\/wp-json\/wp\/v2\/comments?post=65740"}],"wp:featuredmedia":[{"embeddable":true,"href":"https:\/\/turijnmagazijn.nl\/fr\/wp-json\/wp\/v2\/media\/52460"}],"wp:attachment":[{"href":"https:\/\/turijnmagazijn.nl\/fr\/wp-json\/wp\/v2\/media?parent=65740"}],"wp:term":[{"taxonomy":"product_brand","embeddable":true,"href":"https:\/\/turijnmagazijn.nl\/fr\/wp-json\/wp\/v2\/product_brand?post=65740"},{"taxonomy":"product_cat","embeddable":true,"href":"https:\/\/turijnmagazijn.nl\/fr\/wp-json\/wp\/v2\/product_cat?post=65740"},{"taxonomy":"product_tag","embeddable":true,"href":"https:\/\/turijnmagazijn.nl\/fr\/wp-json\/wp\/v2\/product_tag?post=65740"}],"curies":[{"name":"wp","href":"https:\/\/api.w.org\/{rel}","templated":true}]}}