{"id":65756,"date":"2023-03-03T09:45:28","date_gmt":"2023-03-03T08:45:28","guid":{"rendered":"https:\/\/turijnmagazijn.nl\/product\/sonde-lambda-divers-moteurs-a-essence-lancia-fiat-alfa-romeo-nouveau\/"},"modified":"2025-05-29T16:32:32","modified_gmt":"2025-05-29T14:32:32","slug":"lambda-sonde-divers-moteurs-essence-lancia-fiat-alfa-romeo-new","status":"publish","type":"product","link":"https:\/\/turijnmagazijn.nl\/fr\/produit\/lambda-sonde-divers-moteurs-essence-lancia-fiat-alfa-romeo-new\/","title":{"rendered":"Sonde lambda divers moteurs \u00e0 essence Lancia-Fiat-ALfa Romeo -NOUVEAU-"},"content":{"rendered":"<p>Nouveau capteur Lambda pour diff\u00e9rents moteurs essence pour Fiat Lancia et Alfa Romeo. Il s\u2019agit d\u2019un article d\u2019imitation produit en Chine, donc pas une pi\u00e8ce originale. Fonctionne de la m\u00eame mani\u00e8re, mais est beaucoup moins cher qu\u2019une sonde Lambda originale.<\/p>\n<ul class=\"mao-simpleBulletList\" style=\"margin-right: 0px; margin-bottom: 0px; margin-left: 0px; padding: 0px; list-style-position: inside; list-style-image: initial;\">\n<li>Filetage m\u00e2le M18x1.5mm<\/li>\n<li>Cl\u00e9 22mm<\/li>\n<li>Equip\u00e9 d\u2019une fiche AMP 4 broches<\/li>\n<\/ul>\n<p>Applicable aux v\u00e9hicules suivants:<\/p>\n<p class=\"p1\">Alfa Romeo<\/p>\n<p class=\"p1\">147<\/p>\n<p class=\"p1\">2001<\/p>\n<p class=\"p1\">1.6 16V T.Spark Eco<\/p>\n<p class=\"p1\">Alfa Romeo<\/p>\n<p class=\"p1\">166<\/p>\n<p class=\"p1\">1999<\/p>\n<p class=\"p1\">2.5 3.0 et 3.2 V6<\/p>\n<p class=\"p1\">Alfa Romeo<\/p>\n<p class=\"p1\">Guilietta<\/p>\n<p class=\"p1\">2010<\/p>\n<p class=\"p1\">1.4 16V<\/p>\n<p class=\"p1\">Alfa Romeo<\/p>\n<p class=\"p1\">GT<\/p>\n<p class=\"p1\">2003<\/p>\n<p class=\"p1\">3.2 V6<\/p>\n<p class=\"p1\">Alfa Romeo<\/p>\n<p class=\"p1\">Le format GTV<\/p>\n<p class=\"p1\">1995<\/p>\n<p class=\"p1\">3.0 V6<\/p>\n<p class=\"p1\">Autorisation<\/p>\n<p class=\"p1\">Brava<\/p>\n<p class=\"p1\">1998<\/p>\n<p class=\"p1\">1.2 16V 80<\/p>\n<p class=\"p1\">Autorisation<\/p>\n<p class=\"p1\">Grande Punto<\/p>\n<p class=\"p1\">2007<\/p>\n<p class=\"p1\">1.4<\/p>\n<p class=\"p1\">Autorisation<\/p>\n<p class=\"p1\">Week-end Marea<\/p>\n<p class=\"p1\">1998<\/p>\n<p class=\"p1\">1.2 16V<\/p>\n<p class=\"p1\">Autorisation<\/p>\n<p class=\"p1\">Punto<\/p>\n<p class=\"p1\">1999<\/p>\n<p class=\"p1\">1.2 16V 80<\/p>\n<p class=\"p1\">Autorisation<\/p>\n<p class=\"p1\">Stilo<\/p>\n<p class=\"p1\">2004<\/p>\n<p class=\"p1\">1.4 16V<\/p>\n<p class=\"p1\">Autorisation<\/p>\n<p class=\"p1\">Stilo<\/p>\n<p class=\"p1\">2002<\/p>\n<p class=\"p1\">1.2 16V<\/p>\n<p class=\"p1\">Autorisation<\/p>\n<p class=\"p1\">Stilo Multi<\/p>\n<p class=\"p1\">2008<\/p>\n<p class=\"p1\">1.4 16V<\/p>\n<p class=\"p1\">Lancia<\/p>\n<p class=\"p1\">Delta<\/p>\n<p class=\"p1\">2008<\/p>\n<p class=\"p1\">1.4<\/p>\n<p class=\"p1\">Lancia<\/p>\n<p class=\"p1\">Y<\/p>\n<p class=\"p1\">2003<\/p>\n<p class=\"p1\">1.2 16V<\/p>\n<p class=\"p1\">Lancia<\/p>\n<p class=\"p1\">Th\u00e8se<\/p>\n<p class=\"p1\">2002<\/p>\n<p class=\"p1\">2.0 20V turbo et 2.4 20V<\/p>\n<p class=\"p1\">Lancia<\/p>\n<p class=\"p1\">Musa<\/p>\n<p class=\"p1\">2004<\/p>\n<p class=\"p1\">1.4 16V<\/p>\n<p class=\"p1\">Lancia<\/p>\n<p class=\"p1\">Lybra<\/p>\n<p class=\"p1\">1999<\/p>\n<p class=\"p1\">2.0 20V<\/p>\n<p>&nbsp;<\/p>\n<p>Num\u00e9ro OEM pour 46751082 de r\u00e9f\u00e9rence<\/p>\n<p>&nbsp;<\/p>\n","protected":false},"excerpt":{"rendered":"<p>46751082 sonde Lambda divers moteurs \u00e0 essence Lancia-Fiat-ALfa Romeo -NOUVEAU- Nouveau capteur Lambda pour divers moteurs \u00e0 essence pour Fiat Lancia et Alfa Romeo.<\/p>\n","protected":false},"featured_media":52416,"comment_status":"open","ping_status":"closed","template":"","meta":{"_acf_changed":false},"product_brand":[],"product_cat":[1606,1650,1694,1582,1855,1690,1731,1631,1636,1798,1873,1736,1763,1908,1914],"product_tag":[],"class_list":{"0":"post-65756","1":"product","2":"type-product","3":"status-publish","4":"has-post-thumbnail","6":"product_cat-147-937-fr","7":"product_cat-166-936-fr","8":"product_cat-500-312-fr","9":"product_cat-alfa-romeo-fr","10":"product_cat-delta-3-844-fr","11":"product_cat-fiat-fr","12":"product_cat-grande-punto-199-fr","13":"product_cat-gt-937-fr","14":"product_cat-gtv-916-fr","15":"product_cat-lancia-fr","16":"product_cat-lybra-839-fr","17":"product_cat-marea-185-fr","18":"product_cat-stilo-192-fr","19":"product_cat-thesis-841-fr","20":"product_cat-ypsilon-1-840-fr","21":"pa_soort-onderdeel-moteur-et-accessoires","23":"first","24":"instock","25":"taxable","26":"shipping-taxable","27":"purchasable","28":"product-type-simple"},"acf":[],"yoast_head":"<!-- This site is optimized with the Yoast SEO plugin v27.3 - https:\/\/yoast.com\/product\/yoast-seo-wordpress\/ -->\n<title>Sonde lambda divers moteurs \u00e0 essence Lancia-Fiat-ALfa Romeo -NOUVEAU- Turijnmagazijn<\/title>\n<meta name=\"robots\" content=\"index, follow, max-snippet:-1, max-image-preview:large, max-video-preview:-1\" \/>\n<link rel=\"canonical\" href=\"https:\/\/turijnmagazijn.nl\/fr\/produit\/lambda-sonde-divers-moteurs-essence-lancia-fiat-alfa-romeo-new\/\" \/>\n<meta property=\"og:locale\" content=\"fr_FR\" \/>\n<meta property=\"og:type\" content=\"article\" \/>\n<meta property=\"og:title\" content=\"Sonde lambda divers moteurs \u00e0 essence Lancia-Fiat-ALfa Romeo -NOUVEAU- Turijnmagazijn\" \/>\n<meta property=\"og:description\" content=\"46751082 sonde Lambda divers moteurs \u00e0 essence Lancia-Fiat-ALfa Romeo -NOUVEAU- Nouveau capteur Lambda pour divers moteurs \u00e0 essence pour Fiat Lancia et Alfa Romeo.\" \/>\n<meta property=\"og:url\" content=\"https:\/\/turijnmagazijn.nl\/fr\/produit\/lambda-sonde-divers-moteurs-essence-lancia-fiat-alfa-romeo-new\/\" \/>\n<meta property=\"og:site_name\" content=\"Turijnmagazijn\" \/>\n<meta property=\"article:publisher\" content=\"https:\/\/www.facebook.com\/turijnmagazijn\" \/>\n<meta property=\"article:modified_time\" content=\"2025-05-29T14:32:32+00:00\" \/>\n<meta property=\"og:image\" content=\"https:\/\/turijnmagazijn.nl\/wp-content\/uploads\/2023\/03\/DN00100079-Lambda-sonde-diverse-benzine-motoren-Lancia-Fiat-ALfa-Romeo-NIEUW-4-1.jpg\" \/>\n\t<meta property=\"og:image:width\" content=\"1024\" \/>\n\t<meta property=\"og:image:height\" content=\"768\" \/>\n\t<meta property=\"og:image:type\" content=\"image\/jpeg\" \/>\n<meta name=\"twitter:card\" content=\"summary_large_image\" \/>\n<meta name=\"twitter:label1\" content=\"Dur\u00e9e de lecture estim\u00e9e\" \/>\n\t<meta name=\"twitter:data1\" content=\"1 minute\" \/>\n<script type=\"application\/ld+json\" class=\"yoast-schema-graph\">{\"@context\":\"https:\\\/\\\/schema.org\",\"@graph\":[{\"@type\":\"WebPage\",\"@id\":\"https:\\\/\\\/turijnmagazijn.nl\\\/fr\\\/produit\\\/lambda-sonde-divers-moteurs-essence-lancia-fiat-alfa-romeo-new\\\/\",\"url\":\"https:\\\/\\\/turijnmagazijn.nl\\\/fr\\\/produit\\\/lambda-sonde-divers-moteurs-essence-lancia-fiat-alfa-romeo-new\\\/\",\"name\":\"Sonde lambda divers moteurs \u00e0 essence Lancia-Fiat-ALfa Romeo -NOUVEAU- Turijnmagazijn\",\"isPartOf\":{\"@id\":\"https:\\\/\\\/turijnmagazijn.jumpstone-dev.nl\\\/#website\"},\"primaryImageOfPage\":{\"@id\":\"https:\\\/\\\/turijnmagazijn.nl\\\/fr\\\/produit\\\/lambda-sonde-divers-moteurs-essence-lancia-fiat-alfa-romeo-new\\\/#primaryimage\"},\"image\":{\"@id\":\"https:\\\/\\\/turijnmagazijn.nl\\\/fr\\\/produit\\\/lambda-sonde-divers-moteurs-essence-lancia-fiat-alfa-romeo-new\\\/#primaryimage\"},\"thumbnailUrl\":\"https:\\\/\\\/turijnmagazijn.nl\\\/wp-content\\\/uploads\\\/2023\\\/03\\\/DN00100079-Lambda-sonde-diverse-benzine-motoren-Lancia-Fiat-ALfa-Romeo-NIEUW-4-1.jpg\",\"datePublished\":\"2023-03-03T08:45:28+00:00\",\"dateModified\":\"2025-05-29T14:32:32+00:00\",\"breadcrumb\":{\"@id\":\"https:\\\/\\\/turijnmagazijn.nl\\\/fr\\\/produit\\\/lambda-sonde-divers-moteurs-essence-lancia-fiat-alfa-romeo-new\\\/#breadcrumb\"},\"inLanguage\":\"fr-FR\",\"potentialAction\":[{\"@type\":\"ReadAction\",\"target\":[\"https:\\\/\\\/turijnmagazijn.nl\\\/fr\\\/produit\\\/lambda-sonde-divers-moteurs-essence-lancia-fiat-alfa-romeo-new\\\/\"]}]},{\"@type\":\"ImageObject\",\"inLanguage\":\"fr-FR\",\"@id\":\"https:\\\/\\\/turijnmagazijn.nl\\\/fr\\\/produit\\\/lambda-sonde-divers-moteurs-essence-lancia-fiat-alfa-romeo-new\\\/#primaryimage\",\"url\":\"https:\\\/\\\/turijnmagazijn.nl\\\/wp-content\\\/uploads\\\/2023\\\/03\\\/DN00100079-Lambda-sonde-diverse-benzine-motoren-Lancia-Fiat-ALfa-Romeo-NIEUW-4-1.jpg\",\"contentUrl\":\"https:\\\/\\\/turijnmagazijn.nl\\\/wp-content\\\/uploads\\\/2023\\\/03\\\/DN00100079-Lambda-sonde-diverse-benzine-motoren-Lancia-Fiat-ALfa-Romeo-NIEUW-4-1.jpg\",\"width\":1024,\"height\":768},{\"@type\":\"BreadcrumbList\",\"@id\":\"https:\\\/\\\/turijnmagazijn.nl\\\/fr\\\/produit\\\/lambda-sonde-divers-moteurs-essence-lancia-fiat-alfa-romeo-new\\\/#breadcrumb\",\"itemListElement\":[{\"@type\":\"ListItem\",\"position\":1,\"name\":\"Home\",\"item\":\"https:\\\/\\\/turijnmagazijn.nl\\\/fr\\\/\"},{\"@type\":\"ListItem\",\"position\":2,\"name\":\"Produits\",\"item\":\"https:\\\/\\\/turijnmagazijn.nl\\\/fr\\\/shop\\\/\"},{\"@type\":\"ListItem\",\"position\":3,\"name\":\"Sonde lambda divers moteurs \u00e0 essence Lancia-Fiat-ALfa Romeo -NOUVEAU-\"}]},{\"@type\":\"WebSite\",\"@id\":\"https:\\\/\\\/turijnmagazijn.jumpstone-dev.nl\\\/#website\",\"url\":\"https:\\\/\\\/turijnmagazijn.jumpstone-dev.nl\\\/\",\"name\":\"Turijnmagazijn\",\"description\":\"Onderdelen nieuw en gebruikt - Fiat &amp; Lancia\",\"publisher\":{\"@id\":\"https:\\\/\\\/turijnmagazijn.jumpstone-dev.nl\\\/#organization\"},\"potentialAction\":[{\"@type\":\"SearchAction\",\"target\":{\"@type\":\"EntryPoint\",\"urlTemplate\":\"https:\\\/\\\/turijnmagazijn.jumpstone-dev.nl\\\/?s={search_term_string}\"},\"query-input\":{\"@type\":\"PropertyValueSpecification\",\"valueRequired\":true,\"valueName\":\"search_term_string\"}}],\"inLanguage\":\"fr-FR\"},{\"@type\":\"Organization\",\"@id\":\"https:\\\/\\\/turijnmagazijn.jumpstone-dev.nl\\\/#organization\",\"name\":\"Turijnmagazijn\",\"url\":\"https:\\\/\\\/turijnmagazijn.jumpstone-dev.nl\\\/\",\"logo\":{\"@type\":\"ImageObject\",\"inLanguage\":\"fr-FR\",\"@id\":\"https:\\\/\\\/turijnmagazijn.jumpstone-dev.nl\\\/#\\\/schema\\\/logo\\\/image\\\/\",\"url\":\"https:\\\/\\\/turijnmagazijn.nl\\\/wp-content\\\/uploads\\\/2021\\\/02\\\/turijnmagazijnlogo.png\",\"contentUrl\":\"https:\\\/\\\/turijnmagazijn.nl\\\/wp-content\\\/uploads\\\/2021\\\/02\\\/turijnmagazijnlogo.png\",\"width\":555,\"height\":270,\"caption\":\"Turijnmagazijn\"},\"image\":{\"@id\":\"https:\\\/\\\/turijnmagazijn.jumpstone-dev.nl\\\/#\\\/schema\\\/logo\\\/image\\\/\"},\"sameAs\":[\"https:\\\/\\\/www.facebook.com\\\/turijnmagazijn\"]}]}<\/script>\n<!-- \/ Yoast SEO plugin. -->","yoast_head_json":{"title":"Sonde lambda divers moteurs \u00e0 essence Lancia-Fiat-ALfa Romeo -NOUVEAU- Turijnmagazijn","robots":{"index":"index","follow":"follow","max-snippet":"max-snippet:-1","max-image-preview":"max-image-preview:large","max-video-preview":"max-video-preview:-1"},"canonical":"https:\/\/turijnmagazijn.nl\/fr\/produit\/lambda-sonde-divers-moteurs-essence-lancia-fiat-alfa-romeo-new\/","og_locale":"fr_FR","og_type":"article","og_title":"Sonde lambda divers moteurs \u00e0 essence Lancia-Fiat-ALfa Romeo -NOUVEAU- Turijnmagazijn","og_description":"46751082 sonde Lambda divers moteurs \u00e0 essence Lancia-Fiat-ALfa Romeo -NOUVEAU- Nouveau capteur Lambda pour divers moteurs \u00e0 essence pour Fiat Lancia et Alfa Romeo.","og_url":"https:\/\/turijnmagazijn.nl\/fr\/produit\/lambda-sonde-divers-moteurs-essence-lancia-fiat-alfa-romeo-new\/","og_site_name":"Turijnmagazijn","article_publisher":"https:\/\/www.facebook.com\/turijnmagazijn","article_modified_time":"2025-05-29T14:32:32+00:00","og_image":[{"width":1024,"height":768,"url":"https:\/\/turijnmagazijn.nl\/wp-content\/uploads\/2023\/03\/DN00100079-Lambda-sonde-diverse-benzine-motoren-Lancia-Fiat-ALfa-Romeo-NIEUW-4-1.jpg","type":"image\/jpeg"}],"twitter_card":"summary_large_image","twitter_misc":{"Dur\u00e9e de lecture estim\u00e9e":"1 minute"},"schema":{"@context":"https:\/\/schema.org","@graph":[{"@type":"WebPage","@id":"https:\/\/turijnmagazijn.nl\/fr\/produit\/lambda-sonde-divers-moteurs-essence-lancia-fiat-alfa-romeo-new\/","url":"https:\/\/turijnmagazijn.nl\/fr\/produit\/lambda-sonde-divers-moteurs-essence-lancia-fiat-alfa-romeo-new\/","name":"Sonde lambda divers moteurs \u00e0 essence Lancia-Fiat-ALfa Romeo -NOUVEAU- Turijnmagazijn","isPartOf":{"@id":"https:\/\/turijnmagazijn.jumpstone-dev.nl\/#website"},"primaryImageOfPage":{"@id":"https:\/\/turijnmagazijn.nl\/fr\/produit\/lambda-sonde-divers-moteurs-essence-lancia-fiat-alfa-romeo-new\/#primaryimage"},"image":{"@id":"https:\/\/turijnmagazijn.nl\/fr\/produit\/lambda-sonde-divers-moteurs-essence-lancia-fiat-alfa-romeo-new\/#primaryimage"},"thumbnailUrl":"https:\/\/turijnmagazijn.nl\/wp-content\/uploads\/2023\/03\/DN00100079-Lambda-sonde-diverse-benzine-motoren-Lancia-Fiat-ALfa-Romeo-NIEUW-4-1.jpg","datePublished":"2023-03-03T08:45:28+00:00","dateModified":"2025-05-29T14:32:32+00:00","breadcrumb":{"@id":"https:\/\/turijnmagazijn.nl\/fr\/produit\/lambda-sonde-divers-moteurs-essence-lancia-fiat-alfa-romeo-new\/#breadcrumb"},"inLanguage":"fr-FR","potentialAction":[{"@type":"ReadAction","target":["https:\/\/turijnmagazijn.nl\/fr\/produit\/lambda-sonde-divers-moteurs-essence-lancia-fiat-alfa-romeo-new\/"]}]},{"@type":"ImageObject","inLanguage":"fr-FR","@id":"https:\/\/turijnmagazijn.nl\/fr\/produit\/lambda-sonde-divers-moteurs-essence-lancia-fiat-alfa-romeo-new\/#primaryimage","url":"https:\/\/turijnmagazijn.nl\/wp-content\/uploads\/2023\/03\/DN00100079-Lambda-sonde-diverse-benzine-motoren-Lancia-Fiat-ALfa-Romeo-NIEUW-4-1.jpg","contentUrl":"https:\/\/turijnmagazijn.nl\/wp-content\/uploads\/2023\/03\/DN00100079-Lambda-sonde-diverse-benzine-motoren-Lancia-Fiat-ALfa-Romeo-NIEUW-4-1.jpg","width":1024,"height":768},{"@type":"BreadcrumbList","@id":"https:\/\/turijnmagazijn.nl\/fr\/produit\/lambda-sonde-divers-moteurs-essence-lancia-fiat-alfa-romeo-new\/#breadcrumb","itemListElement":[{"@type":"ListItem","position":1,"name":"Home","item":"https:\/\/turijnmagazijn.nl\/fr\/"},{"@type":"ListItem","position":2,"name":"Produits","item":"https:\/\/turijnmagazijn.nl\/fr\/shop\/"},{"@type":"ListItem","position":3,"name":"Sonde lambda divers moteurs \u00e0 essence Lancia-Fiat-ALfa Romeo -NOUVEAU-"}]},{"@type":"WebSite","@id":"https:\/\/turijnmagazijn.jumpstone-dev.nl\/#website","url":"https:\/\/turijnmagazijn.jumpstone-dev.nl\/","name":"Turijnmagazijn","description":"Onderdelen nieuw en gebruikt - Fiat &amp; Lancia","publisher":{"@id":"https:\/\/turijnmagazijn.jumpstone-dev.nl\/#organization"},"potentialAction":[{"@type":"SearchAction","target":{"@type":"EntryPoint","urlTemplate":"https:\/\/turijnmagazijn.jumpstone-dev.nl\/?s={search_term_string}"},"query-input":{"@type":"PropertyValueSpecification","valueRequired":true,"valueName":"search_term_string"}}],"inLanguage":"fr-FR"},{"@type":"Organization","@id":"https:\/\/turijnmagazijn.jumpstone-dev.nl\/#organization","name":"Turijnmagazijn","url":"https:\/\/turijnmagazijn.jumpstone-dev.nl\/","logo":{"@type":"ImageObject","inLanguage":"fr-FR","@id":"https:\/\/turijnmagazijn.jumpstone-dev.nl\/#\/schema\/logo\/image\/","url":"https:\/\/turijnmagazijn.nl\/wp-content\/uploads\/2021\/02\/turijnmagazijnlogo.png","contentUrl":"https:\/\/turijnmagazijn.nl\/wp-content\/uploads\/2021\/02\/turijnmagazijnlogo.png","width":555,"height":270,"caption":"Turijnmagazijn"},"image":{"@id":"https:\/\/turijnmagazijn.jumpstone-dev.nl\/#\/schema\/logo\/image\/"},"sameAs":["https:\/\/www.facebook.com\/turijnmagazijn"]}]}},"_links":{"self":[{"href":"https:\/\/turijnmagazijn.nl\/fr\/wp-json\/wp\/v2\/product\/65756","targetHints":{"allow":["GET"]}}],"collection":[{"href":"https:\/\/turijnmagazijn.nl\/fr\/wp-json\/wp\/v2\/product"}],"about":[{"href":"https:\/\/turijnmagazijn.nl\/fr\/wp-json\/wp\/v2\/types\/product"}],"replies":[{"embeddable":true,"href":"https:\/\/turijnmagazijn.nl\/fr\/wp-json\/wp\/v2\/comments?post=65756"}],"wp:featuredmedia":[{"embeddable":true,"href":"https:\/\/turijnmagazijn.nl\/fr\/wp-json\/wp\/v2\/media\/52416"}],"wp:attachment":[{"href":"https:\/\/turijnmagazijn.nl\/fr\/wp-json\/wp\/v2\/media?parent=65756"}],"wp:term":[{"taxonomy":"product_brand","embeddable":true,"href":"https:\/\/turijnmagazijn.nl\/fr\/wp-json\/wp\/v2\/product_brand?post=65756"},{"taxonomy":"product_cat","embeddable":true,"href":"https:\/\/turijnmagazijn.nl\/fr\/wp-json\/wp\/v2\/product_cat?post=65756"},{"taxonomy":"product_tag","embeddable":true,"href":"https:\/\/turijnmagazijn.nl\/fr\/wp-json\/wp\/v2\/product_tag?post=65756"}],"curies":[{"name":"wp","href":"https:\/\/api.w.org\/{rel}","templated":true}]}}