{"id":65800,"date":"2023-03-03T09:47:37","date_gmt":"2023-03-03T08:47:37","guid":{"rendered":"https:\/\/turijnmagazijn.nl\/product\/cle-incl-electronique-fiat-stilo-punto-ii-blue-nouveau\/"},"modified":"2026-01-08T10:45:49","modified_gmt":"2026-01-08T09:45:49","slug":"key-incl-electronics-fiat-stilo-punto-ii-blue-new","status":"publish","type":"product","link":"https:\/\/turijnmagazijn.nl\/fr\/produit\/key-incl-electronics-fiat-stilo-punto-ii-blue-new\/","title":{"rendered":"Cl\u00e9 incl \u00e9lectronique Fiat Stilo Punto II Blue -NOUVEAU-"},"content":{"rendered":"<p>Nouveau bo\u00eetier \u00e0 cl\u00e9 bleue pour Fiat Stilo et Bravo I et Punto II. Il s\u2019agit d\u2019un nouveau produit d\u2019imitation, directement interchangeable avec une cl\u00e9 Fiat d\u2019origine. Il s\u2019agit d\u2019un bo\u00eetier comprenant l\u2019\u00e9lectronique interne mais <span style=\"font-weight: bold;\">excluant la puce transpondeur<\/span>. Complet avec une nouvelle batterie.<\/p>\n<p>La cl\u00e9 est \u00e9quip\u00e9e d\u2019une barbe vierge de type plat, qui peut \u00eatre aff\u00fbt\u00e9e par un fabricant de cl\u00e9s conform\u00e9ment \u00e0 l\u2019\u00e9chantillon de cl\u00e9 d\u2019origine. Il est \u00e9galement possible d\u2019\u00e9changer la vieille barbe en d\u00e9vissant une vis.<\/p>\n<p>La cl\u00e9 n\u2019a pas de logo. Des logos appropri\u00e9s peuvent \u00eatre trouv\u00e9s dans notre boutique.<\/p>\n<p>OEM Fiat 71738117 POUR R\u00c9F\u00c9RENCE, PAS DE PI\u00c8CE D\u2019ORIGINE<\/p>\n<p>&nbsp;<\/p>\n","protected":false},"excerpt":{"rendered":"<p>71738117 Bo\u00eetier cl\u00e9 Fiat Stilo Punto II Blue -NOUVEAU- &#8211; Nouveau bo\u00eetier de cl\u00e9 bleue pour Fiat Stilo et Bravo I et Punto II.Key incl \u00e9lectronique Fiat Stilo Punto II Blue -NOUVEAU- &#8211; Nouveau bo\u00eetier de cl\u00e9 bleue pour Fiat Stilo et Bravo I et Punto II.<\/p>\n","protected":false},"featured_media":52720,"comment_status":"open","ping_status":"closed","template":"","meta":{"_acf_changed":false},"product_brand":[],"product_cat":[1613,1582,1690,1752,1763],"product_tag":[],"class_list":{"0":"post-65800","1":"product","2":"type-product","3":"status-publish","4":"has-post-thumbnail","6":"product_cat-156-932-fr","7":"product_cat-alfa-romeo-fr","8":"product_cat-fiat-fr","9":"product_cat-punto-2-188-fr","10":"product_cat-stilo-192-fr","11":"pa_soort-onderdeel-electronique-et-cables","13":"first","14":"instock","15":"taxable","16":"shipping-taxable","17":"purchasable","18":"product-type-simple"},"acf":[],"yoast_head":"<!-- This site is optimized with the Yoast SEO plugin v27.2 - https:\/\/yoast.com\/product\/yoast-seo-wordpress\/ -->\n<title>Cl\u00e9 incl \u00e9lectronique Fiat Stilo Punto II Blue -NOUVEAU- Turijnmagazijn<\/title>\n<meta name=\"robots\" content=\"index, follow, max-snippet:-1, max-image-preview:large, max-video-preview:-1\" \/>\n<link rel=\"canonical\" href=\"https:\/\/turijnmagazijn.nl\/fr\/produit\/key-incl-electronics-fiat-stilo-punto-ii-blue-new\/\" \/>\n<meta property=\"og:locale\" content=\"fr_FR\" \/>\n<meta property=\"og:type\" content=\"article\" \/>\n<meta property=\"og:title\" content=\"Cl\u00e9 incl \u00e9lectronique Fiat Stilo Punto II Blue -NOUVEAU- Turijnmagazijn\" \/>\n<meta property=\"og:description\" content=\"71738117 Bo\u00eetier cl\u00e9 Fiat Stilo Punto II Blue -NOUVEAU- - Nouveau bo\u00eetier de cl\u00e9 bleue pour Fiat Stilo et Bravo I et Punto II.Key incl \u00e9lectronique Fiat Stilo Punto II Blue -NOUVEAU- - Nouveau bo\u00eetier de cl\u00e9 bleue pour Fiat Stilo et Bravo I et Punto II.\" \/>\n<meta property=\"og:url\" content=\"https:\/\/turijnmagazijn.nl\/fr\/produit\/key-incl-electronics-fiat-stilo-punto-ii-blue-new\/\" \/>\n<meta property=\"og:site_name\" content=\"Turijnmagazijn\" \/>\n<meta property=\"article:publisher\" content=\"https:\/\/www.facebook.com\/turijnmagazijn\" \/>\n<meta property=\"article:modified_time\" content=\"2026-01-08T09:45:49+00:00\" \/>\n<meta property=\"og:image\" content=\"https:\/\/turijnmagazijn.nl\/wp-content\/uploads\/2023\/03\/DN00100095-Sleutel-incl-electronica-Fiat-Stilo-Punto-II-Blauw-NIEUW-3-1.jpg\" \/>\n\t<meta property=\"og:image:width\" content=\"1024\" \/>\n\t<meta property=\"og:image:height\" content=\"768\" \/>\n\t<meta property=\"og:image:type\" content=\"image\/jpeg\" \/>\n<meta name=\"twitter:card\" content=\"summary_large_image\" \/>\n<meta name=\"twitter:label1\" content=\"Dur\u00e9e de lecture estim\u00e9e\" \/>\n\t<meta name=\"twitter:data1\" content=\"1 minute\" \/>\n<script type=\"application\/ld+json\" class=\"yoast-schema-graph\">{\"@context\":\"https:\/\/schema.org\",\"@graph\":[{\"@type\":\"WebPage\",\"@id\":\"https:\/\/turijnmagazijn.nl\/fr\/produit\/key-incl-electronics-fiat-stilo-punto-ii-blue-new\/\",\"url\":\"https:\/\/turijnmagazijn.nl\/fr\/produit\/key-incl-electronics-fiat-stilo-punto-ii-blue-new\/\",\"name\":\"Cl\u00e9 incl \u00e9lectronique Fiat Stilo Punto II Blue -NOUVEAU- Turijnmagazijn\",\"isPartOf\":{\"@id\":\"https:\/\/turijnmagazijn.jumpstone-dev.nl\/#website\"},\"primaryImageOfPage\":{\"@id\":\"https:\/\/turijnmagazijn.nl\/fr\/produit\/key-incl-electronics-fiat-stilo-punto-ii-blue-new\/#primaryimage\"},\"image\":{\"@id\":\"https:\/\/turijnmagazijn.nl\/fr\/produit\/key-incl-electronics-fiat-stilo-punto-ii-blue-new\/#primaryimage\"},\"thumbnailUrl\":\"https:\/\/turijnmagazijn.nl\/wp-content\/uploads\/2023\/03\/DN00100095-Sleutel-incl-electronica-Fiat-Stilo-Punto-II-Blauw-NIEUW-3-1.jpg\",\"datePublished\":\"2023-03-03T08:47:37+00:00\",\"dateModified\":\"2026-01-08T09:45:49+00:00\",\"breadcrumb\":{\"@id\":\"https:\/\/turijnmagazijn.nl\/fr\/produit\/key-incl-electronics-fiat-stilo-punto-ii-blue-new\/#breadcrumb\"},\"inLanguage\":\"fr-FR\",\"potentialAction\":[{\"@type\":\"ReadAction\",\"target\":[\"https:\/\/turijnmagazijn.nl\/fr\/produit\/key-incl-electronics-fiat-stilo-punto-ii-blue-new\/\"]}]},{\"@type\":\"ImageObject\",\"inLanguage\":\"fr-FR\",\"@id\":\"https:\/\/turijnmagazijn.nl\/fr\/produit\/key-incl-electronics-fiat-stilo-punto-ii-blue-new\/#primaryimage\",\"url\":\"https:\/\/turijnmagazijn.nl\/wp-content\/uploads\/2023\/03\/DN00100095-Sleutel-incl-electronica-Fiat-Stilo-Punto-II-Blauw-NIEUW-3-1.jpg\",\"contentUrl\":\"https:\/\/turijnmagazijn.nl\/wp-content\/uploads\/2023\/03\/DN00100095-Sleutel-incl-electronica-Fiat-Stilo-Punto-II-Blauw-NIEUW-3-1.jpg\",\"width\":1024,\"height\":768},{\"@type\":\"BreadcrumbList\",\"@id\":\"https:\/\/turijnmagazijn.nl\/fr\/produit\/key-incl-electronics-fiat-stilo-punto-ii-blue-new\/#breadcrumb\",\"itemListElement\":[{\"@type\":\"ListItem\",\"position\":1,\"name\":\"Home\",\"item\":\"https:\/\/turijnmagazijn.nl\/fr\/\"},{\"@type\":\"ListItem\",\"position\":2,\"name\":\"Produits\",\"item\":\"https:\/\/turijnmagazijn.nl\/fr\/shop\/\"},{\"@type\":\"ListItem\",\"position\":3,\"name\":\"Cl\u00e9 incl \u00e9lectronique Fiat Stilo Punto II Blue -NOUVEAU-\"}]},{\"@type\":\"WebSite\",\"@id\":\"https:\/\/turijnmagazijn.jumpstone-dev.nl\/#website\",\"url\":\"https:\/\/turijnmagazijn.jumpstone-dev.nl\/\",\"name\":\"Turijnmagazijn\",\"description\":\"Onderdelen nieuw en gebruikt - Fiat &amp; Lancia\",\"publisher\":{\"@id\":\"https:\/\/turijnmagazijn.jumpstone-dev.nl\/#organization\"},\"potentialAction\":[{\"@type\":\"SearchAction\",\"target\":{\"@type\":\"EntryPoint\",\"urlTemplate\":\"https:\/\/turijnmagazijn.jumpstone-dev.nl\/?s={search_term_string}\"},\"query-input\":{\"@type\":\"PropertyValueSpecification\",\"valueRequired\":true,\"valueName\":\"search_term_string\"}}],\"inLanguage\":\"fr-FR\"},{\"@type\":\"Organization\",\"@id\":\"https:\/\/turijnmagazijn.jumpstone-dev.nl\/#organization\",\"name\":\"Turijnmagazijn\",\"url\":\"https:\/\/turijnmagazijn.jumpstone-dev.nl\/\",\"logo\":{\"@type\":\"ImageObject\",\"inLanguage\":\"fr-FR\",\"@id\":\"https:\/\/turijnmagazijn.jumpstone-dev.nl\/#\/schema\/logo\/image\/\",\"url\":\"https:\/\/turijnmagazijn.nl\/wp-content\/uploads\/2021\/02\/turijnmagazijnlogo.png\",\"contentUrl\":\"https:\/\/turijnmagazijn.nl\/wp-content\/uploads\/2021\/02\/turijnmagazijnlogo.png\",\"width\":555,\"height\":270,\"caption\":\"Turijnmagazijn\"},\"image\":{\"@id\":\"https:\/\/turijnmagazijn.jumpstone-dev.nl\/#\/schema\/logo\/image\/\"},\"sameAs\":[\"https:\/\/www.facebook.com\/turijnmagazijn\"]}]}<\/script>\n<!-- \/ Yoast SEO plugin. -->","yoast_head_json":{"title":"Cl\u00e9 incl \u00e9lectronique Fiat Stilo Punto II Blue -NOUVEAU- Turijnmagazijn","robots":{"index":"index","follow":"follow","max-snippet":"max-snippet:-1","max-image-preview":"max-image-preview:large","max-video-preview":"max-video-preview:-1"},"canonical":"https:\/\/turijnmagazijn.nl\/fr\/produit\/key-incl-electronics-fiat-stilo-punto-ii-blue-new\/","og_locale":"fr_FR","og_type":"article","og_title":"Cl\u00e9 incl \u00e9lectronique Fiat Stilo Punto II Blue -NOUVEAU- Turijnmagazijn","og_description":"71738117 Bo\u00eetier cl\u00e9 Fiat Stilo Punto II Blue -NOUVEAU- - Nouveau bo\u00eetier de cl\u00e9 bleue pour Fiat Stilo et Bravo I et Punto II.Key incl \u00e9lectronique Fiat Stilo Punto II Blue -NOUVEAU- - Nouveau bo\u00eetier de cl\u00e9 bleue pour Fiat Stilo et Bravo I et Punto II.","og_url":"https:\/\/turijnmagazijn.nl\/fr\/produit\/key-incl-electronics-fiat-stilo-punto-ii-blue-new\/","og_site_name":"Turijnmagazijn","article_publisher":"https:\/\/www.facebook.com\/turijnmagazijn","article_modified_time":"2026-01-08T09:45:49+00:00","og_image":[{"width":1024,"height":768,"url":"https:\/\/turijnmagazijn.nl\/wp-content\/uploads\/2023\/03\/DN00100095-Sleutel-incl-electronica-Fiat-Stilo-Punto-II-Blauw-NIEUW-3-1.jpg","type":"image\/jpeg"}],"twitter_card":"summary_large_image","twitter_misc":{"Dur\u00e9e de lecture estim\u00e9e":"1 minute"},"schema":{"@context":"https:\/\/schema.org","@graph":[{"@type":"WebPage","@id":"https:\/\/turijnmagazijn.nl\/fr\/produit\/key-incl-electronics-fiat-stilo-punto-ii-blue-new\/","url":"https:\/\/turijnmagazijn.nl\/fr\/produit\/key-incl-electronics-fiat-stilo-punto-ii-blue-new\/","name":"Cl\u00e9 incl \u00e9lectronique Fiat Stilo Punto II Blue -NOUVEAU- Turijnmagazijn","isPartOf":{"@id":"https:\/\/turijnmagazijn.jumpstone-dev.nl\/#website"},"primaryImageOfPage":{"@id":"https:\/\/turijnmagazijn.nl\/fr\/produit\/key-incl-electronics-fiat-stilo-punto-ii-blue-new\/#primaryimage"},"image":{"@id":"https:\/\/turijnmagazijn.nl\/fr\/produit\/key-incl-electronics-fiat-stilo-punto-ii-blue-new\/#primaryimage"},"thumbnailUrl":"https:\/\/turijnmagazijn.nl\/wp-content\/uploads\/2023\/03\/DN00100095-Sleutel-incl-electronica-Fiat-Stilo-Punto-II-Blauw-NIEUW-3-1.jpg","datePublished":"2023-03-03T08:47:37+00:00","dateModified":"2026-01-08T09:45:49+00:00","breadcrumb":{"@id":"https:\/\/turijnmagazijn.nl\/fr\/produit\/key-incl-electronics-fiat-stilo-punto-ii-blue-new\/#breadcrumb"},"inLanguage":"fr-FR","potentialAction":[{"@type":"ReadAction","target":["https:\/\/turijnmagazijn.nl\/fr\/produit\/key-incl-electronics-fiat-stilo-punto-ii-blue-new\/"]}]},{"@type":"ImageObject","inLanguage":"fr-FR","@id":"https:\/\/turijnmagazijn.nl\/fr\/produit\/key-incl-electronics-fiat-stilo-punto-ii-blue-new\/#primaryimage","url":"https:\/\/turijnmagazijn.nl\/wp-content\/uploads\/2023\/03\/DN00100095-Sleutel-incl-electronica-Fiat-Stilo-Punto-II-Blauw-NIEUW-3-1.jpg","contentUrl":"https:\/\/turijnmagazijn.nl\/wp-content\/uploads\/2023\/03\/DN00100095-Sleutel-incl-electronica-Fiat-Stilo-Punto-II-Blauw-NIEUW-3-1.jpg","width":1024,"height":768},{"@type":"BreadcrumbList","@id":"https:\/\/turijnmagazijn.nl\/fr\/produit\/key-incl-electronics-fiat-stilo-punto-ii-blue-new\/#breadcrumb","itemListElement":[{"@type":"ListItem","position":1,"name":"Home","item":"https:\/\/turijnmagazijn.nl\/fr\/"},{"@type":"ListItem","position":2,"name":"Produits","item":"https:\/\/turijnmagazijn.nl\/fr\/shop\/"},{"@type":"ListItem","position":3,"name":"Cl\u00e9 incl \u00e9lectronique Fiat Stilo Punto II Blue -NOUVEAU-"}]},{"@type":"WebSite","@id":"https:\/\/turijnmagazijn.jumpstone-dev.nl\/#website","url":"https:\/\/turijnmagazijn.jumpstone-dev.nl\/","name":"Turijnmagazijn","description":"Onderdelen nieuw en gebruikt - Fiat &amp; Lancia","publisher":{"@id":"https:\/\/turijnmagazijn.jumpstone-dev.nl\/#organization"},"potentialAction":[{"@type":"SearchAction","target":{"@type":"EntryPoint","urlTemplate":"https:\/\/turijnmagazijn.jumpstone-dev.nl\/?s={search_term_string}"},"query-input":{"@type":"PropertyValueSpecification","valueRequired":true,"valueName":"search_term_string"}}],"inLanguage":"fr-FR"},{"@type":"Organization","@id":"https:\/\/turijnmagazijn.jumpstone-dev.nl\/#organization","name":"Turijnmagazijn","url":"https:\/\/turijnmagazijn.jumpstone-dev.nl\/","logo":{"@type":"ImageObject","inLanguage":"fr-FR","@id":"https:\/\/turijnmagazijn.jumpstone-dev.nl\/#\/schema\/logo\/image\/","url":"https:\/\/turijnmagazijn.nl\/wp-content\/uploads\/2021\/02\/turijnmagazijnlogo.png","contentUrl":"https:\/\/turijnmagazijn.nl\/wp-content\/uploads\/2021\/02\/turijnmagazijnlogo.png","width":555,"height":270,"caption":"Turijnmagazijn"},"image":{"@id":"https:\/\/turijnmagazijn.jumpstone-dev.nl\/#\/schema\/logo\/image\/"},"sameAs":["https:\/\/www.facebook.com\/turijnmagazijn"]}]}},"_links":{"self":[{"href":"https:\/\/turijnmagazijn.nl\/fr\/wp-json\/wp\/v2\/product\/65800","targetHints":{"allow":["GET"]}}],"collection":[{"href":"https:\/\/turijnmagazijn.nl\/fr\/wp-json\/wp\/v2\/product"}],"about":[{"href":"https:\/\/turijnmagazijn.nl\/fr\/wp-json\/wp\/v2\/types\/product"}],"replies":[{"embeddable":true,"href":"https:\/\/turijnmagazijn.nl\/fr\/wp-json\/wp\/v2\/comments?post=65800"}],"wp:featuredmedia":[{"embeddable":true,"href":"https:\/\/turijnmagazijn.nl\/fr\/wp-json\/wp\/v2\/media\/52720"}],"wp:attachment":[{"href":"https:\/\/turijnmagazijn.nl\/fr\/wp-json\/wp\/v2\/media?parent=65800"}],"wp:term":[{"taxonomy":"product_brand","embeddable":true,"href":"https:\/\/turijnmagazijn.nl\/fr\/wp-json\/wp\/v2\/product_brand?post=65800"},{"taxonomy":"product_cat","embeddable":true,"href":"https:\/\/turijnmagazijn.nl\/fr\/wp-json\/wp\/v2\/product_cat?post=65800"},{"taxonomy":"product_tag","embeddable":true,"href":"https:\/\/turijnmagazijn.nl\/fr\/wp-json\/wp\/v2\/product_tag?post=65800"}],"curies":[{"name":"wp","href":"https:\/\/api.w.org\/{rel}","templated":true}]}}