{"id":65808,"date":"2023-03-03T09:47:37","date_gmt":"2023-03-03T08:47:37","guid":{"rendered":"https:\/\/turijnmagazijn.nl\/product\/bouton-caoutchouc-pour-emetteur-portable-fiat-punto-ii-nouveau\/"},"modified":"2025-10-13T15:38:51","modified_gmt":"2025-10-13T13:38:51","slug":"bouton-en-caoutchouc-pour-emetteur-portatif-fiat-punto-ii-new","status":"publish","type":"product","link":"https:\/\/turijnmagazijn.nl\/fr\/produit\/bouton-en-caoutchouc-pour-emetteur-portatif-fiat-punto-ii-new\/","title":{"rendered":"Bouton caoutchouc pour \u00e9metteur portable Fiat Punto II -NOUVEAU-"},"content":{"rendered":"<p>Nouvelle pi\u00e8ce, un bouton imitation caoutchouc en bleu pour remplacer le caoutchouc sur les touches avec t\u00e9l\u00e9commande pour Fiat Punto II construite en 1999.<\/p>\n<p>Cette pi\u00e8ce est une r\u00e9paration pratique et peu co\u00fbteuse lorsque le bouton de la serrure automatique de la porte est us\u00e9. Cela arrive souvent avec ce type de cl\u00e9s pour la Fiat Punto.<\/p>\n<p>Tant que le microrupon noir sous-jacent fonctionne toujours correctement, le remplacement du capuchon en caoutchouc est un moyen id\u00e9al pour assurer \u00e0 nouveau la dur\u00e9e de vie de la cl\u00e9.<\/p>\n<p>Le num\u00e9ro OEM de la cl\u00e9 \u00e0 laquelle appartient le capuchon est  <span style=\"text-align: -webkit-right;\">71719018. Ceci est pour r\u00e9f\u00e9rence uniquement et non le num\u00e9ro de pi\u00e8ce que vous recevez.<\/span><\/p>\n<p><span style=\"text-align: -webkit-right;\"> <\/span><\/p>\n<p>&nbsp;<\/p>\n","protected":false},"excerpt":{"rendered":"<p><span style=\"text-align: -webkit-right;\">71719018 <\/span>Bouton caoutchouc pour \u00e9metteur portable Fiat Punto II -NOUVEAU- Nouvelle pi\u00e8ce, un bouton imitation caoutchouc en bleu pour remplacer le caoutchouc sur les touches avec t\u00e9l\u00e9commande pour Fiat Punto II construite en 1999.<\/p>\n","protected":false},"featured_media":52748,"comment_status":"closed","ping_status":"closed","template":"","meta":{"_acf_changed":false},"product_brand":[],"product_cat":[1690,1752],"product_tag":[],"class_list":{"0":"post-65808","1":"product","2":"type-product","3":"status-publish","4":"has-post-thumbnail","6":"product_cat-fiat-fr","7":"product_cat-punto-2-188-fr","8":"pa_soort-onderdeel-electronique-et-cables","10":"first","11":"instock","12":"taxable","13":"shipping-taxable","14":"purchasable","15":"product-type-simple"},"acf":[],"yoast_head":"<!-- This site is optimized with the Yoast SEO plugin v27.2 - https:\/\/yoast.com\/product\/yoast-seo-wordpress\/ -->\n<title>Bouton caoutchouc pour \u00e9metteur portable Fiat Punto II -NOUVEAU- Turijnmagazijn<\/title>\n<meta name=\"robots\" content=\"index, follow, max-snippet:-1, max-image-preview:large, max-video-preview:-1\" \/>\n<link rel=\"canonical\" href=\"https:\/\/turijnmagazijn.nl\/fr\/produit\/bouton-en-caoutchouc-pour-emetteur-portatif-fiat-punto-ii-new\/\" \/>\n<meta property=\"og:locale\" content=\"fr_FR\" \/>\n<meta property=\"og:type\" content=\"article\" \/>\n<meta property=\"og:title\" content=\"Bouton caoutchouc pour \u00e9metteur portable Fiat Punto II -NOUVEAU- Turijnmagazijn\" \/>\n<meta property=\"og:description\" content=\"71719018 Bouton caoutchouc pour \u00e9metteur portable Fiat Punto II -NOUVEAU- Nouvelle pi\u00e8ce, un bouton imitation caoutchouc en bleu pour remplacer le caoutchouc sur les touches avec t\u00e9l\u00e9commande pour Fiat Punto II construite en 1999.\" \/>\n<meta property=\"og:url\" content=\"https:\/\/turijnmagazijn.nl\/fr\/produit\/bouton-en-caoutchouc-pour-emetteur-portatif-fiat-punto-ii-new\/\" \/>\n<meta property=\"og:site_name\" content=\"Turijnmagazijn\" \/>\n<meta property=\"article:publisher\" content=\"https:\/\/www.facebook.com\/turijnmagazijn\" \/>\n<meta property=\"article:modified_time\" content=\"2025-10-13T13:38:51+00:00\" \/>\n<meta property=\"og:image\" content=\"https:\/\/turijnmagazijn.nl\/wp-content\/uploads\/2023\/03\/DN00100097-Rubber-knopje-voor-handzender-Fiat-Punto-II-NIEUW-3-1.jpg\" \/>\n\t<meta property=\"og:image:width\" content=\"1024\" \/>\n\t<meta property=\"og:image:height\" content=\"768\" \/>\n\t<meta property=\"og:image:type\" content=\"image\/jpeg\" \/>\n<meta name=\"twitter:card\" content=\"summary_large_image\" \/>\n<meta name=\"twitter:label1\" content=\"Dur\u00e9e de lecture estim\u00e9e\" \/>\n\t<meta name=\"twitter:data1\" content=\"1 minute\" \/>\n<script type=\"application\/ld+json\" class=\"yoast-schema-graph\">{\"@context\":\"https:\/\/schema.org\",\"@graph\":[{\"@type\":\"WebPage\",\"@id\":\"https:\/\/turijnmagazijn.nl\/fr\/produit\/bouton-en-caoutchouc-pour-emetteur-portatif-fiat-punto-ii-new\/\",\"url\":\"https:\/\/turijnmagazijn.nl\/fr\/produit\/bouton-en-caoutchouc-pour-emetteur-portatif-fiat-punto-ii-new\/\",\"name\":\"Bouton caoutchouc pour \u00e9metteur portable Fiat Punto II -NOUVEAU- Turijnmagazijn\",\"isPartOf\":{\"@id\":\"https:\/\/turijnmagazijn.jumpstone-dev.nl\/#website\"},\"primaryImageOfPage\":{\"@id\":\"https:\/\/turijnmagazijn.nl\/fr\/produit\/bouton-en-caoutchouc-pour-emetteur-portatif-fiat-punto-ii-new\/#primaryimage\"},\"image\":{\"@id\":\"https:\/\/turijnmagazijn.nl\/fr\/produit\/bouton-en-caoutchouc-pour-emetteur-portatif-fiat-punto-ii-new\/#primaryimage\"},\"thumbnailUrl\":\"https:\/\/turijnmagazijn.nl\/wp-content\/uploads\/2023\/03\/DN00100097-Rubber-knopje-voor-handzender-Fiat-Punto-II-NIEUW-3-1.jpg\",\"datePublished\":\"2023-03-03T08:47:37+00:00\",\"dateModified\":\"2025-10-13T13:38:51+00:00\",\"breadcrumb\":{\"@id\":\"https:\/\/turijnmagazijn.nl\/fr\/produit\/bouton-en-caoutchouc-pour-emetteur-portatif-fiat-punto-ii-new\/#breadcrumb\"},\"inLanguage\":\"fr-FR\",\"potentialAction\":[{\"@type\":\"ReadAction\",\"target\":[\"https:\/\/turijnmagazijn.nl\/fr\/produit\/bouton-en-caoutchouc-pour-emetteur-portatif-fiat-punto-ii-new\/\"]}]},{\"@type\":\"ImageObject\",\"inLanguage\":\"fr-FR\",\"@id\":\"https:\/\/turijnmagazijn.nl\/fr\/produit\/bouton-en-caoutchouc-pour-emetteur-portatif-fiat-punto-ii-new\/#primaryimage\",\"url\":\"https:\/\/turijnmagazijn.nl\/wp-content\/uploads\/2023\/03\/DN00100097-Rubber-knopje-voor-handzender-Fiat-Punto-II-NIEUW-3-1.jpg\",\"contentUrl\":\"https:\/\/turijnmagazijn.nl\/wp-content\/uploads\/2023\/03\/DN00100097-Rubber-knopje-voor-handzender-Fiat-Punto-II-NIEUW-3-1.jpg\",\"width\":1024,\"height\":768},{\"@type\":\"BreadcrumbList\",\"@id\":\"https:\/\/turijnmagazijn.nl\/fr\/produit\/bouton-en-caoutchouc-pour-emetteur-portatif-fiat-punto-ii-new\/#breadcrumb\",\"itemListElement\":[{\"@type\":\"ListItem\",\"position\":1,\"name\":\"Home\",\"item\":\"https:\/\/turijnmagazijn.nl\/fr\/\"},{\"@type\":\"ListItem\",\"position\":2,\"name\":\"Produits\",\"item\":\"https:\/\/turijnmagazijn.nl\/fr\/shop\/\"},{\"@type\":\"ListItem\",\"position\":3,\"name\":\"Bouton caoutchouc pour \u00e9metteur portable Fiat Punto II -NOUVEAU-\"}]},{\"@type\":\"WebSite\",\"@id\":\"https:\/\/turijnmagazijn.jumpstone-dev.nl\/#website\",\"url\":\"https:\/\/turijnmagazijn.jumpstone-dev.nl\/\",\"name\":\"Turijnmagazijn\",\"description\":\"Onderdelen nieuw en gebruikt - Fiat &amp; Lancia\",\"publisher\":{\"@id\":\"https:\/\/turijnmagazijn.jumpstone-dev.nl\/#organization\"},\"potentialAction\":[{\"@type\":\"SearchAction\",\"target\":{\"@type\":\"EntryPoint\",\"urlTemplate\":\"https:\/\/turijnmagazijn.jumpstone-dev.nl\/?s={search_term_string}\"},\"query-input\":{\"@type\":\"PropertyValueSpecification\",\"valueRequired\":true,\"valueName\":\"search_term_string\"}}],\"inLanguage\":\"fr-FR\"},{\"@type\":\"Organization\",\"@id\":\"https:\/\/turijnmagazijn.jumpstone-dev.nl\/#organization\",\"name\":\"Turijnmagazijn\",\"url\":\"https:\/\/turijnmagazijn.jumpstone-dev.nl\/\",\"logo\":{\"@type\":\"ImageObject\",\"inLanguage\":\"fr-FR\",\"@id\":\"https:\/\/turijnmagazijn.jumpstone-dev.nl\/#\/schema\/logo\/image\/\",\"url\":\"https:\/\/turijnmagazijn.nl\/wp-content\/uploads\/2021\/02\/turijnmagazijnlogo.png\",\"contentUrl\":\"https:\/\/turijnmagazijn.nl\/wp-content\/uploads\/2021\/02\/turijnmagazijnlogo.png\",\"width\":555,\"height\":270,\"caption\":\"Turijnmagazijn\"},\"image\":{\"@id\":\"https:\/\/turijnmagazijn.jumpstone-dev.nl\/#\/schema\/logo\/image\/\"},\"sameAs\":[\"https:\/\/www.facebook.com\/turijnmagazijn\"]}]}<\/script>\n<!-- \/ Yoast SEO plugin. -->","yoast_head_json":{"title":"Bouton caoutchouc pour \u00e9metteur portable Fiat Punto II -NOUVEAU- Turijnmagazijn","robots":{"index":"index","follow":"follow","max-snippet":"max-snippet:-1","max-image-preview":"max-image-preview:large","max-video-preview":"max-video-preview:-1"},"canonical":"https:\/\/turijnmagazijn.nl\/fr\/produit\/bouton-en-caoutchouc-pour-emetteur-portatif-fiat-punto-ii-new\/","og_locale":"fr_FR","og_type":"article","og_title":"Bouton caoutchouc pour \u00e9metteur portable Fiat Punto II -NOUVEAU- Turijnmagazijn","og_description":"71719018 Bouton caoutchouc pour \u00e9metteur portable Fiat Punto II -NOUVEAU- Nouvelle pi\u00e8ce, un bouton imitation caoutchouc en bleu pour remplacer le caoutchouc sur les touches avec t\u00e9l\u00e9commande pour Fiat Punto II construite en 1999.","og_url":"https:\/\/turijnmagazijn.nl\/fr\/produit\/bouton-en-caoutchouc-pour-emetteur-portatif-fiat-punto-ii-new\/","og_site_name":"Turijnmagazijn","article_publisher":"https:\/\/www.facebook.com\/turijnmagazijn","article_modified_time":"2025-10-13T13:38:51+00:00","og_image":[{"width":1024,"height":768,"url":"https:\/\/turijnmagazijn.nl\/wp-content\/uploads\/2023\/03\/DN00100097-Rubber-knopje-voor-handzender-Fiat-Punto-II-NIEUW-3-1.jpg","type":"image\/jpeg"}],"twitter_card":"summary_large_image","twitter_misc":{"Dur\u00e9e de lecture estim\u00e9e":"1 minute"},"schema":{"@context":"https:\/\/schema.org","@graph":[{"@type":"WebPage","@id":"https:\/\/turijnmagazijn.nl\/fr\/produit\/bouton-en-caoutchouc-pour-emetteur-portatif-fiat-punto-ii-new\/","url":"https:\/\/turijnmagazijn.nl\/fr\/produit\/bouton-en-caoutchouc-pour-emetteur-portatif-fiat-punto-ii-new\/","name":"Bouton caoutchouc pour \u00e9metteur portable Fiat Punto II -NOUVEAU- Turijnmagazijn","isPartOf":{"@id":"https:\/\/turijnmagazijn.jumpstone-dev.nl\/#website"},"primaryImageOfPage":{"@id":"https:\/\/turijnmagazijn.nl\/fr\/produit\/bouton-en-caoutchouc-pour-emetteur-portatif-fiat-punto-ii-new\/#primaryimage"},"image":{"@id":"https:\/\/turijnmagazijn.nl\/fr\/produit\/bouton-en-caoutchouc-pour-emetteur-portatif-fiat-punto-ii-new\/#primaryimage"},"thumbnailUrl":"https:\/\/turijnmagazijn.nl\/wp-content\/uploads\/2023\/03\/DN00100097-Rubber-knopje-voor-handzender-Fiat-Punto-II-NIEUW-3-1.jpg","datePublished":"2023-03-03T08:47:37+00:00","dateModified":"2025-10-13T13:38:51+00:00","breadcrumb":{"@id":"https:\/\/turijnmagazijn.nl\/fr\/produit\/bouton-en-caoutchouc-pour-emetteur-portatif-fiat-punto-ii-new\/#breadcrumb"},"inLanguage":"fr-FR","potentialAction":[{"@type":"ReadAction","target":["https:\/\/turijnmagazijn.nl\/fr\/produit\/bouton-en-caoutchouc-pour-emetteur-portatif-fiat-punto-ii-new\/"]}]},{"@type":"ImageObject","inLanguage":"fr-FR","@id":"https:\/\/turijnmagazijn.nl\/fr\/produit\/bouton-en-caoutchouc-pour-emetteur-portatif-fiat-punto-ii-new\/#primaryimage","url":"https:\/\/turijnmagazijn.nl\/wp-content\/uploads\/2023\/03\/DN00100097-Rubber-knopje-voor-handzender-Fiat-Punto-II-NIEUW-3-1.jpg","contentUrl":"https:\/\/turijnmagazijn.nl\/wp-content\/uploads\/2023\/03\/DN00100097-Rubber-knopje-voor-handzender-Fiat-Punto-II-NIEUW-3-1.jpg","width":1024,"height":768},{"@type":"BreadcrumbList","@id":"https:\/\/turijnmagazijn.nl\/fr\/produit\/bouton-en-caoutchouc-pour-emetteur-portatif-fiat-punto-ii-new\/#breadcrumb","itemListElement":[{"@type":"ListItem","position":1,"name":"Home","item":"https:\/\/turijnmagazijn.nl\/fr\/"},{"@type":"ListItem","position":2,"name":"Produits","item":"https:\/\/turijnmagazijn.nl\/fr\/shop\/"},{"@type":"ListItem","position":3,"name":"Bouton caoutchouc pour \u00e9metteur portable Fiat Punto II -NOUVEAU-"}]},{"@type":"WebSite","@id":"https:\/\/turijnmagazijn.jumpstone-dev.nl\/#website","url":"https:\/\/turijnmagazijn.jumpstone-dev.nl\/","name":"Turijnmagazijn","description":"Onderdelen nieuw en gebruikt - Fiat &amp; Lancia","publisher":{"@id":"https:\/\/turijnmagazijn.jumpstone-dev.nl\/#organization"},"potentialAction":[{"@type":"SearchAction","target":{"@type":"EntryPoint","urlTemplate":"https:\/\/turijnmagazijn.jumpstone-dev.nl\/?s={search_term_string}"},"query-input":{"@type":"PropertyValueSpecification","valueRequired":true,"valueName":"search_term_string"}}],"inLanguage":"fr-FR"},{"@type":"Organization","@id":"https:\/\/turijnmagazijn.jumpstone-dev.nl\/#organization","name":"Turijnmagazijn","url":"https:\/\/turijnmagazijn.jumpstone-dev.nl\/","logo":{"@type":"ImageObject","inLanguage":"fr-FR","@id":"https:\/\/turijnmagazijn.jumpstone-dev.nl\/#\/schema\/logo\/image\/","url":"https:\/\/turijnmagazijn.nl\/wp-content\/uploads\/2021\/02\/turijnmagazijnlogo.png","contentUrl":"https:\/\/turijnmagazijn.nl\/wp-content\/uploads\/2021\/02\/turijnmagazijnlogo.png","width":555,"height":270,"caption":"Turijnmagazijn"},"image":{"@id":"https:\/\/turijnmagazijn.jumpstone-dev.nl\/#\/schema\/logo\/image\/"},"sameAs":["https:\/\/www.facebook.com\/turijnmagazijn"]}]}},"_links":{"self":[{"href":"https:\/\/turijnmagazijn.nl\/fr\/wp-json\/wp\/v2\/product\/65808","targetHints":{"allow":["GET"]}}],"collection":[{"href":"https:\/\/turijnmagazijn.nl\/fr\/wp-json\/wp\/v2\/product"}],"about":[{"href":"https:\/\/turijnmagazijn.nl\/fr\/wp-json\/wp\/v2\/types\/product"}],"replies":[{"embeddable":true,"href":"https:\/\/turijnmagazijn.nl\/fr\/wp-json\/wp\/v2\/comments?post=65808"}],"wp:featuredmedia":[{"embeddable":true,"href":"https:\/\/turijnmagazijn.nl\/fr\/wp-json\/wp\/v2\/media\/52748"}],"wp:attachment":[{"href":"https:\/\/turijnmagazijn.nl\/fr\/wp-json\/wp\/v2\/media?parent=65808"}],"wp:term":[{"taxonomy":"product_brand","embeddable":true,"href":"https:\/\/turijnmagazijn.nl\/fr\/wp-json\/wp\/v2\/product_brand?post=65808"},{"taxonomy":"product_cat","embeddable":true,"href":"https:\/\/turijnmagazijn.nl\/fr\/wp-json\/wp\/v2\/product_cat?post=65808"},{"taxonomy":"product_tag","embeddable":true,"href":"https:\/\/turijnmagazijn.nl\/fr\/wp-json\/wp\/v2\/product_tag?post=65808"}],"curies":[{"name":"wp","href":"https:\/\/api.w.org\/{rel}","templated":true}]}}