{"id":65815,"date":"2023-03-03T09:47:11","date_gmt":"2023-03-03T08:47:11","guid":{"rendered":"https:\/\/turijnmagazijn.nl\/product\/logo-fiat-pour-cle-punto-evo-tipo-2-500x-aluminium\/"},"modified":"2026-02-02T10:37:14","modified_gmt":"2026-02-02T09:37:14","slug":"fiat-logo-pour-cle-punto-evo-tipo-2-500x-aluminium","status":"publish","type":"product","link":"https:\/\/turijnmagazijn.nl\/fr\/produit\/fiat-logo-pour-cle-punto-evo-tipo-2-500x-aluminium\/","title":{"rendered":"Logo Fiat pour cl\u00e9 Punto EVO + Tipo 2 + 500X ALUMINIUM  2 pcs. 15mm"},"content":{"rendered":"<p>Ensemble de 2 nouveaux logos Fiat en rouge pour le dernier type de cl\u00e9 utilis\u00e9 sur la Punto Evo et la Tipo 2. Ce type de cl\u00e9s est utilis\u00e9 depuis environ 2010.<\/p>\n<p>Convient \u00e9galement pour Fiat 500X cl\u00e9 noire. Voir l\u2019exemple de photo. Le logo original sur cette cl\u00e9 a un design un peu plus \u00e9l\u00e9gant, mais les dimensions sont exactement les m\u00eames, elles sont donc interchangeables.<\/p>\n<p>Sur les photos, le logo semble un peu flou, ce qui est d\u00fb au film protecteur qui se trouve sur les logos. N\u2019oubliez pas de l\u2019enlever apr\u00e8s l\u2019installation afin que la belle couleur rouge fonc\u00e9 sorte bien.<\/p>\n<p>&nbsp;<\/p>\n<p>Pas une pi\u00e8ce originale, mais une r\u00e9plique de haute qualit\u00e9 en aluminium. Beau produit, indiscernable de l\u2019original.<\/p>\n<p>&nbsp;<\/p>\n<p>Si vous en commandez 1, vous recevrez 2 exemplaires.<\/p>\n<p>&nbsp;<\/p>\n","protected":false},"excerpt":{"rendered":"<p>Logo Fiat pour cl\u00e9 Punto EVO et Tipo 2 &#8211; Ensemble de 2 nouveaux logos Fiat en rouge pour le dernier type de cl\u00e9 utilis\u00e9 sur la Punto Evo et le logo Tipo 2.Fiat pour la cl\u00e9 Punto EVO + Tipo 2 + 500X &#8211; Ensemble de 2 nouveaux logos Fiat en rouge pour le n<\/p>\n","protected":false},"featured_media":52696,"comment_status":"closed","ping_status":"closed","template":"","meta":{"_acf_changed":false},"product_brand":[],"product_cat":[1694,1700,1690,1731,1752],"product_tag":[],"class_list":{"0":"post-65815","1":"product","2":"type-product","3":"status-publish","4":"has-post-thumbnail","6":"product_cat-500-312-fr","7":"product_cat-500x-334-fr","8":"product_cat-fiat-fr","9":"product_cat-grande-punto-199-fr","10":"product_cat-punto-2-188-fr","11":"pa_soort-onderdeel-porte-cles-et-autocollants","13":"first","14":"instock","15":"taxable","16":"shipping-taxable","17":"purchasable","18":"product-type-simple"},"acf":[],"yoast_head":"<!-- This site is optimized with the Yoast SEO plugin v27.2 - https:\/\/yoast.com\/product\/yoast-seo-wordpress\/ -->\n<title>Logo Fiat pour cl\u00e9 Punto EVO + Tipo 2 + 500X ALUMINIUM 2 pcs. 15mm - Turijnmagazijn<\/title>\n<meta name=\"robots\" content=\"index, follow, max-snippet:-1, max-image-preview:large, max-video-preview:-1\" \/>\n<link rel=\"canonical\" href=\"https:\/\/turijnmagazijn.nl\/fr\/produit\/fiat-logo-pour-cle-punto-evo-tipo-2-500x-aluminium\/\" \/>\n<meta property=\"og:locale\" content=\"fr_FR\" \/>\n<meta property=\"og:type\" content=\"article\" \/>\n<meta property=\"og:title\" content=\"Logo Fiat pour cl\u00e9 Punto EVO + Tipo 2 + 500X ALUMINIUM 2 pcs. 15mm - Turijnmagazijn\" \/>\n<meta property=\"og:description\" content=\"Logo Fiat pour cl\u00e9 Punto EVO et Tipo 2 - Ensemble de 2 nouveaux logos Fiat en rouge pour le dernier type de cl\u00e9 utilis\u00e9 sur la Punto Evo et le logo Tipo 2.Fiat pour la cl\u00e9 Punto EVO + Tipo 2 + 500X - Ensemble de 2 nouveaux logos Fiat en rouge pour le n\" \/>\n<meta property=\"og:url\" content=\"https:\/\/turijnmagazijn.nl\/fr\/produit\/fiat-logo-pour-cle-punto-evo-tipo-2-500x-aluminium\/\" \/>\n<meta property=\"og:site_name\" content=\"Turijnmagazijn\" \/>\n<meta property=\"article:publisher\" content=\"https:\/\/www.facebook.com\/turijnmagazijn\" \/>\n<meta property=\"article:modified_time\" content=\"2026-02-02T09:37:14+00:00\" \/>\n<meta property=\"og:image\" content=\"https:\/\/turijnmagazijn.nl\/wp-content\/uploads\/2023\/03\/DN00100094-Fiat-logo-voor-sleutel-Punto-EVO-en-Tipo-2-2-1.jpg\" \/>\n\t<meta property=\"og:image:width\" content=\"1024\" \/>\n\t<meta property=\"og:image:height\" content=\"768\" \/>\n\t<meta property=\"og:image:type\" content=\"image\/jpeg\" \/>\n<meta name=\"twitter:card\" content=\"summary_large_image\" \/>\n<meta name=\"twitter:label1\" content=\"Dur\u00e9e de lecture estim\u00e9e\" \/>\n\t<meta name=\"twitter:data1\" content=\"1 minute\" \/>\n<script type=\"application\/ld+json\" class=\"yoast-schema-graph\">{\"@context\":\"https:\/\/schema.org\",\"@graph\":[{\"@type\":\"WebPage\",\"@id\":\"https:\/\/turijnmagazijn.nl\/fr\/produit\/fiat-logo-pour-cle-punto-evo-tipo-2-500x-aluminium\/\",\"url\":\"https:\/\/turijnmagazijn.nl\/fr\/produit\/fiat-logo-pour-cle-punto-evo-tipo-2-500x-aluminium\/\",\"name\":\"Logo Fiat pour cl\u00e9 Punto EVO + Tipo 2 + 500X ALUMINIUM 2 pcs. 15mm - Turijnmagazijn\",\"isPartOf\":{\"@id\":\"https:\/\/turijnmagazijn.jumpstone-dev.nl\/#website\"},\"primaryImageOfPage\":{\"@id\":\"https:\/\/turijnmagazijn.nl\/fr\/produit\/fiat-logo-pour-cle-punto-evo-tipo-2-500x-aluminium\/#primaryimage\"},\"image\":{\"@id\":\"https:\/\/turijnmagazijn.nl\/fr\/produit\/fiat-logo-pour-cle-punto-evo-tipo-2-500x-aluminium\/#primaryimage\"},\"thumbnailUrl\":\"https:\/\/turijnmagazijn.nl\/wp-content\/uploads\/2023\/03\/DN00100094-Fiat-logo-voor-sleutel-Punto-EVO-en-Tipo-2-2-1.jpg\",\"datePublished\":\"2023-03-03T08:47:11+00:00\",\"dateModified\":\"2026-02-02T09:37:14+00:00\",\"breadcrumb\":{\"@id\":\"https:\/\/turijnmagazijn.nl\/fr\/produit\/fiat-logo-pour-cle-punto-evo-tipo-2-500x-aluminium\/#breadcrumb\"},\"inLanguage\":\"fr-FR\",\"potentialAction\":[{\"@type\":\"ReadAction\",\"target\":[\"https:\/\/turijnmagazijn.nl\/fr\/produit\/fiat-logo-pour-cle-punto-evo-tipo-2-500x-aluminium\/\"]}]},{\"@type\":\"ImageObject\",\"inLanguage\":\"fr-FR\",\"@id\":\"https:\/\/turijnmagazijn.nl\/fr\/produit\/fiat-logo-pour-cle-punto-evo-tipo-2-500x-aluminium\/#primaryimage\",\"url\":\"https:\/\/turijnmagazijn.nl\/wp-content\/uploads\/2023\/03\/DN00100094-Fiat-logo-voor-sleutel-Punto-EVO-en-Tipo-2-2-1.jpg\",\"contentUrl\":\"https:\/\/turijnmagazijn.nl\/wp-content\/uploads\/2023\/03\/DN00100094-Fiat-logo-voor-sleutel-Punto-EVO-en-Tipo-2-2-1.jpg\",\"width\":1024,\"height\":768},{\"@type\":\"BreadcrumbList\",\"@id\":\"https:\/\/turijnmagazijn.nl\/fr\/produit\/fiat-logo-pour-cle-punto-evo-tipo-2-500x-aluminium\/#breadcrumb\",\"itemListElement\":[{\"@type\":\"ListItem\",\"position\":1,\"name\":\"Home\",\"item\":\"https:\/\/turijnmagazijn.nl\/fr\/\"},{\"@type\":\"ListItem\",\"position\":2,\"name\":\"Produits\",\"item\":\"https:\/\/turijnmagazijn.nl\/fr\/shop\/\"},{\"@type\":\"ListItem\",\"position\":3,\"name\":\"Logo Fiat pour cl\u00e9 Punto EVO + Tipo 2 + 500X ALUMINIUM 2 pcs. 15mm\"}]},{\"@type\":\"WebSite\",\"@id\":\"https:\/\/turijnmagazijn.jumpstone-dev.nl\/#website\",\"url\":\"https:\/\/turijnmagazijn.jumpstone-dev.nl\/\",\"name\":\"Turijnmagazijn\",\"description\":\"Onderdelen nieuw en gebruikt - Fiat &amp; Lancia\",\"publisher\":{\"@id\":\"https:\/\/turijnmagazijn.jumpstone-dev.nl\/#organization\"},\"potentialAction\":[{\"@type\":\"SearchAction\",\"target\":{\"@type\":\"EntryPoint\",\"urlTemplate\":\"https:\/\/turijnmagazijn.jumpstone-dev.nl\/?s={search_term_string}\"},\"query-input\":{\"@type\":\"PropertyValueSpecification\",\"valueRequired\":true,\"valueName\":\"search_term_string\"}}],\"inLanguage\":\"fr-FR\"},{\"@type\":\"Organization\",\"@id\":\"https:\/\/turijnmagazijn.jumpstone-dev.nl\/#organization\",\"name\":\"Turijnmagazijn\",\"url\":\"https:\/\/turijnmagazijn.jumpstone-dev.nl\/\",\"logo\":{\"@type\":\"ImageObject\",\"inLanguage\":\"fr-FR\",\"@id\":\"https:\/\/turijnmagazijn.jumpstone-dev.nl\/#\/schema\/logo\/image\/\",\"url\":\"https:\/\/turijnmagazijn.nl\/wp-content\/uploads\/2021\/02\/turijnmagazijnlogo.png\",\"contentUrl\":\"https:\/\/turijnmagazijn.nl\/wp-content\/uploads\/2021\/02\/turijnmagazijnlogo.png\",\"width\":555,\"height\":270,\"caption\":\"Turijnmagazijn\"},\"image\":{\"@id\":\"https:\/\/turijnmagazijn.jumpstone-dev.nl\/#\/schema\/logo\/image\/\"},\"sameAs\":[\"https:\/\/www.facebook.com\/turijnmagazijn\"]}]}<\/script>\n<!-- \/ Yoast SEO plugin. -->","yoast_head_json":{"title":"Logo Fiat pour cl\u00e9 Punto EVO + Tipo 2 + 500X ALUMINIUM 2 pcs. 15mm - Turijnmagazijn","robots":{"index":"index","follow":"follow","max-snippet":"max-snippet:-1","max-image-preview":"max-image-preview:large","max-video-preview":"max-video-preview:-1"},"canonical":"https:\/\/turijnmagazijn.nl\/fr\/produit\/fiat-logo-pour-cle-punto-evo-tipo-2-500x-aluminium\/","og_locale":"fr_FR","og_type":"article","og_title":"Logo Fiat pour cl\u00e9 Punto EVO + Tipo 2 + 500X ALUMINIUM 2 pcs. 15mm - Turijnmagazijn","og_description":"Logo Fiat pour cl\u00e9 Punto EVO et Tipo 2 - Ensemble de 2 nouveaux logos Fiat en rouge pour le dernier type de cl\u00e9 utilis\u00e9 sur la Punto Evo et le logo Tipo 2.Fiat pour la cl\u00e9 Punto EVO + Tipo 2 + 500X - Ensemble de 2 nouveaux logos Fiat en rouge pour le n","og_url":"https:\/\/turijnmagazijn.nl\/fr\/produit\/fiat-logo-pour-cle-punto-evo-tipo-2-500x-aluminium\/","og_site_name":"Turijnmagazijn","article_publisher":"https:\/\/www.facebook.com\/turijnmagazijn","article_modified_time":"2026-02-02T09:37:14+00:00","og_image":[{"width":1024,"height":768,"url":"https:\/\/turijnmagazijn.nl\/wp-content\/uploads\/2023\/03\/DN00100094-Fiat-logo-voor-sleutel-Punto-EVO-en-Tipo-2-2-1.jpg","type":"image\/jpeg"}],"twitter_card":"summary_large_image","twitter_misc":{"Dur\u00e9e de lecture estim\u00e9e":"1 minute"},"schema":{"@context":"https:\/\/schema.org","@graph":[{"@type":"WebPage","@id":"https:\/\/turijnmagazijn.nl\/fr\/produit\/fiat-logo-pour-cle-punto-evo-tipo-2-500x-aluminium\/","url":"https:\/\/turijnmagazijn.nl\/fr\/produit\/fiat-logo-pour-cle-punto-evo-tipo-2-500x-aluminium\/","name":"Logo Fiat pour cl\u00e9 Punto EVO + Tipo 2 + 500X ALUMINIUM 2 pcs. 15mm - Turijnmagazijn","isPartOf":{"@id":"https:\/\/turijnmagazijn.jumpstone-dev.nl\/#website"},"primaryImageOfPage":{"@id":"https:\/\/turijnmagazijn.nl\/fr\/produit\/fiat-logo-pour-cle-punto-evo-tipo-2-500x-aluminium\/#primaryimage"},"image":{"@id":"https:\/\/turijnmagazijn.nl\/fr\/produit\/fiat-logo-pour-cle-punto-evo-tipo-2-500x-aluminium\/#primaryimage"},"thumbnailUrl":"https:\/\/turijnmagazijn.nl\/wp-content\/uploads\/2023\/03\/DN00100094-Fiat-logo-voor-sleutel-Punto-EVO-en-Tipo-2-2-1.jpg","datePublished":"2023-03-03T08:47:11+00:00","dateModified":"2026-02-02T09:37:14+00:00","breadcrumb":{"@id":"https:\/\/turijnmagazijn.nl\/fr\/produit\/fiat-logo-pour-cle-punto-evo-tipo-2-500x-aluminium\/#breadcrumb"},"inLanguage":"fr-FR","potentialAction":[{"@type":"ReadAction","target":["https:\/\/turijnmagazijn.nl\/fr\/produit\/fiat-logo-pour-cle-punto-evo-tipo-2-500x-aluminium\/"]}]},{"@type":"ImageObject","inLanguage":"fr-FR","@id":"https:\/\/turijnmagazijn.nl\/fr\/produit\/fiat-logo-pour-cle-punto-evo-tipo-2-500x-aluminium\/#primaryimage","url":"https:\/\/turijnmagazijn.nl\/wp-content\/uploads\/2023\/03\/DN00100094-Fiat-logo-voor-sleutel-Punto-EVO-en-Tipo-2-2-1.jpg","contentUrl":"https:\/\/turijnmagazijn.nl\/wp-content\/uploads\/2023\/03\/DN00100094-Fiat-logo-voor-sleutel-Punto-EVO-en-Tipo-2-2-1.jpg","width":1024,"height":768},{"@type":"BreadcrumbList","@id":"https:\/\/turijnmagazijn.nl\/fr\/produit\/fiat-logo-pour-cle-punto-evo-tipo-2-500x-aluminium\/#breadcrumb","itemListElement":[{"@type":"ListItem","position":1,"name":"Home","item":"https:\/\/turijnmagazijn.nl\/fr\/"},{"@type":"ListItem","position":2,"name":"Produits","item":"https:\/\/turijnmagazijn.nl\/fr\/shop\/"},{"@type":"ListItem","position":3,"name":"Logo Fiat pour cl\u00e9 Punto EVO + Tipo 2 + 500X ALUMINIUM 2 pcs. 15mm"}]},{"@type":"WebSite","@id":"https:\/\/turijnmagazijn.jumpstone-dev.nl\/#website","url":"https:\/\/turijnmagazijn.jumpstone-dev.nl\/","name":"Turijnmagazijn","description":"Onderdelen nieuw en gebruikt - Fiat &amp; Lancia","publisher":{"@id":"https:\/\/turijnmagazijn.jumpstone-dev.nl\/#organization"},"potentialAction":[{"@type":"SearchAction","target":{"@type":"EntryPoint","urlTemplate":"https:\/\/turijnmagazijn.jumpstone-dev.nl\/?s={search_term_string}"},"query-input":{"@type":"PropertyValueSpecification","valueRequired":true,"valueName":"search_term_string"}}],"inLanguage":"fr-FR"},{"@type":"Organization","@id":"https:\/\/turijnmagazijn.jumpstone-dev.nl\/#organization","name":"Turijnmagazijn","url":"https:\/\/turijnmagazijn.jumpstone-dev.nl\/","logo":{"@type":"ImageObject","inLanguage":"fr-FR","@id":"https:\/\/turijnmagazijn.jumpstone-dev.nl\/#\/schema\/logo\/image\/","url":"https:\/\/turijnmagazijn.nl\/wp-content\/uploads\/2021\/02\/turijnmagazijnlogo.png","contentUrl":"https:\/\/turijnmagazijn.nl\/wp-content\/uploads\/2021\/02\/turijnmagazijnlogo.png","width":555,"height":270,"caption":"Turijnmagazijn"},"image":{"@id":"https:\/\/turijnmagazijn.jumpstone-dev.nl\/#\/schema\/logo\/image\/"},"sameAs":["https:\/\/www.facebook.com\/turijnmagazijn"]}]}},"_links":{"self":[{"href":"https:\/\/turijnmagazijn.nl\/fr\/wp-json\/wp\/v2\/product\/65815","targetHints":{"allow":["GET"]}}],"collection":[{"href":"https:\/\/turijnmagazijn.nl\/fr\/wp-json\/wp\/v2\/product"}],"about":[{"href":"https:\/\/turijnmagazijn.nl\/fr\/wp-json\/wp\/v2\/types\/product"}],"replies":[{"embeddable":true,"href":"https:\/\/turijnmagazijn.nl\/fr\/wp-json\/wp\/v2\/comments?post=65815"}],"wp:featuredmedia":[{"embeddable":true,"href":"https:\/\/turijnmagazijn.nl\/fr\/wp-json\/wp\/v2\/media\/52696"}],"wp:attachment":[{"href":"https:\/\/turijnmagazijn.nl\/fr\/wp-json\/wp\/v2\/media?parent=65815"}],"wp:term":[{"taxonomy":"product_brand","embeddable":true,"href":"https:\/\/turijnmagazijn.nl\/fr\/wp-json\/wp\/v2\/product_brand?post=65815"},{"taxonomy":"product_cat","embeddable":true,"href":"https:\/\/turijnmagazijn.nl\/fr\/wp-json\/wp\/v2\/product_cat?post=65815"},{"taxonomy":"product_tag","embeddable":true,"href":"https:\/\/turijnmagazijn.nl\/fr\/wp-json\/wp\/v2\/product_tag?post=65815"}],"curies":[{"name":"wp","href":"https:\/\/api.w.org\/{rel}","templated":true}]}}