{"id":65819,"date":"2023-03-03T09:48:55","date_gmt":"2023-03-03T08:48:55","guid":{"rendered":"https:\/\/turijnmagazijn.nl\/product\/pedale-daccelerateur-en-caoutchouc-lancia-delta-1-6-hf\/"},"modified":"2025-05-29T16:45:05","modified_gmt":"2025-05-29T14:45:05","slug":"pedale-caoutchouc-accelerateur-lancia-delta-1-6-hf","status":"publish","type":"product","link":"https:\/\/turijnmagazijn.nl\/fr\/produit\/pedale-caoutchouc-accelerateur-lancia-delta-1-6-hf\/","title":{"rendered":"P\u00e9dale d\u2019acc\u00e9l\u00e9rateur en caoutchouc Lancia Delta 1.6 HF"},"content":{"rendered":"<p><a href=\"https:\/\/turijnmagazijn.nl\/fr\/expedition-par-boite-aux-lettres\/\" target=\"\" style=\"background-color: rgb(255, 255, 255); color: rgb(35, 82, 124); outline: 0px;\" rel=\"noopener\"><img decoding=\"async\" src=\"https:\/\/www.delenkorf.nl\/image\/catalog\/brievenbus.png\"><\/a><\/p>\n<p>Nouveau caoutchouc de p\u00e9dale pour la p\u00e9dale d\u2019acc\u00e9l\u00e9rateur pour Lancia Delta I. Convient aux mod\u00e8les 1.6 HF. Donc pas applicable pour int\u00e9gral!<\/p>\n<p>Lancia OEM 4187379<\/p>\n<p>Concerne un produit d\u2019imitation exactement conforme \u00e0 l\u2019original. Num\u00e9ro OEM \u00e0 titre de r\u00e9f\u00e9rence uniquement.<\/p>\n","protected":false},"excerpt":{"rendered":"<p>P\u00e9dale d\u2019acc\u00e9l\u00e9rateur en caoutchouc Lancia Delta &#8211; Nouveau caoutchouc de p\u00e9dale pour la p\u00e9dale d\u2019acc\u00e9l\u00e9rateur Lancia Delta I.P\u00e9dale d\u2019acc\u00e9l\u00e9rateur en caoutchouc Lancia Delta 1.6 HF &#8211; Nouveau caoutchouc de p\u00e9dale pour la p\u00e9dale d\u2019acc\u00e9l\u00e9rateur pour Lancia Delta I.<\/p>\n","protected":false},"featured_media":52848,"comment_status":"open","ping_status":"closed","template":"","meta":{"_acf_changed":false},"product_brand":[],"product_cat":[1809,1806,1819,1821,1825,1830,1798],"product_tag":[],"class_list":{"0":"post-65819","1":"product","2":"type-product","3":"status-publish","4":"has-post-thumbnail","6":"product_cat-1-1-1-3-1-5-fr","7":"product_cat-delta-1-831-fr","8":"product_cat-gt-i-e-fr","9":"product_cat-hf-4wd-fr","10":"product_cat-hf-turbo-fr","11":"product_cat-integrale-8v-fr","12":"product_cat-lancia-fr","13":"pa_soort-onderdeel-carrosserie-et-tolerie","15":"first","16":"instock","17":"taxable","18":"shipping-taxable","19":"purchasable","20":"product-type-simple"},"acf":[],"yoast_head":"<!-- This site is optimized with the Yoast SEO plugin v27.2 - https:\/\/yoast.com\/product\/yoast-seo-wordpress\/ -->\n<title>P\u00e9dale d\u2019acc\u00e9l\u00e9rateur en caoutchouc Lancia Delta 1.6 HF - Turijnmagazijn<\/title>\n<meta name=\"robots\" content=\"index, follow, max-snippet:-1, max-image-preview:large, max-video-preview:-1\" \/>\n<link rel=\"canonical\" href=\"https:\/\/turijnmagazijn.nl\/fr\/produit\/pedale-caoutchouc-accelerateur-lancia-delta-1-6-hf\/\" \/>\n<meta property=\"og:locale\" content=\"fr_FR\" \/>\n<meta property=\"og:type\" content=\"article\" \/>\n<meta property=\"og:title\" content=\"P\u00e9dale d\u2019acc\u00e9l\u00e9rateur en caoutchouc Lancia Delta 1.6 HF - Turijnmagazijn\" \/>\n<meta property=\"og:description\" content=\"P\u00e9dale d\u2019acc\u00e9l\u00e9rateur en caoutchouc Lancia Delta - Nouveau caoutchouc de p\u00e9dale pour la p\u00e9dale d\u2019acc\u00e9l\u00e9rateur Lancia Delta I.P\u00e9dale d\u2019acc\u00e9l\u00e9rateur en caoutchouc Lancia Delta 1.6 HF - Nouveau caoutchouc de p\u00e9dale pour la p\u00e9dale d\u2019acc\u00e9l\u00e9rateur pour Lancia Delta I.\" \/>\n<meta property=\"og:url\" content=\"https:\/\/turijnmagazijn.nl\/fr\/produit\/pedale-caoutchouc-accelerateur-lancia-delta-1-6-hf\/\" \/>\n<meta property=\"og:site_name\" content=\"Turijnmagazijn\" \/>\n<meta property=\"article:publisher\" content=\"https:\/\/www.facebook.com\/turijnmagazijn\" \/>\n<meta property=\"article:modified_time\" content=\"2025-05-29T14:45:05+00:00\" \/>\n<meta property=\"og:image\" content=\"https:\/\/turijnmagazijn.nl\/wp-content\/uploads\/2023\/03\/DN00100106-Pedaalrubber-gaspedaal-Lancia-Delta-1.6-HF-3-1.jpg\" \/>\n\t<meta property=\"og:image:width\" content=\"1024\" \/>\n\t<meta property=\"og:image:height\" content=\"768\" \/>\n\t<meta property=\"og:image:type\" content=\"image\/jpeg\" \/>\n<meta name=\"twitter:card\" content=\"summary_large_image\" \/>\n<script type=\"application\/ld+json\" class=\"yoast-schema-graph\">{\"@context\":\"https:\/\/schema.org\",\"@graph\":[{\"@type\":\"WebPage\",\"@id\":\"https:\/\/turijnmagazijn.nl\/fr\/produit\/pedale-caoutchouc-accelerateur-lancia-delta-1-6-hf\/\",\"url\":\"https:\/\/turijnmagazijn.nl\/fr\/produit\/pedale-caoutchouc-accelerateur-lancia-delta-1-6-hf\/\",\"name\":\"P\u00e9dale d\u2019acc\u00e9l\u00e9rateur en caoutchouc Lancia Delta 1.6 HF - Turijnmagazijn\",\"isPartOf\":{\"@id\":\"https:\/\/turijnmagazijn.jumpstone-dev.nl\/#website\"},\"primaryImageOfPage\":{\"@id\":\"https:\/\/turijnmagazijn.nl\/fr\/produit\/pedale-caoutchouc-accelerateur-lancia-delta-1-6-hf\/#primaryimage\"},\"image\":{\"@id\":\"https:\/\/turijnmagazijn.nl\/fr\/produit\/pedale-caoutchouc-accelerateur-lancia-delta-1-6-hf\/#primaryimage\"},\"thumbnailUrl\":\"https:\/\/turijnmagazijn.nl\/wp-content\/uploads\/2023\/03\/DN00100106-Pedaalrubber-gaspedaal-Lancia-Delta-1.6-HF-3-1.jpg\",\"datePublished\":\"2023-03-03T08:48:55+00:00\",\"dateModified\":\"2025-05-29T14:45:05+00:00\",\"breadcrumb\":{\"@id\":\"https:\/\/turijnmagazijn.nl\/fr\/produit\/pedale-caoutchouc-accelerateur-lancia-delta-1-6-hf\/#breadcrumb\"},\"inLanguage\":\"fr-FR\",\"potentialAction\":[{\"@type\":\"ReadAction\",\"target\":[\"https:\/\/turijnmagazijn.nl\/fr\/produit\/pedale-caoutchouc-accelerateur-lancia-delta-1-6-hf\/\"]}]},{\"@type\":\"ImageObject\",\"inLanguage\":\"fr-FR\",\"@id\":\"https:\/\/turijnmagazijn.nl\/fr\/produit\/pedale-caoutchouc-accelerateur-lancia-delta-1-6-hf\/#primaryimage\",\"url\":\"https:\/\/turijnmagazijn.nl\/wp-content\/uploads\/2023\/03\/DN00100106-Pedaalrubber-gaspedaal-Lancia-Delta-1.6-HF-3-1.jpg\",\"contentUrl\":\"https:\/\/turijnmagazijn.nl\/wp-content\/uploads\/2023\/03\/DN00100106-Pedaalrubber-gaspedaal-Lancia-Delta-1.6-HF-3-1.jpg\",\"width\":1024,\"height\":768},{\"@type\":\"BreadcrumbList\",\"@id\":\"https:\/\/turijnmagazijn.nl\/fr\/produit\/pedale-caoutchouc-accelerateur-lancia-delta-1-6-hf\/#breadcrumb\",\"itemListElement\":[{\"@type\":\"ListItem\",\"position\":1,\"name\":\"Home\",\"item\":\"https:\/\/turijnmagazijn.nl\/fr\/\"},{\"@type\":\"ListItem\",\"position\":2,\"name\":\"Produits\",\"item\":\"https:\/\/turijnmagazijn.nl\/fr\/shop\/\"},{\"@type\":\"ListItem\",\"position\":3,\"name\":\"P\u00e9dale d\u2019acc\u00e9l\u00e9rateur en caoutchouc Lancia Delta 1.6 HF\"}]},{\"@type\":\"WebSite\",\"@id\":\"https:\/\/turijnmagazijn.jumpstone-dev.nl\/#website\",\"url\":\"https:\/\/turijnmagazijn.jumpstone-dev.nl\/\",\"name\":\"Turijnmagazijn\",\"description\":\"Onderdelen nieuw en gebruikt - Fiat &amp; Lancia\",\"publisher\":{\"@id\":\"https:\/\/turijnmagazijn.jumpstone-dev.nl\/#organization\"},\"potentialAction\":[{\"@type\":\"SearchAction\",\"target\":{\"@type\":\"EntryPoint\",\"urlTemplate\":\"https:\/\/turijnmagazijn.jumpstone-dev.nl\/?s={search_term_string}\"},\"query-input\":{\"@type\":\"PropertyValueSpecification\",\"valueRequired\":true,\"valueName\":\"search_term_string\"}}],\"inLanguage\":\"fr-FR\"},{\"@type\":\"Organization\",\"@id\":\"https:\/\/turijnmagazijn.jumpstone-dev.nl\/#organization\",\"name\":\"Turijnmagazijn\",\"url\":\"https:\/\/turijnmagazijn.jumpstone-dev.nl\/\",\"logo\":{\"@type\":\"ImageObject\",\"inLanguage\":\"fr-FR\",\"@id\":\"https:\/\/turijnmagazijn.jumpstone-dev.nl\/#\/schema\/logo\/image\/\",\"url\":\"https:\/\/turijnmagazijn.nl\/wp-content\/uploads\/2021\/02\/turijnmagazijnlogo.png\",\"contentUrl\":\"https:\/\/turijnmagazijn.nl\/wp-content\/uploads\/2021\/02\/turijnmagazijnlogo.png\",\"width\":555,\"height\":270,\"caption\":\"Turijnmagazijn\"},\"image\":{\"@id\":\"https:\/\/turijnmagazijn.jumpstone-dev.nl\/#\/schema\/logo\/image\/\"},\"sameAs\":[\"https:\/\/www.facebook.com\/turijnmagazijn\"]}]}<\/script>\n<!-- \/ Yoast SEO plugin. -->","yoast_head_json":{"title":"P\u00e9dale d\u2019acc\u00e9l\u00e9rateur en caoutchouc Lancia Delta 1.6 HF - Turijnmagazijn","robots":{"index":"index","follow":"follow","max-snippet":"max-snippet:-1","max-image-preview":"max-image-preview:large","max-video-preview":"max-video-preview:-1"},"canonical":"https:\/\/turijnmagazijn.nl\/fr\/produit\/pedale-caoutchouc-accelerateur-lancia-delta-1-6-hf\/","og_locale":"fr_FR","og_type":"article","og_title":"P\u00e9dale d\u2019acc\u00e9l\u00e9rateur en caoutchouc Lancia Delta 1.6 HF - Turijnmagazijn","og_description":"P\u00e9dale d\u2019acc\u00e9l\u00e9rateur en caoutchouc Lancia Delta - Nouveau caoutchouc de p\u00e9dale pour la p\u00e9dale d\u2019acc\u00e9l\u00e9rateur Lancia Delta I.P\u00e9dale d\u2019acc\u00e9l\u00e9rateur en caoutchouc Lancia Delta 1.6 HF - Nouveau caoutchouc de p\u00e9dale pour la p\u00e9dale d\u2019acc\u00e9l\u00e9rateur pour Lancia Delta I.","og_url":"https:\/\/turijnmagazijn.nl\/fr\/produit\/pedale-caoutchouc-accelerateur-lancia-delta-1-6-hf\/","og_site_name":"Turijnmagazijn","article_publisher":"https:\/\/www.facebook.com\/turijnmagazijn","article_modified_time":"2025-05-29T14:45:05+00:00","og_image":[{"width":1024,"height":768,"url":"https:\/\/turijnmagazijn.nl\/wp-content\/uploads\/2023\/03\/DN00100106-Pedaalrubber-gaspedaal-Lancia-Delta-1.6-HF-3-1.jpg","type":"image\/jpeg"}],"twitter_card":"summary_large_image","schema":{"@context":"https:\/\/schema.org","@graph":[{"@type":"WebPage","@id":"https:\/\/turijnmagazijn.nl\/fr\/produit\/pedale-caoutchouc-accelerateur-lancia-delta-1-6-hf\/","url":"https:\/\/turijnmagazijn.nl\/fr\/produit\/pedale-caoutchouc-accelerateur-lancia-delta-1-6-hf\/","name":"P\u00e9dale d\u2019acc\u00e9l\u00e9rateur en caoutchouc Lancia Delta 1.6 HF - Turijnmagazijn","isPartOf":{"@id":"https:\/\/turijnmagazijn.jumpstone-dev.nl\/#website"},"primaryImageOfPage":{"@id":"https:\/\/turijnmagazijn.nl\/fr\/produit\/pedale-caoutchouc-accelerateur-lancia-delta-1-6-hf\/#primaryimage"},"image":{"@id":"https:\/\/turijnmagazijn.nl\/fr\/produit\/pedale-caoutchouc-accelerateur-lancia-delta-1-6-hf\/#primaryimage"},"thumbnailUrl":"https:\/\/turijnmagazijn.nl\/wp-content\/uploads\/2023\/03\/DN00100106-Pedaalrubber-gaspedaal-Lancia-Delta-1.6-HF-3-1.jpg","datePublished":"2023-03-03T08:48:55+00:00","dateModified":"2025-05-29T14:45:05+00:00","breadcrumb":{"@id":"https:\/\/turijnmagazijn.nl\/fr\/produit\/pedale-caoutchouc-accelerateur-lancia-delta-1-6-hf\/#breadcrumb"},"inLanguage":"fr-FR","potentialAction":[{"@type":"ReadAction","target":["https:\/\/turijnmagazijn.nl\/fr\/produit\/pedale-caoutchouc-accelerateur-lancia-delta-1-6-hf\/"]}]},{"@type":"ImageObject","inLanguage":"fr-FR","@id":"https:\/\/turijnmagazijn.nl\/fr\/produit\/pedale-caoutchouc-accelerateur-lancia-delta-1-6-hf\/#primaryimage","url":"https:\/\/turijnmagazijn.nl\/wp-content\/uploads\/2023\/03\/DN00100106-Pedaalrubber-gaspedaal-Lancia-Delta-1.6-HF-3-1.jpg","contentUrl":"https:\/\/turijnmagazijn.nl\/wp-content\/uploads\/2023\/03\/DN00100106-Pedaalrubber-gaspedaal-Lancia-Delta-1.6-HF-3-1.jpg","width":1024,"height":768},{"@type":"BreadcrumbList","@id":"https:\/\/turijnmagazijn.nl\/fr\/produit\/pedale-caoutchouc-accelerateur-lancia-delta-1-6-hf\/#breadcrumb","itemListElement":[{"@type":"ListItem","position":1,"name":"Home","item":"https:\/\/turijnmagazijn.nl\/fr\/"},{"@type":"ListItem","position":2,"name":"Produits","item":"https:\/\/turijnmagazijn.nl\/fr\/shop\/"},{"@type":"ListItem","position":3,"name":"P\u00e9dale d\u2019acc\u00e9l\u00e9rateur en caoutchouc Lancia Delta 1.6 HF"}]},{"@type":"WebSite","@id":"https:\/\/turijnmagazijn.jumpstone-dev.nl\/#website","url":"https:\/\/turijnmagazijn.jumpstone-dev.nl\/","name":"Turijnmagazijn","description":"Onderdelen nieuw en gebruikt - Fiat &amp; Lancia","publisher":{"@id":"https:\/\/turijnmagazijn.jumpstone-dev.nl\/#organization"},"potentialAction":[{"@type":"SearchAction","target":{"@type":"EntryPoint","urlTemplate":"https:\/\/turijnmagazijn.jumpstone-dev.nl\/?s={search_term_string}"},"query-input":{"@type":"PropertyValueSpecification","valueRequired":true,"valueName":"search_term_string"}}],"inLanguage":"fr-FR"},{"@type":"Organization","@id":"https:\/\/turijnmagazijn.jumpstone-dev.nl\/#organization","name":"Turijnmagazijn","url":"https:\/\/turijnmagazijn.jumpstone-dev.nl\/","logo":{"@type":"ImageObject","inLanguage":"fr-FR","@id":"https:\/\/turijnmagazijn.jumpstone-dev.nl\/#\/schema\/logo\/image\/","url":"https:\/\/turijnmagazijn.nl\/wp-content\/uploads\/2021\/02\/turijnmagazijnlogo.png","contentUrl":"https:\/\/turijnmagazijn.nl\/wp-content\/uploads\/2021\/02\/turijnmagazijnlogo.png","width":555,"height":270,"caption":"Turijnmagazijn"},"image":{"@id":"https:\/\/turijnmagazijn.jumpstone-dev.nl\/#\/schema\/logo\/image\/"},"sameAs":["https:\/\/www.facebook.com\/turijnmagazijn"]}]}},"_links":{"self":[{"href":"https:\/\/turijnmagazijn.nl\/fr\/wp-json\/wp\/v2\/product\/65819","targetHints":{"allow":["GET"]}}],"collection":[{"href":"https:\/\/turijnmagazijn.nl\/fr\/wp-json\/wp\/v2\/product"}],"about":[{"href":"https:\/\/turijnmagazijn.nl\/fr\/wp-json\/wp\/v2\/types\/product"}],"replies":[{"embeddable":true,"href":"https:\/\/turijnmagazijn.nl\/fr\/wp-json\/wp\/v2\/comments?post=65819"}],"wp:featuredmedia":[{"embeddable":true,"href":"https:\/\/turijnmagazijn.nl\/fr\/wp-json\/wp\/v2\/media\/52848"}],"wp:attachment":[{"href":"https:\/\/turijnmagazijn.nl\/fr\/wp-json\/wp\/v2\/media?parent=65819"}],"wp:term":[{"taxonomy":"product_brand","embeddable":true,"href":"https:\/\/turijnmagazijn.nl\/fr\/wp-json\/wp\/v2\/product_brand?post=65819"},{"taxonomy":"product_cat","embeddable":true,"href":"https:\/\/turijnmagazijn.nl\/fr\/wp-json\/wp\/v2\/product_cat?post=65819"},{"taxonomy":"product_tag","embeddable":true,"href":"https:\/\/turijnmagazijn.nl\/fr\/wp-json\/wp\/v2\/product_tag?post=65819"}],"curies":[{"name":"wp","href":"https:\/\/api.w.org\/{rel}","templated":true}]}}