{"id":65825,"date":"2023-03-03T08:48:01","date_gmt":"2023-03-03T07:48:01","guid":{"rendered":"https:\/\/turijnmagazijn.nl\/product\/ressort-a-gaz-tailgate-lancia-kappa-berline-coupe-chacun-nouveau\/"},"modified":"2025-06-13T14:13:41","modified_gmt":"2025-06-13T12:13:41","slug":"gaz-spring-tailgate-lancia-kappa-sedan-coupe-per-piece-new","status":"publish","type":"product","link":"https:\/\/turijnmagazijn.nl\/fr\/produit\/gaz-spring-tailgate-lancia-kappa-sedan-coupe-per-piece-new\/","title":{"rendered":"Ressort \u00e0 gaz Tailgate Lancia Kappa Berline + Coup\u00e9 (chacun) NOUVEAU"},"content":{"rendered":"<p>Ressort \u00e0 gaz (1 exemplaire, deux sont n\u00e9cessaires par v\u00e9hicule) pour le hayon de la berline Lancia Kappa et du coup\u00e9. Concerne les ressorts courts d\u2019une longueur au repos (longueur maximale) de 290 mm.<\/p>\n<p>Concerne un nouveau ressort \u00e0 gaz non utilis\u00e9 sans marque dans son emballage d\u2019origine.<\/p>\n<p>\u00c9galement applicable aux mod\u00e8les Kappa Coup\u00e9.<\/p>\n<p>Les ressorts donnent une pression de 500 newtons.<\/p>\n<p>Peut remplacer :<\/p>\n<p>Stabilus Lift-o-mat<br \/>\n5993CJ<br \/>\n500N<br \/>\n304\/94 A 17<\/p>\n<p style=\"margin-bottom: 10px; line-height: 20px;\"><span style=\"font-weight: bold;\">Les num\u00e9ros OEM sont fournis \u00e0 titre indicatif seulement; C\u2019est une pi\u00e8ce sans marque comme sur la photo.<br \/>\n<\/span><\/p>\n<p>Lancia OEM 46429507<\/p>\n","protected":false},"excerpt":{"rendered":"<p>Ressort \u00e0 gaz Tailgate Lancia Kappa Berline + Coup\u00e9 (chacun) NOUVEAU &#8211; Ressort \u00e0 gaz (1 exemplaire, deux sont n\u00e9cessaires par v\u00e9hicule) pour le hayon de la berline Lancia Kappa et du Coup\u00e9.<\/p>\n","protected":false},"featured_media":52792,"comment_status":"closed","ping_status":"closed","template":"","meta":{"_acf_changed":false},"product_brand":[],"product_cat":[1865,1860,1798,1870],"product_tag":[],"class_list":{"0":"post-65825","1":"product","2":"type-product","3":"status-publish","4":"has-post-thumbnail","6":"product_cat-coupe-fr","7":"product_cat-kappa-838-fr","8":"product_cat-lancia-fr","9":"product_cat-sw-fr","10":"pa_soort-onderdeel-systemes-de-carburant","12":"first","13":"instock","14":"taxable","15":"shipping-taxable","16":"purchasable","17":"product-type-simple"},"acf":[],"yoast_head":"<!-- This site is optimized with the Yoast SEO plugin v27.3 - https:\/\/yoast.com\/product\/yoast-seo-wordpress\/ -->\n<title>Ressort \u00e0 gaz Tailgate Lancia Kappa Berline + Coup\u00e9 (chacun) NOUVEAU - Turijnmagazijn<\/title>\n<meta name=\"robots\" content=\"index, follow, max-snippet:-1, max-image-preview:large, max-video-preview:-1\" \/>\n<link rel=\"canonical\" href=\"https:\/\/turijnmagazijn.nl\/fr\/produit\/gaz-spring-tailgate-lancia-kappa-sedan-coupe-per-piece-new\/\" \/>\n<meta property=\"og:locale\" content=\"fr_FR\" \/>\n<meta property=\"og:type\" content=\"article\" \/>\n<meta property=\"og:title\" content=\"Ressort \u00e0 gaz Tailgate Lancia Kappa Berline + Coup\u00e9 (chacun) NOUVEAU - Turijnmagazijn\" \/>\n<meta property=\"og:description\" content=\"Ressort \u00e0 gaz Tailgate Lancia Kappa Berline + Coup\u00e9 (chacun) NOUVEAU - Ressort \u00e0 gaz (1 exemplaire, deux sont n\u00e9cessaires par v\u00e9hicule) pour le hayon de la berline Lancia Kappa et du Coup\u00e9.\" \/>\n<meta property=\"og:url\" content=\"https:\/\/turijnmagazijn.nl\/fr\/produit\/gaz-spring-tailgate-lancia-kappa-sedan-coupe-per-piece-new\/\" \/>\n<meta property=\"og:site_name\" content=\"Turijnmagazijn\" \/>\n<meta property=\"article:publisher\" content=\"https:\/\/www.facebook.com\/turijnmagazijn\" \/>\n<meta property=\"article:modified_time\" content=\"2025-06-13T12:13:41+00:00\" \/>\n<meta property=\"og:image\" content=\"https:\/\/turijnmagazijn.nl\/wp-content\/uploads\/2023\/03\/DN00100101-Gasveer-Achterklep-Lancia-Kappa-Sedan-Coupe-per-stuk-NIEUW-46429507-1.jpg\" \/>\n\t<meta property=\"og:image:width\" content=\"1024\" \/>\n\t<meta property=\"og:image:height\" content=\"768\" \/>\n\t<meta property=\"og:image:type\" content=\"image\/jpeg\" \/>\n<meta name=\"twitter:card\" content=\"summary_large_image\" \/>\n<script type=\"application\/ld+json\" class=\"yoast-schema-graph\">{\"@context\":\"https:\\\/\\\/schema.org\",\"@graph\":[{\"@type\":\"WebPage\",\"@id\":\"https:\\\/\\\/turijnmagazijn.nl\\\/fr\\\/produit\\\/gaz-spring-tailgate-lancia-kappa-sedan-coupe-per-piece-new\\\/\",\"url\":\"https:\\\/\\\/turijnmagazijn.nl\\\/fr\\\/produit\\\/gaz-spring-tailgate-lancia-kappa-sedan-coupe-per-piece-new\\\/\",\"name\":\"Ressort \u00e0 gaz Tailgate Lancia Kappa Berline + Coup\u00e9 (chacun) NOUVEAU - Turijnmagazijn\",\"isPartOf\":{\"@id\":\"https:\\\/\\\/turijnmagazijn.jumpstone-dev.nl\\\/#website\"},\"primaryImageOfPage\":{\"@id\":\"https:\\\/\\\/turijnmagazijn.nl\\\/fr\\\/produit\\\/gaz-spring-tailgate-lancia-kappa-sedan-coupe-per-piece-new\\\/#primaryimage\"},\"image\":{\"@id\":\"https:\\\/\\\/turijnmagazijn.nl\\\/fr\\\/produit\\\/gaz-spring-tailgate-lancia-kappa-sedan-coupe-per-piece-new\\\/#primaryimage\"},\"thumbnailUrl\":\"https:\\\/\\\/turijnmagazijn.nl\\\/wp-content\\\/uploads\\\/2023\\\/03\\\/DN00100101-Gasveer-Achterklep-Lancia-Kappa-Sedan-Coupe-per-stuk-NIEUW-46429507-1.jpg\",\"datePublished\":\"2023-03-03T07:48:01+00:00\",\"dateModified\":\"2025-06-13T12:13:41+00:00\",\"breadcrumb\":{\"@id\":\"https:\\\/\\\/turijnmagazijn.nl\\\/fr\\\/produit\\\/gaz-spring-tailgate-lancia-kappa-sedan-coupe-per-piece-new\\\/#breadcrumb\"},\"inLanguage\":\"fr-FR\",\"potentialAction\":[{\"@type\":\"ReadAction\",\"target\":[\"https:\\\/\\\/turijnmagazijn.nl\\\/fr\\\/produit\\\/gaz-spring-tailgate-lancia-kappa-sedan-coupe-per-piece-new\\\/\"]}]},{\"@type\":\"ImageObject\",\"inLanguage\":\"fr-FR\",\"@id\":\"https:\\\/\\\/turijnmagazijn.nl\\\/fr\\\/produit\\\/gaz-spring-tailgate-lancia-kappa-sedan-coupe-per-piece-new\\\/#primaryimage\",\"url\":\"https:\\\/\\\/turijnmagazijn.nl\\\/wp-content\\\/uploads\\\/2023\\\/03\\\/DN00100101-Gasveer-Achterklep-Lancia-Kappa-Sedan-Coupe-per-stuk-NIEUW-46429507-1.jpg\",\"contentUrl\":\"https:\\\/\\\/turijnmagazijn.nl\\\/wp-content\\\/uploads\\\/2023\\\/03\\\/DN00100101-Gasveer-Achterklep-Lancia-Kappa-Sedan-Coupe-per-stuk-NIEUW-46429507-1.jpg\",\"width\":1024,\"height\":768},{\"@type\":\"BreadcrumbList\",\"@id\":\"https:\\\/\\\/turijnmagazijn.nl\\\/fr\\\/produit\\\/gaz-spring-tailgate-lancia-kappa-sedan-coupe-per-piece-new\\\/#breadcrumb\",\"itemListElement\":[{\"@type\":\"ListItem\",\"position\":1,\"name\":\"Home\",\"item\":\"https:\\\/\\\/turijnmagazijn.nl\\\/fr\\\/\"},{\"@type\":\"ListItem\",\"position\":2,\"name\":\"Produits\",\"item\":\"https:\\\/\\\/turijnmagazijn.nl\\\/fr\\\/shop\\\/\"},{\"@type\":\"ListItem\",\"position\":3,\"name\":\"Ressort \u00e0 gaz Tailgate Lancia Kappa Berline + Coup\u00e9 (chacun) NOUVEAU\"}]},{\"@type\":\"WebSite\",\"@id\":\"https:\\\/\\\/turijnmagazijn.jumpstone-dev.nl\\\/#website\",\"url\":\"https:\\\/\\\/turijnmagazijn.jumpstone-dev.nl\\\/\",\"name\":\"Turijnmagazijn\",\"description\":\"Onderdelen nieuw en gebruikt - Fiat &amp; Lancia\",\"publisher\":{\"@id\":\"https:\\\/\\\/turijnmagazijn.jumpstone-dev.nl\\\/#organization\"},\"potentialAction\":[{\"@type\":\"SearchAction\",\"target\":{\"@type\":\"EntryPoint\",\"urlTemplate\":\"https:\\\/\\\/turijnmagazijn.jumpstone-dev.nl\\\/?s={search_term_string}\"},\"query-input\":{\"@type\":\"PropertyValueSpecification\",\"valueRequired\":true,\"valueName\":\"search_term_string\"}}],\"inLanguage\":\"fr-FR\"},{\"@type\":\"Organization\",\"@id\":\"https:\\\/\\\/turijnmagazijn.jumpstone-dev.nl\\\/#organization\",\"name\":\"Turijnmagazijn\",\"url\":\"https:\\\/\\\/turijnmagazijn.jumpstone-dev.nl\\\/\",\"logo\":{\"@type\":\"ImageObject\",\"inLanguage\":\"fr-FR\",\"@id\":\"https:\\\/\\\/turijnmagazijn.jumpstone-dev.nl\\\/#\\\/schema\\\/logo\\\/image\\\/\",\"url\":\"https:\\\/\\\/turijnmagazijn.nl\\\/wp-content\\\/uploads\\\/2021\\\/02\\\/turijnmagazijnlogo.png\",\"contentUrl\":\"https:\\\/\\\/turijnmagazijn.nl\\\/wp-content\\\/uploads\\\/2021\\\/02\\\/turijnmagazijnlogo.png\",\"width\":555,\"height\":270,\"caption\":\"Turijnmagazijn\"},\"image\":{\"@id\":\"https:\\\/\\\/turijnmagazijn.jumpstone-dev.nl\\\/#\\\/schema\\\/logo\\\/image\\\/\"},\"sameAs\":[\"https:\\\/\\\/www.facebook.com\\\/turijnmagazijn\"]}]}<\/script>\n<!-- \/ Yoast SEO plugin. -->","yoast_head_json":{"title":"Ressort \u00e0 gaz Tailgate Lancia Kappa Berline + Coup\u00e9 (chacun) NOUVEAU - Turijnmagazijn","robots":{"index":"index","follow":"follow","max-snippet":"max-snippet:-1","max-image-preview":"max-image-preview:large","max-video-preview":"max-video-preview:-1"},"canonical":"https:\/\/turijnmagazijn.nl\/fr\/produit\/gaz-spring-tailgate-lancia-kappa-sedan-coupe-per-piece-new\/","og_locale":"fr_FR","og_type":"article","og_title":"Ressort \u00e0 gaz Tailgate Lancia Kappa Berline + Coup\u00e9 (chacun) NOUVEAU - Turijnmagazijn","og_description":"Ressort \u00e0 gaz Tailgate Lancia Kappa Berline + Coup\u00e9 (chacun) NOUVEAU - Ressort \u00e0 gaz (1 exemplaire, deux sont n\u00e9cessaires par v\u00e9hicule) pour le hayon de la berline Lancia Kappa et du Coup\u00e9.","og_url":"https:\/\/turijnmagazijn.nl\/fr\/produit\/gaz-spring-tailgate-lancia-kappa-sedan-coupe-per-piece-new\/","og_site_name":"Turijnmagazijn","article_publisher":"https:\/\/www.facebook.com\/turijnmagazijn","article_modified_time":"2025-06-13T12:13:41+00:00","og_image":[{"width":1024,"height":768,"url":"https:\/\/turijnmagazijn.nl\/wp-content\/uploads\/2023\/03\/DN00100101-Gasveer-Achterklep-Lancia-Kappa-Sedan-Coupe-per-stuk-NIEUW-46429507-1.jpg","type":"image\/jpeg"}],"twitter_card":"summary_large_image","schema":{"@context":"https:\/\/schema.org","@graph":[{"@type":"WebPage","@id":"https:\/\/turijnmagazijn.nl\/fr\/produit\/gaz-spring-tailgate-lancia-kappa-sedan-coupe-per-piece-new\/","url":"https:\/\/turijnmagazijn.nl\/fr\/produit\/gaz-spring-tailgate-lancia-kappa-sedan-coupe-per-piece-new\/","name":"Ressort \u00e0 gaz Tailgate Lancia Kappa Berline + Coup\u00e9 (chacun) NOUVEAU - Turijnmagazijn","isPartOf":{"@id":"https:\/\/turijnmagazijn.jumpstone-dev.nl\/#website"},"primaryImageOfPage":{"@id":"https:\/\/turijnmagazijn.nl\/fr\/produit\/gaz-spring-tailgate-lancia-kappa-sedan-coupe-per-piece-new\/#primaryimage"},"image":{"@id":"https:\/\/turijnmagazijn.nl\/fr\/produit\/gaz-spring-tailgate-lancia-kappa-sedan-coupe-per-piece-new\/#primaryimage"},"thumbnailUrl":"https:\/\/turijnmagazijn.nl\/wp-content\/uploads\/2023\/03\/DN00100101-Gasveer-Achterklep-Lancia-Kappa-Sedan-Coupe-per-stuk-NIEUW-46429507-1.jpg","datePublished":"2023-03-03T07:48:01+00:00","dateModified":"2025-06-13T12:13:41+00:00","breadcrumb":{"@id":"https:\/\/turijnmagazijn.nl\/fr\/produit\/gaz-spring-tailgate-lancia-kappa-sedan-coupe-per-piece-new\/#breadcrumb"},"inLanguage":"fr-FR","potentialAction":[{"@type":"ReadAction","target":["https:\/\/turijnmagazijn.nl\/fr\/produit\/gaz-spring-tailgate-lancia-kappa-sedan-coupe-per-piece-new\/"]}]},{"@type":"ImageObject","inLanguage":"fr-FR","@id":"https:\/\/turijnmagazijn.nl\/fr\/produit\/gaz-spring-tailgate-lancia-kappa-sedan-coupe-per-piece-new\/#primaryimage","url":"https:\/\/turijnmagazijn.nl\/wp-content\/uploads\/2023\/03\/DN00100101-Gasveer-Achterklep-Lancia-Kappa-Sedan-Coupe-per-stuk-NIEUW-46429507-1.jpg","contentUrl":"https:\/\/turijnmagazijn.nl\/wp-content\/uploads\/2023\/03\/DN00100101-Gasveer-Achterklep-Lancia-Kappa-Sedan-Coupe-per-stuk-NIEUW-46429507-1.jpg","width":1024,"height":768},{"@type":"BreadcrumbList","@id":"https:\/\/turijnmagazijn.nl\/fr\/produit\/gaz-spring-tailgate-lancia-kappa-sedan-coupe-per-piece-new\/#breadcrumb","itemListElement":[{"@type":"ListItem","position":1,"name":"Home","item":"https:\/\/turijnmagazijn.nl\/fr\/"},{"@type":"ListItem","position":2,"name":"Produits","item":"https:\/\/turijnmagazijn.nl\/fr\/shop\/"},{"@type":"ListItem","position":3,"name":"Ressort \u00e0 gaz Tailgate Lancia Kappa Berline + Coup\u00e9 (chacun) NOUVEAU"}]},{"@type":"WebSite","@id":"https:\/\/turijnmagazijn.jumpstone-dev.nl\/#website","url":"https:\/\/turijnmagazijn.jumpstone-dev.nl\/","name":"Turijnmagazijn","description":"Onderdelen nieuw en gebruikt - Fiat &amp; Lancia","publisher":{"@id":"https:\/\/turijnmagazijn.jumpstone-dev.nl\/#organization"},"potentialAction":[{"@type":"SearchAction","target":{"@type":"EntryPoint","urlTemplate":"https:\/\/turijnmagazijn.jumpstone-dev.nl\/?s={search_term_string}"},"query-input":{"@type":"PropertyValueSpecification","valueRequired":true,"valueName":"search_term_string"}}],"inLanguage":"fr-FR"},{"@type":"Organization","@id":"https:\/\/turijnmagazijn.jumpstone-dev.nl\/#organization","name":"Turijnmagazijn","url":"https:\/\/turijnmagazijn.jumpstone-dev.nl\/","logo":{"@type":"ImageObject","inLanguage":"fr-FR","@id":"https:\/\/turijnmagazijn.jumpstone-dev.nl\/#\/schema\/logo\/image\/","url":"https:\/\/turijnmagazijn.nl\/wp-content\/uploads\/2021\/02\/turijnmagazijnlogo.png","contentUrl":"https:\/\/turijnmagazijn.nl\/wp-content\/uploads\/2021\/02\/turijnmagazijnlogo.png","width":555,"height":270,"caption":"Turijnmagazijn"},"image":{"@id":"https:\/\/turijnmagazijn.jumpstone-dev.nl\/#\/schema\/logo\/image\/"},"sameAs":["https:\/\/www.facebook.com\/turijnmagazijn"]}]}},"_links":{"self":[{"href":"https:\/\/turijnmagazijn.nl\/fr\/wp-json\/wp\/v2\/product\/65825","targetHints":{"allow":["GET"]}}],"collection":[{"href":"https:\/\/turijnmagazijn.nl\/fr\/wp-json\/wp\/v2\/product"}],"about":[{"href":"https:\/\/turijnmagazijn.nl\/fr\/wp-json\/wp\/v2\/types\/product"}],"replies":[{"embeddable":true,"href":"https:\/\/turijnmagazijn.nl\/fr\/wp-json\/wp\/v2\/comments?post=65825"}],"wp:featuredmedia":[{"embeddable":true,"href":"https:\/\/turijnmagazijn.nl\/fr\/wp-json\/wp\/v2\/media\/52792"}],"wp:attachment":[{"href":"https:\/\/turijnmagazijn.nl\/fr\/wp-json\/wp\/v2\/media?parent=65825"}],"wp:term":[{"taxonomy":"product_brand","embeddable":true,"href":"https:\/\/turijnmagazijn.nl\/fr\/wp-json\/wp\/v2\/product_brand?post=65825"},{"taxonomy":"product_cat","embeddable":true,"href":"https:\/\/turijnmagazijn.nl\/fr\/wp-json\/wp\/v2\/product_cat?post=65825"},{"taxonomy":"product_tag","embeddable":true,"href":"https:\/\/turijnmagazijn.nl\/fr\/wp-json\/wp\/v2\/product_tag?post=65825"}],"curies":[{"name":"wp","href":"https:\/\/api.w.org\/{rel}","templated":true}]}}