{"id":65831,"date":"2023-03-03T09:47:37","date_gmt":"2023-03-03T08:47:37","guid":{"rendered":"https:\/\/turijnmagazijn.nl\/product\/porte-cles-fiat-rouge-logo-punto-evo-500-500x-tipo\/"},"modified":"2023-07-27T12:36:12","modified_gmt":"2023-07-27T10:36:12","slug":"porte-cles-fiat-rouge-logo-punto-evo-500-500x-tipo","status":"publish","type":"product","link":"https:\/\/turijnmagazijn.nl\/fr\/produit\/porte-cles-fiat-rouge-logo-punto-evo-500-500x-tipo\/","title":{"rendered":"Porte-cl\u00e9s Fiat rouge logo Punto Evo &#8211; 500 &#8211; 500X &#8211; Tipo"},"content":{"rendered":"<p><a href=\"https:\/\/turijnmagazijn.nl\/fr\/expedition-par-boite-aux-lettres\/\" target=\"\" style=\"background-color: rgb(255, 255, 255); color: rgb(35, 82, 124); outline: 0px;\" rel=\"noopener\"><img decoding=\"async\" src=\"https:\/\/www.delenkorf.nl\/image\/catalog\/brievenbus.png\"><\/a><\/p>\n<p>Nouveau porte-cl\u00e9s en m\u00e9tal tout en m\u00e9tal avec lettrage Fiat en relief. Tr\u00e8s belle ex\u00e9cution.&nbsp;<\/p>\n<p>Ne concerne pas la pi\u00e8ce Fiat d\u2019origine.<\/p>\n<p>Ce porte-cl\u00e9s porte le logo rouge utilis\u00e9 depuis 2007. Le logo a \u00e9t\u00e9 introduit pour la premi\u00e8re fois sur la nouvelle Fiat Bravo, mais a \u00e9t\u00e9 introduit simultan\u00e9ment sur d\u2019autres types de Fiat existants \u00e0 partir de cette ann\u00e9e.&nbsp;<\/p>\n<p>Porte-cl\u00e9s Fiat Bravo II<\/p>\n<p>Porte-cl\u00e9s Fiat Grande Punto de 2007<\/p>\n<p>Porte-cl\u00e9s Fiat Punto EVO&nbsp;<\/p>\n<p>Porte-cl\u00e9s Fiat Panda \u00e0 partir de 2007<\/p>\n<p>Porte-cl\u00e9s Fiat 500&nbsp;<\/p>\n<p>Porte-cl\u00e9s Fiat 500X<\/p>\n<p>Porte-cl\u00e9s Fiat 500L<\/p>\n<p><\/p>\n","protected":false},"excerpt":{"rendered":"<p>Porte-cl\u00e9s Fiat rouge logo Punto Evo &#8211; 500 &#8211; 500X &#8211; Tipo &#8211; Nouveau porte-cl\u00e9s en m\u00e9tal plein m\u00e9tal avec lettrage Fiat gaufr\u00e9 moul\u00e9.<\/p>\n","protected":false},"featured_media":85091,"comment_status":"open","ping_status":"closed","template":"","meta":{"_acf_changed":false},"product_brand":[],"product_cat":[1694,1700,1709,1690,1731],"product_tag":[],"class_list":{"0":"post-65831","1":"product","2":"type-product","3":"status-publish","4":"has-post-thumbnail","6":"product_cat-500-312-fr","7":"product_cat-500x-334-fr","8":"product_cat-bravo-198-fr","9":"product_cat-fiat-fr","10":"product_cat-grande-punto-199-fr","11":"pa_soort-onderdeel-porte-cles-et-autocollants","13":"first","14":"instock","15":"taxable","16":"shipping-taxable","17":"purchasable","18":"product-type-simple"},"acf":[],"yoast_head":"<!-- This site is optimized with the Yoast SEO plugin v27.3 - https:\/\/yoast.com\/product\/yoast-seo-wordpress\/ -->\n<title>Porte-cl\u00e9s Fiat rouge logo Punto Evo - 500 - 500X - Tipo - Turijnmagazijn<\/title>\n<meta name=\"robots\" content=\"index, follow, max-snippet:-1, max-image-preview:large, max-video-preview:-1\" \/>\n<link rel=\"canonical\" href=\"https:\/\/turijnmagazijn.nl\/fr\/produit\/porte-cles-fiat-rouge-logo-punto-evo-500-500x-tipo\/\" \/>\n<meta property=\"og:locale\" content=\"fr_FR\" \/>\n<meta property=\"og:type\" content=\"article\" \/>\n<meta property=\"og:title\" content=\"Porte-cl\u00e9s Fiat rouge logo Punto Evo - 500 - 500X - Tipo - Turijnmagazijn\" \/>\n<meta property=\"og:description\" content=\"Porte-cl\u00e9s Fiat rouge logo Punto Evo - 500 - 500X - Tipo - Nouveau porte-cl\u00e9s en m\u00e9tal plein m\u00e9tal avec lettrage Fiat gaufr\u00e9 moul\u00e9.\" \/>\n<meta property=\"og:url\" content=\"https:\/\/turijnmagazijn.nl\/fr\/produit\/porte-cles-fiat-rouge-logo-punto-evo-500-500x-tipo\/\" \/>\n<meta property=\"og:site_name\" content=\"Turijnmagazijn\" \/>\n<meta property=\"article:publisher\" content=\"https:\/\/www.facebook.com\/turijnmagazijn\" \/>\n<meta property=\"article:modified_time\" content=\"2023-07-27T10:36:12+00:00\" \/>\n<meta property=\"og:image\" content=\"https:\/\/turijnmagazijn.nl\/wp-content\/uploads\/2023\/03\/DN0100099-sleutelhangel-Fiat-rood-logo-500X-Bravo-2-Punto-5-e1730748152145.jpeg\" \/>\n\t<meta property=\"og:image:width\" content=\"1153\" \/>\n\t<meta property=\"og:image:height\" content=\"2048\" \/>\n\t<meta property=\"og:image:type\" content=\"image\/jpeg\" \/>\n<meta name=\"twitter:card\" content=\"summary_large_image\" \/>\n<meta name=\"twitter:label1\" content=\"Dur\u00e9e de lecture estim\u00e9e\" \/>\n\t<meta name=\"twitter:data1\" content=\"1 minute\" \/>\n<script type=\"application\/ld+json\" class=\"yoast-schema-graph\">{\"@context\":\"https:\\\/\\\/schema.org\",\"@graph\":[{\"@type\":\"WebPage\",\"@id\":\"https:\\\/\\\/turijnmagazijn.nl\\\/fr\\\/produit\\\/porte-cles-fiat-rouge-logo-punto-evo-500-500x-tipo\\\/\",\"url\":\"https:\\\/\\\/turijnmagazijn.nl\\\/fr\\\/produit\\\/porte-cles-fiat-rouge-logo-punto-evo-500-500x-tipo\\\/\",\"name\":\"Porte-cl\u00e9s Fiat rouge logo Punto Evo - 500 - 500X - Tipo - Turijnmagazijn\",\"isPartOf\":{\"@id\":\"https:\\\/\\\/turijnmagazijn.jumpstone-dev.nl\\\/#website\"},\"primaryImageOfPage\":{\"@id\":\"https:\\\/\\\/turijnmagazijn.nl\\\/fr\\\/produit\\\/porte-cles-fiat-rouge-logo-punto-evo-500-500x-tipo\\\/#primaryimage\"},\"image\":{\"@id\":\"https:\\\/\\\/turijnmagazijn.nl\\\/fr\\\/produit\\\/porte-cles-fiat-rouge-logo-punto-evo-500-500x-tipo\\\/#primaryimage\"},\"thumbnailUrl\":\"https:\\\/\\\/turijnmagazijn.nl\\\/wp-content\\\/uploads\\\/2023\\\/03\\\/DN0100099-sleutelhangel-Fiat-rood-logo-500X-Bravo-2-Punto-5-e1730748152145.jpeg\",\"datePublished\":\"2023-03-03T08:47:37+00:00\",\"dateModified\":\"2023-07-27T10:36:12+00:00\",\"breadcrumb\":{\"@id\":\"https:\\\/\\\/turijnmagazijn.nl\\\/fr\\\/produit\\\/porte-cles-fiat-rouge-logo-punto-evo-500-500x-tipo\\\/#breadcrumb\"},\"inLanguage\":\"fr-FR\",\"potentialAction\":[{\"@type\":\"ReadAction\",\"target\":[\"https:\\\/\\\/turijnmagazijn.nl\\\/fr\\\/produit\\\/porte-cles-fiat-rouge-logo-punto-evo-500-500x-tipo\\\/\"]}]},{\"@type\":\"ImageObject\",\"inLanguage\":\"fr-FR\",\"@id\":\"https:\\\/\\\/turijnmagazijn.nl\\\/fr\\\/produit\\\/porte-cles-fiat-rouge-logo-punto-evo-500-500x-tipo\\\/#primaryimage\",\"url\":\"https:\\\/\\\/turijnmagazijn.nl\\\/wp-content\\\/uploads\\\/2023\\\/03\\\/DN0100099-sleutelhangel-Fiat-rood-logo-500X-Bravo-2-Punto-5-e1730748152145.jpeg\",\"contentUrl\":\"https:\\\/\\\/turijnmagazijn.nl\\\/wp-content\\\/uploads\\\/2023\\\/03\\\/DN0100099-sleutelhangel-Fiat-rood-logo-500X-Bravo-2-Punto-5-e1730748152145.jpeg\",\"width\":1153,\"height\":2048},{\"@type\":\"BreadcrumbList\",\"@id\":\"https:\\\/\\\/turijnmagazijn.nl\\\/fr\\\/produit\\\/porte-cles-fiat-rouge-logo-punto-evo-500-500x-tipo\\\/#breadcrumb\",\"itemListElement\":[{\"@type\":\"ListItem\",\"position\":1,\"name\":\"Home\",\"item\":\"https:\\\/\\\/turijnmagazijn.nl\\\/fr\\\/\"},{\"@type\":\"ListItem\",\"position\":2,\"name\":\"Produits\",\"item\":\"https:\\\/\\\/turijnmagazijn.nl\\\/fr\\\/shop\\\/\"},{\"@type\":\"ListItem\",\"position\":3,\"name\":\"Porte-cl\u00e9s Fiat rouge logo Punto Evo &#8211; 500 &#8211; 500X &#8211; Tipo\"}]},{\"@type\":\"WebSite\",\"@id\":\"https:\\\/\\\/turijnmagazijn.jumpstone-dev.nl\\\/#website\",\"url\":\"https:\\\/\\\/turijnmagazijn.jumpstone-dev.nl\\\/\",\"name\":\"Turijnmagazijn\",\"description\":\"Onderdelen nieuw en gebruikt - Fiat &amp; Lancia\",\"publisher\":{\"@id\":\"https:\\\/\\\/turijnmagazijn.jumpstone-dev.nl\\\/#organization\"},\"potentialAction\":[{\"@type\":\"SearchAction\",\"target\":{\"@type\":\"EntryPoint\",\"urlTemplate\":\"https:\\\/\\\/turijnmagazijn.jumpstone-dev.nl\\\/?s={search_term_string}\"},\"query-input\":{\"@type\":\"PropertyValueSpecification\",\"valueRequired\":true,\"valueName\":\"search_term_string\"}}],\"inLanguage\":\"fr-FR\"},{\"@type\":\"Organization\",\"@id\":\"https:\\\/\\\/turijnmagazijn.jumpstone-dev.nl\\\/#organization\",\"name\":\"Turijnmagazijn\",\"url\":\"https:\\\/\\\/turijnmagazijn.jumpstone-dev.nl\\\/\",\"logo\":{\"@type\":\"ImageObject\",\"inLanguage\":\"fr-FR\",\"@id\":\"https:\\\/\\\/turijnmagazijn.jumpstone-dev.nl\\\/#\\\/schema\\\/logo\\\/image\\\/\",\"url\":\"https:\\\/\\\/turijnmagazijn.nl\\\/wp-content\\\/uploads\\\/2021\\\/02\\\/turijnmagazijnlogo.png\",\"contentUrl\":\"https:\\\/\\\/turijnmagazijn.nl\\\/wp-content\\\/uploads\\\/2021\\\/02\\\/turijnmagazijnlogo.png\",\"width\":555,\"height\":270,\"caption\":\"Turijnmagazijn\"},\"image\":{\"@id\":\"https:\\\/\\\/turijnmagazijn.jumpstone-dev.nl\\\/#\\\/schema\\\/logo\\\/image\\\/\"},\"sameAs\":[\"https:\\\/\\\/www.facebook.com\\\/turijnmagazijn\"]}]}<\/script>\n<!-- \/ Yoast SEO plugin. -->","yoast_head_json":{"title":"Porte-cl\u00e9s Fiat rouge logo Punto Evo - 500 - 500X - Tipo - Turijnmagazijn","robots":{"index":"index","follow":"follow","max-snippet":"max-snippet:-1","max-image-preview":"max-image-preview:large","max-video-preview":"max-video-preview:-1"},"canonical":"https:\/\/turijnmagazijn.nl\/fr\/produit\/porte-cles-fiat-rouge-logo-punto-evo-500-500x-tipo\/","og_locale":"fr_FR","og_type":"article","og_title":"Porte-cl\u00e9s Fiat rouge logo Punto Evo - 500 - 500X - Tipo - Turijnmagazijn","og_description":"Porte-cl\u00e9s Fiat rouge logo Punto Evo - 500 - 500X - Tipo - Nouveau porte-cl\u00e9s en m\u00e9tal plein m\u00e9tal avec lettrage Fiat gaufr\u00e9 moul\u00e9.","og_url":"https:\/\/turijnmagazijn.nl\/fr\/produit\/porte-cles-fiat-rouge-logo-punto-evo-500-500x-tipo\/","og_site_name":"Turijnmagazijn","article_publisher":"https:\/\/www.facebook.com\/turijnmagazijn","article_modified_time":"2023-07-27T10:36:12+00:00","og_image":[{"width":1153,"height":2048,"url":"https:\/\/turijnmagazijn.nl\/wp-content\/uploads\/2023\/03\/DN0100099-sleutelhangel-Fiat-rood-logo-500X-Bravo-2-Punto-5-e1730748152145.jpeg","type":"image\/jpeg"}],"twitter_card":"summary_large_image","twitter_misc":{"Dur\u00e9e de lecture estim\u00e9e":"1 minute"},"schema":{"@context":"https:\/\/schema.org","@graph":[{"@type":"WebPage","@id":"https:\/\/turijnmagazijn.nl\/fr\/produit\/porte-cles-fiat-rouge-logo-punto-evo-500-500x-tipo\/","url":"https:\/\/turijnmagazijn.nl\/fr\/produit\/porte-cles-fiat-rouge-logo-punto-evo-500-500x-tipo\/","name":"Porte-cl\u00e9s Fiat rouge logo Punto Evo - 500 - 500X - Tipo - Turijnmagazijn","isPartOf":{"@id":"https:\/\/turijnmagazijn.jumpstone-dev.nl\/#website"},"primaryImageOfPage":{"@id":"https:\/\/turijnmagazijn.nl\/fr\/produit\/porte-cles-fiat-rouge-logo-punto-evo-500-500x-tipo\/#primaryimage"},"image":{"@id":"https:\/\/turijnmagazijn.nl\/fr\/produit\/porte-cles-fiat-rouge-logo-punto-evo-500-500x-tipo\/#primaryimage"},"thumbnailUrl":"https:\/\/turijnmagazijn.nl\/wp-content\/uploads\/2023\/03\/DN0100099-sleutelhangel-Fiat-rood-logo-500X-Bravo-2-Punto-5-e1730748152145.jpeg","datePublished":"2023-03-03T08:47:37+00:00","dateModified":"2023-07-27T10:36:12+00:00","breadcrumb":{"@id":"https:\/\/turijnmagazijn.nl\/fr\/produit\/porte-cles-fiat-rouge-logo-punto-evo-500-500x-tipo\/#breadcrumb"},"inLanguage":"fr-FR","potentialAction":[{"@type":"ReadAction","target":["https:\/\/turijnmagazijn.nl\/fr\/produit\/porte-cles-fiat-rouge-logo-punto-evo-500-500x-tipo\/"]}]},{"@type":"ImageObject","inLanguage":"fr-FR","@id":"https:\/\/turijnmagazijn.nl\/fr\/produit\/porte-cles-fiat-rouge-logo-punto-evo-500-500x-tipo\/#primaryimage","url":"https:\/\/turijnmagazijn.nl\/wp-content\/uploads\/2023\/03\/DN0100099-sleutelhangel-Fiat-rood-logo-500X-Bravo-2-Punto-5-e1730748152145.jpeg","contentUrl":"https:\/\/turijnmagazijn.nl\/wp-content\/uploads\/2023\/03\/DN0100099-sleutelhangel-Fiat-rood-logo-500X-Bravo-2-Punto-5-e1730748152145.jpeg","width":1153,"height":2048},{"@type":"BreadcrumbList","@id":"https:\/\/turijnmagazijn.nl\/fr\/produit\/porte-cles-fiat-rouge-logo-punto-evo-500-500x-tipo\/#breadcrumb","itemListElement":[{"@type":"ListItem","position":1,"name":"Home","item":"https:\/\/turijnmagazijn.nl\/fr\/"},{"@type":"ListItem","position":2,"name":"Produits","item":"https:\/\/turijnmagazijn.nl\/fr\/shop\/"},{"@type":"ListItem","position":3,"name":"Porte-cl\u00e9s Fiat rouge logo Punto Evo &#8211; 500 &#8211; 500X &#8211; Tipo"}]},{"@type":"WebSite","@id":"https:\/\/turijnmagazijn.jumpstone-dev.nl\/#website","url":"https:\/\/turijnmagazijn.jumpstone-dev.nl\/","name":"Turijnmagazijn","description":"Onderdelen nieuw en gebruikt - Fiat &amp; Lancia","publisher":{"@id":"https:\/\/turijnmagazijn.jumpstone-dev.nl\/#organization"},"potentialAction":[{"@type":"SearchAction","target":{"@type":"EntryPoint","urlTemplate":"https:\/\/turijnmagazijn.jumpstone-dev.nl\/?s={search_term_string}"},"query-input":{"@type":"PropertyValueSpecification","valueRequired":true,"valueName":"search_term_string"}}],"inLanguage":"fr-FR"},{"@type":"Organization","@id":"https:\/\/turijnmagazijn.jumpstone-dev.nl\/#organization","name":"Turijnmagazijn","url":"https:\/\/turijnmagazijn.jumpstone-dev.nl\/","logo":{"@type":"ImageObject","inLanguage":"fr-FR","@id":"https:\/\/turijnmagazijn.jumpstone-dev.nl\/#\/schema\/logo\/image\/","url":"https:\/\/turijnmagazijn.nl\/wp-content\/uploads\/2021\/02\/turijnmagazijnlogo.png","contentUrl":"https:\/\/turijnmagazijn.nl\/wp-content\/uploads\/2021\/02\/turijnmagazijnlogo.png","width":555,"height":270,"caption":"Turijnmagazijn"},"image":{"@id":"https:\/\/turijnmagazijn.jumpstone-dev.nl\/#\/schema\/logo\/image\/"},"sameAs":["https:\/\/www.facebook.com\/turijnmagazijn"]}]}},"_links":{"self":[{"href":"https:\/\/turijnmagazijn.nl\/fr\/wp-json\/wp\/v2\/product\/65831","targetHints":{"allow":["GET"]}}],"collection":[{"href":"https:\/\/turijnmagazijn.nl\/fr\/wp-json\/wp\/v2\/product"}],"about":[{"href":"https:\/\/turijnmagazijn.nl\/fr\/wp-json\/wp\/v2\/types\/product"}],"replies":[{"embeddable":true,"href":"https:\/\/turijnmagazijn.nl\/fr\/wp-json\/wp\/v2\/comments?post=65831"}],"wp:featuredmedia":[{"embeddable":true,"href":"https:\/\/turijnmagazijn.nl\/fr\/wp-json\/wp\/v2\/media\/85091"}],"wp:attachment":[{"href":"https:\/\/turijnmagazijn.nl\/fr\/wp-json\/wp\/v2\/media?parent=65831"}],"wp:term":[{"taxonomy":"product_brand","embeddable":true,"href":"https:\/\/turijnmagazijn.nl\/fr\/wp-json\/wp\/v2\/product_brand?post=65831"},{"taxonomy":"product_cat","embeddable":true,"href":"https:\/\/turijnmagazijn.nl\/fr\/wp-json\/wp\/v2\/product_cat?post=65831"},{"taxonomy":"product_tag","embeddable":true,"href":"https:\/\/turijnmagazijn.nl\/fr\/wp-json\/wp\/v2\/product_tag?post=65831"}],"curies":[{"name":"wp","href":"https:\/\/api.w.org\/{rel}","templated":true}]}}