{"id":65842,"date":"2023-03-03T09:48:26","date_gmt":"2023-03-03T08:48:26","guid":{"rendered":"https:\/\/turijnmagazijn.nl\/product\/key-blue-sans-electronique-fiat-punto-i-barbe-droite-nouveau\/"},"modified":"2025-06-12T19:42:22","modified_gmt":"2025-06-12T17:42:22","slug":"cle-bleu-sans-electronique-fiat-punto-i-droite-barbe-nouveau","status":"publish","type":"product","link":"https:\/\/turijnmagazijn.nl\/fr\/produit\/cle-bleu-sans-electronique-fiat-punto-i-droite-barbe-nouveau\/","title":{"rendered":"Key Blue sans \u00e9lectronique Fiat Punto I barbe droite -NOUVEAU-"},"content":{"rendered":"<p><a style=\"background-color: #ffffff; color: #23527c; outline: 0px;\" href=\"https:\/\/turijnmagazijn.nl\/fr\/expedition-par-boite-aux-lettres\/\" target=\"\" rel=\"noopener\"><img decoding=\"async\" src=\"https:\/\/www.delenkorf.nl\/image\/catalog\/brievenbus.png\"><\/a><\/p>\n<p>Nouvelle r\u00e9plique de cl\u00e9 pour Fiat Punto I. Il s\u2019agit d\u2019une cl\u00e9 non coup\u00e9e avec une barbe droite (non pointue \u00e0 la fin). La cl\u00e9 ne contient pas d\u2019\u00e9lectronique et pas de puce transpondeur. Cela peut \u00eatre transf\u00e9r\u00e9 \u00e0 partir de l\u2019ancienne cl\u00e9. La barbe de cl\u00e9 peut \u00eatre adapt\u00e9e \u00e0 tout sp\u00e9cialiste des cl\u00e9s sur la base de l\u2019ancienne cl\u00e9.<\/p>\n<p>FIAT OEM (pour r\u00e9f\u00e9rence uniquement, concerne une r\u00e9plique, pas une pi\u00e8ce d\u2019origine)<\/p>\n<p>&nbsp;<\/p>\n","protected":false},"excerpt":{"rendered":"<p>Cl\u00e9 Bleu sans \u00e9lectronique Fiat Punto I barbe droite -NOUVEAU- &#8211; Nouvelle r\u00e9plique de cl\u00e9 pour Fiat Punto I.<\/p>\n","protected":false},"featured_media":95315,"comment_status":"closed","ping_status":"closed","template":"","meta":{"_acf_changed":false},"product_brand":[],"product_cat":[1613,1582,1690,1752,1617,1623],"product_tag":[],"class_list":{"0":"post-65842","1":"product","2":"type-product","3":"status-publish","4":"has-post-thumbnail","6":"product_cat-156-932-fr","7":"product_cat-alfa-romeo-fr","8":"product_cat-fiat-fr","9":"product_cat-punto-2-188-fr","10":"product_cat-sedan-fr","11":"product_cat-sportwagon-fr","12":"pa_soort-onderdeel-interieur-et-sellerie","14":"first","15":"instock","16":"taxable","17":"shipping-taxable","18":"purchasable","19":"product-type-simple"},"acf":[],"yoast_head":"<!-- This site is optimized with the Yoast SEO plugin v27.3 - https:\/\/yoast.com\/product\/yoast-seo-wordpress\/ -->\n<title>Key Blue sans \u00e9lectronique Fiat Punto I barbe droite -NOUVEAU- Turijnmagazijn<\/title>\n<meta name=\"robots\" content=\"index, follow, max-snippet:-1, max-image-preview:large, max-video-preview:-1\" \/>\n<link rel=\"canonical\" href=\"https:\/\/turijnmagazijn.nl\/fr\/produit\/cle-bleu-sans-electronique-fiat-punto-i-droite-barbe-nouveau\/\" \/>\n<meta property=\"og:locale\" content=\"fr_FR\" \/>\n<meta property=\"og:type\" content=\"article\" \/>\n<meta property=\"og:title\" content=\"Key Blue sans \u00e9lectronique Fiat Punto I barbe droite -NOUVEAU- Turijnmagazijn\" \/>\n<meta property=\"og:description\" content=\"Cl\u00e9 Bleu sans \u00e9lectronique Fiat Punto I barbe droite -NOUVEAU- - Nouvelle r\u00e9plique de cl\u00e9 pour Fiat Punto I.\" \/>\n<meta property=\"og:url\" content=\"https:\/\/turijnmagazijn.nl\/fr\/produit\/cle-bleu-sans-electronique-fiat-punto-i-droite-barbe-nouveau\/\" \/>\n<meta property=\"og:site_name\" content=\"Turijnmagazijn\" \/>\n<meta property=\"article:publisher\" content=\"https:\/\/www.facebook.com\/turijnmagazijn\" \/>\n<meta property=\"article:modified_time\" content=\"2025-06-12T17:42:22+00:00\" \/>\n<meta property=\"og:image\" content=\"https:\/\/turijnmagazijn.nl\/wp-content\/uploads\/2023\/03\/DN00100103-Sleutel-Blauw-zonder-electronica-Fiat-Punto-I-rechte-baard-NIEUW-3.jpg\" \/>\n\t<meta property=\"og:image:width\" content=\"1024\" \/>\n\t<meta property=\"og:image:height\" content=\"768\" \/>\n\t<meta property=\"og:image:type\" content=\"image\/jpeg\" \/>\n<meta name=\"twitter:card\" content=\"summary_large_image\" \/>\n<script type=\"application\/ld+json\" class=\"yoast-schema-graph\">{\"@context\":\"https:\\\/\\\/schema.org\",\"@graph\":[{\"@type\":\"WebPage\",\"@id\":\"https:\\\/\\\/turijnmagazijn.nl\\\/fr\\\/produit\\\/cle-bleu-sans-electronique-fiat-punto-i-droite-barbe-nouveau\\\/\",\"url\":\"https:\\\/\\\/turijnmagazijn.nl\\\/fr\\\/produit\\\/cle-bleu-sans-electronique-fiat-punto-i-droite-barbe-nouveau\\\/\",\"name\":\"Key Blue sans \u00e9lectronique Fiat Punto I barbe droite -NOUVEAU- Turijnmagazijn\",\"isPartOf\":{\"@id\":\"https:\\\/\\\/turijnmagazijn.jumpstone-dev.nl\\\/#website\"},\"primaryImageOfPage\":{\"@id\":\"https:\\\/\\\/turijnmagazijn.nl\\\/fr\\\/produit\\\/cle-bleu-sans-electronique-fiat-punto-i-droite-barbe-nouveau\\\/#primaryimage\"},\"image\":{\"@id\":\"https:\\\/\\\/turijnmagazijn.nl\\\/fr\\\/produit\\\/cle-bleu-sans-electronique-fiat-punto-i-droite-barbe-nouveau\\\/#primaryimage\"},\"thumbnailUrl\":\"https:\\\/\\\/turijnmagazijn.nl\\\/wp-content\\\/uploads\\\/2023\\\/03\\\/DN00100103-Sleutel-Blauw-zonder-electronica-Fiat-Punto-I-rechte-baard-NIEUW.jpg\",\"datePublished\":\"2023-03-03T08:48:26+00:00\",\"dateModified\":\"2025-06-12T17:42:22+00:00\",\"breadcrumb\":{\"@id\":\"https:\\\/\\\/turijnmagazijn.nl\\\/fr\\\/produit\\\/cle-bleu-sans-electronique-fiat-punto-i-droite-barbe-nouveau\\\/#breadcrumb\"},\"inLanguage\":\"fr-FR\",\"potentialAction\":[{\"@type\":\"ReadAction\",\"target\":[\"https:\\\/\\\/turijnmagazijn.nl\\\/fr\\\/produit\\\/cle-bleu-sans-electronique-fiat-punto-i-droite-barbe-nouveau\\\/\"]}]},{\"@type\":\"ImageObject\",\"inLanguage\":\"fr-FR\",\"@id\":\"https:\\\/\\\/turijnmagazijn.nl\\\/fr\\\/produit\\\/cle-bleu-sans-electronique-fiat-punto-i-droite-barbe-nouveau\\\/#primaryimage\",\"url\":\"https:\\\/\\\/turijnmagazijn.nl\\\/wp-content\\\/uploads\\\/2023\\\/03\\\/DN00100103-Sleutel-Blauw-zonder-electronica-Fiat-Punto-I-rechte-baard-NIEUW.jpg\",\"contentUrl\":\"https:\\\/\\\/turijnmagazijn.nl\\\/wp-content\\\/uploads\\\/2023\\\/03\\\/DN00100103-Sleutel-Blauw-zonder-electronica-Fiat-Punto-I-rechte-baard-NIEUW.jpg\",\"width\":1024,\"height\":768},{\"@type\":\"BreadcrumbList\",\"@id\":\"https:\\\/\\\/turijnmagazijn.nl\\\/fr\\\/produit\\\/cle-bleu-sans-electronique-fiat-punto-i-droite-barbe-nouveau\\\/#breadcrumb\",\"itemListElement\":[{\"@type\":\"ListItem\",\"position\":1,\"name\":\"Home\",\"item\":\"https:\\\/\\\/turijnmagazijn.nl\\\/fr\\\/\"},{\"@type\":\"ListItem\",\"position\":2,\"name\":\"Produits\",\"item\":\"https:\\\/\\\/turijnmagazijn.nl\\\/fr\\\/shop\\\/\"},{\"@type\":\"ListItem\",\"position\":3,\"name\":\"Key Blue sans \u00e9lectronique Fiat Punto I barbe droite -NOUVEAU-\"}]},{\"@type\":\"WebSite\",\"@id\":\"https:\\\/\\\/turijnmagazijn.jumpstone-dev.nl\\\/#website\",\"url\":\"https:\\\/\\\/turijnmagazijn.jumpstone-dev.nl\\\/\",\"name\":\"Turijnmagazijn\",\"description\":\"Onderdelen nieuw en gebruikt - Fiat &amp; Lancia\",\"publisher\":{\"@id\":\"https:\\\/\\\/turijnmagazijn.jumpstone-dev.nl\\\/#organization\"},\"potentialAction\":[{\"@type\":\"SearchAction\",\"target\":{\"@type\":\"EntryPoint\",\"urlTemplate\":\"https:\\\/\\\/turijnmagazijn.jumpstone-dev.nl\\\/?s={search_term_string}\"},\"query-input\":{\"@type\":\"PropertyValueSpecification\",\"valueRequired\":true,\"valueName\":\"search_term_string\"}}],\"inLanguage\":\"fr-FR\"},{\"@type\":\"Organization\",\"@id\":\"https:\\\/\\\/turijnmagazijn.jumpstone-dev.nl\\\/#organization\",\"name\":\"Turijnmagazijn\",\"url\":\"https:\\\/\\\/turijnmagazijn.jumpstone-dev.nl\\\/\",\"logo\":{\"@type\":\"ImageObject\",\"inLanguage\":\"fr-FR\",\"@id\":\"https:\\\/\\\/turijnmagazijn.jumpstone-dev.nl\\\/#\\\/schema\\\/logo\\\/image\\\/\",\"url\":\"https:\\\/\\\/turijnmagazijn.nl\\\/wp-content\\\/uploads\\\/2021\\\/02\\\/turijnmagazijnlogo.png\",\"contentUrl\":\"https:\\\/\\\/turijnmagazijn.nl\\\/wp-content\\\/uploads\\\/2021\\\/02\\\/turijnmagazijnlogo.png\",\"width\":555,\"height\":270,\"caption\":\"Turijnmagazijn\"},\"image\":{\"@id\":\"https:\\\/\\\/turijnmagazijn.jumpstone-dev.nl\\\/#\\\/schema\\\/logo\\\/image\\\/\"},\"sameAs\":[\"https:\\\/\\\/www.facebook.com\\\/turijnmagazijn\"]}]}<\/script>\n<!-- \/ Yoast SEO plugin. -->","yoast_head_json":{"title":"Key Blue sans \u00e9lectronique Fiat Punto I barbe droite -NOUVEAU- Turijnmagazijn","robots":{"index":"index","follow":"follow","max-snippet":"max-snippet:-1","max-image-preview":"max-image-preview:large","max-video-preview":"max-video-preview:-1"},"canonical":"https:\/\/turijnmagazijn.nl\/fr\/produit\/cle-bleu-sans-electronique-fiat-punto-i-droite-barbe-nouveau\/","og_locale":"fr_FR","og_type":"article","og_title":"Key Blue sans \u00e9lectronique Fiat Punto I barbe droite -NOUVEAU- Turijnmagazijn","og_description":"Cl\u00e9 Bleu sans \u00e9lectronique Fiat Punto I barbe droite -NOUVEAU- - Nouvelle r\u00e9plique de cl\u00e9 pour Fiat Punto I.","og_url":"https:\/\/turijnmagazijn.nl\/fr\/produit\/cle-bleu-sans-electronique-fiat-punto-i-droite-barbe-nouveau\/","og_site_name":"Turijnmagazijn","article_publisher":"https:\/\/www.facebook.com\/turijnmagazijn","article_modified_time":"2025-06-12T17:42:22+00:00","og_image":[{"width":1024,"height":768,"url":"https:\/\/turijnmagazijn.nl\/wp-content\/uploads\/2023\/03\/DN00100103-Sleutel-Blauw-zonder-electronica-Fiat-Punto-I-rechte-baard-NIEUW-3.jpg","type":"image\/jpeg"}],"twitter_card":"summary_large_image","schema":{"@context":"https:\/\/schema.org","@graph":[{"@type":"WebPage","@id":"https:\/\/turijnmagazijn.nl\/fr\/produit\/cle-bleu-sans-electronique-fiat-punto-i-droite-barbe-nouveau\/","url":"https:\/\/turijnmagazijn.nl\/fr\/produit\/cle-bleu-sans-electronique-fiat-punto-i-droite-barbe-nouveau\/","name":"Key Blue sans \u00e9lectronique Fiat Punto I barbe droite -NOUVEAU- Turijnmagazijn","isPartOf":{"@id":"https:\/\/turijnmagazijn.jumpstone-dev.nl\/#website"},"primaryImageOfPage":{"@id":"https:\/\/turijnmagazijn.nl\/fr\/produit\/cle-bleu-sans-electronique-fiat-punto-i-droite-barbe-nouveau\/#primaryimage"},"image":{"@id":"https:\/\/turijnmagazijn.nl\/fr\/produit\/cle-bleu-sans-electronique-fiat-punto-i-droite-barbe-nouveau\/#primaryimage"},"thumbnailUrl":"https:\/\/turijnmagazijn.nl\/wp-content\/uploads\/2023\/03\/DN00100103-Sleutel-Blauw-zonder-electronica-Fiat-Punto-I-rechte-baard-NIEUW.jpg","datePublished":"2023-03-03T08:48:26+00:00","dateModified":"2025-06-12T17:42:22+00:00","breadcrumb":{"@id":"https:\/\/turijnmagazijn.nl\/fr\/produit\/cle-bleu-sans-electronique-fiat-punto-i-droite-barbe-nouveau\/#breadcrumb"},"inLanguage":"fr-FR","potentialAction":[{"@type":"ReadAction","target":["https:\/\/turijnmagazijn.nl\/fr\/produit\/cle-bleu-sans-electronique-fiat-punto-i-droite-barbe-nouveau\/"]}]},{"@type":"ImageObject","inLanguage":"fr-FR","@id":"https:\/\/turijnmagazijn.nl\/fr\/produit\/cle-bleu-sans-electronique-fiat-punto-i-droite-barbe-nouveau\/#primaryimage","url":"https:\/\/turijnmagazijn.nl\/wp-content\/uploads\/2023\/03\/DN00100103-Sleutel-Blauw-zonder-electronica-Fiat-Punto-I-rechte-baard-NIEUW.jpg","contentUrl":"https:\/\/turijnmagazijn.nl\/wp-content\/uploads\/2023\/03\/DN00100103-Sleutel-Blauw-zonder-electronica-Fiat-Punto-I-rechte-baard-NIEUW.jpg","width":1024,"height":768},{"@type":"BreadcrumbList","@id":"https:\/\/turijnmagazijn.nl\/fr\/produit\/cle-bleu-sans-electronique-fiat-punto-i-droite-barbe-nouveau\/#breadcrumb","itemListElement":[{"@type":"ListItem","position":1,"name":"Home","item":"https:\/\/turijnmagazijn.nl\/fr\/"},{"@type":"ListItem","position":2,"name":"Produits","item":"https:\/\/turijnmagazijn.nl\/fr\/shop\/"},{"@type":"ListItem","position":3,"name":"Key Blue sans \u00e9lectronique Fiat Punto I barbe droite -NOUVEAU-"}]},{"@type":"WebSite","@id":"https:\/\/turijnmagazijn.jumpstone-dev.nl\/#website","url":"https:\/\/turijnmagazijn.jumpstone-dev.nl\/","name":"Turijnmagazijn","description":"Onderdelen nieuw en gebruikt - Fiat &amp; Lancia","publisher":{"@id":"https:\/\/turijnmagazijn.jumpstone-dev.nl\/#organization"},"potentialAction":[{"@type":"SearchAction","target":{"@type":"EntryPoint","urlTemplate":"https:\/\/turijnmagazijn.jumpstone-dev.nl\/?s={search_term_string}"},"query-input":{"@type":"PropertyValueSpecification","valueRequired":true,"valueName":"search_term_string"}}],"inLanguage":"fr-FR"},{"@type":"Organization","@id":"https:\/\/turijnmagazijn.jumpstone-dev.nl\/#organization","name":"Turijnmagazijn","url":"https:\/\/turijnmagazijn.jumpstone-dev.nl\/","logo":{"@type":"ImageObject","inLanguage":"fr-FR","@id":"https:\/\/turijnmagazijn.jumpstone-dev.nl\/#\/schema\/logo\/image\/","url":"https:\/\/turijnmagazijn.nl\/wp-content\/uploads\/2021\/02\/turijnmagazijnlogo.png","contentUrl":"https:\/\/turijnmagazijn.nl\/wp-content\/uploads\/2021\/02\/turijnmagazijnlogo.png","width":555,"height":270,"caption":"Turijnmagazijn"},"image":{"@id":"https:\/\/turijnmagazijn.jumpstone-dev.nl\/#\/schema\/logo\/image\/"},"sameAs":["https:\/\/www.facebook.com\/turijnmagazijn"]}]}},"_links":{"self":[{"href":"https:\/\/turijnmagazijn.nl\/fr\/wp-json\/wp\/v2\/product\/65842","targetHints":{"allow":["GET"]}}],"collection":[{"href":"https:\/\/turijnmagazijn.nl\/fr\/wp-json\/wp\/v2\/product"}],"about":[{"href":"https:\/\/turijnmagazijn.nl\/fr\/wp-json\/wp\/v2\/types\/product"}],"replies":[{"embeddable":true,"href":"https:\/\/turijnmagazijn.nl\/fr\/wp-json\/wp\/v2\/comments?post=65842"}],"wp:featuredmedia":[{"embeddable":true,"href":"https:\/\/turijnmagazijn.nl\/fr\/wp-json\/wp\/v2\/media\/95315"}],"wp:attachment":[{"href":"https:\/\/turijnmagazijn.nl\/fr\/wp-json\/wp\/v2\/media?parent=65842"}],"wp:term":[{"taxonomy":"product_brand","embeddable":true,"href":"https:\/\/turijnmagazijn.nl\/fr\/wp-json\/wp\/v2\/product_brand?post=65842"},{"taxonomy":"product_cat","embeddable":true,"href":"https:\/\/turijnmagazijn.nl\/fr\/wp-json\/wp\/v2\/product_cat?post=65842"},{"taxonomy":"product_tag","embeddable":true,"href":"https:\/\/turijnmagazijn.nl\/fr\/wp-json\/wp\/v2\/product_tag?post=65842"}],"curies":[{"name":"wp","href":"https:\/\/api.w.org\/{rel}","templated":true}]}}