{"id":65850,"date":"2023-03-03T09:49:17","date_gmt":"2023-03-03T08:49:17","guid":{"rendered":"https:\/\/turijnmagazijn.nl\/product\/m8-ecrou-lancia-delta-boite-a-pedale-integrale-et-arbre-de-direction\/"},"modified":"2024-11-03T13:35:21","modified_gmt":"2024-11-03T12:35:21","slug":"m8-ecrou-lancia-delta-integral-boite-a-pedale-et-essieu-directeur","status":"publish","type":"product","link":"https:\/\/turijnmagazijn.nl\/fr\/produit\/m8-ecrou-lancia-delta-integral-boite-a-pedale-et-essieu-directeur\/","title":{"rendered":"M8 \u00e9crou Lancia Delta Bo\u00eete \u00e0 p\u00e9dale int\u00e9grale et arbre de direction"},"content":{"rendered":"<p>Nouveau \u00e9crou autobloquant M8. Concerne un must universel m8 pouvant \u00eatre utilis\u00e9 comme alternative \u00e0 : Pi\u00e8ce num\u00e9ro 11 sur le dessin technique de EPER num\u00e9ro de dessin E7B5CB701F74D6933519565673E132EB concernant l&rsquo;application \u00e0 la Lancia Delta Integrale. 4 pi\u00e8ces de cet article sont n\u00e9cessaires par voiture. Num\u00e9ro de pi\u00e8ce 16 sur le dessin technique de l&rsquo;EPER num\u00e9ro de dessin BEB2B8F91E9EFEE70752A6009010DDF3 concernant l&rsquo;application sur la Lancia Delta Integrale. 4 pi\u00e8ces de cet article sont n\u00e9cessaires par voiture.    Pi\u00e8ce num\u00e9ro 7 sur le dessin technique du dessin EPER num\u00e9ro 1810300001 concernant son application sur la Lancia Delta Integrale. Une copie de ce document est requise par voiture. Lancia OEM 16104111  &nbsp;<\/p>\n","protected":false},"excerpt":{"rendered":"<p>M8 \u00e9crou Lancia Delta Integral p\u00e9dale et arbre de direction &#8211; Nouveau \u00e9crou autobloquant M8.<\/p>\n","protected":false},"featured_media":29508,"comment_status":"open","ping_status":"closed","template":"","meta":{"_acf_changed":false},"product_brand":[],"product_cat":[1806,1830,1798],"product_tag":[],"class_list":{"0":"post-65850","1":"product","2":"type-product","3":"status-publish","4":"has-post-thumbnail","6":"product_cat-delta-1-831-fr","7":"product_cat-integrale-8v-fr","8":"product_cat-lancia-fr","9":"pa_soort-onderdeel-moteur-et-accessoires","11":"first","12":"instock","13":"taxable","14":"shipping-taxable","15":"purchasable","16":"product-type-simple"},"acf":[],"yoast_head":"<!-- This site is optimized with the Yoast SEO plugin v27.2 - https:\/\/yoast.com\/product\/yoast-seo-wordpress\/ -->\n<title>M8 \u00e9crou Lancia Delta Bo\u00eete \u00e0 p\u00e9dale int\u00e9grale et arbre de direction - Turijnmagazijn<\/title>\n<meta name=\"robots\" content=\"index, follow, max-snippet:-1, max-image-preview:large, max-video-preview:-1\" \/>\n<link rel=\"canonical\" href=\"https:\/\/turijnmagazijn.nl\/fr\/produit\/m8-ecrou-lancia-delta-integral-boite-a-pedale-et-essieu-directeur\/\" \/>\n<meta property=\"og:locale\" content=\"fr_FR\" \/>\n<meta property=\"og:type\" content=\"article\" \/>\n<meta property=\"og:title\" content=\"M8 \u00e9crou Lancia Delta Bo\u00eete \u00e0 p\u00e9dale int\u00e9grale et arbre de direction - Turijnmagazijn\" \/>\n<meta property=\"og:description\" content=\"M8 \u00e9crou Lancia Delta Integral p\u00e9dale et arbre de direction - Nouveau \u00e9crou autobloquant M8.\" \/>\n<meta property=\"og:url\" content=\"https:\/\/turijnmagazijn.nl\/fr\/produit\/m8-ecrou-lancia-delta-integral-boite-a-pedale-et-essieu-directeur\/\" \/>\n<meta property=\"og:site_name\" content=\"Turijnmagazijn\" \/>\n<meta property=\"article:publisher\" content=\"https:\/\/www.facebook.com\/turijnmagazijn\" \/>\n<meta property=\"article:modified_time\" content=\"2024-11-03T12:35:21+00:00\" \/>\n<meta property=\"og:image\" content=\"https:\/\/turijnmagazijn.nl\/wp-content\/uploads\/2023\/02\/DN0010010820M820moer20Lancia20Delta20Integrale20pedalbox20en20stuuras201.jpg\" \/>\n\t<meta property=\"og:image:width\" content=\"1024\" \/>\n\t<meta property=\"og:image:height\" content=\"768\" \/>\n\t<meta property=\"og:image:type\" content=\"image\/jpeg\" \/>\n<meta name=\"twitter:card\" content=\"summary_large_image\" \/>\n<meta name=\"twitter:label1\" content=\"Dur\u00e9e de lecture estim\u00e9e\" \/>\n\t<meta name=\"twitter:data1\" content=\"1 minute\" \/>\n<script type=\"application\/ld+json\" class=\"yoast-schema-graph\">{\"@context\":\"https:\/\/schema.org\",\"@graph\":[{\"@type\":\"WebPage\",\"@id\":\"https:\/\/turijnmagazijn.nl\/fr\/produit\/m8-ecrou-lancia-delta-integral-boite-a-pedale-et-essieu-directeur\/\",\"url\":\"https:\/\/turijnmagazijn.nl\/fr\/produit\/m8-ecrou-lancia-delta-integral-boite-a-pedale-et-essieu-directeur\/\",\"name\":\"M8 \u00e9crou Lancia Delta Bo\u00eete \u00e0 p\u00e9dale int\u00e9grale et arbre de direction - Turijnmagazijn\",\"isPartOf\":{\"@id\":\"https:\/\/turijnmagazijn.jumpstone-dev.nl\/#website\"},\"primaryImageOfPage\":{\"@id\":\"https:\/\/turijnmagazijn.nl\/fr\/produit\/m8-ecrou-lancia-delta-integral-boite-a-pedale-et-essieu-directeur\/#primaryimage\"},\"image\":{\"@id\":\"https:\/\/turijnmagazijn.nl\/fr\/produit\/m8-ecrou-lancia-delta-integral-boite-a-pedale-et-essieu-directeur\/#primaryimage\"},\"thumbnailUrl\":\"https:\/\/turijnmagazijn.nl\/wp-content\/uploads\/2023\/02\/DN0010010820M820moer20Lancia20Delta20Integrale20pedalbox20en20stuuras201.jpg\",\"datePublished\":\"2023-03-03T08:49:17+00:00\",\"dateModified\":\"2024-11-03T12:35:21+00:00\",\"breadcrumb\":{\"@id\":\"https:\/\/turijnmagazijn.nl\/fr\/produit\/m8-ecrou-lancia-delta-integral-boite-a-pedale-et-essieu-directeur\/#breadcrumb\"},\"inLanguage\":\"fr-FR\",\"potentialAction\":[{\"@type\":\"ReadAction\",\"target\":[\"https:\/\/turijnmagazijn.nl\/fr\/produit\/m8-ecrou-lancia-delta-integral-boite-a-pedale-et-essieu-directeur\/\"]}]},{\"@type\":\"ImageObject\",\"inLanguage\":\"fr-FR\",\"@id\":\"https:\/\/turijnmagazijn.nl\/fr\/produit\/m8-ecrou-lancia-delta-integral-boite-a-pedale-et-essieu-directeur\/#primaryimage\",\"url\":\"https:\/\/turijnmagazijn.nl\/wp-content\/uploads\/2023\/02\/DN0010010820M820moer20Lancia20Delta20Integrale20pedalbox20en20stuuras201.jpg\",\"contentUrl\":\"https:\/\/turijnmagazijn.nl\/wp-content\/uploads\/2023\/02\/DN0010010820M820moer20Lancia20Delta20Integrale20pedalbox20en20stuuras201.jpg\",\"width\":1024,\"height\":768},{\"@type\":\"BreadcrumbList\",\"@id\":\"https:\/\/turijnmagazijn.nl\/fr\/produit\/m8-ecrou-lancia-delta-integral-boite-a-pedale-et-essieu-directeur\/#breadcrumb\",\"itemListElement\":[{\"@type\":\"ListItem\",\"position\":1,\"name\":\"Home\",\"item\":\"https:\/\/turijnmagazijn.jumpstone-dev.nl\/\"},{\"@type\":\"ListItem\",\"position\":2,\"name\":\"Produits\",\"item\":\"https:\/\/turijnmagazijn.nl\/fr\/shop\/\"},{\"@type\":\"ListItem\",\"position\":3,\"name\":\"M8 \u00e9crou Lancia Delta Bo\u00eete \u00e0 p\u00e9dale int\u00e9grale et arbre de direction\"}]},{\"@type\":\"WebSite\",\"@id\":\"https:\/\/turijnmagazijn.jumpstone-dev.nl\/#website\",\"url\":\"https:\/\/turijnmagazijn.jumpstone-dev.nl\/\",\"name\":\"Turijnmagazijn\",\"description\":\"Onderdelen nieuw en gebruikt - Fiat &amp; Lancia\",\"publisher\":{\"@id\":\"https:\/\/turijnmagazijn.jumpstone-dev.nl\/#organization\"},\"potentialAction\":[{\"@type\":\"SearchAction\",\"target\":{\"@type\":\"EntryPoint\",\"urlTemplate\":\"https:\/\/turijnmagazijn.jumpstone-dev.nl\/?s={search_term_string}\"},\"query-input\":{\"@type\":\"PropertyValueSpecification\",\"valueRequired\":true,\"valueName\":\"search_term_string\"}}],\"inLanguage\":\"fr-FR\"},{\"@type\":\"Organization\",\"@id\":\"https:\/\/turijnmagazijn.jumpstone-dev.nl\/#organization\",\"name\":\"Turijnmagazijn\",\"url\":\"https:\/\/turijnmagazijn.jumpstone-dev.nl\/\",\"logo\":{\"@type\":\"ImageObject\",\"inLanguage\":\"fr-FR\",\"@id\":\"https:\/\/turijnmagazijn.jumpstone-dev.nl\/#\/schema\/logo\/image\/\",\"url\":\"https:\/\/turijnmagazijn.nl\/wp-content\/uploads\/2021\/02\/turijnmagazijnlogo.png\",\"contentUrl\":\"https:\/\/turijnmagazijn.nl\/wp-content\/uploads\/2021\/02\/turijnmagazijnlogo.png\",\"width\":555,\"height\":270,\"caption\":\"Turijnmagazijn\"},\"image\":{\"@id\":\"https:\/\/turijnmagazijn.jumpstone-dev.nl\/#\/schema\/logo\/image\/\"},\"sameAs\":[\"https:\/\/www.facebook.com\/turijnmagazijn\"]}]}<\/script>\n<!-- \/ Yoast SEO plugin. -->","yoast_head_json":{"title":"M8 \u00e9crou Lancia Delta Bo\u00eete \u00e0 p\u00e9dale int\u00e9grale et arbre de direction - Turijnmagazijn","robots":{"index":"index","follow":"follow","max-snippet":"max-snippet:-1","max-image-preview":"max-image-preview:large","max-video-preview":"max-video-preview:-1"},"canonical":"https:\/\/turijnmagazijn.nl\/fr\/produit\/m8-ecrou-lancia-delta-integral-boite-a-pedale-et-essieu-directeur\/","og_locale":"fr_FR","og_type":"article","og_title":"M8 \u00e9crou Lancia Delta Bo\u00eete \u00e0 p\u00e9dale int\u00e9grale et arbre de direction - Turijnmagazijn","og_description":"M8 \u00e9crou Lancia Delta Integral p\u00e9dale et arbre de direction - Nouveau \u00e9crou autobloquant M8.","og_url":"https:\/\/turijnmagazijn.nl\/fr\/produit\/m8-ecrou-lancia-delta-integral-boite-a-pedale-et-essieu-directeur\/","og_site_name":"Turijnmagazijn","article_publisher":"https:\/\/www.facebook.com\/turijnmagazijn","article_modified_time":"2024-11-03T12:35:21+00:00","og_image":[{"width":1024,"height":768,"url":"https:\/\/turijnmagazijn.nl\/wp-content\/uploads\/2023\/02\/DN0010010820M820moer20Lancia20Delta20Integrale20pedalbox20en20stuuras201.jpg","type":"image\/jpeg"}],"twitter_card":"summary_large_image","twitter_misc":{"Dur\u00e9e de lecture estim\u00e9e":"1 minute"},"schema":{"@context":"https:\/\/schema.org","@graph":[{"@type":"WebPage","@id":"https:\/\/turijnmagazijn.nl\/fr\/produit\/m8-ecrou-lancia-delta-integral-boite-a-pedale-et-essieu-directeur\/","url":"https:\/\/turijnmagazijn.nl\/fr\/produit\/m8-ecrou-lancia-delta-integral-boite-a-pedale-et-essieu-directeur\/","name":"M8 \u00e9crou Lancia Delta Bo\u00eete \u00e0 p\u00e9dale int\u00e9grale et arbre de direction - Turijnmagazijn","isPartOf":{"@id":"https:\/\/turijnmagazijn.jumpstone-dev.nl\/#website"},"primaryImageOfPage":{"@id":"https:\/\/turijnmagazijn.nl\/fr\/produit\/m8-ecrou-lancia-delta-integral-boite-a-pedale-et-essieu-directeur\/#primaryimage"},"image":{"@id":"https:\/\/turijnmagazijn.nl\/fr\/produit\/m8-ecrou-lancia-delta-integral-boite-a-pedale-et-essieu-directeur\/#primaryimage"},"thumbnailUrl":"https:\/\/turijnmagazijn.nl\/wp-content\/uploads\/2023\/02\/DN0010010820M820moer20Lancia20Delta20Integrale20pedalbox20en20stuuras201.jpg","datePublished":"2023-03-03T08:49:17+00:00","dateModified":"2024-11-03T12:35:21+00:00","breadcrumb":{"@id":"https:\/\/turijnmagazijn.nl\/fr\/produit\/m8-ecrou-lancia-delta-integral-boite-a-pedale-et-essieu-directeur\/#breadcrumb"},"inLanguage":"fr-FR","potentialAction":[{"@type":"ReadAction","target":["https:\/\/turijnmagazijn.nl\/fr\/produit\/m8-ecrou-lancia-delta-integral-boite-a-pedale-et-essieu-directeur\/"]}]},{"@type":"ImageObject","inLanguage":"fr-FR","@id":"https:\/\/turijnmagazijn.nl\/fr\/produit\/m8-ecrou-lancia-delta-integral-boite-a-pedale-et-essieu-directeur\/#primaryimage","url":"https:\/\/turijnmagazijn.nl\/wp-content\/uploads\/2023\/02\/DN0010010820M820moer20Lancia20Delta20Integrale20pedalbox20en20stuuras201.jpg","contentUrl":"https:\/\/turijnmagazijn.nl\/wp-content\/uploads\/2023\/02\/DN0010010820M820moer20Lancia20Delta20Integrale20pedalbox20en20stuuras201.jpg","width":1024,"height":768},{"@type":"BreadcrumbList","@id":"https:\/\/turijnmagazijn.nl\/fr\/produit\/m8-ecrou-lancia-delta-integral-boite-a-pedale-et-essieu-directeur\/#breadcrumb","itemListElement":[{"@type":"ListItem","position":1,"name":"Home","item":"https:\/\/turijnmagazijn.jumpstone-dev.nl\/"},{"@type":"ListItem","position":2,"name":"Produits","item":"https:\/\/turijnmagazijn.nl\/fr\/shop\/"},{"@type":"ListItem","position":3,"name":"M8 \u00e9crou Lancia Delta Bo\u00eete \u00e0 p\u00e9dale int\u00e9grale et arbre de direction"}]},{"@type":"WebSite","@id":"https:\/\/turijnmagazijn.jumpstone-dev.nl\/#website","url":"https:\/\/turijnmagazijn.jumpstone-dev.nl\/","name":"Turijnmagazijn","description":"Onderdelen nieuw en gebruikt - Fiat &amp; Lancia","publisher":{"@id":"https:\/\/turijnmagazijn.jumpstone-dev.nl\/#organization"},"potentialAction":[{"@type":"SearchAction","target":{"@type":"EntryPoint","urlTemplate":"https:\/\/turijnmagazijn.jumpstone-dev.nl\/?s={search_term_string}"},"query-input":{"@type":"PropertyValueSpecification","valueRequired":true,"valueName":"search_term_string"}}],"inLanguage":"fr-FR"},{"@type":"Organization","@id":"https:\/\/turijnmagazijn.jumpstone-dev.nl\/#organization","name":"Turijnmagazijn","url":"https:\/\/turijnmagazijn.jumpstone-dev.nl\/","logo":{"@type":"ImageObject","inLanguage":"fr-FR","@id":"https:\/\/turijnmagazijn.jumpstone-dev.nl\/#\/schema\/logo\/image\/","url":"https:\/\/turijnmagazijn.nl\/wp-content\/uploads\/2021\/02\/turijnmagazijnlogo.png","contentUrl":"https:\/\/turijnmagazijn.nl\/wp-content\/uploads\/2021\/02\/turijnmagazijnlogo.png","width":555,"height":270,"caption":"Turijnmagazijn"},"image":{"@id":"https:\/\/turijnmagazijn.jumpstone-dev.nl\/#\/schema\/logo\/image\/"},"sameAs":["https:\/\/www.facebook.com\/turijnmagazijn"]}]}},"_links":{"self":[{"href":"https:\/\/turijnmagazijn.nl\/fr\/wp-json\/wp\/v2\/product\/65850","targetHints":{"allow":["GET"]}}],"collection":[{"href":"https:\/\/turijnmagazijn.nl\/fr\/wp-json\/wp\/v2\/product"}],"about":[{"href":"https:\/\/turijnmagazijn.nl\/fr\/wp-json\/wp\/v2\/types\/product"}],"replies":[{"embeddable":true,"href":"https:\/\/turijnmagazijn.nl\/fr\/wp-json\/wp\/v2\/comments?post=65850"}],"wp:featuredmedia":[{"embeddable":true,"href":"https:\/\/turijnmagazijn.nl\/fr\/wp-json\/wp\/v2\/media\/29508"}],"wp:attachment":[{"href":"https:\/\/turijnmagazijn.nl\/fr\/wp-json\/wp\/v2\/media?parent=65850"}],"wp:term":[{"taxonomy":"product_brand","embeddable":true,"href":"https:\/\/turijnmagazijn.nl\/fr\/wp-json\/wp\/v2\/product_brand?post=65850"},{"taxonomy":"product_cat","embeddable":true,"href":"https:\/\/turijnmagazijn.nl\/fr\/wp-json\/wp\/v2\/product_cat?post=65850"},{"taxonomy":"product_tag","embeddable":true,"href":"https:\/\/turijnmagazijn.nl\/fr\/wp-json\/wp\/v2\/product_tag?post=65850"}],"curies":[{"name":"wp","href":"https:\/\/api.w.org\/{rel}","templated":true}]}}