{"id":65862,"date":"2023-03-03T09:49:47","date_gmt":"2023-03-03T08:49:47","guid":{"rendered":"https:\/\/turijnmagazijn.nl\/product\/interrupteur-thermo-femelle-a-2-broches-et-ventilateur-de-radiateur-lancia-delta-integrale\/"},"modified":"2024-10-29T22:18:05","modified_gmt":"2024-10-29T21:18:05","slug":"plug-2-broche-femelle-thermo-interrupteur-et-radiateur-ventilateur-lancia-delta-integrale","status":"publish","type":"product","link":"https:\/\/turijnmagazijn.nl\/fr\/produit\/plug-2-broche-femelle-thermo-interrupteur-et-radiateur-ventilateur-lancia-delta-integrale\/","title":{"rendered":"Interrupteur thermo femelle \u00e0 2 broches et ventilateur de radiateur Lancia Delta Integrale"},"content":{"rendered":"<p><a href=\"https:\/\/turijnmagazijn.nl\/fr\/expedition-par-boite-aux-lettres\/\" target=\"\" style=\"background-color: rgb(255, 255, 255); color: rgb(35, 82, 124); outline: 0px;\" rel=\"noopener\"><img decoding=\"async\" src=\"https:\/\/www.delenkorf.nl\/image\/catalog\/brievenbus.png\"><\/a><\/p>\n<p>Nouvelle prise femelle pour Lancia Delta int\u00e9grale. Ces fiches sont utilis\u00e9es, entre autres, sur la connexion du ventilateur \/ ventilateur du radiateur et sur l\u2019interrupteur du thermostat dans le radiateur. N\u2019est pas la fiche standard comme pour les indicateurs et autres, car les c\u00e2bles vers et depuis les accessoires du radiateur sont plus \u00e9pais, et cette fiche est plus lourde que la plupart des autres connexions sur le Delta Integrale. Cette fiche femelle est le c\u00f4t\u00e9 pour le montage sur le consommateur d\u2019alimentation (c\u2019est-\u00e0-dire le ventilateur ou l\u2019interrupteur) de la voiture (la prise est situ\u00e9e du c\u00f4t\u00e9 du faisceau de c\u00e2blage), ces fiches peuvent \u00e9galement \u00eatre trouv\u00e9es dans notre gamme sur ce site.<\/p>\n<p>R\u00e9guli\u00e8rement, dans le pass\u00e9, un autre ventilateur ou interrupteur a \u00e9t\u00e9 utilis\u00e9 et la fiche d\u2019origine a \u00e9t\u00e9 remplac\u00e9e par une prise universelle. Rendez le faisceau de c\u00e2blage compl\u00e8tement original avec cette fiche.<\/p>\n<p>La fiche est livr\u00e9e compl\u00e8te avec une extr\u00e9mit\u00e9 inutilis\u00e9e pour le c\u00e2ble et un capuchon anti-poussi\u00e8re \u00e9tanche. Ces bouchons sont faciles \u00e0 assembler vous-m\u00eame si vous pouvez manipuler une pince \u00e0 d\u00e9caper et un outil de sertissage.<\/p>\n<p>Toujours d\u2019abord comparer avec pr\u00e9cision votre prise existante avec les photos, il y a parfois aussi diff\u00e9rentes versions assembl\u00e9es \u00e0 l\u2019origine en circulation.<\/p>\n","protected":false},"excerpt":{"rendered":"<p>Prise 2 broches femelle thermo interrupteur et ventilateur de radiateur Lancia Delta Integrale &#8211; Nouvelle prise femelle pour Lancia Delta integral.<\/p>\n","protected":false},"featured_media":52932,"comment_status":"open","ping_status":"closed","template":"","meta":{"_acf_changed":false},"product_brand":[],"product_cat":[1806,1830,1798],"product_tag":[],"class_list":{"0":"post-65862","1":"product","2":"type-product","3":"status-publish","4":"has-post-thumbnail","6":"product_cat-delta-1-831-fr","7":"product_cat-integrale-8v-fr","8":"product_cat-lancia-fr","9":"pa_soort-onderdeel-suspension-et-chassis","11":"first","12":"instock","13":"taxable","14":"shipping-taxable","15":"purchasable","16":"product-type-simple"},"acf":[],"yoast_head":"<!-- This site is optimized with the Yoast SEO plugin v27.2 - https:\/\/yoast.com\/product\/yoast-seo-wordpress\/ -->\n<title>Interrupteur thermo femelle \u00e0 2 broches et ventilateur de radiateur Lancia Delta Integrale - Turijnmagazijn<\/title>\n<meta name=\"robots\" content=\"index, follow, max-snippet:-1, max-image-preview:large, max-video-preview:-1\" \/>\n<link rel=\"canonical\" href=\"https:\/\/turijnmagazijn.nl\/fr\/produit\/plug-2-broche-femelle-thermo-interrupteur-et-radiateur-ventilateur-lancia-delta-integrale\/\" \/>\n<meta property=\"og:locale\" content=\"fr_FR\" \/>\n<meta property=\"og:type\" content=\"article\" \/>\n<meta property=\"og:title\" content=\"Interrupteur thermo femelle \u00e0 2 broches et ventilateur de radiateur Lancia Delta Integrale - Turijnmagazijn\" \/>\n<meta property=\"og:description\" content=\"Prise 2 broches femelle thermo interrupteur et ventilateur de radiateur Lancia Delta Integrale - Nouvelle prise femelle pour Lancia Delta integral.\" \/>\n<meta property=\"og:url\" content=\"https:\/\/turijnmagazijn.nl\/fr\/produit\/plug-2-broche-femelle-thermo-interrupteur-et-radiateur-ventilateur-lancia-delta-integrale\/\" \/>\n<meta property=\"og:site_name\" content=\"Turijnmagazijn\" \/>\n<meta property=\"article:publisher\" content=\"https:\/\/www.facebook.com\/turijnmagazijn\" \/>\n<meta property=\"article:modified_time\" content=\"2024-10-29T21:18:05+00:00\" \/>\n<meta property=\"og:image\" content=\"https:\/\/turijnmagazijn.nl\/wp-content\/uploads\/2023\/03\/DN00100115-Stekker-2-polig-vrouwelijk-thermo-schakelaar-en-radiateur-fan-Lancia-Delta-Integrale-4-1.jpg\" \/>\n\t<meta property=\"og:image:width\" content=\"1024\" \/>\n\t<meta property=\"og:image:height\" content=\"768\" \/>\n\t<meta property=\"og:image:type\" content=\"image\/jpeg\" \/>\n<meta name=\"twitter:card\" content=\"summary_large_image\" \/>\n<meta name=\"twitter:label1\" content=\"Dur\u00e9e de lecture estim\u00e9e\" \/>\n\t<meta name=\"twitter:data1\" content=\"1 minute\" \/>\n<script type=\"application\/ld+json\" class=\"yoast-schema-graph\">{\"@context\":\"https:\/\/schema.org\",\"@graph\":[{\"@type\":\"WebPage\",\"@id\":\"https:\/\/turijnmagazijn.nl\/fr\/produit\/plug-2-broche-femelle-thermo-interrupteur-et-radiateur-ventilateur-lancia-delta-integrale\/\",\"url\":\"https:\/\/turijnmagazijn.nl\/fr\/produit\/plug-2-broche-femelle-thermo-interrupteur-et-radiateur-ventilateur-lancia-delta-integrale\/\",\"name\":\"Interrupteur thermo femelle \u00e0 2 broches et ventilateur de radiateur Lancia Delta Integrale - Turijnmagazijn\",\"isPartOf\":{\"@id\":\"https:\/\/turijnmagazijn.jumpstone-dev.nl\/#website\"},\"primaryImageOfPage\":{\"@id\":\"https:\/\/turijnmagazijn.nl\/fr\/produit\/plug-2-broche-femelle-thermo-interrupteur-et-radiateur-ventilateur-lancia-delta-integrale\/#primaryimage\"},\"image\":{\"@id\":\"https:\/\/turijnmagazijn.nl\/fr\/produit\/plug-2-broche-femelle-thermo-interrupteur-et-radiateur-ventilateur-lancia-delta-integrale\/#primaryimage\"},\"thumbnailUrl\":\"https:\/\/turijnmagazijn.nl\/wp-content\/uploads\/2023\/03\/DN00100115-Stekker-2-polig-vrouwelijk-thermo-schakelaar-en-radiateur-fan-Lancia-Delta-Integrale-4-1.jpg\",\"datePublished\":\"2023-03-03T08:49:47+00:00\",\"dateModified\":\"2024-10-29T21:18:05+00:00\",\"breadcrumb\":{\"@id\":\"https:\/\/turijnmagazijn.nl\/fr\/produit\/plug-2-broche-femelle-thermo-interrupteur-et-radiateur-ventilateur-lancia-delta-integrale\/#breadcrumb\"},\"inLanguage\":\"fr-FR\",\"potentialAction\":[{\"@type\":\"ReadAction\",\"target\":[\"https:\/\/turijnmagazijn.nl\/fr\/produit\/plug-2-broche-femelle-thermo-interrupteur-et-radiateur-ventilateur-lancia-delta-integrale\/\"]}]},{\"@type\":\"ImageObject\",\"inLanguage\":\"fr-FR\",\"@id\":\"https:\/\/turijnmagazijn.nl\/fr\/produit\/plug-2-broche-femelle-thermo-interrupteur-et-radiateur-ventilateur-lancia-delta-integrale\/#primaryimage\",\"url\":\"https:\/\/turijnmagazijn.nl\/wp-content\/uploads\/2023\/03\/DN00100115-Stekker-2-polig-vrouwelijk-thermo-schakelaar-en-radiateur-fan-Lancia-Delta-Integrale-4-1.jpg\",\"contentUrl\":\"https:\/\/turijnmagazijn.nl\/wp-content\/uploads\/2023\/03\/DN00100115-Stekker-2-polig-vrouwelijk-thermo-schakelaar-en-radiateur-fan-Lancia-Delta-Integrale-4-1.jpg\",\"width\":1024,\"height\":768},{\"@type\":\"BreadcrumbList\",\"@id\":\"https:\/\/turijnmagazijn.nl\/fr\/produit\/plug-2-broche-femelle-thermo-interrupteur-et-radiateur-ventilateur-lancia-delta-integrale\/#breadcrumb\",\"itemListElement\":[{\"@type\":\"ListItem\",\"position\":1,\"name\":\"Home\",\"item\":\"https:\/\/turijnmagazijn.nl\/fr\/\"},{\"@type\":\"ListItem\",\"position\":2,\"name\":\"Produits\",\"item\":\"https:\/\/turijnmagazijn.nl\/fr\/shop\/\"},{\"@type\":\"ListItem\",\"position\":3,\"name\":\"Interrupteur thermo femelle \u00e0 2 broches et ventilateur de radiateur Lancia Delta Integrale\"}]},{\"@type\":\"WebSite\",\"@id\":\"https:\/\/turijnmagazijn.jumpstone-dev.nl\/#website\",\"url\":\"https:\/\/turijnmagazijn.jumpstone-dev.nl\/\",\"name\":\"Turijnmagazijn\",\"description\":\"Onderdelen nieuw en gebruikt - Fiat &amp; Lancia\",\"publisher\":{\"@id\":\"https:\/\/turijnmagazijn.jumpstone-dev.nl\/#organization\"},\"potentialAction\":[{\"@type\":\"SearchAction\",\"target\":{\"@type\":\"EntryPoint\",\"urlTemplate\":\"https:\/\/turijnmagazijn.jumpstone-dev.nl\/?s={search_term_string}\"},\"query-input\":{\"@type\":\"PropertyValueSpecification\",\"valueRequired\":true,\"valueName\":\"search_term_string\"}}],\"inLanguage\":\"fr-FR\"},{\"@type\":\"Organization\",\"@id\":\"https:\/\/turijnmagazijn.jumpstone-dev.nl\/#organization\",\"name\":\"Turijnmagazijn\",\"url\":\"https:\/\/turijnmagazijn.jumpstone-dev.nl\/\",\"logo\":{\"@type\":\"ImageObject\",\"inLanguage\":\"fr-FR\",\"@id\":\"https:\/\/turijnmagazijn.jumpstone-dev.nl\/#\/schema\/logo\/image\/\",\"url\":\"https:\/\/turijnmagazijn.nl\/wp-content\/uploads\/2021\/02\/turijnmagazijnlogo.png\",\"contentUrl\":\"https:\/\/turijnmagazijn.nl\/wp-content\/uploads\/2021\/02\/turijnmagazijnlogo.png\",\"width\":555,\"height\":270,\"caption\":\"Turijnmagazijn\"},\"image\":{\"@id\":\"https:\/\/turijnmagazijn.jumpstone-dev.nl\/#\/schema\/logo\/image\/\"},\"sameAs\":[\"https:\/\/www.facebook.com\/turijnmagazijn\"]}]}<\/script>\n<!-- \/ Yoast SEO plugin. -->","yoast_head_json":{"title":"Interrupteur thermo femelle \u00e0 2 broches et ventilateur de radiateur Lancia Delta Integrale - Turijnmagazijn","robots":{"index":"index","follow":"follow","max-snippet":"max-snippet:-1","max-image-preview":"max-image-preview:large","max-video-preview":"max-video-preview:-1"},"canonical":"https:\/\/turijnmagazijn.nl\/fr\/produit\/plug-2-broche-femelle-thermo-interrupteur-et-radiateur-ventilateur-lancia-delta-integrale\/","og_locale":"fr_FR","og_type":"article","og_title":"Interrupteur thermo femelle \u00e0 2 broches et ventilateur de radiateur Lancia Delta Integrale - Turijnmagazijn","og_description":"Prise 2 broches femelle thermo interrupteur et ventilateur de radiateur Lancia Delta Integrale - Nouvelle prise femelle pour Lancia Delta integral.","og_url":"https:\/\/turijnmagazijn.nl\/fr\/produit\/plug-2-broche-femelle-thermo-interrupteur-et-radiateur-ventilateur-lancia-delta-integrale\/","og_site_name":"Turijnmagazijn","article_publisher":"https:\/\/www.facebook.com\/turijnmagazijn","article_modified_time":"2024-10-29T21:18:05+00:00","og_image":[{"width":1024,"height":768,"url":"https:\/\/turijnmagazijn.nl\/wp-content\/uploads\/2023\/03\/DN00100115-Stekker-2-polig-vrouwelijk-thermo-schakelaar-en-radiateur-fan-Lancia-Delta-Integrale-4-1.jpg","type":"image\/jpeg"}],"twitter_card":"summary_large_image","twitter_misc":{"Dur\u00e9e de lecture estim\u00e9e":"1 minute"},"schema":{"@context":"https:\/\/schema.org","@graph":[{"@type":"WebPage","@id":"https:\/\/turijnmagazijn.nl\/fr\/produit\/plug-2-broche-femelle-thermo-interrupteur-et-radiateur-ventilateur-lancia-delta-integrale\/","url":"https:\/\/turijnmagazijn.nl\/fr\/produit\/plug-2-broche-femelle-thermo-interrupteur-et-radiateur-ventilateur-lancia-delta-integrale\/","name":"Interrupteur thermo femelle \u00e0 2 broches et ventilateur de radiateur Lancia Delta Integrale - Turijnmagazijn","isPartOf":{"@id":"https:\/\/turijnmagazijn.jumpstone-dev.nl\/#website"},"primaryImageOfPage":{"@id":"https:\/\/turijnmagazijn.nl\/fr\/produit\/plug-2-broche-femelle-thermo-interrupteur-et-radiateur-ventilateur-lancia-delta-integrale\/#primaryimage"},"image":{"@id":"https:\/\/turijnmagazijn.nl\/fr\/produit\/plug-2-broche-femelle-thermo-interrupteur-et-radiateur-ventilateur-lancia-delta-integrale\/#primaryimage"},"thumbnailUrl":"https:\/\/turijnmagazijn.nl\/wp-content\/uploads\/2023\/03\/DN00100115-Stekker-2-polig-vrouwelijk-thermo-schakelaar-en-radiateur-fan-Lancia-Delta-Integrale-4-1.jpg","datePublished":"2023-03-03T08:49:47+00:00","dateModified":"2024-10-29T21:18:05+00:00","breadcrumb":{"@id":"https:\/\/turijnmagazijn.nl\/fr\/produit\/plug-2-broche-femelle-thermo-interrupteur-et-radiateur-ventilateur-lancia-delta-integrale\/#breadcrumb"},"inLanguage":"fr-FR","potentialAction":[{"@type":"ReadAction","target":["https:\/\/turijnmagazijn.nl\/fr\/produit\/plug-2-broche-femelle-thermo-interrupteur-et-radiateur-ventilateur-lancia-delta-integrale\/"]}]},{"@type":"ImageObject","inLanguage":"fr-FR","@id":"https:\/\/turijnmagazijn.nl\/fr\/produit\/plug-2-broche-femelle-thermo-interrupteur-et-radiateur-ventilateur-lancia-delta-integrale\/#primaryimage","url":"https:\/\/turijnmagazijn.nl\/wp-content\/uploads\/2023\/03\/DN00100115-Stekker-2-polig-vrouwelijk-thermo-schakelaar-en-radiateur-fan-Lancia-Delta-Integrale-4-1.jpg","contentUrl":"https:\/\/turijnmagazijn.nl\/wp-content\/uploads\/2023\/03\/DN00100115-Stekker-2-polig-vrouwelijk-thermo-schakelaar-en-radiateur-fan-Lancia-Delta-Integrale-4-1.jpg","width":1024,"height":768},{"@type":"BreadcrumbList","@id":"https:\/\/turijnmagazijn.nl\/fr\/produit\/plug-2-broche-femelle-thermo-interrupteur-et-radiateur-ventilateur-lancia-delta-integrale\/#breadcrumb","itemListElement":[{"@type":"ListItem","position":1,"name":"Home","item":"https:\/\/turijnmagazijn.nl\/fr\/"},{"@type":"ListItem","position":2,"name":"Produits","item":"https:\/\/turijnmagazijn.nl\/fr\/shop\/"},{"@type":"ListItem","position":3,"name":"Interrupteur thermo femelle \u00e0 2 broches et ventilateur de radiateur Lancia Delta Integrale"}]},{"@type":"WebSite","@id":"https:\/\/turijnmagazijn.jumpstone-dev.nl\/#website","url":"https:\/\/turijnmagazijn.jumpstone-dev.nl\/","name":"Turijnmagazijn","description":"Onderdelen nieuw en gebruikt - Fiat &amp; Lancia","publisher":{"@id":"https:\/\/turijnmagazijn.jumpstone-dev.nl\/#organization"},"potentialAction":[{"@type":"SearchAction","target":{"@type":"EntryPoint","urlTemplate":"https:\/\/turijnmagazijn.jumpstone-dev.nl\/?s={search_term_string}"},"query-input":{"@type":"PropertyValueSpecification","valueRequired":true,"valueName":"search_term_string"}}],"inLanguage":"fr-FR"},{"@type":"Organization","@id":"https:\/\/turijnmagazijn.jumpstone-dev.nl\/#organization","name":"Turijnmagazijn","url":"https:\/\/turijnmagazijn.jumpstone-dev.nl\/","logo":{"@type":"ImageObject","inLanguage":"fr-FR","@id":"https:\/\/turijnmagazijn.jumpstone-dev.nl\/#\/schema\/logo\/image\/","url":"https:\/\/turijnmagazijn.nl\/wp-content\/uploads\/2021\/02\/turijnmagazijnlogo.png","contentUrl":"https:\/\/turijnmagazijn.nl\/wp-content\/uploads\/2021\/02\/turijnmagazijnlogo.png","width":555,"height":270,"caption":"Turijnmagazijn"},"image":{"@id":"https:\/\/turijnmagazijn.jumpstone-dev.nl\/#\/schema\/logo\/image\/"},"sameAs":["https:\/\/www.facebook.com\/turijnmagazijn"]}]}},"_links":{"self":[{"href":"https:\/\/turijnmagazijn.nl\/fr\/wp-json\/wp\/v2\/product\/65862","targetHints":{"allow":["GET"]}}],"collection":[{"href":"https:\/\/turijnmagazijn.nl\/fr\/wp-json\/wp\/v2\/product"}],"about":[{"href":"https:\/\/turijnmagazijn.nl\/fr\/wp-json\/wp\/v2\/types\/product"}],"replies":[{"embeddable":true,"href":"https:\/\/turijnmagazijn.nl\/fr\/wp-json\/wp\/v2\/comments?post=65862"}],"wp:featuredmedia":[{"embeddable":true,"href":"https:\/\/turijnmagazijn.nl\/fr\/wp-json\/wp\/v2\/media\/52932"}],"wp:attachment":[{"href":"https:\/\/turijnmagazijn.nl\/fr\/wp-json\/wp\/v2\/media?parent=65862"}],"wp:term":[{"taxonomy":"product_brand","embeddable":true,"href":"https:\/\/turijnmagazijn.nl\/fr\/wp-json\/wp\/v2\/product_brand?post=65862"},{"taxonomy":"product_cat","embeddable":true,"href":"https:\/\/turijnmagazijn.nl\/fr\/wp-json\/wp\/v2\/product_cat?post=65862"},{"taxonomy":"product_tag","embeddable":true,"href":"https:\/\/turijnmagazijn.nl\/fr\/wp-json\/wp\/v2\/product_tag?post=65862"}],"curies":[{"name":"wp","href":"https:\/\/api.w.org\/{rel}","templated":true}]}}