{"id":65890,"date":"2023-03-03T09:50:14","date_gmt":"2023-03-03T08:50:14","guid":{"rendered":"https:\/\/turijnmagazijn.nl\/product\/bookend-half-jante-fiat-stilo-selespeed-modele-jante-sportive\/"},"modified":"2023-07-27T12:37:02","modified_gmt":"2023-07-27T10:37:02","slug":"bookend-half-jim-fiat-stilo-selespeed-model-sports-jante","status":"publish","type":"product","link":"https:\/\/turijnmagazijn.nl\/fr\/produit\/bookend-half-jim-fiat-stilo-selespeed-model-sports-jante\/","title":{"rendered":"Bookend half jante Fiat Stilo Selespeed mod\u00e8le jante sportive"},"content":{"rendered":"<p>2 pi\u00e8ces quart d\u2019une jante sport Fiat Stilo Abarth 17 pouces d\u2019occasion, la jante optionnelle qui est \u00e9galement appel\u00e9e jante Selespeed. La couleur est anthracite, et concerne une jante ab\u00eem\u00e9e.<\/p>\n<p>&nbsp;<\/p>\n<p>\u00c0 un co\u00fbt suppl\u00e9mentaire, il est possible d\u2019avoir l\u2019ensemble enduit de poudre dans n\u2019importe quelle couleur de ral souhait\u00e9e. Le co\u00fbt suppl\u00e9mentaire est de 45 euros.<\/p>\n<p>S\u2019il vous pla\u00eet contactez-nous par email si vous souhaitez faire usage de ce, d\u00e9lai de livraison en consultation.<\/p>\n<p>&nbsp;<\/p>\n<p>Quelqu\u2019un a-t-il dit #mancave ? C\u2019est un bon gadget pour tout fanatique de voitures italiennes, surtout si vous \u00eates un fan de Fiat Stilo bien s\u00fbr.<\/p>\n<p>C\u2019est une jante d\u2019occasion originale qui est divis\u00e9e par quatre, avec deux quarts vous faites un serre-livre cool pour votre mancave ou votre garage, pour vos manuels d\u2019atelier par exemple !<\/p>\n<p>&nbsp;<\/p>\n","protected":false},"excerpt":{"rendered":"<p>Bookend half jante Fiat Stilo Selespeed mod\u00e8le jante sport &#8211; 2 quarts pi\u00e8ces d\u2019une jante sport Fiat Stilo Abarth 17 pouces d\u2019occasion, la jante optionnelle qui est \u00e9galement appel\u00e9e jante Selespeed.<\/p>\n","protected":false},"featured_media":52964,"comment_status":"closed","ping_status":"closed","template":"","meta":{"_acf_changed":false},"product_brand":[],"product_cat":[1690,1763],"product_tag":[],"class_list":{"0":"post-65890","1":"product","2":"type-product","3":"status-publish","4":"has-post-thumbnail","6":"product_cat-fiat-fr","7":"product_cat-stilo-192-fr","8":"pa_soort-onderdeel-electronique-et-cables","10":"first","11":"instock","12":"shipping-taxable","13":"purchasable","14":"product-type-simple"},"acf":[],"yoast_head":"<!-- This site is optimized with the Yoast SEO plugin v27.3 - https:\/\/yoast.com\/product\/yoast-seo-wordpress\/ -->\n<title>Bookend half jante Fiat Stilo Selespeed mod\u00e8le jante sportive - Turijnmagazijn<\/title>\n<meta name=\"robots\" content=\"index, follow, max-snippet:-1, max-image-preview:large, max-video-preview:-1\" \/>\n<link rel=\"canonical\" href=\"https:\/\/turijnmagazijn.nl\/fr\/produit\/bookend-half-jim-fiat-stilo-selespeed-model-sports-jante\/\" \/>\n<meta property=\"og:locale\" content=\"fr_FR\" \/>\n<meta property=\"og:type\" content=\"article\" \/>\n<meta property=\"og:title\" content=\"Bookend half jante Fiat Stilo Selespeed mod\u00e8le jante sportive - Turijnmagazijn\" \/>\n<meta property=\"og:description\" content=\"Bookend half jante Fiat Stilo Selespeed mod\u00e8le jante sport - 2 quarts pi\u00e8ces d\u2019une jante sport Fiat Stilo Abarth 17 pouces d\u2019occasion, la jante optionnelle qui est \u00e9galement appel\u00e9e jante Selespeed.\" \/>\n<meta property=\"og:url\" content=\"https:\/\/turijnmagazijn.nl\/fr\/produit\/bookend-half-jim-fiat-stilo-selespeed-model-sports-jante\/\" \/>\n<meta property=\"og:site_name\" content=\"Turijnmagazijn\" \/>\n<meta property=\"article:publisher\" content=\"https:\/\/www.facebook.com\/turijnmagazijn\" \/>\n<meta property=\"article:modified_time\" content=\"2023-07-27T10:37:02+00:00\" \/>\n<meta property=\"og:image\" content=\"https:\/\/turijnmagazijn.nl\/wp-content\/uploads\/2023\/03\/DN00100134-Boekensteun-halve-velg-Fiat-Stilo-Selespeed-model-sportvelg-3-800x600-1.jpeg\" \/>\n\t<meta property=\"og:image:width\" content=\"800\" \/>\n\t<meta property=\"og:image:height\" content=\"600\" \/>\n\t<meta property=\"og:image:type\" content=\"image\/jpeg\" \/>\n<meta name=\"twitter:card\" content=\"summary_large_image\" \/>\n<meta name=\"twitter:label1\" content=\"Dur\u00e9e de lecture estim\u00e9e\" \/>\n\t<meta name=\"twitter:data1\" content=\"1 minute\" \/>\n<script type=\"application\/ld+json\" class=\"yoast-schema-graph\">{\"@context\":\"https:\\\/\\\/schema.org\",\"@graph\":[{\"@type\":\"WebPage\",\"@id\":\"https:\\\/\\\/turijnmagazijn.nl\\\/fr\\\/produit\\\/bookend-half-jim-fiat-stilo-selespeed-model-sports-jante\\\/\",\"url\":\"https:\\\/\\\/turijnmagazijn.nl\\\/fr\\\/produit\\\/bookend-half-jim-fiat-stilo-selespeed-model-sports-jante\\\/\",\"name\":\"Bookend half jante Fiat Stilo Selespeed mod\u00e8le jante sportive - Turijnmagazijn\",\"isPartOf\":{\"@id\":\"https:\\\/\\\/turijnmagazijn.jumpstone-dev.nl\\\/#website\"},\"primaryImageOfPage\":{\"@id\":\"https:\\\/\\\/turijnmagazijn.nl\\\/fr\\\/produit\\\/bookend-half-jim-fiat-stilo-selespeed-model-sports-jante\\\/#primaryimage\"},\"image\":{\"@id\":\"https:\\\/\\\/turijnmagazijn.nl\\\/fr\\\/produit\\\/bookend-half-jim-fiat-stilo-selespeed-model-sports-jante\\\/#primaryimage\"},\"thumbnailUrl\":\"https:\\\/\\\/turijnmagazijn.nl\\\/wp-content\\\/uploads\\\/2023\\\/03\\\/DN00100134-Boekensteun-halve-velg-Fiat-Stilo-Selespeed-model-sportvelg-3-800x600-1.jpeg\",\"datePublished\":\"2023-03-03T08:50:14+00:00\",\"dateModified\":\"2023-07-27T10:37:02+00:00\",\"breadcrumb\":{\"@id\":\"https:\\\/\\\/turijnmagazijn.nl\\\/fr\\\/produit\\\/bookend-half-jim-fiat-stilo-selespeed-model-sports-jante\\\/#breadcrumb\"},\"inLanguage\":\"fr-FR\",\"potentialAction\":[{\"@type\":\"ReadAction\",\"target\":[\"https:\\\/\\\/turijnmagazijn.nl\\\/fr\\\/produit\\\/bookend-half-jim-fiat-stilo-selespeed-model-sports-jante\\\/\"]}]},{\"@type\":\"ImageObject\",\"inLanguage\":\"fr-FR\",\"@id\":\"https:\\\/\\\/turijnmagazijn.nl\\\/fr\\\/produit\\\/bookend-half-jim-fiat-stilo-selespeed-model-sports-jante\\\/#primaryimage\",\"url\":\"https:\\\/\\\/turijnmagazijn.nl\\\/wp-content\\\/uploads\\\/2023\\\/03\\\/DN00100134-Boekensteun-halve-velg-Fiat-Stilo-Selespeed-model-sportvelg-3-800x600-1.jpeg\",\"contentUrl\":\"https:\\\/\\\/turijnmagazijn.nl\\\/wp-content\\\/uploads\\\/2023\\\/03\\\/DN00100134-Boekensteun-halve-velg-Fiat-Stilo-Selespeed-model-sportvelg-3-800x600-1.jpeg\",\"width\":800,\"height\":600},{\"@type\":\"BreadcrumbList\",\"@id\":\"https:\\\/\\\/turijnmagazijn.nl\\\/fr\\\/produit\\\/bookend-half-jim-fiat-stilo-selespeed-model-sports-jante\\\/#breadcrumb\",\"itemListElement\":[{\"@type\":\"ListItem\",\"position\":1,\"name\":\"Home\",\"item\":\"https:\\\/\\\/turijnmagazijn.nl\\\/fr\\\/\"},{\"@type\":\"ListItem\",\"position\":2,\"name\":\"Produits\",\"item\":\"https:\\\/\\\/turijnmagazijn.nl\\\/fr\\\/shop\\\/\"},{\"@type\":\"ListItem\",\"position\":3,\"name\":\"Bookend half jante Fiat Stilo Selespeed mod\u00e8le jante sportive\"}]},{\"@type\":\"WebSite\",\"@id\":\"https:\\\/\\\/turijnmagazijn.jumpstone-dev.nl\\\/#website\",\"url\":\"https:\\\/\\\/turijnmagazijn.jumpstone-dev.nl\\\/\",\"name\":\"Turijnmagazijn\",\"description\":\"Onderdelen nieuw en gebruikt - Fiat &amp; Lancia\",\"publisher\":{\"@id\":\"https:\\\/\\\/turijnmagazijn.jumpstone-dev.nl\\\/#organization\"},\"potentialAction\":[{\"@type\":\"SearchAction\",\"target\":{\"@type\":\"EntryPoint\",\"urlTemplate\":\"https:\\\/\\\/turijnmagazijn.jumpstone-dev.nl\\\/?s={search_term_string}\"},\"query-input\":{\"@type\":\"PropertyValueSpecification\",\"valueRequired\":true,\"valueName\":\"search_term_string\"}}],\"inLanguage\":\"fr-FR\"},{\"@type\":\"Organization\",\"@id\":\"https:\\\/\\\/turijnmagazijn.jumpstone-dev.nl\\\/#organization\",\"name\":\"Turijnmagazijn\",\"url\":\"https:\\\/\\\/turijnmagazijn.jumpstone-dev.nl\\\/\",\"logo\":{\"@type\":\"ImageObject\",\"inLanguage\":\"fr-FR\",\"@id\":\"https:\\\/\\\/turijnmagazijn.jumpstone-dev.nl\\\/#\\\/schema\\\/logo\\\/image\\\/\",\"url\":\"https:\\\/\\\/turijnmagazijn.nl\\\/wp-content\\\/uploads\\\/2021\\\/02\\\/turijnmagazijnlogo.png\",\"contentUrl\":\"https:\\\/\\\/turijnmagazijn.nl\\\/wp-content\\\/uploads\\\/2021\\\/02\\\/turijnmagazijnlogo.png\",\"width\":555,\"height\":270,\"caption\":\"Turijnmagazijn\"},\"image\":{\"@id\":\"https:\\\/\\\/turijnmagazijn.jumpstone-dev.nl\\\/#\\\/schema\\\/logo\\\/image\\\/\"},\"sameAs\":[\"https:\\\/\\\/www.facebook.com\\\/turijnmagazijn\"]}]}<\/script>\n<!-- \/ Yoast SEO plugin. -->","yoast_head_json":{"title":"Bookend half jante Fiat Stilo Selespeed mod\u00e8le jante sportive - Turijnmagazijn","robots":{"index":"index","follow":"follow","max-snippet":"max-snippet:-1","max-image-preview":"max-image-preview:large","max-video-preview":"max-video-preview:-1"},"canonical":"https:\/\/turijnmagazijn.nl\/fr\/produit\/bookend-half-jim-fiat-stilo-selespeed-model-sports-jante\/","og_locale":"fr_FR","og_type":"article","og_title":"Bookend half jante Fiat Stilo Selespeed mod\u00e8le jante sportive - Turijnmagazijn","og_description":"Bookend half jante Fiat Stilo Selespeed mod\u00e8le jante sport - 2 quarts pi\u00e8ces d\u2019une jante sport Fiat Stilo Abarth 17 pouces d\u2019occasion, la jante optionnelle qui est \u00e9galement appel\u00e9e jante Selespeed.","og_url":"https:\/\/turijnmagazijn.nl\/fr\/produit\/bookend-half-jim-fiat-stilo-selespeed-model-sports-jante\/","og_site_name":"Turijnmagazijn","article_publisher":"https:\/\/www.facebook.com\/turijnmagazijn","article_modified_time":"2023-07-27T10:37:02+00:00","og_image":[{"width":800,"height":600,"url":"https:\/\/turijnmagazijn.nl\/wp-content\/uploads\/2023\/03\/DN00100134-Boekensteun-halve-velg-Fiat-Stilo-Selespeed-model-sportvelg-3-800x600-1.jpeg","type":"image\/jpeg"}],"twitter_card":"summary_large_image","twitter_misc":{"Dur\u00e9e de lecture estim\u00e9e":"1 minute"},"schema":{"@context":"https:\/\/schema.org","@graph":[{"@type":"WebPage","@id":"https:\/\/turijnmagazijn.nl\/fr\/produit\/bookend-half-jim-fiat-stilo-selespeed-model-sports-jante\/","url":"https:\/\/turijnmagazijn.nl\/fr\/produit\/bookend-half-jim-fiat-stilo-selespeed-model-sports-jante\/","name":"Bookend half jante Fiat Stilo Selespeed mod\u00e8le jante sportive - Turijnmagazijn","isPartOf":{"@id":"https:\/\/turijnmagazijn.jumpstone-dev.nl\/#website"},"primaryImageOfPage":{"@id":"https:\/\/turijnmagazijn.nl\/fr\/produit\/bookend-half-jim-fiat-stilo-selespeed-model-sports-jante\/#primaryimage"},"image":{"@id":"https:\/\/turijnmagazijn.nl\/fr\/produit\/bookend-half-jim-fiat-stilo-selespeed-model-sports-jante\/#primaryimage"},"thumbnailUrl":"https:\/\/turijnmagazijn.nl\/wp-content\/uploads\/2023\/03\/DN00100134-Boekensteun-halve-velg-Fiat-Stilo-Selespeed-model-sportvelg-3-800x600-1.jpeg","datePublished":"2023-03-03T08:50:14+00:00","dateModified":"2023-07-27T10:37:02+00:00","breadcrumb":{"@id":"https:\/\/turijnmagazijn.nl\/fr\/produit\/bookend-half-jim-fiat-stilo-selespeed-model-sports-jante\/#breadcrumb"},"inLanguage":"fr-FR","potentialAction":[{"@type":"ReadAction","target":["https:\/\/turijnmagazijn.nl\/fr\/produit\/bookend-half-jim-fiat-stilo-selespeed-model-sports-jante\/"]}]},{"@type":"ImageObject","inLanguage":"fr-FR","@id":"https:\/\/turijnmagazijn.nl\/fr\/produit\/bookend-half-jim-fiat-stilo-selespeed-model-sports-jante\/#primaryimage","url":"https:\/\/turijnmagazijn.nl\/wp-content\/uploads\/2023\/03\/DN00100134-Boekensteun-halve-velg-Fiat-Stilo-Selespeed-model-sportvelg-3-800x600-1.jpeg","contentUrl":"https:\/\/turijnmagazijn.nl\/wp-content\/uploads\/2023\/03\/DN00100134-Boekensteun-halve-velg-Fiat-Stilo-Selespeed-model-sportvelg-3-800x600-1.jpeg","width":800,"height":600},{"@type":"BreadcrumbList","@id":"https:\/\/turijnmagazijn.nl\/fr\/produit\/bookend-half-jim-fiat-stilo-selespeed-model-sports-jante\/#breadcrumb","itemListElement":[{"@type":"ListItem","position":1,"name":"Home","item":"https:\/\/turijnmagazijn.nl\/fr\/"},{"@type":"ListItem","position":2,"name":"Produits","item":"https:\/\/turijnmagazijn.nl\/fr\/shop\/"},{"@type":"ListItem","position":3,"name":"Bookend half jante Fiat Stilo Selespeed mod\u00e8le jante sportive"}]},{"@type":"WebSite","@id":"https:\/\/turijnmagazijn.jumpstone-dev.nl\/#website","url":"https:\/\/turijnmagazijn.jumpstone-dev.nl\/","name":"Turijnmagazijn","description":"Onderdelen nieuw en gebruikt - Fiat &amp; Lancia","publisher":{"@id":"https:\/\/turijnmagazijn.jumpstone-dev.nl\/#organization"},"potentialAction":[{"@type":"SearchAction","target":{"@type":"EntryPoint","urlTemplate":"https:\/\/turijnmagazijn.jumpstone-dev.nl\/?s={search_term_string}"},"query-input":{"@type":"PropertyValueSpecification","valueRequired":true,"valueName":"search_term_string"}}],"inLanguage":"fr-FR"},{"@type":"Organization","@id":"https:\/\/turijnmagazijn.jumpstone-dev.nl\/#organization","name":"Turijnmagazijn","url":"https:\/\/turijnmagazijn.jumpstone-dev.nl\/","logo":{"@type":"ImageObject","inLanguage":"fr-FR","@id":"https:\/\/turijnmagazijn.jumpstone-dev.nl\/#\/schema\/logo\/image\/","url":"https:\/\/turijnmagazijn.nl\/wp-content\/uploads\/2021\/02\/turijnmagazijnlogo.png","contentUrl":"https:\/\/turijnmagazijn.nl\/wp-content\/uploads\/2021\/02\/turijnmagazijnlogo.png","width":555,"height":270,"caption":"Turijnmagazijn"},"image":{"@id":"https:\/\/turijnmagazijn.jumpstone-dev.nl\/#\/schema\/logo\/image\/"},"sameAs":["https:\/\/www.facebook.com\/turijnmagazijn"]}]}},"_links":{"self":[{"href":"https:\/\/turijnmagazijn.nl\/fr\/wp-json\/wp\/v2\/product\/65890","targetHints":{"allow":["GET"]}}],"collection":[{"href":"https:\/\/turijnmagazijn.nl\/fr\/wp-json\/wp\/v2\/product"}],"about":[{"href":"https:\/\/turijnmagazijn.nl\/fr\/wp-json\/wp\/v2\/types\/product"}],"replies":[{"embeddable":true,"href":"https:\/\/turijnmagazijn.nl\/fr\/wp-json\/wp\/v2\/comments?post=65890"}],"wp:featuredmedia":[{"embeddable":true,"href":"https:\/\/turijnmagazijn.nl\/fr\/wp-json\/wp\/v2\/media\/52964"}],"wp:attachment":[{"href":"https:\/\/turijnmagazijn.nl\/fr\/wp-json\/wp\/v2\/media?parent=65890"}],"wp:term":[{"taxonomy":"product_brand","embeddable":true,"href":"https:\/\/turijnmagazijn.nl\/fr\/wp-json\/wp\/v2\/product_brand?post=65890"},{"taxonomy":"product_cat","embeddable":true,"href":"https:\/\/turijnmagazijn.nl\/fr\/wp-json\/wp\/v2\/product_cat?post=65890"},{"taxonomy":"product_tag","embeddable":true,"href":"https:\/\/turijnmagazijn.nl\/fr\/wp-json\/wp\/v2\/product_tag?post=65890"}],"curies":[{"name":"wp","href":"https:\/\/api.w.org\/{rel}","templated":true}]}}