{"id":65911,"date":"2023-03-03T08:50:35","date_gmt":"2023-03-03T07:50:35","guid":{"rendered":"https:\/\/turijnmagazijn.nl\/product\/clip-set-l-r-pour-etagere-a-colis-alfa-romeo-brera\/"},"modified":"2025-05-29T11:41:59","modified_gmt":"2025-05-29T09:41:59","slug":"clip-set-lr-for-hat-shelf-alfa-romeo-brera","status":"publish","type":"product","link":"https:\/\/turijnmagazijn.nl\/fr\/produit\/clip-set-lr-for-hat-shelf-alfa-romeo-brera\/","title":{"rendered":"Clip SET L + R pour \u00e9tag\u00e8re \u00e0 colis Alfa Romeo Brera"},"content":{"rendered":"<p><a style=\"background-color: #ffffff; color: #23527c; outline: 0px;\" href=\"https:\/\/turijnmagazijn.nl\/fr\/expedition-par-boite-aux-lettres\/\" target=\"\" rel=\"noopener\"><img decoding=\"async\" src=\"https:\/\/www.delenkorf.nl\/image\/catalog\/brievenbus.png\"><\/a><span style=\"font-size: 12px;\"><br \/>\n<\/span><\/p>\n<p><span style=\"font-size: 12px;\">Jeu de 2 nouveaux clips d\u2019imitation pour le montage de l\u2019\u00e9tag\u00e8re \u00e0 colis pour Alfa Romeo Brera.  <\/span><\/p>\n<p><span style=\"font-size: 12px;\">Ces clips se cassent souvent et font en sorte que l\u2019\u00e9tag\u00e8re \u00e0 colis ne se d\u00e9place plus proprement lorsque le hayon est ouvert.<\/span><\/p>\n<p><span style=\"font-size: 12px;\">Ils sont tr\u00e8s faciles \u00e0 remplacer vous-m\u00eame.<\/span><\/p>\n<p><span style=\"font-size: 12px;\">Portez une attention particuli\u00e8re \u00e0 la diff\u00e9rence entre gauche et droite, ce sont deux versions diff\u00e9rentes, pour votre commodit\u00e9, nous avons fourni les copies de gauche avec un marquage blanc sur le c\u00f4t\u00e9 concave de la &lsquo;pyramide&rsquo;.<\/span><\/p>\n<p><span style=\"font-size: 12px;\"> <\/span><\/p>\n<p><span style=\"font-size: 12px; font-weight: bold;\">Directement disponible sur stock n\u00e9erlandais, livr\u00e9 en quelques jours.<\/span><\/p>\n<p><span style=\"font-size: 12px; font-weight: bold;\">Si n\u00e9cessaire, utilisez l&rsquo;option d&rsquo;exp\u00e9dition par bo\u00eete aux lettres, voir le bouton ci-dessus pour plus d&rsquo;informations sur la fa\u00e7on d&rsquo;organiser cela.<\/span><\/p>\n<p>&nbsp;<\/p>\n<p>Set OEM no Alfa Romeo 71749827<\/p>\n<div><\/div>\n<p><span style=\"font-size: 12px;\">(num\u00e9ro de r\u00e9f\u00e9rence, concerne une pi\u00e8ce d\u2019imitation aux m\u00eames sp\u00e9cifications, sont 1 \u00e0 1 interchangeables)<\/span><\/p>\n","protected":false},"excerpt":{"rendered":"<p>Clip SET L+R pour \u00e9tag\u00e8re \u00e0 colis Alfa Romeo Brera &#8211; Jeu de 2 nouveaux clips d\u2019imitation pour le montage de l\u2019\u00e9tag\u00e8re \u00e0 colis pour Alfa Romeo Brera.<\/p>\n","protected":false},"featured_media":53008,"comment_status":"closed","ping_status":"closed","template":"","meta":{"_acf_changed":false},"product_brand":[],"product_cat":[1582,1644],"product_tag":[],"class_list":{"0":"post-65911","1":"product","2":"type-product","3":"status-publish","4":"has-post-thumbnail","6":"product_cat-alfa-romeo-fr","7":"product_cat-brera-939-fr","8":"pa_soort-onderdeel-interieur-et-sellerie","10":"first","11":"outofstock","12":"taxable","13":"shipping-taxable","14":"purchasable","15":"product-type-simple"},"acf":[],"yoast_head":"<!-- This site is optimized with the Yoast SEO plugin v27.3 - https:\/\/yoast.com\/product\/yoast-seo-wordpress\/ -->\n<title>Clip SET L + R pour \u00e9tag\u00e8re \u00e0 colis Alfa Romeo Brera - Turijnmagazijn<\/title>\n<meta name=\"robots\" content=\"index, follow, max-snippet:-1, max-image-preview:large, max-video-preview:-1\" \/>\n<link rel=\"canonical\" href=\"https:\/\/turijnmagazijn.nl\/fr\/produit\/clip-set-lr-for-hat-shelf-alfa-romeo-brera\/\" \/>\n<meta property=\"og:locale\" content=\"fr_FR\" \/>\n<meta property=\"og:type\" content=\"article\" \/>\n<meta property=\"og:title\" content=\"Clip SET L + R pour \u00e9tag\u00e8re \u00e0 colis Alfa Romeo Brera - Turijnmagazijn\" \/>\n<meta property=\"og:description\" content=\"Clip SET L+R pour \u00e9tag\u00e8re \u00e0 colis Alfa Romeo Brera - Jeu de 2 nouveaux clips d\u2019imitation pour le montage de l\u2019\u00e9tag\u00e8re \u00e0 colis pour Alfa Romeo Brera.\" \/>\n<meta property=\"og:url\" content=\"https:\/\/turijnmagazijn.nl\/fr\/produit\/clip-set-lr-for-hat-shelf-alfa-romeo-brera\/\" \/>\n<meta property=\"og:site_name\" content=\"Turijnmagazijn\" \/>\n<meta property=\"article:publisher\" content=\"https:\/\/www.facebook.com\/turijnmagazijn\" \/>\n<meta property=\"article:modified_time\" content=\"2025-05-29T09:41:59+00:00\" \/>\n<meta property=\"og:image\" content=\"https:\/\/turijnmagazijn.nl\/wp-content\/uploads\/2023\/03\/DN00100123-Clip-SET-LR-voor-hoedenplank-Fiat-Stilo-Grande-Punto-5.jpg\" \/>\n\t<meta property=\"og:image:width\" content=\"1024\" \/>\n\t<meta property=\"og:image:height\" content=\"768\" \/>\n\t<meta property=\"og:image:type\" content=\"image\/jpeg\" \/>\n<meta name=\"twitter:card\" content=\"summary_large_image\" \/>\n<meta name=\"twitter:label1\" content=\"Dur\u00e9e de lecture estim\u00e9e\" \/>\n\t<meta name=\"twitter:data1\" content=\"1 minute\" \/>\n<script type=\"application\/ld+json\" class=\"yoast-schema-graph\">{\"@context\":\"https:\\\/\\\/schema.org\",\"@graph\":[{\"@type\":\"WebPage\",\"@id\":\"https:\\\/\\\/turijnmagazijn.nl\\\/fr\\\/produit\\\/clip-set-lr-for-hat-shelf-alfa-romeo-brera\\\/\",\"url\":\"https:\\\/\\\/turijnmagazijn.nl\\\/fr\\\/produit\\\/clip-set-lr-for-hat-shelf-alfa-romeo-brera\\\/\",\"name\":\"Clip SET L + R pour \u00e9tag\u00e8re \u00e0 colis Alfa Romeo Brera - Turijnmagazijn\",\"isPartOf\":{\"@id\":\"https:\\\/\\\/turijnmagazijn.jumpstone-dev.nl\\\/#website\"},\"primaryImageOfPage\":{\"@id\":\"https:\\\/\\\/turijnmagazijn.nl\\\/fr\\\/produit\\\/clip-set-lr-for-hat-shelf-alfa-romeo-brera\\\/#primaryimage\"},\"image\":{\"@id\":\"https:\\\/\\\/turijnmagazijn.nl\\\/fr\\\/produit\\\/clip-set-lr-for-hat-shelf-alfa-romeo-brera\\\/#primaryimage\"},\"thumbnailUrl\":\"https:\\\/\\\/turijnmagazijn.nl\\\/wp-content\\\/uploads\\\/2023\\\/03\\\/DN00100123-Clip-SET-LR-voor-hoedenplank-Fiat-Stilo-Grande-Punto-5.jpg\",\"datePublished\":\"2023-03-03T07:50:35+00:00\",\"dateModified\":\"2025-05-29T09:41:59+00:00\",\"breadcrumb\":{\"@id\":\"https:\\\/\\\/turijnmagazijn.nl\\\/fr\\\/produit\\\/clip-set-lr-for-hat-shelf-alfa-romeo-brera\\\/#breadcrumb\"},\"inLanguage\":\"fr-FR\",\"potentialAction\":[{\"@type\":\"ReadAction\",\"target\":[\"https:\\\/\\\/turijnmagazijn.nl\\\/fr\\\/produit\\\/clip-set-lr-for-hat-shelf-alfa-romeo-brera\\\/\"]}]},{\"@type\":\"ImageObject\",\"inLanguage\":\"fr-FR\",\"@id\":\"https:\\\/\\\/turijnmagazijn.nl\\\/fr\\\/produit\\\/clip-set-lr-for-hat-shelf-alfa-romeo-brera\\\/#primaryimage\",\"url\":\"https:\\\/\\\/turijnmagazijn.nl\\\/wp-content\\\/uploads\\\/2023\\\/03\\\/DN00100123-Clip-SET-LR-voor-hoedenplank-Fiat-Stilo-Grande-Punto-5.jpg\",\"contentUrl\":\"https:\\\/\\\/turijnmagazijn.nl\\\/wp-content\\\/uploads\\\/2023\\\/03\\\/DN00100123-Clip-SET-LR-voor-hoedenplank-Fiat-Stilo-Grande-Punto-5.jpg\",\"width\":1024,\"height\":768},{\"@type\":\"BreadcrumbList\",\"@id\":\"https:\\\/\\\/turijnmagazijn.nl\\\/fr\\\/produit\\\/clip-set-lr-for-hat-shelf-alfa-romeo-brera\\\/#breadcrumb\",\"itemListElement\":[{\"@type\":\"ListItem\",\"position\":1,\"name\":\"Home\",\"item\":\"https:\\\/\\\/turijnmagazijn.nl\\\/fr\\\/\"},{\"@type\":\"ListItem\",\"position\":2,\"name\":\"Produits\",\"item\":\"https:\\\/\\\/turijnmagazijn.nl\\\/fr\\\/shop\\\/\"},{\"@type\":\"ListItem\",\"position\":3,\"name\":\"Clip SET L + R pour \u00e9tag\u00e8re \u00e0 colis Alfa Romeo Brera\"}]},{\"@type\":\"WebSite\",\"@id\":\"https:\\\/\\\/turijnmagazijn.jumpstone-dev.nl\\\/#website\",\"url\":\"https:\\\/\\\/turijnmagazijn.jumpstone-dev.nl\\\/\",\"name\":\"Turijnmagazijn\",\"description\":\"Onderdelen nieuw en gebruikt - Fiat &amp; Lancia\",\"publisher\":{\"@id\":\"https:\\\/\\\/turijnmagazijn.jumpstone-dev.nl\\\/#organization\"},\"potentialAction\":[{\"@type\":\"SearchAction\",\"target\":{\"@type\":\"EntryPoint\",\"urlTemplate\":\"https:\\\/\\\/turijnmagazijn.jumpstone-dev.nl\\\/?s={search_term_string}\"},\"query-input\":{\"@type\":\"PropertyValueSpecification\",\"valueRequired\":true,\"valueName\":\"search_term_string\"}}],\"inLanguage\":\"fr-FR\"},{\"@type\":\"Organization\",\"@id\":\"https:\\\/\\\/turijnmagazijn.jumpstone-dev.nl\\\/#organization\",\"name\":\"Turijnmagazijn\",\"url\":\"https:\\\/\\\/turijnmagazijn.jumpstone-dev.nl\\\/\",\"logo\":{\"@type\":\"ImageObject\",\"inLanguage\":\"fr-FR\",\"@id\":\"https:\\\/\\\/turijnmagazijn.jumpstone-dev.nl\\\/#\\\/schema\\\/logo\\\/image\\\/\",\"url\":\"https:\\\/\\\/turijnmagazijn.nl\\\/wp-content\\\/uploads\\\/2021\\\/02\\\/turijnmagazijnlogo.png\",\"contentUrl\":\"https:\\\/\\\/turijnmagazijn.nl\\\/wp-content\\\/uploads\\\/2021\\\/02\\\/turijnmagazijnlogo.png\",\"width\":555,\"height\":270,\"caption\":\"Turijnmagazijn\"},\"image\":{\"@id\":\"https:\\\/\\\/turijnmagazijn.jumpstone-dev.nl\\\/#\\\/schema\\\/logo\\\/image\\\/\"},\"sameAs\":[\"https:\\\/\\\/www.facebook.com\\\/turijnmagazijn\"]}]}<\/script>\n<!-- \/ Yoast SEO plugin. -->","yoast_head_json":{"title":"Clip SET L + R pour \u00e9tag\u00e8re \u00e0 colis Alfa Romeo Brera - Turijnmagazijn","robots":{"index":"index","follow":"follow","max-snippet":"max-snippet:-1","max-image-preview":"max-image-preview:large","max-video-preview":"max-video-preview:-1"},"canonical":"https:\/\/turijnmagazijn.nl\/fr\/produit\/clip-set-lr-for-hat-shelf-alfa-romeo-brera\/","og_locale":"fr_FR","og_type":"article","og_title":"Clip SET L + R pour \u00e9tag\u00e8re \u00e0 colis Alfa Romeo Brera - Turijnmagazijn","og_description":"Clip SET L+R pour \u00e9tag\u00e8re \u00e0 colis Alfa Romeo Brera - Jeu de 2 nouveaux clips d\u2019imitation pour le montage de l\u2019\u00e9tag\u00e8re \u00e0 colis pour Alfa Romeo Brera.","og_url":"https:\/\/turijnmagazijn.nl\/fr\/produit\/clip-set-lr-for-hat-shelf-alfa-romeo-brera\/","og_site_name":"Turijnmagazijn","article_publisher":"https:\/\/www.facebook.com\/turijnmagazijn","article_modified_time":"2025-05-29T09:41:59+00:00","og_image":[{"width":1024,"height":768,"url":"https:\/\/turijnmagazijn.nl\/wp-content\/uploads\/2023\/03\/DN00100123-Clip-SET-LR-voor-hoedenplank-Fiat-Stilo-Grande-Punto-5.jpg","type":"image\/jpeg"}],"twitter_card":"summary_large_image","twitter_misc":{"Dur\u00e9e de lecture estim\u00e9e":"1 minute"},"schema":{"@context":"https:\/\/schema.org","@graph":[{"@type":"WebPage","@id":"https:\/\/turijnmagazijn.nl\/fr\/produit\/clip-set-lr-for-hat-shelf-alfa-romeo-brera\/","url":"https:\/\/turijnmagazijn.nl\/fr\/produit\/clip-set-lr-for-hat-shelf-alfa-romeo-brera\/","name":"Clip SET L + R pour \u00e9tag\u00e8re \u00e0 colis Alfa Romeo Brera - Turijnmagazijn","isPartOf":{"@id":"https:\/\/turijnmagazijn.jumpstone-dev.nl\/#website"},"primaryImageOfPage":{"@id":"https:\/\/turijnmagazijn.nl\/fr\/produit\/clip-set-lr-for-hat-shelf-alfa-romeo-brera\/#primaryimage"},"image":{"@id":"https:\/\/turijnmagazijn.nl\/fr\/produit\/clip-set-lr-for-hat-shelf-alfa-romeo-brera\/#primaryimage"},"thumbnailUrl":"https:\/\/turijnmagazijn.nl\/wp-content\/uploads\/2023\/03\/DN00100123-Clip-SET-LR-voor-hoedenplank-Fiat-Stilo-Grande-Punto-5.jpg","datePublished":"2023-03-03T07:50:35+00:00","dateModified":"2025-05-29T09:41:59+00:00","breadcrumb":{"@id":"https:\/\/turijnmagazijn.nl\/fr\/produit\/clip-set-lr-for-hat-shelf-alfa-romeo-brera\/#breadcrumb"},"inLanguage":"fr-FR","potentialAction":[{"@type":"ReadAction","target":["https:\/\/turijnmagazijn.nl\/fr\/produit\/clip-set-lr-for-hat-shelf-alfa-romeo-brera\/"]}]},{"@type":"ImageObject","inLanguage":"fr-FR","@id":"https:\/\/turijnmagazijn.nl\/fr\/produit\/clip-set-lr-for-hat-shelf-alfa-romeo-brera\/#primaryimage","url":"https:\/\/turijnmagazijn.nl\/wp-content\/uploads\/2023\/03\/DN00100123-Clip-SET-LR-voor-hoedenplank-Fiat-Stilo-Grande-Punto-5.jpg","contentUrl":"https:\/\/turijnmagazijn.nl\/wp-content\/uploads\/2023\/03\/DN00100123-Clip-SET-LR-voor-hoedenplank-Fiat-Stilo-Grande-Punto-5.jpg","width":1024,"height":768},{"@type":"BreadcrumbList","@id":"https:\/\/turijnmagazijn.nl\/fr\/produit\/clip-set-lr-for-hat-shelf-alfa-romeo-brera\/#breadcrumb","itemListElement":[{"@type":"ListItem","position":1,"name":"Home","item":"https:\/\/turijnmagazijn.nl\/fr\/"},{"@type":"ListItem","position":2,"name":"Produits","item":"https:\/\/turijnmagazijn.nl\/fr\/shop\/"},{"@type":"ListItem","position":3,"name":"Clip SET L + R pour \u00e9tag\u00e8re \u00e0 colis Alfa Romeo Brera"}]},{"@type":"WebSite","@id":"https:\/\/turijnmagazijn.jumpstone-dev.nl\/#website","url":"https:\/\/turijnmagazijn.jumpstone-dev.nl\/","name":"Turijnmagazijn","description":"Onderdelen nieuw en gebruikt - Fiat &amp; Lancia","publisher":{"@id":"https:\/\/turijnmagazijn.jumpstone-dev.nl\/#organization"},"potentialAction":[{"@type":"SearchAction","target":{"@type":"EntryPoint","urlTemplate":"https:\/\/turijnmagazijn.jumpstone-dev.nl\/?s={search_term_string}"},"query-input":{"@type":"PropertyValueSpecification","valueRequired":true,"valueName":"search_term_string"}}],"inLanguage":"fr-FR"},{"@type":"Organization","@id":"https:\/\/turijnmagazijn.jumpstone-dev.nl\/#organization","name":"Turijnmagazijn","url":"https:\/\/turijnmagazijn.jumpstone-dev.nl\/","logo":{"@type":"ImageObject","inLanguage":"fr-FR","@id":"https:\/\/turijnmagazijn.jumpstone-dev.nl\/#\/schema\/logo\/image\/","url":"https:\/\/turijnmagazijn.nl\/wp-content\/uploads\/2021\/02\/turijnmagazijnlogo.png","contentUrl":"https:\/\/turijnmagazijn.nl\/wp-content\/uploads\/2021\/02\/turijnmagazijnlogo.png","width":555,"height":270,"caption":"Turijnmagazijn"},"image":{"@id":"https:\/\/turijnmagazijn.jumpstone-dev.nl\/#\/schema\/logo\/image\/"},"sameAs":["https:\/\/www.facebook.com\/turijnmagazijn"]}]}},"_links":{"self":[{"href":"https:\/\/turijnmagazijn.nl\/fr\/wp-json\/wp\/v2\/product\/65911","targetHints":{"allow":["GET"]}}],"collection":[{"href":"https:\/\/turijnmagazijn.nl\/fr\/wp-json\/wp\/v2\/product"}],"about":[{"href":"https:\/\/turijnmagazijn.nl\/fr\/wp-json\/wp\/v2\/types\/product"}],"replies":[{"embeddable":true,"href":"https:\/\/turijnmagazijn.nl\/fr\/wp-json\/wp\/v2\/comments?post=65911"}],"wp:featuredmedia":[{"embeddable":true,"href":"https:\/\/turijnmagazijn.nl\/fr\/wp-json\/wp\/v2\/media\/53008"}],"wp:attachment":[{"href":"https:\/\/turijnmagazijn.nl\/fr\/wp-json\/wp\/v2\/media?parent=65911"}],"wp:term":[{"taxonomy":"product_brand","embeddable":true,"href":"https:\/\/turijnmagazijn.nl\/fr\/wp-json\/wp\/v2\/product_brand?post=65911"},{"taxonomy":"product_cat","embeddable":true,"href":"https:\/\/turijnmagazijn.nl\/fr\/wp-json\/wp\/v2\/product_cat?post=65911"},{"taxonomy":"product_tag","embeddable":true,"href":"https:\/\/turijnmagazijn.nl\/fr\/wp-json\/wp\/v2\/product_tag?post=65911"}],"curies":[{"name":"wp","href":"https:\/\/api.w.org\/{rel}","templated":true}]}}