{"id":65920,"date":"2023-03-03T09:51:07","date_gmt":"2023-03-03T08:51:07","guid":{"rendered":"https:\/\/turijnmagazijn.nl\/product\/banjo-bolt-lancia-delta-integral-tuyaux-de-pompe-de-direction\/"},"modified":"2023-07-27T12:37:01","modified_gmt":"2023-07-27T10:37:01","slug":"banjo-bout-lancia-delta-integral-direction-pompe-tuyauterie","status":"publish","type":"product","link":"https:\/\/turijnmagazijn.nl\/fr\/produit\/banjo-bout-lancia-delta-integral-direction-pompe-tuyauterie\/","title":{"rendered":"Banjo bolt Lancia Delta Integral tuyaux de pompe de direction"},"content":{"rendered":"<p><a href=\"https:\/\/turijnmagazijn.nl\/fr\/expedition-par-boite-aux-lettres\/\" target=\"\" style=\"background-color: rgb(255, 255, 255); color: rgb(35, 82, 124); outline: 0px;\" rel=\"noopener\"><img decoding=\"async\" src=\"https:\/\/www.delenkorf.nl\/image\/catalog\/brievenbus.png\"><\/a><\/p>\n<p>Banjobout pour le montage de la ligne de direction assist\u00e9e pour Lancia Delta Integrale.<\/p>\n<p>Applicable \u00e0:  <\/p>\n<\/p>\n<ul>\n<li>Lancia Delta Integrale 8V<\/li>\n<li>Lancia Delta Integrale 16V<\/li>\n<li>Lancia Delta Integrale EVO I<\/li>\n<li>Lancia Delta Integrale EVO II<\/li>\n<li>Tous les types de Lancia Delta I r\u00e9guliers<\/li>\n<\/ul>\n<p>Concerne le boulon de petite taille appliqu\u00e9 entre la timonerie et une pompe de puissance. 2 pi\u00e8ces par voiture.<\/p>\n<p>Il s\u2019agit d\u2019une <span style=\"font-weight: bold;\">nouvelle pi\u00e8ce<\/span> originale Lancia \u00e0 partir d\u2019un vieux stock.<\/p>\n<p>Le boulon a 3 ouvertures traversantes.<\/p>\n<p><\/p>\n<p>S\u2019applique \u00e9galement \u00e0:<\/p>\n<\/p>\n<ul>\n<li>Fiat Barchetta<\/li>\n<li>Fiat Punto<\/li>\n<li>Fiat Coup\u00e2\u00e3\u00e2\u00e3\u00e2\u00e2\u00e3\u00e2\u00e2\u00e3\u00e2\u00e2\u00e3\u00e2\u00e2\u00e2\u00e2\u00e3\u00e2\u00e2\ufffd\u00a9<\/li>\n<li>Fiat Tempra<\/li>\n<li>Fiat Tipo<\/li>\n<li>Lancia Dedra<\/li>\n<li>Th\u00e8me Lancia<\/li>\n<li>Lancia Delta II<\/li>\n<li>Alfa Romeo 155<\/li>\n<\/ul>\n<p><\/p>\n<p>OEM LANCIA&nbsp;82352916<\/p>\n<p>Pr\u00e9c\u00e9demment num\u00e9ro OEM Lancia 82418367<\/p>\n","protected":false},"excerpt":{"rendered":"<p>Tubes de pompe de direction Lancia Delta Integral \u00e0 boulon Banjo &#8211; Banjobout pour le montage de la ligne de direction assist\u00e9e pour Lancia Delta Integrale.<\/p>\n","protected":false},"featured_media":53052,"comment_status":"open","ping_status":"closed","template":"","meta":{"_acf_changed":false},"product_brand":[],"product_cat":[1702,1719,1806,1841,1690,1798,1779,1896,1781],"product_tag":[],"class_list":{"0":"post-65920","1":"product","2":"type-product","3":"status-publish","4":"has-post-thumbnail","6":"product_cat-barchetta-183-fr","7":"product_cat-coupe-175-fr","8":"product_cat-delta-1-831-fr","9":"product_cat-delta-2-836-fr","10":"product_cat-fiat-fr","11":"product_cat-lancia-fr","12":"product_cat-tempra-159-fr","13":"product_cat-thema-834-fr","14":"product_cat-tipo-1-160-fr","15":"pa_soort-onderdeel-carrosserie-et-tolerie","17":"first","18":"instock","19":"taxable","20":"shipping-taxable","21":"purchasable","22":"product-type-simple"},"acf":[],"yoast_head":"<!-- This site is optimized with the Yoast SEO plugin v27.3 - https:\/\/yoast.com\/product\/yoast-seo-wordpress\/ -->\n<title>Banjo bolt Lancia Delta Integral tuyaux de pompe de direction - Turijnmagazijn<\/title>\n<meta name=\"robots\" content=\"index, follow, max-snippet:-1, max-image-preview:large, max-video-preview:-1\" \/>\n<link rel=\"canonical\" href=\"https:\/\/turijnmagazijn.nl\/fr\/produit\/banjo-bout-lancia-delta-integral-direction-pompe-tuyauterie\/\" \/>\n<meta property=\"og:locale\" content=\"fr_FR\" \/>\n<meta property=\"og:type\" content=\"article\" \/>\n<meta property=\"og:title\" content=\"Banjo bolt Lancia Delta Integral tuyaux de pompe de direction - Turijnmagazijn\" \/>\n<meta property=\"og:description\" content=\"Tubes de pompe de direction Lancia Delta Integral \u00e0 boulon Banjo - Banjobout pour le montage de la ligne de direction assist\u00e9e pour Lancia Delta Integrale.\" \/>\n<meta property=\"og:url\" content=\"https:\/\/turijnmagazijn.nl\/fr\/produit\/banjo-bout-lancia-delta-integral-direction-pompe-tuyauterie\/\" \/>\n<meta property=\"og:site_name\" content=\"Turijnmagazijn\" \/>\n<meta property=\"article:publisher\" content=\"https:\/\/www.facebook.com\/turijnmagazijn\" \/>\n<meta property=\"article:modified_time\" content=\"2023-07-27T10:37:01+00:00\" \/>\n<meta property=\"og:image\" content=\"https:\/\/turijnmagazijn.nl\/wp-content\/uploads\/2023\/03\/DN00100125-Banjo-bout-Lancia-Delta-Integrale-stuurpomp-leidingen-2-1.jpg\" \/>\n\t<meta property=\"og:image:width\" content=\"1024\" \/>\n\t<meta property=\"og:image:height\" content=\"768\" \/>\n\t<meta property=\"og:image:type\" content=\"image\/jpeg\" \/>\n<meta name=\"twitter:card\" content=\"summary_large_image\" \/>\n<meta name=\"twitter:label1\" content=\"Dur\u00e9e de lecture estim\u00e9e\" \/>\n\t<meta name=\"twitter:data1\" content=\"1 minute\" \/>\n<script type=\"application\/ld+json\" class=\"yoast-schema-graph\">{\"@context\":\"https:\\\/\\\/schema.org\",\"@graph\":[{\"@type\":\"WebPage\",\"@id\":\"https:\\\/\\\/turijnmagazijn.nl\\\/fr\\\/produit\\\/banjo-bout-lancia-delta-integral-direction-pompe-tuyauterie\\\/\",\"url\":\"https:\\\/\\\/turijnmagazijn.nl\\\/fr\\\/produit\\\/banjo-bout-lancia-delta-integral-direction-pompe-tuyauterie\\\/\",\"name\":\"Banjo bolt Lancia Delta Integral tuyaux de pompe de direction - Turijnmagazijn\",\"isPartOf\":{\"@id\":\"https:\\\/\\\/turijnmagazijn.jumpstone-dev.nl\\\/#website\"},\"primaryImageOfPage\":{\"@id\":\"https:\\\/\\\/turijnmagazijn.nl\\\/fr\\\/produit\\\/banjo-bout-lancia-delta-integral-direction-pompe-tuyauterie\\\/#primaryimage\"},\"image\":{\"@id\":\"https:\\\/\\\/turijnmagazijn.nl\\\/fr\\\/produit\\\/banjo-bout-lancia-delta-integral-direction-pompe-tuyauterie\\\/#primaryimage\"},\"thumbnailUrl\":\"https:\\\/\\\/turijnmagazijn.nl\\\/wp-content\\\/uploads\\\/2023\\\/03\\\/DN00100125-Banjo-bout-Lancia-Delta-Integrale-stuurpomp-leidingen-2-1.jpg\",\"datePublished\":\"2023-03-03T08:51:07+00:00\",\"dateModified\":\"2023-07-27T10:37:01+00:00\",\"breadcrumb\":{\"@id\":\"https:\\\/\\\/turijnmagazijn.nl\\\/fr\\\/produit\\\/banjo-bout-lancia-delta-integral-direction-pompe-tuyauterie\\\/#breadcrumb\"},\"inLanguage\":\"fr-FR\",\"potentialAction\":[{\"@type\":\"ReadAction\",\"target\":[\"https:\\\/\\\/turijnmagazijn.nl\\\/fr\\\/produit\\\/banjo-bout-lancia-delta-integral-direction-pompe-tuyauterie\\\/\"]}]},{\"@type\":\"ImageObject\",\"inLanguage\":\"fr-FR\",\"@id\":\"https:\\\/\\\/turijnmagazijn.nl\\\/fr\\\/produit\\\/banjo-bout-lancia-delta-integral-direction-pompe-tuyauterie\\\/#primaryimage\",\"url\":\"https:\\\/\\\/turijnmagazijn.nl\\\/wp-content\\\/uploads\\\/2023\\\/03\\\/DN00100125-Banjo-bout-Lancia-Delta-Integrale-stuurpomp-leidingen-2-1.jpg\",\"contentUrl\":\"https:\\\/\\\/turijnmagazijn.nl\\\/wp-content\\\/uploads\\\/2023\\\/03\\\/DN00100125-Banjo-bout-Lancia-Delta-Integrale-stuurpomp-leidingen-2-1.jpg\",\"width\":1024,\"height\":768},{\"@type\":\"BreadcrumbList\",\"@id\":\"https:\\\/\\\/turijnmagazijn.nl\\\/fr\\\/produit\\\/banjo-bout-lancia-delta-integral-direction-pompe-tuyauterie\\\/#breadcrumb\",\"itemListElement\":[{\"@type\":\"ListItem\",\"position\":1,\"name\":\"Home\",\"item\":\"https:\\\/\\\/turijnmagazijn.nl\\\/fr\\\/\"},{\"@type\":\"ListItem\",\"position\":2,\"name\":\"Produits\",\"item\":\"https:\\\/\\\/turijnmagazijn.nl\\\/fr\\\/shop\\\/\"},{\"@type\":\"ListItem\",\"position\":3,\"name\":\"Banjo bolt Lancia Delta Integral tuyaux de pompe de direction\"}]},{\"@type\":\"WebSite\",\"@id\":\"https:\\\/\\\/turijnmagazijn.jumpstone-dev.nl\\\/#website\",\"url\":\"https:\\\/\\\/turijnmagazijn.jumpstone-dev.nl\\\/\",\"name\":\"Turijnmagazijn\",\"description\":\"Onderdelen nieuw en gebruikt - Fiat &amp; Lancia\",\"publisher\":{\"@id\":\"https:\\\/\\\/turijnmagazijn.jumpstone-dev.nl\\\/#organization\"},\"potentialAction\":[{\"@type\":\"SearchAction\",\"target\":{\"@type\":\"EntryPoint\",\"urlTemplate\":\"https:\\\/\\\/turijnmagazijn.jumpstone-dev.nl\\\/?s={search_term_string}\"},\"query-input\":{\"@type\":\"PropertyValueSpecification\",\"valueRequired\":true,\"valueName\":\"search_term_string\"}}],\"inLanguage\":\"fr-FR\"},{\"@type\":\"Organization\",\"@id\":\"https:\\\/\\\/turijnmagazijn.jumpstone-dev.nl\\\/#organization\",\"name\":\"Turijnmagazijn\",\"url\":\"https:\\\/\\\/turijnmagazijn.jumpstone-dev.nl\\\/\",\"logo\":{\"@type\":\"ImageObject\",\"inLanguage\":\"fr-FR\",\"@id\":\"https:\\\/\\\/turijnmagazijn.jumpstone-dev.nl\\\/#\\\/schema\\\/logo\\\/image\\\/\",\"url\":\"https:\\\/\\\/turijnmagazijn.nl\\\/wp-content\\\/uploads\\\/2021\\\/02\\\/turijnmagazijnlogo.png\",\"contentUrl\":\"https:\\\/\\\/turijnmagazijn.nl\\\/wp-content\\\/uploads\\\/2021\\\/02\\\/turijnmagazijnlogo.png\",\"width\":555,\"height\":270,\"caption\":\"Turijnmagazijn\"},\"image\":{\"@id\":\"https:\\\/\\\/turijnmagazijn.jumpstone-dev.nl\\\/#\\\/schema\\\/logo\\\/image\\\/\"},\"sameAs\":[\"https:\\\/\\\/www.facebook.com\\\/turijnmagazijn\"]}]}<\/script>\n<!-- \/ Yoast SEO plugin. -->","yoast_head_json":{"title":"Banjo bolt Lancia Delta Integral tuyaux de pompe de direction - Turijnmagazijn","robots":{"index":"index","follow":"follow","max-snippet":"max-snippet:-1","max-image-preview":"max-image-preview:large","max-video-preview":"max-video-preview:-1"},"canonical":"https:\/\/turijnmagazijn.nl\/fr\/produit\/banjo-bout-lancia-delta-integral-direction-pompe-tuyauterie\/","og_locale":"fr_FR","og_type":"article","og_title":"Banjo bolt Lancia Delta Integral tuyaux de pompe de direction - Turijnmagazijn","og_description":"Tubes de pompe de direction Lancia Delta Integral \u00e0 boulon Banjo - Banjobout pour le montage de la ligne de direction assist\u00e9e pour Lancia Delta Integrale.","og_url":"https:\/\/turijnmagazijn.nl\/fr\/produit\/banjo-bout-lancia-delta-integral-direction-pompe-tuyauterie\/","og_site_name":"Turijnmagazijn","article_publisher":"https:\/\/www.facebook.com\/turijnmagazijn","article_modified_time":"2023-07-27T10:37:01+00:00","og_image":[{"width":1024,"height":768,"url":"https:\/\/turijnmagazijn.nl\/wp-content\/uploads\/2023\/03\/DN00100125-Banjo-bout-Lancia-Delta-Integrale-stuurpomp-leidingen-2-1.jpg","type":"image\/jpeg"}],"twitter_card":"summary_large_image","twitter_misc":{"Dur\u00e9e de lecture estim\u00e9e":"1 minute"},"schema":{"@context":"https:\/\/schema.org","@graph":[{"@type":"WebPage","@id":"https:\/\/turijnmagazijn.nl\/fr\/produit\/banjo-bout-lancia-delta-integral-direction-pompe-tuyauterie\/","url":"https:\/\/turijnmagazijn.nl\/fr\/produit\/banjo-bout-lancia-delta-integral-direction-pompe-tuyauterie\/","name":"Banjo bolt Lancia Delta Integral tuyaux de pompe de direction - Turijnmagazijn","isPartOf":{"@id":"https:\/\/turijnmagazijn.jumpstone-dev.nl\/#website"},"primaryImageOfPage":{"@id":"https:\/\/turijnmagazijn.nl\/fr\/produit\/banjo-bout-lancia-delta-integral-direction-pompe-tuyauterie\/#primaryimage"},"image":{"@id":"https:\/\/turijnmagazijn.nl\/fr\/produit\/banjo-bout-lancia-delta-integral-direction-pompe-tuyauterie\/#primaryimage"},"thumbnailUrl":"https:\/\/turijnmagazijn.nl\/wp-content\/uploads\/2023\/03\/DN00100125-Banjo-bout-Lancia-Delta-Integrale-stuurpomp-leidingen-2-1.jpg","datePublished":"2023-03-03T08:51:07+00:00","dateModified":"2023-07-27T10:37:01+00:00","breadcrumb":{"@id":"https:\/\/turijnmagazijn.nl\/fr\/produit\/banjo-bout-lancia-delta-integral-direction-pompe-tuyauterie\/#breadcrumb"},"inLanguage":"fr-FR","potentialAction":[{"@type":"ReadAction","target":["https:\/\/turijnmagazijn.nl\/fr\/produit\/banjo-bout-lancia-delta-integral-direction-pompe-tuyauterie\/"]}]},{"@type":"ImageObject","inLanguage":"fr-FR","@id":"https:\/\/turijnmagazijn.nl\/fr\/produit\/banjo-bout-lancia-delta-integral-direction-pompe-tuyauterie\/#primaryimage","url":"https:\/\/turijnmagazijn.nl\/wp-content\/uploads\/2023\/03\/DN00100125-Banjo-bout-Lancia-Delta-Integrale-stuurpomp-leidingen-2-1.jpg","contentUrl":"https:\/\/turijnmagazijn.nl\/wp-content\/uploads\/2023\/03\/DN00100125-Banjo-bout-Lancia-Delta-Integrale-stuurpomp-leidingen-2-1.jpg","width":1024,"height":768},{"@type":"BreadcrumbList","@id":"https:\/\/turijnmagazijn.nl\/fr\/produit\/banjo-bout-lancia-delta-integral-direction-pompe-tuyauterie\/#breadcrumb","itemListElement":[{"@type":"ListItem","position":1,"name":"Home","item":"https:\/\/turijnmagazijn.nl\/fr\/"},{"@type":"ListItem","position":2,"name":"Produits","item":"https:\/\/turijnmagazijn.nl\/fr\/shop\/"},{"@type":"ListItem","position":3,"name":"Banjo bolt Lancia Delta Integral tuyaux de pompe de direction"}]},{"@type":"WebSite","@id":"https:\/\/turijnmagazijn.jumpstone-dev.nl\/#website","url":"https:\/\/turijnmagazijn.jumpstone-dev.nl\/","name":"Turijnmagazijn","description":"Onderdelen nieuw en gebruikt - Fiat &amp; Lancia","publisher":{"@id":"https:\/\/turijnmagazijn.jumpstone-dev.nl\/#organization"},"potentialAction":[{"@type":"SearchAction","target":{"@type":"EntryPoint","urlTemplate":"https:\/\/turijnmagazijn.jumpstone-dev.nl\/?s={search_term_string}"},"query-input":{"@type":"PropertyValueSpecification","valueRequired":true,"valueName":"search_term_string"}}],"inLanguage":"fr-FR"},{"@type":"Organization","@id":"https:\/\/turijnmagazijn.jumpstone-dev.nl\/#organization","name":"Turijnmagazijn","url":"https:\/\/turijnmagazijn.jumpstone-dev.nl\/","logo":{"@type":"ImageObject","inLanguage":"fr-FR","@id":"https:\/\/turijnmagazijn.jumpstone-dev.nl\/#\/schema\/logo\/image\/","url":"https:\/\/turijnmagazijn.nl\/wp-content\/uploads\/2021\/02\/turijnmagazijnlogo.png","contentUrl":"https:\/\/turijnmagazijn.nl\/wp-content\/uploads\/2021\/02\/turijnmagazijnlogo.png","width":555,"height":270,"caption":"Turijnmagazijn"},"image":{"@id":"https:\/\/turijnmagazijn.jumpstone-dev.nl\/#\/schema\/logo\/image\/"},"sameAs":["https:\/\/www.facebook.com\/turijnmagazijn"]}]}},"_links":{"self":[{"href":"https:\/\/turijnmagazijn.nl\/fr\/wp-json\/wp\/v2\/product\/65920","targetHints":{"allow":["GET"]}}],"collection":[{"href":"https:\/\/turijnmagazijn.nl\/fr\/wp-json\/wp\/v2\/product"}],"about":[{"href":"https:\/\/turijnmagazijn.nl\/fr\/wp-json\/wp\/v2\/types\/product"}],"replies":[{"embeddable":true,"href":"https:\/\/turijnmagazijn.nl\/fr\/wp-json\/wp\/v2\/comments?post=65920"}],"wp:featuredmedia":[{"embeddable":true,"href":"https:\/\/turijnmagazijn.nl\/fr\/wp-json\/wp\/v2\/media\/53052"}],"wp:attachment":[{"href":"https:\/\/turijnmagazijn.nl\/fr\/wp-json\/wp\/v2\/media?parent=65920"}],"wp:term":[{"taxonomy":"product_brand","embeddable":true,"href":"https:\/\/turijnmagazijn.nl\/fr\/wp-json\/wp\/v2\/product_brand?post=65920"},{"taxonomy":"product_cat","embeddable":true,"href":"https:\/\/turijnmagazijn.nl\/fr\/wp-json\/wp\/v2\/product_cat?post=65920"},{"taxonomy":"product_tag","embeddable":true,"href":"https:\/\/turijnmagazijn.nl\/fr\/wp-json\/wp\/v2\/product_tag?post=65920"}],"curies":[{"name":"wp","href":"https:\/\/api.w.org\/{rel}","templated":true}]}}