{"id":65932,"date":"2023-03-03T08:51:59","date_gmt":"2023-03-03T07:51:59","guid":{"rendered":"https:\/\/turijnmagazijn.nl\/product\/bouchon-de-serrage-pour-lancia-delta-integrale-evo-kappa-coupe-delta-ii-alfa-155-imitation\/"},"modified":"2025-02-28T02:40:02","modified_gmt":"2025-02-28T01:40:02","slug":"clipping-list-plug-for-lancia-delta-integral-evo-kappa-coupe-delta-ii-alpha-155-imitation","status":"publish","type":"product","link":"https:\/\/turijnmagazijn.nl\/fr\/produit\/clipping-list-plug-for-lancia-delta-integral-evo-kappa-coupe-delta-ii-alpha-155-imitation\/","title":{"rendered":"Bouchon de serrage pour Lancia Delta int\u00e9grale EVO &#8211; Kappa Coupe &#8211; Delta II &#8211; Alfa 155 IMITATION"},"content":{"rendered":"<p>Nouvelle bande de serrage imitation qui agit comme un bouchon strident pour le montage de la jupe lat\u00e9rale pour Lancia Delta Integrale EVO.<\/p>\n<p>\u00c9galement appliqu\u00e9 \u00e0 de nombreuses autres Alfa Romeo et Lancia de Fiat.<\/p>\n<p>C\u2019est un petit bouchon allong\u00e9 qui s\u2019ins\u00e8re dans un renfoncement de 2,5 par 10 mm.<\/p>\n<p>OEM<span style=\"font-weight: bold;\"> POUR R\u00c9F\u00c9RENCE, pas un produit OEM <\/span>! Lancia 82422490<\/p>\n<p>Num\u00e9ros OEM compatibles (m\u00eame produit) <span style=\"color: #757575; font-family: Tahoma, Arial, Helvetica, sans-serif; font-size: 14px;\">82477015 46407046 60805699<\/span><\/p>\n<p>&nbsp;<\/p>\n<p>Liste des applications possibles :<\/p>\n<p><span style=\"font-size: 12px;\"> <\/span><\/p>\n<p><span style=\"font-size: 12px;\">FIAT &#8211; 1M BRAVA G.98 BZ\/DS (1998-2001)<\/span><\/p>\n<p><span style=\"font-size: 12px;\">FIAT &#8211; 1H BRAVO BZ\/DS (1995-1998)<\/span><\/p>\n<p><span style=\"font-size: 12px;\">FIAT &#8211; 1L BRAVO G.98 BZ\/DS (1998-2001)<\/span><\/p>\n<p><span style=\"font-size: 12px;\">FIAT &#8211; PC COUPE&rsquo; (1994-1996)<\/span><\/p>\n<p><span style=\"font-size: 12px;\">FIAT &#8211; PX COUPE&rsquo; GAMMA&rsquo;96 (1996-2000)<\/span><\/p>\n<p><span style=\"font-size: 12px;\">FIAT &#8211; MZ CROMA CHT FL.90 (1990-1992)<\/span><\/p>\n<p><span style=\"font-size: 12px;\">FIAT &#8211; MON CROMA IE-IE TB. FL.90 (1990-1996)<\/span><\/p>\n<p><span style=\"font-size: 12px;\">FIAT &#8211; NQ CROMA IE. 2500 V6 (1993-1996)<\/span><\/p>\n<p><span style=\"font-size: 12px;\">FIAT &#8211; MJ CROMA TURBO DS FL.90 (1990-1996)<\/span><\/p>\n<p><span style=\"font-size: 12px;\">FIAT &#8211; XP ELBA CSL (1991-1996)<\/span><\/p>\n<p><span style=\"font-size: 12px;\">FIAT &#8211; PT MAREA BENZINA (1996-1999)<\/span><\/p>\n<p><span style=\"font-size: 12px;\">FIAT &#8211; 1Q MAREA BZ GAMMA&rsquo;99 (1999-2002)<\/span><\/p>\n<p><span style=\"font-size: 12px;\">FIAT &#8211; PU MAREA DIESEL (1996-1999)<\/span><\/p>\n<p><span style=\"font-size: 12px;\">FIAT &#8211; 1R MAREA DS GAMMA&rsquo;99 (1999-2002)<\/span><\/p>\n<p><span style=\"font-size: 12px;\">FIAT &#8211; 2H PALIO 2V EXTRA EUROPE REPOS. 2002 (2002-2011)<\/span><\/p>\n<p><span style=\"font-size: 12px;\">FIAT &#8211; 3D PALIO 2V REST.2 (2005-2011)<\/span><\/p>\n<p><span style=\"font-size: 12px;\">FIAT &#8211; 3F PALIO WEEKEND REST.2 (2005-2009)<\/span><\/p>\n<p><span style=\"font-size: 12px;\">FIAT &#8211; 3K PERLA CINA (2006-2007)<\/span><\/p>\n<p><span style=\"font-size: 12px;\">FIAT &#8211; 2L SIENA EXTRA EUROPE REST.(2002-2012)<\/span><\/p>\n<p><span style=\"font-size: 12px;\">FIAT &#8211; 3E REPOS DE SIENNE.2 (2005-2011)<\/span><\/p>\n<p><span style=\"font-size: 12px;\">FIAT &#8211; MV TEMPRA 1370-Fiat, Fiat &gt; Barchetta,0 [183](1989-1993)<\/span><\/p>\n<p><span style=\"font-size: 12px;\">FIAT &#8211; MME TEMPRA 1750-2000 (1989-1993)<\/span><\/p>\n<p><span style=\"font-size: 12px;\">FIAT &#8211; MX TEMPRA DIESEL-TURBO D. (1989-1993)<\/span><\/p>\n<p><span style=\"font-size: 12px;\">FIAT &#8211; NY TEMPRA MAQ.93 1370-Fiat, Fiat &gt; Barchetta [183],0 (&rsquo;93-&rsquo;96)<\/span><\/p>\n<p><span style=\"font-size: 12px;\">FIAT &#8211; NZ TEMPRA MAQ.93 1750-2000 (&rsquo;93-&rsquo;96)<\/span><\/p>\n<p><span style=\"font-size: 12px;\">FIAT &#8211; NJ TEMPRA MQ.93 D-TD (1993-1996)<\/span><\/p>\n<p><span style=\"font-size: 12px;\">FIAT &#8211; ME TIPO 1100-1370-Fiat, Fiat &gt; Barchetta [183],0 (1987-1993)<\/span><\/p>\n<p><span style=\"font-size: 12px;\">FIAT &#8211; NG TIPO 1750-2000 (1990-1993)<\/span><\/p>\n<p><span style=\"font-size: 12px;\">FIAT &#8211; MF TIPO DIESEL-T.DS. (1987-1993)<\/span><\/p>\n<p><span style=\"font-size: 12px;\">FIAT &#8211; NT TIPO MAQ.93 D-TD (1993-1995)<\/span><\/p>\n<p><span style=\"font-size: 12px;\">FIAT &#8211; NS TIPO MQ.93 1370-Fiat, Fiat &gt; Barchetta [183],0 (1993-1995)<\/span><\/p>\n<p><span style=\"font-size: 12px;\">FIAT &#8211; MAINTENANT TIPO MQ.93 1750-2000 (1993-1995)<\/span><\/p>\n<p><span style=\"font-size: 12px;\">FIAT &#8211; MP TIPO SPORT 16V IE. (1988-1993)<\/span><\/p>\n<p><span style=\"font-size: 12px;\">FIAT &#8211; ML UNO CS (1988-1990)<\/span><\/p>\n<p><span style=\"font-size: 12px;\">FIAT &#8211; MU UNO DIESEL R\/89 (1989-1995)<\/span><\/p>\n<p><span style=\"font-size: 12px;\">FIAT &#8211; 1D UNO MONDO (1995-2010)<\/span><\/p>\n<p><span style=\"font-size: 12px;\">FIAT &#8211; MS UNO R\/89 1.1-1370-1.5 (1989-1995)<\/span><\/p>\n<p><span style=\"font-size: 12px;\">FIAT &#8211; M. UNO R\/89 900-1.0-1.1 (1989-1995)<\/span><\/p>\n<p><span style=\"font-size: 12px;\">FIAT &#8211; MT UNO TURBO R\/89 (1989-1993)<\/span><\/p>\n<p><span style=\"font-size: 12px;\">ALFA ROMEO &#8211; U1 145 BZ\/DS (1994-1996)<\/span><\/p>\n<p><span style=\"font-size: 12px;\">ALFA ROMEO &#8211; T5 145 GAMME 97 (1997-1999)<\/span><\/p>\n<p><span style=\"font-size: 12px;\">ALFA ROMEO &#8211; W3 145 M.Y. &rsquo;99 (1999-2000)<\/span><\/p>\n<p><span style=\"font-size: 12px;\">ALFA ROMEO &#8211; U2 146 BZ\/DS (1995-1996)<\/span><\/p>\n<p><span style=\"font-size: 12px;\">ALFA ROMEO &#8211; T6 146 GAMME 97 (1997-1999)<\/span><\/p>\n<p><span style=\"font-size: 12px;\">ALFA ROMEO &#8211; W4 146 M.Y. &rsquo;99 (1999-2000)<\/span><\/p>\n<p><span style=\"font-size: 12px;\">ALFA ROMEO &#8211; W8 147 BZ\/DS (2000-2010)<\/span><\/p>\n<p><span style=\"font-size: 12px;\">ALFA ROMEO &#8211; U5 155 ASPIRATO (1992-1996)<\/span><\/p>\n<p><span style=\"font-size: 12px;\">ALFA ROMEO &#8211; T3 155 GAMME 96 BZ (1996-1997)<\/span><\/p>\n<p><span style=\"font-size: 12px;\">ALFA ROMEO &#8211; T4 155 GAMME 96 DS (1996-1997)<\/span><\/p>\n<p><span style=\"font-size: 12px;\">ALFA ROMEO &#8211; U6 155 TURBO BZ-DS (1992-1996)<\/span><\/p>\n<p><span style=\"font-size: 12px;\">ALFA ROMEO &#8211; T7 156 BENZINA (1997-2002)<\/span><\/p>\n<p><span style=\"font-size: 12px;\">ALFA ROMEO &#8211; X1 156 M.Y.2002 BZ\/DS (2001-2005)<\/span><\/p>\n<p><span style=\"font-size: 12px;\">ALFA ROMEO &#8211; T8 156 TD.ID. (1997-2002)<\/span><\/p>\n<p><span style=\"font-size: 12px;\">ALFA ROMEO &#8211; W9 166 BZ-DS (1998-2007)<\/span><\/p>\n<p><span style=\"font-size: 12px;\">LANCIA &#8211; RY DEDRA BENZINA (1989-1994)<\/span><\/p>\n<p><span style=\"font-size: 12px;\">LANCIA &#8211; SL DEDRA FL.94 Fiat, Fiat &gt; Barchetta [183], 0-1750 8\/16V 2000 (1994-1999)<\/span><\/p>\n<p><span style=\"font-size: 12px;\">LANCIA &#8211; SM DEDRA FL.94 1750-2.0 (1994-1999)<\/span><\/p>\n<p><span style=\"font-size: 12px;\">LANCIA &#8211; SN DEDRA FL.94 T.DS (1994-1999)<\/span><\/p>\n<p><span style=\"font-size: 12px;\">LANCIA &#8211; RJ DEDRA IE. TUBERCULOSE. INTEGRALE (1990-1994)<\/span><\/p>\n<p><span style=\"font-size: 12px;\">LANCIA &#8211; RZ DEDRA TURBO DIESEL (1989-1994)<\/span><\/p>\n<p><span style=\"font-size: 12px;\">LANCIA &#8211; SA DELTA EVOLUZIONE (1991-1994)<\/span><\/p>\n<p><span style=\"font-size: 12px;\">LANCIA &#8211; SV KAPPA COUPE&rsquo; (1997-2001)<\/span><\/p>\n<p><span style=\"font-size: 12px;\">LANCIA &#8211; SF N.DELTA 1400-Alfa Romeo, Alfa Romeo &gt; Alfetta [116],0-1800(1993-1999)<\/span><\/p>\n<p><span style=\"font-size: 12px;\">LANCIA &#8211; SG N.DELTA 2.0 -1750 132CV (&rsquo;93-&rsquo;99)<\/span><\/p>\n<p><span style=\"font-size: 12px;\">LANCIA &#8211; SQ N.DELTA TB\/DS (1994-1999)<\/span><\/p>\n<p><span style=\"font-size: 12px;\">LANCIA &#8211; TH\u00c8ME SD 3.0 V6 FL.92 (1992-1994)<\/span><\/p>\n<p><span style=\"font-size: 12px;\">LANCIA &#8211; SZ TH\u00c8ME BZ\/DS R.88 (1988-1992)<\/span><\/p>\n<p><span style=\"font-size: 12px;\">LANCIA &#8211; SE THEME I.E. 8V FL.92 (1992-1994)<\/span><\/p>\n<p><span style=\"font-size: 12px;\">LANCIA &#8211; TH\u00c8ME SB IE. 16V FL.92 (1992-1994)<\/span><\/p>\n<p><span style=\"font-size: 12px;\">LANCIA &#8211; SC TH\u00c8ME TURBO DS FL.92 (1992-1994)<\/span><\/p>\n<p><span style=\"font-size: 12px;\">FIAT PROFESSIONAL &#8211; 1W DOBLO (2000-2004)<\/span><\/p>\n<p><span style=\"font-size: 12px;\">FIAT PROFESSIONNEL &#8211; 2W DOBLO MY. 2004 (2004-2005)<\/span><\/p>\n<p><span style=\"font-size: 12px;\">FIAT PROFESSIONNEL &#8211; 3C DOBLO REST. 2005 (2005-&#8230;.)<\/span><\/p>\n<p><span style=\"font-size: 12px;\">FIAT PROFESSIONAL &#8211; DUCATO &rsquo;94 BENZINA (1994-2002)<\/span><\/p>\n<p><span style=\"font-size: 12px;\">FIAT PROFESSIONNEL &#8211; 2\u00c8ME DUCATO RESTYL. BZ\/DS (2001-2006)<\/span><\/p>\n<p><span style=\"font-size: 12px;\">FIAT PROFESSIONNEL &#8211; 3T DUCATO RUSSIE 2008 (2008-2011)<\/span><\/p>\n<p><span style=\"font-size: 12px;\">FIAT PROFESSIONAL &#8211; PE DUCATO&rsquo;94 DIESEL (1994-2002)<\/span><\/p>\n<p><span style=\"font-size: 12px;\">FIAT PROFESSIONNEL &#8211; 2M FIORINO (1991-1993)<\/span><\/p>\n<p><span style=\"font-size: 12px;\">FIAT PROFESSIONAL &#8211; 3A FIORINO EXPORT (2004-2008)<\/span><\/p>\n<p><span style=\"font-size: 12px;\">FIAT PROFESSIONAL &#8211; 2N FIORINO RL (1993-2000)<\/span><\/p>\n<p><span style=\"font-size: 12px;\">FIAT PROFESSIONNEL &#8211; 3V NUOVO DOBLO 2009 (2009-&#8230;.)<\/span><\/p>\n<p><span style=\"font-size: 12px;\">FIAT PROFESSIONNEL &#8211; 3N NUOVO FIORINO-QUBO (2007-&#8230;.)<\/span><\/p>\n","protected":false},"excerpt":{"rendered":"<p>Bouchon de bande de serrage pour Lancia Delta integral EVO &#8211; Kappa Coupe &#8211; Delta II &#8211; Alfa 155 &#8211; Nouvelle bande de serrage originale qui fait office de bouchon strident pour le montage de la jupe lat\u00e9rale pour Lancia Delta Integrale EVO. Bouchon de pince pour Lancia Delta integra<\/p>\n","protected":false},"featured_media":53232,"comment_status":"closed","ping_status":"closed","template":"","meta":{"_acf_changed":false},"product_brand":[],"product_cat":[1613,1650,1582,1865,1719,1802,1806,1841,1690,1836,1830,1838,1860,1798,1736,1870,1779,1896,1781,1786],"product_tag":[],"class_list":{"0":"post-65932","1":"product","2":"type-product","3":"status-publish","4":"has-post-thumbnail","6":"product_cat-156-932-fr","7":"product_cat-166-936-fr","8":"product_cat-alfa-romeo-fr","9":"product_cat-coupe-fr","10":"product_cat-coupe-175-fr","11":"product_cat-dedra-835-fr","12":"product_cat-delta-1-831-fr","13":"product_cat-delta-2-836-fr","14":"product_cat-fiat-fr","15":"product_cat-integrale-16v-fr","16":"product_cat-integrale-8v-fr","17":"product_cat-integrale-evo-fr","18":"product_cat-kappa-838-fr","19":"product_cat-lancia-fr","20":"product_cat-marea-185-fr","21":"product_cat-sw-fr","22":"product_cat-tempra-159-fr","23":"product_cat-thema-834-fr","24":"product_cat-tipo-1-160-fr","25":"product_cat-uno-1-146-fr","26":"pa_soort-onderdeel-tableau-de-bord-et-commutateurs","28":"first","29":"instock","30":"taxable","31":"shipping-taxable","32":"purchasable","33":"product-type-simple"},"acf":[],"yoast_head":"<!-- This site is optimized with the Yoast SEO plugin v27.3 - https:\/\/yoast.com\/product\/yoast-seo-wordpress\/ -->\n<title>Bouchon de serrage pour Lancia Delta int\u00e9grale EVO - Kappa Coupe - Delta II - Alfa 155 IMITATION - Turijnmagazijn<\/title>\n<meta name=\"robots\" content=\"index, follow, max-snippet:-1, max-image-preview:large, max-video-preview:-1\" \/>\n<link rel=\"canonical\" href=\"https:\/\/turijnmagazijn.nl\/fr\/produit\/clipping-list-plug-for-lancia-delta-integral-evo-kappa-coupe-delta-ii-alpha-155-imitation\/\" \/>\n<meta property=\"og:locale\" content=\"fr_FR\" \/>\n<meta property=\"og:type\" content=\"article\" \/>\n<meta property=\"og:title\" content=\"Bouchon de serrage pour Lancia Delta int\u00e9grale EVO - Kappa Coupe - Delta II - Alfa 155 IMITATION - Turijnmagazijn\" \/>\n<meta property=\"og:description\" content=\"Bouchon de bande de serrage pour Lancia Delta integral EVO - Kappa Coupe - Delta II - Alfa 155 - Nouvelle bande de serrage originale qui fait office de bouchon strident pour le montage de la jupe lat\u00e9rale pour Lancia Delta Integrale EVO. Bouchon de pince pour Lancia Delta integra\" \/>\n<meta property=\"og:url\" content=\"https:\/\/turijnmagazijn.nl\/fr\/produit\/clipping-list-plug-for-lancia-delta-integral-evo-kappa-coupe-delta-ii-alpha-155-imitation\/\" \/>\n<meta property=\"og:site_name\" content=\"Turijnmagazijn\" \/>\n<meta property=\"article:publisher\" content=\"https:\/\/www.facebook.com\/turijnmagazijn\" \/>\n<meta property=\"article:modified_time\" content=\"2025-02-28T01:40:02+00:00\" \/>\n<meta property=\"og:image\" content=\"https:\/\/turijnmagazijn.nl\/wp-content\/uploads\/2023\/03\/DS00109905-Klemlijst-plug-voor-Lancia-Delta-integrale-EVO-Kappa-Coupe-Delta-II-Alfa-155-3.jpg\" \/>\n\t<meta property=\"og:image:width\" content=\"1024\" \/>\n\t<meta property=\"og:image:height\" content=\"768\" \/>\n\t<meta property=\"og:image:type\" content=\"image\/jpeg\" \/>\n<meta name=\"twitter:card\" content=\"summary_large_image\" \/>\n<meta name=\"twitter:label1\" content=\"Dur\u00e9e de lecture estim\u00e9e\" \/>\n\t<meta name=\"twitter:data1\" content=\"3 minutes\" \/>\n<script type=\"application\/ld+json\" class=\"yoast-schema-graph\">{\"@context\":\"https:\\\/\\\/schema.org\",\"@graph\":[{\"@type\":\"WebPage\",\"@id\":\"https:\\\/\\\/turijnmagazijn.nl\\\/fr\\\/produit\\\/clipping-list-plug-for-lancia-delta-integral-evo-kappa-coupe-delta-ii-alpha-155-imitation\\\/\",\"url\":\"https:\\\/\\\/turijnmagazijn.nl\\\/fr\\\/produit\\\/clipping-list-plug-for-lancia-delta-integral-evo-kappa-coupe-delta-ii-alpha-155-imitation\\\/\",\"name\":\"Bouchon de serrage pour Lancia Delta int\u00e9grale EVO - Kappa Coupe - Delta II - Alfa 155 IMITATION - Turijnmagazijn\",\"isPartOf\":{\"@id\":\"https:\\\/\\\/turijnmagazijn.jumpstone-dev.nl\\\/#website\"},\"primaryImageOfPage\":{\"@id\":\"https:\\\/\\\/turijnmagazijn.nl\\\/fr\\\/produit\\\/clipping-list-plug-for-lancia-delta-integral-evo-kappa-coupe-delta-ii-alpha-155-imitation\\\/#primaryimage\"},\"image\":{\"@id\":\"https:\\\/\\\/turijnmagazijn.nl\\\/fr\\\/produit\\\/clipping-list-plug-for-lancia-delta-integral-evo-kappa-coupe-delta-ii-alpha-155-imitation\\\/#primaryimage\"},\"thumbnailUrl\":\"https:\\\/\\\/turijnmagazijn.nl\\\/wp-content\\\/uploads\\\/2023\\\/03\\\/DS00109905-Klemlijst-plug-voor-Lancia-Delta-integrale-EVO-Kappa-Coupe-Delta-II-Alfa-155-3.jpg\",\"datePublished\":\"2023-03-03T07:51:59+00:00\",\"dateModified\":\"2025-02-28T01:40:02+00:00\",\"breadcrumb\":{\"@id\":\"https:\\\/\\\/turijnmagazijn.nl\\\/fr\\\/produit\\\/clipping-list-plug-for-lancia-delta-integral-evo-kappa-coupe-delta-ii-alpha-155-imitation\\\/#breadcrumb\"},\"inLanguage\":\"fr-FR\",\"potentialAction\":[{\"@type\":\"ReadAction\",\"target\":[\"https:\\\/\\\/turijnmagazijn.nl\\\/fr\\\/produit\\\/clipping-list-plug-for-lancia-delta-integral-evo-kappa-coupe-delta-ii-alpha-155-imitation\\\/\"]}]},{\"@type\":\"ImageObject\",\"inLanguage\":\"fr-FR\",\"@id\":\"https:\\\/\\\/turijnmagazijn.nl\\\/fr\\\/produit\\\/clipping-list-plug-for-lancia-delta-integral-evo-kappa-coupe-delta-ii-alpha-155-imitation\\\/#primaryimage\",\"url\":\"https:\\\/\\\/turijnmagazijn.nl\\\/wp-content\\\/uploads\\\/2023\\\/03\\\/DS00109905-Klemlijst-plug-voor-Lancia-Delta-integrale-EVO-Kappa-Coupe-Delta-II-Alfa-155-3.jpg\",\"contentUrl\":\"https:\\\/\\\/turijnmagazijn.nl\\\/wp-content\\\/uploads\\\/2023\\\/03\\\/DS00109905-Klemlijst-plug-voor-Lancia-Delta-integrale-EVO-Kappa-Coupe-Delta-II-Alfa-155-3.jpg\",\"width\":1024,\"height\":768},{\"@type\":\"BreadcrumbList\",\"@id\":\"https:\\\/\\\/turijnmagazijn.nl\\\/fr\\\/produit\\\/clipping-list-plug-for-lancia-delta-integral-evo-kappa-coupe-delta-ii-alpha-155-imitation\\\/#breadcrumb\",\"itemListElement\":[{\"@type\":\"ListItem\",\"position\":1,\"name\":\"Home\",\"item\":\"https:\\\/\\\/turijnmagazijn.nl\\\/fr\\\/\"},{\"@type\":\"ListItem\",\"position\":2,\"name\":\"Produits\",\"item\":\"https:\\\/\\\/turijnmagazijn.nl\\\/fr\\\/shop\\\/\"},{\"@type\":\"ListItem\",\"position\":3,\"name\":\"Bouchon de serrage pour Lancia Delta int\u00e9grale EVO &#8211; Kappa Coupe &#8211; Delta II &#8211; Alfa 155 IMITATION\"}]},{\"@type\":\"WebSite\",\"@id\":\"https:\\\/\\\/turijnmagazijn.jumpstone-dev.nl\\\/#website\",\"url\":\"https:\\\/\\\/turijnmagazijn.jumpstone-dev.nl\\\/\",\"name\":\"Turijnmagazijn\",\"description\":\"Onderdelen nieuw en gebruikt - Fiat &amp; Lancia\",\"publisher\":{\"@id\":\"https:\\\/\\\/turijnmagazijn.jumpstone-dev.nl\\\/#organization\"},\"potentialAction\":[{\"@type\":\"SearchAction\",\"target\":{\"@type\":\"EntryPoint\",\"urlTemplate\":\"https:\\\/\\\/turijnmagazijn.jumpstone-dev.nl\\\/?s={search_term_string}\"},\"query-input\":{\"@type\":\"PropertyValueSpecification\",\"valueRequired\":true,\"valueName\":\"search_term_string\"}}],\"inLanguage\":\"fr-FR\"},{\"@type\":\"Organization\",\"@id\":\"https:\\\/\\\/turijnmagazijn.jumpstone-dev.nl\\\/#organization\",\"name\":\"Turijnmagazijn\",\"url\":\"https:\\\/\\\/turijnmagazijn.jumpstone-dev.nl\\\/\",\"logo\":{\"@type\":\"ImageObject\",\"inLanguage\":\"fr-FR\",\"@id\":\"https:\\\/\\\/turijnmagazijn.jumpstone-dev.nl\\\/#\\\/schema\\\/logo\\\/image\\\/\",\"url\":\"https:\\\/\\\/turijnmagazijn.nl\\\/wp-content\\\/uploads\\\/2021\\\/02\\\/turijnmagazijnlogo.png\",\"contentUrl\":\"https:\\\/\\\/turijnmagazijn.nl\\\/wp-content\\\/uploads\\\/2021\\\/02\\\/turijnmagazijnlogo.png\",\"width\":555,\"height\":270,\"caption\":\"Turijnmagazijn\"},\"image\":{\"@id\":\"https:\\\/\\\/turijnmagazijn.jumpstone-dev.nl\\\/#\\\/schema\\\/logo\\\/image\\\/\"},\"sameAs\":[\"https:\\\/\\\/www.facebook.com\\\/turijnmagazijn\"]}]}<\/script>\n<!-- \/ Yoast SEO plugin. -->","yoast_head_json":{"title":"Bouchon de serrage pour Lancia Delta int\u00e9grale EVO - Kappa Coupe - Delta II - Alfa 155 IMITATION - Turijnmagazijn","robots":{"index":"index","follow":"follow","max-snippet":"max-snippet:-1","max-image-preview":"max-image-preview:large","max-video-preview":"max-video-preview:-1"},"canonical":"https:\/\/turijnmagazijn.nl\/fr\/produit\/clipping-list-plug-for-lancia-delta-integral-evo-kappa-coupe-delta-ii-alpha-155-imitation\/","og_locale":"fr_FR","og_type":"article","og_title":"Bouchon de serrage pour Lancia Delta int\u00e9grale EVO - Kappa Coupe - Delta II - Alfa 155 IMITATION - Turijnmagazijn","og_description":"Bouchon de bande de serrage pour Lancia Delta integral EVO - Kappa Coupe - Delta II - Alfa 155 - Nouvelle bande de serrage originale qui fait office de bouchon strident pour le montage de la jupe lat\u00e9rale pour Lancia Delta Integrale EVO. Bouchon de pince pour Lancia Delta integra","og_url":"https:\/\/turijnmagazijn.nl\/fr\/produit\/clipping-list-plug-for-lancia-delta-integral-evo-kappa-coupe-delta-ii-alpha-155-imitation\/","og_site_name":"Turijnmagazijn","article_publisher":"https:\/\/www.facebook.com\/turijnmagazijn","article_modified_time":"2025-02-28T01:40:02+00:00","og_image":[{"width":1024,"height":768,"url":"https:\/\/turijnmagazijn.nl\/wp-content\/uploads\/2023\/03\/DS00109905-Klemlijst-plug-voor-Lancia-Delta-integrale-EVO-Kappa-Coupe-Delta-II-Alfa-155-3.jpg","type":"image\/jpeg"}],"twitter_card":"summary_large_image","twitter_misc":{"Dur\u00e9e de lecture estim\u00e9e":"3 minutes"},"schema":{"@context":"https:\/\/schema.org","@graph":[{"@type":"WebPage","@id":"https:\/\/turijnmagazijn.nl\/fr\/produit\/clipping-list-plug-for-lancia-delta-integral-evo-kappa-coupe-delta-ii-alpha-155-imitation\/","url":"https:\/\/turijnmagazijn.nl\/fr\/produit\/clipping-list-plug-for-lancia-delta-integral-evo-kappa-coupe-delta-ii-alpha-155-imitation\/","name":"Bouchon de serrage pour Lancia Delta int\u00e9grale EVO - Kappa Coupe - Delta II - Alfa 155 IMITATION - Turijnmagazijn","isPartOf":{"@id":"https:\/\/turijnmagazijn.jumpstone-dev.nl\/#website"},"primaryImageOfPage":{"@id":"https:\/\/turijnmagazijn.nl\/fr\/produit\/clipping-list-plug-for-lancia-delta-integral-evo-kappa-coupe-delta-ii-alpha-155-imitation\/#primaryimage"},"image":{"@id":"https:\/\/turijnmagazijn.nl\/fr\/produit\/clipping-list-plug-for-lancia-delta-integral-evo-kappa-coupe-delta-ii-alpha-155-imitation\/#primaryimage"},"thumbnailUrl":"https:\/\/turijnmagazijn.nl\/wp-content\/uploads\/2023\/03\/DS00109905-Klemlijst-plug-voor-Lancia-Delta-integrale-EVO-Kappa-Coupe-Delta-II-Alfa-155-3.jpg","datePublished":"2023-03-03T07:51:59+00:00","dateModified":"2025-02-28T01:40:02+00:00","breadcrumb":{"@id":"https:\/\/turijnmagazijn.nl\/fr\/produit\/clipping-list-plug-for-lancia-delta-integral-evo-kappa-coupe-delta-ii-alpha-155-imitation\/#breadcrumb"},"inLanguage":"fr-FR","potentialAction":[{"@type":"ReadAction","target":["https:\/\/turijnmagazijn.nl\/fr\/produit\/clipping-list-plug-for-lancia-delta-integral-evo-kappa-coupe-delta-ii-alpha-155-imitation\/"]}]},{"@type":"ImageObject","inLanguage":"fr-FR","@id":"https:\/\/turijnmagazijn.nl\/fr\/produit\/clipping-list-plug-for-lancia-delta-integral-evo-kappa-coupe-delta-ii-alpha-155-imitation\/#primaryimage","url":"https:\/\/turijnmagazijn.nl\/wp-content\/uploads\/2023\/03\/DS00109905-Klemlijst-plug-voor-Lancia-Delta-integrale-EVO-Kappa-Coupe-Delta-II-Alfa-155-3.jpg","contentUrl":"https:\/\/turijnmagazijn.nl\/wp-content\/uploads\/2023\/03\/DS00109905-Klemlijst-plug-voor-Lancia-Delta-integrale-EVO-Kappa-Coupe-Delta-II-Alfa-155-3.jpg","width":1024,"height":768},{"@type":"BreadcrumbList","@id":"https:\/\/turijnmagazijn.nl\/fr\/produit\/clipping-list-plug-for-lancia-delta-integral-evo-kappa-coupe-delta-ii-alpha-155-imitation\/#breadcrumb","itemListElement":[{"@type":"ListItem","position":1,"name":"Home","item":"https:\/\/turijnmagazijn.nl\/fr\/"},{"@type":"ListItem","position":2,"name":"Produits","item":"https:\/\/turijnmagazijn.nl\/fr\/shop\/"},{"@type":"ListItem","position":3,"name":"Bouchon de serrage pour Lancia Delta int\u00e9grale EVO &#8211; Kappa Coupe &#8211; Delta II &#8211; Alfa 155 IMITATION"}]},{"@type":"WebSite","@id":"https:\/\/turijnmagazijn.jumpstone-dev.nl\/#website","url":"https:\/\/turijnmagazijn.jumpstone-dev.nl\/","name":"Turijnmagazijn","description":"Onderdelen nieuw en gebruikt - Fiat &amp; Lancia","publisher":{"@id":"https:\/\/turijnmagazijn.jumpstone-dev.nl\/#organization"},"potentialAction":[{"@type":"SearchAction","target":{"@type":"EntryPoint","urlTemplate":"https:\/\/turijnmagazijn.jumpstone-dev.nl\/?s={search_term_string}"},"query-input":{"@type":"PropertyValueSpecification","valueRequired":true,"valueName":"search_term_string"}}],"inLanguage":"fr-FR"},{"@type":"Organization","@id":"https:\/\/turijnmagazijn.jumpstone-dev.nl\/#organization","name":"Turijnmagazijn","url":"https:\/\/turijnmagazijn.jumpstone-dev.nl\/","logo":{"@type":"ImageObject","inLanguage":"fr-FR","@id":"https:\/\/turijnmagazijn.jumpstone-dev.nl\/#\/schema\/logo\/image\/","url":"https:\/\/turijnmagazijn.nl\/wp-content\/uploads\/2021\/02\/turijnmagazijnlogo.png","contentUrl":"https:\/\/turijnmagazijn.nl\/wp-content\/uploads\/2021\/02\/turijnmagazijnlogo.png","width":555,"height":270,"caption":"Turijnmagazijn"},"image":{"@id":"https:\/\/turijnmagazijn.jumpstone-dev.nl\/#\/schema\/logo\/image\/"},"sameAs":["https:\/\/www.facebook.com\/turijnmagazijn"]}]}},"_links":{"self":[{"href":"https:\/\/turijnmagazijn.nl\/fr\/wp-json\/wp\/v2\/product\/65932","targetHints":{"allow":["GET"]}}],"collection":[{"href":"https:\/\/turijnmagazijn.nl\/fr\/wp-json\/wp\/v2\/product"}],"about":[{"href":"https:\/\/turijnmagazijn.nl\/fr\/wp-json\/wp\/v2\/types\/product"}],"replies":[{"embeddable":true,"href":"https:\/\/turijnmagazijn.nl\/fr\/wp-json\/wp\/v2\/comments?post=65932"}],"wp:featuredmedia":[{"embeddable":true,"href":"https:\/\/turijnmagazijn.nl\/fr\/wp-json\/wp\/v2\/media\/53232"}],"wp:attachment":[{"href":"https:\/\/turijnmagazijn.nl\/fr\/wp-json\/wp\/v2\/media?parent=65932"}],"wp:term":[{"taxonomy":"product_brand","embeddable":true,"href":"https:\/\/turijnmagazijn.nl\/fr\/wp-json\/wp\/v2\/product_brand?post=65932"},{"taxonomy":"product_cat","embeddable":true,"href":"https:\/\/turijnmagazijn.nl\/fr\/wp-json\/wp\/v2\/product_cat?post=65932"},{"taxonomy":"product_tag","embeddable":true,"href":"https:\/\/turijnmagazijn.nl\/fr\/wp-json\/wp\/v2\/product_tag?post=65932"}],"curies":[{"name":"wp","href":"https:\/\/api.w.org\/{rel}","templated":true}]}}