{"id":65933,"date":"2023-03-03T09:51:37","date_gmt":"2023-03-03T08:51:37","guid":{"rendered":"https:\/\/turijnmagazijn.nl\/product\/regulateur-dequilibrage-de-frein-lancia-delta-integrale-8v-16v\/"},"modified":"2026-01-08T11:16:05","modified_gmt":"2026-01-08T10:16:05","slug":"regulateur-dequilibrage-de-frein-lancia-delta-integral-8v-16v","status":"publish","type":"product","link":"https:\/\/turijnmagazijn.nl\/fr\/produit\/regulateur-dequilibrage-de-frein-lancia-delta-integral-8v-16v\/","title":{"rendered":"R\u00e9gulateur d\u2019\u00e9quilibrage de frein Lancia Delta Integrale 8V-16V"},"content":{"rendered":"<p>Nouveau r\u00e9gulateur d\u2019\u00e9quilibre de frein d\u2019origine &#8211; compensateur de frein pour Lancia Delta Integrale 8V-16V. Distributeur de force de freinage. limiteur de force de freinage. Ce type n\u2019est appliqu\u00e9 qu\u2019aux mod\u00e8les 8V et 16V !<\/p>\n<p>Pour montage \u00e0 l\u2019arri\u00e8re du v\u00e9hicule au niveau du diff\u00e9rentiel arri\u00e8re.&nbsp;<\/p>\n<p>Il s\u2019agit d\u2019une nouvelle pi\u00e8ce fabriqu\u00e9e en Italie avec des moulages originaux et un nouvel int\u00e9rieur. Ces limiteurs de force de freinage n\u2019ont pas rouill\u00e9 \u00e0 l\u2019int\u00e9rieur en raison de la construction r\u00e9cente, comme beaucoup de nouveaux de l\u2019ancien stock.&nbsp;<\/p>\n<p>Composants de tr\u00e8s bonne qualit\u00e9, ce limiteur de force de freinage durera de nombreuses ann\u00e9es.<\/p>\n<p>Produit fabriqu\u00e9 par Bosch.<\/p>\n<p><\/p>\n<p>De nombreuses Delta rencontrent t\u00f4t ou tard des probl\u00e8mes avec le contr\u00f4le technique parce que ces distributeurs de force de freinage restent bloqu\u00e9s en raison de la rouille ou de l\u2019\u00e2ge. L\u2019installation d\u2019un nouveau limiteur de force de freinage r\u00e9sout ce probl\u00e8me sans compromettre l\u2019originalit\u00e9.<\/p>\n<p><\/p>\n<p>OEM lancia 82407503<\/p>\n","protected":false},"excerpt":{"rendered":"<p>R\u00e9gulateur d\u2019\u00e9quilibrage de frein Lancia Delta Integrale &#8211; Nouveau r\u00e9gulateur d\u2019\u00e9quilibre de frein d\u2019origine &#8211; compensateur de frein pour Lancia Delta Distributeur de force de freinage int\u00e9gral, limiteur de force de freinR\u00e9gulateur d\u2019\u00e9quilibrage de frein Lancia Delta Integrale 8V-16V &#8211; Nouveau r\u00e9gulateur d\u2019\u00e9quilibre de frein d\u2019origine &#8211; r<\/p>\n","protected":false},"featured_media":53100,"comment_status":"open","ping_status":"closed","template":"","meta":{"_acf_changed":false},"product_brand":[],"product_cat":[1806,1830,1798],"product_tag":[],"class_list":{"0":"post-65933","1":"product","2":"type-product","3":"status-publish","4":"has-post-thumbnail","6":"product_cat-delta-1-831-fr","7":"product_cat-integrale-8v-fr","8":"product_cat-lancia-fr","9":"pa_soort-onderdeel-carrosserie-et-tolerie","11":"first","12":"instock","13":"taxable","14":"shipping-taxable","15":"purchasable","16":"product-type-simple"},"acf":[],"yoast_head":"<!-- This site is optimized with the Yoast SEO plugin v27.2 - https:\/\/yoast.com\/product\/yoast-seo-wordpress\/ -->\n<title>R\u00e9gulateur d\u2019\u00e9quilibrage de frein Lancia Delta Integrale 8V-16V - Turijnmagazijn<\/title>\n<meta name=\"robots\" content=\"index, follow, max-snippet:-1, max-image-preview:large, max-video-preview:-1\" \/>\n<link rel=\"canonical\" href=\"https:\/\/turijnmagazijn.nl\/fr\/produit\/regulateur-dequilibrage-de-frein-lancia-delta-integral-8v-16v\/\" \/>\n<meta property=\"og:locale\" content=\"fr_FR\" \/>\n<meta property=\"og:type\" content=\"article\" \/>\n<meta property=\"og:title\" content=\"R\u00e9gulateur d\u2019\u00e9quilibrage de frein Lancia Delta Integrale 8V-16V - Turijnmagazijn\" \/>\n<meta property=\"og:description\" content=\"R\u00e9gulateur d\u2019\u00e9quilibrage de frein Lancia Delta Integrale - Nouveau r\u00e9gulateur d\u2019\u00e9quilibre de frein d\u2019origine - compensateur de frein pour Lancia Delta Distributeur de force de freinage int\u00e9gral, limiteur de force de freinR\u00e9gulateur d\u2019\u00e9quilibrage de frein Lancia Delta Integrale 8V-16V - Nouveau r\u00e9gulateur d\u2019\u00e9quilibre de frein d\u2019origine - r\" \/>\n<meta property=\"og:url\" content=\"https:\/\/turijnmagazijn.nl\/fr\/produit\/regulateur-dequilibrage-de-frein-lancia-delta-integral-8v-16v\/\" \/>\n<meta property=\"og:site_name\" content=\"Turijnmagazijn\" \/>\n<meta property=\"article:publisher\" content=\"https:\/\/www.facebook.com\/turijnmagazijn\" \/>\n<meta property=\"article:modified_time\" content=\"2026-01-08T10:16:05+00:00\" \/>\n<meta property=\"og:image\" content=\"https:\/\/turijnmagazijn.nl\/wp-content\/uploads\/2023\/03\/DN00100127-3-1.jpg\" \/>\n\t<meta property=\"og:image:width\" content=\"1024\" \/>\n\t<meta property=\"og:image:height\" content=\"768\" \/>\n\t<meta property=\"og:image:type\" content=\"image\/jpeg\" \/>\n<meta name=\"twitter:card\" content=\"summary_large_image\" \/>\n<meta name=\"twitter:label1\" content=\"Dur\u00e9e de lecture estim\u00e9e\" \/>\n\t<meta name=\"twitter:data1\" content=\"1 minute\" \/>\n<script type=\"application\/ld+json\" class=\"yoast-schema-graph\">{\"@context\":\"https:\/\/schema.org\",\"@graph\":[{\"@type\":\"WebPage\",\"@id\":\"https:\/\/turijnmagazijn.nl\/fr\/produit\/regulateur-dequilibrage-de-frein-lancia-delta-integral-8v-16v\/\",\"url\":\"https:\/\/turijnmagazijn.nl\/fr\/produit\/regulateur-dequilibrage-de-frein-lancia-delta-integral-8v-16v\/\",\"name\":\"R\u00e9gulateur d\u2019\u00e9quilibrage de frein Lancia Delta Integrale 8V-16V - Turijnmagazijn\",\"isPartOf\":{\"@id\":\"https:\/\/turijnmagazijn.jumpstone-dev.nl\/#website\"},\"primaryImageOfPage\":{\"@id\":\"https:\/\/turijnmagazijn.nl\/fr\/produit\/regulateur-dequilibrage-de-frein-lancia-delta-integral-8v-16v\/#primaryimage\"},\"image\":{\"@id\":\"https:\/\/turijnmagazijn.nl\/fr\/produit\/regulateur-dequilibrage-de-frein-lancia-delta-integral-8v-16v\/#primaryimage\"},\"thumbnailUrl\":\"https:\/\/turijnmagazijn.nl\/wp-content\/uploads\/2023\/03\/DN00100127-3-1.jpg\",\"datePublished\":\"2023-03-03T08:51:37+00:00\",\"dateModified\":\"2026-01-08T10:16:05+00:00\",\"breadcrumb\":{\"@id\":\"https:\/\/turijnmagazijn.nl\/fr\/produit\/regulateur-dequilibrage-de-frein-lancia-delta-integral-8v-16v\/#breadcrumb\"},\"inLanguage\":\"fr-FR\",\"potentialAction\":[{\"@type\":\"ReadAction\",\"target\":[\"https:\/\/turijnmagazijn.nl\/fr\/produit\/regulateur-dequilibrage-de-frein-lancia-delta-integral-8v-16v\/\"]}]},{\"@type\":\"ImageObject\",\"inLanguage\":\"fr-FR\",\"@id\":\"https:\/\/turijnmagazijn.nl\/fr\/produit\/regulateur-dequilibrage-de-frein-lancia-delta-integral-8v-16v\/#primaryimage\",\"url\":\"https:\/\/turijnmagazijn.nl\/wp-content\/uploads\/2023\/03\/DN00100127-3-1.jpg\",\"contentUrl\":\"https:\/\/turijnmagazijn.nl\/wp-content\/uploads\/2023\/03\/DN00100127-3-1.jpg\",\"width\":1024,\"height\":768},{\"@type\":\"BreadcrumbList\",\"@id\":\"https:\/\/turijnmagazijn.nl\/fr\/produit\/regulateur-dequilibrage-de-frein-lancia-delta-integral-8v-16v\/#breadcrumb\",\"itemListElement\":[{\"@type\":\"ListItem\",\"position\":1,\"name\":\"Home\",\"item\":\"https:\/\/turijnmagazijn.jumpstone-dev.nl\/\"},{\"@type\":\"ListItem\",\"position\":2,\"name\":\"Produits\",\"item\":\"https:\/\/turijnmagazijn.nl\/fr\/shop\/\"},{\"@type\":\"ListItem\",\"position\":3,\"name\":\"R\u00e9gulateur d\u2019\u00e9quilibrage de frein Lancia Delta Integrale 8V-16V\"}]},{\"@type\":\"WebSite\",\"@id\":\"https:\/\/turijnmagazijn.jumpstone-dev.nl\/#website\",\"url\":\"https:\/\/turijnmagazijn.jumpstone-dev.nl\/\",\"name\":\"Turijnmagazijn\",\"description\":\"Onderdelen nieuw en gebruikt - Fiat &amp; Lancia\",\"publisher\":{\"@id\":\"https:\/\/turijnmagazijn.jumpstone-dev.nl\/#organization\"},\"potentialAction\":[{\"@type\":\"SearchAction\",\"target\":{\"@type\":\"EntryPoint\",\"urlTemplate\":\"https:\/\/turijnmagazijn.jumpstone-dev.nl\/?s={search_term_string}\"},\"query-input\":{\"@type\":\"PropertyValueSpecification\",\"valueRequired\":true,\"valueName\":\"search_term_string\"}}],\"inLanguage\":\"fr-FR\"},{\"@type\":\"Organization\",\"@id\":\"https:\/\/turijnmagazijn.jumpstone-dev.nl\/#organization\",\"name\":\"Turijnmagazijn\",\"url\":\"https:\/\/turijnmagazijn.jumpstone-dev.nl\/\",\"logo\":{\"@type\":\"ImageObject\",\"inLanguage\":\"fr-FR\",\"@id\":\"https:\/\/turijnmagazijn.jumpstone-dev.nl\/#\/schema\/logo\/image\/\",\"url\":\"https:\/\/turijnmagazijn.nl\/wp-content\/uploads\/2021\/02\/turijnmagazijnlogo.png\",\"contentUrl\":\"https:\/\/turijnmagazijn.nl\/wp-content\/uploads\/2021\/02\/turijnmagazijnlogo.png\",\"width\":555,\"height\":270,\"caption\":\"Turijnmagazijn\"},\"image\":{\"@id\":\"https:\/\/turijnmagazijn.jumpstone-dev.nl\/#\/schema\/logo\/image\/\"},\"sameAs\":[\"https:\/\/www.facebook.com\/turijnmagazijn\"]}]}<\/script>\n<!-- \/ Yoast SEO plugin. -->","yoast_head_json":{"title":"R\u00e9gulateur d\u2019\u00e9quilibrage de frein Lancia Delta Integrale 8V-16V - Turijnmagazijn","robots":{"index":"index","follow":"follow","max-snippet":"max-snippet:-1","max-image-preview":"max-image-preview:large","max-video-preview":"max-video-preview:-1"},"canonical":"https:\/\/turijnmagazijn.nl\/fr\/produit\/regulateur-dequilibrage-de-frein-lancia-delta-integral-8v-16v\/","og_locale":"fr_FR","og_type":"article","og_title":"R\u00e9gulateur d\u2019\u00e9quilibrage de frein Lancia Delta Integrale 8V-16V - Turijnmagazijn","og_description":"R\u00e9gulateur d\u2019\u00e9quilibrage de frein Lancia Delta Integrale - Nouveau r\u00e9gulateur d\u2019\u00e9quilibre de frein d\u2019origine - compensateur de frein pour Lancia Delta Distributeur de force de freinage int\u00e9gral, limiteur de force de freinR\u00e9gulateur d\u2019\u00e9quilibrage de frein Lancia Delta Integrale 8V-16V - Nouveau r\u00e9gulateur d\u2019\u00e9quilibre de frein d\u2019origine - r","og_url":"https:\/\/turijnmagazijn.nl\/fr\/produit\/regulateur-dequilibrage-de-frein-lancia-delta-integral-8v-16v\/","og_site_name":"Turijnmagazijn","article_publisher":"https:\/\/www.facebook.com\/turijnmagazijn","article_modified_time":"2026-01-08T10:16:05+00:00","og_image":[{"width":1024,"height":768,"url":"https:\/\/turijnmagazijn.nl\/wp-content\/uploads\/2023\/03\/DN00100127-3-1.jpg","type":"image\/jpeg"}],"twitter_card":"summary_large_image","twitter_misc":{"Dur\u00e9e de lecture estim\u00e9e":"1 minute"},"schema":{"@context":"https:\/\/schema.org","@graph":[{"@type":"WebPage","@id":"https:\/\/turijnmagazijn.nl\/fr\/produit\/regulateur-dequilibrage-de-frein-lancia-delta-integral-8v-16v\/","url":"https:\/\/turijnmagazijn.nl\/fr\/produit\/regulateur-dequilibrage-de-frein-lancia-delta-integral-8v-16v\/","name":"R\u00e9gulateur d\u2019\u00e9quilibrage de frein Lancia Delta Integrale 8V-16V - Turijnmagazijn","isPartOf":{"@id":"https:\/\/turijnmagazijn.jumpstone-dev.nl\/#website"},"primaryImageOfPage":{"@id":"https:\/\/turijnmagazijn.nl\/fr\/produit\/regulateur-dequilibrage-de-frein-lancia-delta-integral-8v-16v\/#primaryimage"},"image":{"@id":"https:\/\/turijnmagazijn.nl\/fr\/produit\/regulateur-dequilibrage-de-frein-lancia-delta-integral-8v-16v\/#primaryimage"},"thumbnailUrl":"https:\/\/turijnmagazijn.nl\/wp-content\/uploads\/2023\/03\/DN00100127-3-1.jpg","datePublished":"2023-03-03T08:51:37+00:00","dateModified":"2026-01-08T10:16:05+00:00","breadcrumb":{"@id":"https:\/\/turijnmagazijn.nl\/fr\/produit\/regulateur-dequilibrage-de-frein-lancia-delta-integral-8v-16v\/#breadcrumb"},"inLanguage":"fr-FR","potentialAction":[{"@type":"ReadAction","target":["https:\/\/turijnmagazijn.nl\/fr\/produit\/regulateur-dequilibrage-de-frein-lancia-delta-integral-8v-16v\/"]}]},{"@type":"ImageObject","inLanguage":"fr-FR","@id":"https:\/\/turijnmagazijn.nl\/fr\/produit\/regulateur-dequilibrage-de-frein-lancia-delta-integral-8v-16v\/#primaryimage","url":"https:\/\/turijnmagazijn.nl\/wp-content\/uploads\/2023\/03\/DN00100127-3-1.jpg","contentUrl":"https:\/\/turijnmagazijn.nl\/wp-content\/uploads\/2023\/03\/DN00100127-3-1.jpg","width":1024,"height":768},{"@type":"BreadcrumbList","@id":"https:\/\/turijnmagazijn.nl\/fr\/produit\/regulateur-dequilibrage-de-frein-lancia-delta-integral-8v-16v\/#breadcrumb","itemListElement":[{"@type":"ListItem","position":1,"name":"Home","item":"https:\/\/turijnmagazijn.jumpstone-dev.nl\/"},{"@type":"ListItem","position":2,"name":"Produits","item":"https:\/\/turijnmagazijn.nl\/fr\/shop\/"},{"@type":"ListItem","position":3,"name":"R\u00e9gulateur d\u2019\u00e9quilibrage de frein Lancia Delta Integrale 8V-16V"}]},{"@type":"WebSite","@id":"https:\/\/turijnmagazijn.jumpstone-dev.nl\/#website","url":"https:\/\/turijnmagazijn.jumpstone-dev.nl\/","name":"Turijnmagazijn","description":"Onderdelen nieuw en gebruikt - Fiat &amp; Lancia","publisher":{"@id":"https:\/\/turijnmagazijn.jumpstone-dev.nl\/#organization"},"potentialAction":[{"@type":"SearchAction","target":{"@type":"EntryPoint","urlTemplate":"https:\/\/turijnmagazijn.jumpstone-dev.nl\/?s={search_term_string}"},"query-input":{"@type":"PropertyValueSpecification","valueRequired":true,"valueName":"search_term_string"}}],"inLanguage":"fr-FR"},{"@type":"Organization","@id":"https:\/\/turijnmagazijn.jumpstone-dev.nl\/#organization","name":"Turijnmagazijn","url":"https:\/\/turijnmagazijn.jumpstone-dev.nl\/","logo":{"@type":"ImageObject","inLanguage":"fr-FR","@id":"https:\/\/turijnmagazijn.jumpstone-dev.nl\/#\/schema\/logo\/image\/","url":"https:\/\/turijnmagazijn.nl\/wp-content\/uploads\/2021\/02\/turijnmagazijnlogo.png","contentUrl":"https:\/\/turijnmagazijn.nl\/wp-content\/uploads\/2021\/02\/turijnmagazijnlogo.png","width":555,"height":270,"caption":"Turijnmagazijn"},"image":{"@id":"https:\/\/turijnmagazijn.jumpstone-dev.nl\/#\/schema\/logo\/image\/"},"sameAs":["https:\/\/www.facebook.com\/turijnmagazijn"]}]}},"_links":{"self":[{"href":"https:\/\/turijnmagazijn.nl\/fr\/wp-json\/wp\/v2\/product\/65933","targetHints":{"allow":["GET"]}}],"collection":[{"href":"https:\/\/turijnmagazijn.nl\/fr\/wp-json\/wp\/v2\/product"}],"about":[{"href":"https:\/\/turijnmagazijn.nl\/fr\/wp-json\/wp\/v2\/types\/product"}],"replies":[{"embeddable":true,"href":"https:\/\/turijnmagazijn.nl\/fr\/wp-json\/wp\/v2\/comments?post=65933"}],"wp:featuredmedia":[{"embeddable":true,"href":"https:\/\/turijnmagazijn.nl\/fr\/wp-json\/wp\/v2\/media\/53100"}],"wp:attachment":[{"href":"https:\/\/turijnmagazijn.nl\/fr\/wp-json\/wp\/v2\/media?parent=65933"}],"wp:term":[{"taxonomy":"product_brand","embeddable":true,"href":"https:\/\/turijnmagazijn.nl\/fr\/wp-json\/wp\/v2\/product_brand?post=65933"},{"taxonomy":"product_cat","embeddable":true,"href":"https:\/\/turijnmagazijn.nl\/fr\/wp-json\/wp\/v2\/product_cat?post=65933"},{"taxonomy":"product_tag","embeddable":true,"href":"https:\/\/turijnmagazijn.nl\/fr\/wp-json\/wp\/v2\/product_tag?post=65933"}],"curies":[{"name":"wp","href":"https:\/\/api.w.org\/{rel}","templated":true}]}}