{"id":65942,"date":"2023-03-03T09:51:59","date_gmt":"2023-03-03T08:51:59","guid":{"rendered":"https:\/\/turijnmagazijn.nl\/product\/pare-chocs-en-caoutchouc-jeu-2-pour-couvercle-de-reservoir-lancia-delta-integrale-reproduction\/"},"modified":"2023-07-27T12:38:09","modified_gmt":"2023-07-27T10:38:09","slug":"caoutchouc-pare-chocs-set-2-pour-couvercle-reservoir-lancia-delta-reproduction-integrale","status":"publish","type":"product","link":"https:\/\/turijnmagazijn.nl\/fr\/produit\/caoutchouc-pare-chocs-set-2-pour-couvercle-reservoir-lancia-delta-reproduction-integrale\/","title":{"rendered":"Pare-chocs en caoutchouc (jeu 2) pour couvercle de r\u00e9servoir Lancia Delta Integrale -REPRODUCTION-"},"content":{"rendered":"<p><a href=\"https:\/\/turijnmagazijn.nl\/fr\/expedition-par-boite-aux-lettres\/\" target=\"\" style=\"background-color: rgb(255, 255, 255); color: rgb(35, 82, 124); outline: 0px;\" rel=\"noopener\"><img decoding=\"async\" src=\"https:\/\/www.delenkorf.nl\/image\/catalog\/brievenbus.png\"><\/a><\/p>\n<p>Jeu de 2 nouveaux pare-chocs en caoutchouc \u00e0 placer dans le renfoncement derri\u00e8re la valve d\u2019essence pour Lancia Delta Integrale, \u00e9galement adapt\u00e9 \u00e0 toutes les autres Delta de type 1. <span style=\"font-weight: bold;\">Concerne une pi\u00e8ce de reproduction avec un dessin diff\u00e9rent de l\u2019original<\/span>, voir exemple de photos de situation d\u2019assemblage.&nbsp;<\/p>\n<p>Il est facile d\u2019obtenir le r\u00e9glage correct du couvercle du r\u00e9servoir avec ce produit car des bagues de remplissage peuvent \u00e9ventuellement \u00eatre plac\u00e9es sous le caoutchouc pour obtenir la distance souhait\u00e9e du corps lors de la suspension du couvercle du r\u00e9servoir.<\/p>\n<p>Peut remplacer les 82324293 OEM<\/p>\n<p>Pour r\u00e9f\u00e9rence seulement, concerne une autre partie!<\/p>\n<p><\/p>\n","protected":false},"excerpt":{"rendered":"<p>Pare-chocs en caoutchouc (jeu 2) pour couvercle de r\u00e9servoir de carburant Lancia Delta Integrale -REPRODUCTION- &#8211; Jeu de 2 nouveaux pare-chocs en caoutchouc \u00e0 placer dans le renfoncement derri\u00e8re la soupape de carburant pour Lancia Delta Integrale, \u00e9galement adapt\u00e9 \u00e0 toutes les autres Delta de type 1.<\/p>\n","protected":false},"featured_media":91934,"comment_status":"closed","ping_status":"closed","template":"","meta":{"_acf_changed":false},"product_brand":[],"product_cat":[1806,1830,1798],"product_tag":[],"class_list":{"0":"post-65942","1":"product","2":"type-product","3":"status-publish","4":"has-post-thumbnail","6":"product_cat-delta-1-831-fr","7":"product_cat-integrale-8v-fr","8":"product_cat-lancia-fr","9":"pa_soort-onderdeel-eclairage","11":"first","12":"instock","13":"taxable","14":"shipping-taxable","15":"purchasable","16":"product-type-simple"},"acf":[],"yoast_head":"<!-- This site is optimized with the Yoast SEO plugin v27.2 - https:\/\/yoast.com\/product\/yoast-seo-wordpress\/ -->\n<title>Pare-chocs en caoutchouc (jeu 2) pour couvercle de r\u00e9servoir Lancia Delta Integrale -REPRODUCTION- Turijnmagazijn<\/title>\n<meta name=\"robots\" content=\"index, follow, max-snippet:-1, max-image-preview:large, max-video-preview:-1\" \/>\n<link rel=\"canonical\" href=\"https:\/\/turijnmagazijn.nl\/fr\/produit\/caoutchouc-pare-chocs-set-2-pour-couvercle-reservoir-lancia-delta-reproduction-integrale\/\" \/>\n<meta property=\"og:locale\" content=\"fr_FR\" \/>\n<meta property=\"og:type\" content=\"article\" \/>\n<meta property=\"og:title\" content=\"Pare-chocs en caoutchouc (jeu 2) pour couvercle de r\u00e9servoir Lancia Delta Integrale -REPRODUCTION- Turijnmagazijn\" \/>\n<meta property=\"og:description\" content=\"Pare-chocs en caoutchouc (jeu 2) pour couvercle de r\u00e9servoir de carburant Lancia Delta Integrale -REPRODUCTION- - Jeu de 2 nouveaux pare-chocs en caoutchouc \u00e0 placer dans le renfoncement derri\u00e8re la soupape de carburant pour Lancia Delta Integrale, \u00e9galement adapt\u00e9 \u00e0 toutes les autres Delta de type 1.\" \/>\n<meta property=\"og:url\" content=\"https:\/\/turijnmagazijn.nl\/fr\/produit\/caoutchouc-pare-chocs-set-2-pour-couvercle-reservoir-lancia-delta-reproduction-integrale\/\" \/>\n<meta property=\"og:site_name\" content=\"Turijnmagazijn\" \/>\n<meta property=\"article:publisher\" content=\"https:\/\/www.facebook.com\/turijnmagazijn\" \/>\n<meta property=\"article:modified_time\" content=\"2023-07-27T10:38:09+00:00\" \/>\n<meta property=\"og:image\" content=\"https:\/\/turijnmagazijn.nl\/wp-content\/uploads\/2025\/06\/DN00100131-Rubber-bumper-set2-voor-tankklepje-Lancia-Delta-Integrale1.jpg\" \/>\n\t<meta property=\"og:image:width\" content=\"1024\" \/>\n\t<meta property=\"og:image:height\" content=\"768\" \/>\n\t<meta property=\"og:image:type\" content=\"image\/jpeg\" \/>\n<meta name=\"twitter:card\" content=\"summary_large_image\" \/>\n<meta name=\"twitter:label1\" content=\"Dur\u00e9e de lecture estim\u00e9e\" \/>\n\t<meta name=\"twitter:data1\" content=\"1 minute\" \/>\n<script type=\"application\/ld+json\" class=\"yoast-schema-graph\">{\"@context\":\"https:\/\/schema.org\",\"@graph\":[{\"@type\":\"WebPage\",\"@id\":\"https:\/\/turijnmagazijn.nl\/fr\/produit\/caoutchouc-pare-chocs-set-2-pour-couvercle-reservoir-lancia-delta-reproduction-integrale\/\",\"url\":\"https:\/\/turijnmagazijn.nl\/fr\/produit\/caoutchouc-pare-chocs-set-2-pour-couvercle-reservoir-lancia-delta-reproduction-integrale\/\",\"name\":\"Pare-chocs en caoutchouc (jeu 2) pour couvercle de r\u00e9servoir Lancia Delta Integrale -REPRODUCTION- Turijnmagazijn\",\"isPartOf\":{\"@id\":\"https:\/\/turijnmagazijn.jumpstone-dev.nl\/#website\"},\"primaryImageOfPage\":{\"@id\":\"https:\/\/turijnmagazijn.nl\/fr\/produit\/caoutchouc-pare-chocs-set-2-pour-couvercle-reservoir-lancia-delta-reproduction-integrale\/#primaryimage\"},\"image\":{\"@id\":\"https:\/\/turijnmagazijn.nl\/fr\/produit\/caoutchouc-pare-chocs-set-2-pour-couvercle-reservoir-lancia-delta-reproduction-integrale\/#primaryimage\"},\"thumbnailUrl\":\"https:\/\/turijnmagazijn.nl\/wp-content\/uploads\/2025\/06\/DN00100131-Rubber-bumper-set2-voor-tankklepje-Lancia-Delta-Integrale1.jpg\",\"datePublished\":\"2023-03-03T08:51:59+00:00\",\"dateModified\":\"2023-07-27T10:38:09+00:00\",\"breadcrumb\":{\"@id\":\"https:\/\/turijnmagazijn.nl\/fr\/produit\/caoutchouc-pare-chocs-set-2-pour-couvercle-reservoir-lancia-delta-reproduction-integrale\/#breadcrumb\"},\"inLanguage\":\"fr-FR\",\"potentialAction\":[{\"@type\":\"ReadAction\",\"target\":[\"https:\/\/turijnmagazijn.nl\/fr\/produit\/caoutchouc-pare-chocs-set-2-pour-couvercle-reservoir-lancia-delta-reproduction-integrale\/\"]}]},{\"@type\":\"ImageObject\",\"inLanguage\":\"fr-FR\",\"@id\":\"https:\/\/turijnmagazijn.nl\/fr\/produit\/caoutchouc-pare-chocs-set-2-pour-couvercle-reservoir-lancia-delta-reproduction-integrale\/#primaryimage\",\"url\":\"https:\/\/turijnmagazijn.nl\/wp-content\/uploads\/2025\/06\/DN00100131-Rubber-bumper-set2-voor-tankklepje-Lancia-Delta-Integrale1.jpg\",\"contentUrl\":\"https:\/\/turijnmagazijn.nl\/wp-content\/uploads\/2025\/06\/DN00100131-Rubber-bumper-set2-voor-tankklepje-Lancia-Delta-Integrale1.jpg\",\"width\":1024,\"height\":768},{\"@type\":\"BreadcrumbList\",\"@id\":\"https:\/\/turijnmagazijn.nl\/fr\/produit\/caoutchouc-pare-chocs-set-2-pour-couvercle-reservoir-lancia-delta-reproduction-integrale\/#breadcrumb\",\"itemListElement\":[{\"@type\":\"ListItem\",\"position\":1,\"name\":\"Home\",\"item\":\"https:\/\/turijnmagazijn.jumpstone-dev.nl\/\"},{\"@type\":\"ListItem\",\"position\":2,\"name\":\"Produits\",\"item\":\"https:\/\/turijnmagazijn.nl\/fr\/shop\/\"},{\"@type\":\"ListItem\",\"position\":3,\"name\":\"Pare-chocs en caoutchouc (jeu 2) pour couvercle de r\u00e9servoir Lancia Delta Integrale -REPRODUCTION-\"}]},{\"@type\":\"WebSite\",\"@id\":\"https:\/\/turijnmagazijn.jumpstone-dev.nl\/#website\",\"url\":\"https:\/\/turijnmagazijn.jumpstone-dev.nl\/\",\"name\":\"Turijnmagazijn\",\"description\":\"Onderdelen nieuw en gebruikt - Fiat &amp; Lancia\",\"publisher\":{\"@id\":\"https:\/\/turijnmagazijn.jumpstone-dev.nl\/#organization\"},\"potentialAction\":[{\"@type\":\"SearchAction\",\"target\":{\"@type\":\"EntryPoint\",\"urlTemplate\":\"https:\/\/turijnmagazijn.jumpstone-dev.nl\/?s={search_term_string}\"},\"query-input\":{\"@type\":\"PropertyValueSpecification\",\"valueRequired\":true,\"valueName\":\"search_term_string\"}}],\"inLanguage\":\"fr-FR\"},{\"@type\":\"Organization\",\"@id\":\"https:\/\/turijnmagazijn.jumpstone-dev.nl\/#organization\",\"name\":\"Turijnmagazijn\",\"url\":\"https:\/\/turijnmagazijn.jumpstone-dev.nl\/\",\"logo\":{\"@type\":\"ImageObject\",\"inLanguage\":\"fr-FR\",\"@id\":\"https:\/\/turijnmagazijn.jumpstone-dev.nl\/#\/schema\/logo\/image\/\",\"url\":\"https:\/\/turijnmagazijn.nl\/wp-content\/uploads\/2021\/02\/turijnmagazijnlogo.png\",\"contentUrl\":\"https:\/\/turijnmagazijn.nl\/wp-content\/uploads\/2021\/02\/turijnmagazijnlogo.png\",\"width\":555,\"height\":270,\"caption\":\"Turijnmagazijn\"},\"image\":{\"@id\":\"https:\/\/turijnmagazijn.jumpstone-dev.nl\/#\/schema\/logo\/image\/\"},\"sameAs\":[\"https:\/\/www.facebook.com\/turijnmagazijn\"]}]}<\/script>\n<!-- \/ Yoast SEO plugin. -->","yoast_head_json":{"title":"Pare-chocs en caoutchouc (jeu 2) pour couvercle de r\u00e9servoir Lancia Delta Integrale -REPRODUCTION- Turijnmagazijn","robots":{"index":"index","follow":"follow","max-snippet":"max-snippet:-1","max-image-preview":"max-image-preview:large","max-video-preview":"max-video-preview:-1"},"canonical":"https:\/\/turijnmagazijn.nl\/fr\/produit\/caoutchouc-pare-chocs-set-2-pour-couvercle-reservoir-lancia-delta-reproduction-integrale\/","og_locale":"fr_FR","og_type":"article","og_title":"Pare-chocs en caoutchouc (jeu 2) pour couvercle de r\u00e9servoir Lancia Delta Integrale -REPRODUCTION- Turijnmagazijn","og_description":"Pare-chocs en caoutchouc (jeu 2) pour couvercle de r\u00e9servoir de carburant Lancia Delta Integrale -REPRODUCTION- - Jeu de 2 nouveaux pare-chocs en caoutchouc \u00e0 placer dans le renfoncement derri\u00e8re la soupape de carburant pour Lancia Delta Integrale, \u00e9galement adapt\u00e9 \u00e0 toutes les autres Delta de type 1.","og_url":"https:\/\/turijnmagazijn.nl\/fr\/produit\/caoutchouc-pare-chocs-set-2-pour-couvercle-reservoir-lancia-delta-reproduction-integrale\/","og_site_name":"Turijnmagazijn","article_publisher":"https:\/\/www.facebook.com\/turijnmagazijn","article_modified_time":"2023-07-27T10:38:09+00:00","og_image":[{"width":1024,"height":768,"url":"https:\/\/turijnmagazijn.nl\/wp-content\/uploads\/2025\/06\/DN00100131-Rubber-bumper-set2-voor-tankklepje-Lancia-Delta-Integrale1.jpg","type":"image\/jpeg"}],"twitter_card":"summary_large_image","twitter_misc":{"Dur\u00e9e de lecture estim\u00e9e":"1 minute"},"schema":{"@context":"https:\/\/schema.org","@graph":[{"@type":"WebPage","@id":"https:\/\/turijnmagazijn.nl\/fr\/produit\/caoutchouc-pare-chocs-set-2-pour-couvercle-reservoir-lancia-delta-reproduction-integrale\/","url":"https:\/\/turijnmagazijn.nl\/fr\/produit\/caoutchouc-pare-chocs-set-2-pour-couvercle-reservoir-lancia-delta-reproduction-integrale\/","name":"Pare-chocs en caoutchouc (jeu 2) pour couvercle de r\u00e9servoir Lancia Delta Integrale -REPRODUCTION- Turijnmagazijn","isPartOf":{"@id":"https:\/\/turijnmagazijn.jumpstone-dev.nl\/#website"},"primaryImageOfPage":{"@id":"https:\/\/turijnmagazijn.nl\/fr\/produit\/caoutchouc-pare-chocs-set-2-pour-couvercle-reservoir-lancia-delta-reproduction-integrale\/#primaryimage"},"image":{"@id":"https:\/\/turijnmagazijn.nl\/fr\/produit\/caoutchouc-pare-chocs-set-2-pour-couvercle-reservoir-lancia-delta-reproduction-integrale\/#primaryimage"},"thumbnailUrl":"https:\/\/turijnmagazijn.nl\/wp-content\/uploads\/2025\/06\/DN00100131-Rubber-bumper-set2-voor-tankklepje-Lancia-Delta-Integrale1.jpg","datePublished":"2023-03-03T08:51:59+00:00","dateModified":"2023-07-27T10:38:09+00:00","breadcrumb":{"@id":"https:\/\/turijnmagazijn.nl\/fr\/produit\/caoutchouc-pare-chocs-set-2-pour-couvercle-reservoir-lancia-delta-reproduction-integrale\/#breadcrumb"},"inLanguage":"fr-FR","potentialAction":[{"@type":"ReadAction","target":["https:\/\/turijnmagazijn.nl\/fr\/produit\/caoutchouc-pare-chocs-set-2-pour-couvercle-reservoir-lancia-delta-reproduction-integrale\/"]}]},{"@type":"ImageObject","inLanguage":"fr-FR","@id":"https:\/\/turijnmagazijn.nl\/fr\/produit\/caoutchouc-pare-chocs-set-2-pour-couvercle-reservoir-lancia-delta-reproduction-integrale\/#primaryimage","url":"https:\/\/turijnmagazijn.nl\/wp-content\/uploads\/2025\/06\/DN00100131-Rubber-bumper-set2-voor-tankklepje-Lancia-Delta-Integrale1.jpg","contentUrl":"https:\/\/turijnmagazijn.nl\/wp-content\/uploads\/2025\/06\/DN00100131-Rubber-bumper-set2-voor-tankklepje-Lancia-Delta-Integrale1.jpg","width":1024,"height":768},{"@type":"BreadcrumbList","@id":"https:\/\/turijnmagazijn.nl\/fr\/produit\/caoutchouc-pare-chocs-set-2-pour-couvercle-reservoir-lancia-delta-reproduction-integrale\/#breadcrumb","itemListElement":[{"@type":"ListItem","position":1,"name":"Home","item":"https:\/\/turijnmagazijn.jumpstone-dev.nl\/"},{"@type":"ListItem","position":2,"name":"Produits","item":"https:\/\/turijnmagazijn.nl\/fr\/shop\/"},{"@type":"ListItem","position":3,"name":"Pare-chocs en caoutchouc (jeu 2) pour couvercle de r\u00e9servoir Lancia Delta Integrale -REPRODUCTION-"}]},{"@type":"WebSite","@id":"https:\/\/turijnmagazijn.jumpstone-dev.nl\/#website","url":"https:\/\/turijnmagazijn.jumpstone-dev.nl\/","name":"Turijnmagazijn","description":"Onderdelen nieuw en gebruikt - Fiat &amp; Lancia","publisher":{"@id":"https:\/\/turijnmagazijn.jumpstone-dev.nl\/#organization"},"potentialAction":[{"@type":"SearchAction","target":{"@type":"EntryPoint","urlTemplate":"https:\/\/turijnmagazijn.jumpstone-dev.nl\/?s={search_term_string}"},"query-input":{"@type":"PropertyValueSpecification","valueRequired":true,"valueName":"search_term_string"}}],"inLanguage":"fr-FR"},{"@type":"Organization","@id":"https:\/\/turijnmagazijn.jumpstone-dev.nl\/#organization","name":"Turijnmagazijn","url":"https:\/\/turijnmagazijn.jumpstone-dev.nl\/","logo":{"@type":"ImageObject","inLanguage":"fr-FR","@id":"https:\/\/turijnmagazijn.jumpstone-dev.nl\/#\/schema\/logo\/image\/","url":"https:\/\/turijnmagazijn.nl\/wp-content\/uploads\/2021\/02\/turijnmagazijnlogo.png","contentUrl":"https:\/\/turijnmagazijn.nl\/wp-content\/uploads\/2021\/02\/turijnmagazijnlogo.png","width":555,"height":270,"caption":"Turijnmagazijn"},"image":{"@id":"https:\/\/turijnmagazijn.jumpstone-dev.nl\/#\/schema\/logo\/image\/"},"sameAs":["https:\/\/www.facebook.com\/turijnmagazijn"]}]}},"_links":{"self":[{"href":"https:\/\/turijnmagazijn.nl\/fr\/wp-json\/wp\/v2\/product\/65942","targetHints":{"allow":["GET"]}}],"collection":[{"href":"https:\/\/turijnmagazijn.nl\/fr\/wp-json\/wp\/v2\/product"}],"about":[{"href":"https:\/\/turijnmagazijn.nl\/fr\/wp-json\/wp\/v2\/types\/product"}],"replies":[{"embeddable":true,"href":"https:\/\/turijnmagazijn.nl\/fr\/wp-json\/wp\/v2\/comments?post=65942"}],"wp:featuredmedia":[{"embeddable":true,"href":"https:\/\/turijnmagazijn.nl\/fr\/wp-json\/wp\/v2\/media\/91934"}],"wp:attachment":[{"href":"https:\/\/turijnmagazijn.nl\/fr\/wp-json\/wp\/v2\/media?parent=65942"}],"wp:term":[{"taxonomy":"product_brand","embeddable":true,"href":"https:\/\/turijnmagazijn.nl\/fr\/wp-json\/wp\/v2\/product_brand?post=65942"},{"taxonomy":"product_cat","embeddable":true,"href":"https:\/\/turijnmagazijn.nl\/fr\/wp-json\/wp\/v2\/product_cat?post=65942"},{"taxonomy":"product_tag","embeddable":true,"href":"https:\/\/turijnmagazijn.nl\/fr\/wp-json\/wp\/v2\/product_tag?post=65942"}],"curies":[{"name":"wp","href":"https:\/\/api.w.org\/{rel}","templated":true}]}}