{"id":65948,"date":"2023-03-03T09:51:37","date_gmt":"2023-03-03T08:51:37","guid":{"rendered":"https:\/\/turijnmagazijn.nl\/product\/pince-fixation-de-pare-chocs-arriere-lancia-delta-integrale-reproduction\/"},"modified":"2025-08-08T20:17:07","modified_gmt":"2025-08-08T18:17:07","slug":"pince-pare-chocs-arriere-fixation-lancia-delta-reproduction-integrale","status":"publish","type":"product","link":"https:\/\/turijnmagazijn.nl\/fr\/produit\/pince-pare-chocs-arriere-fixation-lancia-delta-reproduction-integrale\/","title":{"rendered":"Pince Fixation de pare-chocs arri\u00e8re Lancia Delta Integrale -REPRODUCTION-"},"content":{"rendered":"<p><a style=\"background-color: #ffffff; color: #23527c; outline: 0px;\" href=\"https:\/\/turijnmagazijn.nl\/fr\/expedition-par-boite-aux-lettres\/\" target=\"\" rel=\"noopener\"><img decoding=\"async\" src=\"https:\/\/www.delenkorf.nl\/image\/catalog\/brievenbus.png\"><\/a><\/p>\n<p>Nouvelle reproduction beignet de pare-chocs en plastique noir applicable pour le montage du pare-chocs arri\u00e8re pour Lancia Delta HF Integrale.<\/p>\n<p>La pi\u00e8ce est une reproduction de haute qualit\u00e9 avec un <span style=\"font-weight: bold;\">\u00e9crou en acier inoxydable<\/span>. La qualit\u00e9 et l\u2019ajustement sont meilleurs que l\u2019original en raison d\u2019une meilleure m\u00e9thode de production qui se rapproche plus nettement de la forme pr\u00e9vue.<\/p>\n<p>Support pare-chocs Lancia Delta HF Integrale<\/p>\n<p>Support pare-chocs Lancia Delta HF Integrale<\/p>\n<p>Applicable \u00e0:<\/p>\n<p>Lancia Delta HF Turbo<\/p>\n<p>Lancia Delta HF 4WD<\/p>\n<p>Lancia Delta HF Integrale 8V<\/p>\n<p>Lancia Delta HF Integrale 16V<\/p>\n<p>Lancia Delta HF Integrale EVO I<\/p>\n<p>Lancia Delta HF Integrale EVO II<\/p>\n<p>&nbsp;<\/p>\n<p>&nbsp;<\/p>\n<p>OEM Lancia <span style=\"text-align: -webkit-right;\">82436721 <\/span>(POUR R\u00c9F\u00c9RENCE, CONCERNE UNE REPRODUCTION SANS MARQUE)<\/p>\n","protected":false},"excerpt":{"rendered":"<p>Pince de pare-chocs arri\u00e8re Lancia Delta Integrale &#8211; NOUVEAU beignet de pare-chocs en plastique noir applicable pour montage du pare-chocs arri\u00e8re pour Lancia Delta HF Integrale.Pince de pare-chocs arri\u00e8re Lancia Delta Integrale -REPRODUCTION- &#8211; Nouvelle reproduction de pare-chocs en plastique noir don<\/p>\n","protected":false},"featured_media":53152,"comment_status":"closed","ping_status":"closed","template":"","meta":{"_acf_changed":false},"product_brand":[],"product_cat":[1806,1821,1825,1836,1830,1838,1798],"product_tag":[],"class_list":{"0":"post-65948","1":"product","2":"type-product","3":"status-publish","4":"has-post-thumbnail","6":"product_cat-delta-1-831-fr","7":"product_cat-hf-4wd-fr","8":"product_cat-hf-turbo-fr","9":"product_cat-integrale-16v-fr","10":"product_cat-integrale-8v-fr","11":"product_cat-integrale-evo-fr","12":"product_cat-lancia-fr","13":"pa_soort-onderdeel-eclairage","15":"first","16":"instock","17":"taxable","18":"shipping-taxable","19":"purchasable","20":"product-type-simple"},"acf":[],"yoast_head":"<!-- This site is optimized with the Yoast SEO plugin v27.2 - https:\/\/yoast.com\/product\/yoast-seo-wordpress\/ -->\n<title>Pince Fixation de pare-chocs arri\u00e8re Lancia Delta Integrale -REPRODUCTION- Turijnmagazijn<\/title>\n<meta name=\"robots\" content=\"index, follow, max-snippet:-1, max-image-preview:large, max-video-preview:-1\" \/>\n<link rel=\"canonical\" href=\"https:\/\/turijnmagazijn.nl\/fr\/produit\/pince-pare-chocs-arriere-fixation-lancia-delta-reproduction-integrale\/\" \/>\n<meta property=\"og:locale\" content=\"fr_FR\" \/>\n<meta property=\"og:type\" content=\"article\" \/>\n<meta property=\"og:title\" content=\"Pince Fixation de pare-chocs arri\u00e8re Lancia Delta Integrale -REPRODUCTION- Turijnmagazijn\" \/>\n<meta property=\"og:description\" content=\"Pince de pare-chocs arri\u00e8re Lancia Delta Integrale - NOUVEAU beignet de pare-chocs en plastique noir applicable pour montage du pare-chocs arri\u00e8re pour Lancia Delta HF Integrale.Pince de pare-chocs arri\u00e8re Lancia Delta Integrale -REPRODUCTION- - Nouvelle reproduction de pare-chocs en plastique noir don\" \/>\n<meta property=\"og:url\" content=\"https:\/\/turijnmagazijn.nl\/fr\/produit\/pince-pare-chocs-arriere-fixation-lancia-delta-reproduction-integrale\/\" \/>\n<meta property=\"og:site_name\" content=\"Turijnmagazijn\" \/>\n<meta property=\"article:publisher\" content=\"https:\/\/www.facebook.com\/turijnmagazijn\" \/>\n<meta property=\"article:modified_time\" content=\"2025-08-08T18:17:07+00:00\" \/>\n<meta property=\"og:image\" content=\"https:\/\/turijnmagazijn.nl\/wp-content\/uploads\/2023\/03\/DN00100129-Klem-Achterbumper-bevestiging-Lancia-Delta-Integrale-REPRODUCTIE-3-800x600-1.jpeg\" \/>\n\t<meta property=\"og:image:width\" content=\"800\" \/>\n\t<meta property=\"og:image:height\" content=\"600\" \/>\n\t<meta property=\"og:image:type\" content=\"image\/jpeg\" \/>\n<meta name=\"twitter:card\" content=\"summary_large_image\" \/>\n<meta name=\"twitter:label1\" content=\"Dur\u00e9e de lecture estim\u00e9e\" \/>\n\t<meta name=\"twitter:data1\" content=\"1 minute\" \/>\n<script type=\"application\/ld+json\" class=\"yoast-schema-graph\">{\"@context\":\"https:\/\/schema.org\",\"@graph\":[{\"@type\":\"WebPage\",\"@id\":\"https:\/\/turijnmagazijn.nl\/fr\/produit\/pince-pare-chocs-arriere-fixation-lancia-delta-reproduction-integrale\/\",\"url\":\"https:\/\/turijnmagazijn.nl\/fr\/produit\/pince-pare-chocs-arriere-fixation-lancia-delta-reproduction-integrale\/\",\"name\":\"Pince Fixation de pare-chocs arri\u00e8re Lancia Delta Integrale -REPRODUCTION- Turijnmagazijn\",\"isPartOf\":{\"@id\":\"https:\/\/turijnmagazijn.jumpstone-dev.nl\/#website\"},\"primaryImageOfPage\":{\"@id\":\"https:\/\/turijnmagazijn.nl\/fr\/produit\/pince-pare-chocs-arriere-fixation-lancia-delta-reproduction-integrale\/#primaryimage\"},\"image\":{\"@id\":\"https:\/\/turijnmagazijn.nl\/fr\/produit\/pince-pare-chocs-arriere-fixation-lancia-delta-reproduction-integrale\/#primaryimage\"},\"thumbnailUrl\":\"https:\/\/turijnmagazijn.nl\/wp-content\/uploads\/2023\/03\/DN00100129-Klem-Achterbumper-bevestiging-Lancia-Delta-Integrale-REPRODUCTIE-3-800x600-1.jpeg\",\"datePublished\":\"2023-03-03T08:51:37+00:00\",\"dateModified\":\"2025-08-08T18:17:07+00:00\",\"breadcrumb\":{\"@id\":\"https:\/\/turijnmagazijn.nl\/fr\/produit\/pince-pare-chocs-arriere-fixation-lancia-delta-reproduction-integrale\/#breadcrumb\"},\"inLanguage\":\"fr-FR\",\"potentialAction\":[{\"@type\":\"ReadAction\",\"target\":[\"https:\/\/turijnmagazijn.nl\/fr\/produit\/pince-pare-chocs-arriere-fixation-lancia-delta-reproduction-integrale\/\"]}]},{\"@type\":\"ImageObject\",\"inLanguage\":\"fr-FR\",\"@id\":\"https:\/\/turijnmagazijn.nl\/fr\/produit\/pince-pare-chocs-arriere-fixation-lancia-delta-reproduction-integrale\/#primaryimage\",\"url\":\"https:\/\/turijnmagazijn.nl\/wp-content\/uploads\/2023\/03\/DN00100129-Klem-Achterbumper-bevestiging-Lancia-Delta-Integrale-REPRODUCTIE-3-800x600-1.jpeg\",\"contentUrl\":\"https:\/\/turijnmagazijn.nl\/wp-content\/uploads\/2023\/03\/DN00100129-Klem-Achterbumper-bevestiging-Lancia-Delta-Integrale-REPRODUCTIE-3-800x600-1.jpeg\",\"width\":800,\"height\":600},{\"@type\":\"BreadcrumbList\",\"@id\":\"https:\/\/turijnmagazijn.nl\/fr\/produit\/pince-pare-chocs-arriere-fixation-lancia-delta-reproduction-integrale\/#breadcrumb\",\"itemListElement\":[{\"@type\":\"ListItem\",\"position\":1,\"name\":\"Home\",\"item\":\"https:\/\/turijnmagazijn.nl\/fr\/\"},{\"@type\":\"ListItem\",\"position\":2,\"name\":\"Produits\",\"item\":\"https:\/\/turijnmagazijn.nl\/fr\/shop\/\"},{\"@type\":\"ListItem\",\"position\":3,\"name\":\"Pince Fixation de pare-chocs arri\u00e8re Lancia Delta Integrale -REPRODUCTION-\"}]},{\"@type\":\"WebSite\",\"@id\":\"https:\/\/turijnmagazijn.jumpstone-dev.nl\/#website\",\"url\":\"https:\/\/turijnmagazijn.jumpstone-dev.nl\/\",\"name\":\"Turijnmagazijn\",\"description\":\"Onderdelen nieuw en gebruikt - Fiat &amp; Lancia\",\"publisher\":{\"@id\":\"https:\/\/turijnmagazijn.jumpstone-dev.nl\/#organization\"},\"potentialAction\":[{\"@type\":\"SearchAction\",\"target\":{\"@type\":\"EntryPoint\",\"urlTemplate\":\"https:\/\/turijnmagazijn.jumpstone-dev.nl\/?s={search_term_string}\"},\"query-input\":{\"@type\":\"PropertyValueSpecification\",\"valueRequired\":true,\"valueName\":\"search_term_string\"}}],\"inLanguage\":\"fr-FR\"},{\"@type\":\"Organization\",\"@id\":\"https:\/\/turijnmagazijn.jumpstone-dev.nl\/#organization\",\"name\":\"Turijnmagazijn\",\"url\":\"https:\/\/turijnmagazijn.jumpstone-dev.nl\/\",\"logo\":{\"@type\":\"ImageObject\",\"inLanguage\":\"fr-FR\",\"@id\":\"https:\/\/turijnmagazijn.jumpstone-dev.nl\/#\/schema\/logo\/image\/\",\"url\":\"https:\/\/turijnmagazijn.nl\/wp-content\/uploads\/2021\/02\/turijnmagazijnlogo.png\",\"contentUrl\":\"https:\/\/turijnmagazijn.nl\/wp-content\/uploads\/2021\/02\/turijnmagazijnlogo.png\",\"width\":555,\"height\":270,\"caption\":\"Turijnmagazijn\"},\"image\":{\"@id\":\"https:\/\/turijnmagazijn.jumpstone-dev.nl\/#\/schema\/logo\/image\/\"},\"sameAs\":[\"https:\/\/www.facebook.com\/turijnmagazijn\"]}]}<\/script>\n<!-- \/ Yoast SEO plugin. -->","yoast_head_json":{"title":"Pince Fixation de pare-chocs arri\u00e8re Lancia Delta Integrale -REPRODUCTION- Turijnmagazijn","robots":{"index":"index","follow":"follow","max-snippet":"max-snippet:-1","max-image-preview":"max-image-preview:large","max-video-preview":"max-video-preview:-1"},"canonical":"https:\/\/turijnmagazijn.nl\/fr\/produit\/pince-pare-chocs-arriere-fixation-lancia-delta-reproduction-integrale\/","og_locale":"fr_FR","og_type":"article","og_title":"Pince Fixation de pare-chocs arri\u00e8re Lancia Delta Integrale -REPRODUCTION- Turijnmagazijn","og_description":"Pince de pare-chocs arri\u00e8re Lancia Delta Integrale - NOUVEAU beignet de pare-chocs en plastique noir applicable pour montage du pare-chocs arri\u00e8re pour Lancia Delta HF Integrale.Pince de pare-chocs arri\u00e8re Lancia Delta Integrale -REPRODUCTION- - Nouvelle reproduction de pare-chocs en plastique noir don","og_url":"https:\/\/turijnmagazijn.nl\/fr\/produit\/pince-pare-chocs-arriere-fixation-lancia-delta-reproduction-integrale\/","og_site_name":"Turijnmagazijn","article_publisher":"https:\/\/www.facebook.com\/turijnmagazijn","article_modified_time":"2025-08-08T18:17:07+00:00","og_image":[{"width":800,"height":600,"url":"https:\/\/turijnmagazijn.nl\/wp-content\/uploads\/2023\/03\/DN00100129-Klem-Achterbumper-bevestiging-Lancia-Delta-Integrale-REPRODUCTIE-3-800x600-1.jpeg","type":"image\/jpeg"}],"twitter_card":"summary_large_image","twitter_misc":{"Dur\u00e9e de lecture estim\u00e9e":"1 minute"},"schema":{"@context":"https:\/\/schema.org","@graph":[{"@type":"WebPage","@id":"https:\/\/turijnmagazijn.nl\/fr\/produit\/pince-pare-chocs-arriere-fixation-lancia-delta-reproduction-integrale\/","url":"https:\/\/turijnmagazijn.nl\/fr\/produit\/pince-pare-chocs-arriere-fixation-lancia-delta-reproduction-integrale\/","name":"Pince Fixation de pare-chocs arri\u00e8re Lancia Delta Integrale -REPRODUCTION- Turijnmagazijn","isPartOf":{"@id":"https:\/\/turijnmagazijn.jumpstone-dev.nl\/#website"},"primaryImageOfPage":{"@id":"https:\/\/turijnmagazijn.nl\/fr\/produit\/pince-pare-chocs-arriere-fixation-lancia-delta-reproduction-integrale\/#primaryimage"},"image":{"@id":"https:\/\/turijnmagazijn.nl\/fr\/produit\/pince-pare-chocs-arriere-fixation-lancia-delta-reproduction-integrale\/#primaryimage"},"thumbnailUrl":"https:\/\/turijnmagazijn.nl\/wp-content\/uploads\/2023\/03\/DN00100129-Klem-Achterbumper-bevestiging-Lancia-Delta-Integrale-REPRODUCTIE-3-800x600-1.jpeg","datePublished":"2023-03-03T08:51:37+00:00","dateModified":"2025-08-08T18:17:07+00:00","breadcrumb":{"@id":"https:\/\/turijnmagazijn.nl\/fr\/produit\/pince-pare-chocs-arriere-fixation-lancia-delta-reproduction-integrale\/#breadcrumb"},"inLanguage":"fr-FR","potentialAction":[{"@type":"ReadAction","target":["https:\/\/turijnmagazijn.nl\/fr\/produit\/pince-pare-chocs-arriere-fixation-lancia-delta-reproduction-integrale\/"]}]},{"@type":"ImageObject","inLanguage":"fr-FR","@id":"https:\/\/turijnmagazijn.nl\/fr\/produit\/pince-pare-chocs-arriere-fixation-lancia-delta-reproduction-integrale\/#primaryimage","url":"https:\/\/turijnmagazijn.nl\/wp-content\/uploads\/2023\/03\/DN00100129-Klem-Achterbumper-bevestiging-Lancia-Delta-Integrale-REPRODUCTIE-3-800x600-1.jpeg","contentUrl":"https:\/\/turijnmagazijn.nl\/wp-content\/uploads\/2023\/03\/DN00100129-Klem-Achterbumper-bevestiging-Lancia-Delta-Integrale-REPRODUCTIE-3-800x600-1.jpeg","width":800,"height":600},{"@type":"BreadcrumbList","@id":"https:\/\/turijnmagazijn.nl\/fr\/produit\/pince-pare-chocs-arriere-fixation-lancia-delta-reproduction-integrale\/#breadcrumb","itemListElement":[{"@type":"ListItem","position":1,"name":"Home","item":"https:\/\/turijnmagazijn.nl\/fr\/"},{"@type":"ListItem","position":2,"name":"Produits","item":"https:\/\/turijnmagazijn.nl\/fr\/shop\/"},{"@type":"ListItem","position":3,"name":"Pince Fixation de pare-chocs arri\u00e8re Lancia Delta Integrale -REPRODUCTION-"}]},{"@type":"WebSite","@id":"https:\/\/turijnmagazijn.jumpstone-dev.nl\/#website","url":"https:\/\/turijnmagazijn.jumpstone-dev.nl\/","name":"Turijnmagazijn","description":"Onderdelen nieuw en gebruikt - Fiat &amp; Lancia","publisher":{"@id":"https:\/\/turijnmagazijn.jumpstone-dev.nl\/#organization"},"potentialAction":[{"@type":"SearchAction","target":{"@type":"EntryPoint","urlTemplate":"https:\/\/turijnmagazijn.jumpstone-dev.nl\/?s={search_term_string}"},"query-input":{"@type":"PropertyValueSpecification","valueRequired":true,"valueName":"search_term_string"}}],"inLanguage":"fr-FR"},{"@type":"Organization","@id":"https:\/\/turijnmagazijn.jumpstone-dev.nl\/#organization","name":"Turijnmagazijn","url":"https:\/\/turijnmagazijn.jumpstone-dev.nl\/","logo":{"@type":"ImageObject","inLanguage":"fr-FR","@id":"https:\/\/turijnmagazijn.jumpstone-dev.nl\/#\/schema\/logo\/image\/","url":"https:\/\/turijnmagazijn.nl\/wp-content\/uploads\/2021\/02\/turijnmagazijnlogo.png","contentUrl":"https:\/\/turijnmagazijn.nl\/wp-content\/uploads\/2021\/02\/turijnmagazijnlogo.png","width":555,"height":270,"caption":"Turijnmagazijn"},"image":{"@id":"https:\/\/turijnmagazijn.jumpstone-dev.nl\/#\/schema\/logo\/image\/"},"sameAs":["https:\/\/www.facebook.com\/turijnmagazijn"]}]}},"_links":{"self":[{"href":"https:\/\/turijnmagazijn.nl\/fr\/wp-json\/wp\/v2\/product\/65948","targetHints":{"allow":["GET"]}}],"collection":[{"href":"https:\/\/turijnmagazijn.nl\/fr\/wp-json\/wp\/v2\/product"}],"about":[{"href":"https:\/\/turijnmagazijn.nl\/fr\/wp-json\/wp\/v2\/types\/product"}],"replies":[{"embeddable":true,"href":"https:\/\/turijnmagazijn.nl\/fr\/wp-json\/wp\/v2\/comments?post=65948"}],"wp:featuredmedia":[{"embeddable":true,"href":"https:\/\/turijnmagazijn.nl\/fr\/wp-json\/wp\/v2\/media\/53152"}],"wp:attachment":[{"href":"https:\/\/turijnmagazijn.nl\/fr\/wp-json\/wp\/v2\/media?parent=65948"}],"wp:term":[{"taxonomy":"product_brand","embeddable":true,"href":"https:\/\/turijnmagazijn.nl\/fr\/wp-json\/wp\/v2\/product_brand?post=65948"},{"taxonomy":"product_cat","embeddable":true,"href":"https:\/\/turijnmagazijn.nl\/fr\/wp-json\/wp\/v2\/product_cat?post=65948"},{"taxonomy":"product_tag","embeddable":true,"href":"https:\/\/turijnmagazijn.nl\/fr\/wp-json\/wp\/v2\/product_tag?post=65948"}],"curies":[{"name":"wp","href":"https:\/\/api.w.org\/{rel}","templated":true}]}}