{"id":65963,"date":"2023-03-03T09:51:59","date_gmt":"2023-03-03T08:51:59","guid":{"rendered":"https:\/\/turijnmagazijn.nl\/product\/joint-pour-boite-de-vitesses-a-couvercle-lancia-delta-integrale-reproduction\/"},"modified":"2026-01-19T20:53:00","modified_gmt":"2026-01-19T19:53:00","slug":"joint-pour-couvercle-boite-de-vitesses-lancia-delta-reproduction-integrale","status":"publish","type":"product","link":"https:\/\/turijnmagazijn.nl\/fr\/produit\/joint-pour-couvercle-boite-de-vitesses-lancia-delta-reproduction-integrale\/","title":{"rendered":"Joint pour bo\u00eete de vitesses \u00e0 couvercle Lancia Delta Integrale -REPRODUCTION-"},"content":{"rendered":"<p>Nouvelle reproduction de haute qualit\u00e9 en mat\u00e9riau \u00e9lastique mais robuste, assure un ajustement serr\u00e9 et une fermeture serr\u00e9e du capuchon sur la bo\u00eete de vitesses.<\/p>\n<p>Ce joint est situ\u00e9 dans l\u2019espace entre la gaffe et le couvercle en plastique. Le couvercle auquel appartient le joint porte le num\u00e9ro OEM 7546769<\/p>\n<p>caoutchouc pour finition du godet de renellation.<\/p>\n<p>Ce joint a \u00e9t\u00e9 appliqu\u00e9 \u00e0 diff\u00e9rents mod\u00e8les de Fiat et Lancia. Par exemple<\/p>\n<ul>\n<li>tous les types de Lancia Delta 1 \u00e9quip\u00e9es d\u2019un moteur Lampredi (\u00e0 partir du 1.6 turbo)<\/li>\n<li>Lancia Thema \u00e9quip\u00e9e d\u2019un moteur essence 2.0 8V<\/li>\n<li>Lancia Kappa Coup\u00e9 \u00e9quip\u00e9e d\u2019un moteur turbo 2.0 16V (s\u00e9rie d\u00e8s les premi\u00e8res ann\u00e9es)<\/li>\n<li>Fiat Croma 1 \u00e9quip\u00e9e d\u2019un moteur essence 2.0<\/li>\n<\/ul>\n<p>&nbsp;<\/p>\n<p>Pi\u00e8ce num\u00e9ro 4 sur le dessin technique du dessin EPER num\u00e9ro 2120700001 concernant son application sur la Lancia Delta Integrale. Une copie de ce document est requise par voiture.<\/p>\n<p>Num\u00e9ro OEM LANCIA 7546768<\/p>\n<p>(pour r\u00e9f\u00e9rence n\u2019est pas une pi\u00e8ce OEM mais une r\u00e9plique de haute qualit\u00e9)<\/p>\n","protected":false},"excerpt":{"rendered":"<p>Joint pour couvercle de bo\u00eete de vitesses Lancia Delta Integrale -REPRODUCTION- &#8211; Nouvelle reproduction de haute qualit\u00e9 en mat\u00e9riau \u00e9lastique mais robuste, assure un ajustement serr\u00e9 et une fermeture serr\u00e9e du capuchon sur la bo\u00eete de vitesses.<\/p>\n","protected":false},"featured_media":69007,"comment_status":"open","ping_status":"closed","template":"","meta":{"_acf_changed":false},"product_brand":[],"product_cat":[1846,1851,1865,1722,1806,1841,1690,1819,1821,1825,1836,1830,1838,1860,1798,1896,1902,1897],"product_tag":[],"class_list":{"0":"post-65963","1":"product","2":"type-product","3":"status-publish","4":"has-post-thumbnail","6":"product_cat-3-deurs-hpe-fr","7":"product_cat-5-deurs-fr","8":"product_cat-coupe-fr","9":"product_cat-croma-1-154-fr","10":"product_cat-delta-1-831-fr","11":"product_cat-delta-2-836-fr","12":"product_cat-fiat-fr","13":"product_cat-gt-i-e-fr","14":"product_cat-hf-4wd-fr","15":"product_cat-hf-turbo-fr","16":"product_cat-integrale-16v-fr","17":"product_cat-integrale-8v-fr","18":"product_cat-integrale-evo-fr","19":"product_cat-kappa-838-fr","20":"product_cat-lancia-fr","21":"product_cat-thema-834-fr","22":"product_cat-thema-sedan-fr","23":"product_cat-thema-sw-fr","24":"pa_soort-onderdeel-carrosserie-et-tolerie","26":"first","27":"instock","28":"sale","29":"taxable","30":"shipping-taxable","31":"purchasable","32":"product-type-simple"},"acf":[],"yoast_head":"<!-- This site is optimized with the Yoast SEO plugin v27.3 - https:\/\/yoast.com\/product\/yoast-seo-wordpress\/ -->\n<title>Joint pour bo\u00eete de vitesses \u00e0 couvercle Lancia Delta Integrale -REPRODUCTION- Turijnmagazijn<\/title>\n<meta name=\"robots\" content=\"index, follow, max-snippet:-1, max-image-preview:large, max-video-preview:-1\" \/>\n<link rel=\"canonical\" href=\"https:\/\/turijnmagazijn.nl\/fr\/produit\/joint-pour-couvercle-boite-de-vitesses-lancia-delta-reproduction-integrale\/\" \/>\n<meta property=\"og:locale\" content=\"fr_FR\" \/>\n<meta property=\"og:type\" content=\"article\" \/>\n<meta property=\"og:title\" content=\"Joint pour bo\u00eete de vitesses \u00e0 couvercle Lancia Delta Integrale -REPRODUCTION- Turijnmagazijn\" \/>\n<meta property=\"og:description\" content=\"Joint pour couvercle de bo\u00eete de vitesses Lancia Delta Integrale -REPRODUCTION- - Nouvelle reproduction de haute qualit\u00e9 en mat\u00e9riau \u00e9lastique mais robuste, assure un ajustement serr\u00e9 et une fermeture serr\u00e9e du capuchon sur la bo\u00eete de vitesses.\" \/>\n<meta property=\"og:url\" content=\"https:\/\/turijnmagazijn.nl\/fr\/produit\/joint-pour-couvercle-boite-de-vitesses-lancia-delta-reproduction-integrale\/\" \/>\n<meta property=\"og:site_name\" content=\"Turijnmagazijn\" \/>\n<meta property=\"article:publisher\" content=\"https:\/\/www.facebook.com\/turijnmagazijn\" \/>\n<meta property=\"article:modified_time\" content=\"2026-01-19T19:53:00+00:00\" \/>\n<meta property=\"og:image\" content=\"https:\/\/turijnmagazijn.nl\/wp-content\/uploads\/2023\/03\/DN0100133-Pakking-voor-deksel-versnellingsbak-Lancia-Delta-Integrale-REPRODUCTIE-7546768-3-1-jpg.webp\" \/>\n\t<meta property=\"og:image:width\" content=\"1024\" \/>\n\t<meta property=\"og:image:height\" content=\"768\" \/>\n\t<meta property=\"og:image:type\" content=\"image\/jpeg\" \/>\n<meta name=\"twitter:card\" content=\"summary_large_image\" \/>\n<meta name=\"twitter:label1\" content=\"Dur\u00e9e de lecture estim\u00e9e\" \/>\n\t<meta name=\"twitter:data1\" content=\"1 minute\" \/>\n<script type=\"application\/ld+json\" class=\"yoast-schema-graph\">{\"@context\":\"https:\\\/\\\/schema.org\",\"@graph\":[{\"@type\":\"WebPage\",\"@id\":\"https:\\\/\\\/turijnmagazijn.nl\\\/fr\\\/produit\\\/joint-pour-couvercle-boite-de-vitesses-lancia-delta-reproduction-integrale\\\/\",\"url\":\"https:\\\/\\\/turijnmagazijn.nl\\\/fr\\\/produit\\\/joint-pour-couvercle-boite-de-vitesses-lancia-delta-reproduction-integrale\\\/\",\"name\":\"Joint pour bo\u00eete de vitesses \u00e0 couvercle Lancia Delta Integrale -REPRODUCTION- Turijnmagazijn\",\"isPartOf\":{\"@id\":\"https:\\\/\\\/turijnmagazijn.jumpstone-dev.nl\\\/#website\"},\"primaryImageOfPage\":{\"@id\":\"https:\\\/\\\/turijnmagazijn.nl\\\/fr\\\/produit\\\/joint-pour-couvercle-boite-de-vitesses-lancia-delta-reproduction-integrale\\\/#primaryimage\"},\"image\":{\"@id\":\"https:\\\/\\\/turijnmagazijn.nl\\\/fr\\\/produit\\\/joint-pour-couvercle-boite-de-vitesses-lancia-delta-reproduction-integrale\\\/#primaryimage\"},\"thumbnailUrl\":\"https:\\\/\\\/turijnmagazijn.nl\\\/wp-content\\\/uploads\\\/2023\\\/03\\\/DN0100133-Pakking-voor-deksel-versnellingsbak-Lancia-Delta-Integrale-REPRODUCTIE-7546768-3-1-jpg.webp\",\"datePublished\":\"2023-03-03T08:51:59+00:00\",\"dateModified\":\"2026-01-19T19:53:00+00:00\",\"breadcrumb\":{\"@id\":\"https:\\\/\\\/turijnmagazijn.nl\\\/fr\\\/produit\\\/joint-pour-couvercle-boite-de-vitesses-lancia-delta-reproduction-integrale\\\/#breadcrumb\"},\"inLanguage\":\"fr-FR\",\"potentialAction\":[{\"@type\":\"ReadAction\",\"target\":[\"https:\\\/\\\/turijnmagazijn.nl\\\/fr\\\/produit\\\/joint-pour-couvercle-boite-de-vitesses-lancia-delta-reproduction-integrale\\\/\"]}]},{\"@type\":\"ImageObject\",\"inLanguage\":\"fr-FR\",\"@id\":\"https:\\\/\\\/turijnmagazijn.nl\\\/fr\\\/produit\\\/joint-pour-couvercle-boite-de-vitesses-lancia-delta-reproduction-integrale\\\/#primaryimage\",\"url\":\"https:\\\/\\\/turijnmagazijn.nl\\\/wp-content\\\/uploads\\\/2023\\\/03\\\/DN0100133-Pakking-voor-deksel-versnellingsbak-Lancia-Delta-Integrale-REPRODUCTIE-7546768-3-1-jpg.webp\",\"contentUrl\":\"https:\\\/\\\/turijnmagazijn.nl\\\/wp-content\\\/uploads\\\/2023\\\/03\\\/DN0100133-Pakking-voor-deksel-versnellingsbak-Lancia-Delta-Integrale-REPRODUCTIE-7546768-3-1-jpg.webp\",\"width\":1024,\"height\":768},{\"@type\":\"BreadcrumbList\",\"@id\":\"https:\\\/\\\/turijnmagazijn.nl\\\/fr\\\/produit\\\/joint-pour-couvercle-boite-de-vitesses-lancia-delta-reproduction-integrale\\\/#breadcrumb\",\"itemListElement\":[{\"@type\":\"ListItem\",\"position\":1,\"name\":\"Home\",\"item\":\"https:\\\/\\\/turijnmagazijn.nl\\\/fr\\\/\"},{\"@type\":\"ListItem\",\"position\":2,\"name\":\"Produits\",\"item\":\"https:\\\/\\\/turijnmagazijn.nl\\\/fr\\\/shop\\\/\"},{\"@type\":\"ListItem\",\"position\":3,\"name\":\"Joint pour bo\u00eete de vitesses \u00e0 couvercle Lancia Delta Integrale -REPRODUCTION-\"}]},{\"@type\":\"WebSite\",\"@id\":\"https:\\\/\\\/turijnmagazijn.jumpstone-dev.nl\\\/#website\",\"url\":\"https:\\\/\\\/turijnmagazijn.jumpstone-dev.nl\\\/\",\"name\":\"Turijnmagazijn\",\"description\":\"Onderdelen nieuw en gebruikt - Fiat &amp; Lancia\",\"publisher\":{\"@id\":\"https:\\\/\\\/turijnmagazijn.jumpstone-dev.nl\\\/#organization\"},\"potentialAction\":[{\"@type\":\"SearchAction\",\"target\":{\"@type\":\"EntryPoint\",\"urlTemplate\":\"https:\\\/\\\/turijnmagazijn.jumpstone-dev.nl\\\/?s={search_term_string}\"},\"query-input\":{\"@type\":\"PropertyValueSpecification\",\"valueRequired\":true,\"valueName\":\"search_term_string\"}}],\"inLanguage\":\"fr-FR\"},{\"@type\":\"Organization\",\"@id\":\"https:\\\/\\\/turijnmagazijn.jumpstone-dev.nl\\\/#organization\",\"name\":\"Turijnmagazijn\",\"url\":\"https:\\\/\\\/turijnmagazijn.jumpstone-dev.nl\\\/\",\"logo\":{\"@type\":\"ImageObject\",\"inLanguage\":\"fr-FR\",\"@id\":\"https:\\\/\\\/turijnmagazijn.jumpstone-dev.nl\\\/#\\\/schema\\\/logo\\\/image\\\/\",\"url\":\"https:\\\/\\\/turijnmagazijn.nl\\\/wp-content\\\/uploads\\\/2021\\\/02\\\/turijnmagazijnlogo.png\",\"contentUrl\":\"https:\\\/\\\/turijnmagazijn.nl\\\/wp-content\\\/uploads\\\/2021\\\/02\\\/turijnmagazijnlogo.png\",\"width\":555,\"height\":270,\"caption\":\"Turijnmagazijn\"},\"image\":{\"@id\":\"https:\\\/\\\/turijnmagazijn.jumpstone-dev.nl\\\/#\\\/schema\\\/logo\\\/image\\\/\"},\"sameAs\":[\"https:\\\/\\\/www.facebook.com\\\/turijnmagazijn\"]}]}<\/script>\n<!-- \/ Yoast SEO plugin. -->","yoast_head_json":{"title":"Joint pour bo\u00eete de vitesses \u00e0 couvercle Lancia Delta Integrale -REPRODUCTION- Turijnmagazijn","robots":{"index":"index","follow":"follow","max-snippet":"max-snippet:-1","max-image-preview":"max-image-preview:large","max-video-preview":"max-video-preview:-1"},"canonical":"https:\/\/turijnmagazijn.nl\/fr\/produit\/joint-pour-couvercle-boite-de-vitesses-lancia-delta-reproduction-integrale\/","og_locale":"fr_FR","og_type":"article","og_title":"Joint pour bo\u00eete de vitesses \u00e0 couvercle Lancia Delta Integrale -REPRODUCTION- Turijnmagazijn","og_description":"Joint pour couvercle de bo\u00eete de vitesses Lancia Delta Integrale -REPRODUCTION- - Nouvelle reproduction de haute qualit\u00e9 en mat\u00e9riau \u00e9lastique mais robuste, assure un ajustement serr\u00e9 et une fermeture serr\u00e9e du capuchon sur la bo\u00eete de vitesses.","og_url":"https:\/\/turijnmagazijn.nl\/fr\/produit\/joint-pour-couvercle-boite-de-vitesses-lancia-delta-reproduction-integrale\/","og_site_name":"Turijnmagazijn","article_publisher":"https:\/\/www.facebook.com\/turijnmagazijn","article_modified_time":"2026-01-19T19:53:00+00:00","og_image":[{"width":1024,"height":768,"url":"https:\/\/turijnmagazijn.nl\/wp-content\/uploads\/2023\/03\/DN0100133-Pakking-voor-deksel-versnellingsbak-Lancia-Delta-Integrale-REPRODUCTIE-7546768-3-1-jpg.webp","type":"image\/jpeg"}],"twitter_card":"summary_large_image","twitter_misc":{"Dur\u00e9e de lecture estim\u00e9e":"1 minute"},"schema":{"@context":"https:\/\/schema.org","@graph":[{"@type":"WebPage","@id":"https:\/\/turijnmagazijn.nl\/fr\/produit\/joint-pour-couvercle-boite-de-vitesses-lancia-delta-reproduction-integrale\/","url":"https:\/\/turijnmagazijn.nl\/fr\/produit\/joint-pour-couvercle-boite-de-vitesses-lancia-delta-reproduction-integrale\/","name":"Joint pour bo\u00eete de vitesses \u00e0 couvercle Lancia Delta Integrale -REPRODUCTION- Turijnmagazijn","isPartOf":{"@id":"https:\/\/turijnmagazijn.jumpstone-dev.nl\/#website"},"primaryImageOfPage":{"@id":"https:\/\/turijnmagazijn.nl\/fr\/produit\/joint-pour-couvercle-boite-de-vitesses-lancia-delta-reproduction-integrale\/#primaryimage"},"image":{"@id":"https:\/\/turijnmagazijn.nl\/fr\/produit\/joint-pour-couvercle-boite-de-vitesses-lancia-delta-reproduction-integrale\/#primaryimage"},"thumbnailUrl":"https:\/\/turijnmagazijn.nl\/wp-content\/uploads\/2023\/03\/DN0100133-Pakking-voor-deksel-versnellingsbak-Lancia-Delta-Integrale-REPRODUCTIE-7546768-3-1-jpg.webp","datePublished":"2023-03-03T08:51:59+00:00","dateModified":"2026-01-19T19:53:00+00:00","breadcrumb":{"@id":"https:\/\/turijnmagazijn.nl\/fr\/produit\/joint-pour-couvercle-boite-de-vitesses-lancia-delta-reproduction-integrale\/#breadcrumb"},"inLanguage":"fr-FR","potentialAction":[{"@type":"ReadAction","target":["https:\/\/turijnmagazijn.nl\/fr\/produit\/joint-pour-couvercle-boite-de-vitesses-lancia-delta-reproduction-integrale\/"]}]},{"@type":"ImageObject","inLanguage":"fr-FR","@id":"https:\/\/turijnmagazijn.nl\/fr\/produit\/joint-pour-couvercle-boite-de-vitesses-lancia-delta-reproduction-integrale\/#primaryimage","url":"https:\/\/turijnmagazijn.nl\/wp-content\/uploads\/2023\/03\/DN0100133-Pakking-voor-deksel-versnellingsbak-Lancia-Delta-Integrale-REPRODUCTIE-7546768-3-1-jpg.webp","contentUrl":"https:\/\/turijnmagazijn.nl\/wp-content\/uploads\/2023\/03\/DN0100133-Pakking-voor-deksel-versnellingsbak-Lancia-Delta-Integrale-REPRODUCTIE-7546768-3-1-jpg.webp","width":1024,"height":768},{"@type":"BreadcrumbList","@id":"https:\/\/turijnmagazijn.nl\/fr\/produit\/joint-pour-couvercle-boite-de-vitesses-lancia-delta-reproduction-integrale\/#breadcrumb","itemListElement":[{"@type":"ListItem","position":1,"name":"Home","item":"https:\/\/turijnmagazijn.nl\/fr\/"},{"@type":"ListItem","position":2,"name":"Produits","item":"https:\/\/turijnmagazijn.nl\/fr\/shop\/"},{"@type":"ListItem","position":3,"name":"Joint pour bo\u00eete de vitesses \u00e0 couvercle Lancia Delta Integrale -REPRODUCTION-"}]},{"@type":"WebSite","@id":"https:\/\/turijnmagazijn.jumpstone-dev.nl\/#website","url":"https:\/\/turijnmagazijn.jumpstone-dev.nl\/","name":"Turijnmagazijn","description":"Onderdelen nieuw en gebruikt - Fiat &amp; Lancia","publisher":{"@id":"https:\/\/turijnmagazijn.jumpstone-dev.nl\/#organization"},"potentialAction":[{"@type":"SearchAction","target":{"@type":"EntryPoint","urlTemplate":"https:\/\/turijnmagazijn.jumpstone-dev.nl\/?s={search_term_string}"},"query-input":{"@type":"PropertyValueSpecification","valueRequired":true,"valueName":"search_term_string"}}],"inLanguage":"fr-FR"},{"@type":"Organization","@id":"https:\/\/turijnmagazijn.jumpstone-dev.nl\/#organization","name":"Turijnmagazijn","url":"https:\/\/turijnmagazijn.jumpstone-dev.nl\/","logo":{"@type":"ImageObject","inLanguage":"fr-FR","@id":"https:\/\/turijnmagazijn.jumpstone-dev.nl\/#\/schema\/logo\/image\/","url":"https:\/\/turijnmagazijn.nl\/wp-content\/uploads\/2021\/02\/turijnmagazijnlogo.png","contentUrl":"https:\/\/turijnmagazijn.nl\/wp-content\/uploads\/2021\/02\/turijnmagazijnlogo.png","width":555,"height":270,"caption":"Turijnmagazijn"},"image":{"@id":"https:\/\/turijnmagazijn.jumpstone-dev.nl\/#\/schema\/logo\/image\/"},"sameAs":["https:\/\/www.facebook.com\/turijnmagazijn"]}]}},"_links":{"self":[{"href":"https:\/\/turijnmagazijn.nl\/fr\/wp-json\/wp\/v2\/product\/65963","targetHints":{"allow":["GET"]}}],"collection":[{"href":"https:\/\/turijnmagazijn.nl\/fr\/wp-json\/wp\/v2\/product"}],"about":[{"href":"https:\/\/turijnmagazijn.nl\/fr\/wp-json\/wp\/v2\/types\/product"}],"replies":[{"embeddable":true,"href":"https:\/\/turijnmagazijn.nl\/fr\/wp-json\/wp\/v2\/comments?post=65963"}],"wp:featuredmedia":[{"embeddable":true,"href":"https:\/\/turijnmagazijn.nl\/fr\/wp-json\/wp\/v2\/media\/69007"}],"wp:attachment":[{"href":"https:\/\/turijnmagazijn.nl\/fr\/wp-json\/wp\/v2\/media?parent=65963"}],"wp:term":[{"taxonomy":"product_brand","embeddable":true,"href":"https:\/\/turijnmagazijn.nl\/fr\/wp-json\/wp\/v2\/product_brand?post=65963"},{"taxonomy":"product_cat","embeddable":true,"href":"https:\/\/turijnmagazijn.nl\/fr\/wp-json\/wp\/v2\/product_cat?post=65963"},{"taxonomy":"product_tag","embeddable":true,"href":"https:\/\/turijnmagazijn.nl\/fr\/wp-json\/wp\/v2\/product_tag?post=65963"}],"curies":[{"name":"wp","href":"https:\/\/api.w.org\/{rel}","templated":true}]}}