{"id":65979,"date":"2023-03-03T09:52:44","date_gmt":"2023-03-03T08:52:44","guid":{"rendered":"https:\/\/turijnmagazijn.nl\/product\/jupe-laterale-guide-en-plastique-fixation-courte-lancia-delta-integrale-reproduction\/"},"modified":"2023-07-27T12:38:03","modified_gmt":"2023-07-27T10:38:03","slug":"plastique-guide-jupe-laterale-courte-attache-lancia-delta-reproduction-integrale","status":"publish","type":"product","link":"https:\/\/turijnmagazijn.nl\/fr\/produit\/plastique-guide-jupe-laterale-courte-attache-lancia-delta-reproduction-integrale\/","title":{"rendered":"Jupe lat\u00e9rale guide en plastique Fixation courte Lancia delta Integrale -REPRODUCTION-"},"content":{"rendered":"<p>Nouveau clip de montage de reproduction en plastique noir pour attacher la jupe lat\u00e9rale \u00e0 la voiture.  <\/p>\n<p>Ces clips sont viss\u00e9s \u00e0 l\u2019int\u00e9rieur de la jupe lat\u00e9rale. Dans la fente, la fiche de montage qui s\u2019ins\u00e8re dans les trous du corps est gliss\u00e9e. Cette pi\u00e8ce garantit que la jupe peut \u00eatre mont\u00e9e et d\u00e9mont\u00e9e de mani\u00e8re invisible.<\/p>\n<p>Nouvel article de l\u2019imprimante 3d, ils sont donc plus fragiles que l\u2019original et doivent \u00eatre viss\u00e9s sur la jupe avec politique.<\/p>\n<p>Ces pi\u00e8ces sont utilis\u00e9es sur tous les types de jupes lat\u00e9rales int\u00e9grales d\u2019origine.<\/p>\n<p>Lancia OEM 82443782<\/p>\n<p><\/p>\n<p>4 clips par voiture n\u00e9cessaires, 2 par jupe. Le verse court est le num\u00e9ro 9 sur le dessin EPER.<\/p>\n<p><span style=\"background-color: yellow; font-weight: bold;\">Concerne la version courte du clip! Il y a deux longueurs diff\u00e9rentes de ces clips appliqu\u00e9s \u00e0 la jupe, c\u2019est la version courte!&nbsp;<\/span><\/p>\n<p><\/p>\n","protected":false},"excerpt":{"rendered":"<p>Fixation de jupe lat\u00e9rale de guidage en plastique Lancia delta Integrale &#8211; Clips de montage originaux utilis\u00e9s en plastique noir pour attacher la jupe lat\u00e9rale \u00e0 la voiture. Jupe lat\u00e9rale de guidage en plastique Fixation courte Lancia delta Integrale &#8211; Origine usag\u00e9e<\/p>\n","protected":false},"featured_media":53288,"comment_status":"closed","ping_status":"closed","template":"","meta":{"_acf_changed":false},"product_brand":[],"product_cat":[1806,1830,1798],"product_tag":[],"class_list":{"0":"post-65979","1":"product","2":"type-product","3":"status-publish","4":"has-post-thumbnail","6":"product_cat-delta-1-831-fr","7":"product_cat-integrale-8v-fr","8":"product_cat-lancia-fr","9":"pa_soort-onderdeel-electronique-et-cables","11":"first","12":"instock","13":"taxable","14":"shipping-taxable","15":"purchasable","16":"product-type-simple"},"acf":[],"yoast_head":"<!-- This site is optimized with the Yoast SEO plugin v27.3 - https:\/\/yoast.com\/product\/yoast-seo-wordpress\/ -->\n<title>Jupe lat\u00e9rale guide en plastique Fixation courte Lancia delta Integrale -REPRODUCTION- Turijnmagazijn<\/title>\n<meta name=\"robots\" content=\"index, follow, max-snippet:-1, max-image-preview:large, max-video-preview:-1\" \/>\n<link rel=\"canonical\" href=\"https:\/\/turijnmagazijn.nl\/fr\/produit\/plastique-guide-jupe-laterale-courte-attache-lancia-delta-reproduction-integrale\/\" \/>\n<meta property=\"og:locale\" content=\"fr_FR\" \/>\n<meta property=\"og:type\" content=\"article\" \/>\n<meta property=\"og:title\" content=\"Jupe lat\u00e9rale guide en plastique Fixation courte Lancia delta Integrale -REPRODUCTION- Turijnmagazijn\" \/>\n<meta property=\"og:description\" content=\"Fixation de jupe lat\u00e9rale de guidage en plastique Lancia delta Integrale - Clips de montage originaux utilis\u00e9s en plastique noir pour attacher la jupe lat\u00e9rale \u00e0 la voiture. Jupe lat\u00e9rale de guidage en plastique Fixation courte Lancia delta Integrale - Origine usag\u00e9e\" \/>\n<meta property=\"og:url\" content=\"https:\/\/turijnmagazijn.nl\/fr\/produit\/plastique-guide-jupe-laterale-courte-attache-lancia-delta-reproduction-integrale\/\" \/>\n<meta property=\"og:site_name\" content=\"Turijnmagazijn\" \/>\n<meta property=\"article:publisher\" content=\"https:\/\/www.facebook.com\/turijnmagazijn\" \/>\n<meta property=\"article:modified_time\" content=\"2023-07-27T10:38:03+00:00\" \/>\n<meta property=\"og:image\" content=\"https:\/\/turijnmagazijn.nl\/wp-content\/uploads\/2023\/03\/DN00100139-Plastic-geleider-side-skirt-Kort-bevestiging-Lancia-delta-Integrale-REPRODUCTIE-3-1.jpg\" \/>\n\t<meta property=\"og:image:width\" content=\"1024\" \/>\n\t<meta property=\"og:image:height\" content=\"768\" \/>\n\t<meta property=\"og:image:type\" content=\"image\/jpeg\" \/>\n<meta name=\"twitter:card\" content=\"summary_large_image\" \/>\n<meta name=\"twitter:label1\" content=\"Dur\u00e9e de lecture estim\u00e9e\" \/>\n\t<meta name=\"twitter:data1\" content=\"1 minute\" \/>\n<script type=\"application\/ld+json\" class=\"yoast-schema-graph\">{\"@context\":\"https:\\\/\\\/schema.org\",\"@graph\":[{\"@type\":\"WebPage\",\"@id\":\"https:\\\/\\\/turijnmagazijn.nl\\\/fr\\\/produit\\\/plastique-guide-jupe-laterale-courte-attache-lancia-delta-reproduction-integrale\\\/\",\"url\":\"https:\\\/\\\/turijnmagazijn.nl\\\/fr\\\/produit\\\/plastique-guide-jupe-laterale-courte-attache-lancia-delta-reproduction-integrale\\\/\",\"name\":\"Jupe lat\u00e9rale guide en plastique Fixation courte Lancia delta Integrale -REPRODUCTION- Turijnmagazijn\",\"isPartOf\":{\"@id\":\"https:\\\/\\\/turijnmagazijn.jumpstone-dev.nl\\\/#website\"},\"primaryImageOfPage\":{\"@id\":\"https:\\\/\\\/turijnmagazijn.nl\\\/fr\\\/produit\\\/plastique-guide-jupe-laterale-courte-attache-lancia-delta-reproduction-integrale\\\/#primaryimage\"},\"image\":{\"@id\":\"https:\\\/\\\/turijnmagazijn.nl\\\/fr\\\/produit\\\/plastique-guide-jupe-laterale-courte-attache-lancia-delta-reproduction-integrale\\\/#primaryimage\"},\"thumbnailUrl\":\"https:\\\/\\\/turijnmagazijn.nl\\\/wp-content\\\/uploads\\\/2023\\\/03\\\/DN00100139-Plastic-geleider-side-skirt-Kort-bevestiging-Lancia-delta-Integrale-REPRODUCTIE-3-1.jpg\",\"datePublished\":\"2023-03-03T08:52:44+00:00\",\"dateModified\":\"2023-07-27T10:38:03+00:00\",\"breadcrumb\":{\"@id\":\"https:\\\/\\\/turijnmagazijn.nl\\\/fr\\\/produit\\\/plastique-guide-jupe-laterale-courte-attache-lancia-delta-reproduction-integrale\\\/#breadcrumb\"},\"inLanguage\":\"fr-FR\",\"potentialAction\":[{\"@type\":\"ReadAction\",\"target\":[\"https:\\\/\\\/turijnmagazijn.nl\\\/fr\\\/produit\\\/plastique-guide-jupe-laterale-courte-attache-lancia-delta-reproduction-integrale\\\/\"]}]},{\"@type\":\"ImageObject\",\"inLanguage\":\"fr-FR\",\"@id\":\"https:\\\/\\\/turijnmagazijn.nl\\\/fr\\\/produit\\\/plastique-guide-jupe-laterale-courte-attache-lancia-delta-reproduction-integrale\\\/#primaryimage\",\"url\":\"https:\\\/\\\/turijnmagazijn.nl\\\/wp-content\\\/uploads\\\/2023\\\/03\\\/DN00100139-Plastic-geleider-side-skirt-Kort-bevestiging-Lancia-delta-Integrale-REPRODUCTIE-3-1.jpg\",\"contentUrl\":\"https:\\\/\\\/turijnmagazijn.nl\\\/wp-content\\\/uploads\\\/2023\\\/03\\\/DN00100139-Plastic-geleider-side-skirt-Kort-bevestiging-Lancia-delta-Integrale-REPRODUCTIE-3-1.jpg\",\"width\":1024,\"height\":768},{\"@type\":\"BreadcrumbList\",\"@id\":\"https:\\\/\\\/turijnmagazijn.nl\\\/fr\\\/produit\\\/plastique-guide-jupe-laterale-courte-attache-lancia-delta-reproduction-integrale\\\/#breadcrumb\",\"itemListElement\":[{\"@type\":\"ListItem\",\"position\":1,\"name\":\"Home\",\"item\":\"https:\\\/\\\/turijnmagazijn.nl\\\/fr\\\/\"},{\"@type\":\"ListItem\",\"position\":2,\"name\":\"Produits\",\"item\":\"https:\\\/\\\/turijnmagazijn.nl\\\/fr\\\/shop\\\/\"},{\"@type\":\"ListItem\",\"position\":3,\"name\":\"Jupe lat\u00e9rale guide en plastique Fixation courte Lancia delta Integrale -REPRODUCTION-\"}]},{\"@type\":\"WebSite\",\"@id\":\"https:\\\/\\\/turijnmagazijn.jumpstone-dev.nl\\\/#website\",\"url\":\"https:\\\/\\\/turijnmagazijn.jumpstone-dev.nl\\\/\",\"name\":\"Turijnmagazijn\",\"description\":\"Onderdelen nieuw en gebruikt - Fiat &amp; Lancia\",\"publisher\":{\"@id\":\"https:\\\/\\\/turijnmagazijn.jumpstone-dev.nl\\\/#organization\"},\"potentialAction\":[{\"@type\":\"SearchAction\",\"target\":{\"@type\":\"EntryPoint\",\"urlTemplate\":\"https:\\\/\\\/turijnmagazijn.jumpstone-dev.nl\\\/?s={search_term_string}\"},\"query-input\":{\"@type\":\"PropertyValueSpecification\",\"valueRequired\":true,\"valueName\":\"search_term_string\"}}],\"inLanguage\":\"fr-FR\"},{\"@type\":\"Organization\",\"@id\":\"https:\\\/\\\/turijnmagazijn.jumpstone-dev.nl\\\/#organization\",\"name\":\"Turijnmagazijn\",\"url\":\"https:\\\/\\\/turijnmagazijn.jumpstone-dev.nl\\\/\",\"logo\":{\"@type\":\"ImageObject\",\"inLanguage\":\"fr-FR\",\"@id\":\"https:\\\/\\\/turijnmagazijn.jumpstone-dev.nl\\\/#\\\/schema\\\/logo\\\/image\\\/\",\"url\":\"https:\\\/\\\/turijnmagazijn.nl\\\/wp-content\\\/uploads\\\/2021\\\/02\\\/turijnmagazijnlogo.png\",\"contentUrl\":\"https:\\\/\\\/turijnmagazijn.nl\\\/wp-content\\\/uploads\\\/2021\\\/02\\\/turijnmagazijnlogo.png\",\"width\":555,\"height\":270,\"caption\":\"Turijnmagazijn\"},\"image\":{\"@id\":\"https:\\\/\\\/turijnmagazijn.jumpstone-dev.nl\\\/#\\\/schema\\\/logo\\\/image\\\/\"},\"sameAs\":[\"https:\\\/\\\/www.facebook.com\\\/turijnmagazijn\"]}]}<\/script>\n<!-- \/ Yoast SEO plugin. -->","yoast_head_json":{"title":"Jupe lat\u00e9rale guide en plastique Fixation courte Lancia delta Integrale -REPRODUCTION- Turijnmagazijn","robots":{"index":"index","follow":"follow","max-snippet":"max-snippet:-1","max-image-preview":"max-image-preview:large","max-video-preview":"max-video-preview:-1"},"canonical":"https:\/\/turijnmagazijn.nl\/fr\/produit\/plastique-guide-jupe-laterale-courte-attache-lancia-delta-reproduction-integrale\/","og_locale":"fr_FR","og_type":"article","og_title":"Jupe lat\u00e9rale guide en plastique Fixation courte Lancia delta Integrale -REPRODUCTION- Turijnmagazijn","og_description":"Fixation de jupe lat\u00e9rale de guidage en plastique Lancia delta Integrale - Clips de montage originaux utilis\u00e9s en plastique noir pour attacher la jupe lat\u00e9rale \u00e0 la voiture. Jupe lat\u00e9rale de guidage en plastique Fixation courte Lancia delta Integrale - Origine usag\u00e9e","og_url":"https:\/\/turijnmagazijn.nl\/fr\/produit\/plastique-guide-jupe-laterale-courte-attache-lancia-delta-reproduction-integrale\/","og_site_name":"Turijnmagazijn","article_publisher":"https:\/\/www.facebook.com\/turijnmagazijn","article_modified_time":"2023-07-27T10:38:03+00:00","og_image":[{"width":1024,"height":768,"url":"https:\/\/turijnmagazijn.nl\/wp-content\/uploads\/2023\/03\/DN00100139-Plastic-geleider-side-skirt-Kort-bevestiging-Lancia-delta-Integrale-REPRODUCTIE-3-1.jpg","type":"image\/jpeg"}],"twitter_card":"summary_large_image","twitter_misc":{"Dur\u00e9e de lecture estim\u00e9e":"1 minute"},"schema":{"@context":"https:\/\/schema.org","@graph":[{"@type":"WebPage","@id":"https:\/\/turijnmagazijn.nl\/fr\/produit\/plastique-guide-jupe-laterale-courte-attache-lancia-delta-reproduction-integrale\/","url":"https:\/\/turijnmagazijn.nl\/fr\/produit\/plastique-guide-jupe-laterale-courte-attache-lancia-delta-reproduction-integrale\/","name":"Jupe lat\u00e9rale guide en plastique Fixation courte Lancia delta Integrale -REPRODUCTION- Turijnmagazijn","isPartOf":{"@id":"https:\/\/turijnmagazijn.jumpstone-dev.nl\/#website"},"primaryImageOfPage":{"@id":"https:\/\/turijnmagazijn.nl\/fr\/produit\/plastique-guide-jupe-laterale-courte-attache-lancia-delta-reproduction-integrale\/#primaryimage"},"image":{"@id":"https:\/\/turijnmagazijn.nl\/fr\/produit\/plastique-guide-jupe-laterale-courte-attache-lancia-delta-reproduction-integrale\/#primaryimage"},"thumbnailUrl":"https:\/\/turijnmagazijn.nl\/wp-content\/uploads\/2023\/03\/DN00100139-Plastic-geleider-side-skirt-Kort-bevestiging-Lancia-delta-Integrale-REPRODUCTIE-3-1.jpg","datePublished":"2023-03-03T08:52:44+00:00","dateModified":"2023-07-27T10:38:03+00:00","breadcrumb":{"@id":"https:\/\/turijnmagazijn.nl\/fr\/produit\/plastique-guide-jupe-laterale-courte-attache-lancia-delta-reproduction-integrale\/#breadcrumb"},"inLanguage":"fr-FR","potentialAction":[{"@type":"ReadAction","target":["https:\/\/turijnmagazijn.nl\/fr\/produit\/plastique-guide-jupe-laterale-courte-attache-lancia-delta-reproduction-integrale\/"]}]},{"@type":"ImageObject","inLanguage":"fr-FR","@id":"https:\/\/turijnmagazijn.nl\/fr\/produit\/plastique-guide-jupe-laterale-courte-attache-lancia-delta-reproduction-integrale\/#primaryimage","url":"https:\/\/turijnmagazijn.nl\/wp-content\/uploads\/2023\/03\/DN00100139-Plastic-geleider-side-skirt-Kort-bevestiging-Lancia-delta-Integrale-REPRODUCTIE-3-1.jpg","contentUrl":"https:\/\/turijnmagazijn.nl\/wp-content\/uploads\/2023\/03\/DN00100139-Plastic-geleider-side-skirt-Kort-bevestiging-Lancia-delta-Integrale-REPRODUCTIE-3-1.jpg","width":1024,"height":768},{"@type":"BreadcrumbList","@id":"https:\/\/turijnmagazijn.nl\/fr\/produit\/plastique-guide-jupe-laterale-courte-attache-lancia-delta-reproduction-integrale\/#breadcrumb","itemListElement":[{"@type":"ListItem","position":1,"name":"Home","item":"https:\/\/turijnmagazijn.nl\/fr\/"},{"@type":"ListItem","position":2,"name":"Produits","item":"https:\/\/turijnmagazijn.nl\/fr\/shop\/"},{"@type":"ListItem","position":3,"name":"Jupe lat\u00e9rale guide en plastique Fixation courte Lancia delta Integrale -REPRODUCTION-"}]},{"@type":"WebSite","@id":"https:\/\/turijnmagazijn.jumpstone-dev.nl\/#website","url":"https:\/\/turijnmagazijn.jumpstone-dev.nl\/","name":"Turijnmagazijn","description":"Onderdelen nieuw en gebruikt - Fiat &amp; Lancia","publisher":{"@id":"https:\/\/turijnmagazijn.jumpstone-dev.nl\/#organization"},"potentialAction":[{"@type":"SearchAction","target":{"@type":"EntryPoint","urlTemplate":"https:\/\/turijnmagazijn.jumpstone-dev.nl\/?s={search_term_string}"},"query-input":{"@type":"PropertyValueSpecification","valueRequired":true,"valueName":"search_term_string"}}],"inLanguage":"fr-FR"},{"@type":"Organization","@id":"https:\/\/turijnmagazijn.jumpstone-dev.nl\/#organization","name":"Turijnmagazijn","url":"https:\/\/turijnmagazijn.jumpstone-dev.nl\/","logo":{"@type":"ImageObject","inLanguage":"fr-FR","@id":"https:\/\/turijnmagazijn.jumpstone-dev.nl\/#\/schema\/logo\/image\/","url":"https:\/\/turijnmagazijn.nl\/wp-content\/uploads\/2021\/02\/turijnmagazijnlogo.png","contentUrl":"https:\/\/turijnmagazijn.nl\/wp-content\/uploads\/2021\/02\/turijnmagazijnlogo.png","width":555,"height":270,"caption":"Turijnmagazijn"},"image":{"@id":"https:\/\/turijnmagazijn.jumpstone-dev.nl\/#\/schema\/logo\/image\/"},"sameAs":["https:\/\/www.facebook.com\/turijnmagazijn"]}]}},"_links":{"self":[{"href":"https:\/\/turijnmagazijn.nl\/fr\/wp-json\/wp\/v2\/product\/65979","targetHints":{"allow":["GET"]}}],"collection":[{"href":"https:\/\/turijnmagazijn.nl\/fr\/wp-json\/wp\/v2\/product"}],"about":[{"href":"https:\/\/turijnmagazijn.nl\/fr\/wp-json\/wp\/v2\/types\/product"}],"replies":[{"embeddable":true,"href":"https:\/\/turijnmagazijn.nl\/fr\/wp-json\/wp\/v2\/comments?post=65979"}],"wp:featuredmedia":[{"embeddable":true,"href":"https:\/\/turijnmagazijn.nl\/fr\/wp-json\/wp\/v2\/media\/53288"}],"wp:attachment":[{"href":"https:\/\/turijnmagazijn.nl\/fr\/wp-json\/wp\/v2\/media?parent=65979"}],"wp:term":[{"taxonomy":"product_brand","embeddable":true,"href":"https:\/\/turijnmagazijn.nl\/fr\/wp-json\/wp\/v2\/product_brand?post=65979"},{"taxonomy":"product_cat","embeddable":true,"href":"https:\/\/turijnmagazijn.nl\/fr\/wp-json\/wp\/v2\/product_cat?post=65979"},{"taxonomy":"product_tag","embeddable":true,"href":"https:\/\/turijnmagazijn.nl\/fr\/wp-json\/wp\/v2\/product_tag?post=65979"}],"curies":[{"name":"wp","href":"https:\/\/api.w.org\/{rel}","templated":true}]}}