{"id":65981,"date":"2023-03-03T08:52:21","date_gmt":"2023-03-03T07:52:21","guid":{"rendered":"https:\/\/turijnmagazijn.nl\/product\/clip-pour-montage-de-jupe-laterale-fiat-bravo-fiat-tipo-i-lancia-delta-ii\/"},"modified":"2023-07-27T13:25:08","modified_gmt":"2023-07-27T11:25:08","slug":"clip-for-side-skirt-mounting-fiat-bravo-fiat-tipo-i-lancia-delta-ii","status":"publish","type":"product","link":"https:\/\/turijnmagazijn.nl\/fr\/produit\/clip-for-side-skirt-mounting-fiat-bravo-fiat-tipo-i-lancia-delta-ii\/","title":{"rendered":"Clip pour montage de jupe lat\u00e9rale Fiat Bravo Fiat Tipo I Lancia Delta II"},"content":{"rendered":"<p><a href=\"https:\/\/turijnmagazijn.nl\/fr\/expedition-par-boite-aux-lettres\/\" target=\"\" style=\"background-color: rgb(255, 255, 255); color: rgb(35, 82, 124); outline: 0px;\" rel=\"noopener\"><img decoding=\"async\" src=\"https:\/\/www.delenkorf.nl\/image\/catalog\/brievenbus.png\"><\/a><\/p>\n<p>Nouveau clip d\u2019imitation pour le montage des jupes lat\u00e9rales sur le corps. Convient pour Fiat Bravo et Fiat Tipo I. Les clips glissent avec la partie carr\u00e9e dans le clip \u00e0 l\u2019arri\u00e8re de la jupe tandis que le \u00ab&nbsp;sapin de No\u00ebl&nbsp;\u00bb peut \u00eatre ins\u00e9r\u00e9 dans les trous du corps et fix\u00e9 \u00e0 la profondeur souhait\u00e9e.<\/p>\n<p>Convient \u00e9galement pour Lancia Delta II. Delta de Nouva construit entre 1996 et 2000.<\/p>\n<p><\/p>\n<p><span style=\"text-align: center;\">FIAT &#8211; 1H BRAVO BZ\/DS (1995-1998)<\/span><br style=\"text-align: center;\"><\/p>\n<p><span style=\"text-align: center;\">FIAT &#8211; 1L BRAVO G.98 BZ\/DS (1998-2001)<br \/><\/span><span style=\"text-align: center;\">FIAT &#8211; MAINTENANT TIPO MQ.93 1750-2000 (1993-1995)<br \/><\/span> LANCIA &#8211; SF N.DELTA 1400-Alfa Romeo, <span style=\"text-align: center;\">Alfa Romeo &gt; Alfetta [116],0-1800(1993-1999)LANCIA &#8211; SG N.DELTA 2.0 -1750 132CV (1993-1999)LANCIA &#8211; SQ N.DELTA TB\/DS (1994-1999)<br \/><\/span><span style=\"text-align: center;\"><br \/><\/span><span style=\"text-align: center;\"><\/span><\/p>\n<\/p>\n<p><\/p>\n<p>OEM pour r\u00e9f\u00e9rence FIAT 7790201<\/p>\n","protected":false},"excerpt":{"rendered":"<p>Clip pour montage de jupe lat\u00e9rale Fiat Bravo Fiat Tipo Lancia Delta II &#8211; Nouveau clip d\u2019imitation pour le montage des jupes lat\u00e9rales sur le corps. Clip pour montage de jupe lat\u00e9rale Fiat Bravo Fiat Tipo I Lancia Delta II &#8211; Nouveau clip d\u2019imitation pour le montage des c\u00f4t\u00e9s<\/p>\n","protected":false},"featured_media":53276,"comment_status":"open","ping_status":"closed","template":"","meta":{"_acf_changed":false},"product_brand":[],"product_cat":[1846,1851,1705,1841,1690,1798,1781],"product_tag":[],"class_list":{"0":"post-65981","1":"product","2":"type-product","3":"status-publish","4":"has-post-thumbnail","6":"product_cat-3-deurs-hpe-fr","7":"product_cat-5-deurs-fr","8":"product_cat-brava-198-fr","9":"product_cat-delta-2-836-fr","10":"product_cat-fiat-fr","11":"product_cat-lancia-fr","12":"product_cat-tipo-1-160-fr","13":"pa_soort-onderdeel-electronique-et-cables","15":"first","16":"instock","17":"taxable","18":"shipping-taxable","19":"purchasable","20":"product-type-simple"},"acf":[],"yoast_head":"<!-- This site is optimized with the Yoast SEO plugin v27.2 - https:\/\/yoast.com\/product\/yoast-seo-wordpress\/ -->\n<title>Clip pour montage de jupe lat\u00e9rale Fiat Bravo Fiat Tipo I Lancia Delta II - Turijnmagazijn<\/title>\n<meta name=\"robots\" content=\"index, follow, max-snippet:-1, max-image-preview:large, max-video-preview:-1\" \/>\n<link rel=\"canonical\" href=\"https:\/\/turijnmagazijn.nl\/fr\/produit\/clip-for-side-skirt-mounting-fiat-bravo-fiat-tipo-i-lancia-delta-ii\/\" \/>\n<meta property=\"og:locale\" content=\"fr_FR\" \/>\n<meta property=\"og:type\" content=\"article\" \/>\n<meta property=\"og:title\" content=\"Clip pour montage de jupe lat\u00e9rale Fiat Bravo Fiat Tipo I Lancia Delta II - Turijnmagazijn\" \/>\n<meta property=\"og:description\" content=\"Clip pour montage de jupe lat\u00e9rale Fiat Bravo Fiat Tipo Lancia Delta II - Nouveau clip d\u2019imitation pour le montage des jupes lat\u00e9rales sur le corps. Clip pour montage de jupe lat\u00e9rale Fiat Bravo Fiat Tipo I Lancia Delta II - Nouveau clip d\u2019imitation pour le montage des c\u00f4t\u00e9s\" \/>\n<meta property=\"og:url\" content=\"https:\/\/turijnmagazijn.nl\/fr\/produit\/clip-for-side-skirt-mounting-fiat-bravo-fiat-tipo-i-lancia-delta-ii\/\" \/>\n<meta property=\"og:site_name\" content=\"Turijnmagazijn\" \/>\n<meta property=\"article:publisher\" content=\"https:\/\/www.facebook.com\/turijnmagazijn\" \/>\n<meta property=\"article:modified_time\" content=\"2023-07-27T11:25:08+00:00\" \/>\n<meta property=\"og:image\" content=\"https:\/\/turijnmagazijn.nl\/wp-content\/uploads\/2023\/03\/DN00100138-Clip-voor-sideskirt-montage-Fiat-Bravo-Fiat-Tipo-I-Lancia-Delta-II-3-1.jpg\" \/>\n\t<meta property=\"og:image:width\" content=\"1024\" \/>\n\t<meta property=\"og:image:height\" content=\"768\" \/>\n\t<meta property=\"og:image:type\" content=\"image\/jpeg\" \/>\n<meta name=\"twitter:card\" content=\"summary_large_image\" \/>\n<meta name=\"twitter:label1\" content=\"Dur\u00e9e de lecture estim\u00e9e\" \/>\n\t<meta name=\"twitter:data1\" content=\"1 minute\" \/>\n<script type=\"application\/ld+json\" class=\"yoast-schema-graph\">{\"@context\":\"https:\/\/schema.org\",\"@graph\":[{\"@type\":\"WebPage\",\"@id\":\"https:\/\/turijnmagazijn.nl\/fr\/produit\/clip-for-side-skirt-mounting-fiat-bravo-fiat-tipo-i-lancia-delta-ii\/\",\"url\":\"https:\/\/turijnmagazijn.nl\/fr\/produit\/clip-for-side-skirt-mounting-fiat-bravo-fiat-tipo-i-lancia-delta-ii\/\",\"name\":\"Clip pour montage de jupe lat\u00e9rale Fiat Bravo Fiat Tipo I Lancia Delta II - Turijnmagazijn\",\"isPartOf\":{\"@id\":\"https:\/\/turijnmagazijn.jumpstone-dev.nl\/#website\"},\"primaryImageOfPage\":{\"@id\":\"https:\/\/turijnmagazijn.nl\/fr\/produit\/clip-for-side-skirt-mounting-fiat-bravo-fiat-tipo-i-lancia-delta-ii\/#primaryimage\"},\"image\":{\"@id\":\"https:\/\/turijnmagazijn.nl\/fr\/produit\/clip-for-side-skirt-mounting-fiat-bravo-fiat-tipo-i-lancia-delta-ii\/#primaryimage\"},\"thumbnailUrl\":\"https:\/\/turijnmagazijn.nl\/wp-content\/uploads\/2023\/03\/DN00100138-Clip-voor-sideskirt-montage-Fiat-Bravo-Fiat-Tipo-I-Lancia-Delta-II-3-1.jpg\",\"datePublished\":\"2023-03-03T07:52:21+00:00\",\"dateModified\":\"2023-07-27T11:25:08+00:00\",\"breadcrumb\":{\"@id\":\"https:\/\/turijnmagazijn.nl\/fr\/produit\/clip-for-side-skirt-mounting-fiat-bravo-fiat-tipo-i-lancia-delta-ii\/#breadcrumb\"},\"inLanguage\":\"fr-FR\",\"potentialAction\":[{\"@type\":\"ReadAction\",\"target\":[\"https:\/\/turijnmagazijn.nl\/fr\/produit\/clip-for-side-skirt-mounting-fiat-bravo-fiat-tipo-i-lancia-delta-ii\/\"]}]},{\"@type\":\"ImageObject\",\"inLanguage\":\"fr-FR\",\"@id\":\"https:\/\/turijnmagazijn.nl\/fr\/produit\/clip-for-side-skirt-mounting-fiat-bravo-fiat-tipo-i-lancia-delta-ii\/#primaryimage\",\"url\":\"https:\/\/turijnmagazijn.nl\/wp-content\/uploads\/2023\/03\/DN00100138-Clip-voor-sideskirt-montage-Fiat-Bravo-Fiat-Tipo-I-Lancia-Delta-II-3-1.jpg\",\"contentUrl\":\"https:\/\/turijnmagazijn.nl\/wp-content\/uploads\/2023\/03\/DN00100138-Clip-voor-sideskirt-montage-Fiat-Bravo-Fiat-Tipo-I-Lancia-Delta-II-3-1.jpg\",\"width\":1024,\"height\":768},{\"@type\":\"BreadcrumbList\",\"@id\":\"https:\/\/turijnmagazijn.nl\/fr\/produit\/clip-for-side-skirt-mounting-fiat-bravo-fiat-tipo-i-lancia-delta-ii\/#breadcrumb\",\"itemListElement\":[{\"@type\":\"ListItem\",\"position\":1,\"name\":\"Home\",\"item\":\"https:\/\/turijnmagazijn.nl\/fr\/\"},{\"@type\":\"ListItem\",\"position\":2,\"name\":\"Produits\",\"item\":\"https:\/\/turijnmagazijn.nl\/fr\/shop\/\"},{\"@type\":\"ListItem\",\"position\":3,\"name\":\"Clip pour montage de jupe lat\u00e9rale Fiat Bravo Fiat Tipo I Lancia Delta II\"}]},{\"@type\":\"WebSite\",\"@id\":\"https:\/\/turijnmagazijn.jumpstone-dev.nl\/#website\",\"url\":\"https:\/\/turijnmagazijn.jumpstone-dev.nl\/\",\"name\":\"Turijnmagazijn\",\"description\":\"Onderdelen nieuw en gebruikt - Fiat &amp; Lancia\",\"publisher\":{\"@id\":\"https:\/\/turijnmagazijn.jumpstone-dev.nl\/#organization\"},\"potentialAction\":[{\"@type\":\"SearchAction\",\"target\":{\"@type\":\"EntryPoint\",\"urlTemplate\":\"https:\/\/turijnmagazijn.jumpstone-dev.nl\/?s={search_term_string}\"},\"query-input\":{\"@type\":\"PropertyValueSpecification\",\"valueRequired\":true,\"valueName\":\"search_term_string\"}}],\"inLanguage\":\"fr-FR\"},{\"@type\":\"Organization\",\"@id\":\"https:\/\/turijnmagazijn.jumpstone-dev.nl\/#organization\",\"name\":\"Turijnmagazijn\",\"url\":\"https:\/\/turijnmagazijn.jumpstone-dev.nl\/\",\"logo\":{\"@type\":\"ImageObject\",\"inLanguage\":\"fr-FR\",\"@id\":\"https:\/\/turijnmagazijn.jumpstone-dev.nl\/#\/schema\/logo\/image\/\",\"url\":\"https:\/\/turijnmagazijn.nl\/wp-content\/uploads\/2021\/02\/turijnmagazijnlogo.png\",\"contentUrl\":\"https:\/\/turijnmagazijn.nl\/wp-content\/uploads\/2021\/02\/turijnmagazijnlogo.png\",\"width\":555,\"height\":270,\"caption\":\"Turijnmagazijn\"},\"image\":{\"@id\":\"https:\/\/turijnmagazijn.jumpstone-dev.nl\/#\/schema\/logo\/image\/\"},\"sameAs\":[\"https:\/\/www.facebook.com\/turijnmagazijn\"]}]}<\/script>\n<!-- \/ Yoast SEO plugin. -->","yoast_head_json":{"title":"Clip pour montage de jupe lat\u00e9rale Fiat Bravo Fiat Tipo I Lancia Delta II - Turijnmagazijn","robots":{"index":"index","follow":"follow","max-snippet":"max-snippet:-1","max-image-preview":"max-image-preview:large","max-video-preview":"max-video-preview:-1"},"canonical":"https:\/\/turijnmagazijn.nl\/fr\/produit\/clip-for-side-skirt-mounting-fiat-bravo-fiat-tipo-i-lancia-delta-ii\/","og_locale":"fr_FR","og_type":"article","og_title":"Clip pour montage de jupe lat\u00e9rale Fiat Bravo Fiat Tipo I Lancia Delta II - Turijnmagazijn","og_description":"Clip pour montage de jupe lat\u00e9rale Fiat Bravo Fiat Tipo Lancia Delta II - Nouveau clip d\u2019imitation pour le montage des jupes lat\u00e9rales sur le corps. Clip pour montage de jupe lat\u00e9rale Fiat Bravo Fiat Tipo I Lancia Delta II - Nouveau clip d\u2019imitation pour le montage des c\u00f4t\u00e9s","og_url":"https:\/\/turijnmagazijn.nl\/fr\/produit\/clip-for-side-skirt-mounting-fiat-bravo-fiat-tipo-i-lancia-delta-ii\/","og_site_name":"Turijnmagazijn","article_publisher":"https:\/\/www.facebook.com\/turijnmagazijn","article_modified_time":"2023-07-27T11:25:08+00:00","og_image":[{"width":1024,"height":768,"url":"https:\/\/turijnmagazijn.nl\/wp-content\/uploads\/2023\/03\/DN00100138-Clip-voor-sideskirt-montage-Fiat-Bravo-Fiat-Tipo-I-Lancia-Delta-II-3-1.jpg","type":"image\/jpeg"}],"twitter_card":"summary_large_image","twitter_misc":{"Dur\u00e9e de lecture estim\u00e9e":"1 minute"},"schema":{"@context":"https:\/\/schema.org","@graph":[{"@type":"WebPage","@id":"https:\/\/turijnmagazijn.nl\/fr\/produit\/clip-for-side-skirt-mounting-fiat-bravo-fiat-tipo-i-lancia-delta-ii\/","url":"https:\/\/turijnmagazijn.nl\/fr\/produit\/clip-for-side-skirt-mounting-fiat-bravo-fiat-tipo-i-lancia-delta-ii\/","name":"Clip pour montage de jupe lat\u00e9rale Fiat Bravo Fiat Tipo I Lancia Delta II - Turijnmagazijn","isPartOf":{"@id":"https:\/\/turijnmagazijn.jumpstone-dev.nl\/#website"},"primaryImageOfPage":{"@id":"https:\/\/turijnmagazijn.nl\/fr\/produit\/clip-for-side-skirt-mounting-fiat-bravo-fiat-tipo-i-lancia-delta-ii\/#primaryimage"},"image":{"@id":"https:\/\/turijnmagazijn.nl\/fr\/produit\/clip-for-side-skirt-mounting-fiat-bravo-fiat-tipo-i-lancia-delta-ii\/#primaryimage"},"thumbnailUrl":"https:\/\/turijnmagazijn.nl\/wp-content\/uploads\/2023\/03\/DN00100138-Clip-voor-sideskirt-montage-Fiat-Bravo-Fiat-Tipo-I-Lancia-Delta-II-3-1.jpg","datePublished":"2023-03-03T07:52:21+00:00","dateModified":"2023-07-27T11:25:08+00:00","breadcrumb":{"@id":"https:\/\/turijnmagazijn.nl\/fr\/produit\/clip-for-side-skirt-mounting-fiat-bravo-fiat-tipo-i-lancia-delta-ii\/#breadcrumb"},"inLanguage":"fr-FR","potentialAction":[{"@type":"ReadAction","target":["https:\/\/turijnmagazijn.nl\/fr\/produit\/clip-for-side-skirt-mounting-fiat-bravo-fiat-tipo-i-lancia-delta-ii\/"]}]},{"@type":"ImageObject","inLanguage":"fr-FR","@id":"https:\/\/turijnmagazijn.nl\/fr\/produit\/clip-for-side-skirt-mounting-fiat-bravo-fiat-tipo-i-lancia-delta-ii\/#primaryimage","url":"https:\/\/turijnmagazijn.nl\/wp-content\/uploads\/2023\/03\/DN00100138-Clip-voor-sideskirt-montage-Fiat-Bravo-Fiat-Tipo-I-Lancia-Delta-II-3-1.jpg","contentUrl":"https:\/\/turijnmagazijn.nl\/wp-content\/uploads\/2023\/03\/DN00100138-Clip-voor-sideskirt-montage-Fiat-Bravo-Fiat-Tipo-I-Lancia-Delta-II-3-1.jpg","width":1024,"height":768},{"@type":"BreadcrumbList","@id":"https:\/\/turijnmagazijn.nl\/fr\/produit\/clip-for-side-skirt-mounting-fiat-bravo-fiat-tipo-i-lancia-delta-ii\/#breadcrumb","itemListElement":[{"@type":"ListItem","position":1,"name":"Home","item":"https:\/\/turijnmagazijn.nl\/fr\/"},{"@type":"ListItem","position":2,"name":"Produits","item":"https:\/\/turijnmagazijn.nl\/fr\/shop\/"},{"@type":"ListItem","position":3,"name":"Clip pour montage de jupe lat\u00e9rale Fiat Bravo Fiat Tipo I Lancia Delta II"}]},{"@type":"WebSite","@id":"https:\/\/turijnmagazijn.jumpstone-dev.nl\/#website","url":"https:\/\/turijnmagazijn.jumpstone-dev.nl\/","name":"Turijnmagazijn","description":"Onderdelen nieuw en gebruikt - Fiat &amp; Lancia","publisher":{"@id":"https:\/\/turijnmagazijn.jumpstone-dev.nl\/#organization"},"potentialAction":[{"@type":"SearchAction","target":{"@type":"EntryPoint","urlTemplate":"https:\/\/turijnmagazijn.jumpstone-dev.nl\/?s={search_term_string}"},"query-input":{"@type":"PropertyValueSpecification","valueRequired":true,"valueName":"search_term_string"}}],"inLanguage":"fr-FR"},{"@type":"Organization","@id":"https:\/\/turijnmagazijn.jumpstone-dev.nl\/#organization","name":"Turijnmagazijn","url":"https:\/\/turijnmagazijn.jumpstone-dev.nl\/","logo":{"@type":"ImageObject","inLanguage":"fr-FR","@id":"https:\/\/turijnmagazijn.jumpstone-dev.nl\/#\/schema\/logo\/image\/","url":"https:\/\/turijnmagazijn.nl\/wp-content\/uploads\/2021\/02\/turijnmagazijnlogo.png","contentUrl":"https:\/\/turijnmagazijn.nl\/wp-content\/uploads\/2021\/02\/turijnmagazijnlogo.png","width":555,"height":270,"caption":"Turijnmagazijn"},"image":{"@id":"https:\/\/turijnmagazijn.jumpstone-dev.nl\/#\/schema\/logo\/image\/"},"sameAs":["https:\/\/www.facebook.com\/turijnmagazijn"]}]}},"_links":{"self":[{"href":"https:\/\/turijnmagazijn.nl\/fr\/wp-json\/wp\/v2\/product\/65981","targetHints":{"allow":["GET"]}}],"collection":[{"href":"https:\/\/turijnmagazijn.nl\/fr\/wp-json\/wp\/v2\/product"}],"about":[{"href":"https:\/\/turijnmagazijn.nl\/fr\/wp-json\/wp\/v2\/types\/product"}],"replies":[{"embeddable":true,"href":"https:\/\/turijnmagazijn.nl\/fr\/wp-json\/wp\/v2\/comments?post=65981"}],"wp:featuredmedia":[{"embeddable":true,"href":"https:\/\/turijnmagazijn.nl\/fr\/wp-json\/wp\/v2\/media\/53276"}],"wp:attachment":[{"href":"https:\/\/turijnmagazijn.nl\/fr\/wp-json\/wp\/v2\/media?parent=65981"}],"wp:term":[{"taxonomy":"product_brand","embeddable":true,"href":"https:\/\/turijnmagazijn.nl\/fr\/wp-json\/wp\/v2\/product_brand?post=65981"},{"taxonomy":"product_cat","embeddable":true,"href":"https:\/\/turijnmagazijn.nl\/fr\/wp-json\/wp\/v2\/product_cat?post=65981"},{"taxonomy":"product_tag","embeddable":true,"href":"https:\/\/turijnmagazijn.nl\/fr\/wp-json\/wp\/v2\/product_tag?post=65981"}],"curies":[{"name":"wp","href":"https:\/\/api.w.org\/{rel}","templated":true}]}}