{"id":65988,"date":"2023-03-03T08:52:44","date_gmt":"2023-03-03T07:52:44","guid":{"rendered":"https:\/\/turijnmagazijn.nl\/product\/wielcenter-sticker-set-noir-logo-lancia-delta-integrale-set-4-pcs-reproduction\/"},"modified":"2026-03-19T18:36:27","modified_gmt":"2026-03-19T17:36:27","slug":"wheelcenter-sticker-set-black-logo-lancia-delta-integral-set-4-st-reproduction","status":"publish","type":"product","link":"https:\/\/turijnmagazijn.nl\/fr\/produit\/wheelcenter-sticker-set-black-logo-lancia-delta-integral-set-4-st-reproduction\/","title":{"rendered":"Set d&rsquo;autocollants de moyeu noir logo Lancia Delta Integrale (set 4 pcs) -REPRODUCTION-"},"content":{"rendered":"<p><a style=\"background-color: #ffffff; color: #23527c; outline: 0px;\" href=\"https:\/\/turijnmagazijn.nl\/fr\/expedition-par-boite-aux-lettres\/\" target=\"\" rel=\"noopener\"><img decoding=\"async\" src=\"https:\/\/www.delenkorf.nl\/image\/catalog\/brievenbus.png\"><\/a>  Concerne un jeu de 4 nouveaux autocollants pour le logement de l&rsquo;enjoliveur pour Lancia Delta Integrale, Lancia Thema et Lancia Delta II. Ceci est un article non original. Pour ceux qui recherchent une alternative bon march\u00e9 aux centres de roue souvent endommag\u00e9s. Ces autocollants sont appos\u00e9s directement sur le trou du moyeu, car le diam\u00e8tre de 55 mm est exactement de la m\u00eame taille que la d\u00e9coupe du couvercle de moyeu encliquetable d\u2019origine. Il s&rsquo;agit d&rsquo;un autocollant de haute qualit\u00e9 avec le logo lancia noir sur un fond noir recouvert d&rsquo;un gel-d\u00f4me pour plus de brillance.  &nbsp;  Alternative bon march\u00e9 \u00e0 l&rsquo;enjoliveur d&rsquo;origine fourni par Lancia sous le num\u00e9ro 82355891 qui n&rsquo;est malheureusement plus disponible.<\/p>\n","protected":false},"excerpt":{"rendered":"<p>Ensemble d\u2019autocollants Wielcenter Lancia Delta Integrale -REPRODUCTION- &#8211; Il s\u2019agit d\u2019un ensemble de 4 nouveaux autocollants pour la d\u00e9coupe du couvercle de moyeu pour lancia Delta Integrale, Lancia Thema et Lancia delta II.Wielcenter sticker set logo noir Lancia Delta Integrale (set 4<\/p>\n","protected":false},"featured_media":53408,"comment_status":"closed","ping_status":"closed","template":"","meta":{"_acf_changed":false},"product_brand":[],"product_cat":[1809,1846,1851,1806,1841,1819,1821,1825,1836,1830,1838,1798,1896,1902,1897],"product_tag":[],"class_list":{"0":"post-65988","1":"product","2":"type-product","3":"status-publish","4":"has-post-thumbnail","6":"product_cat-1-1-1-3-1-5-fr","7":"product_cat-3-deurs-hpe-fr","8":"product_cat-5-deurs-fr","9":"product_cat-delta-1-831-fr","10":"product_cat-delta-2-836-fr","11":"product_cat-gt-i-e-fr","12":"product_cat-hf-4wd-fr","13":"product_cat-hf-turbo-fr","14":"product_cat-integrale-16v-fr","15":"product_cat-integrale-8v-fr","16":"product_cat-integrale-evo-fr","17":"product_cat-lancia-fr","18":"product_cat-thema-834-fr","19":"product_cat-thema-sedan-fr","20":"product_cat-thema-sw-fr","21":"pa_soort-onderdeel-porte-cles-et-autocollants","23":"first","24":"instock","25":"sale","26":"taxable","27":"shipping-taxable","28":"purchasable","29":"product-type-simple"},"acf":[],"yoast_head":"<!-- This site is optimized with the Yoast SEO plugin v27.3 - https:\/\/yoast.com\/product\/yoast-seo-wordpress\/ -->\n<title>Set d&#039;autocollants de moyeu noir logo Lancia Delta Integrale (set 4 pcs) -REPRODUCTION- Turijnmagazijn<\/title>\n<meta name=\"robots\" content=\"index, follow, max-snippet:-1, max-image-preview:large, max-video-preview:-1\" \/>\n<link rel=\"canonical\" href=\"https:\/\/turijnmagazijn.nl\/fr\/produit\/wheelcenter-sticker-set-black-logo-lancia-delta-integral-set-4-st-reproduction\/\" \/>\n<meta property=\"og:locale\" content=\"fr_FR\" \/>\n<meta property=\"og:type\" content=\"article\" \/>\n<meta property=\"og:title\" content=\"Set d&#039;autocollants de moyeu noir logo Lancia Delta Integrale (set 4 pcs) -REPRODUCTION- Turijnmagazijn\" \/>\n<meta property=\"og:description\" content=\"Ensemble d\u2019autocollants Wielcenter Lancia Delta Integrale -REPRODUCTION- - Il s\u2019agit d\u2019un ensemble de 4 nouveaux autocollants pour la d\u00e9coupe du couvercle de moyeu pour lancia Delta Integrale, Lancia Thema et Lancia delta II.Wielcenter sticker set logo noir Lancia Delta Integrale (set 4\" \/>\n<meta property=\"og:url\" content=\"https:\/\/turijnmagazijn.nl\/fr\/produit\/wheelcenter-sticker-set-black-logo-lancia-delta-integral-set-4-st-reproduction\/\" \/>\n<meta property=\"og:site_name\" content=\"Turijnmagazijn\" \/>\n<meta property=\"article:publisher\" content=\"https:\/\/www.facebook.com\/turijnmagazijn\" \/>\n<meta property=\"article:modified_time\" content=\"2026-03-19T17:36:27+00:00\" \/>\n<meta property=\"og:image\" content=\"https:\/\/turijnmagazijn.nl\/wp-content\/uploads\/2023\/03\/DN00100143-Wielcenter-sticker-set-zwart-logo-Lancia-Delta-Integrale-set-4-st.-REPRODUCTIE-2.jpg\" \/>\n\t<meta property=\"og:image:width\" content=\"1024\" \/>\n\t<meta property=\"og:image:height\" content=\"768\" \/>\n\t<meta property=\"og:image:type\" content=\"image\/jpeg\" \/>\n<meta name=\"twitter:card\" content=\"summary_large_image\" \/>\n<meta name=\"twitter:label1\" content=\"Dur\u00e9e de lecture estim\u00e9e\" \/>\n\t<meta name=\"twitter:data1\" content=\"1 minute\" \/>\n<script type=\"application\/ld+json\" class=\"yoast-schema-graph\">{\"@context\":\"https:\\\/\\\/schema.org\",\"@graph\":[{\"@type\":\"WebPage\",\"@id\":\"https:\\\/\\\/turijnmagazijn.nl\\\/fr\\\/produit\\\/wheelcenter-sticker-set-black-logo-lancia-delta-integral-set-4-st-reproduction\\\/\",\"url\":\"https:\\\/\\\/turijnmagazijn.nl\\\/fr\\\/produit\\\/wheelcenter-sticker-set-black-logo-lancia-delta-integral-set-4-st-reproduction\\\/\",\"name\":\"Set d'autocollants de moyeu noir logo Lancia Delta Integrale (set 4 pcs) -REPRODUCTION- Turijnmagazijn\",\"isPartOf\":{\"@id\":\"https:\\\/\\\/turijnmagazijn.jumpstone-dev.nl\\\/#website\"},\"primaryImageOfPage\":{\"@id\":\"https:\\\/\\\/turijnmagazijn.nl\\\/fr\\\/produit\\\/wheelcenter-sticker-set-black-logo-lancia-delta-integral-set-4-st-reproduction\\\/#primaryimage\"},\"image\":{\"@id\":\"https:\\\/\\\/turijnmagazijn.nl\\\/fr\\\/produit\\\/wheelcenter-sticker-set-black-logo-lancia-delta-integral-set-4-st-reproduction\\\/#primaryimage\"},\"thumbnailUrl\":\"https:\\\/\\\/turijnmagazijn.nl\\\/wp-content\\\/uploads\\\/2023\\\/03\\\/DN00100143-Wielcenter-sticker-set-zwart-logo-Lancia-Delta-Integrale-set-4-st.-REPRODUCTIE-2.jpg\",\"datePublished\":\"2023-03-03T07:52:44+00:00\",\"dateModified\":\"2026-03-19T17:36:27+00:00\",\"breadcrumb\":{\"@id\":\"https:\\\/\\\/turijnmagazijn.nl\\\/fr\\\/produit\\\/wheelcenter-sticker-set-black-logo-lancia-delta-integral-set-4-st-reproduction\\\/#breadcrumb\"},\"inLanguage\":\"fr-FR\",\"potentialAction\":[{\"@type\":\"ReadAction\",\"target\":[\"https:\\\/\\\/turijnmagazijn.nl\\\/fr\\\/produit\\\/wheelcenter-sticker-set-black-logo-lancia-delta-integral-set-4-st-reproduction\\\/\"]}]},{\"@type\":\"ImageObject\",\"inLanguage\":\"fr-FR\",\"@id\":\"https:\\\/\\\/turijnmagazijn.nl\\\/fr\\\/produit\\\/wheelcenter-sticker-set-black-logo-lancia-delta-integral-set-4-st-reproduction\\\/#primaryimage\",\"url\":\"https:\\\/\\\/turijnmagazijn.nl\\\/wp-content\\\/uploads\\\/2023\\\/03\\\/DN00100143-Wielcenter-sticker-set-zwart-logo-Lancia-Delta-Integrale-set-4-st.-REPRODUCTIE-2.jpg\",\"contentUrl\":\"https:\\\/\\\/turijnmagazijn.nl\\\/wp-content\\\/uploads\\\/2023\\\/03\\\/DN00100143-Wielcenter-sticker-set-zwart-logo-Lancia-Delta-Integrale-set-4-st.-REPRODUCTIE-2.jpg\",\"width\":1024,\"height\":768},{\"@type\":\"BreadcrumbList\",\"@id\":\"https:\\\/\\\/turijnmagazijn.nl\\\/fr\\\/produit\\\/wheelcenter-sticker-set-black-logo-lancia-delta-integral-set-4-st-reproduction\\\/#breadcrumb\",\"itemListElement\":[{\"@type\":\"ListItem\",\"position\":1,\"name\":\"Home\",\"item\":\"https:\\\/\\\/turijnmagazijn.nl\\\/fr\\\/\"},{\"@type\":\"ListItem\",\"position\":2,\"name\":\"Produits\",\"item\":\"https:\\\/\\\/turijnmagazijn.nl\\\/fr\\\/shop\\\/\"},{\"@type\":\"ListItem\",\"position\":3,\"name\":\"Set d&#8217;autocollants de moyeu noir logo Lancia Delta Integrale (set 4 pcs) -REPRODUCTION-\"}]},{\"@type\":\"WebSite\",\"@id\":\"https:\\\/\\\/turijnmagazijn.jumpstone-dev.nl\\\/#website\",\"url\":\"https:\\\/\\\/turijnmagazijn.jumpstone-dev.nl\\\/\",\"name\":\"Turijnmagazijn\",\"description\":\"Onderdelen nieuw en gebruikt - Fiat &amp; Lancia\",\"publisher\":{\"@id\":\"https:\\\/\\\/turijnmagazijn.jumpstone-dev.nl\\\/#organization\"},\"potentialAction\":[{\"@type\":\"SearchAction\",\"target\":{\"@type\":\"EntryPoint\",\"urlTemplate\":\"https:\\\/\\\/turijnmagazijn.jumpstone-dev.nl\\\/?s={search_term_string}\"},\"query-input\":{\"@type\":\"PropertyValueSpecification\",\"valueRequired\":true,\"valueName\":\"search_term_string\"}}],\"inLanguage\":\"fr-FR\"},{\"@type\":\"Organization\",\"@id\":\"https:\\\/\\\/turijnmagazijn.jumpstone-dev.nl\\\/#organization\",\"name\":\"Turijnmagazijn\",\"url\":\"https:\\\/\\\/turijnmagazijn.jumpstone-dev.nl\\\/\",\"logo\":{\"@type\":\"ImageObject\",\"inLanguage\":\"fr-FR\",\"@id\":\"https:\\\/\\\/turijnmagazijn.jumpstone-dev.nl\\\/#\\\/schema\\\/logo\\\/image\\\/\",\"url\":\"https:\\\/\\\/turijnmagazijn.nl\\\/wp-content\\\/uploads\\\/2021\\\/02\\\/turijnmagazijnlogo.png\",\"contentUrl\":\"https:\\\/\\\/turijnmagazijn.nl\\\/wp-content\\\/uploads\\\/2021\\\/02\\\/turijnmagazijnlogo.png\",\"width\":555,\"height\":270,\"caption\":\"Turijnmagazijn\"},\"image\":{\"@id\":\"https:\\\/\\\/turijnmagazijn.jumpstone-dev.nl\\\/#\\\/schema\\\/logo\\\/image\\\/\"},\"sameAs\":[\"https:\\\/\\\/www.facebook.com\\\/turijnmagazijn\"]}]}<\/script>\n<!-- \/ Yoast SEO plugin. -->","yoast_head_json":{"title":"Set d'autocollants de moyeu noir logo Lancia Delta Integrale (set 4 pcs) -REPRODUCTION- Turijnmagazijn","robots":{"index":"index","follow":"follow","max-snippet":"max-snippet:-1","max-image-preview":"max-image-preview:large","max-video-preview":"max-video-preview:-1"},"canonical":"https:\/\/turijnmagazijn.nl\/fr\/produit\/wheelcenter-sticker-set-black-logo-lancia-delta-integral-set-4-st-reproduction\/","og_locale":"fr_FR","og_type":"article","og_title":"Set d'autocollants de moyeu noir logo Lancia Delta Integrale (set 4 pcs) -REPRODUCTION- Turijnmagazijn","og_description":"Ensemble d\u2019autocollants Wielcenter Lancia Delta Integrale -REPRODUCTION- - Il s\u2019agit d\u2019un ensemble de 4 nouveaux autocollants pour la d\u00e9coupe du couvercle de moyeu pour lancia Delta Integrale, Lancia Thema et Lancia delta II.Wielcenter sticker set logo noir Lancia Delta Integrale (set 4","og_url":"https:\/\/turijnmagazijn.nl\/fr\/produit\/wheelcenter-sticker-set-black-logo-lancia-delta-integral-set-4-st-reproduction\/","og_site_name":"Turijnmagazijn","article_publisher":"https:\/\/www.facebook.com\/turijnmagazijn","article_modified_time":"2026-03-19T17:36:27+00:00","og_image":[{"width":1024,"height":768,"url":"https:\/\/turijnmagazijn.nl\/wp-content\/uploads\/2023\/03\/DN00100143-Wielcenter-sticker-set-zwart-logo-Lancia-Delta-Integrale-set-4-st.-REPRODUCTIE-2.jpg","type":"image\/jpeg"}],"twitter_card":"summary_large_image","twitter_misc":{"Dur\u00e9e de lecture estim\u00e9e":"1 minute"},"schema":{"@context":"https:\/\/schema.org","@graph":[{"@type":"WebPage","@id":"https:\/\/turijnmagazijn.nl\/fr\/produit\/wheelcenter-sticker-set-black-logo-lancia-delta-integral-set-4-st-reproduction\/","url":"https:\/\/turijnmagazijn.nl\/fr\/produit\/wheelcenter-sticker-set-black-logo-lancia-delta-integral-set-4-st-reproduction\/","name":"Set d'autocollants de moyeu noir logo Lancia Delta Integrale (set 4 pcs) -REPRODUCTION- Turijnmagazijn","isPartOf":{"@id":"https:\/\/turijnmagazijn.jumpstone-dev.nl\/#website"},"primaryImageOfPage":{"@id":"https:\/\/turijnmagazijn.nl\/fr\/produit\/wheelcenter-sticker-set-black-logo-lancia-delta-integral-set-4-st-reproduction\/#primaryimage"},"image":{"@id":"https:\/\/turijnmagazijn.nl\/fr\/produit\/wheelcenter-sticker-set-black-logo-lancia-delta-integral-set-4-st-reproduction\/#primaryimage"},"thumbnailUrl":"https:\/\/turijnmagazijn.nl\/wp-content\/uploads\/2023\/03\/DN00100143-Wielcenter-sticker-set-zwart-logo-Lancia-Delta-Integrale-set-4-st.-REPRODUCTIE-2.jpg","datePublished":"2023-03-03T07:52:44+00:00","dateModified":"2026-03-19T17:36:27+00:00","breadcrumb":{"@id":"https:\/\/turijnmagazijn.nl\/fr\/produit\/wheelcenter-sticker-set-black-logo-lancia-delta-integral-set-4-st-reproduction\/#breadcrumb"},"inLanguage":"fr-FR","potentialAction":[{"@type":"ReadAction","target":["https:\/\/turijnmagazijn.nl\/fr\/produit\/wheelcenter-sticker-set-black-logo-lancia-delta-integral-set-4-st-reproduction\/"]}]},{"@type":"ImageObject","inLanguage":"fr-FR","@id":"https:\/\/turijnmagazijn.nl\/fr\/produit\/wheelcenter-sticker-set-black-logo-lancia-delta-integral-set-4-st-reproduction\/#primaryimage","url":"https:\/\/turijnmagazijn.nl\/wp-content\/uploads\/2023\/03\/DN00100143-Wielcenter-sticker-set-zwart-logo-Lancia-Delta-Integrale-set-4-st.-REPRODUCTIE-2.jpg","contentUrl":"https:\/\/turijnmagazijn.nl\/wp-content\/uploads\/2023\/03\/DN00100143-Wielcenter-sticker-set-zwart-logo-Lancia-Delta-Integrale-set-4-st.-REPRODUCTIE-2.jpg","width":1024,"height":768},{"@type":"BreadcrumbList","@id":"https:\/\/turijnmagazijn.nl\/fr\/produit\/wheelcenter-sticker-set-black-logo-lancia-delta-integral-set-4-st-reproduction\/#breadcrumb","itemListElement":[{"@type":"ListItem","position":1,"name":"Home","item":"https:\/\/turijnmagazijn.nl\/fr\/"},{"@type":"ListItem","position":2,"name":"Produits","item":"https:\/\/turijnmagazijn.nl\/fr\/shop\/"},{"@type":"ListItem","position":3,"name":"Set d&#8217;autocollants de moyeu noir logo Lancia Delta Integrale (set 4 pcs) -REPRODUCTION-"}]},{"@type":"WebSite","@id":"https:\/\/turijnmagazijn.jumpstone-dev.nl\/#website","url":"https:\/\/turijnmagazijn.jumpstone-dev.nl\/","name":"Turijnmagazijn","description":"Onderdelen nieuw en gebruikt - Fiat &amp; Lancia","publisher":{"@id":"https:\/\/turijnmagazijn.jumpstone-dev.nl\/#organization"},"potentialAction":[{"@type":"SearchAction","target":{"@type":"EntryPoint","urlTemplate":"https:\/\/turijnmagazijn.jumpstone-dev.nl\/?s={search_term_string}"},"query-input":{"@type":"PropertyValueSpecification","valueRequired":true,"valueName":"search_term_string"}}],"inLanguage":"fr-FR"},{"@type":"Organization","@id":"https:\/\/turijnmagazijn.jumpstone-dev.nl\/#organization","name":"Turijnmagazijn","url":"https:\/\/turijnmagazijn.jumpstone-dev.nl\/","logo":{"@type":"ImageObject","inLanguage":"fr-FR","@id":"https:\/\/turijnmagazijn.jumpstone-dev.nl\/#\/schema\/logo\/image\/","url":"https:\/\/turijnmagazijn.nl\/wp-content\/uploads\/2021\/02\/turijnmagazijnlogo.png","contentUrl":"https:\/\/turijnmagazijn.nl\/wp-content\/uploads\/2021\/02\/turijnmagazijnlogo.png","width":555,"height":270,"caption":"Turijnmagazijn"},"image":{"@id":"https:\/\/turijnmagazijn.jumpstone-dev.nl\/#\/schema\/logo\/image\/"},"sameAs":["https:\/\/www.facebook.com\/turijnmagazijn"]}]}},"_links":{"self":[{"href":"https:\/\/turijnmagazijn.nl\/fr\/wp-json\/wp\/v2\/product\/65988","targetHints":{"allow":["GET"]}}],"collection":[{"href":"https:\/\/turijnmagazijn.nl\/fr\/wp-json\/wp\/v2\/product"}],"about":[{"href":"https:\/\/turijnmagazijn.nl\/fr\/wp-json\/wp\/v2\/types\/product"}],"replies":[{"embeddable":true,"href":"https:\/\/turijnmagazijn.nl\/fr\/wp-json\/wp\/v2\/comments?post=65988"}],"wp:featuredmedia":[{"embeddable":true,"href":"https:\/\/turijnmagazijn.nl\/fr\/wp-json\/wp\/v2\/media\/53408"}],"wp:attachment":[{"href":"https:\/\/turijnmagazijn.nl\/fr\/wp-json\/wp\/v2\/media?parent=65988"}],"wp:term":[{"taxonomy":"product_brand","embeddable":true,"href":"https:\/\/turijnmagazijn.nl\/fr\/wp-json\/wp\/v2\/product_brand?post=65988"},{"taxonomy":"product_cat","embeddable":true,"href":"https:\/\/turijnmagazijn.nl\/fr\/wp-json\/wp\/v2\/product_cat?post=65988"},{"taxonomy":"product_tag","embeddable":true,"href":"https:\/\/turijnmagazijn.nl\/fr\/wp-json\/wp\/v2\/product_tag?post=65988"}],"curies":[{"name":"wp","href":"https:\/\/api.w.org\/{rel}","templated":true}]}}