{"id":65990,"date":"2023-03-03T09:53:05","date_gmt":"2023-03-03T08:53:05","guid":{"rendered":"https:\/\/turijnmagazijn.nl\/product\/ensemble-de-bouchon-de-moyeu-4-pcs-noir-fiat-500x-jantes-en-alliage-dorigine\/"},"modified":"2024-08-29T09:16:53","modified_gmt":"2024-08-29T07:16:53","slug":"ensemble-de-capuchon-de-moyeu-4-pcs-noir-fiat-500x-jantes-en-alliage-original","status":"publish","type":"product","link":"https:\/\/turijnmagazijn.nl\/fr\/produit\/ensemble-de-capuchon-de-moyeu-4-pcs-noir-fiat-500x-jantes-en-alliage-original\/","title":{"rendered":"Cache moyeu 4 pcs Noir Fiat 500X original alloy wheels"},"content":{"rendered":"<p>Nouvel article OEM d\u2019origine produit pour Fiat 500X.<\/p>\n<p>Il s\u2019agit de la version noire (il existe \u00e9galement une version &nbsp;avec un accent de<span style=\"font-weight: bold;\">&nbsp;<\/span> bord de couleur m\u00e9tal).<\/p>\n<\/p>\n<p>Il s\u2019agit&nbsp; <span style=\"text-decoration-line: underline;\">d\u2019un ensemble complet de 4 exemplaires<\/span> du jappe de moyeu \/ enjoliveur \/ capuchon central pour jantes en alliage pour Fiat 500X. Il existe un grand nombre de jantes diff\u00e9rentes disponibles pour le 500X,&nbsp;<span style=\"font-weight: bold;\">qui utilisent tous le m\u00eame d\u00e9port de hub<\/span>.<\/p>\n<p><span style=\"font-style: italic;\">Si le couvercle du moyeu est mal retir\u00e9, une jambe de serrage se d\u00e9tache souvent et le capuchon de moyeu est perdu ou ne peut plus \u00eatre mont\u00e9. Lorsque vous retirez le couvercle du moyeu, utilisez toujours un outil sp\u00e9cial qui peut \u00eatre ins\u00e9r\u00e9 dans l\u2019emplacement du couvercle du moyeu pour retirer le couvercle du moyeu sans l\u2019endommager.<\/span><\/p>\n<p>Ce couvercle de moyeu s\u2019adapte aux types de jantes suivants :<\/p>\n<table class=\"table table-bordered\" style=\"background-color: rgb(255, 255, 255); width: 811.818px;\">\n<tbody>\n<tr>\n<td style=\"line-height: 1.42857;\">Fiat 500X Sport<\/td>\n<td style=\"line-height: 1.42857;\">735624968<\/td>\n<\/tr>\n<tr>\n<td style=\"line-height: 1.42857;\">Fiat 500X<\/td>\n<td style=\"line-height: 1.42857;\">6AP26MXFAA<\/td>\n<\/tr>\n<tr>\n<td style=\"line-height: 1.42857;\">Fiat 500X<\/td>\n<td style=\"line-height: 1.42857;\">6AN66U3JAA<\/td>\n<\/tr>\n<tr>\n<td style=\"line-height: 1.42857;\">Fiat 500X<\/td>\n<td style=\"line-height: 1.42857;\">735612564<\/td>\n<\/tr>\n<tr>\n<td style=\"line-height: 1.42857;\">Fiat 500X<\/td>\n<td style=\"line-height: 1.42857;\">6AN71U24AA<\/td>\n<\/tr>\n<tr>\n<td style=\"line-height: 1.42857;\">Fiat 500X<\/td>\n<td style=\"line-height: 1.42857;\">6AN70MAAAA<\/td>\n<\/tr>\n<\/tbody>\n<\/table>\n<p>Le couvercle du moyeu lui-m\u00eame porte le num\u00e9ro de pi\u00e8ce suivant :<\/p>\n<p>OEM Fiat&nbsp;735626311<\/p>\n","protected":false},"excerpt":{"rendered":"<p>Couvercle de moyeu Roues en alliage d\u2019origine Fiat 500X noires &#8211; Nouvel article OEM d\u2019origine produit pour Fiat 500X. Ensemble de housse de moyeu 4 pcs Noir Fiat 500X jantes en alliage d\u2019origine &#8211; Nouvel article OEM d\u2019origine produit pour Fiat 500X.<\/p>\n","protected":false},"featured_media":96097,"comment_status":"closed","ping_status":"closed","template":"","meta":{"_acf_changed":false},"product_brand":[],"product_cat":[1700,1690],"product_tag":[],"class_list":{"0":"post-65990","1":"product","2":"type-product","3":"status-publish","4":"has-post-thumbnail","6":"product_cat-500x-334-fr","7":"product_cat-fiat-fr","8":"pa_soort-onderdeel-tableau-de-bord-et-commutateurs","10":"first","11":"instock","12":"taxable","13":"shipping-taxable","14":"purchasable","15":"product-type-simple"},"acf":[],"yoast_head":"<!-- This site is optimized with the Yoast SEO plugin v27.3 - https:\/\/yoast.com\/product\/yoast-seo-wordpress\/ -->\n<title>Cache moyeu 4 pcs Noir Fiat 500X original alloy wheels - Turijnmagazijn<\/title>\n<meta name=\"robots\" content=\"index, follow, max-snippet:-1, max-image-preview:large, max-video-preview:-1\" \/>\n<link rel=\"canonical\" href=\"https:\/\/turijnmagazijn.nl\/fr\/produit\/ensemble-de-capuchon-de-moyeu-4-pcs-noir-fiat-500x-jantes-en-alliage-original\/\" \/>\n<meta property=\"og:locale\" content=\"fr_FR\" \/>\n<meta property=\"og:type\" content=\"article\" \/>\n<meta property=\"og:title\" content=\"Cache moyeu 4 pcs Noir Fiat 500X original alloy wheels - Turijnmagazijn\" \/>\n<meta property=\"og:description\" content=\"Couvercle de moyeu Roues en alliage d\u2019origine Fiat 500X noires - Nouvel article OEM d\u2019origine produit pour Fiat 500X. Ensemble de housse de moyeu 4 pcs Noir Fiat 500X jantes en alliage d\u2019origine - Nouvel article OEM d\u2019origine produit pour Fiat 500X.\" \/>\n<meta property=\"og:url\" content=\"https:\/\/turijnmagazijn.nl\/fr\/produit\/ensemble-de-capuchon-de-moyeu-4-pcs-noir-fiat-500x-jantes-en-alliage-original\/\" \/>\n<meta property=\"og:site_name\" content=\"Turijnmagazijn\" \/>\n<meta property=\"article:publisher\" content=\"https:\/\/www.facebook.com\/turijnmagazijn\" \/>\n<meta property=\"article:modified_time\" content=\"2024-08-29T07:16:53+00:00\" \/>\n<meta property=\"og:image\" content=\"https:\/\/turijnmagazijn.nl\/wp-content\/uploads\/2023\/03\/DN00100147-S-Naafdeksel-set-4-st-Zwart-Fiat-500X-originele-lichtmetalen-velgen-1-1.jpg\" \/>\n\t<meta property=\"og:image:width\" content=\"870\" \/>\n\t<meta property=\"og:image:height\" content=\"768\" \/>\n\t<meta property=\"og:image:type\" content=\"image\/jpeg\" \/>\n<meta name=\"twitter:card\" content=\"summary_large_image\" \/>\n<meta name=\"twitter:label1\" content=\"Dur\u00e9e de lecture estim\u00e9e\" \/>\n\t<meta name=\"twitter:data1\" content=\"1 minute\" \/>\n<script type=\"application\/ld+json\" class=\"yoast-schema-graph\">{\"@context\":\"https:\\\/\\\/schema.org\",\"@graph\":[{\"@type\":\"WebPage\",\"@id\":\"https:\\\/\\\/turijnmagazijn.nl\\\/fr\\\/produit\\\/ensemble-de-capuchon-de-moyeu-4-pcs-noir-fiat-500x-jantes-en-alliage-original\\\/\",\"url\":\"https:\\\/\\\/turijnmagazijn.nl\\\/fr\\\/produit\\\/ensemble-de-capuchon-de-moyeu-4-pcs-noir-fiat-500x-jantes-en-alliage-original\\\/\",\"name\":\"Cache moyeu 4 pcs Noir Fiat 500X original alloy wheels - Turijnmagazijn\",\"isPartOf\":{\"@id\":\"https:\\\/\\\/turijnmagazijn.jumpstone-dev.nl\\\/#website\"},\"primaryImageOfPage\":{\"@id\":\"https:\\\/\\\/turijnmagazijn.nl\\\/fr\\\/produit\\\/ensemble-de-capuchon-de-moyeu-4-pcs-noir-fiat-500x-jantes-en-alliage-original\\\/#primaryimage\"},\"image\":{\"@id\":\"https:\\\/\\\/turijnmagazijn.nl\\\/fr\\\/produit\\\/ensemble-de-capuchon-de-moyeu-4-pcs-noir-fiat-500x-jantes-en-alliage-original\\\/#primaryimage\"},\"thumbnailUrl\":\"https:\\\/\\\/turijnmagazijn.nl\\\/wp-content\\\/uploads\\\/2023\\\/03\\\/1765144442089.png\",\"datePublished\":\"2023-03-03T08:53:05+00:00\",\"dateModified\":\"2024-08-29T07:16:53+00:00\",\"breadcrumb\":{\"@id\":\"https:\\\/\\\/turijnmagazijn.nl\\\/fr\\\/produit\\\/ensemble-de-capuchon-de-moyeu-4-pcs-noir-fiat-500x-jantes-en-alliage-original\\\/#breadcrumb\"},\"inLanguage\":\"fr-FR\",\"potentialAction\":[{\"@type\":\"ReadAction\",\"target\":[\"https:\\\/\\\/turijnmagazijn.nl\\\/fr\\\/produit\\\/ensemble-de-capuchon-de-moyeu-4-pcs-noir-fiat-500x-jantes-en-alliage-original\\\/\"]}]},{\"@type\":\"ImageObject\",\"inLanguage\":\"fr-FR\",\"@id\":\"https:\\\/\\\/turijnmagazijn.nl\\\/fr\\\/produit\\\/ensemble-de-capuchon-de-moyeu-4-pcs-noir-fiat-500x-jantes-en-alliage-original\\\/#primaryimage\",\"url\":\"https:\\\/\\\/turijnmagazijn.nl\\\/wp-content\\\/uploads\\\/2023\\\/03\\\/1765144442089.png\",\"contentUrl\":\"https:\\\/\\\/turijnmagazijn.nl\\\/wp-content\\\/uploads\\\/2023\\\/03\\\/1765144442089.png\",\"width\":1184,\"height\":864},{\"@type\":\"BreadcrumbList\",\"@id\":\"https:\\\/\\\/turijnmagazijn.nl\\\/fr\\\/produit\\\/ensemble-de-capuchon-de-moyeu-4-pcs-noir-fiat-500x-jantes-en-alliage-original\\\/#breadcrumb\",\"itemListElement\":[{\"@type\":\"ListItem\",\"position\":1,\"name\":\"Home\",\"item\":\"https:\\\/\\\/turijnmagazijn.nl\\\/fr\\\/\"},{\"@type\":\"ListItem\",\"position\":2,\"name\":\"Produits\",\"item\":\"https:\\\/\\\/turijnmagazijn.nl\\\/fr\\\/shop\\\/\"},{\"@type\":\"ListItem\",\"position\":3,\"name\":\"Cache moyeu 4 pcs Noir Fiat 500X original alloy wheels\"}]},{\"@type\":\"WebSite\",\"@id\":\"https:\\\/\\\/turijnmagazijn.jumpstone-dev.nl\\\/#website\",\"url\":\"https:\\\/\\\/turijnmagazijn.jumpstone-dev.nl\\\/\",\"name\":\"Turijnmagazijn\",\"description\":\"Onderdelen nieuw en gebruikt - Fiat &amp; Lancia\",\"publisher\":{\"@id\":\"https:\\\/\\\/turijnmagazijn.jumpstone-dev.nl\\\/#organization\"},\"potentialAction\":[{\"@type\":\"SearchAction\",\"target\":{\"@type\":\"EntryPoint\",\"urlTemplate\":\"https:\\\/\\\/turijnmagazijn.jumpstone-dev.nl\\\/?s={search_term_string}\"},\"query-input\":{\"@type\":\"PropertyValueSpecification\",\"valueRequired\":true,\"valueName\":\"search_term_string\"}}],\"inLanguage\":\"fr-FR\"},{\"@type\":\"Organization\",\"@id\":\"https:\\\/\\\/turijnmagazijn.jumpstone-dev.nl\\\/#organization\",\"name\":\"Turijnmagazijn\",\"url\":\"https:\\\/\\\/turijnmagazijn.jumpstone-dev.nl\\\/\",\"logo\":{\"@type\":\"ImageObject\",\"inLanguage\":\"fr-FR\",\"@id\":\"https:\\\/\\\/turijnmagazijn.jumpstone-dev.nl\\\/#\\\/schema\\\/logo\\\/image\\\/\",\"url\":\"https:\\\/\\\/turijnmagazijn.nl\\\/wp-content\\\/uploads\\\/2021\\\/02\\\/turijnmagazijnlogo.png\",\"contentUrl\":\"https:\\\/\\\/turijnmagazijn.nl\\\/wp-content\\\/uploads\\\/2021\\\/02\\\/turijnmagazijnlogo.png\",\"width\":555,\"height\":270,\"caption\":\"Turijnmagazijn\"},\"image\":{\"@id\":\"https:\\\/\\\/turijnmagazijn.jumpstone-dev.nl\\\/#\\\/schema\\\/logo\\\/image\\\/\"},\"sameAs\":[\"https:\\\/\\\/www.facebook.com\\\/turijnmagazijn\"]}]}<\/script>\n<!-- \/ Yoast SEO plugin. -->","yoast_head_json":{"title":"Cache moyeu 4 pcs Noir Fiat 500X original alloy wheels - Turijnmagazijn","robots":{"index":"index","follow":"follow","max-snippet":"max-snippet:-1","max-image-preview":"max-image-preview:large","max-video-preview":"max-video-preview:-1"},"canonical":"https:\/\/turijnmagazijn.nl\/fr\/produit\/ensemble-de-capuchon-de-moyeu-4-pcs-noir-fiat-500x-jantes-en-alliage-original\/","og_locale":"fr_FR","og_type":"article","og_title":"Cache moyeu 4 pcs Noir Fiat 500X original alloy wheels - Turijnmagazijn","og_description":"Couvercle de moyeu Roues en alliage d\u2019origine Fiat 500X noires - Nouvel article OEM d\u2019origine produit pour Fiat 500X. Ensemble de housse de moyeu 4 pcs Noir Fiat 500X jantes en alliage d\u2019origine - Nouvel article OEM d\u2019origine produit pour Fiat 500X.","og_url":"https:\/\/turijnmagazijn.nl\/fr\/produit\/ensemble-de-capuchon-de-moyeu-4-pcs-noir-fiat-500x-jantes-en-alliage-original\/","og_site_name":"Turijnmagazijn","article_publisher":"https:\/\/www.facebook.com\/turijnmagazijn","article_modified_time":"2024-08-29T07:16:53+00:00","og_image":[{"width":870,"height":768,"url":"https:\/\/turijnmagazijn.nl\/wp-content\/uploads\/2023\/03\/DN00100147-S-Naafdeksel-set-4-st-Zwart-Fiat-500X-originele-lichtmetalen-velgen-1-1.jpg","type":"image\/jpeg"}],"twitter_card":"summary_large_image","twitter_misc":{"Dur\u00e9e de lecture estim\u00e9e":"1 minute"},"schema":{"@context":"https:\/\/schema.org","@graph":[{"@type":"WebPage","@id":"https:\/\/turijnmagazijn.nl\/fr\/produit\/ensemble-de-capuchon-de-moyeu-4-pcs-noir-fiat-500x-jantes-en-alliage-original\/","url":"https:\/\/turijnmagazijn.nl\/fr\/produit\/ensemble-de-capuchon-de-moyeu-4-pcs-noir-fiat-500x-jantes-en-alliage-original\/","name":"Cache moyeu 4 pcs Noir Fiat 500X original alloy wheels - Turijnmagazijn","isPartOf":{"@id":"https:\/\/turijnmagazijn.jumpstone-dev.nl\/#website"},"primaryImageOfPage":{"@id":"https:\/\/turijnmagazijn.nl\/fr\/produit\/ensemble-de-capuchon-de-moyeu-4-pcs-noir-fiat-500x-jantes-en-alliage-original\/#primaryimage"},"image":{"@id":"https:\/\/turijnmagazijn.nl\/fr\/produit\/ensemble-de-capuchon-de-moyeu-4-pcs-noir-fiat-500x-jantes-en-alliage-original\/#primaryimage"},"thumbnailUrl":"https:\/\/turijnmagazijn.nl\/wp-content\/uploads\/2023\/03\/1765144442089.png","datePublished":"2023-03-03T08:53:05+00:00","dateModified":"2024-08-29T07:16:53+00:00","breadcrumb":{"@id":"https:\/\/turijnmagazijn.nl\/fr\/produit\/ensemble-de-capuchon-de-moyeu-4-pcs-noir-fiat-500x-jantes-en-alliage-original\/#breadcrumb"},"inLanguage":"fr-FR","potentialAction":[{"@type":"ReadAction","target":["https:\/\/turijnmagazijn.nl\/fr\/produit\/ensemble-de-capuchon-de-moyeu-4-pcs-noir-fiat-500x-jantes-en-alliage-original\/"]}]},{"@type":"ImageObject","inLanguage":"fr-FR","@id":"https:\/\/turijnmagazijn.nl\/fr\/produit\/ensemble-de-capuchon-de-moyeu-4-pcs-noir-fiat-500x-jantes-en-alliage-original\/#primaryimage","url":"https:\/\/turijnmagazijn.nl\/wp-content\/uploads\/2023\/03\/1765144442089.png","contentUrl":"https:\/\/turijnmagazijn.nl\/wp-content\/uploads\/2023\/03\/1765144442089.png","width":1184,"height":864},{"@type":"BreadcrumbList","@id":"https:\/\/turijnmagazijn.nl\/fr\/produit\/ensemble-de-capuchon-de-moyeu-4-pcs-noir-fiat-500x-jantes-en-alliage-original\/#breadcrumb","itemListElement":[{"@type":"ListItem","position":1,"name":"Home","item":"https:\/\/turijnmagazijn.nl\/fr\/"},{"@type":"ListItem","position":2,"name":"Produits","item":"https:\/\/turijnmagazijn.nl\/fr\/shop\/"},{"@type":"ListItem","position":3,"name":"Cache moyeu 4 pcs Noir Fiat 500X original alloy wheels"}]},{"@type":"WebSite","@id":"https:\/\/turijnmagazijn.jumpstone-dev.nl\/#website","url":"https:\/\/turijnmagazijn.jumpstone-dev.nl\/","name":"Turijnmagazijn","description":"Onderdelen nieuw en gebruikt - Fiat &amp; Lancia","publisher":{"@id":"https:\/\/turijnmagazijn.jumpstone-dev.nl\/#organization"},"potentialAction":[{"@type":"SearchAction","target":{"@type":"EntryPoint","urlTemplate":"https:\/\/turijnmagazijn.jumpstone-dev.nl\/?s={search_term_string}"},"query-input":{"@type":"PropertyValueSpecification","valueRequired":true,"valueName":"search_term_string"}}],"inLanguage":"fr-FR"},{"@type":"Organization","@id":"https:\/\/turijnmagazijn.jumpstone-dev.nl\/#organization","name":"Turijnmagazijn","url":"https:\/\/turijnmagazijn.jumpstone-dev.nl\/","logo":{"@type":"ImageObject","inLanguage":"fr-FR","@id":"https:\/\/turijnmagazijn.jumpstone-dev.nl\/#\/schema\/logo\/image\/","url":"https:\/\/turijnmagazijn.nl\/wp-content\/uploads\/2021\/02\/turijnmagazijnlogo.png","contentUrl":"https:\/\/turijnmagazijn.nl\/wp-content\/uploads\/2021\/02\/turijnmagazijnlogo.png","width":555,"height":270,"caption":"Turijnmagazijn"},"image":{"@id":"https:\/\/turijnmagazijn.jumpstone-dev.nl\/#\/schema\/logo\/image\/"},"sameAs":["https:\/\/www.facebook.com\/turijnmagazijn"]}]}},"_links":{"self":[{"href":"https:\/\/turijnmagazijn.nl\/fr\/wp-json\/wp\/v2\/product\/65990","targetHints":{"allow":["GET"]}}],"collection":[{"href":"https:\/\/turijnmagazijn.nl\/fr\/wp-json\/wp\/v2\/product"}],"about":[{"href":"https:\/\/turijnmagazijn.nl\/fr\/wp-json\/wp\/v2\/types\/product"}],"replies":[{"embeddable":true,"href":"https:\/\/turijnmagazijn.nl\/fr\/wp-json\/wp\/v2\/comments?post=65990"}],"wp:featuredmedia":[{"embeddable":true,"href":"https:\/\/turijnmagazijn.nl\/fr\/wp-json\/wp\/v2\/media\/96097"}],"wp:attachment":[{"href":"https:\/\/turijnmagazijn.nl\/fr\/wp-json\/wp\/v2\/media?parent=65990"}],"wp:term":[{"taxonomy":"product_brand","embeddable":true,"href":"https:\/\/turijnmagazijn.nl\/fr\/wp-json\/wp\/v2\/product_brand?post=65990"},{"taxonomy":"product_cat","embeddable":true,"href":"https:\/\/turijnmagazijn.nl\/fr\/wp-json\/wp\/v2\/product_cat?post=65990"},{"taxonomy":"product_tag","embeddable":true,"href":"https:\/\/turijnmagazijn.nl\/fr\/wp-json\/wp\/v2\/product_tag?post=65990"}],"curies":[{"name":"wp","href":"https:\/\/api.w.org\/{rel}","templated":true}]}}