{"id":65994,"date":"2023-03-03T09:53:05","date_gmt":"2023-03-03T08:53:05","guid":{"rendered":"https:\/\/turijnmagazijn.nl\/product\/enjoliveur-noir-fiat-500x-jantes-en-alliage-dorigine\/"},"modified":"2025-07-31T17:39:27","modified_gmt":"2025-07-31T15:39:27","slug":"moyeu-capuchon-noir-fiat-500x-jantes-alliage-originales","status":"publish","type":"product","link":"https:\/\/turijnmagazijn.nl\/fr\/produit\/moyeu-capuchon-noir-fiat-500x-jantes-alliage-originales\/","title":{"rendered":"Enjoliveur de moyeu Noir Fiat 500X roues en alliage d&rsquo;origine"},"content":{"rendered":"<p>Nouvel article d&rsquo;imitation adapt\u00e9 \u00e0 la Fiat 500X.<\/p>\n<p>Il s\u2019agit de la version noire (il existe \u00e9galement une version avec un accent de bord de couleur m\u00e9tal).<\/p>\n<p>Ces bouchons ne sont pas \u00e9quip\u00e9s de l&rsquo;anneau \u00e0 ressort (bien qu&rsquo;il soit montr\u00e9 sur la photo). Celui-ci peut facilement \u00eatre transf\u00e9r\u00e9 des anciens bouchons. Le montage sans le ressort est \u00e9galement tout \u00e0 fait possible, la force de serrage moindre peut \u00eatre avantageuse pour \u00e9viter que les pattes ne se cassent. La force de serrage du plastique est plus que suffisante pour \u00e9viter de perdre les capuchons en cours de route.   <\/p>\n<p>Concerne 1 exemplaire d&rsquo;enjoliveur de moyeu \/ enjoliveur de moyeu \/ enjoliveur central pour jantes en alliage pour Fiat 500X il existe un grand nombre de jantes diff\u00e9rentes pour la 500X, <span style=\"font-weight: bold;\">qui utilisent toutes le m\u00eame enjoliveur de moyeu<\/span>.<\/p>\n<p><span style=\"font-style: italic;\">Si le couvercle du moyeu est mal retir\u00e9, une jambe de serrage se d\u00e9tache souvent et le capuchon de moyeu est perdu ou ne peut plus \u00eatre mont\u00e9. Lorsque vous retirez le couvercle du moyeu, utilisez toujours un outil sp\u00e9cial qui peut \u00eatre ins\u00e9r\u00e9 dans l\u2019emplacement du couvercle du moyeu pour retirer le couvercle du moyeu sans l\u2019endommager.<\/span><\/p>\n<p>Ce couvercle de moyeu s\u2019adapte aux types de jantes suivants :<\/p>\n<table class=\"table table-bordered\" style=\"background-color: #ffffff; width: 811.818px;\">\n<tbody>\n<tr>\n<td style=\"line-height: 1.42857;\">Fiat 500X Sport<\/td>\n<td style=\"line-height: 1.42857;\">735624968<\/td>\n<\/tr>\n<tr>\n<td style=\"line-height: 1.42857;\">Fiat 500X<\/td>\n<td style=\"line-height: 1.42857;\">6AP26MXFAA<\/td>\n<\/tr>\n<tr>\n<td style=\"line-height: 1.42857;\">Fiat 500X<\/td>\n<td style=\"line-height: 1.42857;\">6AN66U3JAA<\/td>\n<\/tr>\n<tr>\n<td style=\"line-height: 1.42857;\">Fiat 500X<\/td>\n<td style=\"line-height: 1.42857;\">735612564<\/td>\n<\/tr>\n<tr>\n<td style=\"line-height: 1.42857;\">Fiat 500X<\/td>\n<td style=\"line-height: 1.42857;\">6AN71U24AA<\/td>\n<\/tr>\n<tr>\n<td style=\"line-height: 1.42857;\">Fiat 500X<\/td>\n<td style=\"line-height: 1.42857;\">6AN70MAAAA<\/td>\n<\/tr>\n<\/tbody>\n<\/table>\n<p>Le couvercle du moyeu lui-m\u00eame porte le num\u00e9ro de pi\u00e8ce suivant :<\/p>\n<p>OEM Fiat 735626311<\/p>\n","protected":false},"excerpt":{"rendered":"<p>Couvercle de moyeu Roues en alliage d\u2019origine Fiat 500X noires &#8211; Nouvel article OEM d\u2019origine produit pour Fiat 500X.<\/p>\n","protected":false},"featured_media":53464,"comment_status":"closed","ping_status":"closed","template":"","meta":{"_acf_changed":false},"product_brand":[],"product_cat":[1700,1690],"product_tag":[],"class_list":{"0":"post-65994","1":"product","2":"type-product","3":"status-publish","4":"has-post-thumbnail","6":"product_cat-500x-334-fr","7":"product_cat-fiat-fr","8":"pa_soort-onderdeel-interieur-et-sellerie","10":"first","11":"instock","12":"taxable","13":"shipping-taxable","14":"purchasable","15":"product-type-simple"},"acf":[],"yoast_head":"<!-- This site is optimized with the Yoast SEO plugin v27.2 - https:\/\/yoast.com\/product\/yoast-seo-wordpress\/ -->\n<title>Enjoliveur de moyeu Noir Fiat 500X roues en alliage d&#039;origine - Turijnmagazijn<\/title>\n<meta name=\"robots\" content=\"index, follow, max-snippet:-1, max-image-preview:large, max-video-preview:-1\" \/>\n<link rel=\"canonical\" href=\"https:\/\/turijnmagazijn.nl\/fr\/produit\/moyeu-capuchon-noir-fiat-500x-jantes-alliage-originales\/\" \/>\n<meta property=\"og:locale\" content=\"fr_FR\" \/>\n<meta property=\"og:type\" content=\"article\" \/>\n<meta property=\"og:title\" content=\"Enjoliveur de moyeu Noir Fiat 500X roues en alliage d&#039;origine - Turijnmagazijn\" \/>\n<meta property=\"og:description\" content=\"Couvercle de moyeu Roues en alliage d\u2019origine Fiat 500X noires - Nouvel article OEM d\u2019origine produit pour Fiat 500X.\" \/>\n<meta property=\"og:url\" content=\"https:\/\/turijnmagazijn.nl\/fr\/produit\/moyeu-capuchon-noir-fiat-500x-jantes-alliage-originales\/\" \/>\n<meta property=\"og:site_name\" content=\"Turijnmagazijn\" \/>\n<meta property=\"article:publisher\" content=\"https:\/\/www.facebook.com\/turijnmagazijn\" \/>\n<meta property=\"article:modified_time\" content=\"2025-07-31T15:39:27+00:00\" \/>\n<meta property=\"og:image\" content=\"https:\/\/turijnmagazijn.nl\/wp-content\/uploads\/2023\/03\/DN00100147-Naafdeksel-Zwart-Fiat-500X-originele-lichtmetalen-velgen-3-1.jpg\" \/>\n\t<meta property=\"og:image:width\" content=\"1024\" \/>\n\t<meta property=\"og:image:height\" content=\"768\" \/>\n\t<meta property=\"og:image:type\" content=\"image\/jpeg\" \/>\n<meta name=\"twitter:card\" content=\"summary_large_image\" \/>\n<meta name=\"twitter:label1\" content=\"Dur\u00e9e de lecture estim\u00e9e\" \/>\n\t<meta name=\"twitter:data1\" content=\"1 minute\" \/>\n<script type=\"application\/ld+json\" class=\"yoast-schema-graph\">{\"@context\":\"https:\/\/schema.org\",\"@graph\":[{\"@type\":\"WebPage\",\"@id\":\"https:\/\/turijnmagazijn.nl\/fr\/produit\/moyeu-capuchon-noir-fiat-500x-jantes-alliage-originales\/\",\"url\":\"https:\/\/turijnmagazijn.nl\/fr\/produit\/moyeu-capuchon-noir-fiat-500x-jantes-alliage-originales\/\",\"name\":\"Enjoliveur de moyeu Noir Fiat 500X roues en alliage d'origine - Turijnmagazijn\",\"isPartOf\":{\"@id\":\"https:\/\/turijnmagazijn.jumpstone-dev.nl\/#website\"},\"primaryImageOfPage\":{\"@id\":\"https:\/\/turijnmagazijn.nl\/fr\/produit\/moyeu-capuchon-noir-fiat-500x-jantes-alliage-originales\/#primaryimage\"},\"image\":{\"@id\":\"https:\/\/turijnmagazijn.nl\/fr\/produit\/moyeu-capuchon-noir-fiat-500x-jantes-alliage-originales\/#primaryimage\"},\"thumbnailUrl\":\"https:\/\/turijnmagazijn.nl\/wp-content\/uploads\/2023\/03\/DN00100147-Naafdeksel-Zwart-Fiat-500X-originele-lichtmetalen-velgen-3-1.jpg\",\"datePublished\":\"2023-03-03T08:53:05+00:00\",\"dateModified\":\"2025-07-31T15:39:27+00:00\",\"breadcrumb\":{\"@id\":\"https:\/\/turijnmagazijn.nl\/fr\/produit\/moyeu-capuchon-noir-fiat-500x-jantes-alliage-originales\/#breadcrumb\"},\"inLanguage\":\"fr-FR\",\"potentialAction\":[{\"@type\":\"ReadAction\",\"target\":[\"https:\/\/turijnmagazijn.nl\/fr\/produit\/moyeu-capuchon-noir-fiat-500x-jantes-alliage-originales\/\"]}]},{\"@type\":\"ImageObject\",\"inLanguage\":\"fr-FR\",\"@id\":\"https:\/\/turijnmagazijn.nl\/fr\/produit\/moyeu-capuchon-noir-fiat-500x-jantes-alliage-originales\/#primaryimage\",\"url\":\"https:\/\/turijnmagazijn.nl\/wp-content\/uploads\/2023\/03\/DN00100147-Naafdeksel-Zwart-Fiat-500X-originele-lichtmetalen-velgen-3-1.jpg\",\"contentUrl\":\"https:\/\/turijnmagazijn.nl\/wp-content\/uploads\/2023\/03\/DN00100147-Naafdeksel-Zwart-Fiat-500X-originele-lichtmetalen-velgen-3-1.jpg\",\"width\":1024,\"height\":768},{\"@type\":\"BreadcrumbList\",\"@id\":\"https:\/\/turijnmagazijn.nl\/fr\/produit\/moyeu-capuchon-noir-fiat-500x-jantes-alliage-originales\/#breadcrumb\",\"itemListElement\":[{\"@type\":\"ListItem\",\"position\":1,\"name\":\"Home\",\"item\":\"https:\/\/turijnmagazijn.nl\/fr\/\"},{\"@type\":\"ListItem\",\"position\":2,\"name\":\"Produits\",\"item\":\"https:\/\/turijnmagazijn.nl\/fr\/shop\/\"},{\"@type\":\"ListItem\",\"position\":3,\"name\":\"Enjoliveur de moyeu Noir Fiat 500X roues en alliage d&rsquo;origine\"}]},{\"@type\":\"WebSite\",\"@id\":\"https:\/\/turijnmagazijn.jumpstone-dev.nl\/#website\",\"url\":\"https:\/\/turijnmagazijn.jumpstone-dev.nl\/\",\"name\":\"Turijnmagazijn\",\"description\":\"Onderdelen nieuw en gebruikt - Fiat &amp; Lancia\",\"publisher\":{\"@id\":\"https:\/\/turijnmagazijn.jumpstone-dev.nl\/#organization\"},\"potentialAction\":[{\"@type\":\"SearchAction\",\"target\":{\"@type\":\"EntryPoint\",\"urlTemplate\":\"https:\/\/turijnmagazijn.jumpstone-dev.nl\/?s={search_term_string}\"},\"query-input\":{\"@type\":\"PropertyValueSpecification\",\"valueRequired\":true,\"valueName\":\"search_term_string\"}}],\"inLanguage\":\"fr-FR\"},{\"@type\":\"Organization\",\"@id\":\"https:\/\/turijnmagazijn.jumpstone-dev.nl\/#organization\",\"name\":\"Turijnmagazijn\",\"url\":\"https:\/\/turijnmagazijn.jumpstone-dev.nl\/\",\"logo\":{\"@type\":\"ImageObject\",\"inLanguage\":\"fr-FR\",\"@id\":\"https:\/\/turijnmagazijn.jumpstone-dev.nl\/#\/schema\/logo\/image\/\",\"url\":\"https:\/\/turijnmagazijn.nl\/wp-content\/uploads\/2021\/02\/turijnmagazijnlogo.png\",\"contentUrl\":\"https:\/\/turijnmagazijn.nl\/wp-content\/uploads\/2021\/02\/turijnmagazijnlogo.png\",\"width\":555,\"height\":270,\"caption\":\"Turijnmagazijn\"},\"image\":{\"@id\":\"https:\/\/turijnmagazijn.jumpstone-dev.nl\/#\/schema\/logo\/image\/\"},\"sameAs\":[\"https:\/\/www.facebook.com\/turijnmagazijn\"]}]}<\/script>\n<!-- \/ Yoast SEO plugin. -->","yoast_head_json":{"title":"Enjoliveur de moyeu Noir Fiat 500X roues en alliage d'origine - Turijnmagazijn","robots":{"index":"index","follow":"follow","max-snippet":"max-snippet:-1","max-image-preview":"max-image-preview:large","max-video-preview":"max-video-preview:-1"},"canonical":"https:\/\/turijnmagazijn.nl\/fr\/produit\/moyeu-capuchon-noir-fiat-500x-jantes-alliage-originales\/","og_locale":"fr_FR","og_type":"article","og_title":"Enjoliveur de moyeu Noir Fiat 500X roues en alliage d'origine - Turijnmagazijn","og_description":"Couvercle de moyeu Roues en alliage d\u2019origine Fiat 500X noires - Nouvel article OEM d\u2019origine produit pour Fiat 500X.","og_url":"https:\/\/turijnmagazijn.nl\/fr\/produit\/moyeu-capuchon-noir-fiat-500x-jantes-alliage-originales\/","og_site_name":"Turijnmagazijn","article_publisher":"https:\/\/www.facebook.com\/turijnmagazijn","article_modified_time":"2025-07-31T15:39:27+00:00","og_image":[{"width":1024,"height":768,"url":"https:\/\/turijnmagazijn.nl\/wp-content\/uploads\/2023\/03\/DN00100147-Naafdeksel-Zwart-Fiat-500X-originele-lichtmetalen-velgen-3-1.jpg","type":"image\/jpeg"}],"twitter_card":"summary_large_image","twitter_misc":{"Dur\u00e9e de lecture estim\u00e9e":"1 minute"},"schema":{"@context":"https:\/\/schema.org","@graph":[{"@type":"WebPage","@id":"https:\/\/turijnmagazijn.nl\/fr\/produit\/moyeu-capuchon-noir-fiat-500x-jantes-alliage-originales\/","url":"https:\/\/turijnmagazijn.nl\/fr\/produit\/moyeu-capuchon-noir-fiat-500x-jantes-alliage-originales\/","name":"Enjoliveur de moyeu Noir Fiat 500X roues en alliage d'origine - Turijnmagazijn","isPartOf":{"@id":"https:\/\/turijnmagazijn.jumpstone-dev.nl\/#website"},"primaryImageOfPage":{"@id":"https:\/\/turijnmagazijn.nl\/fr\/produit\/moyeu-capuchon-noir-fiat-500x-jantes-alliage-originales\/#primaryimage"},"image":{"@id":"https:\/\/turijnmagazijn.nl\/fr\/produit\/moyeu-capuchon-noir-fiat-500x-jantes-alliage-originales\/#primaryimage"},"thumbnailUrl":"https:\/\/turijnmagazijn.nl\/wp-content\/uploads\/2023\/03\/DN00100147-Naafdeksel-Zwart-Fiat-500X-originele-lichtmetalen-velgen-3-1.jpg","datePublished":"2023-03-03T08:53:05+00:00","dateModified":"2025-07-31T15:39:27+00:00","breadcrumb":{"@id":"https:\/\/turijnmagazijn.nl\/fr\/produit\/moyeu-capuchon-noir-fiat-500x-jantes-alliage-originales\/#breadcrumb"},"inLanguage":"fr-FR","potentialAction":[{"@type":"ReadAction","target":["https:\/\/turijnmagazijn.nl\/fr\/produit\/moyeu-capuchon-noir-fiat-500x-jantes-alliage-originales\/"]}]},{"@type":"ImageObject","inLanguage":"fr-FR","@id":"https:\/\/turijnmagazijn.nl\/fr\/produit\/moyeu-capuchon-noir-fiat-500x-jantes-alliage-originales\/#primaryimage","url":"https:\/\/turijnmagazijn.nl\/wp-content\/uploads\/2023\/03\/DN00100147-Naafdeksel-Zwart-Fiat-500X-originele-lichtmetalen-velgen-3-1.jpg","contentUrl":"https:\/\/turijnmagazijn.nl\/wp-content\/uploads\/2023\/03\/DN00100147-Naafdeksel-Zwart-Fiat-500X-originele-lichtmetalen-velgen-3-1.jpg","width":1024,"height":768},{"@type":"BreadcrumbList","@id":"https:\/\/turijnmagazijn.nl\/fr\/produit\/moyeu-capuchon-noir-fiat-500x-jantes-alliage-originales\/#breadcrumb","itemListElement":[{"@type":"ListItem","position":1,"name":"Home","item":"https:\/\/turijnmagazijn.nl\/fr\/"},{"@type":"ListItem","position":2,"name":"Produits","item":"https:\/\/turijnmagazijn.nl\/fr\/shop\/"},{"@type":"ListItem","position":3,"name":"Enjoliveur de moyeu Noir Fiat 500X roues en alliage d&rsquo;origine"}]},{"@type":"WebSite","@id":"https:\/\/turijnmagazijn.jumpstone-dev.nl\/#website","url":"https:\/\/turijnmagazijn.jumpstone-dev.nl\/","name":"Turijnmagazijn","description":"Onderdelen nieuw en gebruikt - Fiat &amp; Lancia","publisher":{"@id":"https:\/\/turijnmagazijn.jumpstone-dev.nl\/#organization"},"potentialAction":[{"@type":"SearchAction","target":{"@type":"EntryPoint","urlTemplate":"https:\/\/turijnmagazijn.jumpstone-dev.nl\/?s={search_term_string}"},"query-input":{"@type":"PropertyValueSpecification","valueRequired":true,"valueName":"search_term_string"}}],"inLanguage":"fr-FR"},{"@type":"Organization","@id":"https:\/\/turijnmagazijn.jumpstone-dev.nl\/#organization","name":"Turijnmagazijn","url":"https:\/\/turijnmagazijn.jumpstone-dev.nl\/","logo":{"@type":"ImageObject","inLanguage":"fr-FR","@id":"https:\/\/turijnmagazijn.jumpstone-dev.nl\/#\/schema\/logo\/image\/","url":"https:\/\/turijnmagazijn.nl\/wp-content\/uploads\/2021\/02\/turijnmagazijnlogo.png","contentUrl":"https:\/\/turijnmagazijn.nl\/wp-content\/uploads\/2021\/02\/turijnmagazijnlogo.png","width":555,"height":270,"caption":"Turijnmagazijn"},"image":{"@id":"https:\/\/turijnmagazijn.jumpstone-dev.nl\/#\/schema\/logo\/image\/"},"sameAs":["https:\/\/www.facebook.com\/turijnmagazijn"]}]}},"_links":{"self":[{"href":"https:\/\/turijnmagazijn.nl\/fr\/wp-json\/wp\/v2\/product\/65994","targetHints":{"allow":["GET"]}}],"collection":[{"href":"https:\/\/turijnmagazijn.nl\/fr\/wp-json\/wp\/v2\/product"}],"about":[{"href":"https:\/\/turijnmagazijn.nl\/fr\/wp-json\/wp\/v2\/types\/product"}],"replies":[{"embeddable":true,"href":"https:\/\/turijnmagazijn.nl\/fr\/wp-json\/wp\/v2\/comments?post=65994"}],"wp:featuredmedia":[{"embeddable":true,"href":"https:\/\/turijnmagazijn.nl\/fr\/wp-json\/wp\/v2\/media\/53464"}],"wp:attachment":[{"href":"https:\/\/turijnmagazijn.nl\/fr\/wp-json\/wp\/v2\/media?parent=65994"}],"wp:term":[{"taxonomy":"product_brand","embeddable":true,"href":"https:\/\/turijnmagazijn.nl\/fr\/wp-json\/wp\/v2\/product_brand?post=65994"},{"taxonomy":"product_cat","embeddable":true,"href":"https:\/\/turijnmagazijn.nl\/fr\/wp-json\/wp\/v2\/product_cat?post=65994"},{"taxonomy":"product_tag","embeddable":true,"href":"https:\/\/turijnmagazijn.nl\/fr\/wp-json\/wp\/v2\/product_tag?post=65994"}],"curies":[{"name":"wp","href":"https:\/\/api.w.org\/{rel}","templated":true}]}}