{"id":66000,"date":"2023-03-03T08:53:05","date_gmt":"2023-03-03T07:53:05","guid":{"rendered":"https:\/\/turijnmagazijn.nl\/product\/prise-clignotante-luminaire-delta-integrale-evo-prise-dorigine-nouveau\/"},"modified":"2024-09-05T13:33:29","modified_gmt":"2024-09-05T11:33:29","slug":"raccord-indicateur-delta-integral-evo-luminaire-original-plug-new","status":"publish","type":"product","link":"https:\/\/turijnmagazijn.nl\/fr\/produit\/raccord-indicateur-delta-integral-evo-luminaire-original-plug-new\/","title":{"rendered":"Prise clignotante luminaire Delta Integrale EVO prise d\u2019origine -NOUVEAU-"},"content":{"rendered":"<p style=\"margin-bottom: 10px;\">Nouveau support de lampe pour montage dans l\u2019unit\u00e9 lumineuse clignotante pour Lancia Delta Integrale EVO. Il s\u2019agit d\u2019une base de lampe s\u00e9par\u00e9e qui s\u2019ins\u00e8re dans l\u2019ouverture de montage des indicateurs EVO sans r\u00e9glages.<\/p>\n<p style=\"margin-bottom: 10px;\">Ce raccord est \u00e9quip\u00e9 de la m\u00eame connexion de prise que l\u2019original, donc si vous avez affaire \u00e0 un faisceau de c\u00e2blage EVO d\u2019origine, il s\u2019agit d\u2019un remplacement direct sans que vous ayez \u00e0 travailler dessus. Il y a quelques ann\u00e9es, des unit\u00e9s de reproduction de feux clignotants ont \u00e9t\u00e9 mises en circulation par un fabricant allemand, qui sont propos\u00e9es par des sp\u00e9cialistes du monde entier. Ces unit\u00e9s sont toujours livr\u00e9es sans base de lampe, et lors de la conversion d\u2019un pare-chocs int\u00e9gral \u00e0 un pare-chocs EVO, la base de la lampe est manquante. Ce produit est un remplacement id\u00e9al \u00e0 un prix favorable. Les unit\u00e9s Lancia d\u2019origine ne sont pas vendues s\u00e9par\u00e9ment, si elles sont \u00e0 vendre.<\/p>\n<p style=\"margin-bottom: 10px;\">Concerne un produit d\u2019imitation fabriqu\u00e9 sous l\u2019approbation TUV en qualit\u00e9 OEM.<\/p>\n<p>  Convient uniquement aux clignotants EVO qui font le tour du pare-chocs (donc pas la version plate que l&rsquo;on trouve sur les int\u00e9grales 8V et 16V), voir l&rsquo;image. L&rsquo;unit\u00e9 de clignotant illustr\u00e9e \u00e0 titre de r\u00e9f\u00e9rence n&rsquo;est pas incluse, seule une copie de la base de la lampe est incluse.  &nbsp;<\/p>\n<p style=\"margin-bottom: 10px;\">Support d&rsquo;ampoule de clignotant avant avant Lancia Delta HF integral Evo base d&rsquo;ampoule de clignotant avant Lancia Delta HF integral Evo support d&rsquo;ampoule de clignotant avant Lancia Delta HF integral Evo support d&rsquo;ampoule de clignotant avant Lancia Delta HF integral Evo<\/p>\n<p style=\"margin-bottom: 10px;\">Num\u00e9ros OEM environnants : 82468814 et 82468813<\/p>\n<p>&nbsp;<\/p>\n<p><span style=\"font-style: italic;\">Si vous allez appliquer le raccord \u00e0 une voiture sans faisceau de c\u00e2blage EVO, vous pouvez \u00e9galement choisir l\u2019autre version du raccord, avec une connexion lumineuse clignotante diff\u00e9rente. Il est livr\u00e9 complet avec une prise appropri\u00e9e. Voir : http:\/\/www.delenkorf.nl\/fitting-lancia-delta-integrale-evo-knipperlicht-voorzijde.html  <\/span><\/p>\n","protected":false},"excerpt":{"rendered":"<p>Prise de lumi\u00e8re clignotante Delta Integrale EVO luminaire original -NOUVEAU- &#8211; Nouvelle base de lampe pour montage dans l\u2019unit\u00e9 d\u2019\u00e9clairage clignotant pour Lancia Delta Integrale EVO. Prise clignotante luminaire Delta Integrale EVO prise d\u2019origine -NOUVEAU- &#8211; Nouvelle base de lampe pour m<\/p>\n","protected":false},"featured_media":53444,"comment_status":"closed","ping_status":"closed","template":"","meta":{"_acf_changed":false},"product_brand":[],"product_cat":[1806,1838,1798],"product_tag":[],"class_list":{"0":"post-66000","1":"product","2":"type-product","3":"status-publish","4":"has-post-thumbnail","6":"product_cat-delta-1-831-fr","7":"product_cat-integrale-evo-fr","8":"product_cat-lancia-fr","9":"pa_soort-onderdeel-dautres-pieces-de-voiture","11":"first","12":"instock","13":"featured","14":"taxable","15":"shipping-taxable","16":"purchasable","17":"product-type-simple"},"acf":[],"yoast_head":"<!-- This site is optimized with the Yoast SEO plugin v27.2 - https:\/\/yoast.com\/product\/yoast-seo-wordpress\/ -->\n<title>Prise clignotante luminaire Delta Integrale EVO prise d\u2019origine -NOUVEAU- Turijnmagazijn<\/title>\n<meta name=\"robots\" content=\"index, follow, max-snippet:-1, max-image-preview:large, max-video-preview:-1\" \/>\n<link rel=\"canonical\" href=\"https:\/\/turijnmagazijn.nl\/fr\/produit\/raccord-indicateur-delta-integral-evo-luminaire-original-plug-new\/\" \/>\n<meta property=\"og:locale\" content=\"fr_FR\" \/>\n<meta property=\"og:type\" content=\"article\" \/>\n<meta property=\"og:title\" content=\"Prise clignotante luminaire Delta Integrale EVO prise d\u2019origine -NOUVEAU- Turijnmagazijn\" \/>\n<meta property=\"og:description\" content=\"Prise de lumi\u00e8re clignotante Delta Integrale EVO luminaire original -NOUVEAU- - Nouvelle base de lampe pour montage dans l\u2019unit\u00e9 d\u2019\u00e9clairage clignotant pour Lancia Delta Integrale EVO. Prise clignotante luminaire Delta Integrale EVO prise d\u2019origine -NOUVEAU- - Nouvelle base de lampe pour m\" \/>\n<meta property=\"og:url\" content=\"https:\/\/turijnmagazijn.nl\/fr\/produit\/raccord-indicateur-delta-integral-evo-luminaire-original-plug-new\/\" \/>\n<meta property=\"og:site_name\" content=\"Turijnmagazijn\" \/>\n<meta property=\"article:publisher\" content=\"https:\/\/www.facebook.com\/turijnmagazijn\" \/>\n<meta property=\"article:modified_time\" content=\"2024-09-05T11:33:29+00:00\" \/>\n<meta property=\"og:image\" content=\"https:\/\/turijnmagazijn.nl\/wp-content\/uploads\/2023\/03\/DN00100146-Fitting-knipperlicht-Delta-Integrale-EVO-armatuur-originele-stekker-NIEUW-3.jpg\" \/>\n\t<meta property=\"og:image:width\" content=\"1024\" \/>\n\t<meta property=\"og:image:height\" content=\"768\" \/>\n\t<meta property=\"og:image:type\" content=\"image\/jpeg\" \/>\n<meta name=\"twitter:card\" content=\"summary_large_image\" \/>\n<meta name=\"twitter:label1\" content=\"Dur\u00e9e de lecture estim\u00e9e\" \/>\n\t<meta name=\"twitter:data1\" content=\"2 minutes\" \/>\n<script type=\"application\/ld+json\" class=\"yoast-schema-graph\">{\"@context\":\"https:\/\/schema.org\",\"@graph\":[{\"@type\":\"WebPage\",\"@id\":\"https:\/\/turijnmagazijn.nl\/fr\/produit\/raccord-indicateur-delta-integral-evo-luminaire-original-plug-new\/\",\"url\":\"https:\/\/turijnmagazijn.nl\/fr\/produit\/raccord-indicateur-delta-integral-evo-luminaire-original-plug-new\/\",\"name\":\"Prise clignotante luminaire Delta Integrale EVO prise d\u2019origine -NOUVEAU- Turijnmagazijn\",\"isPartOf\":{\"@id\":\"https:\/\/turijnmagazijn.jumpstone-dev.nl\/#website\"},\"primaryImageOfPage\":{\"@id\":\"https:\/\/turijnmagazijn.nl\/fr\/produit\/raccord-indicateur-delta-integral-evo-luminaire-original-plug-new\/#primaryimage\"},\"image\":{\"@id\":\"https:\/\/turijnmagazijn.nl\/fr\/produit\/raccord-indicateur-delta-integral-evo-luminaire-original-plug-new\/#primaryimage\"},\"thumbnailUrl\":\"https:\/\/turijnmagazijn.nl\/wp-content\/uploads\/2023\/03\/DN00100146-Fitting-knipperlicht-Delta-Integrale-EVO-armatuur-originele-stekker-NIEUW-3.jpg\",\"datePublished\":\"2023-03-03T07:53:05+00:00\",\"dateModified\":\"2024-09-05T11:33:29+00:00\",\"breadcrumb\":{\"@id\":\"https:\/\/turijnmagazijn.nl\/fr\/produit\/raccord-indicateur-delta-integral-evo-luminaire-original-plug-new\/#breadcrumb\"},\"inLanguage\":\"fr-FR\",\"potentialAction\":[{\"@type\":\"ReadAction\",\"target\":[\"https:\/\/turijnmagazijn.nl\/fr\/produit\/raccord-indicateur-delta-integral-evo-luminaire-original-plug-new\/\"]}]},{\"@type\":\"ImageObject\",\"inLanguage\":\"fr-FR\",\"@id\":\"https:\/\/turijnmagazijn.nl\/fr\/produit\/raccord-indicateur-delta-integral-evo-luminaire-original-plug-new\/#primaryimage\",\"url\":\"https:\/\/turijnmagazijn.nl\/wp-content\/uploads\/2023\/03\/DN00100146-Fitting-knipperlicht-Delta-Integrale-EVO-armatuur-originele-stekker-NIEUW-3.jpg\",\"contentUrl\":\"https:\/\/turijnmagazijn.nl\/wp-content\/uploads\/2023\/03\/DN00100146-Fitting-knipperlicht-Delta-Integrale-EVO-armatuur-originele-stekker-NIEUW-3.jpg\",\"width\":1024,\"height\":768},{\"@type\":\"BreadcrumbList\",\"@id\":\"https:\/\/turijnmagazijn.nl\/fr\/produit\/raccord-indicateur-delta-integral-evo-luminaire-original-plug-new\/#breadcrumb\",\"itemListElement\":[{\"@type\":\"ListItem\",\"position\":1,\"name\":\"Home\",\"item\":\"https:\/\/turijnmagazijn.nl\/fr\/\"},{\"@type\":\"ListItem\",\"position\":2,\"name\":\"Produits\",\"item\":\"https:\/\/turijnmagazijn.nl\/fr\/shop\/\"},{\"@type\":\"ListItem\",\"position\":3,\"name\":\"Prise clignotante luminaire Delta Integrale EVO prise d\u2019origine -NOUVEAU-\"}]},{\"@type\":\"WebSite\",\"@id\":\"https:\/\/turijnmagazijn.jumpstone-dev.nl\/#website\",\"url\":\"https:\/\/turijnmagazijn.jumpstone-dev.nl\/\",\"name\":\"Turijnmagazijn\",\"description\":\"Onderdelen nieuw en gebruikt - Fiat &amp; Lancia\",\"publisher\":{\"@id\":\"https:\/\/turijnmagazijn.jumpstone-dev.nl\/#organization\"},\"potentialAction\":[{\"@type\":\"SearchAction\",\"target\":{\"@type\":\"EntryPoint\",\"urlTemplate\":\"https:\/\/turijnmagazijn.jumpstone-dev.nl\/?s={search_term_string}\"},\"query-input\":{\"@type\":\"PropertyValueSpecification\",\"valueRequired\":true,\"valueName\":\"search_term_string\"}}],\"inLanguage\":\"fr-FR\"},{\"@type\":\"Organization\",\"@id\":\"https:\/\/turijnmagazijn.jumpstone-dev.nl\/#organization\",\"name\":\"Turijnmagazijn\",\"url\":\"https:\/\/turijnmagazijn.jumpstone-dev.nl\/\",\"logo\":{\"@type\":\"ImageObject\",\"inLanguage\":\"fr-FR\",\"@id\":\"https:\/\/turijnmagazijn.jumpstone-dev.nl\/#\/schema\/logo\/image\/\",\"url\":\"https:\/\/turijnmagazijn.nl\/wp-content\/uploads\/2021\/02\/turijnmagazijnlogo.png\",\"contentUrl\":\"https:\/\/turijnmagazijn.nl\/wp-content\/uploads\/2021\/02\/turijnmagazijnlogo.png\",\"width\":555,\"height\":270,\"caption\":\"Turijnmagazijn\"},\"image\":{\"@id\":\"https:\/\/turijnmagazijn.jumpstone-dev.nl\/#\/schema\/logo\/image\/\"},\"sameAs\":[\"https:\/\/www.facebook.com\/turijnmagazijn\"]}]}<\/script>\n<!-- \/ Yoast SEO plugin. -->","yoast_head_json":{"title":"Prise clignotante luminaire Delta Integrale EVO prise d\u2019origine -NOUVEAU- Turijnmagazijn","robots":{"index":"index","follow":"follow","max-snippet":"max-snippet:-1","max-image-preview":"max-image-preview:large","max-video-preview":"max-video-preview:-1"},"canonical":"https:\/\/turijnmagazijn.nl\/fr\/produit\/raccord-indicateur-delta-integral-evo-luminaire-original-plug-new\/","og_locale":"fr_FR","og_type":"article","og_title":"Prise clignotante luminaire Delta Integrale EVO prise d\u2019origine -NOUVEAU- Turijnmagazijn","og_description":"Prise de lumi\u00e8re clignotante Delta Integrale EVO luminaire original -NOUVEAU- - Nouvelle base de lampe pour montage dans l\u2019unit\u00e9 d\u2019\u00e9clairage clignotant pour Lancia Delta Integrale EVO. Prise clignotante luminaire Delta Integrale EVO prise d\u2019origine -NOUVEAU- - Nouvelle base de lampe pour m","og_url":"https:\/\/turijnmagazijn.nl\/fr\/produit\/raccord-indicateur-delta-integral-evo-luminaire-original-plug-new\/","og_site_name":"Turijnmagazijn","article_publisher":"https:\/\/www.facebook.com\/turijnmagazijn","article_modified_time":"2024-09-05T11:33:29+00:00","og_image":[{"width":1024,"height":768,"url":"https:\/\/turijnmagazijn.nl\/wp-content\/uploads\/2023\/03\/DN00100146-Fitting-knipperlicht-Delta-Integrale-EVO-armatuur-originele-stekker-NIEUW-3.jpg","type":"image\/jpeg"}],"twitter_card":"summary_large_image","twitter_misc":{"Dur\u00e9e de lecture estim\u00e9e":"2 minutes"},"schema":{"@context":"https:\/\/schema.org","@graph":[{"@type":"WebPage","@id":"https:\/\/turijnmagazijn.nl\/fr\/produit\/raccord-indicateur-delta-integral-evo-luminaire-original-plug-new\/","url":"https:\/\/turijnmagazijn.nl\/fr\/produit\/raccord-indicateur-delta-integral-evo-luminaire-original-plug-new\/","name":"Prise clignotante luminaire Delta Integrale EVO prise d\u2019origine -NOUVEAU- Turijnmagazijn","isPartOf":{"@id":"https:\/\/turijnmagazijn.jumpstone-dev.nl\/#website"},"primaryImageOfPage":{"@id":"https:\/\/turijnmagazijn.nl\/fr\/produit\/raccord-indicateur-delta-integral-evo-luminaire-original-plug-new\/#primaryimage"},"image":{"@id":"https:\/\/turijnmagazijn.nl\/fr\/produit\/raccord-indicateur-delta-integral-evo-luminaire-original-plug-new\/#primaryimage"},"thumbnailUrl":"https:\/\/turijnmagazijn.nl\/wp-content\/uploads\/2023\/03\/DN00100146-Fitting-knipperlicht-Delta-Integrale-EVO-armatuur-originele-stekker-NIEUW-3.jpg","datePublished":"2023-03-03T07:53:05+00:00","dateModified":"2024-09-05T11:33:29+00:00","breadcrumb":{"@id":"https:\/\/turijnmagazijn.nl\/fr\/produit\/raccord-indicateur-delta-integral-evo-luminaire-original-plug-new\/#breadcrumb"},"inLanguage":"fr-FR","potentialAction":[{"@type":"ReadAction","target":["https:\/\/turijnmagazijn.nl\/fr\/produit\/raccord-indicateur-delta-integral-evo-luminaire-original-plug-new\/"]}]},{"@type":"ImageObject","inLanguage":"fr-FR","@id":"https:\/\/turijnmagazijn.nl\/fr\/produit\/raccord-indicateur-delta-integral-evo-luminaire-original-plug-new\/#primaryimage","url":"https:\/\/turijnmagazijn.nl\/wp-content\/uploads\/2023\/03\/DN00100146-Fitting-knipperlicht-Delta-Integrale-EVO-armatuur-originele-stekker-NIEUW-3.jpg","contentUrl":"https:\/\/turijnmagazijn.nl\/wp-content\/uploads\/2023\/03\/DN00100146-Fitting-knipperlicht-Delta-Integrale-EVO-armatuur-originele-stekker-NIEUW-3.jpg","width":1024,"height":768},{"@type":"BreadcrumbList","@id":"https:\/\/turijnmagazijn.nl\/fr\/produit\/raccord-indicateur-delta-integral-evo-luminaire-original-plug-new\/#breadcrumb","itemListElement":[{"@type":"ListItem","position":1,"name":"Home","item":"https:\/\/turijnmagazijn.nl\/fr\/"},{"@type":"ListItem","position":2,"name":"Produits","item":"https:\/\/turijnmagazijn.nl\/fr\/shop\/"},{"@type":"ListItem","position":3,"name":"Prise clignotante luminaire Delta Integrale EVO prise d\u2019origine -NOUVEAU-"}]},{"@type":"WebSite","@id":"https:\/\/turijnmagazijn.jumpstone-dev.nl\/#website","url":"https:\/\/turijnmagazijn.jumpstone-dev.nl\/","name":"Turijnmagazijn","description":"Onderdelen nieuw en gebruikt - Fiat &amp; Lancia","publisher":{"@id":"https:\/\/turijnmagazijn.jumpstone-dev.nl\/#organization"},"potentialAction":[{"@type":"SearchAction","target":{"@type":"EntryPoint","urlTemplate":"https:\/\/turijnmagazijn.jumpstone-dev.nl\/?s={search_term_string}"},"query-input":{"@type":"PropertyValueSpecification","valueRequired":true,"valueName":"search_term_string"}}],"inLanguage":"fr-FR"},{"@type":"Organization","@id":"https:\/\/turijnmagazijn.jumpstone-dev.nl\/#organization","name":"Turijnmagazijn","url":"https:\/\/turijnmagazijn.jumpstone-dev.nl\/","logo":{"@type":"ImageObject","inLanguage":"fr-FR","@id":"https:\/\/turijnmagazijn.jumpstone-dev.nl\/#\/schema\/logo\/image\/","url":"https:\/\/turijnmagazijn.nl\/wp-content\/uploads\/2021\/02\/turijnmagazijnlogo.png","contentUrl":"https:\/\/turijnmagazijn.nl\/wp-content\/uploads\/2021\/02\/turijnmagazijnlogo.png","width":555,"height":270,"caption":"Turijnmagazijn"},"image":{"@id":"https:\/\/turijnmagazijn.jumpstone-dev.nl\/#\/schema\/logo\/image\/"},"sameAs":["https:\/\/www.facebook.com\/turijnmagazijn"]}]}},"_links":{"self":[{"href":"https:\/\/turijnmagazijn.nl\/fr\/wp-json\/wp\/v2\/product\/66000","targetHints":{"allow":["GET"]}}],"collection":[{"href":"https:\/\/turijnmagazijn.nl\/fr\/wp-json\/wp\/v2\/product"}],"about":[{"href":"https:\/\/turijnmagazijn.nl\/fr\/wp-json\/wp\/v2\/types\/product"}],"replies":[{"embeddable":true,"href":"https:\/\/turijnmagazijn.nl\/fr\/wp-json\/wp\/v2\/comments?post=66000"}],"wp:featuredmedia":[{"embeddable":true,"href":"https:\/\/turijnmagazijn.nl\/fr\/wp-json\/wp\/v2\/media\/53444"}],"wp:attachment":[{"href":"https:\/\/turijnmagazijn.nl\/fr\/wp-json\/wp\/v2\/media?parent=66000"}],"wp:term":[{"taxonomy":"product_brand","embeddable":true,"href":"https:\/\/turijnmagazijn.nl\/fr\/wp-json\/wp\/v2\/product_brand?post=66000"},{"taxonomy":"product_cat","embeddable":true,"href":"https:\/\/turijnmagazijn.nl\/fr\/wp-json\/wp\/v2\/product_cat?post=66000"},{"taxonomy":"product_tag","embeddable":true,"href":"https:\/\/turijnmagazijn.nl\/fr\/wp-json\/wp\/v2\/product_tag?post=66000"}],"curies":[{"name":"wp","href":"https:\/\/api.w.org\/{rel}","templated":true}]}}