{"id":66003,"date":"2023-03-03T08:53:05","date_gmt":"2023-03-03T07:53:05","guid":{"rendered":"https:\/\/turijnmagazijn.nl\/product\/clip-pour-montage-de-jupe-laterale-lancia-delta-integrale-nouveau\/"},"modified":"2026-02-16T18:02:05","modified_gmt":"2026-02-16T17:02:05","slug":"clip-pour-montage-sideskirt-lancia-delta-integral-new","status":"publish","type":"product","link":"https:\/\/turijnmagazijn.nl\/fr\/produit\/clip-pour-montage-sideskirt-lancia-delta-integral-new\/","title":{"rendered":"Clip pour montage de jupe lat\u00e9rale Lancia Delta Integrale -NOUVEAU-"},"content":{"rendered":"<p><a href=\"https:\/\/turijnmagazijn.nl\/fr\/expedition-par-boite-aux-lettres\/\" target=\"\" style=\"background-color: rgb(255, 255, 255); color: rgb(35, 82, 124); outline: 0px;\" rel=\"noopener\"><img decoding=\"async\" src=\"https:\/\/www.delenkorf.nl\/image\/catalog\/brievenbus.png\"><\/a><\/p>\n<p>Nouveau clip pour le montage de la jupe lat\u00e9rale pour Lancia Delta Integrale tous types, y compris EVO I et EVO II.  <\/p>\n<p>C\u2019est une alternative parfaite au clip en plastique blanc qui peut \u00eatre \u00e9cras\u00e9 dans le corps et \u00e9quip\u00e9 d\u2019une t\u00eate carr\u00e9e \u00e0 l\u2019avant avec laquelle ce clip peut \u00eatre gliss\u00e9 dans les supports de la jupe lat\u00e9rale.<\/p>\n<p>Cette version de reproduction est en plastique rouge mais exactement la m\u00eame en termes de dimensions et d\u2019ajustement.<\/p>\n<p>14 clips n\u00e9cessaires par voiture, 7 pi\u00e8ces par jupe.<\/p>\n<p>OEM Lancia 82432125 (AUCUN \u00c9L\u00c9MENT OEM POUR R\u00c9F\u00c9RENCE)<\/p>\n<p><\/p>\n","protected":false},"excerpt":{"rendered":"<p>Clip pour le montage de la jupe lat\u00e9rale Lancia Delta Integrale &#8211; Clip utilis\u00e9 pour le montage de la jupe lat\u00e9rale sur la voiture. Clip pour montage de jupe lat\u00e9rale Lancia Delta Integrale -NOUVEAU- &#8211; Nouveau clip pour le montage de la jupe lat\u00e9rale pour Lancia Delta Integrale tous types, en<\/p>\n","protected":false},"featured_media":53428,"comment_status":"closed","ping_status":"closed","template":"","meta":{"_acf_changed":false},"product_brand":[],"product_cat":[1806,1830,1798],"product_tag":[],"class_list":{"0":"post-66003","1":"product","2":"type-product","3":"status-publish","4":"has-post-thumbnail","6":"product_cat-delta-1-831-fr","7":"product_cat-integrale-8v-fr","8":"product_cat-lancia-fr","9":"pa_soort-onderdeel-dautres-pieces-de-voiture","11":"first","12":"instock","13":"taxable","14":"shipping-taxable","15":"purchasable","16":"product-type-simple"},"acf":[],"yoast_head":"<!-- This site is optimized with the Yoast SEO plugin v27.3 - https:\/\/yoast.com\/product\/yoast-seo-wordpress\/ -->\n<title>Clip pour montage de jupe lat\u00e9rale Lancia Delta Integrale -NOUVEAU- Turijnmagazijn<\/title>\n<meta name=\"robots\" content=\"index, follow, max-snippet:-1, max-image-preview:large, max-video-preview:-1\" \/>\n<link rel=\"canonical\" href=\"https:\/\/turijnmagazijn.nl\/fr\/produit\/clip-pour-montage-sideskirt-lancia-delta-integral-new\/\" \/>\n<meta property=\"og:locale\" content=\"fr_FR\" \/>\n<meta property=\"og:type\" content=\"article\" \/>\n<meta property=\"og:title\" content=\"Clip pour montage de jupe lat\u00e9rale Lancia Delta Integrale -NOUVEAU- Turijnmagazijn\" \/>\n<meta property=\"og:description\" content=\"Clip pour le montage de la jupe lat\u00e9rale Lancia Delta Integrale - Clip utilis\u00e9 pour le montage de la jupe lat\u00e9rale sur la voiture. Clip pour montage de jupe lat\u00e9rale Lancia Delta Integrale -NOUVEAU- - Nouveau clip pour le montage de la jupe lat\u00e9rale pour Lancia Delta Integrale tous types, en\" \/>\n<meta property=\"og:url\" content=\"https:\/\/turijnmagazijn.nl\/fr\/produit\/clip-pour-montage-sideskirt-lancia-delta-integral-new\/\" \/>\n<meta property=\"og:site_name\" content=\"Turijnmagazijn\" \/>\n<meta property=\"article:publisher\" content=\"https:\/\/www.facebook.com\/turijnmagazijn\" \/>\n<meta property=\"article:modified_time\" content=\"2026-02-16T17:02:05+00:00\" \/>\n<meta property=\"og:image\" content=\"https:\/\/turijnmagazijn.nl\/wp-content\/uploads\/2023\/03\/DN00100145-Clip-voor-montage-sideskirt-Lancia-Delta-Integrale-NIEUW-4-1.jpg\" \/>\n\t<meta property=\"og:image:width\" content=\"1024\" \/>\n\t<meta property=\"og:image:height\" content=\"768\" \/>\n\t<meta property=\"og:image:type\" content=\"image\/jpeg\" \/>\n<meta name=\"twitter:card\" content=\"summary_large_image\" \/>\n<meta name=\"twitter:label1\" content=\"Dur\u00e9e de lecture estim\u00e9e\" \/>\n\t<meta name=\"twitter:data1\" content=\"1 minute\" \/>\n<script type=\"application\/ld+json\" class=\"yoast-schema-graph\">{\"@context\":\"https:\\\/\\\/schema.org\",\"@graph\":[{\"@type\":\"WebPage\",\"@id\":\"https:\\\/\\\/turijnmagazijn.nl\\\/fr\\\/produit\\\/clip-pour-montage-sideskirt-lancia-delta-integral-new\\\/\",\"url\":\"https:\\\/\\\/turijnmagazijn.nl\\\/fr\\\/produit\\\/clip-pour-montage-sideskirt-lancia-delta-integral-new\\\/\",\"name\":\"Clip pour montage de jupe lat\u00e9rale Lancia Delta Integrale -NOUVEAU- Turijnmagazijn\",\"isPartOf\":{\"@id\":\"https:\\\/\\\/turijnmagazijn.jumpstone-dev.nl\\\/#website\"},\"primaryImageOfPage\":{\"@id\":\"https:\\\/\\\/turijnmagazijn.nl\\\/fr\\\/produit\\\/clip-pour-montage-sideskirt-lancia-delta-integral-new\\\/#primaryimage\"},\"image\":{\"@id\":\"https:\\\/\\\/turijnmagazijn.nl\\\/fr\\\/produit\\\/clip-pour-montage-sideskirt-lancia-delta-integral-new\\\/#primaryimage\"},\"thumbnailUrl\":\"https:\\\/\\\/turijnmagazijn.nl\\\/wp-content\\\/uploads\\\/2023\\\/03\\\/DN00100145-Clip-voor-montage-sideskirt-Lancia-Delta-Integrale-NIEUW-4-1.jpg\",\"datePublished\":\"2023-03-03T07:53:05+00:00\",\"dateModified\":\"2026-02-16T17:02:05+00:00\",\"breadcrumb\":{\"@id\":\"https:\\\/\\\/turijnmagazijn.nl\\\/fr\\\/produit\\\/clip-pour-montage-sideskirt-lancia-delta-integral-new\\\/#breadcrumb\"},\"inLanguage\":\"fr-FR\",\"potentialAction\":[{\"@type\":\"ReadAction\",\"target\":[\"https:\\\/\\\/turijnmagazijn.nl\\\/fr\\\/produit\\\/clip-pour-montage-sideskirt-lancia-delta-integral-new\\\/\"]}]},{\"@type\":\"ImageObject\",\"inLanguage\":\"fr-FR\",\"@id\":\"https:\\\/\\\/turijnmagazijn.nl\\\/fr\\\/produit\\\/clip-pour-montage-sideskirt-lancia-delta-integral-new\\\/#primaryimage\",\"url\":\"https:\\\/\\\/turijnmagazijn.nl\\\/wp-content\\\/uploads\\\/2023\\\/03\\\/DN00100145-Clip-voor-montage-sideskirt-Lancia-Delta-Integrale-NIEUW-4-1.jpg\",\"contentUrl\":\"https:\\\/\\\/turijnmagazijn.nl\\\/wp-content\\\/uploads\\\/2023\\\/03\\\/DN00100145-Clip-voor-montage-sideskirt-Lancia-Delta-Integrale-NIEUW-4-1.jpg\",\"width\":1024,\"height\":768},{\"@type\":\"BreadcrumbList\",\"@id\":\"https:\\\/\\\/turijnmagazijn.nl\\\/fr\\\/produit\\\/clip-pour-montage-sideskirt-lancia-delta-integral-new\\\/#breadcrumb\",\"itemListElement\":[{\"@type\":\"ListItem\",\"position\":1,\"name\":\"Home\",\"item\":\"https:\\\/\\\/turijnmagazijn.nl\\\/fr\\\/\"},{\"@type\":\"ListItem\",\"position\":2,\"name\":\"Produits\",\"item\":\"https:\\\/\\\/turijnmagazijn.nl\\\/fr\\\/shop\\\/\"},{\"@type\":\"ListItem\",\"position\":3,\"name\":\"Clip pour montage de jupe lat\u00e9rale Lancia Delta Integrale -NOUVEAU-\"}]},{\"@type\":\"WebSite\",\"@id\":\"https:\\\/\\\/turijnmagazijn.jumpstone-dev.nl\\\/#website\",\"url\":\"https:\\\/\\\/turijnmagazijn.jumpstone-dev.nl\\\/\",\"name\":\"Turijnmagazijn\",\"description\":\"Onderdelen nieuw en gebruikt - Fiat &amp; Lancia\",\"publisher\":{\"@id\":\"https:\\\/\\\/turijnmagazijn.jumpstone-dev.nl\\\/#organization\"},\"potentialAction\":[{\"@type\":\"SearchAction\",\"target\":{\"@type\":\"EntryPoint\",\"urlTemplate\":\"https:\\\/\\\/turijnmagazijn.jumpstone-dev.nl\\\/?s={search_term_string}\"},\"query-input\":{\"@type\":\"PropertyValueSpecification\",\"valueRequired\":true,\"valueName\":\"search_term_string\"}}],\"inLanguage\":\"fr-FR\"},{\"@type\":\"Organization\",\"@id\":\"https:\\\/\\\/turijnmagazijn.jumpstone-dev.nl\\\/#organization\",\"name\":\"Turijnmagazijn\",\"url\":\"https:\\\/\\\/turijnmagazijn.jumpstone-dev.nl\\\/\",\"logo\":{\"@type\":\"ImageObject\",\"inLanguage\":\"fr-FR\",\"@id\":\"https:\\\/\\\/turijnmagazijn.jumpstone-dev.nl\\\/#\\\/schema\\\/logo\\\/image\\\/\",\"url\":\"https:\\\/\\\/turijnmagazijn.nl\\\/wp-content\\\/uploads\\\/2021\\\/02\\\/turijnmagazijnlogo.png\",\"contentUrl\":\"https:\\\/\\\/turijnmagazijn.nl\\\/wp-content\\\/uploads\\\/2021\\\/02\\\/turijnmagazijnlogo.png\",\"width\":555,\"height\":270,\"caption\":\"Turijnmagazijn\"},\"image\":{\"@id\":\"https:\\\/\\\/turijnmagazijn.jumpstone-dev.nl\\\/#\\\/schema\\\/logo\\\/image\\\/\"},\"sameAs\":[\"https:\\\/\\\/www.facebook.com\\\/turijnmagazijn\"]}]}<\/script>\n<!-- \/ Yoast SEO plugin. -->","yoast_head_json":{"title":"Clip pour montage de jupe lat\u00e9rale Lancia Delta Integrale -NOUVEAU- Turijnmagazijn","robots":{"index":"index","follow":"follow","max-snippet":"max-snippet:-1","max-image-preview":"max-image-preview:large","max-video-preview":"max-video-preview:-1"},"canonical":"https:\/\/turijnmagazijn.nl\/fr\/produit\/clip-pour-montage-sideskirt-lancia-delta-integral-new\/","og_locale":"fr_FR","og_type":"article","og_title":"Clip pour montage de jupe lat\u00e9rale Lancia Delta Integrale -NOUVEAU- Turijnmagazijn","og_description":"Clip pour le montage de la jupe lat\u00e9rale Lancia Delta Integrale - Clip utilis\u00e9 pour le montage de la jupe lat\u00e9rale sur la voiture. Clip pour montage de jupe lat\u00e9rale Lancia Delta Integrale -NOUVEAU- - Nouveau clip pour le montage de la jupe lat\u00e9rale pour Lancia Delta Integrale tous types, en","og_url":"https:\/\/turijnmagazijn.nl\/fr\/produit\/clip-pour-montage-sideskirt-lancia-delta-integral-new\/","og_site_name":"Turijnmagazijn","article_publisher":"https:\/\/www.facebook.com\/turijnmagazijn","article_modified_time":"2026-02-16T17:02:05+00:00","og_image":[{"width":1024,"height":768,"url":"https:\/\/turijnmagazijn.nl\/wp-content\/uploads\/2023\/03\/DN00100145-Clip-voor-montage-sideskirt-Lancia-Delta-Integrale-NIEUW-4-1.jpg","type":"image\/jpeg"}],"twitter_card":"summary_large_image","twitter_misc":{"Dur\u00e9e de lecture estim\u00e9e":"1 minute"},"schema":{"@context":"https:\/\/schema.org","@graph":[{"@type":"WebPage","@id":"https:\/\/turijnmagazijn.nl\/fr\/produit\/clip-pour-montage-sideskirt-lancia-delta-integral-new\/","url":"https:\/\/turijnmagazijn.nl\/fr\/produit\/clip-pour-montage-sideskirt-lancia-delta-integral-new\/","name":"Clip pour montage de jupe lat\u00e9rale Lancia Delta Integrale -NOUVEAU- Turijnmagazijn","isPartOf":{"@id":"https:\/\/turijnmagazijn.jumpstone-dev.nl\/#website"},"primaryImageOfPage":{"@id":"https:\/\/turijnmagazijn.nl\/fr\/produit\/clip-pour-montage-sideskirt-lancia-delta-integral-new\/#primaryimage"},"image":{"@id":"https:\/\/turijnmagazijn.nl\/fr\/produit\/clip-pour-montage-sideskirt-lancia-delta-integral-new\/#primaryimage"},"thumbnailUrl":"https:\/\/turijnmagazijn.nl\/wp-content\/uploads\/2023\/03\/DN00100145-Clip-voor-montage-sideskirt-Lancia-Delta-Integrale-NIEUW-4-1.jpg","datePublished":"2023-03-03T07:53:05+00:00","dateModified":"2026-02-16T17:02:05+00:00","breadcrumb":{"@id":"https:\/\/turijnmagazijn.nl\/fr\/produit\/clip-pour-montage-sideskirt-lancia-delta-integral-new\/#breadcrumb"},"inLanguage":"fr-FR","potentialAction":[{"@type":"ReadAction","target":["https:\/\/turijnmagazijn.nl\/fr\/produit\/clip-pour-montage-sideskirt-lancia-delta-integral-new\/"]}]},{"@type":"ImageObject","inLanguage":"fr-FR","@id":"https:\/\/turijnmagazijn.nl\/fr\/produit\/clip-pour-montage-sideskirt-lancia-delta-integral-new\/#primaryimage","url":"https:\/\/turijnmagazijn.nl\/wp-content\/uploads\/2023\/03\/DN00100145-Clip-voor-montage-sideskirt-Lancia-Delta-Integrale-NIEUW-4-1.jpg","contentUrl":"https:\/\/turijnmagazijn.nl\/wp-content\/uploads\/2023\/03\/DN00100145-Clip-voor-montage-sideskirt-Lancia-Delta-Integrale-NIEUW-4-1.jpg","width":1024,"height":768},{"@type":"BreadcrumbList","@id":"https:\/\/turijnmagazijn.nl\/fr\/produit\/clip-pour-montage-sideskirt-lancia-delta-integral-new\/#breadcrumb","itemListElement":[{"@type":"ListItem","position":1,"name":"Home","item":"https:\/\/turijnmagazijn.nl\/fr\/"},{"@type":"ListItem","position":2,"name":"Produits","item":"https:\/\/turijnmagazijn.nl\/fr\/shop\/"},{"@type":"ListItem","position":3,"name":"Clip pour montage de jupe lat\u00e9rale Lancia Delta Integrale -NOUVEAU-"}]},{"@type":"WebSite","@id":"https:\/\/turijnmagazijn.jumpstone-dev.nl\/#website","url":"https:\/\/turijnmagazijn.jumpstone-dev.nl\/","name":"Turijnmagazijn","description":"Onderdelen nieuw en gebruikt - Fiat &amp; Lancia","publisher":{"@id":"https:\/\/turijnmagazijn.jumpstone-dev.nl\/#organization"},"potentialAction":[{"@type":"SearchAction","target":{"@type":"EntryPoint","urlTemplate":"https:\/\/turijnmagazijn.jumpstone-dev.nl\/?s={search_term_string}"},"query-input":{"@type":"PropertyValueSpecification","valueRequired":true,"valueName":"search_term_string"}}],"inLanguage":"fr-FR"},{"@type":"Organization","@id":"https:\/\/turijnmagazijn.jumpstone-dev.nl\/#organization","name":"Turijnmagazijn","url":"https:\/\/turijnmagazijn.jumpstone-dev.nl\/","logo":{"@type":"ImageObject","inLanguage":"fr-FR","@id":"https:\/\/turijnmagazijn.jumpstone-dev.nl\/#\/schema\/logo\/image\/","url":"https:\/\/turijnmagazijn.nl\/wp-content\/uploads\/2021\/02\/turijnmagazijnlogo.png","contentUrl":"https:\/\/turijnmagazijn.nl\/wp-content\/uploads\/2021\/02\/turijnmagazijnlogo.png","width":555,"height":270,"caption":"Turijnmagazijn"},"image":{"@id":"https:\/\/turijnmagazijn.jumpstone-dev.nl\/#\/schema\/logo\/image\/"},"sameAs":["https:\/\/www.facebook.com\/turijnmagazijn"]}]}},"_links":{"self":[{"href":"https:\/\/turijnmagazijn.nl\/fr\/wp-json\/wp\/v2\/product\/66003","targetHints":{"allow":["GET"]}}],"collection":[{"href":"https:\/\/turijnmagazijn.nl\/fr\/wp-json\/wp\/v2\/product"}],"about":[{"href":"https:\/\/turijnmagazijn.nl\/fr\/wp-json\/wp\/v2\/types\/product"}],"replies":[{"embeddable":true,"href":"https:\/\/turijnmagazijn.nl\/fr\/wp-json\/wp\/v2\/comments?post=66003"}],"wp:featuredmedia":[{"embeddable":true,"href":"https:\/\/turijnmagazijn.nl\/fr\/wp-json\/wp\/v2\/media\/53428"}],"wp:attachment":[{"href":"https:\/\/turijnmagazijn.nl\/fr\/wp-json\/wp\/v2\/media?parent=66003"}],"wp:term":[{"taxonomy":"product_brand","embeddable":true,"href":"https:\/\/turijnmagazijn.nl\/fr\/wp-json\/wp\/v2\/product_brand?post=66003"},{"taxonomy":"product_cat","embeddable":true,"href":"https:\/\/turijnmagazijn.nl\/fr\/wp-json\/wp\/v2\/product_cat?post=66003"},{"taxonomy":"product_tag","embeddable":true,"href":"https:\/\/turijnmagazijn.nl\/fr\/wp-json\/wp\/v2\/product_tag?post=66003"}],"curies":[{"name":"wp","href":"https:\/\/api.w.org\/{rel}","templated":true}]}}