{"id":66023,"date":"2023-03-03T09:53:30","date_gmt":"2023-03-03T08:53:30","guid":{"rendered":"https:\/\/turijnmagazijn.nl\/product\/jeu-de-coque-retroviseur-link-et-droite-chromelook-fiat-500x-nouveau\/"},"modified":"2025-05-29T17:06:55","modified_gmt":"2025-05-29T15:06:55","slug":"mirror-cover-set-link-and-right-chromelook-fiat-500x-new","status":"publish","type":"product","link":"https:\/\/turijnmagazijn.nl\/fr\/produit\/mirror-cover-set-link-and-right-chromelook-fiat-500x-new\/","title":{"rendered":"Jeu de coque r\u00e9troviseur Link et droite Chromelook Fiat 500X -NOUVEAU-"},"content":{"rendered":"<p>Nouveaux coques de r\u00e9troviseurs chromes imitation pour Fiat 500X directement disponibles en stock n\u00e9erlandais, donc rapidement livr\u00e9s \u00e0 domicile.<\/p>\n<p>Un bel article pour donner \u00e0 votre fiat 500X un look personnel et luxueux.  <\/p>\n<p>Ces hottes sont faciles \u00e0 changer vous-m\u00eame, elles sont maintenues avec 4 clips invisibles, si vous connaissez l\u2019emplacement des clips, il est facile de d\u00e9monter la hotte intacte. L\u2019installation d\u2019une nouvelle hotte est compl\u00e8tement facile, il suffit de pousser sur le bo\u00eetier et il s\u2019enclenche tout seul.<\/p>\n<p>Si vous n\u2019osez pas le faire vous-m\u00eame, il y a toujours un garage local qui veut prendre en charge ce travail pour vous.<\/p>\n<p><\/p>\n<p>OEM FIAT 68280270AA POUR R\u00c9F\u00c9RENCE UNIQUEMENT, FOURNI EST UNE PI\u00c8CE DE RECHANGE<\/p>\n<p>68280269AA<\/p>\n<p>68280270AA<\/p>\n<p>68280272AA<\/p>\n<p>68280273AA<\/p>\n<p>68280274AA<\/p>\n<p>68280276AA<\/p>\n<p>68280277AA<\/p>\n<p>68280278AA<\/p>\n","protected":false},"excerpt":{"rendered":"<p>Jeu de coque de r\u00e9troviseurs Link et droit Chromelook Fiat 500X -NOUVEAU- &#8211; Nouveaux coques de r\u00e9troviseurs chromes imitation pour Fiat 500X directement disponibles en stock n\u00e9erlandais, donc rapidement livr\u00e9s \u00e0 domicile.<\/p>\n","protected":false},"featured_media":53564,"comment_status":"open","ping_status":"closed","template":"","meta":{"_acf_changed":false},"product_brand":[],"product_cat":[1700,1690],"product_tag":[],"class_list":{"0":"post-66023","1":"product","2":"type-product","3":"status-publish","4":"has-post-thumbnail","6":"product_cat-500x-334-fr","7":"product_cat-fiat-fr","8":"pa_soort-onderdeel-carrosserie-et-tolerie","10":"first","11":"instock","12":"taxable","13":"shipping-taxable","14":"purchasable","15":"product-type-simple"},"acf":[],"yoast_head":"<!-- This site is optimized with the Yoast SEO plugin v27.2 - https:\/\/yoast.com\/product\/yoast-seo-wordpress\/ -->\n<title>Jeu de coque r\u00e9troviseur Link et droite Chromelook Fiat 500X -NOUVEAU- Turijnmagazijn<\/title>\n<meta name=\"robots\" content=\"index, follow, max-snippet:-1, max-image-preview:large, max-video-preview:-1\" \/>\n<link rel=\"canonical\" href=\"https:\/\/turijnmagazijn.nl\/fr\/produit\/mirror-cover-set-link-and-right-chromelook-fiat-500x-new\/\" \/>\n<meta property=\"og:locale\" content=\"fr_FR\" \/>\n<meta property=\"og:type\" content=\"article\" \/>\n<meta property=\"og:title\" content=\"Jeu de coque r\u00e9troviseur Link et droite Chromelook Fiat 500X -NOUVEAU- Turijnmagazijn\" \/>\n<meta property=\"og:description\" content=\"Jeu de coque de r\u00e9troviseurs Link et droit Chromelook Fiat 500X -NOUVEAU- - Nouveaux coques de r\u00e9troviseurs chromes imitation pour Fiat 500X directement disponibles en stock n\u00e9erlandais, donc rapidement livr\u00e9s \u00e0 domicile.\" \/>\n<meta property=\"og:url\" content=\"https:\/\/turijnmagazijn.nl\/fr\/produit\/mirror-cover-set-link-and-right-chromelook-fiat-500x-new\/\" \/>\n<meta property=\"og:site_name\" content=\"Turijnmagazijn\" \/>\n<meta property=\"article:publisher\" content=\"https:\/\/www.facebook.com\/turijnmagazijn\" \/>\n<meta property=\"article:modified_time\" content=\"2025-05-29T15:06:55+00:00\" \/>\n<meta property=\"og:image\" content=\"https:\/\/turijnmagazijn.nl\/wp-content\/uploads\/2023\/03\/DN00100151-1-1.jpg\" \/>\n\t<meta property=\"og:image:width\" content=\"1024\" \/>\n\t<meta property=\"og:image:height\" content=\"768\" \/>\n\t<meta property=\"og:image:type\" content=\"image\/jpeg\" \/>\n<meta name=\"twitter:card\" content=\"summary_large_image\" \/>\n<meta name=\"twitter:label1\" content=\"Dur\u00e9e de lecture estim\u00e9e\" \/>\n\t<meta name=\"twitter:data1\" content=\"1 minute\" \/>\n<script type=\"application\/ld+json\" class=\"yoast-schema-graph\">{\"@context\":\"https:\/\/schema.org\",\"@graph\":[{\"@type\":\"WebPage\",\"@id\":\"https:\/\/turijnmagazijn.nl\/fr\/produit\/mirror-cover-set-link-and-right-chromelook-fiat-500x-new\/\",\"url\":\"https:\/\/turijnmagazijn.nl\/fr\/produit\/mirror-cover-set-link-and-right-chromelook-fiat-500x-new\/\",\"name\":\"Jeu de coque r\u00e9troviseur Link et droite Chromelook Fiat 500X -NOUVEAU- Turijnmagazijn\",\"isPartOf\":{\"@id\":\"https:\/\/turijnmagazijn.jumpstone-dev.nl\/#website\"},\"primaryImageOfPage\":{\"@id\":\"https:\/\/turijnmagazijn.nl\/fr\/produit\/mirror-cover-set-link-and-right-chromelook-fiat-500x-new\/#primaryimage\"},\"image\":{\"@id\":\"https:\/\/turijnmagazijn.nl\/fr\/produit\/mirror-cover-set-link-and-right-chromelook-fiat-500x-new\/#primaryimage\"},\"thumbnailUrl\":\"https:\/\/turijnmagazijn.nl\/wp-content\/uploads\/2023\/03\/DN00100151-1-1.jpg\",\"datePublished\":\"2023-03-03T08:53:30+00:00\",\"dateModified\":\"2025-05-29T15:06:55+00:00\",\"breadcrumb\":{\"@id\":\"https:\/\/turijnmagazijn.nl\/fr\/produit\/mirror-cover-set-link-and-right-chromelook-fiat-500x-new\/#breadcrumb\"},\"inLanguage\":\"fr-FR\",\"potentialAction\":[{\"@type\":\"ReadAction\",\"target\":[\"https:\/\/turijnmagazijn.nl\/fr\/produit\/mirror-cover-set-link-and-right-chromelook-fiat-500x-new\/\"]}]},{\"@type\":\"ImageObject\",\"inLanguage\":\"fr-FR\",\"@id\":\"https:\/\/turijnmagazijn.nl\/fr\/produit\/mirror-cover-set-link-and-right-chromelook-fiat-500x-new\/#primaryimage\",\"url\":\"https:\/\/turijnmagazijn.nl\/wp-content\/uploads\/2023\/03\/DN00100151-1-1.jpg\",\"contentUrl\":\"https:\/\/turijnmagazijn.nl\/wp-content\/uploads\/2023\/03\/DN00100151-1-1.jpg\",\"width\":1024,\"height\":768},{\"@type\":\"BreadcrumbList\",\"@id\":\"https:\/\/turijnmagazijn.nl\/fr\/produit\/mirror-cover-set-link-and-right-chromelook-fiat-500x-new\/#breadcrumb\",\"itemListElement\":[{\"@type\":\"ListItem\",\"position\":1,\"name\":\"Home\",\"item\":\"https:\/\/turijnmagazijn.nl\/fr\/\"},{\"@type\":\"ListItem\",\"position\":2,\"name\":\"Produits\",\"item\":\"https:\/\/turijnmagazijn.nl\/fr\/shop\/\"},{\"@type\":\"ListItem\",\"position\":3,\"name\":\"Jeu de coque r\u00e9troviseur Link et droite Chromelook Fiat 500X -NOUVEAU-\"}]},{\"@type\":\"WebSite\",\"@id\":\"https:\/\/turijnmagazijn.jumpstone-dev.nl\/#website\",\"url\":\"https:\/\/turijnmagazijn.jumpstone-dev.nl\/\",\"name\":\"Turijnmagazijn\",\"description\":\"Onderdelen nieuw en gebruikt - Fiat &amp; Lancia\",\"publisher\":{\"@id\":\"https:\/\/turijnmagazijn.jumpstone-dev.nl\/#organization\"},\"potentialAction\":[{\"@type\":\"SearchAction\",\"target\":{\"@type\":\"EntryPoint\",\"urlTemplate\":\"https:\/\/turijnmagazijn.jumpstone-dev.nl\/?s={search_term_string}\"},\"query-input\":{\"@type\":\"PropertyValueSpecification\",\"valueRequired\":true,\"valueName\":\"search_term_string\"}}],\"inLanguage\":\"fr-FR\"},{\"@type\":\"Organization\",\"@id\":\"https:\/\/turijnmagazijn.jumpstone-dev.nl\/#organization\",\"name\":\"Turijnmagazijn\",\"url\":\"https:\/\/turijnmagazijn.jumpstone-dev.nl\/\",\"logo\":{\"@type\":\"ImageObject\",\"inLanguage\":\"fr-FR\",\"@id\":\"https:\/\/turijnmagazijn.jumpstone-dev.nl\/#\/schema\/logo\/image\/\",\"url\":\"https:\/\/turijnmagazijn.nl\/wp-content\/uploads\/2021\/02\/turijnmagazijnlogo.png\",\"contentUrl\":\"https:\/\/turijnmagazijn.nl\/wp-content\/uploads\/2021\/02\/turijnmagazijnlogo.png\",\"width\":555,\"height\":270,\"caption\":\"Turijnmagazijn\"},\"image\":{\"@id\":\"https:\/\/turijnmagazijn.jumpstone-dev.nl\/#\/schema\/logo\/image\/\"},\"sameAs\":[\"https:\/\/www.facebook.com\/turijnmagazijn\"]}]}<\/script>\n<!-- \/ Yoast SEO plugin. -->","yoast_head_json":{"title":"Jeu de coque r\u00e9troviseur Link et droite Chromelook Fiat 500X -NOUVEAU- Turijnmagazijn","robots":{"index":"index","follow":"follow","max-snippet":"max-snippet:-1","max-image-preview":"max-image-preview:large","max-video-preview":"max-video-preview:-1"},"canonical":"https:\/\/turijnmagazijn.nl\/fr\/produit\/mirror-cover-set-link-and-right-chromelook-fiat-500x-new\/","og_locale":"fr_FR","og_type":"article","og_title":"Jeu de coque r\u00e9troviseur Link et droite Chromelook Fiat 500X -NOUVEAU- Turijnmagazijn","og_description":"Jeu de coque de r\u00e9troviseurs Link et droit Chromelook Fiat 500X -NOUVEAU- - Nouveaux coques de r\u00e9troviseurs chromes imitation pour Fiat 500X directement disponibles en stock n\u00e9erlandais, donc rapidement livr\u00e9s \u00e0 domicile.","og_url":"https:\/\/turijnmagazijn.nl\/fr\/produit\/mirror-cover-set-link-and-right-chromelook-fiat-500x-new\/","og_site_name":"Turijnmagazijn","article_publisher":"https:\/\/www.facebook.com\/turijnmagazijn","article_modified_time":"2025-05-29T15:06:55+00:00","og_image":[{"width":1024,"height":768,"url":"https:\/\/turijnmagazijn.nl\/wp-content\/uploads\/2023\/03\/DN00100151-1-1.jpg","type":"image\/jpeg"}],"twitter_card":"summary_large_image","twitter_misc":{"Dur\u00e9e de lecture estim\u00e9e":"1 minute"},"schema":{"@context":"https:\/\/schema.org","@graph":[{"@type":"WebPage","@id":"https:\/\/turijnmagazijn.nl\/fr\/produit\/mirror-cover-set-link-and-right-chromelook-fiat-500x-new\/","url":"https:\/\/turijnmagazijn.nl\/fr\/produit\/mirror-cover-set-link-and-right-chromelook-fiat-500x-new\/","name":"Jeu de coque r\u00e9troviseur Link et droite Chromelook Fiat 500X -NOUVEAU- Turijnmagazijn","isPartOf":{"@id":"https:\/\/turijnmagazijn.jumpstone-dev.nl\/#website"},"primaryImageOfPage":{"@id":"https:\/\/turijnmagazijn.nl\/fr\/produit\/mirror-cover-set-link-and-right-chromelook-fiat-500x-new\/#primaryimage"},"image":{"@id":"https:\/\/turijnmagazijn.nl\/fr\/produit\/mirror-cover-set-link-and-right-chromelook-fiat-500x-new\/#primaryimage"},"thumbnailUrl":"https:\/\/turijnmagazijn.nl\/wp-content\/uploads\/2023\/03\/DN00100151-1-1.jpg","datePublished":"2023-03-03T08:53:30+00:00","dateModified":"2025-05-29T15:06:55+00:00","breadcrumb":{"@id":"https:\/\/turijnmagazijn.nl\/fr\/produit\/mirror-cover-set-link-and-right-chromelook-fiat-500x-new\/#breadcrumb"},"inLanguage":"fr-FR","potentialAction":[{"@type":"ReadAction","target":["https:\/\/turijnmagazijn.nl\/fr\/produit\/mirror-cover-set-link-and-right-chromelook-fiat-500x-new\/"]}]},{"@type":"ImageObject","inLanguage":"fr-FR","@id":"https:\/\/turijnmagazijn.nl\/fr\/produit\/mirror-cover-set-link-and-right-chromelook-fiat-500x-new\/#primaryimage","url":"https:\/\/turijnmagazijn.nl\/wp-content\/uploads\/2023\/03\/DN00100151-1-1.jpg","contentUrl":"https:\/\/turijnmagazijn.nl\/wp-content\/uploads\/2023\/03\/DN00100151-1-1.jpg","width":1024,"height":768},{"@type":"BreadcrumbList","@id":"https:\/\/turijnmagazijn.nl\/fr\/produit\/mirror-cover-set-link-and-right-chromelook-fiat-500x-new\/#breadcrumb","itemListElement":[{"@type":"ListItem","position":1,"name":"Home","item":"https:\/\/turijnmagazijn.nl\/fr\/"},{"@type":"ListItem","position":2,"name":"Produits","item":"https:\/\/turijnmagazijn.nl\/fr\/shop\/"},{"@type":"ListItem","position":3,"name":"Jeu de coque r\u00e9troviseur Link et droite Chromelook Fiat 500X -NOUVEAU-"}]},{"@type":"WebSite","@id":"https:\/\/turijnmagazijn.jumpstone-dev.nl\/#website","url":"https:\/\/turijnmagazijn.jumpstone-dev.nl\/","name":"Turijnmagazijn","description":"Onderdelen nieuw en gebruikt - Fiat &amp; Lancia","publisher":{"@id":"https:\/\/turijnmagazijn.jumpstone-dev.nl\/#organization"},"potentialAction":[{"@type":"SearchAction","target":{"@type":"EntryPoint","urlTemplate":"https:\/\/turijnmagazijn.jumpstone-dev.nl\/?s={search_term_string}"},"query-input":{"@type":"PropertyValueSpecification","valueRequired":true,"valueName":"search_term_string"}}],"inLanguage":"fr-FR"},{"@type":"Organization","@id":"https:\/\/turijnmagazijn.jumpstone-dev.nl\/#organization","name":"Turijnmagazijn","url":"https:\/\/turijnmagazijn.jumpstone-dev.nl\/","logo":{"@type":"ImageObject","inLanguage":"fr-FR","@id":"https:\/\/turijnmagazijn.jumpstone-dev.nl\/#\/schema\/logo\/image\/","url":"https:\/\/turijnmagazijn.nl\/wp-content\/uploads\/2021\/02\/turijnmagazijnlogo.png","contentUrl":"https:\/\/turijnmagazijn.nl\/wp-content\/uploads\/2021\/02\/turijnmagazijnlogo.png","width":555,"height":270,"caption":"Turijnmagazijn"},"image":{"@id":"https:\/\/turijnmagazijn.jumpstone-dev.nl\/#\/schema\/logo\/image\/"},"sameAs":["https:\/\/www.facebook.com\/turijnmagazijn"]}]}},"_links":{"self":[{"href":"https:\/\/turijnmagazijn.nl\/fr\/wp-json\/wp\/v2\/product\/66023","targetHints":{"allow":["GET"]}}],"collection":[{"href":"https:\/\/turijnmagazijn.nl\/fr\/wp-json\/wp\/v2\/product"}],"about":[{"href":"https:\/\/turijnmagazijn.nl\/fr\/wp-json\/wp\/v2\/types\/product"}],"replies":[{"embeddable":true,"href":"https:\/\/turijnmagazijn.nl\/fr\/wp-json\/wp\/v2\/comments?post=66023"}],"wp:featuredmedia":[{"embeddable":true,"href":"https:\/\/turijnmagazijn.nl\/fr\/wp-json\/wp\/v2\/media\/53564"}],"wp:attachment":[{"href":"https:\/\/turijnmagazijn.nl\/fr\/wp-json\/wp\/v2\/media?parent=66023"}],"wp:term":[{"taxonomy":"product_brand","embeddable":true,"href":"https:\/\/turijnmagazijn.nl\/fr\/wp-json\/wp\/v2\/product_brand?post=66023"},{"taxonomy":"product_cat","embeddable":true,"href":"https:\/\/turijnmagazijn.nl\/fr\/wp-json\/wp\/v2\/product_cat?post=66023"},{"taxonomy":"product_tag","embeddable":true,"href":"https:\/\/turijnmagazijn.nl\/fr\/wp-json\/wp\/v2\/product_tag?post=66023"}],"curies":[{"name":"wp","href":"https:\/\/api.w.org\/{rel}","templated":true}]}}