{"id":66059,"date":"2023-03-03T08:54:21","date_gmt":"2023-03-03T07:54:21","guid":{"rendered":"https:\/\/turijnmagazijn.nl\/product\/porte-cles-lancia-metal-parseme-de-noir-nouveau\/"},"modified":"2025-05-29T17:12:25","modified_gmt":"2025-05-29T15:12:25","slug":"porte-cles-lancia-metal-pointille-rond-noir-nouveau","status":"publish","type":"product","link":"https:\/\/turijnmagazijn.nl\/fr\/produit\/porte-cles-lancia-metal-pointille-rond-noir-nouveau\/","title":{"rendered":"Porte-cl\u00e9s Lancia m\u00e9tal parsem\u00e9 de noir -NOUVEAU-"},"content":{"rendered":"<p><a href=\"https:\/\/turijnmagazijn.nl\/fr\/expedition-par-boite-aux-lettres\/\" target=\"\" style=\"background-color: rgb(255, 255, 255); color: rgb(35, 82, 124); outline: 0px;\" rel=\"noopener\"><img decoding=\"async\" src=\"https:\/\/www.delenkorf.nl\/image\/catalog\/brievenbus.png\"><\/a><\/p>\n<p>Porte-cl\u00e9s Lancia en m\u00e9tal avec effet doming Logo Lancia. Dans la production de ce porte-cl\u00e9s, l\u2019ancien logo Lancia a \u00e9t\u00e9 utilis\u00e9, qui a \u00e9t\u00e9 utilis\u00e9 entre 1974 et 2007. Cela plaira aux fans des Delta I et II, Kappa, Thesis, Ypsilon, Lybra et de nombreux autres mod\u00e8les des ann\u00e9es pr\u00e9c\u00e9dentes beaucoup plus que le logo post 2007.<\/p>\n<p>Ce porte-cl\u00e9s rond a un bord m\u00e9tallique pointill\u00e9 et est unilat\u00e9ral avec un logo Lancia noir sur fond noir.&nbsp;<\/p>\n<p>Le logo de diam\u00e8tre est de 25mm,<\/p>\n","protected":false},"excerpt":{"rendered":"<p>Porte-cl\u00e9s Lancia m\u00e9tal -NOUVEAU- &#8211; Porte-cl\u00e9s Lancia en m\u00e9tal avec effet domino Logo Lancia. Porte-cl\u00e9s Lancia m\u00e9tal parsem\u00e9 de noir -NOUVEAU- &#8211; Porte-cl\u00e9s Lancia en m\u00e9tal avec effet d\u00f4me Logo Lancia.<\/p>\n","protected":false},"featured_media":53636,"comment_status":"open","ping_status":"closed","template":"","meta":{"_acf_changed":false},"product_brand":[],"product_cat":[1809,1846,1851,1862,1865,1802,1806,1841,1855,1819,1821,1825,1836,1830,1838,1860,1798,1873,1882,1870,1880,1896,1902,1897,1908,1907,1914,1917],"product_tag":[],"class_list":{"0":"post-66059","1":"product","2":"type-product","3":"status-publish","4":"has-post-thumbnail","6":"product_cat-1-1-1-3-1-5-fr","7":"product_cat-3-deurs-hpe-fr","8":"product_cat-5-deurs-fr","9":"product_cat-berlina-fr","10":"product_cat-coupe-fr","11":"product_cat-dedra-835-fr","12":"product_cat-delta-1-831-fr","13":"product_cat-delta-2-836-fr","14":"product_cat-delta-3-844-fr","15":"product_cat-gt-i-e-fr","16":"product_cat-hf-4wd-fr","17":"product_cat-hf-turbo-fr","18":"product_cat-integrale-16v-fr","19":"product_cat-integrale-8v-fr","20":"product_cat-integrale-evo-fr","21":"product_cat-kappa-838-fr","22":"product_cat-lancia-fr","23":"product_cat-lybra-839-fr","24":"product_cat-sedan-lybra-839-fr","25":"product_cat-sw-fr","26":"product_cat-sw-lybra-839-fr","27":"product_cat-thema-834-fr","28":"product_cat-thema-sedan-fr","29":"product_cat-thema-sw-fr","30":"product_cat-thesis-841-fr","31":"product_cat-y10-156-fr","32":"product_cat-ypsilon-1-840-fr","33":"product_cat-ypsilon-2-843-fr","34":"pa_soort-onderdeel-porte-cles-et-autocollants","36":"first","37":"instock","38":"taxable","39":"shipping-taxable","40":"purchasable","41":"product-type-simple"},"acf":[],"yoast_head":"<!-- This site is optimized with the Yoast SEO plugin v27.3 - https:\/\/yoast.com\/product\/yoast-seo-wordpress\/ -->\n<title>Porte-cl\u00e9s Lancia m\u00e9tal parsem\u00e9 de noir -NOUVEAU- Turijnmagazijn<\/title>\n<meta name=\"robots\" content=\"index, follow, max-snippet:-1, max-image-preview:large, max-video-preview:-1\" \/>\n<link rel=\"canonical\" href=\"https:\/\/turijnmagazijn.nl\/fr\/produit\/porte-cles-lancia-metal-pointille-rond-noir-nouveau\/\" \/>\n<meta property=\"og:locale\" content=\"fr_FR\" \/>\n<meta property=\"og:type\" content=\"article\" \/>\n<meta property=\"og:title\" content=\"Porte-cl\u00e9s Lancia m\u00e9tal parsem\u00e9 de noir -NOUVEAU- Turijnmagazijn\" \/>\n<meta property=\"og:description\" content=\"Porte-cl\u00e9s Lancia m\u00e9tal -NOUVEAU- - Porte-cl\u00e9s Lancia en m\u00e9tal avec effet domino Logo Lancia. Porte-cl\u00e9s Lancia m\u00e9tal parsem\u00e9 de noir -NOUVEAU- - Porte-cl\u00e9s Lancia en m\u00e9tal avec effet d\u00f4me Logo Lancia.\" \/>\n<meta property=\"og:url\" content=\"https:\/\/turijnmagazijn.nl\/fr\/produit\/porte-cles-lancia-metal-pointille-rond-noir-nouveau\/\" \/>\n<meta property=\"og:site_name\" content=\"Turijnmagazijn\" \/>\n<meta property=\"article:publisher\" content=\"https:\/\/www.facebook.com\/turijnmagazijn\" \/>\n<meta property=\"article:modified_time\" content=\"2025-05-29T15:12:25+00:00\" \/>\n<meta property=\"og:image\" content=\"https:\/\/turijnmagazijn.nl\/wp-content\/uploads\/2023\/03\/DN00100163-Sleutelhanger-Lancia-metaal-gestipt-rond-zwart-NIEUW-3-1.jpg\" \/>\n\t<meta property=\"og:image:width\" content=\"1024\" \/>\n\t<meta property=\"og:image:height\" content=\"768\" \/>\n\t<meta property=\"og:image:type\" content=\"image\/jpeg\" \/>\n<meta name=\"twitter:card\" content=\"summary_large_image\" \/>\n<script type=\"application\/ld+json\" class=\"yoast-schema-graph\">{\"@context\":\"https:\\\/\\\/schema.org\",\"@graph\":[{\"@type\":\"WebPage\",\"@id\":\"https:\\\/\\\/turijnmagazijn.nl\\\/fr\\\/produit\\\/porte-cles-lancia-metal-pointille-rond-noir-nouveau\\\/\",\"url\":\"https:\\\/\\\/turijnmagazijn.nl\\\/fr\\\/produit\\\/porte-cles-lancia-metal-pointille-rond-noir-nouveau\\\/\",\"name\":\"Porte-cl\u00e9s Lancia m\u00e9tal parsem\u00e9 de noir -NOUVEAU- Turijnmagazijn\",\"isPartOf\":{\"@id\":\"https:\\\/\\\/turijnmagazijn.jumpstone-dev.nl\\\/#website\"},\"primaryImageOfPage\":{\"@id\":\"https:\\\/\\\/turijnmagazijn.nl\\\/fr\\\/produit\\\/porte-cles-lancia-metal-pointille-rond-noir-nouveau\\\/#primaryimage\"},\"image\":{\"@id\":\"https:\\\/\\\/turijnmagazijn.nl\\\/fr\\\/produit\\\/porte-cles-lancia-metal-pointille-rond-noir-nouveau\\\/#primaryimage\"},\"thumbnailUrl\":\"https:\\\/\\\/turijnmagazijn.nl\\\/wp-content\\\/uploads\\\/2023\\\/03\\\/DN00100163-Sleutelhanger-Lancia-metaal-gestipt-rond-zwart-NIEUW-3-1.jpg\",\"datePublished\":\"2023-03-03T07:54:21+00:00\",\"dateModified\":\"2025-05-29T15:12:25+00:00\",\"breadcrumb\":{\"@id\":\"https:\\\/\\\/turijnmagazijn.nl\\\/fr\\\/produit\\\/porte-cles-lancia-metal-pointille-rond-noir-nouveau\\\/#breadcrumb\"},\"inLanguage\":\"fr-FR\",\"potentialAction\":[{\"@type\":\"ReadAction\",\"target\":[\"https:\\\/\\\/turijnmagazijn.nl\\\/fr\\\/produit\\\/porte-cles-lancia-metal-pointille-rond-noir-nouveau\\\/\"]}]},{\"@type\":\"ImageObject\",\"inLanguage\":\"fr-FR\",\"@id\":\"https:\\\/\\\/turijnmagazijn.nl\\\/fr\\\/produit\\\/porte-cles-lancia-metal-pointille-rond-noir-nouveau\\\/#primaryimage\",\"url\":\"https:\\\/\\\/turijnmagazijn.nl\\\/wp-content\\\/uploads\\\/2023\\\/03\\\/DN00100163-Sleutelhanger-Lancia-metaal-gestipt-rond-zwart-NIEUW-3-1.jpg\",\"contentUrl\":\"https:\\\/\\\/turijnmagazijn.nl\\\/wp-content\\\/uploads\\\/2023\\\/03\\\/DN00100163-Sleutelhanger-Lancia-metaal-gestipt-rond-zwart-NIEUW-3-1.jpg\",\"width\":1024,\"height\":768},{\"@type\":\"BreadcrumbList\",\"@id\":\"https:\\\/\\\/turijnmagazijn.nl\\\/fr\\\/produit\\\/porte-cles-lancia-metal-pointille-rond-noir-nouveau\\\/#breadcrumb\",\"itemListElement\":[{\"@type\":\"ListItem\",\"position\":1,\"name\":\"Home\",\"item\":\"https:\\\/\\\/turijnmagazijn.nl\\\/fr\\\/\"},{\"@type\":\"ListItem\",\"position\":2,\"name\":\"Produits\",\"item\":\"https:\\\/\\\/turijnmagazijn.nl\\\/fr\\\/shop\\\/\"},{\"@type\":\"ListItem\",\"position\":3,\"name\":\"Porte-cl\u00e9s Lancia m\u00e9tal parsem\u00e9 de noir -NOUVEAU-\"}]},{\"@type\":\"WebSite\",\"@id\":\"https:\\\/\\\/turijnmagazijn.jumpstone-dev.nl\\\/#website\",\"url\":\"https:\\\/\\\/turijnmagazijn.jumpstone-dev.nl\\\/\",\"name\":\"Turijnmagazijn\",\"description\":\"Onderdelen nieuw en gebruikt - Fiat &amp; Lancia\",\"publisher\":{\"@id\":\"https:\\\/\\\/turijnmagazijn.jumpstone-dev.nl\\\/#organization\"},\"potentialAction\":[{\"@type\":\"SearchAction\",\"target\":{\"@type\":\"EntryPoint\",\"urlTemplate\":\"https:\\\/\\\/turijnmagazijn.jumpstone-dev.nl\\\/?s={search_term_string}\"},\"query-input\":{\"@type\":\"PropertyValueSpecification\",\"valueRequired\":true,\"valueName\":\"search_term_string\"}}],\"inLanguage\":\"fr-FR\"},{\"@type\":\"Organization\",\"@id\":\"https:\\\/\\\/turijnmagazijn.jumpstone-dev.nl\\\/#organization\",\"name\":\"Turijnmagazijn\",\"url\":\"https:\\\/\\\/turijnmagazijn.jumpstone-dev.nl\\\/\",\"logo\":{\"@type\":\"ImageObject\",\"inLanguage\":\"fr-FR\",\"@id\":\"https:\\\/\\\/turijnmagazijn.jumpstone-dev.nl\\\/#\\\/schema\\\/logo\\\/image\\\/\",\"url\":\"https:\\\/\\\/turijnmagazijn.nl\\\/wp-content\\\/uploads\\\/2021\\\/02\\\/turijnmagazijnlogo.png\",\"contentUrl\":\"https:\\\/\\\/turijnmagazijn.nl\\\/wp-content\\\/uploads\\\/2021\\\/02\\\/turijnmagazijnlogo.png\",\"width\":555,\"height\":270,\"caption\":\"Turijnmagazijn\"},\"image\":{\"@id\":\"https:\\\/\\\/turijnmagazijn.jumpstone-dev.nl\\\/#\\\/schema\\\/logo\\\/image\\\/\"},\"sameAs\":[\"https:\\\/\\\/www.facebook.com\\\/turijnmagazijn\"]}]}<\/script>\n<!-- \/ Yoast SEO plugin. -->","yoast_head_json":{"title":"Porte-cl\u00e9s Lancia m\u00e9tal parsem\u00e9 de noir -NOUVEAU- Turijnmagazijn","robots":{"index":"index","follow":"follow","max-snippet":"max-snippet:-1","max-image-preview":"max-image-preview:large","max-video-preview":"max-video-preview:-1"},"canonical":"https:\/\/turijnmagazijn.nl\/fr\/produit\/porte-cles-lancia-metal-pointille-rond-noir-nouveau\/","og_locale":"fr_FR","og_type":"article","og_title":"Porte-cl\u00e9s Lancia m\u00e9tal parsem\u00e9 de noir -NOUVEAU- Turijnmagazijn","og_description":"Porte-cl\u00e9s Lancia m\u00e9tal -NOUVEAU- - Porte-cl\u00e9s Lancia en m\u00e9tal avec effet domino Logo Lancia. Porte-cl\u00e9s Lancia m\u00e9tal parsem\u00e9 de noir -NOUVEAU- - Porte-cl\u00e9s Lancia en m\u00e9tal avec effet d\u00f4me Logo Lancia.","og_url":"https:\/\/turijnmagazijn.nl\/fr\/produit\/porte-cles-lancia-metal-pointille-rond-noir-nouveau\/","og_site_name":"Turijnmagazijn","article_publisher":"https:\/\/www.facebook.com\/turijnmagazijn","article_modified_time":"2025-05-29T15:12:25+00:00","og_image":[{"width":1024,"height":768,"url":"https:\/\/turijnmagazijn.nl\/wp-content\/uploads\/2023\/03\/DN00100163-Sleutelhanger-Lancia-metaal-gestipt-rond-zwart-NIEUW-3-1.jpg","type":"image\/jpeg"}],"twitter_card":"summary_large_image","schema":{"@context":"https:\/\/schema.org","@graph":[{"@type":"WebPage","@id":"https:\/\/turijnmagazijn.nl\/fr\/produit\/porte-cles-lancia-metal-pointille-rond-noir-nouveau\/","url":"https:\/\/turijnmagazijn.nl\/fr\/produit\/porte-cles-lancia-metal-pointille-rond-noir-nouveau\/","name":"Porte-cl\u00e9s Lancia m\u00e9tal parsem\u00e9 de noir -NOUVEAU- Turijnmagazijn","isPartOf":{"@id":"https:\/\/turijnmagazijn.jumpstone-dev.nl\/#website"},"primaryImageOfPage":{"@id":"https:\/\/turijnmagazijn.nl\/fr\/produit\/porte-cles-lancia-metal-pointille-rond-noir-nouveau\/#primaryimage"},"image":{"@id":"https:\/\/turijnmagazijn.nl\/fr\/produit\/porte-cles-lancia-metal-pointille-rond-noir-nouveau\/#primaryimage"},"thumbnailUrl":"https:\/\/turijnmagazijn.nl\/wp-content\/uploads\/2023\/03\/DN00100163-Sleutelhanger-Lancia-metaal-gestipt-rond-zwart-NIEUW-3-1.jpg","datePublished":"2023-03-03T07:54:21+00:00","dateModified":"2025-05-29T15:12:25+00:00","breadcrumb":{"@id":"https:\/\/turijnmagazijn.nl\/fr\/produit\/porte-cles-lancia-metal-pointille-rond-noir-nouveau\/#breadcrumb"},"inLanguage":"fr-FR","potentialAction":[{"@type":"ReadAction","target":["https:\/\/turijnmagazijn.nl\/fr\/produit\/porte-cles-lancia-metal-pointille-rond-noir-nouveau\/"]}]},{"@type":"ImageObject","inLanguage":"fr-FR","@id":"https:\/\/turijnmagazijn.nl\/fr\/produit\/porte-cles-lancia-metal-pointille-rond-noir-nouveau\/#primaryimage","url":"https:\/\/turijnmagazijn.nl\/wp-content\/uploads\/2023\/03\/DN00100163-Sleutelhanger-Lancia-metaal-gestipt-rond-zwart-NIEUW-3-1.jpg","contentUrl":"https:\/\/turijnmagazijn.nl\/wp-content\/uploads\/2023\/03\/DN00100163-Sleutelhanger-Lancia-metaal-gestipt-rond-zwart-NIEUW-3-1.jpg","width":1024,"height":768},{"@type":"BreadcrumbList","@id":"https:\/\/turijnmagazijn.nl\/fr\/produit\/porte-cles-lancia-metal-pointille-rond-noir-nouveau\/#breadcrumb","itemListElement":[{"@type":"ListItem","position":1,"name":"Home","item":"https:\/\/turijnmagazijn.nl\/fr\/"},{"@type":"ListItem","position":2,"name":"Produits","item":"https:\/\/turijnmagazijn.nl\/fr\/shop\/"},{"@type":"ListItem","position":3,"name":"Porte-cl\u00e9s Lancia m\u00e9tal parsem\u00e9 de noir -NOUVEAU-"}]},{"@type":"WebSite","@id":"https:\/\/turijnmagazijn.jumpstone-dev.nl\/#website","url":"https:\/\/turijnmagazijn.jumpstone-dev.nl\/","name":"Turijnmagazijn","description":"Onderdelen nieuw en gebruikt - Fiat &amp; Lancia","publisher":{"@id":"https:\/\/turijnmagazijn.jumpstone-dev.nl\/#organization"},"potentialAction":[{"@type":"SearchAction","target":{"@type":"EntryPoint","urlTemplate":"https:\/\/turijnmagazijn.jumpstone-dev.nl\/?s={search_term_string}"},"query-input":{"@type":"PropertyValueSpecification","valueRequired":true,"valueName":"search_term_string"}}],"inLanguage":"fr-FR"},{"@type":"Organization","@id":"https:\/\/turijnmagazijn.jumpstone-dev.nl\/#organization","name":"Turijnmagazijn","url":"https:\/\/turijnmagazijn.jumpstone-dev.nl\/","logo":{"@type":"ImageObject","inLanguage":"fr-FR","@id":"https:\/\/turijnmagazijn.jumpstone-dev.nl\/#\/schema\/logo\/image\/","url":"https:\/\/turijnmagazijn.nl\/wp-content\/uploads\/2021\/02\/turijnmagazijnlogo.png","contentUrl":"https:\/\/turijnmagazijn.nl\/wp-content\/uploads\/2021\/02\/turijnmagazijnlogo.png","width":555,"height":270,"caption":"Turijnmagazijn"},"image":{"@id":"https:\/\/turijnmagazijn.jumpstone-dev.nl\/#\/schema\/logo\/image\/"},"sameAs":["https:\/\/www.facebook.com\/turijnmagazijn"]}]}},"_links":{"self":[{"href":"https:\/\/turijnmagazijn.nl\/fr\/wp-json\/wp\/v2\/product\/66059","targetHints":{"allow":["GET"]}}],"collection":[{"href":"https:\/\/turijnmagazijn.nl\/fr\/wp-json\/wp\/v2\/product"}],"about":[{"href":"https:\/\/turijnmagazijn.nl\/fr\/wp-json\/wp\/v2\/types\/product"}],"replies":[{"embeddable":true,"href":"https:\/\/turijnmagazijn.nl\/fr\/wp-json\/wp\/v2\/comments?post=66059"}],"wp:featuredmedia":[{"embeddable":true,"href":"https:\/\/turijnmagazijn.nl\/fr\/wp-json\/wp\/v2\/media\/53636"}],"wp:attachment":[{"href":"https:\/\/turijnmagazijn.nl\/fr\/wp-json\/wp\/v2\/media?parent=66059"}],"wp:term":[{"taxonomy":"product_brand","embeddable":true,"href":"https:\/\/turijnmagazijn.nl\/fr\/wp-json\/wp\/v2\/product_brand?post=66059"},{"taxonomy":"product_cat","embeddable":true,"href":"https:\/\/turijnmagazijn.nl\/fr\/wp-json\/wp\/v2\/product_cat?post=66059"},{"taxonomy":"product_tag","embeddable":true,"href":"https:\/\/turijnmagazijn.nl\/fr\/wp-json\/wp\/v2\/product_tag?post=66059"}],"curies":[{"name":"wp","href":"https:\/\/api.w.org\/{rel}","templated":true}]}}