{"id":66066,"date":"2023-03-03T09:55:05","date_gmt":"2023-03-03T08:55:05","guid":{"rendered":"https:\/\/turijnmagazijn.nl\/product\/autocollant-vinyle-lancia-gloss-noir-4x20cm-vinyle\/"},"modified":"2023-07-27T12:40:02","modified_gmt":"2023-07-27T10:40:02","slug":"vinyle-sticker-lancia-gloss-noir-4x20cm-vinyle","status":"publish","type":"product","link":"https:\/\/turijnmagazijn.nl\/fr\/produit\/vinyle-sticker-lancia-gloss-noir-4x20cm-vinyle\/","title":{"rendered":"Autocollant vinyle Lancia gloss Noir 4x20cm vinyle"},"content":{"rendered":"<p>Nouveau autocollant vinyle Nom de marque Lancia \u00e9crit en lettres.<\/p>\n<p>Fini en noir brillant.&nbsp;<\/p>\n<p>L\u2019autocollant n\u2019est pas en image miroir, donc lorsqu\u2019il est appliqu\u00e9 sur le verre, l\u2019autocollant est situ\u00e9 \u00e0 l\u2019ext\u00e9rieur du verre. Un autocollant en image miroir est \u00e9galement disponible sur commande afin qu\u2019il puisse \u00eatre coll\u00e9 \u00e0 l\u2019int\u00e9rieur du verre.&nbsp;<\/p>\n<p>Fait de vinyle de qualit\u00e9 ext\u00e9rieure, sa couleur est conserv\u00e9e pendant au moins 3 ans m\u00eame lorsqu\u2019il est utilis\u00e9 \u00e0 l\u2019ext\u00e9rieur et aux UV.<\/p>\n<p>Dimensions de l\u2019autocollant:&nbsp; 4x20cm<\/p>\n","protected":false},"excerpt":{"rendered":"<p>Autocollant vinyle Lancia &#8211; Nouveau sticker vinyle Lancia.Autocollant vinyle Lancia gloss Noir 4x20cm vinyle &#8211; Nouveau sticker vinyle Lancia marque \u00e9crite en lettres.<\/p>\n","protected":false},"featured_media":53796,"comment_status":"open","ping_status":"closed","template":"","meta":{"_acf_changed":false},"product_brand":[],"product_cat":[1806,1841,1855,1830,1860,1798,1896,1908],"product_tag":[],"class_list":{"0":"post-66066","1":"product","2":"type-product","3":"status-publish","4":"has-post-thumbnail","6":"product_cat-delta-1-831-fr","7":"product_cat-delta-2-836-fr","8":"product_cat-delta-3-844-fr","9":"product_cat-integrale-8v-fr","10":"product_cat-kappa-838-fr","11":"product_cat-lancia-fr","12":"product_cat-thema-834-fr","13":"product_cat-thesis-841-fr","14":"pa_soort-onderdeel-porte-cles-et-autocollants","16":"first","17":"instock","18":"taxable","19":"shipping-taxable","20":"purchasable","21":"product-type-simple"},"acf":[],"yoast_head":"<!-- This site is optimized with the Yoast SEO plugin v27.3 - https:\/\/yoast.com\/product\/yoast-seo-wordpress\/ -->\n<title>Autocollant vinyle Lancia gloss Noir 4x20cm vinyle - Turijnmagazijn<\/title>\n<meta name=\"robots\" content=\"index, follow, max-snippet:-1, max-image-preview:large, max-video-preview:-1\" \/>\n<link rel=\"canonical\" href=\"https:\/\/turijnmagazijn.nl\/fr\/produit\/vinyle-sticker-lancia-gloss-noir-4x20cm-vinyle\/\" \/>\n<meta property=\"og:locale\" content=\"fr_FR\" \/>\n<meta property=\"og:type\" content=\"article\" \/>\n<meta property=\"og:title\" content=\"Autocollant vinyle Lancia gloss Noir 4x20cm vinyle - Turijnmagazijn\" \/>\n<meta property=\"og:description\" content=\"Autocollant vinyle Lancia - Nouveau sticker vinyle Lancia.Autocollant vinyle Lancia gloss Noir 4x20cm vinyle - Nouveau sticker vinyle Lancia marque \u00e9crite en lettres.\" \/>\n<meta property=\"og:url\" content=\"https:\/\/turijnmagazijn.nl\/fr\/produit\/vinyle-sticker-lancia-gloss-noir-4x20cm-vinyle\/\" \/>\n<meta property=\"og:site_name\" content=\"Turijnmagazijn\" \/>\n<meta property=\"article:publisher\" content=\"https:\/\/www.facebook.com\/turijnmagazijn\" \/>\n<meta property=\"article:modified_time\" content=\"2023-07-27T10:40:02+00:00\" \/>\n<meta property=\"og:image\" content=\"https:\/\/turijnmagazijn.nl\/wp-content\/uploads\/2023\/03\/DN00100168-Vinyl-sticker-Lancia-glans-Zwart-4x20cm-vinyl-2-1.jpg\" \/>\n\t<meta property=\"og:image:width\" content=\"1024\" \/>\n\t<meta property=\"og:image:height\" content=\"768\" \/>\n\t<meta property=\"og:image:type\" content=\"image\/jpeg\" \/>\n<meta name=\"twitter:card\" content=\"summary_large_image\" \/>\n<script type=\"application\/ld+json\" class=\"yoast-schema-graph\">{\"@context\":\"https:\\\/\\\/schema.org\",\"@graph\":[{\"@type\":\"WebPage\",\"@id\":\"https:\\\/\\\/turijnmagazijn.nl\\\/fr\\\/produit\\\/vinyle-sticker-lancia-gloss-noir-4x20cm-vinyle\\\/\",\"url\":\"https:\\\/\\\/turijnmagazijn.nl\\\/fr\\\/produit\\\/vinyle-sticker-lancia-gloss-noir-4x20cm-vinyle\\\/\",\"name\":\"Autocollant vinyle Lancia gloss Noir 4x20cm vinyle - Turijnmagazijn\",\"isPartOf\":{\"@id\":\"https:\\\/\\\/turijnmagazijn.jumpstone-dev.nl\\\/#website\"},\"primaryImageOfPage\":{\"@id\":\"https:\\\/\\\/turijnmagazijn.nl\\\/fr\\\/produit\\\/vinyle-sticker-lancia-gloss-noir-4x20cm-vinyle\\\/#primaryimage\"},\"image\":{\"@id\":\"https:\\\/\\\/turijnmagazijn.nl\\\/fr\\\/produit\\\/vinyle-sticker-lancia-gloss-noir-4x20cm-vinyle\\\/#primaryimage\"},\"thumbnailUrl\":\"https:\\\/\\\/turijnmagazijn.nl\\\/wp-content\\\/uploads\\\/2023\\\/03\\\/DN00100168-Vinyl-sticker-Lancia-glans-Zwart-4x20cm-vinyl-2-1.jpg\",\"datePublished\":\"2023-03-03T08:55:05+00:00\",\"dateModified\":\"2023-07-27T10:40:02+00:00\",\"breadcrumb\":{\"@id\":\"https:\\\/\\\/turijnmagazijn.nl\\\/fr\\\/produit\\\/vinyle-sticker-lancia-gloss-noir-4x20cm-vinyle\\\/#breadcrumb\"},\"inLanguage\":\"fr-FR\",\"potentialAction\":[{\"@type\":\"ReadAction\",\"target\":[\"https:\\\/\\\/turijnmagazijn.nl\\\/fr\\\/produit\\\/vinyle-sticker-lancia-gloss-noir-4x20cm-vinyle\\\/\"]}]},{\"@type\":\"ImageObject\",\"inLanguage\":\"fr-FR\",\"@id\":\"https:\\\/\\\/turijnmagazijn.nl\\\/fr\\\/produit\\\/vinyle-sticker-lancia-gloss-noir-4x20cm-vinyle\\\/#primaryimage\",\"url\":\"https:\\\/\\\/turijnmagazijn.nl\\\/wp-content\\\/uploads\\\/2023\\\/03\\\/DN00100168-Vinyl-sticker-Lancia-glans-Zwart-4x20cm-vinyl-2-1.jpg\",\"contentUrl\":\"https:\\\/\\\/turijnmagazijn.nl\\\/wp-content\\\/uploads\\\/2023\\\/03\\\/DN00100168-Vinyl-sticker-Lancia-glans-Zwart-4x20cm-vinyl-2-1.jpg\",\"width\":1024,\"height\":768},{\"@type\":\"BreadcrumbList\",\"@id\":\"https:\\\/\\\/turijnmagazijn.nl\\\/fr\\\/produit\\\/vinyle-sticker-lancia-gloss-noir-4x20cm-vinyle\\\/#breadcrumb\",\"itemListElement\":[{\"@type\":\"ListItem\",\"position\":1,\"name\":\"Home\",\"item\":\"https:\\\/\\\/turijnmagazijn.nl\\\/fr\\\/\"},{\"@type\":\"ListItem\",\"position\":2,\"name\":\"Produits\",\"item\":\"https:\\\/\\\/turijnmagazijn.nl\\\/fr\\\/shop\\\/\"},{\"@type\":\"ListItem\",\"position\":3,\"name\":\"Autocollant vinyle Lancia gloss Noir 4x20cm vinyle\"}]},{\"@type\":\"WebSite\",\"@id\":\"https:\\\/\\\/turijnmagazijn.jumpstone-dev.nl\\\/#website\",\"url\":\"https:\\\/\\\/turijnmagazijn.jumpstone-dev.nl\\\/\",\"name\":\"Turijnmagazijn\",\"description\":\"Onderdelen nieuw en gebruikt - Fiat &amp; Lancia\",\"publisher\":{\"@id\":\"https:\\\/\\\/turijnmagazijn.jumpstone-dev.nl\\\/#organization\"},\"potentialAction\":[{\"@type\":\"SearchAction\",\"target\":{\"@type\":\"EntryPoint\",\"urlTemplate\":\"https:\\\/\\\/turijnmagazijn.jumpstone-dev.nl\\\/?s={search_term_string}\"},\"query-input\":{\"@type\":\"PropertyValueSpecification\",\"valueRequired\":true,\"valueName\":\"search_term_string\"}}],\"inLanguage\":\"fr-FR\"},{\"@type\":\"Organization\",\"@id\":\"https:\\\/\\\/turijnmagazijn.jumpstone-dev.nl\\\/#organization\",\"name\":\"Turijnmagazijn\",\"url\":\"https:\\\/\\\/turijnmagazijn.jumpstone-dev.nl\\\/\",\"logo\":{\"@type\":\"ImageObject\",\"inLanguage\":\"fr-FR\",\"@id\":\"https:\\\/\\\/turijnmagazijn.jumpstone-dev.nl\\\/#\\\/schema\\\/logo\\\/image\\\/\",\"url\":\"https:\\\/\\\/turijnmagazijn.nl\\\/wp-content\\\/uploads\\\/2021\\\/02\\\/turijnmagazijnlogo.png\",\"contentUrl\":\"https:\\\/\\\/turijnmagazijn.nl\\\/wp-content\\\/uploads\\\/2021\\\/02\\\/turijnmagazijnlogo.png\",\"width\":555,\"height\":270,\"caption\":\"Turijnmagazijn\"},\"image\":{\"@id\":\"https:\\\/\\\/turijnmagazijn.jumpstone-dev.nl\\\/#\\\/schema\\\/logo\\\/image\\\/\"},\"sameAs\":[\"https:\\\/\\\/www.facebook.com\\\/turijnmagazijn\"]}]}<\/script>\n<!-- \/ Yoast SEO plugin. -->","yoast_head_json":{"title":"Autocollant vinyle Lancia gloss Noir 4x20cm vinyle - Turijnmagazijn","robots":{"index":"index","follow":"follow","max-snippet":"max-snippet:-1","max-image-preview":"max-image-preview:large","max-video-preview":"max-video-preview:-1"},"canonical":"https:\/\/turijnmagazijn.nl\/fr\/produit\/vinyle-sticker-lancia-gloss-noir-4x20cm-vinyle\/","og_locale":"fr_FR","og_type":"article","og_title":"Autocollant vinyle Lancia gloss Noir 4x20cm vinyle - Turijnmagazijn","og_description":"Autocollant vinyle Lancia - Nouveau sticker vinyle Lancia.Autocollant vinyle Lancia gloss Noir 4x20cm vinyle - Nouveau sticker vinyle Lancia marque \u00e9crite en lettres.","og_url":"https:\/\/turijnmagazijn.nl\/fr\/produit\/vinyle-sticker-lancia-gloss-noir-4x20cm-vinyle\/","og_site_name":"Turijnmagazijn","article_publisher":"https:\/\/www.facebook.com\/turijnmagazijn","article_modified_time":"2023-07-27T10:40:02+00:00","og_image":[{"width":1024,"height":768,"url":"https:\/\/turijnmagazijn.nl\/wp-content\/uploads\/2023\/03\/DN00100168-Vinyl-sticker-Lancia-glans-Zwart-4x20cm-vinyl-2-1.jpg","type":"image\/jpeg"}],"twitter_card":"summary_large_image","schema":{"@context":"https:\/\/schema.org","@graph":[{"@type":"WebPage","@id":"https:\/\/turijnmagazijn.nl\/fr\/produit\/vinyle-sticker-lancia-gloss-noir-4x20cm-vinyle\/","url":"https:\/\/turijnmagazijn.nl\/fr\/produit\/vinyle-sticker-lancia-gloss-noir-4x20cm-vinyle\/","name":"Autocollant vinyle Lancia gloss Noir 4x20cm vinyle - Turijnmagazijn","isPartOf":{"@id":"https:\/\/turijnmagazijn.jumpstone-dev.nl\/#website"},"primaryImageOfPage":{"@id":"https:\/\/turijnmagazijn.nl\/fr\/produit\/vinyle-sticker-lancia-gloss-noir-4x20cm-vinyle\/#primaryimage"},"image":{"@id":"https:\/\/turijnmagazijn.nl\/fr\/produit\/vinyle-sticker-lancia-gloss-noir-4x20cm-vinyle\/#primaryimage"},"thumbnailUrl":"https:\/\/turijnmagazijn.nl\/wp-content\/uploads\/2023\/03\/DN00100168-Vinyl-sticker-Lancia-glans-Zwart-4x20cm-vinyl-2-1.jpg","datePublished":"2023-03-03T08:55:05+00:00","dateModified":"2023-07-27T10:40:02+00:00","breadcrumb":{"@id":"https:\/\/turijnmagazijn.nl\/fr\/produit\/vinyle-sticker-lancia-gloss-noir-4x20cm-vinyle\/#breadcrumb"},"inLanguage":"fr-FR","potentialAction":[{"@type":"ReadAction","target":["https:\/\/turijnmagazijn.nl\/fr\/produit\/vinyle-sticker-lancia-gloss-noir-4x20cm-vinyle\/"]}]},{"@type":"ImageObject","inLanguage":"fr-FR","@id":"https:\/\/turijnmagazijn.nl\/fr\/produit\/vinyle-sticker-lancia-gloss-noir-4x20cm-vinyle\/#primaryimage","url":"https:\/\/turijnmagazijn.nl\/wp-content\/uploads\/2023\/03\/DN00100168-Vinyl-sticker-Lancia-glans-Zwart-4x20cm-vinyl-2-1.jpg","contentUrl":"https:\/\/turijnmagazijn.nl\/wp-content\/uploads\/2023\/03\/DN00100168-Vinyl-sticker-Lancia-glans-Zwart-4x20cm-vinyl-2-1.jpg","width":1024,"height":768},{"@type":"BreadcrumbList","@id":"https:\/\/turijnmagazijn.nl\/fr\/produit\/vinyle-sticker-lancia-gloss-noir-4x20cm-vinyle\/#breadcrumb","itemListElement":[{"@type":"ListItem","position":1,"name":"Home","item":"https:\/\/turijnmagazijn.nl\/fr\/"},{"@type":"ListItem","position":2,"name":"Produits","item":"https:\/\/turijnmagazijn.nl\/fr\/shop\/"},{"@type":"ListItem","position":3,"name":"Autocollant vinyle Lancia gloss Noir 4x20cm vinyle"}]},{"@type":"WebSite","@id":"https:\/\/turijnmagazijn.jumpstone-dev.nl\/#website","url":"https:\/\/turijnmagazijn.jumpstone-dev.nl\/","name":"Turijnmagazijn","description":"Onderdelen nieuw en gebruikt - Fiat &amp; Lancia","publisher":{"@id":"https:\/\/turijnmagazijn.jumpstone-dev.nl\/#organization"},"potentialAction":[{"@type":"SearchAction","target":{"@type":"EntryPoint","urlTemplate":"https:\/\/turijnmagazijn.jumpstone-dev.nl\/?s={search_term_string}"},"query-input":{"@type":"PropertyValueSpecification","valueRequired":true,"valueName":"search_term_string"}}],"inLanguage":"fr-FR"},{"@type":"Organization","@id":"https:\/\/turijnmagazijn.jumpstone-dev.nl\/#organization","name":"Turijnmagazijn","url":"https:\/\/turijnmagazijn.jumpstone-dev.nl\/","logo":{"@type":"ImageObject","inLanguage":"fr-FR","@id":"https:\/\/turijnmagazijn.jumpstone-dev.nl\/#\/schema\/logo\/image\/","url":"https:\/\/turijnmagazijn.nl\/wp-content\/uploads\/2021\/02\/turijnmagazijnlogo.png","contentUrl":"https:\/\/turijnmagazijn.nl\/wp-content\/uploads\/2021\/02\/turijnmagazijnlogo.png","width":555,"height":270,"caption":"Turijnmagazijn"},"image":{"@id":"https:\/\/turijnmagazijn.jumpstone-dev.nl\/#\/schema\/logo\/image\/"},"sameAs":["https:\/\/www.facebook.com\/turijnmagazijn"]}]}},"_links":{"self":[{"href":"https:\/\/turijnmagazijn.nl\/fr\/wp-json\/wp\/v2\/product\/66066","targetHints":{"allow":["GET"]}}],"collection":[{"href":"https:\/\/turijnmagazijn.nl\/fr\/wp-json\/wp\/v2\/product"}],"about":[{"href":"https:\/\/turijnmagazijn.nl\/fr\/wp-json\/wp\/v2\/types\/product"}],"replies":[{"embeddable":true,"href":"https:\/\/turijnmagazijn.nl\/fr\/wp-json\/wp\/v2\/comments?post=66066"}],"wp:featuredmedia":[{"embeddable":true,"href":"https:\/\/turijnmagazijn.nl\/fr\/wp-json\/wp\/v2\/media\/53796"}],"wp:attachment":[{"href":"https:\/\/turijnmagazijn.nl\/fr\/wp-json\/wp\/v2\/media?parent=66066"}],"wp:term":[{"taxonomy":"product_brand","embeddable":true,"href":"https:\/\/turijnmagazijn.nl\/fr\/wp-json\/wp\/v2\/product_brand?post=66066"},{"taxonomy":"product_cat","embeddable":true,"href":"https:\/\/turijnmagazijn.nl\/fr\/wp-json\/wp\/v2\/product_cat?post=66066"},{"taxonomy":"product_tag","embeddable":true,"href":"https:\/\/turijnmagazijn.nl\/fr\/wp-json\/wp\/v2\/product_tag?post=66066"}],"curies":[{"name":"wp","href":"https:\/\/api.w.org\/{rel}","templated":true}]}}