{"id":66071,"date":"2023-03-03T09:55:28","date_gmt":"2023-03-03T08:55:28","guid":{"rendered":"https:\/\/turijnmagazijn.nl\/product\/autocollant-vinyle-lancia-silhouette-arriere-integral-evo-gloss-bleu\/"},"modified":"2023-07-27T12:39:55","modified_gmt":"2023-07-27T10:39:55","slug":"vinyle-sticker-lancia-back-silhouette-integral-evo-gloss-blue","status":"publish","type":"product","link":"https:\/\/turijnmagazijn.nl\/fr\/produit\/vinyle-sticker-lancia-back-silhouette-integral-evo-gloss-blue\/","title":{"rendered":"Autocollant vinyle Lancia Silhouette arri\u00e8re Integral EVO gloss Bleu"},"content":{"rendered":"<p>Nouveau sticker vinyle d\u2019une silhouette de l\u2019arri\u00e8re d\u2019une Lancia Delta HF Integrale EVO.<\/p>\n<p>C\u2019est un beau design tr\u00e8s d\u00e9taill\u00e9, m\u00eame les logos et l\u2019\u0153il de remorquage sont visibles.<\/p>\n<p>Fini en bleu brillant.<\/p>\n<p>L\u2019autocollant est sym\u00e9trique et \u00e0 la fois sur le c\u00f4t\u00e9 adh\u00e9sif et sur le devant en couleur, peut donc \u00e9galement \u00eatre appliqu\u00e9 \u00e0 l\u2019int\u00e9rieur d\u2019une surface en verre.<\/p>\n<p>Fait de vinyle de qualit\u00e9 ext\u00e9rieure, sa couleur est conserv\u00e9e pendant au moins 3 ans m\u00eame lorsqu\u2019il est utilis\u00e9 \u00e0 l\u2019ext\u00e9rieur et aux UV.<\/p>\n<p>Dimensions de l\u2019autocollant: 10x7cm<\/p>\n","protected":false},"excerpt":{"rendered":"<p>Autocollant vinyle Lancia &#8211; Nouveau sticker vinyle Lancia.Autocollant vinyle Lancia Delta &#8211; Nouveau sticker vinyle Lancia.Autocollant vinyle Lancia Silhouette arri\u00e8re Integral EVO gloss Blue &#8211; Nouveau sticker vinyle d\u2019une silhouette de l\u2019arri\u00e8re d\u2019une Lancia De<\/p>\n","protected":false},"featured_media":53828,"comment_status":"closed","ping_status":"closed","template":"","meta":{"_acf_changed":false},"product_brand":[],"product_cat":[1806,1836,1830,1838,1798],"product_tag":[],"class_list":{"0":"post-66071","1":"product","2":"type-product","3":"status-publish","4":"has-post-thumbnail","6":"product_cat-delta-1-831-fr","7":"product_cat-integrale-16v-fr","8":"product_cat-integrale-8v-fr","9":"product_cat-integrale-evo-fr","10":"product_cat-lancia-fr","11":"pa_soort-onderdeel-porte-cles-et-autocollants","13":"first","14":"instock","15":"taxable","16":"shipping-taxable","17":"purchasable","18":"product-type-simple"},"acf":[],"yoast_head":"<!-- This site is optimized with the Yoast SEO plugin v27.2 - https:\/\/yoast.com\/product\/yoast-seo-wordpress\/ -->\n<title>Autocollant vinyle Lancia Silhouette arri\u00e8re Integral EVO gloss Bleu - Turijnmagazijn<\/title>\n<meta name=\"robots\" content=\"index, follow, max-snippet:-1, max-image-preview:large, max-video-preview:-1\" \/>\n<link rel=\"canonical\" href=\"https:\/\/turijnmagazijn.nl\/fr\/produit\/vinyle-sticker-lancia-back-silhouette-integral-evo-gloss-blue\/\" \/>\n<meta property=\"og:locale\" content=\"fr_FR\" \/>\n<meta property=\"og:type\" content=\"article\" \/>\n<meta property=\"og:title\" content=\"Autocollant vinyle Lancia Silhouette arri\u00e8re Integral EVO gloss Bleu - Turijnmagazijn\" \/>\n<meta property=\"og:description\" content=\"Autocollant vinyle Lancia - Nouveau sticker vinyle Lancia.Autocollant vinyle Lancia Delta - Nouveau sticker vinyle Lancia.Autocollant vinyle Lancia Silhouette arri\u00e8re Integral EVO gloss Blue - Nouveau sticker vinyle d\u2019une silhouette de l\u2019arri\u00e8re d\u2019une Lancia De\" \/>\n<meta property=\"og:url\" content=\"https:\/\/turijnmagazijn.nl\/fr\/produit\/vinyle-sticker-lancia-back-silhouette-integral-evo-gloss-blue\/\" \/>\n<meta property=\"og:site_name\" content=\"Turijnmagazijn\" \/>\n<meta property=\"article:publisher\" content=\"https:\/\/www.facebook.com\/turijnmagazijn\" \/>\n<meta property=\"article:modified_time\" content=\"2023-07-27T10:39:55+00:00\" \/>\n<meta property=\"og:image\" content=\"https:\/\/turijnmagazijn.nl\/wp-content\/uploads\/2023\/03\/DN00100171-Vinyl-sticker-Lancia-Achterzijde-silhouette-Integrale-EVO-glans-Blauw-2.jpg\" \/>\n\t<meta property=\"og:image:width\" content=\"1024\" \/>\n\t<meta property=\"og:image:height\" content=\"768\" \/>\n\t<meta property=\"og:image:type\" content=\"image\/jpeg\" \/>\n<meta name=\"twitter:card\" content=\"summary_large_image\" \/>\n<meta name=\"twitter:label1\" content=\"Dur\u00e9e de lecture estim\u00e9e\" \/>\n\t<meta name=\"twitter:data1\" content=\"1 minute\" \/>\n<script type=\"application\/ld+json\" class=\"yoast-schema-graph\">{\"@context\":\"https:\/\/schema.org\",\"@graph\":[{\"@type\":\"WebPage\",\"@id\":\"https:\/\/turijnmagazijn.nl\/fr\/produit\/vinyle-sticker-lancia-back-silhouette-integral-evo-gloss-blue\/\",\"url\":\"https:\/\/turijnmagazijn.nl\/fr\/produit\/vinyle-sticker-lancia-back-silhouette-integral-evo-gloss-blue\/\",\"name\":\"Autocollant vinyle Lancia Silhouette arri\u00e8re Integral EVO gloss Bleu - Turijnmagazijn\",\"isPartOf\":{\"@id\":\"https:\/\/turijnmagazijn.jumpstone-dev.nl\/#website\"},\"primaryImageOfPage\":{\"@id\":\"https:\/\/turijnmagazijn.nl\/fr\/produit\/vinyle-sticker-lancia-back-silhouette-integral-evo-gloss-blue\/#primaryimage\"},\"image\":{\"@id\":\"https:\/\/turijnmagazijn.nl\/fr\/produit\/vinyle-sticker-lancia-back-silhouette-integral-evo-gloss-blue\/#primaryimage\"},\"thumbnailUrl\":\"https:\/\/turijnmagazijn.nl\/wp-content\/uploads\/2023\/03\/DN00100171-Vinyl-sticker-Lancia-Achterzijde-silhouette-Integrale-EVO-glans-Blauw-2.jpg\",\"datePublished\":\"2023-03-03T08:55:28+00:00\",\"dateModified\":\"2023-07-27T10:39:55+00:00\",\"breadcrumb\":{\"@id\":\"https:\/\/turijnmagazijn.nl\/fr\/produit\/vinyle-sticker-lancia-back-silhouette-integral-evo-gloss-blue\/#breadcrumb\"},\"inLanguage\":\"fr-FR\",\"potentialAction\":[{\"@type\":\"ReadAction\",\"target\":[\"https:\/\/turijnmagazijn.nl\/fr\/produit\/vinyle-sticker-lancia-back-silhouette-integral-evo-gloss-blue\/\"]}]},{\"@type\":\"ImageObject\",\"inLanguage\":\"fr-FR\",\"@id\":\"https:\/\/turijnmagazijn.nl\/fr\/produit\/vinyle-sticker-lancia-back-silhouette-integral-evo-gloss-blue\/#primaryimage\",\"url\":\"https:\/\/turijnmagazijn.nl\/wp-content\/uploads\/2023\/03\/DN00100171-Vinyl-sticker-Lancia-Achterzijde-silhouette-Integrale-EVO-glans-Blauw-2.jpg\",\"contentUrl\":\"https:\/\/turijnmagazijn.nl\/wp-content\/uploads\/2023\/03\/DN00100171-Vinyl-sticker-Lancia-Achterzijde-silhouette-Integrale-EVO-glans-Blauw-2.jpg\",\"width\":1024,\"height\":768},{\"@type\":\"BreadcrumbList\",\"@id\":\"https:\/\/turijnmagazijn.nl\/fr\/produit\/vinyle-sticker-lancia-back-silhouette-integral-evo-gloss-blue\/#breadcrumb\",\"itemListElement\":[{\"@type\":\"ListItem\",\"position\":1,\"name\":\"Home\",\"item\":\"https:\/\/turijnmagazijn.nl\/fr\/\"},{\"@type\":\"ListItem\",\"position\":2,\"name\":\"Produits\",\"item\":\"https:\/\/turijnmagazijn.nl\/fr\/shop\/\"},{\"@type\":\"ListItem\",\"position\":3,\"name\":\"Autocollant vinyle Lancia Silhouette arri\u00e8re Integral EVO gloss Bleu\"}]},{\"@type\":\"WebSite\",\"@id\":\"https:\/\/turijnmagazijn.jumpstone-dev.nl\/#website\",\"url\":\"https:\/\/turijnmagazijn.jumpstone-dev.nl\/\",\"name\":\"Turijnmagazijn\",\"description\":\"Onderdelen nieuw en gebruikt - Fiat &amp; Lancia\",\"publisher\":{\"@id\":\"https:\/\/turijnmagazijn.jumpstone-dev.nl\/#organization\"},\"potentialAction\":[{\"@type\":\"SearchAction\",\"target\":{\"@type\":\"EntryPoint\",\"urlTemplate\":\"https:\/\/turijnmagazijn.jumpstone-dev.nl\/?s={search_term_string}\"},\"query-input\":{\"@type\":\"PropertyValueSpecification\",\"valueRequired\":true,\"valueName\":\"search_term_string\"}}],\"inLanguage\":\"fr-FR\"},{\"@type\":\"Organization\",\"@id\":\"https:\/\/turijnmagazijn.jumpstone-dev.nl\/#organization\",\"name\":\"Turijnmagazijn\",\"url\":\"https:\/\/turijnmagazijn.jumpstone-dev.nl\/\",\"logo\":{\"@type\":\"ImageObject\",\"inLanguage\":\"fr-FR\",\"@id\":\"https:\/\/turijnmagazijn.jumpstone-dev.nl\/#\/schema\/logo\/image\/\",\"url\":\"https:\/\/turijnmagazijn.nl\/wp-content\/uploads\/2021\/02\/turijnmagazijnlogo.png\",\"contentUrl\":\"https:\/\/turijnmagazijn.nl\/wp-content\/uploads\/2021\/02\/turijnmagazijnlogo.png\",\"width\":555,\"height\":270,\"caption\":\"Turijnmagazijn\"},\"image\":{\"@id\":\"https:\/\/turijnmagazijn.jumpstone-dev.nl\/#\/schema\/logo\/image\/\"},\"sameAs\":[\"https:\/\/www.facebook.com\/turijnmagazijn\"]}]}<\/script>\n<!-- \/ Yoast SEO plugin. -->","yoast_head_json":{"title":"Autocollant vinyle Lancia Silhouette arri\u00e8re Integral EVO gloss Bleu - Turijnmagazijn","robots":{"index":"index","follow":"follow","max-snippet":"max-snippet:-1","max-image-preview":"max-image-preview:large","max-video-preview":"max-video-preview:-1"},"canonical":"https:\/\/turijnmagazijn.nl\/fr\/produit\/vinyle-sticker-lancia-back-silhouette-integral-evo-gloss-blue\/","og_locale":"fr_FR","og_type":"article","og_title":"Autocollant vinyle Lancia Silhouette arri\u00e8re Integral EVO gloss Bleu - Turijnmagazijn","og_description":"Autocollant vinyle Lancia - Nouveau sticker vinyle Lancia.Autocollant vinyle Lancia Delta - Nouveau sticker vinyle Lancia.Autocollant vinyle Lancia Silhouette arri\u00e8re Integral EVO gloss Blue - Nouveau sticker vinyle d\u2019une silhouette de l\u2019arri\u00e8re d\u2019une Lancia De","og_url":"https:\/\/turijnmagazijn.nl\/fr\/produit\/vinyle-sticker-lancia-back-silhouette-integral-evo-gloss-blue\/","og_site_name":"Turijnmagazijn","article_publisher":"https:\/\/www.facebook.com\/turijnmagazijn","article_modified_time":"2023-07-27T10:39:55+00:00","og_image":[{"width":1024,"height":768,"url":"https:\/\/turijnmagazijn.nl\/wp-content\/uploads\/2023\/03\/DN00100171-Vinyl-sticker-Lancia-Achterzijde-silhouette-Integrale-EVO-glans-Blauw-2.jpg","type":"image\/jpeg"}],"twitter_card":"summary_large_image","twitter_misc":{"Dur\u00e9e de lecture estim\u00e9e":"1 minute"},"schema":{"@context":"https:\/\/schema.org","@graph":[{"@type":"WebPage","@id":"https:\/\/turijnmagazijn.nl\/fr\/produit\/vinyle-sticker-lancia-back-silhouette-integral-evo-gloss-blue\/","url":"https:\/\/turijnmagazijn.nl\/fr\/produit\/vinyle-sticker-lancia-back-silhouette-integral-evo-gloss-blue\/","name":"Autocollant vinyle Lancia Silhouette arri\u00e8re Integral EVO gloss Bleu - Turijnmagazijn","isPartOf":{"@id":"https:\/\/turijnmagazijn.jumpstone-dev.nl\/#website"},"primaryImageOfPage":{"@id":"https:\/\/turijnmagazijn.nl\/fr\/produit\/vinyle-sticker-lancia-back-silhouette-integral-evo-gloss-blue\/#primaryimage"},"image":{"@id":"https:\/\/turijnmagazijn.nl\/fr\/produit\/vinyle-sticker-lancia-back-silhouette-integral-evo-gloss-blue\/#primaryimage"},"thumbnailUrl":"https:\/\/turijnmagazijn.nl\/wp-content\/uploads\/2023\/03\/DN00100171-Vinyl-sticker-Lancia-Achterzijde-silhouette-Integrale-EVO-glans-Blauw-2.jpg","datePublished":"2023-03-03T08:55:28+00:00","dateModified":"2023-07-27T10:39:55+00:00","breadcrumb":{"@id":"https:\/\/turijnmagazijn.nl\/fr\/produit\/vinyle-sticker-lancia-back-silhouette-integral-evo-gloss-blue\/#breadcrumb"},"inLanguage":"fr-FR","potentialAction":[{"@type":"ReadAction","target":["https:\/\/turijnmagazijn.nl\/fr\/produit\/vinyle-sticker-lancia-back-silhouette-integral-evo-gloss-blue\/"]}]},{"@type":"ImageObject","inLanguage":"fr-FR","@id":"https:\/\/turijnmagazijn.nl\/fr\/produit\/vinyle-sticker-lancia-back-silhouette-integral-evo-gloss-blue\/#primaryimage","url":"https:\/\/turijnmagazijn.nl\/wp-content\/uploads\/2023\/03\/DN00100171-Vinyl-sticker-Lancia-Achterzijde-silhouette-Integrale-EVO-glans-Blauw-2.jpg","contentUrl":"https:\/\/turijnmagazijn.nl\/wp-content\/uploads\/2023\/03\/DN00100171-Vinyl-sticker-Lancia-Achterzijde-silhouette-Integrale-EVO-glans-Blauw-2.jpg","width":1024,"height":768},{"@type":"BreadcrumbList","@id":"https:\/\/turijnmagazijn.nl\/fr\/produit\/vinyle-sticker-lancia-back-silhouette-integral-evo-gloss-blue\/#breadcrumb","itemListElement":[{"@type":"ListItem","position":1,"name":"Home","item":"https:\/\/turijnmagazijn.nl\/fr\/"},{"@type":"ListItem","position":2,"name":"Produits","item":"https:\/\/turijnmagazijn.nl\/fr\/shop\/"},{"@type":"ListItem","position":3,"name":"Autocollant vinyle Lancia Silhouette arri\u00e8re Integral EVO gloss Bleu"}]},{"@type":"WebSite","@id":"https:\/\/turijnmagazijn.jumpstone-dev.nl\/#website","url":"https:\/\/turijnmagazijn.jumpstone-dev.nl\/","name":"Turijnmagazijn","description":"Onderdelen nieuw en gebruikt - Fiat &amp; Lancia","publisher":{"@id":"https:\/\/turijnmagazijn.jumpstone-dev.nl\/#organization"},"potentialAction":[{"@type":"SearchAction","target":{"@type":"EntryPoint","urlTemplate":"https:\/\/turijnmagazijn.jumpstone-dev.nl\/?s={search_term_string}"},"query-input":{"@type":"PropertyValueSpecification","valueRequired":true,"valueName":"search_term_string"}}],"inLanguage":"fr-FR"},{"@type":"Organization","@id":"https:\/\/turijnmagazijn.jumpstone-dev.nl\/#organization","name":"Turijnmagazijn","url":"https:\/\/turijnmagazijn.jumpstone-dev.nl\/","logo":{"@type":"ImageObject","inLanguage":"fr-FR","@id":"https:\/\/turijnmagazijn.jumpstone-dev.nl\/#\/schema\/logo\/image\/","url":"https:\/\/turijnmagazijn.nl\/wp-content\/uploads\/2021\/02\/turijnmagazijnlogo.png","contentUrl":"https:\/\/turijnmagazijn.nl\/wp-content\/uploads\/2021\/02\/turijnmagazijnlogo.png","width":555,"height":270,"caption":"Turijnmagazijn"},"image":{"@id":"https:\/\/turijnmagazijn.jumpstone-dev.nl\/#\/schema\/logo\/image\/"},"sameAs":["https:\/\/www.facebook.com\/turijnmagazijn"]}]}},"_links":{"self":[{"href":"https:\/\/turijnmagazijn.nl\/fr\/wp-json\/wp\/v2\/product\/66071","targetHints":{"allow":["GET"]}}],"collection":[{"href":"https:\/\/turijnmagazijn.nl\/fr\/wp-json\/wp\/v2\/product"}],"about":[{"href":"https:\/\/turijnmagazijn.nl\/fr\/wp-json\/wp\/v2\/types\/product"}],"replies":[{"embeddable":true,"href":"https:\/\/turijnmagazijn.nl\/fr\/wp-json\/wp\/v2\/comments?post=66071"}],"wp:featuredmedia":[{"embeddable":true,"href":"https:\/\/turijnmagazijn.nl\/fr\/wp-json\/wp\/v2\/media\/53828"}],"wp:attachment":[{"href":"https:\/\/turijnmagazijn.nl\/fr\/wp-json\/wp\/v2\/media?parent=66071"}],"wp:term":[{"taxonomy":"product_brand","embeddable":true,"href":"https:\/\/turijnmagazijn.nl\/fr\/wp-json\/wp\/v2\/product_brand?post=66071"},{"taxonomy":"product_cat","embeddable":true,"href":"https:\/\/turijnmagazijn.nl\/fr\/wp-json\/wp\/v2\/product_cat?post=66071"},{"taxonomy":"product_tag","embeddable":true,"href":"https:\/\/turijnmagazijn.nl\/fr\/wp-json\/wp\/v2\/product_tag?post=66071"}],"curies":[{"name":"wp","href":"https:\/\/api.w.org\/{rel}","templated":true}]}}