{"id":66153,"date":"2023-03-03T10:09:53","date_gmt":"2023-03-03T09:09:53","guid":{"rendered":"https:\/\/turijnmagazijn.nl\/product\/bague-arriere-sous-chassis-suspension-arriere-polyurethane-stilo-grande-punto-delta-iii-jeu-de-2\/"},"modified":"2025-04-17T20:37:21","modified_gmt":"2025-04-17T18:37:21","slug":"arriere-bague-sous-chassis-suspension-arriere-polyurethane-stilo-grande-punto-delta-iii-set-de-2","status":"publish","type":"product","link":"https:\/\/turijnmagazijn.nl\/fr\/produit\/arriere-bague-sous-chassis-suspension-arriere-polyurethane-stilo-grande-punto-delta-iii-set-de-2\/","title":{"rendered":"Bague arri\u00e8re, sous-ch\u00e2ssis, suspension arri\u00e8re, polyur\u00e9thane Stilo + Grande Punto + Delta III (jeu de 2)"},"content":{"rendered":"<p>Jeu de bagues en polyur\u00e9thane 4 pi\u00e8ces pour montage en suspension arri\u00e8re pour Fiat Stilo, applicable \u00e0 tous les mod\u00e8les: Abarth 3 portes, 5 portes et break. Cet ensemble de quatre pi\u00e8ces contient toutes les bagues pour le montage \u00e0 gauche et \u00e0 droite dans le sous-ch\u00e2ssis arri\u00e8re, un ensemble complet pour une voiture. Lorsque ces bus sont us\u00e9s, cela donne un coup dur lors de la prise de seuils et autres, le montage de ces bus r\u00e9sout ce probl\u00e8me. Les bagues sont mont\u00e9es dans le sous-ch\u00e2ssis arri\u00e8re. Le sous-ch\u00e2ssis porte les num\u00e9ros OEM suivants<\/p>\n<ul>\n<li><span style=\"font-size: 12px;\">50702651  <\/span><\/li>\n<li><span style=\"font-size: 12px;\">50703592<\/span><\/li>\n<li><span style=\"font-size: 12px;\">50702658<\/span><\/li>\n<li><span style=\"font-size: 12px;\">50703593<br \/>\n<\/span><\/li>\n<\/ul>\n<p>Bagues en polyur\u00e9thane de haute qualit\u00e9 pour remplacer les bagues en caoutchouc d\u2019origine. Le polyur\u00e9thane est un mat\u00e9riau moderne qui est tr\u00e8s r\u00e9sistant \u00e0 l\u2019usure, pas obsol\u00e8te et s\u2019il est correctement assembl\u00e9, n\u2019a plus jamais besoin d\u2019\u00eatre remplac\u00e9. Le polyur\u00e9thane est un peu plus rigide que le caoutchouc et donne donc une sensation plus serr\u00e9e de la suspension (sans devenir inconfortable) par rapport aux bagues en caoutchouc d\u2019origine.<\/p>\n<p>Nous sommes importateurs de ces autobus, qui vous sont exp\u00e9di\u00e9s directement par notre fabricant. En raison de l\u2019exp\u00e9dition internationale requise, le d\u00e9lai de livraison de ces bus est d\u2019environ 2 semaines, maximum 12 jours ouvrables.<\/p>\n<p>Un assemblage correct avec la graisse fournie est d\u2019une grande importance pour une dur\u00e9e de vie longue et silencieuse.<\/p>\n<p style=\"font-size: 12px;\"><span style=\"font-weight: bold;\">R\u00c9F\u00c9RENCE UNIQUEMENT<\/span> Num\u00e9ros OEM :<\/p>\n<p style=\"font-size: 12px;\"><span style=\"color: #636363; font-family: Arial, Helvetica, san-serif; font-size: 12px; line-height: normal;\"><br \/>\n51840600<\/span> <span style=\"color: #636363; font-family: Arial, Helvetica, san-serif; font-size: 12px; line-height: normal;\"><br \/>\n50706505<\/span> <span style=\"color: #636363; font-family: Arial, Helvetica, san-serif; font-size: 12px; line-height: normal;\">51812443<\/span><\/p>\n<p><span style=\"color: #636363; font-family: Arial, Helvetica, san-serif; line-height: normal;\">50706312<\/span><\/p>\n","protected":false},"excerpt":{"rendered":"<p>Douille arri\u00e8re sous-ch\u00e2ssis suspension arri\u00e8re en polyur\u00e9thane Fiat Stilo &#8211; 4 pi\u00e8ces douilles en polyur\u00e9thane pour montage dans la suspension arri\u00e8re pour Fiat Stilo, applicable \u00e0 tous les mod\u00e8les: Abarth 3 portes, 5 portes et break.Sous-ch\u00e2ssis de bus arri\u00e8re huit<\/p>\n","protected":false},"featured_media":55808,"comment_status":"open","ping_status":"closed","template":"","meta":{"_acf_changed":false},"product_brand":[],"product_cat":[1766,1769,1855,1690,1731,1798,1774,1763],"product_tag":[],"class_list":{"0":"post-66153","1":"product","2":"type-product","3":"status-publish","4":"has-post-thumbnail","6":"product_cat-5drs-fr","7":"product_cat-abarth-3drs-fr","8":"product_cat-delta-3-844-fr","9":"product_cat-fiat-fr","10":"product_cat-grande-punto-199-fr","11":"product_cat-lancia-fr","12":"product_cat-multiwagon-fr","13":"product_cat-stilo-192-fr","14":"pa_soort-onderdeel-suspension-et-chassis","16":"first","17":"instock","18":"sale","19":"taxable","20":"shipping-taxable","21":"purchasable","22":"product-type-simple"},"acf":[],"yoast_head":"<!-- This site is optimized with the Yoast SEO plugin v27.3 - https:\/\/yoast.com\/product\/yoast-seo-wordpress\/ -->\n<title>Bague arri\u00e8re, sous-ch\u00e2ssis, suspension arri\u00e8re, polyur\u00e9thane Stilo + Grande Punto + Delta III (jeu de 2) - Turijnmagazijn<\/title>\n<meta name=\"robots\" content=\"index, follow, max-snippet:-1, max-image-preview:large, max-video-preview:-1\" \/>\n<link rel=\"canonical\" href=\"https:\/\/turijnmagazijn.nl\/fr\/produit\/arriere-bague-sous-chassis-suspension-arriere-polyurethane-stilo-grande-punto-delta-iii-set-de-2\/\" \/>\n<meta property=\"og:locale\" content=\"fr_FR\" \/>\n<meta property=\"og:type\" content=\"article\" \/>\n<meta property=\"og:title\" content=\"Bague arri\u00e8re, sous-ch\u00e2ssis, suspension arri\u00e8re, polyur\u00e9thane Stilo + Grande Punto + Delta III (jeu de 2) - Turijnmagazijn\" \/>\n<meta property=\"og:description\" content=\"Douille arri\u00e8re sous-ch\u00e2ssis suspension arri\u00e8re en polyur\u00e9thane Fiat Stilo - 4 pi\u00e8ces douilles en polyur\u00e9thane pour montage dans la suspension arri\u00e8re pour Fiat Stilo, applicable \u00e0 tous les mod\u00e8les: Abarth 3 portes, 5 portes et break.Sous-ch\u00e2ssis de bus arri\u00e8re huit\" \/>\n<meta property=\"og:url\" content=\"https:\/\/turijnmagazijn.nl\/fr\/produit\/arriere-bague-sous-chassis-suspension-arriere-polyurethane-stilo-grande-punto-delta-iii-set-de-2\/\" \/>\n<meta property=\"og:site_name\" content=\"Turijnmagazijn\" \/>\n<meta property=\"article:publisher\" content=\"https:\/\/www.facebook.com\/turijnmagazijn\" \/>\n<meta property=\"article:modified_time\" content=\"2025-04-17T18:37:21+00:00\" \/>\n<meta property=\"og:image\" content=\"https:\/\/turijnmagazijn.nl\/wp-content\/uploads\/2023\/03\/PU00100001_Achterste_bus_subframe_achterzijde_ophanging_polyurethaan_Fiat_Stilo_3-1.jpg\" \/>\n\t<meta property=\"og:image:width\" content=\"800\" \/>\n\t<meta property=\"og:image:height\" content=\"600\" \/>\n\t<meta property=\"og:image:type\" content=\"image\/jpeg\" \/>\n<meta name=\"twitter:card\" content=\"summary_large_image\" \/>\n<meta name=\"twitter:label1\" content=\"Dur\u00e9e de lecture estim\u00e9e\" \/>\n\t<meta name=\"twitter:data1\" content=\"1 minute\" \/>\n<script type=\"application\/ld+json\" class=\"yoast-schema-graph\">{\"@context\":\"https:\\\/\\\/schema.org\",\"@graph\":[{\"@type\":\"WebPage\",\"@id\":\"https:\\\/\\\/turijnmagazijn.nl\\\/fr\\\/produit\\\/arriere-bague-sous-chassis-suspension-arriere-polyurethane-stilo-grande-punto-delta-iii-set-de-2\\\/\",\"url\":\"https:\\\/\\\/turijnmagazijn.nl\\\/fr\\\/produit\\\/arriere-bague-sous-chassis-suspension-arriere-polyurethane-stilo-grande-punto-delta-iii-set-de-2\\\/\",\"name\":\"Bague arri\u00e8re, sous-ch\u00e2ssis, suspension arri\u00e8re, polyur\u00e9thane Stilo + Grande Punto + Delta III (jeu de 2) - Turijnmagazijn\",\"isPartOf\":{\"@id\":\"https:\\\/\\\/turijnmagazijn.jumpstone-dev.nl\\\/#website\"},\"primaryImageOfPage\":{\"@id\":\"https:\\\/\\\/turijnmagazijn.nl\\\/fr\\\/produit\\\/arriere-bague-sous-chassis-suspension-arriere-polyurethane-stilo-grande-punto-delta-iii-set-de-2\\\/#primaryimage\"},\"image\":{\"@id\":\"https:\\\/\\\/turijnmagazijn.nl\\\/fr\\\/produit\\\/arriere-bague-sous-chassis-suspension-arriere-polyurethane-stilo-grande-punto-delta-iii-set-de-2\\\/#primaryimage\"},\"thumbnailUrl\":\"https:\\\/\\\/turijnmagazijn.nl\\\/wp-content\\\/uploads\\\/2023\\\/03\\\/PU00100001_Achterste_bus_subframe_achterzijde_ophanging_polyurethaan_Fiat_Stilo_3-1.jpg\",\"datePublished\":\"2023-03-03T09:09:53+00:00\",\"dateModified\":\"2025-04-17T18:37:21+00:00\",\"breadcrumb\":{\"@id\":\"https:\\\/\\\/turijnmagazijn.nl\\\/fr\\\/produit\\\/arriere-bague-sous-chassis-suspension-arriere-polyurethane-stilo-grande-punto-delta-iii-set-de-2\\\/#breadcrumb\"},\"inLanguage\":\"fr-FR\",\"potentialAction\":[{\"@type\":\"ReadAction\",\"target\":[\"https:\\\/\\\/turijnmagazijn.nl\\\/fr\\\/produit\\\/arriere-bague-sous-chassis-suspension-arriere-polyurethane-stilo-grande-punto-delta-iii-set-de-2\\\/\"]}]},{\"@type\":\"ImageObject\",\"inLanguage\":\"fr-FR\",\"@id\":\"https:\\\/\\\/turijnmagazijn.nl\\\/fr\\\/produit\\\/arriere-bague-sous-chassis-suspension-arriere-polyurethane-stilo-grande-punto-delta-iii-set-de-2\\\/#primaryimage\",\"url\":\"https:\\\/\\\/turijnmagazijn.nl\\\/wp-content\\\/uploads\\\/2023\\\/03\\\/PU00100001_Achterste_bus_subframe_achterzijde_ophanging_polyurethaan_Fiat_Stilo_3-1.jpg\",\"contentUrl\":\"https:\\\/\\\/turijnmagazijn.nl\\\/wp-content\\\/uploads\\\/2023\\\/03\\\/PU00100001_Achterste_bus_subframe_achterzijde_ophanging_polyurethaan_Fiat_Stilo_3-1.jpg\",\"width\":800,\"height\":600},{\"@type\":\"BreadcrumbList\",\"@id\":\"https:\\\/\\\/turijnmagazijn.nl\\\/fr\\\/produit\\\/arriere-bague-sous-chassis-suspension-arriere-polyurethane-stilo-grande-punto-delta-iii-set-de-2\\\/#breadcrumb\",\"itemListElement\":[{\"@type\":\"ListItem\",\"position\":1,\"name\":\"Home\",\"item\":\"https:\\\/\\\/turijnmagazijn.nl\\\/fr\\\/\"},{\"@type\":\"ListItem\",\"position\":2,\"name\":\"Produits\",\"item\":\"https:\\\/\\\/turijnmagazijn.nl\\\/fr\\\/shop\\\/\"},{\"@type\":\"ListItem\",\"position\":3,\"name\":\"Bague arri\u00e8re, sous-ch\u00e2ssis, suspension arri\u00e8re, polyur\u00e9thane Stilo + Grande Punto + Delta III (jeu de 2)\"}]},{\"@type\":\"WebSite\",\"@id\":\"https:\\\/\\\/turijnmagazijn.jumpstone-dev.nl\\\/#website\",\"url\":\"https:\\\/\\\/turijnmagazijn.jumpstone-dev.nl\\\/\",\"name\":\"Turijnmagazijn\",\"description\":\"Onderdelen nieuw en gebruikt - Fiat &amp; Lancia\",\"publisher\":{\"@id\":\"https:\\\/\\\/turijnmagazijn.jumpstone-dev.nl\\\/#organization\"},\"potentialAction\":[{\"@type\":\"SearchAction\",\"target\":{\"@type\":\"EntryPoint\",\"urlTemplate\":\"https:\\\/\\\/turijnmagazijn.jumpstone-dev.nl\\\/?s={search_term_string}\"},\"query-input\":{\"@type\":\"PropertyValueSpecification\",\"valueRequired\":true,\"valueName\":\"search_term_string\"}}],\"inLanguage\":\"fr-FR\"},{\"@type\":\"Organization\",\"@id\":\"https:\\\/\\\/turijnmagazijn.jumpstone-dev.nl\\\/#organization\",\"name\":\"Turijnmagazijn\",\"url\":\"https:\\\/\\\/turijnmagazijn.jumpstone-dev.nl\\\/\",\"logo\":{\"@type\":\"ImageObject\",\"inLanguage\":\"fr-FR\",\"@id\":\"https:\\\/\\\/turijnmagazijn.jumpstone-dev.nl\\\/#\\\/schema\\\/logo\\\/image\\\/\",\"url\":\"https:\\\/\\\/turijnmagazijn.nl\\\/wp-content\\\/uploads\\\/2021\\\/02\\\/turijnmagazijnlogo.png\",\"contentUrl\":\"https:\\\/\\\/turijnmagazijn.nl\\\/wp-content\\\/uploads\\\/2021\\\/02\\\/turijnmagazijnlogo.png\",\"width\":555,\"height\":270,\"caption\":\"Turijnmagazijn\"},\"image\":{\"@id\":\"https:\\\/\\\/turijnmagazijn.jumpstone-dev.nl\\\/#\\\/schema\\\/logo\\\/image\\\/\"},\"sameAs\":[\"https:\\\/\\\/www.facebook.com\\\/turijnmagazijn\"]}]}<\/script>\n<!-- \/ Yoast SEO plugin. -->","yoast_head_json":{"title":"Bague arri\u00e8re, sous-ch\u00e2ssis, suspension arri\u00e8re, polyur\u00e9thane Stilo + Grande Punto + Delta III (jeu de 2) - Turijnmagazijn","robots":{"index":"index","follow":"follow","max-snippet":"max-snippet:-1","max-image-preview":"max-image-preview:large","max-video-preview":"max-video-preview:-1"},"canonical":"https:\/\/turijnmagazijn.nl\/fr\/produit\/arriere-bague-sous-chassis-suspension-arriere-polyurethane-stilo-grande-punto-delta-iii-set-de-2\/","og_locale":"fr_FR","og_type":"article","og_title":"Bague arri\u00e8re, sous-ch\u00e2ssis, suspension arri\u00e8re, polyur\u00e9thane Stilo + Grande Punto + Delta III (jeu de 2) - Turijnmagazijn","og_description":"Douille arri\u00e8re sous-ch\u00e2ssis suspension arri\u00e8re en polyur\u00e9thane Fiat Stilo - 4 pi\u00e8ces douilles en polyur\u00e9thane pour montage dans la suspension arri\u00e8re pour Fiat Stilo, applicable \u00e0 tous les mod\u00e8les: Abarth 3 portes, 5 portes et break.Sous-ch\u00e2ssis de bus arri\u00e8re huit","og_url":"https:\/\/turijnmagazijn.nl\/fr\/produit\/arriere-bague-sous-chassis-suspension-arriere-polyurethane-stilo-grande-punto-delta-iii-set-de-2\/","og_site_name":"Turijnmagazijn","article_publisher":"https:\/\/www.facebook.com\/turijnmagazijn","article_modified_time":"2025-04-17T18:37:21+00:00","og_image":[{"width":800,"height":600,"url":"https:\/\/turijnmagazijn.nl\/wp-content\/uploads\/2023\/03\/PU00100001_Achterste_bus_subframe_achterzijde_ophanging_polyurethaan_Fiat_Stilo_3-1.jpg","type":"image\/jpeg"}],"twitter_card":"summary_large_image","twitter_misc":{"Dur\u00e9e de lecture estim\u00e9e":"1 minute"},"schema":{"@context":"https:\/\/schema.org","@graph":[{"@type":"WebPage","@id":"https:\/\/turijnmagazijn.nl\/fr\/produit\/arriere-bague-sous-chassis-suspension-arriere-polyurethane-stilo-grande-punto-delta-iii-set-de-2\/","url":"https:\/\/turijnmagazijn.nl\/fr\/produit\/arriere-bague-sous-chassis-suspension-arriere-polyurethane-stilo-grande-punto-delta-iii-set-de-2\/","name":"Bague arri\u00e8re, sous-ch\u00e2ssis, suspension arri\u00e8re, polyur\u00e9thane Stilo + Grande Punto + Delta III (jeu de 2) - Turijnmagazijn","isPartOf":{"@id":"https:\/\/turijnmagazijn.jumpstone-dev.nl\/#website"},"primaryImageOfPage":{"@id":"https:\/\/turijnmagazijn.nl\/fr\/produit\/arriere-bague-sous-chassis-suspension-arriere-polyurethane-stilo-grande-punto-delta-iii-set-de-2\/#primaryimage"},"image":{"@id":"https:\/\/turijnmagazijn.nl\/fr\/produit\/arriere-bague-sous-chassis-suspension-arriere-polyurethane-stilo-grande-punto-delta-iii-set-de-2\/#primaryimage"},"thumbnailUrl":"https:\/\/turijnmagazijn.nl\/wp-content\/uploads\/2023\/03\/PU00100001_Achterste_bus_subframe_achterzijde_ophanging_polyurethaan_Fiat_Stilo_3-1.jpg","datePublished":"2023-03-03T09:09:53+00:00","dateModified":"2025-04-17T18:37:21+00:00","breadcrumb":{"@id":"https:\/\/turijnmagazijn.nl\/fr\/produit\/arriere-bague-sous-chassis-suspension-arriere-polyurethane-stilo-grande-punto-delta-iii-set-de-2\/#breadcrumb"},"inLanguage":"fr-FR","potentialAction":[{"@type":"ReadAction","target":["https:\/\/turijnmagazijn.nl\/fr\/produit\/arriere-bague-sous-chassis-suspension-arriere-polyurethane-stilo-grande-punto-delta-iii-set-de-2\/"]}]},{"@type":"ImageObject","inLanguage":"fr-FR","@id":"https:\/\/turijnmagazijn.nl\/fr\/produit\/arriere-bague-sous-chassis-suspension-arriere-polyurethane-stilo-grande-punto-delta-iii-set-de-2\/#primaryimage","url":"https:\/\/turijnmagazijn.nl\/wp-content\/uploads\/2023\/03\/PU00100001_Achterste_bus_subframe_achterzijde_ophanging_polyurethaan_Fiat_Stilo_3-1.jpg","contentUrl":"https:\/\/turijnmagazijn.nl\/wp-content\/uploads\/2023\/03\/PU00100001_Achterste_bus_subframe_achterzijde_ophanging_polyurethaan_Fiat_Stilo_3-1.jpg","width":800,"height":600},{"@type":"BreadcrumbList","@id":"https:\/\/turijnmagazijn.nl\/fr\/produit\/arriere-bague-sous-chassis-suspension-arriere-polyurethane-stilo-grande-punto-delta-iii-set-de-2\/#breadcrumb","itemListElement":[{"@type":"ListItem","position":1,"name":"Home","item":"https:\/\/turijnmagazijn.nl\/fr\/"},{"@type":"ListItem","position":2,"name":"Produits","item":"https:\/\/turijnmagazijn.nl\/fr\/shop\/"},{"@type":"ListItem","position":3,"name":"Bague arri\u00e8re, sous-ch\u00e2ssis, suspension arri\u00e8re, polyur\u00e9thane Stilo + Grande Punto + Delta III (jeu de 2)"}]},{"@type":"WebSite","@id":"https:\/\/turijnmagazijn.jumpstone-dev.nl\/#website","url":"https:\/\/turijnmagazijn.jumpstone-dev.nl\/","name":"Turijnmagazijn","description":"Onderdelen nieuw en gebruikt - Fiat &amp; Lancia","publisher":{"@id":"https:\/\/turijnmagazijn.jumpstone-dev.nl\/#organization"},"potentialAction":[{"@type":"SearchAction","target":{"@type":"EntryPoint","urlTemplate":"https:\/\/turijnmagazijn.jumpstone-dev.nl\/?s={search_term_string}"},"query-input":{"@type":"PropertyValueSpecification","valueRequired":true,"valueName":"search_term_string"}}],"inLanguage":"fr-FR"},{"@type":"Organization","@id":"https:\/\/turijnmagazijn.jumpstone-dev.nl\/#organization","name":"Turijnmagazijn","url":"https:\/\/turijnmagazijn.jumpstone-dev.nl\/","logo":{"@type":"ImageObject","inLanguage":"fr-FR","@id":"https:\/\/turijnmagazijn.jumpstone-dev.nl\/#\/schema\/logo\/image\/","url":"https:\/\/turijnmagazijn.nl\/wp-content\/uploads\/2021\/02\/turijnmagazijnlogo.png","contentUrl":"https:\/\/turijnmagazijn.nl\/wp-content\/uploads\/2021\/02\/turijnmagazijnlogo.png","width":555,"height":270,"caption":"Turijnmagazijn"},"image":{"@id":"https:\/\/turijnmagazijn.jumpstone-dev.nl\/#\/schema\/logo\/image\/"},"sameAs":["https:\/\/www.facebook.com\/turijnmagazijn"]}]}},"_links":{"self":[{"href":"https:\/\/turijnmagazijn.nl\/fr\/wp-json\/wp\/v2\/product\/66153","targetHints":{"allow":["GET"]}}],"collection":[{"href":"https:\/\/turijnmagazijn.nl\/fr\/wp-json\/wp\/v2\/product"}],"about":[{"href":"https:\/\/turijnmagazijn.nl\/fr\/wp-json\/wp\/v2\/types\/product"}],"replies":[{"embeddable":true,"href":"https:\/\/turijnmagazijn.nl\/fr\/wp-json\/wp\/v2\/comments?post=66153"}],"wp:featuredmedia":[{"embeddable":true,"href":"https:\/\/turijnmagazijn.nl\/fr\/wp-json\/wp\/v2\/media\/55808"}],"wp:attachment":[{"href":"https:\/\/turijnmagazijn.nl\/fr\/wp-json\/wp\/v2\/media?parent=66153"}],"wp:term":[{"taxonomy":"product_brand","embeddable":true,"href":"https:\/\/turijnmagazijn.nl\/fr\/wp-json\/wp\/v2\/product_brand?post=66153"},{"taxonomy":"product_cat","embeddable":true,"href":"https:\/\/turijnmagazijn.nl\/fr\/wp-json\/wp\/v2\/product_cat?post=66153"},{"taxonomy":"product_tag","embeddable":true,"href":"https:\/\/turijnmagazijn.nl\/fr\/wp-json\/wp\/v2\/product_tag?post=66153"}],"curies":[{"name":"wp","href":"https:\/\/api.w.org\/{rel}","templated":true}]}}