{"id":66154,"date":"2023-03-03T10:10:45","date_gmt":"2023-03-03T09:10:45","guid":{"rendered":"https:\/\/turijnmagazijn.nl\/product\/suspension-avant-complete-ensemble-polyurethane-lancia-thesis-jeu-de-8\/"},"modified":"2025-04-17T15:32:53","modified_gmt":"2025-04-17T13:32:53","slug":"complet-suspension-avant-polyurethane-set-lancia-these-set-de-8","status":"publish","type":"product","link":"https:\/\/turijnmagazijn.nl\/fr\/produit\/complet-suspension-avant-polyurethane-set-lancia-these-set-de-8\/","title":{"rendered":"Suspension avant compl\u00e8te ensemble polyur\u00e9thane Lancia Thesis (jeu de 8)"},"content":{"rendered":"<p>Ensemble complet compos\u00e9 de 8 bagues en polyur\u00e9thane pour remplacer les bagues en caoutchouc d\u2019origine de la suspension avant de Lancia Thesis. L\u2019ensemble comprend toutes les bagues ombr\u00e9es dans l\u2019image dans la bonne quantit\u00e9 pour 1 voiture. Avec cet ensemble, l\u2019avant gauche et l\u2019avant droit sont \u00e9quip\u00e9s de nouveaux bus.<\/p>\n<p>Bagues en polyur\u00e9thane de haute qualit\u00e9 pour remplacer les bagues en caoutchouc d\u2019origine. Le polyur\u00e9thane est un mat\u00e9riau moderne qui est tr\u00e8s r\u00e9sistant \u00e0 l\u2019usure, pas obsol\u00e8te et s\u2019il est correctement assembl\u00e9, n\u2019a plus jamais besoin d\u2019\u00eatre remplac\u00e9. Le polyur\u00e9thane est un peu plus rigide que le caoutchouc et donne donc une sensation plus serr\u00e9e de la suspension (sans devenir inconfortable) par rapport au caoutchouc d\u2019origine.<\/p>\n<p>Nous sommes importateurs de ces autobus, qui vous sont exp\u00e9di\u00e9s directement par notre fabricant. En raison de l\u2019exp\u00e9dition internationale requise, le d\u00e9lai de livraison de ces bus est d\u2019environ 2 semaines, maximum 12 jours ouvrables.<\/p>\n<p>Un assemblage correct avec la graisse fournie est d\u2019une grande importance pour une dur\u00e9e de vie longue et silencieuse.<\/p>\n<p style=\"margin-bottom: 10px; font-size: 12px; line-height: 20px;\"><span style=\"font-weight: bold;\">R\u00c9F\u00c9RENCE OEM UNIQUEMENT<br \/>\n<\/span><\/p>\n<div style=\"font-size: 12px; line-height: 20px;\"><span style=\"font-size: 12px; text-align: center;\"><br \/>\n60678239<\/span> <span style=\"text-align: center; font-size: 12px;\"><br \/>\n60678238<\/span> <span style=\"text-align: center; font-size: 12px;\">60678241<\/span><\/div>\n<div style=\"font-size: 12px; line-height: 20px;\"><span style=\"font-size: 12px; text-align: center;\">46844502<\/span><br style=\"font-size: 12px; text-align: center;\"><span style=\"font-size: 12px; text-align: center;\"><br \/>\n60675743<\/span> <span style=\"font-size: 12px; text-align: -webkit-center;\"><\/p>\n<p>60680200 60680201 46844503<br \/>\n46844504<\/span><span style=\"font-size: 12px;\"> <\/span><\/div>\n<p>&nbsp;<\/p>\n","protected":false},"excerpt":{"rendered":"<p>Ensemble complet de suspension avant en polyur\u00e9thane Lancia Thesis (jeu de 8) &#8211; Ensemble complet compos\u00e9 de 8 bagues en polyur\u00e9thane pour remplacer les bagues en caoutchouc d\u2019origine pour la suspension avant de Lancia Thesis.NON DISPONIBLE Ramassage complet<\/p>\n","protected":false},"featured_media":55872,"comment_status":"closed","ping_status":"closed","template":"","meta":{"_acf_changed":false},"product_brand":[],"product_cat":[1798,1908],"product_tag":[],"class_list":{"0":"post-66154","1":"product","2":"type-product","3":"status-publish","4":"has-post-thumbnail","6":"product_cat-lancia-fr","7":"product_cat-thesis-841-fr","8":"pa_soort-onderdeel-suspension-et-chassis","10":"first","11":"instock","12":"taxable","13":"shipping-taxable","14":"purchasable","15":"product-type-simple"},"acf":[],"yoast_head":"<!-- This site is optimized with the Yoast SEO plugin v27.3 - https:\/\/yoast.com\/product\/yoast-seo-wordpress\/ -->\n<title>Suspension avant compl\u00e8te ensemble polyur\u00e9thane Lancia Thesis (jeu de 8) - Turijnmagazijn<\/title>\n<meta name=\"robots\" content=\"index, follow, max-snippet:-1, max-image-preview:large, max-video-preview:-1\" \/>\n<link rel=\"canonical\" href=\"https:\/\/turijnmagazijn.nl\/fr\/produit\/complet-suspension-avant-polyurethane-set-lancia-these-set-de-8\/\" \/>\n<meta property=\"og:locale\" content=\"fr_FR\" \/>\n<meta property=\"og:type\" content=\"article\" \/>\n<meta property=\"og:title\" content=\"Suspension avant compl\u00e8te ensemble polyur\u00e9thane Lancia Thesis (jeu de 8) - Turijnmagazijn\" \/>\n<meta property=\"og:description\" content=\"Ensemble complet de suspension avant en polyur\u00e9thane Lancia Thesis (jeu de 8) - Ensemble complet compos\u00e9 de 8 bagues en polyur\u00e9thane pour remplacer les bagues en caoutchouc d\u2019origine pour la suspension avant de Lancia Thesis.NON DISPONIBLE Ramassage complet\" \/>\n<meta property=\"og:url\" content=\"https:\/\/turijnmagazijn.nl\/fr\/produit\/complet-suspension-avant-polyurethane-set-lancia-these-set-de-8\/\" \/>\n<meta property=\"og:site_name\" content=\"Turijnmagazijn\" \/>\n<meta property=\"article:publisher\" content=\"https:\/\/www.facebook.com\/turijnmagazijn\" \/>\n<meta property=\"article:modified_time\" content=\"2025-04-17T13:32:53+00:00\" \/>\n<meta property=\"og:image\" content=\"https:\/\/turijnmagazijn.nl\/wp-content\/uploads\/2023\/03\/PU00100016-Complete-ophanging-voorzijde-polyurethaan-set-Lancia-Thesis-set-van-8-3.jpg\" \/>\n\t<meta property=\"og:image:width\" content=\"1024\" \/>\n\t<meta property=\"og:image:height\" content=\"768\" \/>\n\t<meta property=\"og:image:type\" content=\"image\/jpeg\" \/>\n<meta name=\"twitter:card\" content=\"summary_large_image\" \/>\n<meta name=\"twitter:label1\" content=\"Dur\u00e9e de lecture estim\u00e9e\" \/>\n\t<meta name=\"twitter:data1\" content=\"1 minute\" \/>\n<script type=\"application\/ld+json\" class=\"yoast-schema-graph\">{\"@context\":\"https:\\\/\\\/schema.org\",\"@graph\":[{\"@type\":\"WebPage\",\"@id\":\"https:\\\/\\\/turijnmagazijn.nl\\\/fr\\\/produit\\\/complet-suspension-avant-polyurethane-set-lancia-these-set-de-8\\\/\",\"url\":\"https:\\\/\\\/turijnmagazijn.nl\\\/fr\\\/produit\\\/complet-suspension-avant-polyurethane-set-lancia-these-set-de-8\\\/\",\"name\":\"Suspension avant compl\u00e8te ensemble polyur\u00e9thane Lancia Thesis (jeu de 8) - Turijnmagazijn\",\"isPartOf\":{\"@id\":\"https:\\\/\\\/turijnmagazijn.jumpstone-dev.nl\\\/#website\"},\"primaryImageOfPage\":{\"@id\":\"https:\\\/\\\/turijnmagazijn.nl\\\/fr\\\/produit\\\/complet-suspension-avant-polyurethane-set-lancia-these-set-de-8\\\/#primaryimage\"},\"image\":{\"@id\":\"https:\\\/\\\/turijnmagazijn.nl\\\/fr\\\/produit\\\/complet-suspension-avant-polyurethane-set-lancia-these-set-de-8\\\/#primaryimage\"},\"thumbnailUrl\":\"https:\\\/\\\/turijnmagazijn.nl\\\/wp-content\\\/uploads\\\/2023\\\/03\\\/PU00100016-Complete-ophanging-voorzijde-polyurethaan-set-Lancia-Thesis-set-van-8-3.jpg\",\"datePublished\":\"2023-03-03T09:10:45+00:00\",\"dateModified\":\"2025-04-17T13:32:53+00:00\",\"breadcrumb\":{\"@id\":\"https:\\\/\\\/turijnmagazijn.nl\\\/fr\\\/produit\\\/complet-suspension-avant-polyurethane-set-lancia-these-set-de-8\\\/#breadcrumb\"},\"inLanguage\":\"fr-FR\",\"potentialAction\":[{\"@type\":\"ReadAction\",\"target\":[\"https:\\\/\\\/turijnmagazijn.nl\\\/fr\\\/produit\\\/complet-suspension-avant-polyurethane-set-lancia-these-set-de-8\\\/\"]}]},{\"@type\":\"ImageObject\",\"inLanguage\":\"fr-FR\",\"@id\":\"https:\\\/\\\/turijnmagazijn.nl\\\/fr\\\/produit\\\/complet-suspension-avant-polyurethane-set-lancia-these-set-de-8\\\/#primaryimage\",\"url\":\"https:\\\/\\\/turijnmagazijn.nl\\\/wp-content\\\/uploads\\\/2023\\\/03\\\/PU00100016-Complete-ophanging-voorzijde-polyurethaan-set-Lancia-Thesis-set-van-8-3.jpg\",\"contentUrl\":\"https:\\\/\\\/turijnmagazijn.nl\\\/wp-content\\\/uploads\\\/2023\\\/03\\\/PU00100016-Complete-ophanging-voorzijde-polyurethaan-set-Lancia-Thesis-set-van-8-3.jpg\",\"width\":1024,\"height\":768},{\"@type\":\"BreadcrumbList\",\"@id\":\"https:\\\/\\\/turijnmagazijn.nl\\\/fr\\\/produit\\\/complet-suspension-avant-polyurethane-set-lancia-these-set-de-8\\\/#breadcrumb\",\"itemListElement\":[{\"@type\":\"ListItem\",\"position\":1,\"name\":\"Home\",\"item\":\"https:\\\/\\\/turijnmagazijn.nl\\\/fr\\\/\"},{\"@type\":\"ListItem\",\"position\":2,\"name\":\"Produits\",\"item\":\"https:\\\/\\\/turijnmagazijn.nl\\\/fr\\\/shop\\\/\"},{\"@type\":\"ListItem\",\"position\":3,\"name\":\"Suspension avant compl\u00e8te ensemble polyur\u00e9thane Lancia Thesis (jeu de 8)\"}]},{\"@type\":\"WebSite\",\"@id\":\"https:\\\/\\\/turijnmagazijn.jumpstone-dev.nl\\\/#website\",\"url\":\"https:\\\/\\\/turijnmagazijn.jumpstone-dev.nl\\\/\",\"name\":\"Turijnmagazijn\",\"description\":\"Onderdelen nieuw en gebruikt - Fiat &amp; Lancia\",\"publisher\":{\"@id\":\"https:\\\/\\\/turijnmagazijn.jumpstone-dev.nl\\\/#organization\"},\"potentialAction\":[{\"@type\":\"SearchAction\",\"target\":{\"@type\":\"EntryPoint\",\"urlTemplate\":\"https:\\\/\\\/turijnmagazijn.jumpstone-dev.nl\\\/?s={search_term_string}\"},\"query-input\":{\"@type\":\"PropertyValueSpecification\",\"valueRequired\":true,\"valueName\":\"search_term_string\"}}],\"inLanguage\":\"fr-FR\"},{\"@type\":\"Organization\",\"@id\":\"https:\\\/\\\/turijnmagazijn.jumpstone-dev.nl\\\/#organization\",\"name\":\"Turijnmagazijn\",\"url\":\"https:\\\/\\\/turijnmagazijn.jumpstone-dev.nl\\\/\",\"logo\":{\"@type\":\"ImageObject\",\"inLanguage\":\"fr-FR\",\"@id\":\"https:\\\/\\\/turijnmagazijn.jumpstone-dev.nl\\\/#\\\/schema\\\/logo\\\/image\\\/\",\"url\":\"https:\\\/\\\/turijnmagazijn.nl\\\/wp-content\\\/uploads\\\/2021\\\/02\\\/turijnmagazijnlogo.png\",\"contentUrl\":\"https:\\\/\\\/turijnmagazijn.nl\\\/wp-content\\\/uploads\\\/2021\\\/02\\\/turijnmagazijnlogo.png\",\"width\":555,\"height\":270,\"caption\":\"Turijnmagazijn\"},\"image\":{\"@id\":\"https:\\\/\\\/turijnmagazijn.jumpstone-dev.nl\\\/#\\\/schema\\\/logo\\\/image\\\/\"},\"sameAs\":[\"https:\\\/\\\/www.facebook.com\\\/turijnmagazijn\"]}]}<\/script>\n<!-- \/ Yoast SEO plugin. -->","yoast_head_json":{"title":"Suspension avant compl\u00e8te ensemble polyur\u00e9thane Lancia Thesis (jeu de 8) - Turijnmagazijn","robots":{"index":"index","follow":"follow","max-snippet":"max-snippet:-1","max-image-preview":"max-image-preview:large","max-video-preview":"max-video-preview:-1"},"canonical":"https:\/\/turijnmagazijn.nl\/fr\/produit\/complet-suspension-avant-polyurethane-set-lancia-these-set-de-8\/","og_locale":"fr_FR","og_type":"article","og_title":"Suspension avant compl\u00e8te ensemble polyur\u00e9thane Lancia Thesis (jeu de 8) - Turijnmagazijn","og_description":"Ensemble complet de suspension avant en polyur\u00e9thane Lancia Thesis (jeu de 8) - Ensemble complet compos\u00e9 de 8 bagues en polyur\u00e9thane pour remplacer les bagues en caoutchouc d\u2019origine pour la suspension avant de Lancia Thesis.NON DISPONIBLE Ramassage complet","og_url":"https:\/\/turijnmagazijn.nl\/fr\/produit\/complet-suspension-avant-polyurethane-set-lancia-these-set-de-8\/","og_site_name":"Turijnmagazijn","article_publisher":"https:\/\/www.facebook.com\/turijnmagazijn","article_modified_time":"2025-04-17T13:32:53+00:00","og_image":[{"width":1024,"height":768,"url":"https:\/\/turijnmagazijn.nl\/wp-content\/uploads\/2023\/03\/PU00100016-Complete-ophanging-voorzijde-polyurethaan-set-Lancia-Thesis-set-van-8-3.jpg","type":"image\/jpeg"}],"twitter_card":"summary_large_image","twitter_misc":{"Dur\u00e9e de lecture estim\u00e9e":"1 minute"},"schema":{"@context":"https:\/\/schema.org","@graph":[{"@type":"WebPage","@id":"https:\/\/turijnmagazijn.nl\/fr\/produit\/complet-suspension-avant-polyurethane-set-lancia-these-set-de-8\/","url":"https:\/\/turijnmagazijn.nl\/fr\/produit\/complet-suspension-avant-polyurethane-set-lancia-these-set-de-8\/","name":"Suspension avant compl\u00e8te ensemble polyur\u00e9thane Lancia Thesis (jeu de 8) - Turijnmagazijn","isPartOf":{"@id":"https:\/\/turijnmagazijn.jumpstone-dev.nl\/#website"},"primaryImageOfPage":{"@id":"https:\/\/turijnmagazijn.nl\/fr\/produit\/complet-suspension-avant-polyurethane-set-lancia-these-set-de-8\/#primaryimage"},"image":{"@id":"https:\/\/turijnmagazijn.nl\/fr\/produit\/complet-suspension-avant-polyurethane-set-lancia-these-set-de-8\/#primaryimage"},"thumbnailUrl":"https:\/\/turijnmagazijn.nl\/wp-content\/uploads\/2023\/03\/PU00100016-Complete-ophanging-voorzijde-polyurethaan-set-Lancia-Thesis-set-van-8-3.jpg","datePublished":"2023-03-03T09:10:45+00:00","dateModified":"2025-04-17T13:32:53+00:00","breadcrumb":{"@id":"https:\/\/turijnmagazijn.nl\/fr\/produit\/complet-suspension-avant-polyurethane-set-lancia-these-set-de-8\/#breadcrumb"},"inLanguage":"fr-FR","potentialAction":[{"@type":"ReadAction","target":["https:\/\/turijnmagazijn.nl\/fr\/produit\/complet-suspension-avant-polyurethane-set-lancia-these-set-de-8\/"]}]},{"@type":"ImageObject","inLanguage":"fr-FR","@id":"https:\/\/turijnmagazijn.nl\/fr\/produit\/complet-suspension-avant-polyurethane-set-lancia-these-set-de-8\/#primaryimage","url":"https:\/\/turijnmagazijn.nl\/wp-content\/uploads\/2023\/03\/PU00100016-Complete-ophanging-voorzijde-polyurethaan-set-Lancia-Thesis-set-van-8-3.jpg","contentUrl":"https:\/\/turijnmagazijn.nl\/wp-content\/uploads\/2023\/03\/PU00100016-Complete-ophanging-voorzijde-polyurethaan-set-Lancia-Thesis-set-van-8-3.jpg","width":1024,"height":768},{"@type":"BreadcrumbList","@id":"https:\/\/turijnmagazijn.nl\/fr\/produit\/complet-suspension-avant-polyurethane-set-lancia-these-set-de-8\/#breadcrumb","itemListElement":[{"@type":"ListItem","position":1,"name":"Home","item":"https:\/\/turijnmagazijn.nl\/fr\/"},{"@type":"ListItem","position":2,"name":"Produits","item":"https:\/\/turijnmagazijn.nl\/fr\/shop\/"},{"@type":"ListItem","position":3,"name":"Suspension avant compl\u00e8te ensemble polyur\u00e9thane Lancia Thesis (jeu de 8)"}]},{"@type":"WebSite","@id":"https:\/\/turijnmagazijn.jumpstone-dev.nl\/#website","url":"https:\/\/turijnmagazijn.jumpstone-dev.nl\/","name":"Turijnmagazijn","description":"Onderdelen nieuw en gebruikt - Fiat &amp; Lancia","publisher":{"@id":"https:\/\/turijnmagazijn.jumpstone-dev.nl\/#organization"},"potentialAction":[{"@type":"SearchAction","target":{"@type":"EntryPoint","urlTemplate":"https:\/\/turijnmagazijn.jumpstone-dev.nl\/?s={search_term_string}"},"query-input":{"@type":"PropertyValueSpecification","valueRequired":true,"valueName":"search_term_string"}}],"inLanguage":"fr-FR"},{"@type":"Organization","@id":"https:\/\/turijnmagazijn.jumpstone-dev.nl\/#organization","name":"Turijnmagazijn","url":"https:\/\/turijnmagazijn.jumpstone-dev.nl\/","logo":{"@type":"ImageObject","inLanguage":"fr-FR","@id":"https:\/\/turijnmagazijn.jumpstone-dev.nl\/#\/schema\/logo\/image\/","url":"https:\/\/turijnmagazijn.nl\/wp-content\/uploads\/2021\/02\/turijnmagazijnlogo.png","contentUrl":"https:\/\/turijnmagazijn.nl\/wp-content\/uploads\/2021\/02\/turijnmagazijnlogo.png","width":555,"height":270,"caption":"Turijnmagazijn"},"image":{"@id":"https:\/\/turijnmagazijn.jumpstone-dev.nl\/#\/schema\/logo\/image\/"},"sameAs":["https:\/\/www.facebook.com\/turijnmagazijn"]}]}},"_links":{"self":[{"href":"https:\/\/turijnmagazijn.nl\/fr\/wp-json\/wp\/v2\/product\/66154","targetHints":{"allow":["GET"]}}],"collection":[{"href":"https:\/\/turijnmagazijn.nl\/fr\/wp-json\/wp\/v2\/product"}],"about":[{"href":"https:\/\/turijnmagazijn.nl\/fr\/wp-json\/wp\/v2\/types\/product"}],"replies":[{"embeddable":true,"href":"https:\/\/turijnmagazijn.nl\/fr\/wp-json\/wp\/v2\/comments?post=66154"}],"wp:featuredmedia":[{"embeddable":true,"href":"https:\/\/turijnmagazijn.nl\/fr\/wp-json\/wp\/v2\/media\/55872"}],"wp:attachment":[{"href":"https:\/\/turijnmagazijn.nl\/fr\/wp-json\/wp\/v2\/media?parent=66154"}],"wp:term":[{"taxonomy":"product_brand","embeddable":true,"href":"https:\/\/turijnmagazijn.nl\/fr\/wp-json\/wp\/v2\/product_brand?post=66154"},{"taxonomy":"product_cat","embeddable":true,"href":"https:\/\/turijnmagazijn.nl\/fr\/wp-json\/wp\/v2\/product_cat?post=66154"},{"taxonomy":"product_tag","embeddable":true,"href":"https:\/\/turijnmagazijn.nl\/fr\/wp-json\/wp\/v2\/product_tag?post=66154"}],"curies":[{"name":"wp","href":"https:\/\/api.w.org\/{rel}","templated":true}]}}