{"id":66170,"date":"2023-03-03T10:09:54","date_gmt":"2023-03-03T09:09:54","guid":{"rendered":"https:\/\/turijnmagazijn.nl\/product\/caoutchoucs-a-bras-oscillant-superieur-suspension-avant-en-polyurethane-lancia-thesis-jeu-de-4\/"},"modified":"2023-07-27T12:51:29","modified_gmt":"2023-07-27T10:51:29","slug":"bras-oscillant-caoutchoucs-suspension-avant-polyurethane-lancia-these-ensemble-de-4","status":"publish","type":"product","link":"https:\/\/turijnmagazijn.nl\/fr\/produit\/bras-oscillant-caoutchoucs-suspension-avant-polyurethane-lancia-these-ensemble-de-4\/","title":{"rendered":"Caoutchoucs \u00e0 bras oscillant sup\u00e9rieur suspension avant en polyur\u00e9thane Lancia Thesis (jeu de 4)"},"content":{"rendered":"<p>Bague en caoutchouc \u00e0 bras oscillant sup\u00e9rieur pour montage dans la suspension avant pour Lancia Thesis. Applicable \u00e0 tous les mod\u00e8les de th\u00e8se. Deux bagues sont mont\u00e9es de chaque c\u00f4t\u00e9, voir aussi l\u2019image de l\u2019emplacement de montage. Un total de 4 bus sont n\u00e9cessaires pour une voiture, lors de la commande de 1 article, vous recevrez un ensemble de 4 bus.<\/p>\n<p>Un guide m\u00e9tallique et une bague sont fournis par bague en caoutchouc, plus la graisse de montage n\u00e9cessaire.<\/p>\n<p>Bagues en polyur\u00e9thane de haute qualit\u00e9 pour remplacer les bagues en caoutchouc d\u2019origine. Le polyur\u00e9thane est un mat\u00e9riau moderne qui est tr\u00e8s r\u00e9sistant \u00e0 l\u2019usure, pas obsol\u00e8te et s\u2019il est correctement assembl\u00e9, n\u2019a plus jamais besoin d\u2019\u00eatre remplac\u00e9. Le polyur\u00e9thane est un peu plus rigide que le caoutchouc et donne donc une sensation plus serr\u00e9e de la suspension (sans devenir inconfortable) par rapport au caoutchouc d\u2019origine.<\/p>\n<p>Nous sommes importateurs de ces autobus, qui vous sont exp\u00e9di\u00e9s directement par notre fabricant. En raison de l\u2019exp\u00e9dition internationale requise, le d\u00e9lai de livraison de ces bus est d\u2019environ 2 semaines, maximum 12 jours ouvrables.<\/p>\n<p>Un assemblage correct avec la graisse fournie est d\u2019une grande importance pour une dur\u00e9e de vie longue et silencieuse.<\/p>\n<p><span style=\"font-weight: bold;\">R\u00c9F\u00c9RENCE UNIQUEMENT OEM<br \/>\n<\/span><\/p>\n<div style=\"text-align: start;\"><span style=\"font-size: 12px; text-align: center;\"><br \/>\n60678239<\/span> <span style=\"text-align: center; font-size: 12px;\"><br \/>\n60678238<\/span> <span style=\"text-align: center; font-size: 12px;\">60678241<\/span><\/div>\n<p>&nbsp;<\/p>\n<p>&nbsp;<\/p>\n","protected":false},"excerpt":{"rendered":"<p>Caoutchoucs \u00e0 bras oscillant sup\u00e9rieur suspension avant en polyur\u00e9thane Lancia Thesis (jeu de 4) &#8211; Bague en caoutchouc \u00e0 bras oscillant sup\u00e9rieur pour montage dans la suspension avant pour Lancia Thesis.<\/p>\n","protected":false},"featured_media":55836,"comment_status":"closed","ping_status":"closed","template":"","meta":{"_acf_changed":false},"product_brand":[],"product_cat":[1798,1908],"product_tag":[],"class_list":{"0":"post-66170","1":"product","2":"type-product","3":"status-publish","4":"has-post-thumbnail","6":"product_cat-lancia-fr","7":"product_cat-thesis-841-fr","8":"pa_soort-onderdeel-suspension-et-chassis","10":"first","11":"instock","12":"taxable","13":"shipping-taxable","14":"purchasable","15":"product-type-simple"},"acf":[],"yoast_head":"<!-- This site is optimized with the Yoast SEO plugin v27.2 - https:\/\/yoast.com\/product\/yoast-seo-wordpress\/ -->\n<title>Caoutchoucs \u00e0 bras oscillant sup\u00e9rieur suspension avant en polyur\u00e9thane Lancia Thesis (jeu de 4) - Turijnmagazijn<\/title>\n<meta name=\"robots\" content=\"index, follow, max-snippet:-1, max-image-preview:large, max-video-preview:-1\" \/>\n<link rel=\"canonical\" href=\"https:\/\/turijnmagazijn.nl\/fr\/produit\/bras-oscillant-caoutchoucs-suspension-avant-polyurethane-lancia-these-ensemble-de-4\/\" \/>\n<meta property=\"og:locale\" content=\"fr_FR\" \/>\n<meta property=\"og:type\" content=\"article\" \/>\n<meta property=\"og:title\" content=\"Caoutchoucs \u00e0 bras oscillant sup\u00e9rieur suspension avant en polyur\u00e9thane Lancia Thesis (jeu de 4) - Turijnmagazijn\" \/>\n<meta property=\"og:description\" content=\"Caoutchoucs \u00e0 bras oscillant sup\u00e9rieur suspension avant en polyur\u00e9thane Lancia Thesis (jeu de 4) - Bague en caoutchouc \u00e0 bras oscillant sup\u00e9rieur pour montage dans la suspension avant pour Lancia Thesis.\" \/>\n<meta property=\"og:url\" content=\"https:\/\/turijnmagazijn.nl\/fr\/produit\/bras-oscillant-caoutchoucs-suspension-avant-polyurethane-lancia-these-ensemble-de-4\/\" \/>\n<meta property=\"og:site_name\" content=\"Turijnmagazijn\" \/>\n<meta property=\"article:publisher\" content=\"https:\/\/www.facebook.com\/turijnmagazijn\" \/>\n<meta property=\"article:modified_time\" content=\"2023-07-27T10:51:29+00:00\" \/>\n<meta property=\"og:image\" content=\"https:\/\/turijnmagazijn.nl\/wp-content\/uploads\/2023\/03\/PU00100002-Bovenste-swingarm-rubbers-voorzijde-ophanging-polyurethaan-Lancia-Thesis-set-van-4-1.jpg\" \/>\n\t<meta property=\"og:image:width\" content=\"1024\" \/>\n\t<meta property=\"og:image:height\" content=\"768\" \/>\n\t<meta property=\"og:image:type\" content=\"image\/jpeg\" \/>\n<meta name=\"twitter:card\" content=\"summary_large_image\" \/>\n<meta name=\"twitter:label1\" content=\"Dur\u00e9e de lecture estim\u00e9e\" \/>\n\t<meta name=\"twitter:data1\" content=\"1 minute\" \/>\n<script type=\"application\/ld+json\" class=\"yoast-schema-graph\">{\"@context\":\"https:\/\/schema.org\",\"@graph\":[{\"@type\":\"WebPage\",\"@id\":\"https:\/\/turijnmagazijn.nl\/fr\/produit\/bras-oscillant-caoutchoucs-suspension-avant-polyurethane-lancia-these-ensemble-de-4\/\",\"url\":\"https:\/\/turijnmagazijn.nl\/fr\/produit\/bras-oscillant-caoutchoucs-suspension-avant-polyurethane-lancia-these-ensemble-de-4\/\",\"name\":\"Caoutchoucs \u00e0 bras oscillant sup\u00e9rieur suspension avant en polyur\u00e9thane Lancia Thesis (jeu de 4) - Turijnmagazijn\",\"isPartOf\":{\"@id\":\"https:\/\/turijnmagazijn.jumpstone-dev.nl\/#website\"},\"primaryImageOfPage\":{\"@id\":\"https:\/\/turijnmagazijn.nl\/fr\/produit\/bras-oscillant-caoutchoucs-suspension-avant-polyurethane-lancia-these-ensemble-de-4\/#primaryimage\"},\"image\":{\"@id\":\"https:\/\/turijnmagazijn.nl\/fr\/produit\/bras-oscillant-caoutchoucs-suspension-avant-polyurethane-lancia-these-ensemble-de-4\/#primaryimage\"},\"thumbnailUrl\":\"https:\/\/turijnmagazijn.nl\/wp-content\/uploads\/2023\/03\/PU00100002-Bovenste-swingarm-rubbers-voorzijde-ophanging-polyurethaan-Lancia-Thesis-set-van-4-1.jpg\",\"datePublished\":\"2023-03-03T09:09:54+00:00\",\"dateModified\":\"2023-07-27T10:51:29+00:00\",\"breadcrumb\":{\"@id\":\"https:\/\/turijnmagazijn.nl\/fr\/produit\/bras-oscillant-caoutchoucs-suspension-avant-polyurethane-lancia-these-ensemble-de-4\/#breadcrumb\"},\"inLanguage\":\"fr-FR\",\"potentialAction\":[{\"@type\":\"ReadAction\",\"target\":[\"https:\/\/turijnmagazijn.nl\/fr\/produit\/bras-oscillant-caoutchoucs-suspension-avant-polyurethane-lancia-these-ensemble-de-4\/\"]}]},{\"@type\":\"ImageObject\",\"inLanguage\":\"fr-FR\",\"@id\":\"https:\/\/turijnmagazijn.nl\/fr\/produit\/bras-oscillant-caoutchoucs-suspension-avant-polyurethane-lancia-these-ensemble-de-4\/#primaryimage\",\"url\":\"https:\/\/turijnmagazijn.nl\/wp-content\/uploads\/2023\/03\/PU00100002-Bovenste-swingarm-rubbers-voorzijde-ophanging-polyurethaan-Lancia-Thesis-set-van-4-1.jpg\",\"contentUrl\":\"https:\/\/turijnmagazijn.nl\/wp-content\/uploads\/2023\/03\/PU00100002-Bovenste-swingarm-rubbers-voorzijde-ophanging-polyurethaan-Lancia-Thesis-set-van-4-1.jpg\",\"width\":1024,\"height\":768},{\"@type\":\"BreadcrumbList\",\"@id\":\"https:\/\/turijnmagazijn.nl\/fr\/produit\/bras-oscillant-caoutchoucs-suspension-avant-polyurethane-lancia-these-ensemble-de-4\/#breadcrumb\",\"itemListElement\":[{\"@type\":\"ListItem\",\"position\":1,\"name\":\"Home\",\"item\":\"https:\/\/turijnmagazijn.nl\/fr\/\"},{\"@type\":\"ListItem\",\"position\":2,\"name\":\"Produits\",\"item\":\"https:\/\/turijnmagazijn.nl\/fr\/shop\/\"},{\"@type\":\"ListItem\",\"position\":3,\"name\":\"Caoutchoucs \u00e0 bras oscillant sup\u00e9rieur suspension avant en polyur\u00e9thane Lancia Thesis (jeu de 4)\"}]},{\"@type\":\"WebSite\",\"@id\":\"https:\/\/turijnmagazijn.jumpstone-dev.nl\/#website\",\"url\":\"https:\/\/turijnmagazijn.jumpstone-dev.nl\/\",\"name\":\"Turijnmagazijn\",\"description\":\"Onderdelen nieuw en gebruikt - Fiat &amp; Lancia\",\"publisher\":{\"@id\":\"https:\/\/turijnmagazijn.jumpstone-dev.nl\/#organization\"},\"potentialAction\":[{\"@type\":\"SearchAction\",\"target\":{\"@type\":\"EntryPoint\",\"urlTemplate\":\"https:\/\/turijnmagazijn.jumpstone-dev.nl\/?s={search_term_string}\"},\"query-input\":{\"@type\":\"PropertyValueSpecification\",\"valueRequired\":true,\"valueName\":\"search_term_string\"}}],\"inLanguage\":\"fr-FR\"},{\"@type\":\"Organization\",\"@id\":\"https:\/\/turijnmagazijn.jumpstone-dev.nl\/#organization\",\"name\":\"Turijnmagazijn\",\"url\":\"https:\/\/turijnmagazijn.jumpstone-dev.nl\/\",\"logo\":{\"@type\":\"ImageObject\",\"inLanguage\":\"fr-FR\",\"@id\":\"https:\/\/turijnmagazijn.jumpstone-dev.nl\/#\/schema\/logo\/image\/\",\"url\":\"https:\/\/turijnmagazijn.nl\/wp-content\/uploads\/2021\/02\/turijnmagazijnlogo.png\",\"contentUrl\":\"https:\/\/turijnmagazijn.nl\/wp-content\/uploads\/2021\/02\/turijnmagazijnlogo.png\",\"width\":555,\"height\":270,\"caption\":\"Turijnmagazijn\"},\"image\":{\"@id\":\"https:\/\/turijnmagazijn.jumpstone-dev.nl\/#\/schema\/logo\/image\/\"},\"sameAs\":[\"https:\/\/www.facebook.com\/turijnmagazijn\"]}]}<\/script>\n<!-- \/ Yoast SEO plugin. -->","yoast_head_json":{"title":"Caoutchoucs \u00e0 bras oscillant sup\u00e9rieur suspension avant en polyur\u00e9thane Lancia Thesis (jeu de 4) - Turijnmagazijn","robots":{"index":"index","follow":"follow","max-snippet":"max-snippet:-1","max-image-preview":"max-image-preview:large","max-video-preview":"max-video-preview:-1"},"canonical":"https:\/\/turijnmagazijn.nl\/fr\/produit\/bras-oscillant-caoutchoucs-suspension-avant-polyurethane-lancia-these-ensemble-de-4\/","og_locale":"fr_FR","og_type":"article","og_title":"Caoutchoucs \u00e0 bras oscillant sup\u00e9rieur suspension avant en polyur\u00e9thane Lancia Thesis (jeu de 4) - Turijnmagazijn","og_description":"Caoutchoucs \u00e0 bras oscillant sup\u00e9rieur suspension avant en polyur\u00e9thane Lancia Thesis (jeu de 4) - Bague en caoutchouc \u00e0 bras oscillant sup\u00e9rieur pour montage dans la suspension avant pour Lancia Thesis.","og_url":"https:\/\/turijnmagazijn.nl\/fr\/produit\/bras-oscillant-caoutchoucs-suspension-avant-polyurethane-lancia-these-ensemble-de-4\/","og_site_name":"Turijnmagazijn","article_publisher":"https:\/\/www.facebook.com\/turijnmagazijn","article_modified_time":"2023-07-27T10:51:29+00:00","og_image":[{"width":1024,"height":768,"url":"https:\/\/turijnmagazijn.nl\/wp-content\/uploads\/2023\/03\/PU00100002-Bovenste-swingarm-rubbers-voorzijde-ophanging-polyurethaan-Lancia-Thesis-set-van-4-1.jpg","type":"image\/jpeg"}],"twitter_card":"summary_large_image","twitter_misc":{"Dur\u00e9e de lecture estim\u00e9e":"1 minute"},"schema":{"@context":"https:\/\/schema.org","@graph":[{"@type":"WebPage","@id":"https:\/\/turijnmagazijn.nl\/fr\/produit\/bras-oscillant-caoutchoucs-suspension-avant-polyurethane-lancia-these-ensemble-de-4\/","url":"https:\/\/turijnmagazijn.nl\/fr\/produit\/bras-oscillant-caoutchoucs-suspension-avant-polyurethane-lancia-these-ensemble-de-4\/","name":"Caoutchoucs \u00e0 bras oscillant sup\u00e9rieur suspension avant en polyur\u00e9thane Lancia Thesis (jeu de 4) - Turijnmagazijn","isPartOf":{"@id":"https:\/\/turijnmagazijn.jumpstone-dev.nl\/#website"},"primaryImageOfPage":{"@id":"https:\/\/turijnmagazijn.nl\/fr\/produit\/bras-oscillant-caoutchoucs-suspension-avant-polyurethane-lancia-these-ensemble-de-4\/#primaryimage"},"image":{"@id":"https:\/\/turijnmagazijn.nl\/fr\/produit\/bras-oscillant-caoutchoucs-suspension-avant-polyurethane-lancia-these-ensemble-de-4\/#primaryimage"},"thumbnailUrl":"https:\/\/turijnmagazijn.nl\/wp-content\/uploads\/2023\/03\/PU00100002-Bovenste-swingarm-rubbers-voorzijde-ophanging-polyurethaan-Lancia-Thesis-set-van-4-1.jpg","datePublished":"2023-03-03T09:09:54+00:00","dateModified":"2023-07-27T10:51:29+00:00","breadcrumb":{"@id":"https:\/\/turijnmagazijn.nl\/fr\/produit\/bras-oscillant-caoutchoucs-suspension-avant-polyurethane-lancia-these-ensemble-de-4\/#breadcrumb"},"inLanguage":"fr-FR","potentialAction":[{"@type":"ReadAction","target":["https:\/\/turijnmagazijn.nl\/fr\/produit\/bras-oscillant-caoutchoucs-suspension-avant-polyurethane-lancia-these-ensemble-de-4\/"]}]},{"@type":"ImageObject","inLanguage":"fr-FR","@id":"https:\/\/turijnmagazijn.nl\/fr\/produit\/bras-oscillant-caoutchoucs-suspension-avant-polyurethane-lancia-these-ensemble-de-4\/#primaryimage","url":"https:\/\/turijnmagazijn.nl\/wp-content\/uploads\/2023\/03\/PU00100002-Bovenste-swingarm-rubbers-voorzijde-ophanging-polyurethaan-Lancia-Thesis-set-van-4-1.jpg","contentUrl":"https:\/\/turijnmagazijn.nl\/wp-content\/uploads\/2023\/03\/PU00100002-Bovenste-swingarm-rubbers-voorzijde-ophanging-polyurethaan-Lancia-Thesis-set-van-4-1.jpg","width":1024,"height":768},{"@type":"BreadcrumbList","@id":"https:\/\/turijnmagazijn.nl\/fr\/produit\/bras-oscillant-caoutchoucs-suspension-avant-polyurethane-lancia-these-ensemble-de-4\/#breadcrumb","itemListElement":[{"@type":"ListItem","position":1,"name":"Home","item":"https:\/\/turijnmagazijn.nl\/fr\/"},{"@type":"ListItem","position":2,"name":"Produits","item":"https:\/\/turijnmagazijn.nl\/fr\/shop\/"},{"@type":"ListItem","position":3,"name":"Caoutchoucs \u00e0 bras oscillant sup\u00e9rieur suspension avant en polyur\u00e9thane Lancia Thesis (jeu de 4)"}]},{"@type":"WebSite","@id":"https:\/\/turijnmagazijn.jumpstone-dev.nl\/#website","url":"https:\/\/turijnmagazijn.jumpstone-dev.nl\/","name":"Turijnmagazijn","description":"Onderdelen nieuw en gebruikt - Fiat &amp; Lancia","publisher":{"@id":"https:\/\/turijnmagazijn.jumpstone-dev.nl\/#organization"},"potentialAction":[{"@type":"SearchAction","target":{"@type":"EntryPoint","urlTemplate":"https:\/\/turijnmagazijn.jumpstone-dev.nl\/?s={search_term_string}"},"query-input":{"@type":"PropertyValueSpecification","valueRequired":true,"valueName":"search_term_string"}}],"inLanguage":"fr-FR"},{"@type":"Organization","@id":"https:\/\/turijnmagazijn.jumpstone-dev.nl\/#organization","name":"Turijnmagazijn","url":"https:\/\/turijnmagazijn.jumpstone-dev.nl\/","logo":{"@type":"ImageObject","inLanguage":"fr-FR","@id":"https:\/\/turijnmagazijn.jumpstone-dev.nl\/#\/schema\/logo\/image\/","url":"https:\/\/turijnmagazijn.nl\/wp-content\/uploads\/2021\/02\/turijnmagazijnlogo.png","contentUrl":"https:\/\/turijnmagazijn.nl\/wp-content\/uploads\/2021\/02\/turijnmagazijnlogo.png","width":555,"height":270,"caption":"Turijnmagazijn"},"image":{"@id":"https:\/\/turijnmagazijn.jumpstone-dev.nl\/#\/schema\/logo\/image\/"},"sameAs":["https:\/\/www.facebook.com\/turijnmagazijn"]}]}},"_links":{"self":[{"href":"https:\/\/turijnmagazijn.nl\/fr\/wp-json\/wp\/v2\/product\/66170","targetHints":{"allow":["GET"]}}],"collection":[{"href":"https:\/\/turijnmagazijn.nl\/fr\/wp-json\/wp\/v2\/product"}],"about":[{"href":"https:\/\/turijnmagazijn.nl\/fr\/wp-json\/wp\/v2\/types\/product"}],"replies":[{"embeddable":true,"href":"https:\/\/turijnmagazijn.nl\/fr\/wp-json\/wp\/v2\/comments?post=66170"}],"wp:featuredmedia":[{"embeddable":true,"href":"https:\/\/turijnmagazijn.nl\/fr\/wp-json\/wp\/v2\/media\/55836"}],"wp:attachment":[{"href":"https:\/\/turijnmagazijn.nl\/fr\/wp-json\/wp\/v2\/media?parent=66170"}],"wp:term":[{"taxonomy":"product_brand","embeddable":true,"href":"https:\/\/turijnmagazijn.nl\/fr\/wp-json\/wp\/v2\/product_brand?post=66170"},{"taxonomy":"product_cat","embeddable":true,"href":"https:\/\/turijnmagazijn.nl\/fr\/wp-json\/wp\/v2\/product_cat?post=66170"},{"taxonomy":"product_tag","embeddable":true,"href":"https:\/\/turijnmagazijn.nl\/fr\/wp-json\/wp\/v2\/product_tag?post=66170"}],"curies":[{"name":"wp","href":"https:\/\/api.w.org\/{rel}","templated":true}]}}