{"id":66171,"date":"2023-03-03T10:10:45","date_gmt":"2023-03-03T09:10:45","guid":{"rendered":"https:\/\/turijnmagazijn.nl\/product\/triangle-avant-caoutchouc-suspension-arriere-bmw-e36-e46-jeu-de-2-bagues-en-4-parties-polyurethane\/"},"modified":"2023-07-27T13:27:18","modified_gmt":"2023-07-27T11:27:18","slug":"front-caoutchouc-triangle-suspension-arriere-bmw-e36-e46-jeu-de-2-coussinets-dans-4-pieces-polyurethane","status":"publish","type":"product","link":"https:\/\/turijnmagazijn.nl\/fr\/produit\/front-caoutchouc-triangle-suspension-arriere-bmw-e36-e46-jeu-de-2-coussinets-dans-4-pieces-polyurethane\/","title":{"rendered":"Triangle avant caoutchouc Suspension arri\u00e8re BMW E36 E46 (jeu de 2 bagues en 4 parties) Polyur\u00e9thane"},"content":{"rendered":"<p style=\"margin-bottom: 10px; line-height: 20px;\">Remplacement en polyur\u00e9thane pour caoutchouc avant dans les triangles arri\u00e8re de la suspension de la BMW S\u00e9rie 3, applicable aux mod\u00e8les E46 et E36. Les caoutchoucs d\u2019origine s\u2019usent avec le temps, et ces substituts de polyur\u00e9thane sont une tr\u00e8s bonne alternative dont vous n\u2019avez plus jamais \u00e0 vous soucier. Pour le passionn\u00e9 qui veut profiter de son E36 ou E46 pour les ann\u00e9es \u00e0 venir, une solution de haute qualit\u00e9 et durable.<\/p>\n<p style=\"margin-bottom: 10px; line-height: 20px;\">Un guide m\u00e9tallique et une bague sont fournis par bague en polyur\u00e9thane ainsi que la graisse de montage n\u00e9cessaire.<\/p>\n<p style=\"margin-bottom: 10px; line-height: 20px;\">Bagues en polyur\u00e9thane de haute qualit\u00e9 pour remplacer les bagues en caoutchouc d\u2019origine. Le polyur\u00e9thane est un mat\u00e9riau moderne qui est tr\u00e8s r\u00e9sistant \u00e0 l\u2019usure, pas obsol\u00e8te et s\u2019il est correctement assembl\u00e9, n\u2019a plus jamais besoin d\u2019\u00eatre remplac\u00e9. Le polyur\u00e9thane est un peu plus rigide que le caoutchouc et donne donc une sensation plus serr\u00e9e de la suspension (sans devenir inconfortable) par rapport au caoutchouc d\u2019origine.<\/p>\n<p style=\"margin-bottom: 10px; line-height: 20px;\">Nous sommes importateurs de ces autobus, qui vous sont exp\u00e9di\u00e9s directement par notre fabricant. En raison de l\u2019exp\u00e9dition internationale requise, le d\u00e9lai de livraison de ces bus est d\u2019environ 2 semaines, maximum 12 jours ouvrables.<\/p>\n<p style=\"margin-bottom: 10px; line-height: 20px;\">Un assemblage correct avec la graisse fournie est d\u2019une grande importance pour une dur\u00e9e de vie longue et silencieuse. Lisez attentivement les instructions de montage ci-jointes.<\/p>\n","protected":false},"excerpt":{"rendered":"<p>Suspension arri\u00e8re avant en caoutchouc BMW E36 E46 (jeu de 2 bagues en 4 parties) Polyur\u00e9thane &#8211; Polyur\u00e9thane de remplacement pour le caoutchouc avant dans les triangles arri\u00e8re pour la suspension de BMW S\u00e9rie 3, applicable aux mod\u00e8les E46 et E36.<\/p>\n","protected":false},"featured_media":55892,"comment_status":"open","ping_status":"closed","template":"","meta":{"_acf_changed":false},"product_brand":[],"product_cat":[1795],"product_tag":[],"class_list":{"0":"post-66171","1":"product","2":"type-product","3":"status-publish","4":"has-post-thumbnail","6":"product_cat-aucune-categorie","7":"pa_soort-onderdeel-suspension-et-chassis","9":"first","10":"instock","11":"taxable","12":"shipping-taxable","13":"purchasable","14":"product-type-simple"},"acf":[],"yoast_head":"<!-- This site is optimized with the Yoast SEO plugin v27.3 - https:\/\/yoast.com\/product\/yoast-seo-wordpress\/ -->\n<title>Triangle avant caoutchouc Suspension arri\u00e8re BMW E36 E46 (jeu de 2 bagues en 4 parties) Polyur\u00e9thane - Turijnmagazijn<\/title>\n<meta name=\"robots\" content=\"index, follow, max-snippet:-1, max-image-preview:large, max-video-preview:-1\" \/>\n<link rel=\"canonical\" href=\"https:\/\/turijnmagazijn.nl\/fr\/produit\/front-caoutchouc-triangle-suspension-arriere-bmw-e36-e46-jeu-de-2-coussinets-dans-4-pieces-polyurethane\/\" \/>\n<meta property=\"og:locale\" content=\"fr_FR\" \/>\n<meta property=\"og:type\" content=\"article\" \/>\n<meta property=\"og:title\" content=\"Triangle avant caoutchouc Suspension arri\u00e8re BMW E36 E46 (jeu de 2 bagues en 4 parties) Polyur\u00e9thane - Turijnmagazijn\" \/>\n<meta property=\"og:description\" content=\"Suspension arri\u00e8re avant en caoutchouc BMW E36 E46 (jeu de 2 bagues en 4 parties) Polyur\u00e9thane - Polyur\u00e9thane de remplacement pour le caoutchouc avant dans les triangles arri\u00e8re pour la suspension de BMW S\u00e9rie 3, applicable aux mod\u00e8les E46 et E36.\" \/>\n<meta property=\"og:url\" content=\"https:\/\/turijnmagazijn.nl\/fr\/produit\/front-caoutchouc-triangle-suspension-arriere-bmw-e36-e46-jeu-de-2-coussinets-dans-4-pieces-polyurethane\/\" \/>\n<meta property=\"og:site_name\" content=\"Turijnmagazijn\" \/>\n<meta property=\"article:publisher\" content=\"https:\/\/www.facebook.com\/turijnmagazijn\" \/>\n<meta property=\"article:modified_time\" content=\"2023-07-27T11:27:18+00:00\" \/>\n<meta property=\"og:image\" content=\"https:\/\/turijnmagazijn.nl\/wp-content\/uploads\/2023\/03\/PU00100019_Voorste_rubber_draagarm_achterzijde_ophanging_BMW_E36_E46_set_van_2_bussen_in_4_delen_Polyurethaan_3-1.jpg\" \/>\n\t<meta property=\"og:image:width\" content=\"800\" \/>\n\t<meta property=\"og:image:height\" content=\"600\" \/>\n\t<meta property=\"og:image:type\" content=\"image\/jpeg\" \/>\n<meta name=\"twitter:card\" content=\"summary_large_image\" \/>\n<meta name=\"twitter:label1\" content=\"Dur\u00e9e de lecture estim\u00e9e\" \/>\n\t<meta name=\"twitter:data1\" content=\"1 minute\" \/>\n<script type=\"application\/ld+json\" class=\"yoast-schema-graph\">{\"@context\":\"https:\\\/\\\/schema.org\",\"@graph\":[{\"@type\":\"WebPage\",\"@id\":\"https:\\\/\\\/turijnmagazijn.nl\\\/fr\\\/produit\\\/front-caoutchouc-triangle-suspension-arriere-bmw-e36-e46-jeu-de-2-coussinets-dans-4-pieces-polyurethane\\\/\",\"url\":\"https:\\\/\\\/turijnmagazijn.nl\\\/fr\\\/produit\\\/front-caoutchouc-triangle-suspension-arriere-bmw-e36-e46-jeu-de-2-coussinets-dans-4-pieces-polyurethane\\\/\",\"name\":\"Triangle avant caoutchouc Suspension arri\u00e8re BMW E36 E46 (jeu de 2 bagues en 4 parties) Polyur\u00e9thane - Turijnmagazijn\",\"isPartOf\":{\"@id\":\"https:\\\/\\\/turijnmagazijn.jumpstone-dev.nl\\\/#website\"},\"primaryImageOfPage\":{\"@id\":\"https:\\\/\\\/turijnmagazijn.nl\\\/fr\\\/produit\\\/front-caoutchouc-triangle-suspension-arriere-bmw-e36-e46-jeu-de-2-coussinets-dans-4-pieces-polyurethane\\\/#primaryimage\"},\"image\":{\"@id\":\"https:\\\/\\\/turijnmagazijn.nl\\\/fr\\\/produit\\\/front-caoutchouc-triangle-suspension-arriere-bmw-e36-e46-jeu-de-2-coussinets-dans-4-pieces-polyurethane\\\/#primaryimage\"},\"thumbnailUrl\":\"https:\\\/\\\/turijnmagazijn.nl\\\/wp-content\\\/uploads\\\/2023\\\/03\\\/PU00100019_Voorste_rubber_draagarm_achterzijde_ophanging_BMW_E36_E46_set_van_2_bussen_in_4_delen_Polyurethaan_3-1.jpg\",\"datePublished\":\"2023-03-03T09:10:45+00:00\",\"dateModified\":\"2023-07-27T11:27:18+00:00\",\"breadcrumb\":{\"@id\":\"https:\\\/\\\/turijnmagazijn.nl\\\/fr\\\/produit\\\/front-caoutchouc-triangle-suspension-arriere-bmw-e36-e46-jeu-de-2-coussinets-dans-4-pieces-polyurethane\\\/#breadcrumb\"},\"inLanguage\":\"fr-FR\",\"potentialAction\":[{\"@type\":\"ReadAction\",\"target\":[\"https:\\\/\\\/turijnmagazijn.nl\\\/fr\\\/produit\\\/front-caoutchouc-triangle-suspension-arriere-bmw-e36-e46-jeu-de-2-coussinets-dans-4-pieces-polyurethane\\\/\"]}]},{\"@type\":\"ImageObject\",\"inLanguage\":\"fr-FR\",\"@id\":\"https:\\\/\\\/turijnmagazijn.nl\\\/fr\\\/produit\\\/front-caoutchouc-triangle-suspension-arriere-bmw-e36-e46-jeu-de-2-coussinets-dans-4-pieces-polyurethane\\\/#primaryimage\",\"url\":\"https:\\\/\\\/turijnmagazijn.nl\\\/wp-content\\\/uploads\\\/2023\\\/03\\\/PU00100019_Voorste_rubber_draagarm_achterzijde_ophanging_BMW_E36_E46_set_van_2_bussen_in_4_delen_Polyurethaan_3-1.jpg\",\"contentUrl\":\"https:\\\/\\\/turijnmagazijn.nl\\\/wp-content\\\/uploads\\\/2023\\\/03\\\/PU00100019_Voorste_rubber_draagarm_achterzijde_ophanging_BMW_E36_E46_set_van_2_bussen_in_4_delen_Polyurethaan_3-1.jpg\",\"width\":800,\"height\":600},{\"@type\":\"BreadcrumbList\",\"@id\":\"https:\\\/\\\/turijnmagazijn.nl\\\/fr\\\/produit\\\/front-caoutchouc-triangle-suspension-arriere-bmw-e36-e46-jeu-de-2-coussinets-dans-4-pieces-polyurethane\\\/#breadcrumb\",\"itemListElement\":[{\"@type\":\"ListItem\",\"position\":1,\"name\":\"Home\",\"item\":\"https:\\\/\\\/turijnmagazijn.nl\\\/fr\\\/\"},{\"@type\":\"ListItem\",\"position\":2,\"name\":\"Produits\",\"item\":\"https:\\\/\\\/turijnmagazijn.nl\\\/fr\\\/shop\\\/\"},{\"@type\":\"ListItem\",\"position\":3,\"name\":\"Triangle avant caoutchouc Suspension arri\u00e8re BMW E36 E46 (jeu de 2 bagues en 4 parties) Polyur\u00e9thane\"}]},{\"@type\":\"WebSite\",\"@id\":\"https:\\\/\\\/turijnmagazijn.jumpstone-dev.nl\\\/#website\",\"url\":\"https:\\\/\\\/turijnmagazijn.jumpstone-dev.nl\\\/\",\"name\":\"Turijnmagazijn\",\"description\":\"Onderdelen nieuw en gebruikt - Fiat &amp; Lancia\",\"publisher\":{\"@id\":\"https:\\\/\\\/turijnmagazijn.jumpstone-dev.nl\\\/#organization\"},\"potentialAction\":[{\"@type\":\"SearchAction\",\"target\":{\"@type\":\"EntryPoint\",\"urlTemplate\":\"https:\\\/\\\/turijnmagazijn.jumpstone-dev.nl\\\/?s={search_term_string}\"},\"query-input\":{\"@type\":\"PropertyValueSpecification\",\"valueRequired\":true,\"valueName\":\"search_term_string\"}}],\"inLanguage\":\"fr-FR\"},{\"@type\":\"Organization\",\"@id\":\"https:\\\/\\\/turijnmagazijn.jumpstone-dev.nl\\\/#organization\",\"name\":\"Turijnmagazijn\",\"url\":\"https:\\\/\\\/turijnmagazijn.jumpstone-dev.nl\\\/\",\"logo\":{\"@type\":\"ImageObject\",\"inLanguage\":\"fr-FR\",\"@id\":\"https:\\\/\\\/turijnmagazijn.jumpstone-dev.nl\\\/#\\\/schema\\\/logo\\\/image\\\/\",\"url\":\"https:\\\/\\\/turijnmagazijn.nl\\\/wp-content\\\/uploads\\\/2021\\\/02\\\/turijnmagazijnlogo.png\",\"contentUrl\":\"https:\\\/\\\/turijnmagazijn.nl\\\/wp-content\\\/uploads\\\/2021\\\/02\\\/turijnmagazijnlogo.png\",\"width\":555,\"height\":270,\"caption\":\"Turijnmagazijn\"},\"image\":{\"@id\":\"https:\\\/\\\/turijnmagazijn.jumpstone-dev.nl\\\/#\\\/schema\\\/logo\\\/image\\\/\"},\"sameAs\":[\"https:\\\/\\\/www.facebook.com\\\/turijnmagazijn\"]}]}<\/script>\n<!-- \/ Yoast SEO plugin. -->","yoast_head_json":{"title":"Triangle avant caoutchouc Suspension arri\u00e8re BMW E36 E46 (jeu de 2 bagues en 4 parties) Polyur\u00e9thane - Turijnmagazijn","robots":{"index":"index","follow":"follow","max-snippet":"max-snippet:-1","max-image-preview":"max-image-preview:large","max-video-preview":"max-video-preview:-1"},"canonical":"https:\/\/turijnmagazijn.nl\/fr\/produit\/front-caoutchouc-triangle-suspension-arriere-bmw-e36-e46-jeu-de-2-coussinets-dans-4-pieces-polyurethane\/","og_locale":"fr_FR","og_type":"article","og_title":"Triangle avant caoutchouc Suspension arri\u00e8re BMW E36 E46 (jeu de 2 bagues en 4 parties) Polyur\u00e9thane - Turijnmagazijn","og_description":"Suspension arri\u00e8re avant en caoutchouc BMW E36 E46 (jeu de 2 bagues en 4 parties) Polyur\u00e9thane - Polyur\u00e9thane de remplacement pour le caoutchouc avant dans les triangles arri\u00e8re pour la suspension de BMW S\u00e9rie 3, applicable aux mod\u00e8les E46 et E36.","og_url":"https:\/\/turijnmagazijn.nl\/fr\/produit\/front-caoutchouc-triangle-suspension-arriere-bmw-e36-e46-jeu-de-2-coussinets-dans-4-pieces-polyurethane\/","og_site_name":"Turijnmagazijn","article_publisher":"https:\/\/www.facebook.com\/turijnmagazijn","article_modified_time":"2023-07-27T11:27:18+00:00","og_image":[{"width":800,"height":600,"url":"https:\/\/turijnmagazijn.nl\/wp-content\/uploads\/2023\/03\/PU00100019_Voorste_rubber_draagarm_achterzijde_ophanging_BMW_E36_E46_set_van_2_bussen_in_4_delen_Polyurethaan_3-1.jpg","type":"image\/jpeg"}],"twitter_card":"summary_large_image","twitter_misc":{"Dur\u00e9e de lecture estim\u00e9e":"1 minute"},"schema":{"@context":"https:\/\/schema.org","@graph":[{"@type":"WebPage","@id":"https:\/\/turijnmagazijn.nl\/fr\/produit\/front-caoutchouc-triangle-suspension-arriere-bmw-e36-e46-jeu-de-2-coussinets-dans-4-pieces-polyurethane\/","url":"https:\/\/turijnmagazijn.nl\/fr\/produit\/front-caoutchouc-triangle-suspension-arriere-bmw-e36-e46-jeu-de-2-coussinets-dans-4-pieces-polyurethane\/","name":"Triangle avant caoutchouc Suspension arri\u00e8re BMW E36 E46 (jeu de 2 bagues en 4 parties) Polyur\u00e9thane - Turijnmagazijn","isPartOf":{"@id":"https:\/\/turijnmagazijn.jumpstone-dev.nl\/#website"},"primaryImageOfPage":{"@id":"https:\/\/turijnmagazijn.nl\/fr\/produit\/front-caoutchouc-triangle-suspension-arriere-bmw-e36-e46-jeu-de-2-coussinets-dans-4-pieces-polyurethane\/#primaryimage"},"image":{"@id":"https:\/\/turijnmagazijn.nl\/fr\/produit\/front-caoutchouc-triangle-suspension-arriere-bmw-e36-e46-jeu-de-2-coussinets-dans-4-pieces-polyurethane\/#primaryimage"},"thumbnailUrl":"https:\/\/turijnmagazijn.nl\/wp-content\/uploads\/2023\/03\/PU00100019_Voorste_rubber_draagarm_achterzijde_ophanging_BMW_E36_E46_set_van_2_bussen_in_4_delen_Polyurethaan_3-1.jpg","datePublished":"2023-03-03T09:10:45+00:00","dateModified":"2023-07-27T11:27:18+00:00","breadcrumb":{"@id":"https:\/\/turijnmagazijn.nl\/fr\/produit\/front-caoutchouc-triangle-suspension-arriere-bmw-e36-e46-jeu-de-2-coussinets-dans-4-pieces-polyurethane\/#breadcrumb"},"inLanguage":"fr-FR","potentialAction":[{"@type":"ReadAction","target":["https:\/\/turijnmagazijn.nl\/fr\/produit\/front-caoutchouc-triangle-suspension-arriere-bmw-e36-e46-jeu-de-2-coussinets-dans-4-pieces-polyurethane\/"]}]},{"@type":"ImageObject","inLanguage":"fr-FR","@id":"https:\/\/turijnmagazijn.nl\/fr\/produit\/front-caoutchouc-triangle-suspension-arriere-bmw-e36-e46-jeu-de-2-coussinets-dans-4-pieces-polyurethane\/#primaryimage","url":"https:\/\/turijnmagazijn.nl\/wp-content\/uploads\/2023\/03\/PU00100019_Voorste_rubber_draagarm_achterzijde_ophanging_BMW_E36_E46_set_van_2_bussen_in_4_delen_Polyurethaan_3-1.jpg","contentUrl":"https:\/\/turijnmagazijn.nl\/wp-content\/uploads\/2023\/03\/PU00100019_Voorste_rubber_draagarm_achterzijde_ophanging_BMW_E36_E46_set_van_2_bussen_in_4_delen_Polyurethaan_3-1.jpg","width":800,"height":600},{"@type":"BreadcrumbList","@id":"https:\/\/turijnmagazijn.nl\/fr\/produit\/front-caoutchouc-triangle-suspension-arriere-bmw-e36-e46-jeu-de-2-coussinets-dans-4-pieces-polyurethane\/#breadcrumb","itemListElement":[{"@type":"ListItem","position":1,"name":"Home","item":"https:\/\/turijnmagazijn.nl\/fr\/"},{"@type":"ListItem","position":2,"name":"Produits","item":"https:\/\/turijnmagazijn.nl\/fr\/shop\/"},{"@type":"ListItem","position":3,"name":"Triangle avant caoutchouc Suspension arri\u00e8re BMW E36 E46 (jeu de 2 bagues en 4 parties) Polyur\u00e9thane"}]},{"@type":"WebSite","@id":"https:\/\/turijnmagazijn.jumpstone-dev.nl\/#website","url":"https:\/\/turijnmagazijn.jumpstone-dev.nl\/","name":"Turijnmagazijn","description":"Onderdelen nieuw en gebruikt - Fiat &amp; Lancia","publisher":{"@id":"https:\/\/turijnmagazijn.jumpstone-dev.nl\/#organization"},"potentialAction":[{"@type":"SearchAction","target":{"@type":"EntryPoint","urlTemplate":"https:\/\/turijnmagazijn.jumpstone-dev.nl\/?s={search_term_string}"},"query-input":{"@type":"PropertyValueSpecification","valueRequired":true,"valueName":"search_term_string"}}],"inLanguage":"fr-FR"},{"@type":"Organization","@id":"https:\/\/turijnmagazijn.jumpstone-dev.nl\/#organization","name":"Turijnmagazijn","url":"https:\/\/turijnmagazijn.jumpstone-dev.nl\/","logo":{"@type":"ImageObject","inLanguage":"fr-FR","@id":"https:\/\/turijnmagazijn.jumpstone-dev.nl\/#\/schema\/logo\/image\/","url":"https:\/\/turijnmagazijn.nl\/wp-content\/uploads\/2021\/02\/turijnmagazijnlogo.png","contentUrl":"https:\/\/turijnmagazijn.nl\/wp-content\/uploads\/2021\/02\/turijnmagazijnlogo.png","width":555,"height":270,"caption":"Turijnmagazijn"},"image":{"@id":"https:\/\/turijnmagazijn.jumpstone-dev.nl\/#\/schema\/logo\/image\/"},"sameAs":["https:\/\/www.facebook.com\/turijnmagazijn"]}]}},"_links":{"self":[{"href":"https:\/\/turijnmagazijn.nl\/fr\/wp-json\/wp\/v2\/product\/66171","targetHints":{"allow":["GET"]}}],"collection":[{"href":"https:\/\/turijnmagazijn.nl\/fr\/wp-json\/wp\/v2\/product"}],"about":[{"href":"https:\/\/turijnmagazijn.nl\/fr\/wp-json\/wp\/v2\/types\/product"}],"replies":[{"embeddable":true,"href":"https:\/\/turijnmagazijn.nl\/fr\/wp-json\/wp\/v2\/comments?post=66171"}],"wp:featuredmedia":[{"embeddable":true,"href":"https:\/\/turijnmagazijn.nl\/fr\/wp-json\/wp\/v2\/media\/55892"}],"wp:attachment":[{"href":"https:\/\/turijnmagazijn.nl\/fr\/wp-json\/wp\/v2\/media?parent=66171"}],"wp:term":[{"taxonomy":"product_brand","embeddable":true,"href":"https:\/\/turijnmagazijn.nl\/fr\/wp-json\/wp\/v2\/product_brand?post=66171"},{"taxonomy":"product_cat","embeddable":true,"href":"https:\/\/turijnmagazijn.nl\/fr\/wp-json\/wp\/v2\/product_cat?post=66171"},{"taxonomy":"product_tag","embeddable":true,"href":"https:\/\/turijnmagazijn.nl\/fr\/wp-json\/wp\/v2\/product_tag?post=66171"}],"curies":[{"name":"wp","href":"https:\/\/api.w.org\/{rel}","templated":true}]}}