{"id":66179,"date":"2023-03-03T10:10:45","date_gmt":"2023-03-03T09:10:45","guid":{"rendered":"https:\/\/turijnmagazijn.nl\/product\/triangle-inferieur-en-caoutchouc-avant-en-polyurethane-audi-tt-jeu-de-2-bagues-en-4-parties\/"},"modified":"2023-07-27T12:52:18","modified_gmt":"2023-07-27T10:52:18","slug":"front-caoutchouc-triangle-inferieur-avant-polyurethane-audi-tt-set-de-2-coussinets-en-4-parties","status":"publish","type":"product","link":"https:\/\/turijnmagazijn.nl\/fr\/produit\/front-caoutchouc-triangle-inferieur-avant-polyurethane-audi-tt-set-de-2-coussinets-en-4-parties\/","title":{"rendered":"Triangle inf\u00e9rieur en caoutchouc avant en polyur\u00e9thane Audi TT (jeu de 2 bagues en 4 parties)"},"content":{"rendered":"<p><span style=\"line-height: 20px;\">Remplacement en polyur\u00e9thane<\/span>du caoutchouc d\u2019origine pour montage dans le triangle inf\u00e9rieur \u00e0 l\u2019avant de la suspension de la premi\u00e8re s\u00e9rie Audi TT. Il s\u2019agit d\u2019un ensemble de 4 parties, de 2 bagues en deux parties permettant de r\u00e9duire cette position de bus sur les triangles gauche et droit.  <span style=\"line-height: 20px;\">Les caoutchoucs d\u2019origine s\u2019usent avec le temps, et ces substituts de polyur\u00e9thane sont une tr\u00e8s bonne alternative dont vous n\u2019avez plus jamais \u00e0 vous soucier.<\/span><span style=\"line-height: 20px;\"> <\/span><\/p>\n<p style=\"margin-bottom: 10px; line-height: 20px;\">Un guide m\u00e9tallique et une bague sont fournis par bague en polyur\u00e9thane ainsi que la graisse de montage n\u00e9cessaire.<\/p>\n<p style=\"margin-bottom: 10px; line-height: 20px;\">Bagues en polyur\u00e9thane de haute qualit\u00e9 pour remplacer les bagues en caoutchouc d\u2019origine. Le polyur\u00e9thane est un mat\u00e9riau moderne qui est tr\u00e8s r\u00e9sistant \u00e0 l\u2019usure, pas obsol\u00e8te et s\u2019il est correctement assembl\u00e9, n\u2019a plus jamais besoin d\u2019\u00eatre remplac\u00e9. Le polyur\u00e9thane est un peu plus rigide que le caoutchouc et donne donc une sensation plus serr\u00e9e de la suspension (sans devenir inconfortable) par rapport au caoutchouc d\u2019origine.<\/p>\n<p style=\"margin-bottom: 10px; line-height: 20px;\">Nous sommes importateurs de ces autobus, qui vous sont exp\u00e9di\u00e9s directement par notre fabricant.<br \/>\n<span style=\"font-weight: bold;\">En raison de l\u2019exp\u00e9dition internationale requise, le d\u00e9lai de livraison de ces bus est d\u2019environ 2 semaines, maximum 12 jours ouvrables.<\/span><\/p>\n<p style=\"margin-bottom: 10px; line-height: 20px;\"><span style=\"font-weight: bold; color: #ff0000;\">Un assemblage correct avec la graisse fournie est d\u2019une grande importance pour une dur\u00e9e de vie longue et silencieuse.<\/span>  Suivez attentivement les instructions de montage ci-jointes.<\/p>\n<p>&nbsp;<\/p>\n","protected":false},"excerpt":{"rendered":"<p>Cylindre avant en caoutchouc inf\u00e9rieur en polyur\u00e9thane avant Audi TT (jeu de 2 bagues en 4 parties) &#8211; Polyur\u00e9thane de remplacement pour le caoutchouc avant pour montage dans le triangle inf\u00e9rieur \u00e0 l\u2019avant de la suspension pour la premi\u00e8re s\u00e9rie Audi TT.<\/p>\n","protected":false},"featured_media":55908,"comment_status":"open","ping_status":"closed","template":"","meta":{"_acf_changed":false},"product_brand":[],"product_cat":[1795],"product_tag":[],"class_list":{"0":"post-66179","1":"product","2":"type-product","3":"status-publish","4":"has-post-thumbnail","6":"product_cat-aucune-categorie","7":"pa_soort-onderdeel-suspension-et-chassis","9":"first","10":"instock","11":"taxable","12":"shipping-taxable","13":"purchasable","14":"product-type-simple"},"acf":[],"yoast_head":"<!-- This site is optimized with the Yoast SEO plugin v27.3 - https:\/\/yoast.com\/product\/yoast-seo-wordpress\/ -->\n<title>Triangle inf\u00e9rieur en caoutchouc avant en polyur\u00e9thane Audi TT (jeu de 2 bagues en 4 parties) - Turijnmagazijn<\/title>\n<meta name=\"robots\" content=\"index, follow, max-snippet:-1, max-image-preview:large, max-video-preview:-1\" \/>\n<link rel=\"canonical\" href=\"https:\/\/turijnmagazijn.nl\/fr\/produit\/front-caoutchouc-triangle-inferieur-avant-polyurethane-audi-tt-set-de-2-coussinets-en-4-parties\/\" \/>\n<meta property=\"og:locale\" content=\"fr_FR\" \/>\n<meta property=\"og:type\" content=\"article\" \/>\n<meta property=\"og:title\" content=\"Triangle inf\u00e9rieur en caoutchouc avant en polyur\u00e9thane Audi TT (jeu de 2 bagues en 4 parties) - Turijnmagazijn\" \/>\n<meta property=\"og:description\" content=\"Cylindre avant en caoutchouc inf\u00e9rieur en polyur\u00e9thane avant Audi TT (jeu de 2 bagues en 4 parties) - Polyur\u00e9thane de remplacement pour le caoutchouc avant pour montage dans le triangle inf\u00e9rieur \u00e0 l\u2019avant de la suspension pour la premi\u00e8re s\u00e9rie Audi TT.\" \/>\n<meta property=\"og:url\" content=\"https:\/\/turijnmagazijn.nl\/fr\/produit\/front-caoutchouc-triangle-inferieur-avant-polyurethane-audi-tt-set-de-2-coussinets-en-4-parties\/\" \/>\n<meta property=\"og:site_name\" content=\"Turijnmagazijn\" \/>\n<meta property=\"article:publisher\" content=\"https:\/\/www.facebook.com\/turijnmagazijn\" \/>\n<meta property=\"article:modified_time\" content=\"2023-07-27T10:52:18+00:00\" \/>\n<meta property=\"og:image\" content=\"https:\/\/turijnmagazijn.nl\/wp-content\/uploads\/2023\/03\/PU00100020_3-1.jpg\" \/>\n\t<meta property=\"og:image:width\" content=\"800\" \/>\n\t<meta property=\"og:image:height\" content=\"600\" \/>\n\t<meta property=\"og:image:type\" content=\"image\/jpeg\" \/>\n<meta name=\"twitter:card\" content=\"summary_large_image\" \/>\n<meta name=\"twitter:label1\" content=\"Dur\u00e9e de lecture estim\u00e9e\" \/>\n\t<meta name=\"twitter:data1\" content=\"1 minute\" \/>\n<script type=\"application\/ld+json\" class=\"yoast-schema-graph\">{\"@context\":\"https:\\\/\\\/schema.org\",\"@graph\":[{\"@type\":\"WebPage\",\"@id\":\"https:\\\/\\\/turijnmagazijn.nl\\\/fr\\\/produit\\\/front-caoutchouc-triangle-inferieur-avant-polyurethane-audi-tt-set-de-2-coussinets-en-4-parties\\\/\",\"url\":\"https:\\\/\\\/turijnmagazijn.nl\\\/fr\\\/produit\\\/front-caoutchouc-triangle-inferieur-avant-polyurethane-audi-tt-set-de-2-coussinets-en-4-parties\\\/\",\"name\":\"Triangle inf\u00e9rieur en caoutchouc avant en polyur\u00e9thane Audi TT (jeu de 2 bagues en 4 parties) - Turijnmagazijn\",\"isPartOf\":{\"@id\":\"https:\\\/\\\/turijnmagazijn.jumpstone-dev.nl\\\/#website\"},\"primaryImageOfPage\":{\"@id\":\"https:\\\/\\\/turijnmagazijn.nl\\\/fr\\\/produit\\\/front-caoutchouc-triangle-inferieur-avant-polyurethane-audi-tt-set-de-2-coussinets-en-4-parties\\\/#primaryimage\"},\"image\":{\"@id\":\"https:\\\/\\\/turijnmagazijn.nl\\\/fr\\\/produit\\\/front-caoutchouc-triangle-inferieur-avant-polyurethane-audi-tt-set-de-2-coussinets-en-4-parties\\\/#primaryimage\"},\"thumbnailUrl\":\"https:\\\/\\\/turijnmagazijn.nl\\\/wp-content\\\/uploads\\\/2023\\\/03\\\/PU00100020_3-1.jpg\",\"datePublished\":\"2023-03-03T09:10:45+00:00\",\"dateModified\":\"2023-07-27T10:52:18+00:00\",\"breadcrumb\":{\"@id\":\"https:\\\/\\\/turijnmagazijn.nl\\\/fr\\\/produit\\\/front-caoutchouc-triangle-inferieur-avant-polyurethane-audi-tt-set-de-2-coussinets-en-4-parties\\\/#breadcrumb\"},\"inLanguage\":\"fr-FR\",\"potentialAction\":[{\"@type\":\"ReadAction\",\"target\":[\"https:\\\/\\\/turijnmagazijn.nl\\\/fr\\\/produit\\\/front-caoutchouc-triangle-inferieur-avant-polyurethane-audi-tt-set-de-2-coussinets-en-4-parties\\\/\"]}]},{\"@type\":\"ImageObject\",\"inLanguage\":\"fr-FR\",\"@id\":\"https:\\\/\\\/turijnmagazijn.nl\\\/fr\\\/produit\\\/front-caoutchouc-triangle-inferieur-avant-polyurethane-audi-tt-set-de-2-coussinets-en-4-parties\\\/#primaryimage\",\"url\":\"https:\\\/\\\/turijnmagazijn.nl\\\/wp-content\\\/uploads\\\/2023\\\/03\\\/PU00100020_3-1.jpg\",\"contentUrl\":\"https:\\\/\\\/turijnmagazijn.nl\\\/wp-content\\\/uploads\\\/2023\\\/03\\\/PU00100020_3-1.jpg\",\"width\":800,\"height\":600},{\"@type\":\"BreadcrumbList\",\"@id\":\"https:\\\/\\\/turijnmagazijn.nl\\\/fr\\\/produit\\\/front-caoutchouc-triangle-inferieur-avant-polyurethane-audi-tt-set-de-2-coussinets-en-4-parties\\\/#breadcrumb\",\"itemListElement\":[{\"@type\":\"ListItem\",\"position\":1,\"name\":\"Home\",\"item\":\"https:\\\/\\\/turijnmagazijn.nl\\\/fr\\\/\"},{\"@type\":\"ListItem\",\"position\":2,\"name\":\"Produits\",\"item\":\"https:\\\/\\\/turijnmagazijn.nl\\\/fr\\\/shop\\\/\"},{\"@type\":\"ListItem\",\"position\":3,\"name\":\"Triangle inf\u00e9rieur en caoutchouc avant en polyur\u00e9thane Audi TT (jeu de 2 bagues en 4 parties)\"}]},{\"@type\":\"WebSite\",\"@id\":\"https:\\\/\\\/turijnmagazijn.jumpstone-dev.nl\\\/#website\",\"url\":\"https:\\\/\\\/turijnmagazijn.jumpstone-dev.nl\\\/\",\"name\":\"Turijnmagazijn\",\"description\":\"Onderdelen nieuw en gebruikt - Fiat &amp; Lancia\",\"publisher\":{\"@id\":\"https:\\\/\\\/turijnmagazijn.jumpstone-dev.nl\\\/#organization\"},\"potentialAction\":[{\"@type\":\"SearchAction\",\"target\":{\"@type\":\"EntryPoint\",\"urlTemplate\":\"https:\\\/\\\/turijnmagazijn.jumpstone-dev.nl\\\/?s={search_term_string}\"},\"query-input\":{\"@type\":\"PropertyValueSpecification\",\"valueRequired\":true,\"valueName\":\"search_term_string\"}}],\"inLanguage\":\"fr-FR\"},{\"@type\":\"Organization\",\"@id\":\"https:\\\/\\\/turijnmagazijn.jumpstone-dev.nl\\\/#organization\",\"name\":\"Turijnmagazijn\",\"url\":\"https:\\\/\\\/turijnmagazijn.jumpstone-dev.nl\\\/\",\"logo\":{\"@type\":\"ImageObject\",\"inLanguage\":\"fr-FR\",\"@id\":\"https:\\\/\\\/turijnmagazijn.jumpstone-dev.nl\\\/#\\\/schema\\\/logo\\\/image\\\/\",\"url\":\"https:\\\/\\\/turijnmagazijn.nl\\\/wp-content\\\/uploads\\\/2021\\\/02\\\/turijnmagazijnlogo.png\",\"contentUrl\":\"https:\\\/\\\/turijnmagazijn.nl\\\/wp-content\\\/uploads\\\/2021\\\/02\\\/turijnmagazijnlogo.png\",\"width\":555,\"height\":270,\"caption\":\"Turijnmagazijn\"},\"image\":{\"@id\":\"https:\\\/\\\/turijnmagazijn.jumpstone-dev.nl\\\/#\\\/schema\\\/logo\\\/image\\\/\"},\"sameAs\":[\"https:\\\/\\\/www.facebook.com\\\/turijnmagazijn\"]}]}<\/script>\n<!-- \/ Yoast SEO plugin. -->","yoast_head_json":{"title":"Triangle inf\u00e9rieur en caoutchouc avant en polyur\u00e9thane Audi TT (jeu de 2 bagues en 4 parties) - Turijnmagazijn","robots":{"index":"index","follow":"follow","max-snippet":"max-snippet:-1","max-image-preview":"max-image-preview:large","max-video-preview":"max-video-preview:-1"},"canonical":"https:\/\/turijnmagazijn.nl\/fr\/produit\/front-caoutchouc-triangle-inferieur-avant-polyurethane-audi-tt-set-de-2-coussinets-en-4-parties\/","og_locale":"fr_FR","og_type":"article","og_title":"Triangle inf\u00e9rieur en caoutchouc avant en polyur\u00e9thane Audi TT (jeu de 2 bagues en 4 parties) - Turijnmagazijn","og_description":"Cylindre avant en caoutchouc inf\u00e9rieur en polyur\u00e9thane avant Audi TT (jeu de 2 bagues en 4 parties) - Polyur\u00e9thane de remplacement pour le caoutchouc avant pour montage dans le triangle inf\u00e9rieur \u00e0 l\u2019avant de la suspension pour la premi\u00e8re s\u00e9rie Audi TT.","og_url":"https:\/\/turijnmagazijn.nl\/fr\/produit\/front-caoutchouc-triangle-inferieur-avant-polyurethane-audi-tt-set-de-2-coussinets-en-4-parties\/","og_site_name":"Turijnmagazijn","article_publisher":"https:\/\/www.facebook.com\/turijnmagazijn","article_modified_time":"2023-07-27T10:52:18+00:00","og_image":[{"width":800,"height":600,"url":"https:\/\/turijnmagazijn.nl\/wp-content\/uploads\/2023\/03\/PU00100020_3-1.jpg","type":"image\/jpeg"}],"twitter_card":"summary_large_image","twitter_misc":{"Dur\u00e9e de lecture estim\u00e9e":"1 minute"},"schema":{"@context":"https:\/\/schema.org","@graph":[{"@type":"WebPage","@id":"https:\/\/turijnmagazijn.nl\/fr\/produit\/front-caoutchouc-triangle-inferieur-avant-polyurethane-audi-tt-set-de-2-coussinets-en-4-parties\/","url":"https:\/\/turijnmagazijn.nl\/fr\/produit\/front-caoutchouc-triangle-inferieur-avant-polyurethane-audi-tt-set-de-2-coussinets-en-4-parties\/","name":"Triangle inf\u00e9rieur en caoutchouc avant en polyur\u00e9thane Audi TT (jeu de 2 bagues en 4 parties) - Turijnmagazijn","isPartOf":{"@id":"https:\/\/turijnmagazijn.jumpstone-dev.nl\/#website"},"primaryImageOfPage":{"@id":"https:\/\/turijnmagazijn.nl\/fr\/produit\/front-caoutchouc-triangle-inferieur-avant-polyurethane-audi-tt-set-de-2-coussinets-en-4-parties\/#primaryimage"},"image":{"@id":"https:\/\/turijnmagazijn.nl\/fr\/produit\/front-caoutchouc-triangle-inferieur-avant-polyurethane-audi-tt-set-de-2-coussinets-en-4-parties\/#primaryimage"},"thumbnailUrl":"https:\/\/turijnmagazijn.nl\/wp-content\/uploads\/2023\/03\/PU00100020_3-1.jpg","datePublished":"2023-03-03T09:10:45+00:00","dateModified":"2023-07-27T10:52:18+00:00","breadcrumb":{"@id":"https:\/\/turijnmagazijn.nl\/fr\/produit\/front-caoutchouc-triangle-inferieur-avant-polyurethane-audi-tt-set-de-2-coussinets-en-4-parties\/#breadcrumb"},"inLanguage":"fr-FR","potentialAction":[{"@type":"ReadAction","target":["https:\/\/turijnmagazijn.nl\/fr\/produit\/front-caoutchouc-triangle-inferieur-avant-polyurethane-audi-tt-set-de-2-coussinets-en-4-parties\/"]}]},{"@type":"ImageObject","inLanguage":"fr-FR","@id":"https:\/\/turijnmagazijn.nl\/fr\/produit\/front-caoutchouc-triangle-inferieur-avant-polyurethane-audi-tt-set-de-2-coussinets-en-4-parties\/#primaryimage","url":"https:\/\/turijnmagazijn.nl\/wp-content\/uploads\/2023\/03\/PU00100020_3-1.jpg","contentUrl":"https:\/\/turijnmagazijn.nl\/wp-content\/uploads\/2023\/03\/PU00100020_3-1.jpg","width":800,"height":600},{"@type":"BreadcrumbList","@id":"https:\/\/turijnmagazijn.nl\/fr\/produit\/front-caoutchouc-triangle-inferieur-avant-polyurethane-audi-tt-set-de-2-coussinets-en-4-parties\/#breadcrumb","itemListElement":[{"@type":"ListItem","position":1,"name":"Home","item":"https:\/\/turijnmagazijn.nl\/fr\/"},{"@type":"ListItem","position":2,"name":"Produits","item":"https:\/\/turijnmagazijn.nl\/fr\/shop\/"},{"@type":"ListItem","position":3,"name":"Triangle inf\u00e9rieur en caoutchouc avant en polyur\u00e9thane Audi TT (jeu de 2 bagues en 4 parties)"}]},{"@type":"WebSite","@id":"https:\/\/turijnmagazijn.jumpstone-dev.nl\/#website","url":"https:\/\/turijnmagazijn.jumpstone-dev.nl\/","name":"Turijnmagazijn","description":"Onderdelen nieuw en gebruikt - Fiat &amp; Lancia","publisher":{"@id":"https:\/\/turijnmagazijn.jumpstone-dev.nl\/#organization"},"potentialAction":[{"@type":"SearchAction","target":{"@type":"EntryPoint","urlTemplate":"https:\/\/turijnmagazijn.jumpstone-dev.nl\/?s={search_term_string}"},"query-input":{"@type":"PropertyValueSpecification","valueRequired":true,"valueName":"search_term_string"}}],"inLanguage":"fr-FR"},{"@type":"Organization","@id":"https:\/\/turijnmagazijn.jumpstone-dev.nl\/#organization","name":"Turijnmagazijn","url":"https:\/\/turijnmagazijn.jumpstone-dev.nl\/","logo":{"@type":"ImageObject","inLanguage":"fr-FR","@id":"https:\/\/turijnmagazijn.jumpstone-dev.nl\/#\/schema\/logo\/image\/","url":"https:\/\/turijnmagazijn.nl\/wp-content\/uploads\/2021\/02\/turijnmagazijnlogo.png","contentUrl":"https:\/\/turijnmagazijn.nl\/wp-content\/uploads\/2021\/02\/turijnmagazijnlogo.png","width":555,"height":270,"caption":"Turijnmagazijn"},"image":{"@id":"https:\/\/turijnmagazijn.jumpstone-dev.nl\/#\/schema\/logo\/image\/"},"sameAs":["https:\/\/www.facebook.com\/turijnmagazijn"]}]}},"_links":{"self":[{"href":"https:\/\/turijnmagazijn.nl\/fr\/wp-json\/wp\/v2\/product\/66179","targetHints":{"allow":["GET"]}}],"collection":[{"href":"https:\/\/turijnmagazijn.nl\/fr\/wp-json\/wp\/v2\/product"}],"about":[{"href":"https:\/\/turijnmagazijn.nl\/fr\/wp-json\/wp\/v2\/types\/product"}],"replies":[{"embeddable":true,"href":"https:\/\/turijnmagazijn.nl\/fr\/wp-json\/wp\/v2\/comments?post=66179"}],"wp:featuredmedia":[{"embeddable":true,"href":"https:\/\/turijnmagazijn.nl\/fr\/wp-json\/wp\/v2\/media\/55908"}],"wp:attachment":[{"href":"https:\/\/turijnmagazijn.nl\/fr\/wp-json\/wp\/v2\/media?parent=66179"}],"wp:term":[{"taxonomy":"product_brand","embeddable":true,"href":"https:\/\/turijnmagazijn.nl\/fr\/wp-json\/wp\/v2\/product_brand?post=66179"},{"taxonomy":"product_cat","embeddable":true,"href":"https:\/\/turijnmagazijn.nl\/fr\/wp-json\/wp\/v2\/product_cat?post=66179"},{"taxonomy":"product_tag","embeddable":true,"href":"https:\/\/turijnmagazijn.nl\/fr\/wp-json\/wp\/v2\/product_tag?post=66179"}],"curies":[{"name":"wp","href":"https:\/\/api.w.org\/{rel}","templated":true}]}}