{"id":66183,"date":"2023-03-03T09:11:10","date_gmt":"2023-03-03T08:11:10","guid":{"rendered":"https:\/\/turijnmagazijn.nl\/product\/poignee-de-porte-piece-de-reparation-en-aluminium-massif-lancia-delta-i-integrale-nouveau\/"},"modified":"2026-03-19T18:36:26","modified_gmt":"2026-03-19T17:36:26","slug":"poignee-de-porte-reparation-partie-solide-aluminium-lancia-delta-i-integral-neuf","status":"publish","type":"product","link":"https:\/\/turijnmagazijn.nl\/fr\/produit\/poignee-de-porte-reparation-partie-solide-aluminium-lancia-delta-i-integral-neuf\/","title":{"rendered":"Poign\u00e9e de porte pi\u00e8ce de r\u00e9paration en aluminium massif Lancia Delta I Integrale -NOUVEAU-"},"content":{"rendered":"<p><span style=\"color: #ff0000;\"><strong>NOUVEAU DESIGN<\/strong><\/span><strong>  Veuillez noter qu&rsquo;\u00e0 partir de mai 2025, nous fournirons une version avec une conception am\u00e9lior\u00e9e qui \u00e9limine la n\u00e9cessit\u00e9 de modifier (meuler) l&rsquo;arbre. Voir les photos avec le texte ombr\u00e9 en rouge pour l&rsquo;image exacte du type de poign\u00e9e de porte en aliminium que vous recevrez. <\/strong><\/p>\n<p>Produit unique, une reproduction nettement meilleure que l\u2019original. Est un produit frais\u00e9 \u00e0 partir d\u2019aluminium massif pour remplacer la partie de la poign\u00e9e de porte qui est d\u00e9plac\u00e9e \u00e0 la main. \u00c0 l\u2019origine, cette partie de la poign\u00e9e de porte est en plastique avec un morceau de plaque d\u2019aluminium pulv\u00e9ris\u00e9 serr\u00e9 autour d\u2019elle. La plaque d\u2019origine est sujette aux rayures, et finalement le plastique s\u2019alt\u00e8re \u00e0 un point tel que la poign\u00e9e de porte n\u2019est plus utilisable. Ce produit de remplacement en aluminium massif est anodis\u00e9 en noir, avec un aspect mat.<\/p>\n<p>Inscription sur les poign\u00e9es l\u00e2ches dans le cas o\u00f9 vous avez l\u2019une des marques Cromodora est:<\/p>\n<p>CROMODORA 82377187 (Pour r\u00e9f\u00e9rence seulement)<\/p>\n<p>L\u2019ensemble poign\u00e9e de porte d\u2019origine peut \u00eatre r\u00e9par\u00e9 avec ce produit, tout en offrant une apparence beaucoup plus agr\u00e9able qui n\u2019est plus perdue. Cela \u00e9vite d\u2019avoir \u00e0 acheter une nouvelle poign\u00e9e de porte, qui n\u2019est plus disponible neuve.<\/p>\n<p>Dans certains cas, une couture coul\u00e9e sur l\u2019arbre doit \u00eatre vendue bri\u00e8vement aux ench\u00e8res pour obtenir un ajustement, de plus le remplacement est tr\u00e8s facile et avec l\u2019assemblage de poign\u00e9e de porte d\u00e9mont\u00e9 est pr\u00eat en quelques minutes.<\/p>\n<p>Regardez notre vid\u00e9o produit pour une explication simple de la fa\u00e7on de r\u00e9gler l\u2019arbre.<\/p>\n<p><iframe src=\"https:\/\/player.vimeo.com\/video\/184229956\" width=\"640\" height=\"360\" frameborder=\"0\" allowfullscreen=\"allowfullscreen\"><\/iframe><\/p>\n<p><a href=\"https:\/\/vimeo.com\/184229956\">Vid\u00e9o d\u2019instructions par poign\u00e9e Lancia Delta integrale<\/a> de <a href=\"https:\/\/vimeo.com\/user57124386\">Raymond Bosch<\/a> on <a href=\"https:\/\/vimeo.com\/\">Vimeo<\/a>.<\/p>\n<div><\/div>\n<p>Logiquement, il est recommand\u00e9 de commander un ensemble de 4 pi\u00e8ces en raison de l\u2019aspect uniforme des poign\u00e9es.<\/p>\n<p>Applicable pour tous les types de Lancia Delta 1 ans 1986 \u00e0 1994.<\/p>\n<p>Il en va de m\u00eame pour Delta 4WD, Delta integral 8v, Delta integral 16V, Delta integral EVO I et Delta integral EVO II<\/p>\n<p>OEM de poign\u00e9e de porte d\u2019origine POUR R\u00c9F\u00c9RENCE SEULEMENT :<\/p>\n<p><span style=\"text-align: -webkit-right;\"><br \/>\n82392490<\/span> <span style=\"text-align: -webkit-right;\"><br \/>\n82392491<\/span> <span style=\"text-align: -webkit-right;\"><br \/>\n82468874<\/span> <span style=\"text-align: -webkit-right;\">82468873<\/span><\/p>\n<p>&nbsp;<\/p>\n","protected":false},"excerpt":{"rendered":"<p>Poign\u00e9e de porte pi\u00e8ce de r\u00e9paration en aluminium massif Lancia Delta I &#8211; Produit unique, une reproduction nettement meilleure que l\u2019original. Poign\u00e9e de porte pi\u00e8ce de r\u00e9paration en aluminium massif Lancia Delta I Integrale &#8211; Produit unique, une reproduction qui significativement<\/p>\n","protected":false},"featured_media":55968,"comment_status":"closed","ping_status":"closed","template":"","meta":{"_acf_changed":false},"product_brand":[],"product_cat":[1806,1821,1825,1836,1830,1838,1798],"product_tag":[],"class_list":{"0":"post-66183","1":"product","2":"type-product","3":"status-publish","4":"has-post-thumbnail","6":"product_cat-delta-1-831-fr","7":"product_cat-hf-4wd-fr","8":"product_cat-hf-turbo-fr","9":"product_cat-integrale-16v-fr","10":"product_cat-integrale-8v-fr","11":"product_cat-integrale-evo-fr","12":"product_cat-lancia-fr","13":"pa_soort-onderdeel-carrosserie-et-tolerie","15":"first","16":"instock","17":"taxable","18":"shipping-taxable","19":"purchasable","20":"product-type-simple"},"acf":[],"yoast_head":"<!-- This site is optimized with the Yoast SEO plugin v27.3 - https:\/\/yoast.com\/product\/yoast-seo-wordpress\/ -->\n<title>Poign\u00e9e de porte pi\u00e8ce de r\u00e9paration en aluminium massif Lancia Delta I Integrale -NOUVEAU- Turijnmagazijn<\/title>\n<meta name=\"robots\" content=\"index, follow, max-snippet:-1, max-image-preview:large, max-video-preview:-1\" \/>\n<link rel=\"canonical\" href=\"https:\/\/turijnmagazijn.nl\/fr\/produit\/poignee-de-porte-reparation-partie-solide-aluminium-lancia-delta-i-integral-neuf\/\" \/>\n<meta property=\"og:locale\" content=\"fr_FR\" \/>\n<meta property=\"og:type\" content=\"article\" \/>\n<meta property=\"og:title\" content=\"Poign\u00e9e de porte pi\u00e8ce de r\u00e9paration en aluminium massif Lancia Delta I Integrale -NOUVEAU- Turijnmagazijn\" \/>\n<meta property=\"og:description\" content=\"Poign\u00e9e de porte pi\u00e8ce de r\u00e9paration en aluminium massif Lancia Delta I - Produit unique, une reproduction nettement meilleure que l\u2019original. Poign\u00e9e de porte pi\u00e8ce de r\u00e9paration en aluminium massif Lancia Delta I Integrale - Produit unique, une reproduction qui significativement\" \/>\n<meta property=\"og:url\" content=\"https:\/\/turijnmagazijn.nl\/fr\/produit\/poignee-de-porte-reparation-partie-solide-aluminium-lancia-delta-i-integral-neuf\/\" \/>\n<meta property=\"og:site_name\" content=\"Turijnmagazijn\" \/>\n<meta property=\"article:publisher\" content=\"https:\/\/www.facebook.com\/turijnmagazijn\" \/>\n<meta property=\"article:modified_time\" content=\"2026-03-19T17:36:26+00:00\" \/>\n<meta property=\"og:image\" content=\"https:\/\/turijnmagazijn.nl\/wp-content\/uploads\/2023\/03\/RG00100001_Lancia_Delta_integrale_doorhandle_3_Custom-1.jpg\" \/>\n\t<meta property=\"og:image:width\" content=\"800\" \/>\n\t<meta property=\"og:image:height\" content=\"600\" \/>\n\t<meta property=\"og:image:type\" content=\"image\/jpeg\" \/>\n<meta name=\"twitter:card\" content=\"summary_large_image\" \/>\n<meta name=\"twitter:label1\" content=\"Dur\u00e9e de lecture estim\u00e9e\" \/>\n\t<meta name=\"twitter:data1\" content=\"2 minutes\" \/>\n<script type=\"application\/ld+json\" class=\"yoast-schema-graph\">{\"@context\":\"https:\\\/\\\/schema.org\",\"@graph\":[{\"@type\":\"WebPage\",\"@id\":\"https:\\\/\\\/turijnmagazijn.nl\\\/fr\\\/produit\\\/poignee-de-porte-reparation-partie-solide-aluminium-lancia-delta-i-integral-neuf\\\/\",\"url\":\"https:\\\/\\\/turijnmagazijn.nl\\\/fr\\\/produit\\\/poignee-de-porte-reparation-partie-solide-aluminium-lancia-delta-i-integral-neuf\\\/\",\"name\":\"Poign\u00e9e de porte pi\u00e8ce de r\u00e9paration en aluminium massif Lancia Delta I Integrale -NOUVEAU- Turijnmagazijn\",\"isPartOf\":{\"@id\":\"https:\\\/\\\/turijnmagazijn.jumpstone-dev.nl\\\/#website\"},\"primaryImageOfPage\":{\"@id\":\"https:\\\/\\\/turijnmagazijn.nl\\\/fr\\\/produit\\\/poignee-de-porte-reparation-partie-solide-aluminium-lancia-delta-i-integral-neuf\\\/#primaryimage\"},\"image\":{\"@id\":\"https:\\\/\\\/turijnmagazijn.nl\\\/fr\\\/produit\\\/poignee-de-porte-reparation-partie-solide-aluminium-lancia-delta-i-integral-neuf\\\/#primaryimage\"},\"thumbnailUrl\":\"https:\\\/\\\/turijnmagazijn.nl\\\/wp-content\\\/uploads\\\/2023\\\/03\\\/RG00100001_Lancia_Delta_integrale_doorhandle_3_Custom-1.jpg\",\"datePublished\":\"2023-03-03T08:11:10+00:00\",\"dateModified\":\"2026-03-19T17:36:26+00:00\",\"breadcrumb\":{\"@id\":\"https:\\\/\\\/turijnmagazijn.nl\\\/fr\\\/produit\\\/poignee-de-porte-reparation-partie-solide-aluminium-lancia-delta-i-integral-neuf\\\/#breadcrumb\"},\"inLanguage\":\"fr-FR\",\"potentialAction\":[{\"@type\":\"ReadAction\",\"target\":[\"https:\\\/\\\/turijnmagazijn.nl\\\/fr\\\/produit\\\/poignee-de-porte-reparation-partie-solide-aluminium-lancia-delta-i-integral-neuf\\\/\"]}]},{\"@type\":\"ImageObject\",\"inLanguage\":\"fr-FR\",\"@id\":\"https:\\\/\\\/turijnmagazijn.nl\\\/fr\\\/produit\\\/poignee-de-porte-reparation-partie-solide-aluminium-lancia-delta-i-integral-neuf\\\/#primaryimage\",\"url\":\"https:\\\/\\\/turijnmagazijn.nl\\\/wp-content\\\/uploads\\\/2023\\\/03\\\/RG00100001_Lancia_Delta_integrale_doorhandle_3_Custom-1.jpg\",\"contentUrl\":\"https:\\\/\\\/turijnmagazijn.nl\\\/wp-content\\\/uploads\\\/2023\\\/03\\\/RG00100001_Lancia_Delta_integrale_doorhandle_3_Custom-1.jpg\",\"width\":800,\"height\":600},{\"@type\":\"BreadcrumbList\",\"@id\":\"https:\\\/\\\/turijnmagazijn.nl\\\/fr\\\/produit\\\/poignee-de-porte-reparation-partie-solide-aluminium-lancia-delta-i-integral-neuf\\\/#breadcrumb\",\"itemListElement\":[{\"@type\":\"ListItem\",\"position\":1,\"name\":\"Home\",\"item\":\"https:\\\/\\\/turijnmagazijn.nl\\\/fr\\\/\"},{\"@type\":\"ListItem\",\"position\":2,\"name\":\"Produits\",\"item\":\"https:\\\/\\\/turijnmagazijn.nl\\\/fr\\\/shop\\\/\"},{\"@type\":\"ListItem\",\"position\":3,\"name\":\"Poign\u00e9e de porte pi\u00e8ce de r\u00e9paration en aluminium massif Lancia Delta I Integrale -NOUVEAU-\"}]},{\"@type\":\"WebSite\",\"@id\":\"https:\\\/\\\/turijnmagazijn.jumpstone-dev.nl\\\/#website\",\"url\":\"https:\\\/\\\/turijnmagazijn.jumpstone-dev.nl\\\/\",\"name\":\"Turijnmagazijn\",\"description\":\"Onderdelen nieuw en gebruikt - Fiat &amp; Lancia\",\"publisher\":{\"@id\":\"https:\\\/\\\/turijnmagazijn.jumpstone-dev.nl\\\/#organization\"},\"potentialAction\":[{\"@type\":\"SearchAction\",\"target\":{\"@type\":\"EntryPoint\",\"urlTemplate\":\"https:\\\/\\\/turijnmagazijn.jumpstone-dev.nl\\\/?s={search_term_string}\"},\"query-input\":{\"@type\":\"PropertyValueSpecification\",\"valueRequired\":true,\"valueName\":\"search_term_string\"}}],\"inLanguage\":\"fr-FR\"},{\"@type\":\"Organization\",\"@id\":\"https:\\\/\\\/turijnmagazijn.jumpstone-dev.nl\\\/#organization\",\"name\":\"Turijnmagazijn\",\"url\":\"https:\\\/\\\/turijnmagazijn.jumpstone-dev.nl\\\/\",\"logo\":{\"@type\":\"ImageObject\",\"inLanguage\":\"fr-FR\",\"@id\":\"https:\\\/\\\/turijnmagazijn.jumpstone-dev.nl\\\/#\\\/schema\\\/logo\\\/image\\\/\",\"url\":\"https:\\\/\\\/turijnmagazijn.nl\\\/wp-content\\\/uploads\\\/2021\\\/02\\\/turijnmagazijnlogo.png\",\"contentUrl\":\"https:\\\/\\\/turijnmagazijn.nl\\\/wp-content\\\/uploads\\\/2021\\\/02\\\/turijnmagazijnlogo.png\",\"width\":555,\"height\":270,\"caption\":\"Turijnmagazijn\"},\"image\":{\"@id\":\"https:\\\/\\\/turijnmagazijn.jumpstone-dev.nl\\\/#\\\/schema\\\/logo\\\/image\\\/\"},\"sameAs\":[\"https:\\\/\\\/www.facebook.com\\\/turijnmagazijn\"]}]}<\/script>\n<!-- \/ Yoast SEO plugin. -->","yoast_head_json":{"title":"Poign\u00e9e de porte pi\u00e8ce de r\u00e9paration en aluminium massif Lancia Delta I Integrale -NOUVEAU- Turijnmagazijn","robots":{"index":"index","follow":"follow","max-snippet":"max-snippet:-1","max-image-preview":"max-image-preview:large","max-video-preview":"max-video-preview:-1"},"canonical":"https:\/\/turijnmagazijn.nl\/fr\/produit\/poignee-de-porte-reparation-partie-solide-aluminium-lancia-delta-i-integral-neuf\/","og_locale":"fr_FR","og_type":"article","og_title":"Poign\u00e9e de porte pi\u00e8ce de r\u00e9paration en aluminium massif Lancia Delta I Integrale -NOUVEAU- Turijnmagazijn","og_description":"Poign\u00e9e de porte pi\u00e8ce de r\u00e9paration en aluminium massif Lancia Delta I - Produit unique, une reproduction nettement meilleure que l\u2019original. Poign\u00e9e de porte pi\u00e8ce de r\u00e9paration en aluminium massif Lancia Delta I Integrale - Produit unique, une reproduction qui significativement","og_url":"https:\/\/turijnmagazijn.nl\/fr\/produit\/poignee-de-porte-reparation-partie-solide-aluminium-lancia-delta-i-integral-neuf\/","og_site_name":"Turijnmagazijn","article_publisher":"https:\/\/www.facebook.com\/turijnmagazijn","article_modified_time":"2026-03-19T17:36:26+00:00","og_image":[{"width":800,"height":600,"url":"https:\/\/turijnmagazijn.nl\/wp-content\/uploads\/2023\/03\/RG00100001_Lancia_Delta_integrale_doorhandle_3_Custom-1.jpg","type":"image\/jpeg"}],"twitter_card":"summary_large_image","twitter_misc":{"Dur\u00e9e de lecture estim\u00e9e":"2 minutes"},"schema":{"@context":"https:\/\/schema.org","@graph":[{"@type":"WebPage","@id":"https:\/\/turijnmagazijn.nl\/fr\/produit\/poignee-de-porte-reparation-partie-solide-aluminium-lancia-delta-i-integral-neuf\/","url":"https:\/\/turijnmagazijn.nl\/fr\/produit\/poignee-de-porte-reparation-partie-solide-aluminium-lancia-delta-i-integral-neuf\/","name":"Poign\u00e9e de porte pi\u00e8ce de r\u00e9paration en aluminium massif Lancia Delta I Integrale -NOUVEAU- Turijnmagazijn","isPartOf":{"@id":"https:\/\/turijnmagazijn.jumpstone-dev.nl\/#website"},"primaryImageOfPage":{"@id":"https:\/\/turijnmagazijn.nl\/fr\/produit\/poignee-de-porte-reparation-partie-solide-aluminium-lancia-delta-i-integral-neuf\/#primaryimage"},"image":{"@id":"https:\/\/turijnmagazijn.nl\/fr\/produit\/poignee-de-porte-reparation-partie-solide-aluminium-lancia-delta-i-integral-neuf\/#primaryimage"},"thumbnailUrl":"https:\/\/turijnmagazijn.nl\/wp-content\/uploads\/2023\/03\/RG00100001_Lancia_Delta_integrale_doorhandle_3_Custom-1.jpg","datePublished":"2023-03-03T08:11:10+00:00","dateModified":"2026-03-19T17:36:26+00:00","breadcrumb":{"@id":"https:\/\/turijnmagazijn.nl\/fr\/produit\/poignee-de-porte-reparation-partie-solide-aluminium-lancia-delta-i-integral-neuf\/#breadcrumb"},"inLanguage":"fr-FR","potentialAction":[{"@type":"ReadAction","target":["https:\/\/turijnmagazijn.nl\/fr\/produit\/poignee-de-porte-reparation-partie-solide-aluminium-lancia-delta-i-integral-neuf\/"]}]},{"@type":"ImageObject","inLanguage":"fr-FR","@id":"https:\/\/turijnmagazijn.nl\/fr\/produit\/poignee-de-porte-reparation-partie-solide-aluminium-lancia-delta-i-integral-neuf\/#primaryimage","url":"https:\/\/turijnmagazijn.nl\/wp-content\/uploads\/2023\/03\/RG00100001_Lancia_Delta_integrale_doorhandle_3_Custom-1.jpg","contentUrl":"https:\/\/turijnmagazijn.nl\/wp-content\/uploads\/2023\/03\/RG00100001_Lancia_Delta_integrale_doorhandle_3_Custom-1.jpg","width":800,"height":600},{"@type":"BreadcrumbList","@id":"https:\/\/turijnmagazijn.nl\/fr\/produit\/poignee-de-porte-reparation-partie-solide-aluminium-lancia-delta-i-integral-neuf\/#breadcrumb","itemListElement":[{"@type":"ListItem","position":1,"name":"Home","item":"https:\/\/turijnmagazijn.nl\/fr\/"},{"@type":"ListItem","position":2,"name":"Produits","item":"https:\/\/turijnmagazijn.nl\/fr\/shop\/"},{"@type":"ListItem","position":3,"name":"Poign\u00e9e de porte pi\u00e8ce de r\u00e9paration en aluminium massif Lancia Delta I Integrale -NOUVEAU-"}]},{"@type":"WebSite","@id":"https:\/\/turijnmagazijn.jumpstone-dev.nl\/#website","url":"https:\/\/turijnmagazijn.jumpstone-dev.nl\/","name":"Turijnmagazijn","description":"Onderdelen nieuw en gebruikt - Fiat &amp; Lancia","publisher":{"@id":"https:\/\/turijnmagazijn.jumpstone-dev.nl\/#organization"},"potentialAction":[{"@type":"SearchAction","target":{"@type":"EntryPoint","urlTemplate":"https:\/\/turijnmagazijn.jumpstone-dev.nl\/?s={search_term_string}"},"query-input":{"@type":"PropertyValueSpecification","valueRequired":true,"valueName":"search_term_string"}}],"inLanguage":"fr-FR"},{"@type":"Organization","@id":"https:\/\/turijnmagazijn.jumpstone-dev.nl\/#organization","name":"Turijnmagazijn","url":"https:\/\/turijnmagazijn.jumpstone-dev.nl\/","logo":{"@type":"ImageObject","inLanguage":"fr-FR","@id":"https:\/\/turijnmagazijn.jumpstone-dev.nl\/#\/schema\/logo\/image\/","url":"https:\/\/turijnmagazijn.nl\/wp-content\/uploads\/2021\/02\/turijnmagazijnlogo.png","contentUrl":"https:\/\/turijnmagazijn.nl\/wp-content\/uploads\/2021\/02\/turijnmagazijnlogo.png","width":555,"height":270,"caption":"Turijnmagazijn"},"image":{"@id":"https:\/\/turijnmagazijn.jumpstone-dev.nl\/#\/schema\/logo\/image\/"},"sameAs":["https:\/\/www.facebook.com\/turijnmagazijn"]}]}},"_links":{"self":[{"href":"https:\/\/turijnmagazijn.nl\/fr\/wp-json\/wp\/v2\/product\/66183","targetHints":{"allow":["GET"]}}],"collection":[{"href":"https:\/\/turijnmagazijn.nl\/fr\/wp-json\/wp\/v2\/product"}],"about":[{"href":"https:\/\/turijnmagazijn.nl\/fr\/wp-json\/wp\/v2\/types\/product"}],"replies":[{"embeddable":true,"href":"https:\/\/turijnmagazijn.nl\/fr\/wp-json\/wp\/v2\/comments?post=66183"}],"wp:featuredmedia":[{"embeddable":true,"href":"https:\/\/turijnmagazijn.nl\/fr\/wp-json\/wp\/v2\/media\/55968"}],"wp:attachment":[{"href":"https:\/\/turijnmagazijn.nl\/fr\/wp-json\/wp\/v2\/media?parent=66183"}],"wp:term":[{"taxonomy":"product_brand","embeddable":true,"href":"https:\/\/turijnmagazijn.nl\/fr\/wp-json\/wp\/v2\/product_brand?post=66183"},{"taxonomy":"product_cat","embeddable":true,"href":"https:\/\/turijnmagazijn.nl\/fr\/wp-json\/wp\/v2\/product_cat?post=66183"},{"taxonomy":"product_tag","embeddable":true,"href":"https:\/\/turijnmagazijn.nl\/fr\/wp-json\/wp\/v2\/product_tag?post=66183"}],"curies":[{"name":"wp","href":"https:\/\/api.w.org\/{rel}","templated":true}]}}