{"id":66197,"date":"2023-03-03T10:11:34","date_gmt":"2023-03-03T09:11:34","guid":{"rendered":"https:\/\/turijnmagazijn.nl\/product\/jeu-de-tiges-de-reparation-essuie-glace-alfa-romeo-156\/"},"modified":"2023-07-27T12:53:18","modified_gmt":"2023-07-27T10:53:18","slug":"reparation-tiges-set-pare-glace-alfa-romeo-156","status":"publish","type":"product","link":"https:\/\/turijnmagazijn.nl\/fr\/produit\/reparation-tiges-set-pare-glace-alfa-romeo-156\/","title":{"rendered":"Jeu de tiges de r\u00e9paration Essuie-glace Alfa Romeo 156"},"content":{"rendered":"<p><a style=\"background-color: #ffffff; color: #23527c; outline: 0px;\" href=\"https:\/\/turijnmagazijn.nl\/fr\/expedition-par-boite-aux-lettres\/\" target=\"\" rel=\"noopener\"><img decoding=\"async\" src=\"https:\/\/www.delenkorf.nl\/image\/catalog\/brievenbus.png\"><\/a><\/p>\n<p>Kit de r\u00e9paration pour le m\u00e9canisme d\u2019essuie-glace pour Alfa Romeo 156 incluant le mod\u00e8le facelift.<\/p>\n<p>Ce kit de r\u00e9paration est une solution simple et bon march\u00e9 au probl\u00e8me courant des essuie-glaces avec ce type d\u2019Alfa Romeo 156.<\/p>\n<p>Le probl\u00e8me sous-jacent est la construction des articulations dans le syst\u00e8me de tiges qui fait que les bras se d\u00e9placent de mani\u00e8re in\u00e9gale, se touchent ou arr\u00eatent compl\u00e8tement l\u2019un ou les deux bras. Souvent, cela peut \u00eatre r\u00e9solu temporairement en cliquant sur la goupille m\u00e9tallique dans le joint en plastique, mais cela ne dure jamais longtemps. Chaque fois, l\u2019ajustement de l\u2019articulation s\u2019aggrave.<\/p>\n<p>Une soci\u00e9t\u00e9 anglaise a d\u00e9velopp\u00e9 ce kit de r\u00e9paration pour Alfa Romeo 156 avec lequel ce probl\u00e8me peut \u00eatre r\u00e9solu d\u00e9finitivement.<\/p>\n<p>L\u2019unit\u00e9 d\u2019essuie-glace doit \u00eatre d\u00e9mont\u00e9e de la voiture, puis les tiges peuvent \u00eatre remplac\u00e9es par des outils simples. Une instruction en anglais pour la rerparation est incluse avec l\u2019ensemble.<\/p>\n<p>Avec cet ensemble, vous \u00eates d\u00e9finitivement d\u00e9barrass\u00e9 de ce probl\u00e8me ennuyeux et dangereux pour une fraction du prix d\u2019un nouvel ensemble d\u2019essuie-glace.<\/p>\n<p>&nbsp;<\/p>\n<p>&nbsp;<\/p>\n","protected":false},"excerpt":{"rendered":"<p>Kit de r\u00e9paration d\u2019essuie-glace Jeu de tiges Essuie-glace Alfa Romeo 156 &#8211; Kit de r\u00e9paration pour le m\u00e9canisme d\u2019essuie-glace pour Alfa Romeo 156 incluant le mod\u00e8le facelift.<\/p>\n","protected":false},"featured_media":56068,"comment_status":"open","ping_status":"closed","template":"","meta":{"_acf_changed":false},"product_brand":[],"product_cat":[1690,1752],"product_tag":[],"class_list":{"0":"post-66197","1":"product","2":"type-product","3":"status-publish","4":"has-post-thumbnail","6":"product_cat-fiat-fr","7":"product_cat-punto-2-188-fr","8":"pa_soort-onderdeel-fenetres-et-accessoires","10":"first","11":"instock","12":"taxable","13":"shipping-taxable","14":"purchasable","15":"product-type-simple"},"acf":[],"yoast_head":"<!-- This site is optimized with the Yoast SEO plugin v27.2 - https:\/\/yoast.com\/product\/yoast-seo-wordpress\/ -->\n<title>Jeu de tiges de r\u00e9paration Essuie-glace Alfa Romeo 156 - Turijnmagazijn<\/title>\n<meta name=\"robots\" content=\"index, follow, max-snippet:-1, max-image-preview:large, max-video-preview:-1\" \/>\n<link rel=\"canonical\" href=\"https:\/\/turijnmagazijn.nl\/fr\/produit\/reparation-tiges-set-pare-glace-alfa-romeo-156\/\" \/>\n<meta property=\"og:locale\" content=\"fr_FR\" \/>\n<meta property=\"og:type\" content=\"article\" \/>\n<meta property=\"og:title\" content=\"Jeu de tiges de r\u00e9paration Essuie-glace Alfa Romeo 156 - Turijnmagazijn\" \/>\n<meta property=\"og:description\" content=\"Kit de r\u00e9paration d\u2019essuie-glace Jeu de tiges Essuie-glace Alfa Romeo 156 - Kit de r\u00e9paration pour le m\u00e9canisme d\u2019essuie-glace pour Alfa Romeo 156 incluant le mod\u00e8le facelift.\" \/>\n<meta property=\"og:url\" content=\"https:\/\/turijnmagazijn.nl\/fr\/produit\/reparation-tiges-set-pare-glace-alfa-romeo-156\/\" \/>\n<meta property=\"og:site_name\" content=\"Turijnmagazijn\" \/>\n<meta property=\"article:publisher\" content=\"https:\/\/www.facebook.com\/turijnmagazijn\" \/>\n<meta property=\"article:modified_time\" content=\"2023-07-27T10:53:18+00:00\" \/>\n<meta property=\"og:image\" content=\"https:\/\/turijnmagazijn.nl\/wp-content\/uploads\/2023\/03\/WL00100003-Reparatie-Stangen-set-Ruitenwisser-Alfa-Romeo-156-5-1.jpg\" \/>\n\t<meta property=\"og:image:width\" content=\"1024\" \/>\n\t<meta property=\"og:image:height\" content=\"768\" \/>\n\t<meta property=\"og:image:type\" content=\"image\/jpeg\" \/>\n<meta name=\"twitter:card\" content=\"summary_large_image\" \/>\n<meta name=\"twitter:label1\" content=\"Dur\u00e9e de lecture estim\u00e9e\" \/>\n\t<meta name=\"twitter:data1\" content=\"1 minute\" \/>\n<script type=\"application\/ld+json\" class=\"yoast-schema-graph\">{\"@context\":\"https:\/\/schema.org\",\"@graph\":[{\"@type\":\"WebPage\",\"@id\":\"https:\/\/turijnmagazijn.nl\/fr\/produit\/reparation-tiges-set-pare-glace-alfa-romeo-156\/\",\"url\":\"https:\/\/turijnmagazijn.nl\/fr\/produit\/reparation-tiges-set-pare-glace-alfa-romeo-156\/\",\"name\":\"Jeu de tiges de r\u00e9paration Essuie-glace Alfa Romeo 156 - Turijnmagazijn\",\"isPartOf\":{\"@id\":\"https:\/\/turijnmagazijn.jumpstone-dev.nl\/#website\"},\"primaryImageOfPage\":{\"@id\":\"https:\/\/turijnmagazijn.nl\/fr\/produit\/reparation-tiges-set-pare-glace-alfa-romeo-156\/#primaryimage\"},\"image\":{\"@id\":\"https:\/\/turijnmagazijn.nl\/fr\/produit\/reparation-tiges-set-pare-glace-alfa-romeo-156\/#primaryimage\"},\"thumbnailUrl\":\"https:\/\/turijnmagazijn.nl\/wp-content\/uploads\/2023\/03\/WL00100003-Reparatie-Stangen-set-Ruitenwisser-Alfa-Romeo-156-5-1.jpg\",\"datePublished\":\"2023-03-03T09:11:34+00:00\",\"dateModified\":\"2023-07-27T10:53:18+00:00\",\"breadcrumb\":{\"@id\":\"https:\/\/turijnmagazijn.nl\/fr\/produit\/reparation-tiges-set-pare-glace-alfa-romeo-156\/#breadcrumb\"},\"inLanguage\":\"fr-FR\",\"potentialAction\":[{\"@type\":\"ReadAction\",\"target\":[\"https:\/\/turijnmagazijn.nl\/fr\/produit\/reparation-tiges-set-pare-glace-alfa-romeo-156\/\"]}]},{\"@type\":\"ImageObject\",\"inLanguage\":\"fr-FR\",\"@id\":\"https:\/\/turijnmagazijn.nl\/fr\/produit\/reparation-tiges-set-pare-glace-alfa-romeo-156\/#primaryimage\",\"url\":\"https:\/\/turijnmagazijn.nl\/wp-content\/uploads\/2023\/03\/WL00100003-Reparatie-Stangen-set-Ruitenwisser-Alfa-Romeo-156-5-1.jpg\",\"contentUrl\":\"https:\/\/turijnmagazijn.nl\/wp-content\/uploads\/2023\/03\/WL00100003-Reparatie-Stangen-set-Ruitenwisser-Alfa-Romeo-156-5-1.jpg\",\"width\":1024,\"height\":768},{\"@type\":\"BreadcrumbList\",\"@id\":\"https:\/\/turijnmagazijn.nl\/fr\/produit\/reparation-tiges-set-pare-glace-alfa-romeo-156\/#breadcrumb\",\"itemListElement\":[{\"@type\":\"ListItem\",\"position\":1,\"name\":\"Home\",\"item\":\"https:\/\/turijnmagazijn.nl\/fr\/\"},{\"@type\":\"ListItem\",\"position\":2,\"name\":\"Produits\",\"item\":\"https:\/\/turijnmagazijn.nl\/fr\/shop\/\"},{\"@type\":\"ListItem\",\"position\":3,\"name\":\"Jeu de tiges de r\u00e9paration Essuie-glace Alfa Romeo 156\"}]},{\"@type\":\"WebSite\",\"@id\":\"https:\/\/turijnmagazijn.jumpstone-dev.nl\/#website\",\"url\":\"https:\/\/turijnmagazijn.jumpstone-dev.nl\/\",\"name\":\"Turijnmagazijn\",\"description\":\"Onderdelen nieuw en gebruikt - Fiat &amp; Lancia\",\"publisher\":{\"@id\":\"https:\/\/turijnmagazijn.jumpstone-dev.nl\/#organization\"},\"potentialAction\":[{\"@type\":\"SearchAction\",\"target\":{\"@type\":\"EntryPoint\",\"urlTemplate\":\"https:\/\/turijnmagazijn.jumpstone-dev.nl\/?s={search_term_string}\"},\"query-input\":{\"@type\":\"PropertyValueSpecification\",\"valueRequired\":true,\"valueName\":\"search_term_string\"}}],\"inLanguage\":\"fr-FR\"},{\"@type\":\"Organization\",\"@id\":\"https:\/\/turijnmagazijn.jumpstone-dev.nl\/#organization\",\"name\":\"Turijnmagazijn\",\"url\":\"https:\/\/turijnmagazijn.jumpstone-dev.nl\/\",\"logo\":{\"@type\":\"ImageObject\",\"inLanguage\":\"fr-FR\",\"@id\":\"https:\/\/turijnmagazijn.jumpstone-dev.nl\/#\/schema\/logo\/image\/\",\"url\":\"https:\/\/turijnmagazijn.nl\/wp-content\/uploads\/2021\/02\/turijnmagazijnlogo.png\",\"contentUrl\":\"https:\/\/turijnmagazijn.nl\/wp-content\/uploads\/2021\/02\/turijnmagazijnlogo.png\",\"width\":555,\"height\":270,\"caption\":\"Turijnmagazijn\"},\"image\":{\"@id\":\"https:\/\/turijnmagazijn.jumpstone-dev.nl\/#\/schema\/logo\/image\/\"},\"sameAs\":[\"https:\/\/www.facebook.com\/turijnmagazijn\"]}]}<\/script>\n<!-- \/ Yoast SEO plugin. -->","yoast_head_json":{"title":"Jeu de tiges de r\u00e9paration Essuie-glace Alfa Romeo 156 - Turijnmagazijn","robots":{"index":"index","follow":"follow","max-snippet":"max-snippet:-1","max-image-preview":"max-image-preview:large","max-video-preview":"max-video-preview:-1"},"canonical":"https:\/\/turijnmagazijn.nl\/fr\/produit\/reparation-tiges-set-pare-glace-alfa-romeo-156\/","og_locale":"fr_FR","og_type":"article","og_title":"Jeu de tiges de r\u00e9paration Essuie-glace Alfa Romeo 156 - Turijnmagazijn","og_description":"Kit de r\u00e9paration d\u2019essuie-glace Jeu de tiges Essuie-glace Alfa Romeo 156 - Kit de r\u00e9paration pour le m\u00e9canisme d\u2019essuie-glace pour Alfa Romeo 156 incluant le mod\u00e8le facelift.","og_url":"https:\/\/turijnmagazijn.nl\/fr\/produit\/reparation-tiges-set-pare-glace-alfa-romeo-156\/","og_site_name":"Turijnmagazijn","article_publisher":"https:\/\/www.facebook.com\/turijnmagazijn","article_modified_time":"2023-07-27T10:53:18+00:00","og_image":[{"width":1024,"height":768,"url":"https:\/\/turijnmagazijn.nl\/wp-content\/uploads\/2023\/03\/WL00100003-Reparatie-Stangen-set-Ruitenwisser-Alfa-Romeo-156-5-1.jpg","type":"image\/jpeg"}],"twitter_card":"summary_large_image","twitter_misc":{"Dur\u00e9e de lecture estim\u00e9e":"1 minute"},"schema":{"@context":"https:\/\/schema.org","@graph":[{"@type":"WebPage","@id":"https:\/\/turijnmagazijn.nl\/fr\/produit\/reparation-tiges-set-pare-glace-alfa-romeo-156\/","url":"https:\/\/turijnmagazijn.nl\/fr\/produit\/reparation-tiges-set-pare-glace-alfa-romeo-156\/","name":"Jeu de tiges de r\u00e9paration Essuie-glace Alfa Romeo 156 - Turijnmagazijn","isPartOf":{"@id":"https:\/\/turijnmagazijn.jumpstone-dev.nl\/#website"},"primaryImageOfPage":{"@id":"https:\/\/turijnmagazijn.nl\/fr\/produit\/reparation-tiges-set-pare-glace-alfa-romeo-156\/#primaryimage"},"image":{"@id":"https:\/\/turijnmagazijn.nl\/fr\/produit\/reparation-tiges-set-pare-glace-alfa-romeo-156\/#primaryimage"},"thumbnailUrl":"https:\/\/turijnmagazijn.nl\/wp-content\/uploads\/2023\/03\/WL00100003-Reparatie-Stangen-set-Ruitenwisser-Alfa-Romeo-156-5-1.jpg","datePublished":"2023-03-03T09:11:34+00:00","dateModified":"2023-07-27T10:53:18+00:00","breadcrumb":{"@id":"https:\/\/turijnmagazijn.nl\/fr\/produit\/reparation-tiges-set-pare-glace-alfa-romeo-156\/#breadcrumb"},"inLanguage":"fr-FR","potentialAction":[{"@type":"ReadAction","target":["https:\/\/turijnmagazijn.nl\/fr\/produit\/reparation-tiges-set-pare-glace-alfa-romeo-156\/"]}]},{"@type":"ImageObject","inLanguage":"fr-FR","@id":"https:\/\/turijnmagazijn.nl\/fr\/produit\/reparation-tiges-set-pare-glace-alfa-romeo-156\/#primaryimage","url":"https:\/\/turijnmagazijn.nl\/wp-content\/uploads\/2023\/03\/WL00100003-Reparatie-Stangen-set-Ruitenwisser-Alfa-Romeo-156-5-1.jpg","contentUrl":"https:\/\/turijnmagazijn.nl\/wp-content\/uploads\/2023\/03\/WL00100003-Reparatie-Stangen-set-Ruitenwisser-Alfa-Romeo-156-5-1.jpg","width":1024,"height":768},{"@type":"BreadcrumbList","@id":"https:\/\/turijnmagazijn.nl\/fr\/produit\/reparation-tiges-set-pare-glace-alfa-romeo-156\/#breadcrumb","itemListElement":[{"@type":"ListItem","position":1,"name":"Home","item":"https:\/\/turijnmagazijn.nl\/fr\/"},{"@type":"ListItem","position":2,"name":"Produits","item":"https:\/\/turijnmagazijn.nl\/fr\/shop\/"},{"@type":"ListItem","position":3,"name":"Jeu de tiges de r\u00e9paration Essuie-glace Alfa Romeo 156"}]},{"@type":"WebSite","@id":"https:\/\/turijnmagazijn.jumpstone-dev.nl\/#website","url":"https:\/\/turijnmagazijn.jumpstone-dev.nl\/","name":"Turijnmagazijn","description":"Onderdelen nieuw en gebruikt - Fiat &amp; Lancia","publisher":{"@id":"https:\/\/turijnmagazijn.jumpstone-dev.nl\/#organization"},"potentialAction":[{"@type":"SearchAction","target":{"@type":"EntryPoint","urlTemplate":"https:\/\/turijnmagazijn.jumpstone-dev.nl\/?s={search_term_string}"},"query-input":{"@type":"PropertyValueSpecification","valueRequired":true,"valueName":"search_term_string"}}],"inLanguage":"fr-FR"},{"@type":"Organization","@id":"https:\/\/turijnmagazijn.jumpstone-dev.nl\/#organization","name":"Turijnmagazijn","url":"https:\/\/turijnmagazijn.jumpstone-dev.nl\/","logo":{"@type":"ImageObject","inLanguage":"fr-FR","@id":"https:\/\/turijnmagazijn.jumpstone-dev.nl\/#\/schema\/logo\/image\/","url":"https:\/\/turijnmagazijn.nl\/wp-content\/uploads\/2021\/02\/turijnmagazijnlogo.png","contentUrl":"https:\/\/turijnmagazijn.nl\/wp-content\/uploads\/2021\/02\/turijnmagazijnlogo.png","width":555,"height":270,"caption":"Turijnmagazijn"},"image":{"@id":"https:\/\/turijnmagazijn.jumpstone-dev.nl\/#\/schema\/logo\/image\/"},"sameAs":["https:\/\/www.facebook.com\/turijnmagazijn"]}]}},"_links":{"self":[{"href":"https:\/\/turijnmagazijn.nl\/fr\/wp-json\/wp\/v2\/product\/66197","targetHints":{"allow":["GET"]}}],"collection":[{"href":"https:\/\/turijnmagazijn.nl\/fr\/wp-json\/wp\/v2\/product"}],"about":[{"href":"https:\/\/turijnmagazijn.nl\/fr\/wp-json\/wp\/v2\/types\/product"}],"replies":[{"embeddable":true,"href":"https:\/\/turijnmagazijn.nl\/fr\/wp-json\/wp\/v2\/comments?post=66197"}],"wp:featuredmedia":[{"embeddable":true,"href":"https:\/\/turijnmagazijn.nl\/fr\/wp-json\/wp\/v2\/media\/56068"}],"wp:attachment":[{"href":"https:\/\/turijnmagazijn.nl\/fr\/wp-json\/wp\/v2\/media?parent=66197"}],"wp:term":[{"taxonomy":"product_brand","embeddable":true,"href":"https:\/\/turijnmagazijn.nl\/fr\/wp-json\/wp\/v2\/product_brand?post=66197"},{"taxonomy":"product_cat","embeddable":true,"href":"https:\/\/turijnmagazijn.nl\/fr\/wp-json\/wp\/v2\/product_cat?post=66197"},{"taxonomy":"product_tag","embeddable":true,"href":"https:\/\/turijnmagazijn.nl\/fr\/wp-json\/wp\/v2\/product_tag?post=66197"}],"curies":[{"name":"wp","href":"https:\/\/api.w.org\/{rel}","templated":true}]}}