{"id":66246,"date":"2023-03-03T10:13:33","date_gmt":"2023-03-03T09:13:33","guid":{"rendered":"https:\/\/turijnmagazijn.nl\/product\/tendeur-de-courroie-1-4-moteur-essence-lancia-ypsilon-fiat-bravo-nouveau\/"},"modified":"2023-07-27T12:54:00","modified_gmt":"2023-07-27T10:54:00","slug":"tendeur-de-courroie-1-4-moteur-essence-lancia-ypsilon-fiat-bravo-nouveau","status":"publish","type":"product","link":"https:\/\/turijnmagazijn.nl\/fr\/produit\/tendeur-de-courroie-1-4-moteur-essence-lancia-ypsilon-fiat-bravo-nouveau\/","title":{"rendered":"Tendeur de courroie 1.4 moteur essence Lancia Ypsilon Fiat Bravo -NOUVEAU-"},"content":{"rendered":"<p>Nouveau tendeur de courroie d\u2019origine \u00e0 partir d\u2019un ancien stock OEM. (NON) Ce type de tendeur de courroie a \u00e9t\u00e9 appliqu\u00e9 aux mod\u00e8les Fiat et Lancia des ann\u00e9es 90 et 00 avec un moteur essence 1.4.<\/p>\n<p>Fabriqu\u00e9 au Canada.<\/p>\n<p>Applications:<\/p>\n<p>Lancia Ypsilon (840) \u00e9quip\u00e9e d\u2019un moteur 1.4 12V<\/p>\n<p>Fiat Marea 1.4 12V (80)<\/p>\n<p>Fiat Bravo\/Brava 1.4 et 1.4 12V<\/p>\n<p>&nbsp;<\/p>\n<p>OEM Lancia 7782192<\/p>\n","protected":false},"excerpt":{"rendered":"<p>Nouveau tendeur de courroie d\u2019origine \u00e0 partir d\u2019un ancien stock OEM. (NON) Ce type de tendeur de courroie a \u00e9t\u00e9 appliqu\u00e9 aux mod\u00e8les Fiat et Lancia des ann\u00e9es 90 et 00 avec un moteur essence 1.4.<\/p>\n","protected":false},"featured_media":56368,"comment_status":"closed","ping_status":"closed","template":"","meta":{"_acf_changed":false},"product_brand":[],"product_cat":[1709,1690,1798,1736,1914],"product_tag":[],"class_list":{"0":"post-66246","1":"product","2":"type-product","3":"status-publish","4":"has-post-thumbnail","6":"product_cat-bravo-198-fr","7":"product_cat-fiat-fr","8":"product_cat-lancia-fr","9":"product_cat-marea-185-fr","10":"product_cat-ypsilon-1-840-fr","11":"pa_soort-onderdeel-dautres-pieces-de-voiture","12":"pa_soort-onderdeel-moteur-et-accessoires","14":"first","15":"instock","16":"sale","17":"shipping-taxable","18":"purchasable","19":"product-type-simple"},"acf":[],"yoast_head":"<!-- This site is optimized with the Yoast SEO plugin v27.2 - https:\/\/yoast.com\/product\/yoast-seo-wordpress\/ -->\n<title>Tendeur de courroie 1.4 moteur essence Lancia Ypsilon Fiat Bravo -NOUVEAU- Turijnmagazijn<\/title>\n<meta name=\"robots\" content=\"index, follow, max-snippet:-1, max-image-preview:large, max-video-preview:-1\" \/>\n<link rel=\"canonical\" href=\"https:\/\/turijnmagazijn.nl\/fr\/produit\/tendeur-de-courroie-1-4-moteur-essence-lancia-ypsilon-fiat-bravo-nouveau\/\" \/>\n<meta property=\"og:locale\" content=\"fr_FR\" \/>\n<meta property=\"og:type\" content=\"article\" \/>\n<meta property=\"og:title\" content=\"Tendeur de courroie 1.4 moteur essence Lancia Ypsilon Fiat Bravo -NOUVEAU- Turijnmagazijn\" \/>\n<meta property=\"og:description\" content=\"Nouveau tendeur de courroie d\u2019origine \u00e0 partir d\u2019un ancien stock OEM. (NON) Ce type de tendeur de courroie a \u00e9t\u00e9 appliqu\u00e9 aux mod\u00e8les Fiat et Lancia des ann\u00e9es 90 et 00 avec un moteur essence 1.4.\" \/>\n<meta property=\"og:url\" content=\"https:\/\/turijnmagazijn.nl\/fr\/produit\/tendeur-de-courroie-1-4-moteur-essence-lancia-ypsilon-fiat-bravo-nouveau\/\" \/>\n<meta property=\"og:site_name\" content=\"Turijnmagazijn\" \/>\n<meta property=\"article:publisher\" content=\"https:\/\/www.facebook.com\/turijnmagazijn\" \/>\n<meta property=\"article:modified_time\" content=\"2023-07-27T10:54:00+00:00\" \/>\n<meta property=\"og:image\" content=\"https:\/\/turijnmagazijn.nl\/wp-content\/uploads\/2023\/03\/DS0108882-Riemspanner-1400-benzinemotor-Lancia-Ypsilon-Fiat-Bravo-NIEUW-3.jpg\" \/>\n\t<meta property=\"og:image:width\" content=\"1024\" \/>\n\t<meta property=\"og:image:height\" content=\"768\" \/>\n\t<meta property=\"og:image:type\" content=\"image\/jpeg\" \/>\n<meta name=\"twitter:card\" content=\"summary_large_image\" \/>\n<script type=\"application\/ld+json\" class=\"yoast-schema-graph\">{\"@context\":\"https:\/\/schema.org\",\"@graph\":[{\"@type\":\"WebPage\",\"@id\":\"https:\/\/turijnmagazijn.nl\/fr\/produit\/tendeur-de-courroie-1-4-moteur-essence-lancia-ypsilon-fiat-bravo-nouveau\/\",\"url\":\"https:\/\/turijnmagazijn.nl\/fr\/produit\/tendeur-de-courroie-1-4-moteur-essence-lancia-ypsilon-fiat-bravo-nouveau\/\",\"name\":\"Tendeur de courroie 1.4 moteur essence Lancia Ypsilon Fiat Bravo -NOUVEAU- Turijnmagazijn\",\"isPartOf\":{\"@id\":\"https:\/\/turijnmagazijn.jumpstone-dev.nl\/#website\"},\"primaryImageOfPage\":{\"@id\":\"https:\/\/turijnmagazijn.nl\/fr\/produit\/tendeur-de-courroie-1-4-moteur-essence-lancia-ypsilon-fiat-bravo-nouveau\/#primaryimage\"},\"image\":{\"@id\":\"https:\/\/turijnmagazijn.nl\/fr\/produit\/tendeur-de-courroie-1-4-moteur-essence-lancia-ypsilon-fiat-bravo-nouveau\/#primaryimage\"},\"thumbnailUrl\":\"https:\/\/turijnmagazijn.nl\/wp-content\/uploads\/2023\/03\/DS0108882-Riemspanner-1400-benzinemotor-Lancia-Ypsilon-Fiat-Bravo-NIEUW-3.jpg\",\"datePublished\":\"2023-03-03T09:13:33+00:00\",\"dateModified\":\"2023-07-27T10:54:00+00:00\",\"breadcrumb\":{\"@id\":\"https:\/\/turijnmagazijn.nl\/fr\/produit\/tendeur-de-courroie-1-4-moteur-essence-lancia-ypsilon-fiat-bravo-nouveau\/#breadcrumb\"},\"inLanguage\":\"fr-FR\",\"potentialAction\":[{\"@type\":\"ReadAction\",\"target\":[\"https:\/\/turijnmagazijn.nl\/fr\/produit\/tendeur-de-courroie-1-4-moteur-essence-lancia-ypsilon-fiat-bravo-nouveau\/\"]}]},{\"@type\":\"ImageObject\",\"inLanguage\":\"fr-FR\",\"@id\":\"https:\/\/turijnmagazijn.nl\/fr\/produit\/tendeur-de-courroie-1-4-moteur-essence-lancia-ypsilon-fiat-bravo-nouveau\/#primaryimage\",\"url\":\"https:\/\/turijnmagazijn.nl\/wp-content\/uploads\/2023\/03\/DS0108882-Riemspanner-1400-benzinemotor-Lancia-Ypsilon-Fiat-Bravo-NIEUW-3.jpg\",\"contentUrl\":\"https:\/\/turijnmagazijn.nl\/wp-content\/uploads\/2023\/03\/DS0108882-Riemspanner-1400-benzinemotor-Lancia-Ypsilon-Fiat-Bravo-NIEUW-3.jpg\",\"width\":1024,\"height\":768},{\"@type\":\"BreadcrumbList\",\"@id\":\"https:\/\/turijnmagazijn.nl\/fr\/produit\/tendeur-de-courroie-1-4-moteur-essence-lancia-ypsilon-fiat-bravo-nouveau\/#breadcrumb\",\"itemListElement\":[{\"@type\":\"ListItem\",\"position\":1,\"name\":\"Home\",\"item\":\"https:\/\/turijnmagazijn.nl\/fr\/\"},{\"@type\":\"ListItem\",\"position\":2,\"name\":\"Produits\",\"item\":\"https:\/\/turijnmagazijn.nl\/fr\/shop\/\"},{\"@type\":\"ListItem\",\"position\":3,\"name\":\"Tendeur de courroie 1.4 moteur essence Lancia Ypsilon Fiat Bravo -NOUVEAU-\"}]},{\"@type\":\"WebSite\",\"@id\":\"https:\/\/turijnmagazijn.jumpstone-dev.nl\/#website\",\"url\":\"https:\/\/turijnmagazijn.jumpstone-dev.nl\/\",\"name\":\"Turijnmagazijn\",\"description\":\"Onderdelen nieuw en gebruikt - Fiat &amp; Lancia\",\"publisher\":{\"@id\":\"https:\/\/turijnmagazijn.jumpstone-dev.nl\/#organization\"},\"potentialAction\":[{\"@type\":\"SearchAction\",\"target\":{\"@type\":\"EntryPoint\",\"urlTemplate\":\"https:\/\/turijnmagazijn.jumpstone-dev.nl\/?s={search_term_string}\"},\"query-input\":{\"@type\":\"PropertyValueSpecification\",\"valueRequired\":true,\"valueName\":\"search_term_string\"}}],\"inLanguage\":\"fr-FR\"},{\"@type\":\"Organization\",\"@id\":\"https:\/\/turijnmagazijn.jumpstone-dev.nl\/#organization\",\"name\":\"Turijnmagazijn\",\"url\":\"https:\/\/turijnmagazijn.jumpstone-dev.nl\/\",\"logo\":{\"@type\":\"ImageObject\",\"inLanguage\":\"fr-FR\",\"@id\":\"https:\/\/turijnmagazijn.jumpstone-dev.nl\/#\/schema\/logo\/image\/\",\"url\":\"https:\/\/turijnmagazijn.nl\/wp-content\/uploads\/2021\/02\/turijnmagazijnlogo.png\",\"contentUrl\":\"https:\/\/turijnmagazijn.nl\/wp-content\/uploads\/2021\/02\/turijnmagazijnlogo.png\",\"width\":555,\"height\":270,\"caption\":\"Turijnmagazijn\"},\"image\":{\"@id\":\"https:\/\/turijnmagazijn.jumpstone-dev.nl\/#\/schema\/logo\/image\/\"},\"sameAs\":[\"https:\/\/www.facebook.com\/turijnmagazijn\"]}]}<\/script>\n<!-- \/ Yoast SEO plugin. -->","yoast_head_json":{"title":"Tendeur de courroie 1.4 moteur essence Lancia Ypsilon Fiat Bravo -NOUVEAU- Turijnmagazijn","robots":{"index":"index","follow":"follow","max-snippet":"max-snippet:-1","max-image-preview":"max-image-preview:large","max-video-preview":"max-video-preview:-1"},"canonical":"https:\/\/turijnmagazijn.nl\/fr\/produit\/tendeur-de-courroie-1-4-moteur-essence-lancia-ypsilon-fiat-bravo-nouveau\/","og_locale":"fr_FR","og_type":"article","og_title":"Tendeur de courroie 1.4 moteur essence Lancia Ypsilon Fiat Bravo -NOUVEAU- Turijnmagazijn","og_description":"Nouveau tendeur de courroie d\u2019origine \u00e0 partir d\u2019un ancien stock OEM. (NON) Ce type de tendeur de courroie a \u00e9t\u00e9 appliqu\u00e9 aux mod\u00e8les Fiat et Lancia des ann\u00e9es 90 et 00 avec un moteur essence 1.4.","og_url":"https:\/\/turijnmagazijn.nl\/fr\/produit\/tendeur-de-courroie-1-4-moteur-essence-lancia-ypsilon-fiat-bravo-nouveau\/","og_site_name":"Turijnmagazijn","article_publisher":"https:\/\/www.facebook.com\/turijnmagazijn","article_modified_time":"2023-07-27T10:54:00+00:00","og_image":[{"width":1024,"height":768,"url":"https:\/\/turijnmagazijn.nl\/wp-content\/uploads\/2023\/03\/DS0108882-Riemspanner-1400-benzinemotor-Lancia-Ypsilon-Fiat-Bravo-NIEUW-3.jpg","type":"image\/jpeg"}],"twitter_card":"summary_large_image","schema":{"@context":"https:\/\/schema.org","@graph":[{"@type":"WebPage","@id":"https:\/\/turijnmagazijn.nl\/fr\/produit\/tendeur-de-courroie-1-4-moteur-essence-lancia-ypsilon-fiat-bravo-nouveau\/","url":"https:\/\/turijnmagazijn.nl\/fr\/produit\/tendeur-de-courroie-1-4-moteur-essence-lancia-ypsilon-fiat-bravo-nouveau\/","name":"Tendeur de courroie 1.4 moteur essence Lancia Ypsilon Fiat Bravo -NOUVEAU- Turijnmagazijn","isPartOf":{"@id":"https:\/\/turijnmagazijn.jumpstone-dev.nl\/#website"},"primaryImageOfPage":{"@id":"https:\/\/turijnmagazijn.nl\/fr\/produit\/tendeur-de-courroie-1-4-moteur-essence-lancia-ypsilon-fiat-bravo-nouveau\/#primaryimage"},"image":{"@id":"https:\/\/turijnmagazijn.nl\/fr\/produit\/tendeur-de-courroie-1-4-moteur-essence-lancia-ypsilon-fiat-bravo-nouveau\/#primaryimage"},"thumbnailUrl":"https:\/\/turijnmagazijn.nl\/wp-content\/uploads\/2023\/03\/DS0108882-Riemspanner-1400-benzinemotor-Lancia-Ypsilon-Fiat-Bravo-NIEUW-3.jpg","datePublished":"2023-03-03T09:13:33+00:00","dateModified":"2023-07-27T10:54:00+00:00","breadcrumb":{"@id":"https:\/\/turijnmagazijn.nl\/fr\/produit\/tendeur-de-courroie-1-4-moteur-essence-lancia-ypsilon-fiat-bravo-nouveau\/#breadcrumb"},"inLanguage":"fr-FR","potentialAction":[{"@type":"ReadAction","target":["https:\/\/turijnmagazijn.nl\/fr\/produit\/tendeur-de-courroie-1-4-moteur-essence-lancia-ypsilon-fiat-bravo-nouveau\/"]}]},{"@type":"ImageObject","inLanguage":"fr-FR","@id":"https:\/\/turijnmagazijn.nl\/fr\/produit\/tendeur-de-courroie-1-4-moteur-essence-lancia-ypsilon-fiat-bravo-nouveau\/#primaryimage","url":"https:\/\/turijnmagazijn.nl\/wp-content\/uploads\/2023\/03\/DS0108882-Riemspanner-1400-benzinemotor-Lancia-Ypsilon-Fiat-Bravo-NIEUW-3.jpg","contentUrl":"https:\/\/turijnmagazijn.nl\/wp-content\/uploads\/2023\/03\/DS0108882-Riemspanner-1400-benzinemotor-Lancia-Ypsilon-Fiat-Bravo-NIEUW-3.jpg","width":1024,"height":768},{"@type":"BreadcrumbList","@id":"https:\/\/turijnmagazijn.nl\/fr\/produit\/tendeur-de-courroie-1-4-moteur-essence-lancia-ypsilon-fiat-bravo-nouveau\/#breadcrumb","itemListElement":[{"@type":"ListItem","position":1,"name":"Home","item":"https:\/\/turijnmagazijn.nl\/fr\/"},{"@type":"ListItem","position":2,"name":"Produits","item":"https:\/\/turijnmagazijn.nl\/fr\/shop\/"},{"@type":"ListItem","position":3,"name":"Tendeur de courroie 1.4 moteur essence Lancia Ypsilon Fiat Bravo -NOUVEAU-"}]},{"@type":"WebSite","@id":"https:\/\/turijnmagazijn.jumpstone-dev.nl\/#website","url":"https:\/\/turijnmagazijn.jumpstone-dev.nl\/","name":"Turijnmagazijn","description":"Onderdelen nieuw en gebruikt - Fiat &amp; Lancia","publisher":{"@id":"https:\/\/turijnmagazijn.jumpstone-dev.nl\/#organization"},"potentialAction":[{"@type":"SearchAction","target":{"@type":"EntryPoint","urlTemplate":"https:\/\/turijnmagazijn.jumpstone-dev.nl\/?s={search_term_string}"},"query-input":{"@type":"PropertyValueSpecification","valueRequired":true,"valueName":"search_term_string"}}],"inLanguage":"fr-FR"},{"@type":"Organization","@id":"https:\/\/turijnmagazijn.jumpstone-dev.nl\/#organization","name":"Turijnmagazijn","url":"https:\/\/turijnmagazijn.jumpstone-dev.nl\/","logo":{"@type":"ImageObject","inLanguage":"fr-FR","@id":"https:\/\/turijnmagazijn.jumpstone-dev.nl\/#\/schema\/logo\/image\/","url":"https:\/\/turijnmagazijn.nl\/wp-content\/uploads\/2021\/02\/turijnmagazijnlogo.png","contentUrl":"https:\/\/turijnmagazijn.nl\/wp-content\/uploads\/2021\/02\/turijnmagazijnlogo.png","width":555,"height":270,"caption":"Turijnmagazijn"},"image":{"@id":"https:\/\/turijnmagazijn.jumpstone-dev.nl\/#\/schema\/logo\/image\/"},"sameAs":["https:\/\/www.facebook.com\/turijnmagazijn"]}]}},"_links":{"self":[{"href":"https:\/\/turijnmagazijn.nl\/fr\/wp-json\/wp\/v2\/product\/66246","targetHints":{"allow":["GET"]}}],"collection":[{"href":"https:\/\/turijnmagazijn.nl\/fr\/wp-json\/wp\/v2\/product"}],"about":[{"href":"https:\/\/turijnmagazijn.nl\/fr\/wp-json\/wp\/v2\/types\/product"}],"replies":[{"embeddable":true,"href":"https:\/\/turijnmagazijn.nl\/fr\/wp-json\/wp\/v2\/comments?post=66246"}],"wp:featuredmedia":[{"embeddable":true,"href":"https:\/\/turijnmagazijn.nl\/fr\/wp-json\/wp\/v2\/media\/56368"}],"wp:attachment":[{"href":"https:\/\/turijnmagazijn.nl\/fr\/wp-json\/wp\/v2\/media?parent=66246"}],"wp:term":[{"taxonomy":"product_brand","embeddable":true,"href":"https:\/\/turijnmagazijn.nl\/fr\/wp-json\/wp\/v2\/product_brand?post=66246"},{"taxonomy":"product_cat","embeddable":true,"href":"https:\/\/turijnmagazijn.nl\/fr\/wp-json\/wp\/v2\/product_cat?post=66246"},{"taxonomy":"product_tag","embeddable":true,"href":"https:\/\/turijnmagazijn.nl\/fr\/wp-json\/wp\/v2\/product_tag?post=66246"}],"curies":[{"name":"wp","href":"https:\/\/api.w.org\/{rel}","templated":true}]}}