{"id":66269,"date":"2023-03-03T10:13:33","date_gmt":"2023-03-03T09:13:33","guid":{"rendered":"https:\/\/turijnmagazijn.nl\/product\/feu-de-brouillard-lancia-ypsilon-rond-gauche-nouveau\/"},"modified":"2023-07-27T12:54:06","modified_gmt":"2023-07-27T10:54:06","slug":"lampe-brouillard-lancia-ypsilon-arrondi-gauche-nouveau","status":"publish","type":"product","link":"https:\/\/turijnmagazijn.nl\/fr\/produit\/lampe-brouillard-lancia-ypsilon-arrondi-gauche-nouveau\/","title":{"rendered":"Feu de brouillard Lancia Ypsilon rond Gauche -Nouveau-"},"content":{"rendered":"<p>Nouvelle lampe antibrouillard d\u2019origine ancienne pour lancia Ypsilon 1 (840). Concerne le type rond de feux de brouillard (il existe \u00e9galement des applications en forme d\u2019\u0153il \u00e0 la s\u00e9rie Ypsilon). Nouveau dans l\u2019emballage d\u2019origine, jamais assembl\u00e9.<\/p>\n<p>Corps blanc, complet avec casquette et \u00e9quip\u00e9 de lumi\u00e8re.<\/p>\n<p>Inscription sur le verre Lancia et Carello.<\/p>\n<p>Couvercle de Siem.<\/p>\n<p>Inscription sur le bo\u00eetier 37470748 SX<\/p>\n<p>Lancia OEM 46415157<\/p>\n","protected":false},"excerpt":{"rendered":"<p>Nouvelle lampe antibrouillard d\u2019origine ancienne pour lancia Ypsilon 1 (840). Concerne le type rond de feux de brouillard (il existe \u00e9galement des applications en forme d\u2019\u0153il \u00e0 la s\u00e9rie Ypsilon). Nouveau dans l\u2019emballage d\u2019origine, jamais assembl\u00e9.<\/p>\n","protected":false},"featured_media":48480,"comment_status":"closed","ping_status":"closed","template":"","meta":{"_acf_changed":false},"product_brand":[],"product_cat":[1798,1914],"product_tag":[],"class_list":{"0":"post-66269","1":"product","2":"type-product","3":"status-publish","4":"has-post-thumbnail","6":"product_cat-lancia-fr","7":"product_cat-ypsilon-1-840-fr","8":"pa_soort-onderdeel-dautres-pieces-de-voiture","9":"pa_soort-onderdeel-eclairage","11":"first","12":"instock","13":"shipping-taxable","14":"purchasable","15":"product-type-simple"},"acf":[],"yoast_head":"<!-- This site is optimized with the Yoast SEO plugin v27.3 - https:\/\/yoast.com\/product\/yoast-seo-wordpress\/ -->\n<title>Feu de brouillard Lancia Ypsilon rond Gauche -Nouveau- Turijnmagazijn<\/title>\n<meta name=\"robots\" content=\"index, follow, max-snippet:-1, max-image-preview:large, max-video-preview:-1\" \/>\n<link rel=\"canonical\" href=\"https:\/\/turijnmagazijn.nl\/fr\/produit\/lampe-brouillard-lancia-ypsilon-arrondi-gauche-nouveau\/\" \/>\n<meta property=\"og:locale\" content=\"fr_FR\" \/>\n<meta property=\"og:type\" content=\"article\" \/>\n<meta property=\"og:title\" content=\"Feu de brouillard Lancia Ypsilon rond Gauche -Nouveau- Turijnmagazijn\" \/>\n<meta property=\"og:description\" content=\"Nouvelle lampe antibrouillard d\u2019origine ancienne pour lancia Ypsilon 1 (840). Concerne le type rond de feux de brouillard (il existe \u00e9galement des applications en forme d\u2019\u0153il \u00e0 la s\u00e9rie Ypsilon). Nouveau dans l\u2019emballage d\u2019origine, jamais assembl\u00e9.\" \/>\n<meta property=\"og:url\" content=\"https:\/\/turijnmagazijn.nl\/fr\/produit\/lampe-brouillard-lancia-ypsilon-arrondi-gauche-nouveau\/\" \/>\n<meta property=\"og:site_name\" content=\"Turijnmagazijn\" \/>\n<meta property=\"article:publisher\" content=\"https:\/\/www.facebook.com\/turijnmagazijn\" \/>\n<meta property=\"article:modified_time\" content=\"2023-07-27T10:54:06+00:00\" \/>\n<meta property=\"og:image\" content=\"https:\/\/turijnmagazijn.nl\/wp-content\/uploads\/2023\/03\/DS0109937-Mistlamp-Lancia-Ypsilon-rond-Links-Nieuw-4.jpg\" \/>\n\t<meta property=\"og:image:width\" content=\"1024\" \/>\n\t<meta property=\"og:image:height\" content=\"768\" \/>\n\t<meta property=\"og:image:type\" content=\"image\/jpeg\" \/>\n<meta name=\"twitter:card\" content=\"summary_large_image\" \/>\n<script type=\"application\/ld+json\" class=\"yoast-schema-graph\">{\"@context\":\"https:\\\/\\\/schema.org\",\"@graph\":[{\"@type\":\"WebPage\",\"@id\":\"https:\\\/\\\/turijnmagazijn.nl\\\/fr\\\/produit\\\/lampe-brouillard-lancia-ypsilon-arrondi-gauche-nouveau\\\/\",\"url\":\"https:\\\/\\\/turijnmagazijn.nl\\\/fr\\\/produit\\\/lampe-brouillard-lancia-ypsilon-arrondi-gauche-nouveau\\\/\",\"name\":\"Feu de brouillard Lancia Ypsilon rond Gauche -Nouveau- Turijnmagazijn\",\"isPartOf\":{\"@id\":\"https:\\\/\\\/turijnmagazijn.jumpstone-dev.nl\\\/#website\"},\"primaryImageOfPage\":{\"@id\":\"https:\\\/\\\/turijnmagazijn.nl\\\/fr\\\/produit\\\/lampe-brouillard-lancia-ypsilon-arrondi-gauche-nouveau\\\/#primaryimage\"},\"image\":{\"@id\":\"https:\\\/\\\/turijnmagazijn.nl\\\/fr\\\/produit\\\/lampe-brouillard-lancia-ypsilon-arrondi-gauche-nouveau\\\/#primaryimage\"},\"thumbnailUrl\":\"https:\\\/\\\/turijnmagazijn.nl\\\/wp-content\\\/uploads\\\/2023\\\/03\\\/DS0109937-Mistlamp-Lancia-Ypsilon-rond-Links-Nieuw-4.jpg\",\"datePublished\":\"2023-03-03T09:13:33+00:00\",\"dateModified\":\"2023-07-27T10:54:06+00:00\",\"breadcrumb\":{\"@id\":\"https:\\\/\\\/turijnmagazijn.nl\\\/fr\\\/produit\\\/lampe-brouillard-lancia-ypsilon-arrondi-gauche-nouveau\\\/#breadcrumb\"},\"inLanguage\":\"fr-FR\",\"potentialAction\":[{\"@type\":\"ReadAction\",\"target\":[\"https:\\\/\\\/turijnmagazijn.nl\\\/fr\\\/produit\\\/lampe-brouillard-lancia-ypsilon-arrondi-gauche-nouveau\\\/\"]}]},{\"@type\":\"ImageObject\",\"inLanguage\":\"fr-FR\",\"@id\":\"https:\\\/\\\/turijnmagazijn.nl\\\/fr\\\/produit\\\/lampe-brouillard-lancia-ypsilon-arrondi-gauche-nouveau\\\/#primaryimage\",\"url\":\"https:\\\/\\\/turijnmagazijn.nl\\\/wp-content\\\/uploads\\\/2023\\\/03\\\/DS0109937-Mistlamp-Lancia-Ypsilon-rond-Links-Nieuw-4.jpg\",\"contentUrl\":\"https:\\\/\\\/turijnmagazijn.nl\\\/wp-content\\\/uploads\\\/2023\\\/03\\\/DS0109937-Mistlamp-Lancia-Ypsilon-rond-Links-Nieuw-4.jpg\",\"width\":1024,\"height\":768},{\"@type\":\"BreadcrumbList\",\"@id\":\"https:\\\/\\\/turijnmagazijn.nl\\\/fr\\\/produit\\\/lampe-brouillard-lancia-ypsilon-arrondi-gauche-nouveau\\\/#breadcrumb\",\"itemListElement\":[{\"@type\":\"ListItem\",\"position\":1,\"name\":\"Home\",\"item\":\"https:\\\/\\\/turijnmagazijn.nl\\\/fr\\\/\"},{\"@type\":\"ListItem\",\"position\":2,\"name\":\"Produits\",\"item\":\"https:\\\/\\\/turijnmagazijn.nl\\\/fr\\\/shop\\\/\"},{\"@type\":\"ListItem\",\"position\":3,\"name\":\"Feu de brouillard Lancia Ypsilon rond Gauche -Nouveau-\"}]},{\"@type\":\"WebSite\",\"@id\":\"https:\\\/\\\/turijnmagazijn.jumpstone-dev.nl\\\/#website\",\"url\":\"https:\\\/\\\/turijnmagazijn.jumpstone-dev.nl\\\/\",\"name\":\"Turijnmagazijn\",\"description\":\"Onderdelen nieuw en gebruikt - Fiat &amp; Lancia\",\"publisher\":{\"@id\":\"https:\\\/\\\/turijnmagazijn.jumpstone-dev.nl\\\/#organization\"},\"potentialAction\":[{\"@type\":\"SearchAction\",\"target\":{\"@type\":\"EntryPoint\",\"urlTemplate\":\"https:\\\/\\\/turijnmagazijn.jumpstone-dev.nl\\\/?s={search_term_string}\"},\"query-input\":{\"@type\":\"PropertyValueSpecification\",\"valueRequired\":true,\"valueName\":\"search_term_string\"}}],\"inLanguage\":\"fr-FR\"},{\"@type\":\"Organization\",\"@id\":\"https:\\\/\\\/turijnmagazijn.jumpstone-dev.nl\\\/#organization\",\"name\":\"Turijnmagazijn\",\"url\":\"https:\\\/\\\/turijnmagazijn.jumpstone-dev.nl\\\/\",\"logo\":{\"@type\":\"ImageObject\",\"inLanguage\":\"fr-FR\",\"@id\":\"https:\\\/\\\/turijnmagazijn.jumpstone-dev.nl\\\/#\\\/schema\\\/logo\\\/image\\\/\",\"url\":\"https:\\\/\\\/turijnmagazijn.nl\\\/wp-content\\\/uploads\\\/2021\\\/02\\\/turijnmagazijnlogo.png\",\"contentUrl\":\"https:\\\/\\\/turijnmagazijn.nl\\\/wp-content\\\/uploads\\\/2021\\\/02\\\/turijnmagazijnlogo.png\",\"width\":555,\"height\":270,\"caption\":\"Turijnmagazijn\"},\"image\":{\"@id\":\"https:\\\/\\\/turijnmagazijn.jumpstone-dev.nl\\\/#\\\/schema\\\/logo\\\/image\\\/\"},\"sameAs\":[\"https:\\\/\\\/www.facebook.com\\\/turijnmagazijn\"]}]}<\/script>\n<!-- \/ Yoast SEO plugin. -->","yoast_head_json":{"title":"Feu de brouillard Lancia Ypsilon rond Gauche -Nouveau- Turijnmagazijn","robots":{"index":"index","follow":"follow","max-snippet":"max-snippet:-1","max-image-preview":"max-image-preview:large","max-video-preview":"max-video-preview:-1"},"canonical":"https:\/\/turijnmagazijn.nl\/fr\/produit\/lampe-brouillard-lancia-ypsilon-arrondi-gauche-nouveau\/","og_locale":"fr_FR","og_type":"article","og_title":"Feu de brouillard Lancia Ypsilon rond Gauche -Nouveau- Turijnmagazijn","og_description":"Nouvelle lampe antibrouillard d\u2019origine ancienne pour lancia Ypsilon 1 (840). Concerne le type rond de feux de brouillard (il existe \u00e9galement des applications en forme d\u2019\u0153il \u00e0 la s\u00e9rie Ypsilon). Nouveau dans l\u2019emballage d\u2019origine, jamais assembl\u00e9.","og_url":"https:\/\/turijnmagazijn.nl\/fr\/produit\/lampe-brouillard-lancia-ypsilon-arrondi-gauche-nouveau\/","og_site_name":"Turijnmagazijn","article_publisher":"https:\/\/www.facebook.com\/turijnmagazijn","article_modified_time":"2023-07-27T10:54:06+00:00","og_image":[{"width":1024,"height":768,"url":"https:\/\/turijnmagazijn.nl\/wp-content\/uploads\/2023\/03\/DS0109937-Mistlamp-Lancia-Ypsilon-rond-Links-Nieuw-4.jpg","type":"image\/jpeg"}],"twitter_card":"summary_large_image","schema":{"@context":"https:\/\/schema.org","@graph":[{"@type":"WebPage","@id":"https:\/\/turijnmagazijn.nl\/fr\/produit\/lampe-brouillard-lancia-ypsilon-arrondi-gauche-nouveau\/","url":"https:\/\/turijnmagazijn.nl\/fr\/produit\/lampe-brouillard-lancia-ypsilon-arrondi-gauche-nouveau\/","name":"Feu de brouillard Lancia Ypsilon rond Gauche -Nouveau- Turijnmagazijn","isPartOf":{"@id":"https:\/\/turijnmagazijn.jumpstone-dev.nl\/#website"},"primaryImageOfPage":{"@id":"https:\/\/turijnmagazijn.nl\/fr\/produit\/lampe-brouillard-lancia-ypsilon-arrondi-gauche-nouveau\/#primaryimage"},"image":{"@id":"https:\/\/turijnmagazijn.nl\/fr\/produit\/lampe-brouillard-lancia-ypsilon-arrondi-gauche-nouveau\/#primaryimage"},"thumbnailUrl":"https:\/\/turijnmagazijn.nl\/wp-content\/uploads\/2023\/03\/DS0109937-Mistlamp-Lancia-Ypsilon-rond-Links-Nieuw-4.jpg","datePublished":"2023-03-03T09:13:33+00:00","dateModified":"2023-07-27T10:54:06+00:00","breadcrumb":{"@id":"https:\/\/turijnmagazijn.nl\/fr\/produit\/lampe-brouillard-lancia-ypsilon-arrondi-gauche-nouveau\/#breadcrumb"},"inLanguage":"fr-FR","potentialAction":[{"@type":"ReadAction","target":["https:\/\/turijnmagazijn.nl\/fr\/produit\/lampe-brouillard-lancia-ypsilon-arrondi-gauche-nouveau\/"]}]},{"@type":"ImageObject","inLanguage":"fr-FR","@id":"https:\/\/turijnmagazijn.nl\/fr\/produit\/lampe-brouillard-lancia-ypsilon-arrondi-gauche-nouveau\/#primaryimage","url":"https:\/\/turijnmagazijn.nl\/wp-content\/uploads\/2023\/03\/DS0109937-Mistlamp-Lancia-Ypsilon-rond-Links-Nieuw-4.jpg","contentUrl":"https:\/\/turijnmagazijn.nl\/wp-content\/uploads\/2023\/03\/DS0109937-Mistlamp-Lancia-Ypsilon-rond-Links-Nieuw-4.jpg","width":1024,"height":768},{"@type":"BreadcrumbList","@id":"https:\/\/turijnmagazijn.nl\/fr\/produit\/lampe-brouillard-lancia-ypsilon-arrondi-gauche-nouveau\/#breadcrumb","itemListElement":[{"@type":"ListItem","position":1,"name":"Home","item":"https:\/\/turijnmagazijn.nl\/fr\/"},{"@type":"ListItem","position":2,"name":"Produits","item":"https:\/\/turijnmagazijn.nl\/fr\/shop\/"},{"@type":"ListItem","position":3,"name":"Feu de brouillard Lancia Ypsilon rond Gauche -Nouveau-"}]},{"@type":"WebSite","@id":"https:\/\/turijnmagazijn.jumpstone-dev.nl\/#website","url":"https:\/\/turijnmagazijn.jumpstone-dev.nl\/","name":"Turijnmagazijn","description":"Onderdelen nieuw en gebruikt - Fiat &amp; Lancia","publisher":{"@id":"https:\/\/turijnmagazijn.jumpstone-dev.nl\/#organization"},"potentialAction":[{"@type":"SearchAction","target":{"@type":"EntryPoint","urlTemplate":"https:\/\/turijnmagazijn.jumpstone-dev.nl\/?s={search_term_string}"},"query-input":{"@type":"PropertyValueSpecification","valueRequired":true,"valueName":"search_term_string"}}],"inLanguage":"fr-FR"},{"@type":"Organization","@id":"https:\/\/turijnmagazijn.jumpstone-dev.nl\/#organization","name":"Turijnmagazijn","url":"https:\/\/turijnmagazijn.jumpstone-dev.nl\/","logo":{"@type":"ImageObject","inLanguage":"fr-FR","@id":"https:\/\/turijnmagazijn.jumpstone-dev.nl\/#\/schema\/logo\/image\/","url":"https:\/\/turijnmagazijn.nl\/wp-content\/uploads\/2021\/02\/turijnmagazijnlogo.png","contentUrl":"https:\/\/turijnmagazijn.nl\/wp-content\/uploads\/2021\/02\/turijnmagazijnlogo.png","width":555,"height":270,"caption":"Turijnmagazijn"},"image":{"@id":"https:\/\/turijnmagazijn.jumpstone-dev.nl\/#\/schema\/logo\/image\/"},"sameAs":["https:\/\/www.facebook.com\/turijnmagazijn"]}]}},"_links":{"self":[{"href":"https:\/\/turijnmagazijn.nl\/fr\/wp-json\/wp\/v2\/product\/66269","targetHints":{"allow":["GET"]}}],"collection":[{"href":"https:\/\/turijnmagazijn.nl\/fr\/wp-json\/wp\/v2\/product"}],"about":[{"href":"https:\/\/turijnmagazijn.nl\/fr\/wp-json\/wp\/v2\/types\/product"}],"replies":[{"embeddable":true,"href":"https:\/\/turijnmagazijn.nl\/fr\/wp-json\/wp\/v2\/comments?post=66269"}],"wp:featuredmedia":[{"embeddable":true,"href":"https:\/\/turijnmagazijn.nl\/fr\/wp-json\/wp\/v2\/media\/48480"}],"wp:attachment":[{"href":"https:\/\/turijnmagazijn.nl\/fr\/wp-json\/wp\/v2\/media?parent=66269"}],"wp:term":[{"taxonomy":"product_brand","embeddable":true,"href":"https:\/\/turijnmagazijn.nl\/fr\/wp-json\/wp\/v2\/product_brand?post=66269"},{"taxonomy":"product_cat","embeddable":true,"href":"https:\/\/turijnmagazijn.nl\/fr\/wp-json\/wp\/v2\/product_cat?post=66269"},{"taxonomy":"product_tag","embeddable":true,"href":"https:\/\/turijnmagazijn.nl\/fr\/wp-json\/wp\/v2\/product_tag?post=66269"}],"curies":[{"name":"wp","href":"https:\/\/api.w.org\/{rel}","templated":true}]}}