{"id":66275,"date":"2023-03-03T10:14:42","date_gmt":"2023-03-03T09:14:42","guid":{"rendered":"https:\/\/turijnmagazijn.nl\/product\/ensemble-poignee-de-porte-lancia-delta-integrale-4-pieces-revise-qualite-b\/"},"modified":"2024-09-05T13:09:26","modified_gmt":"2024-09-05T11:09:26","slug":"poignee-de-porte-set-lancia-delta-integral-4-pcs-revise-b-qualite","status":"publish","type":"product","link":"https:\/\/turijnmagazijn.nl\/fr\/produit\/poignee-de-porte-set-lancia-delta-integral-4-pcs-revise-b-qualite\/","title":{"rendered":"Ensemble poign\u00e9e de porte Lancia Delta Integrale 4 pi\u00e8ces -R\u00c9VIS\u00c9- Qualit\u00e9 B"},"content":{"rendered":"<p>Jeu de liens de porte utilis\u00e9 pour Lancia Delta Integrale. Les poign\u00e9es de porte ont \u00e9t\u00e9 r\u00e9vis\u00e9es et \u00e9quip\u00e9es de nouvelles poign\u00e9es en aluminium massif. Cette mise \u00e0 niveau de haute qualit\u00e9 rend les poign\u00e9es de porte beaucoup plus agr\u00e9ables et conserve leur couleur noire m\u00eame en cas de rayures dues au processus d\u2019anodisation. Il s\u2019agit d\u2019un ensemble usag\u00e9, o\u00f9 des traces d\u2019utilisation sont visibles sur les pi\u00e8ces en plastique. Avant de commander, embarquez correctement les photos des imperfections de cet ensemble. L\u2019ensemble est livr\u00e9 sans les joints pour la carrosserie. Poign\u00e9es de porte enti\u00e8rement remises \u00e0 neuf avec une poign\u00e9e en aluminium pour Lancia Delta HF Integrale tous les mod\u00e8les. La plaque de verrouillage a \u00e9t\u00e9 repeinte en noir mat et la poign\u00e9e de porte a \u00e9t\u00e9 remplac\u00e9e par une pi\u00e8ce de rechange en aluminium de haute qualit\u00e9 en noir anodis\u00e9. Tous les points de montage de ces poign\u00e9es de porte sont en bon \u00e9tat. Un peu de rouille sur le ressort est visible sur certaines poign\u00e9es de porte. Cependant, tous les ressorts fonctionnent bien, et il n\u2019est certainement pas question de rouiller. RV OEM Lancia 82392490 \/ 82392490 LV OEM Lancia 82392491 \/ 82392491 RA OEM Lancia 82392639 \/ 82468873 LA OEM Lancia 82392640 \/ 82468874  <\/p>\n<div><\/div>\n","protected":false},"excerpt":{"rendered":"<p>Jeu de liens de porte utilis\u00e9 pour Lancia Delta Integrale. Les poign\u00e9es de porte ont \u00e9t\u00e9 r\u00e9vis\u00e9es et \u00e9quip\u00e9es de nouvelles poign\u00e9es en aluminium massif. Cette mise \u00e0 niveau de haute qualit\u00e9 rend les poign\u00e9es de porte beaucoup plus agr\u00e9ables et conserve leur couleur noire m\u00eame en cas de rayures dues au processus d\u2019anodisation.<\/p>\n","protected":false},"featured_media":56492,"comment_status":"closed","ping_status":"closed","template":"","meta":{"_acf_changed":false},"product_brand":[],"product_cat":[1806,1819,1821,1825,1836,1830,1838,1798],"product_tag":[],"class_list":{"0":"post-66275","1":"product","2":"type-product","3":"status-publish","4":"has-post-thumbnail","6":"product_cat-delta-1-831-fr","7":"product_cat-gt-i-e-fr","8":"product_cat-hf-4wd-fr","9":"product_cat-hf-turbo-fr","10":"product_cat-integrale-16v-fr","11":"product_cat-integrale-8v-fr","12":"product_cat-integrale-evo-fr","13":"product_cat-lancia-fr","14":"pa_soort-onderdeel-carrosserie-et-tolerie","16":"first","17":"instock","18":"shipping-taxable","19":"purchasable","20":"product-type-simple"},"acf":[],"yoast_head":"<!-- This site is optimized with the Yoast SEO plugin v27.2 - https:\/\/yoast.com\/product\/yoast-seo-wordpress\/ -->\n<title>Ensemble poign\u00e9e de porte Lancia Delta Integrale 4 pi\u00e8ces -R\u00c9VIS\u00c9- Qualit\u00e9 B - Turijnmagazijn<\/title>\n<meta name=\"robots\" content=\"index, follow, max-snippet:-1, max-image-preview:large, max-video-preview:-1\" \/>\n<link rel=\"canonical\" href=\"https:\/\/turijnmagazijn.nl\/fr\/produit\/poignee-de-porte-set-lancia-delta-integral-4-pcs-revise-b-qualite\/\" \/>\n<meta property=\"og:locale\" content=\"fr_FR\" \/>\n<meta property=\"og:type\" content=\"article\" \/>\n<meta property=\"og:title\" content=\"Ensemble poign\u00e9e de porte Lancia Delta Integrale 4 pi\u00e8ces -R\u00c9VIS\u00c9- Qualit\u00e9 B - Turijnmagazijn\" \/>\n<meta property=\"og:description\" content=\"Jeu de liens de porte utilis\u00e9 pour Lancia Delta Integrale. Les poign\u00e9es de porte ont \u00e9t\u00e9 r\u00e9vis\u00e9es et \u00e9quip\u00e9es de nouvelles poign\u00e9es en aluminium massif. Cette mise \u00e0 niveau de haute qualit\u00e9 rend les poign\u00e9es de porte beaucoup plus agr\u00e9ables et conserve leur couleur noire m\u00eame en cas de rayures dues au processus d\u2019anodisation.\" \/>\n<meta property=\"og:url\" content=\"https:\/\/turijnmagazijn.nl\/fr\/produit\/poignee-de-porte-set-lancia-delta-integral-4-pcs-revise-b-qualite\/\" \/>\n<meta property=\"og:site_name\" content=\"Turijnmagazijn\" \/>\n<meta property=\"article:publisher\" content=\"https:\/\/www.facebook.com\/turijnmagazijn\" \/>\n<meta property=\"article:modified_time\" content=\"2024-09-05T11:09:26+00:00\" \/>\n<meta property=\"og:image\" content=\"https:\/\/turijnmagazijn.nl\/wp-content\/uploads\/2023\/03\/DK00102498-Deurklink-set-Lancia-Delta-Integrale-4-stuks-GEREVISEERD-B-kwaliteit-2.jpg\" \/>\n\t<meta property=\"og:image:width\" content=\"1024\" \/>\n\t<meta property=\"og:image:height\" content=\"768\" \/>\n\t<meta property=\"og:image:type\" content=\"image\/jpeg\" \/>\n<meta name=\"twitter:card\" content=\"summary_large_image\" \/>\n<meta name=\"twitter:label1\" content=\"Dur\u00e9e de lecture estim\u00e9e\" \/>\n\t<meta name=\"twitter:data1\" content=\"1 minute\" \/>\n<script type=\"application\/ld+json\" class=\"yoast-schema-graph\">{\"@context\":\"https:\/\/schema.org\",\"@graph\":[{\"@type\":\"WebPage\",\"@id\":\"https:\/\/turijnmagazijn.nl\/fr\/produit\/poignee-de-porte-set-lancia-delta-integral-4-pcs-revise-b-qualite\/\",\"url\":\"https:\/\/turijnmagazijn.nl\/fr\/produit\/poignee-de-porte-set-lancia-delta-integral-4-pcs-revise-b-qualite\/\",\"name\":\"Ensemble poign\u00e9e de porte Lancia Delta Integrale 4 pi\u00e8ces -R\u00c9VIS\u00c9- Qualit\u00e9 B - Turijnmagazijn\",\"isPartOf\":{\"@id\":\"https:\/\/turijnmagazijn.jumpstone-dev.nl\/#website\"},\"primaryImageOfPage\":{\"@id\":\"https:\/\/turijnmagazijn.nl\/fr\/produit\/poignee-de-porte-set-lancia-delta-integral-4-pcs-revise-b-qualite\/#primaryimage\"},\"image\":{\"@id\":\"https:\/\/turijnmagazijn.nl\/fr\/produit\/poignee-de-porte-set-lancia-delta-integral-4-pcs-revise-b-qualite\/#primaryimage\"},\"thumbnailUrl\":\"https:\/\/turijnmagazijn.nl\/wp-content\/uploads\/2023\/03\/DK00102498-Deurklink-set-Lancia-Delta-Integrale-4-stuks-GEREVISEERD-B-kwaliteit-2.jpg\",\"datePublished\":\"2023-03-03T09:14:42+00:00\",\"dateModified\":\"2024-09-05T11:09:26+00:00\",\"breadcrumb\":{\"@id\":\"https:\/\/turijnmagazijn.nl\/fr\/produit\/poignee-de-porte-set-lancia-delta-integral-4-pcs-revise-b-qualite\/#breadcrumb\"},\"inLanguage\":\"fr-FR\",\"potentialAction\":[{\"@type\":\"ReadAction\",\"target\":[\"https:\/\/turijnmagazijn.nl\/fr\/produit\/poignee-de-porte-set-lancia-delta-integral-4-pcs-revise-b-qualite\/\"]}]},{\"@type\":\"ImageObject\",\"inLanguage\":\"fr-FR\",\"@id\":\"https:\/\/turijnmagazijn.nl\/fr\/produit\/poignee-de-porte-set-lancia-delta-integral-4-pcs-revise-b-qualite\/#primaryimage\",\"url\":\"https:\/\/turijnmagazijn.nl\/wp-content\/uploads\/2023\/03\/DK00102498-Deurklink-set-Lancia-Delta-Integrale-4-stuks-GEREVISEERD-B-kwaliteit-2.jpg\",\"contentUrl\":\"https:\/\/turijnmagazijn.nl\/wp-content\/uploads\/2023\/03\/DK00102498-Deurklink-set-Lancia-Delta-Integrale-4-stuks-GEREVISEERD-B-kwaliteit-2.jpg\",\"width\":1024,\"height\":768},{\"@type\":\"BreadcrumbList\",\"@id\":\"https:\/\/turijnmagazijn.nl\/fr\/produit\/poignee-de-porte-set-lancia-delta-integral-4-pcs-revise-b-qualite\/#breadcrumb\",\"itemListElement\":[{\"@type\":\"ListItem\",\"position\":1,\"name\":\"Home\",\"item\":\"https:\/\/turijnmagazijn.nl\/fr\/\"},{\"@type\":\"ListItem\",\"position\":2,\"name\":\"Produits\",\"item\":\"https:\/\/turijnmagazijn.nl\/fr\/shop\/\"},{\"@type\":\"ListItem\",\"position\":3,\"name\":\"Ensemble poign\u00e9e de porte Lancia Delta Integrale 4 pi\u00e8ces -R\u00c9VIS\u00c9- Qualit\u00e9 B\"}]},{\"@type\":\"WebSite\",\"@id\":\"https:\/\/turijnmagazijn.jumpstone-dev.nl\/#website\",\"url\":\"https:\/\/turijnmagazijn.jumpstone-dev.nl\/\",\"name\":\"Turijnmagazijn\",\"description\":\"Onderdelen nieuw en gebruikt - Fiat &amp; Lancia\",\"publisher\":{\"@id\":\"https:\/\/turijnmagazijn.jumpstone-dev.nl\/#organization\"},\"potentialAction\":[{\"@type\":\"SearchAction\",\"target\":{\"@type\":\"EntryPoint\",\"urlTemplate\":\"https:\/\/turijnmagazijn.jumpstone-dev.nl\/?s={search_term_string}\"},\"query-input\":{\"@type\":\"PropertyValueSpecification\",\"valueRequired\":true,\"valueName\":\"search_term_string\"}}],\"inLanguage\":\"fr-FR\"},{\"@type\":\"Organization\",\"@id\":\"https:\/\/turijnmagazijn.jumpstone-dev.nl\/#organization\",\"name\":\"Turijnmagazijn\",\"url\":\"https:\/\/turijnmagazijn.jumpstone-dev.nl\/\",\"logo\":{\"@type\":\"ImageObject\",\"inLanguage\":\"fr-FR\",\"@id\":\"https:\/\/turijnmagazijn.jumpstone-dev.nl\/#\/schema\/logo\/image\/\",\"url\":\"https:\/\/turijnmagazijn.nl\/wp-content\/uploads\/2021\/02\/turijnmagazijnlogo.png\",\"contentUrl\":\"https:\/\/turijnmagazijn.nl\/wp-content\/uploads\/2021\/02\/turijnmagazijnlogo.png\",\"width\":555,\"height\":270,\"caption\":\"Turijnmagazijn\"},\"image\":{\"@id\":\"https:\/\/turijnmagazijn.jumpstone-dev.nl\/#\/schema\/logo\/image\/\"},\"sameAs\":[\"https:\/\/www.facebook.com\/turijnmagazijn\"]}]}<\/script>\n<!-- \/ Yoast SEO plugin. -->","yoast_head_json":{"title":"Ensemble poign\u00e9e de porte Lancia Delta Integrale 4 pi\u00e8ces -R\u00c9VIS\u00c9- Qualit\u00e9 B - Turijnmagazijn","robots":{"index":"index","follow":"follow","max-snippet":"max-snippet:-1","max-image-preview":"max-image-preview:large","max-video-preview":"max-video-preview:-1"},"canonical":"https:\/\/turijnmagazijn.nl\/fr\/produit\/poignee-de-porte-set-lancia-delta-integral-4-pcs-revise-b-qualite\/","og_locale":"fr_FR","og_type":"article","og_title":"Ensemble poign\u00e9e de porte Lancia Delta Integrale 4 pi\u00e8ces -R\u00c9VIS\u00c9- Qualit\u00e9 B - Turijnmagazijn","og_description":"Jeu de liens de porte utilis\u00e9 pour Lancia Delta Integrale. Les poign\u00e9es de porte ont \u00e9t\u00e9 r\u00e9vis\u00e9es et \u00e9quip\u00e9es de nouvelles poign\u00e9es en aluminium massif. Cette mise \u00e0 niveau de haute qualit\u00e9 rend les poign\u00e9es de porte beaucoup plus agr\u00e9ables et conserve leur couleur noire m\u00eame en cas de rayures dues au processus d\u2019anodisation.","og_url":"https:\/\/turijnmagazijn.nl\/fr\/produit\/poignee-de-porte-set-lancia-delta-integral-4-pcs-revise-b-qualite\/","og_site_name":"Turijnmagazijn","article_publisher":"https:\/\/www.facebook.com\/turijnmagazijn","article_modified_time":"2024-09-05T11:09:26+00:00","og_image":[{"width":1024,"height":768,"url":"https:\/\/turijnmagazijn.nl\/wp-content\/uploads\/2023\/03\/DK00102498-Deurklink-set-Lancia-Delta-Integrale-4-stuks-GEREVISEERD-B-kwaliteit-2.jpg","type":"image\/jpeg"}],"twitter_card":"summary_large_image","twitter_misc":{"Dur\u00e9e de lecture estim\u00e9e":"1 minute"},"schema":{"@context":"https:\/\/schema.org","@graph":[{"@type":"WebPage","@id":"https:\/\/turijnmagazijn.nl\/fr\/produit\/poignee-de-porte-set-lancia-delta-integral-4-pcs-revise-b-qualite\/","url":"https:\/\/turijnmagazijn.nl\/fr\/produit\/poignee-de-porte-set-lancia-delta-integral-4-pcs-revise-b-qualite\/","name":"Ensemble poign\u00e9e de porte Lancia Delta Integrale 4 pi\u00e8ces -R\u00c9VIS\u00c9- Qualit\u00e9 B - Turijnmagazijn","isPartOf":{"@id":"https:\/\/turijnmagazijn.jumpstone-dev.nl\/#website"},"primaryImageOfPage":{"@id":"https:\/\/turijnmagazijn.nl\/fr\/produit\/poignee-de-porte-set-lancia-delta-integral-4-pcs-revise-b-qualite\/#primaryimage"},"image":{"@id":"https:\/\/turijnmagazijn.nl\/fr\/produit\/poignee-de-porte-set-lancia-delta-integral-4-pcs-revise-b-qualite\/#primaryimage"},"thumbnailUrl":"https:\/\/turijnmagazijn.nl\/wp-content\/uploads\/2023\/03\/DK00102498-Deurklink-set-Lancia-Delta-Integrale-4-stuks-GEREVISEERD-B-kwaliteit-2.jpg","datePublished":"2023-03-03T09:14:42+00:00","dateModified":"2024-09-05T11:09:26+00:00","breadcrumb":{"@id":"https:\/\/turijnmagazijn.nl\/fr\/produit\/poignee-de-porte-set-lancia-delta-integral-4-pcs-revise-b-qualite\/#breadcrumb"},"inLanguage":"fr-FR","potentialAction":[{"@type":"ReadAction","target":["https:\/\/turijnmagazijn.nl\/fr\/produit\/poignee-de-porte-set-lancia-delta-integral-4-pcs-revise-b-qualite\/"]}]},{"@type":"ImageObject","inLanguage":"fr-FR","@id":"https:\/\/turijnmagazijn.nl\/fr\/produit\/poignee-de-porte-set-lancia-delta-integral-4-pcs-revise-b-qualite\/#primaryimage","url":"https:\/\/turijnmagazijn.nl\/wp-content\/uploads\/2023\/03\/DK00102498-Deurklink-set-Lancia-Delta-Integrale-4-stuks-GEREVISEERD-B-kwaliteit-2.jpg","contentUrl":"https:\/\/turijnmagazijn.nl\/wp-content\/uploads\/2023\/03\/DK00102498-Deurklink-set-Lancia-Delta-Integrale-4-stuks-GEREVISEERD-B-kwaliteit-2.jpg","width":1024,"height":768},{"@type":"BreadcrumbList","@id":"https:\/\/turijnmagazijn.nl\/fr\/produit\/poignee-de-porte-set-lancia-delta-integral-4-pcs-revise-b-qualite\/#breadcrumb","itemListElement":[{"@type":"ListItem","position":1,"name":"Home","item":"https:\/\/turijnmagazijn.nl\/fr\/"},{"@type":"ListItem","position":2,"name":"Produits","item":"https:\/\/turijnmagazijn.nl\/fr\/shop\/"},{"@type":"ListItem","position":3,"name":"Ensemble poign\u00e9e de porte Lancia Delta Integrale 4 pi\u00e8ces -R\u00c9VIS\u00c9- Qualit\u00e9 B"}]},{"@type":"WebSite","@id":"https:\/\/turijnmagazijn.jumpstone-dev.nl\/#website","url":"https:\/\/turijnmagazijn.jumpstone-dev.nl\/","name":"Turijnmagazijn","description":"Onderdelen nieuw en gebruikt - Fiat &amp; Lancia","publisher":{"@id":"https:\/\/turijnmagazijn.jumpstone-dev.nl\/#organization"},"potentialAction":[{"@type":"SearchAction","target":{"@type":"EntryPoint","urlTemplate":"https:\/\/turijnmagazijn.jumpstone-dev.nl\/?s={search_term_string}"},"query-input":{"@type":"PropertyValueSpecification","valueRequired":true,"valueName":"search_term_string"}}],"inLanguage":"fr-FR"},{"@type":"Organization","@id":"https:\/\/turijnmagazijn.jumpstone-dev.nl\/#organization","name":"Turijnmagazijn","url":"https:\/\/turijnmagazijn.jumpstone-dev.nl\/","logo":{"@type":"ImageObject","inLanguage":"fr-FR","@id":"https:\/\/turijnmagazijn.jumpstone-dev.nl\/#\/schema\/logo\/image\/","url":"https:\/\/turijnmagazijn.nl\/wp-content\/uploads\/2021\/02\/turijnmagazijnlogo.png","contentUrl":"https:\/\/turijnmagazijn.nl\/wp-content\/uploads\/2021\/02\/turijnmagazijnlogo.png","width":555,"height":270,"caption":"Turijnmagazijn"},"image":{"@id":"https:\/\/turijnmagazijn.jumpstone-dev.nl\/#\/schema\/logo\/image\/"},"sameAs":["https:\/\/www.facebook.com\/turijnmagazijn"]}]}},"_links":{"self":[{"href":"https:\/\/turijnmagazijn.nl\/fr\/wp-json\/wp\/v2\/product\/66275","targetHints":{"allow":["GET"]}}],"collection":[{"href":"https:\/\/turijnmagazijn.nl\/fr\/wp-json\/wp\/v2\/product"}],"about":[{"href":"https:\/\/turijnmagazijn.nl\/fr\/wp-json\/wp\/v2\/types\/product"}],"replies":[{"embeddable":true,"href":"https:\/\/turijnmagazijn.nl\/fr\/wp-json\/wp\/v2\/comments?post=66275"}],"wp:featuredmedia":[{"embeddable":true,"href":"https:\/\/turijnmagazijn.nl\/fr\/wp-json\/wp\/v2\/media\/56492"}],"wp:attachment":[{"href":"https:\/\/turijnmagazijn.nl\/fr\/wp-json\/wp\/v2\/media?parent=66275"}],"wp:term":[{"taxonomy":"product_brand","embeddable":true,"href":"https:\/\/turijnmagazijn.nl\/fr\/wp-json\/wp\/v2\/product_brand?post=66275"},{"taxonomy":"product_cat","embeddable":true,"href":"https:\/\/turijnmagazijn.nl\/fr\/wp-json\/wp\/v2\/product_cat?post=66275"},{"taxonomy":"product_tag","embeddable":true,"href":"https:\/\/turijnmagazijn.nl\/fr\/wp-json\/wp\/v2\/product_tag?post=66275"}],"curies":[{"name":"wp","href":"https:\/\/api.w.org\/{rel}","templated":true}]}}