{"id":66331,"date":"2023-03-03T10:16:19","date_gmt":"2023-03-03T09:16:19","guid":{"rendered":"https:\/\/turijnmagazijn.nl\/product\/feu-arriere-exterieur-de-la-lancia-delta-ii-gauche\/"},"modified":"2023-07-27T12:55:01","modified_gmt":"2023-07-27T10:55:01","slug":"feu-arriere-exterieur-gauche-lancia-delta-ii","status":"publish","type":"product","link":"https:\/\/turijnmagazijn.nl\/fr\/produit\/feu-arriere-exterieur-gauche-lancia-delta-ii\/","title":{"rendered":"Feu arri\u00e8re ext\u00e9rieur de la Lancia Delta II gauche"},"content":{"rendered":"<p>Nouveau feu arri\u00e8re d\u2019origine \u00e0 l\u2019ext\u00e9rieur de la Lancia Delta II gauche est une pi\u00e8ce d\u2019origine inutilis\u00e9e de l\u2019ancien stock du concessionnaire. Les articles sont, le cas \u00e9ch\u00e9ant, fournis avec l\u2019emballage d\u2019origine de la marque. Concerne une composante de marge. Le num\u00e9ro OEM de cette pi\u00e8ce est 82468762<\/p>\n","protected":false},"excerpt":{"rendered":"<p>Nouvelle pi\u00e8ce d\u2019origine provenant de l\u2019ancien stock du concessionnaire. Feu arri\u00e8re ext\u00e9rieur gauche Lancia Delta II num\u00e9ro OEM 82468762<\/p>\n","protected":false},"featured_media":0,"comment_status":"open","ping_status":"closed","template":"","meta":{"_acf_changed":false},"product_brand":[],"product_cat":[1846,1851,1841,1798],"product_tag":[],"class_list":{"0":"post-66331","1":"product","2":"type-product","3":"status-publish","5":"product_cat-3-deurs-hpe-fr","6":"product_cat-5-deurs-fr","7":"product_cat-delta-2-836-fr","8":"product_cat-lancia-fr","9":"pa_soort-onderdeel-dautres-pieces-de-voiture","10":"pa_soort-onderdeel-eclairage","12":"first","13":"instock","14":"shipping-taxable","15":"purchasable","16":"product-type-simple"},"acf":[],"yoast_head":"<!-- This site is optimized with the Yoast SEO plugin v27.2 - https:\/\/yoast.com\/product\/yoast-seo-wordpress\/ -->\n<title>Feu arri\u00e8re ext\u00e9rieur de la Lancia Delta II gauche - Turijnmagazijn<\/title>\n<meta name=\"robots\" content=\"index, follow, max-snippet:-1, max-image-preview:large, max-video-preview:-1\" \/>\n<link rel=\"canonical\" href=\"https:\/\/turijnmagazijn.nl\/fr\/produit\/feu-arriere-exterieur-gauche-lancia-delta-ii\/\" \/>\n<meta property=\"og:locale\" content=\"fr_FR\" \/>\n<meta property=\"og:type\" content=\"article\" \/>\n<meta property=\"og:title\" content=\"Feu arri\u00e8re ext\u00e9rieur de la Lancia Delta II gauche - Turijnmagazijn\" \/>\n<meta property=\"og:description\" content=\"Nouvelle pi\u00e8ce d\u2019origine provenant de l\u2019ancien stock du concessionnaire. Feu arri\u00e8re ext\u00e9rieur gauche Lancia Delta II num\u00e9ro OEM 82468762\" \/>\n<meta property=\"og:url\" content=\"https:\/\/turijnmagazijn.nl\/fr\/produit\/feu-arriere-exterieur-gauche-lancia-delta-ii\/\" \/>\n<meta property=\"og:site_name\" content=\"Turijnmagazijn\" \/>\n<meta property=\"article:publisher\" content=\"https:\/\/www.facebook.com\/turijnmagazijn\" \/>\n<meta property=\"article:modified_time\" content=\"2023-07-27T10:55:01+00:00\" \/>\n<meta name=\"twitter:card\" content=\"summary_large_image\" \/>\n<script type=\"application\/ld+json\" class=\"yoast-schema-graph\">{\"@context\":\"https:\/\/schema.org\",\"@graph\":[{\"@type\":\"WebPage\",\"@id\":\"https:\/\/turijnmagazijn.nl\/fr\/produit\/feu-arriere-exterieur-gauche-lancia-delta-ii\/\",\"url\":\"https:\/\/turijnmagazijn.nl\/fr\/produit\/feu-arriere-exterieur-gauche-lancia-delta-ii\/\",\"name\":\"Feu arri\u00e8re ext\u00e9rieur de la Lancia Delta II gauche - Turijnmagazijn\",\"isPartOf\":{\"@id\":\"https:\/\/turijnmagazijn.jumpstone-dev.nl\/#website\"},\"datePublished\":\"2023-03-03T09:16:19+00:00\",\"dateModified\":\"2023-07-27T10:55:01+00:00\",\"breadcrumb\":{\"@id\":\"https:\/\/turijnmagazijn.nl\/fr\/produit\/feu-arriere-exterieur-gauche-lancia-delta-ii\/#breadcrumb\"},\"inLanguage\":\"fr-FR\",\"potentialAction\":[{\"@type\":\"ReadAction\",\"target\":[\"https:\/\/turijnmagazijn.nl\/fr\/produit\/feu-arriere-exterieur-gauche-lancia-delta-ii\/\"]}]},{\"@type\":\"BreadcrumbList\",\"@id\":\"https:\/\/turijnmagazijn.nl\/fr\/produit\/feu-arriere-exterieur-gauche-lancia-delta-ii\/#breadcrumb\",\"itemListElement\":[{\"@type\":\"ListItem\",\"position\":1,\"name\":\"Home\",\"item\":\"https:\/\/turijnmagazijn.nl\/fr\/\"},{\"@type\":\"ListItem\",\"position\":2,\"name\":\"Produits\",\"item\":\"https:\/\/turijnmagazijn.nl\/fr\/shop\/\"},{\"@type\":\"ListItem\",\"position\":3,\"name\":\"Feu arri\u00e8re ext\u00e9rieur de la Lancia Delta II gauche\"}]},{\"@type\":\"WebSite\",\"@id\":\"https:\/\/turijnmagazijn.jumpstone-dev.nl\/#website\",\"url\":\"https:\/\/turijnmagazijn.jumpstone-dev.nl\/\",\"name\":\"Turijnmagazijn\",\"description\":\"Onderdelen nieuw en gebruikt - Fiat &amp; Lancia\",\"publisher\":{\"@id\":\"https:\/\/turijnmagazijn.jumpstone-dev.nl\/#organization\"},\"potentialAction\":[{\"@type\":\"SearchAction\",\"target\":{\"@type\":\"EntryPoint\",\"urlTemplate\":\"https:\/\/turijnmagazijn.jumpstone-dev.nl\/?s={search_term_string}\"},\"query-input\":{\"@type\":\"PropertyValueSpecification\",\"valueRequired\":true,\"valueName\":\"search_term_string\"}}],\"inLanguage\":\"fr-FR\"},{\"@type\":\"Organization\",\"@id\":\"https:\/\/turijnmagazijn.jumpstone-dev.nl\/#organization\",\"name\":\"Turijnmagazijn\",\"url\":\"https:\/\/turijnmagazijn.jumpstone-dev.nl\/\",\"logo\":{\"@type\":\"ImageObject\",\"inLanguage\":\"fr-FR\",\"@id\":\"https:\/\/turijnmagazijn.jumpstone-dev.nl\/#\/schema\/logo\/image\/\",\"url\":\"https:\/\/turijnmagazijn.nl\/wp-content\/uploads\/2021\/02\/turijnmagazijnlogo.png\",\"contentUrl\":\"https:\/\/turijnmagazijn.nl\/wp-content\/uploads\/2021\/02\/turijnmagazijnlogo.png\",\"width\":555,\"height\":270,\"caption\":\"Turijnmagazijn\"},\"image\":{\"@id\":\"https:\/\/turijnmagazijn.jumpstone-dev.nl\/#\/schema\/logo\/image\/\"},\"sameAs\":[\"https:\/\/www.facebook.com\/turijnmagazijn\"]}]}<\/script>\n<!-- \/ Yoast SEO plugin. -->","yoast_head_json":{"title":"Feu arri\u00e8re ext\u00e9rieur de la Lancia Delta II gauche - Turijnmagazijn","robots":{"index":"index","follow":"follow","max-snippet":"max-snippet:-1","max-image-preview":"max-image-preview:large","max-video-preview":"max-video-preview:-1"},"canonical":"https:\/\/turijnmagazijn.nl\/fr\/produit\/feu-arriere-exterieur-gauche-lancia-delta-ii\/","og_locale":"fr_FR","og_type":"article","og_title":"Feu arri\u00e8re ext\u00e9rieur de la Lancia Delta II gauche - Turijnmagazijn","og_description":"Nouvelle pi\u00e8ce d\u2019origine provenant de l\u2019ancien stock du concessionnaire. Feu arri\u00e8re ext\u00e9rieur gauche Lancia Delta II num\u00e9ro OEM 82468762","og_url":"https:\/\/turijnmagazijn.nl\/fr\/produit\/feu-arriere-exterieur-gauche-lancia-delta-ii\/","og_site_name":"Turijnmagazijn","article_publisher":"https:\/\/www.facebook.com\/turijnmagazijn","article_modified_time":"2023-07-27T10:55:01+00:00","twitter_card":"summary_large_image","schema":{"@context":"https:\/\/schema.org","@graph":[{"@type":"WebPage","@id":"https:\/\/turijnmagazijn.nl\/fr\/produit\/feu-arriere-exterieur-gauche-lancia-delta-ii\/","url":"https:\/\/turijnmagazijn.nl\/fr\/produit\/feu-arriere-exterieur-gauche-lancia-delta-ii\/","name":"Feu arri\u00e8re ext\u00e9rieur de la Lancia Delta II gauche - Turijnmagazijn","isPartOf":{"@id":"https:\/\/turijnmagazijn.jumpstone-dev.nl\/#website"},"datePublished":"2023-03-03T09:16:19+00:00","dateModified":"2023-07-27T10:55:01+00:00","breadcrumb":{"@id":"https:\/\/turijnmagazijn.nl\/fr\/produit\/feu-arriere-exterieur-gauche-lancia-delta-ii\/#breadcrumb"},"inLanguage":"fr-FR","potentialAction":[{"@type":"ReadAction","target":["https:\/\/turijnmagazijn.nl\/fr\/produit\/feu-arriere-exterieur-gauche-lancia-delta-ii\/"]}]},{"@type":"BreadcrumbList","@id":"https:\/\/turijnmagazijn.nl\/fr\/produit\/feu-arriere-exterieur-gauche-lancia-delta-ii\/#breadcrumb","itemListElement":[{"@type":"ListItem","position":1,"name":"Home","item":"https:\/\/turijnmagazijn.nl\/fr\/"},{"@type":"ListItem","position":2,"name":"Produits","item":"https:\/\/turijnmagazijn.nl\/fr\/shop\/"},{"@type":"ListItem","position":3,"name":"Feu arri\u00e8re ext\u00e9rieur de la Lancia Delta II gauche"}]},{"@type":"WebSite","@id":"https:\/\/turijnmagazijn.jumpstone-dev.nl\/#website","url":"https:\/\/turijnmagazijn.jumpstone-dev.nl\/","name":"Turijnmagazijn","description":"Onderdelen nieuw en gebruikt - Fiat &amp; Lancia","publisher":{"@id":"https:\/\/turijnmagazijn.jumpstone-dev.nl\/#organization"},"potentialAction":[{"@type":"SearchAction","target":{"@type":"EntryPoint","urlTemplate":"https:\/\/turijnmagazijn.jumpstone-dev.nl\/?s={search_term_string}"},"query-input":{"@type":"PropertyValueSpecification","valueRequired":true,"valueName":"search_term_string"}}],"inLanguage":"fr-FR"},{"@type":"Organization","@id":"https:\/\/turijnmagazijn.jumpstone-dev.nl\/#organization","name":"Turijnmagazijn","url":"https:\/\/turijnmagazijn.jumpstone-dev.nl\/","logo":{"@type":"ImageObject","inLanguage":"fr-FR","@id":"https:\/\/turijnmagazijn.jumpstone-dev.nl\/#\/schema\/logo\/image\/","url":"https:\/\/turijnmagazijn.nl\/wp-content\/uploads\/2021\/02\/turijnmagazijnlogo.png","contentUrl":"https:\/\/turijnmagazijn.nl\/wp-content\/uploads\/2021\/02\/turijnmagazijnlogo.png","width":555,"height":270,"caption":"Turijnmagazijn"},"image":{"@id":"https:\/\/turijnmagazijn.jumpstone-dev.nl\/#\/schema\/logo\/image\/"},"sameAs":["https:\/\/www.facebook.com\/turijnmagazijn"]}]}},"_links":{"self":[{"href":"https:\/\/turijnmagazijn.nl\/fr\/wp-json\/wp\/v2\/product\/66331","targetHints":{"allow":["GET"]}}],"collection":[{"href":"https:\/\/turijnmagazijn.nl\/fr\/wp-json\/wp\/v2\/product"}],"about":[{"href":"https:\/\/turijnmagazijn.nl\/fr\/wp-json\/wp\/v2\/types\/product"}],"replies":[{"embeddable":true,"href":"https:\/\/turijnmagazijn.nl\/fr\/wp-json\/wp\/v2\/comments?post=66331"}],"wp:attachment":[{"href":"https:\/\/turijnmagazijn.nl\/fr\/wp-json\/wp\/v2\/media?parent=66331"}],"wp:term":[{"taxonomy":"product_brand","embeddable":true,"href":"https:\/\/turijnmagazijn.nl\/fr\/wp-json\/wp\/v2\/product_brand?post=66331"},{"taxonomy":"product_cat","embeddable":true,"href":"https:\/\/turijnmagazijn.nl\/fr\/wp-json\/wp\/v2\/product_cat?post=66331"},{"taxonomy":"product_tag","embeddable":true,"href":"https:\/\/turijnmagazijn.nl\/fr\/wp-json\/wp\/v2\/product_tag?post=66331"}],"curies":[{"name":"wp","href":"https:\/\/api.w.org\/{rel}","templated":true}]}}