{"id":66655,"date":"2023-03-03T08:56:49","date_gmt":"2023-03-03T07:56:49","guid":{"rendered":"https:\/\/turijnmagazijn.nl\/product\/clip-pour-etagere-a-colis-fiat-stilo-grande-punto-links\/"},"modified":"2023-07-27T12:41:37","modified_gmt":"2023-07-27T10:41:37","slug":"clip-for-hat-shelf-fiat-stilo-grande-punto-links","status":"publish","type":"product","link":"https:\/\/turijnmagazijn.nl\/fr\/produit\/clip-for-hat-shelf-fiat-stilo-grande-punto-links\/","title":{"rendered":"Clip pour \u00e9tag\u00e8re \u00e0 colis Fiat Stilo + Grande Punto Links"},"content":{"rendered":"<p><a style=\"background-color: #ffffff; color: #23527c; outline: 0px;\" href=\"https:\/\/turijnmagazijn.nl\/fr\/expedition-par-boite-aux-lettres\/\" target=\"\" rel=\"noopener\"><img decoding=\"async\" src=\"https:\/\/www.delenkorf.nl\/image\/catalog\/brievenbus.png\"><\/a><span style=\"font-size: 12px;\"><br \/>\n<\/span><\/p>\n<p><span style=\"font-size: 12px;\">1 nouveau clip d\u2019imitation pour le montage de l\u2019\u00e9tag\u00e8re \u00e0 colis pour Fiat Stilo et Fiat Punto EVO et Grande Punto. Ces clips se cassent souvent et font en sorte que l\u2019\u00e9tag\u00e8re \u00e0 colis ne se d\u00e9place plus proprement lorsque le hayon est ouvert.<\/span><\/p>\n<p><span style=\"font-size: 12px;\">Ils sont tr\u00e8s faciles \u00e0 remplacer vous-m\u00eame.<\/span><\/p>\n<p><span style=\"font-size: 12px;\">Portez une attention particuli\u00e8re \u00e0 la diff\u00e9rence entre la gauche et la droite, sont deux versions diff\u00e9rentes.<\/span><\/p>\n<p><span style=\"font-size: 12px;\">Ceci est une copie de gauche.<\/span><\/p>\n<p><span style=\"font-size: 12px; font-weight: bold;\">Directement disponible sur stock n\u00e9erlandais, livr\u00e9 en quelques jours.<\/span><\/p>\n<p>&nbsp;<\/p>\n<p><span style=\"font-size: 12px;\">OEM Fiat 71719953  <\/span><\/p>\n<p><span style=\"font-size: 12px;\">(num\u00e9ro de r\u00e9f\u00e9rence, concerne une pi\u00e8ce d\u2019imitation aux m\u00eames sp\u00e9cifications, sont 1 \u00e0 1 interchangeables)<\/span><\/p>\n","protected":false},"excerpt":{"rendered":"<p>Clip pour \u00e9tag\u00e8re \u00e0 colis Fiat Stilo + Grande Punto Left &#8211; 1 nouveau clip d\u2019imitation pour le montage de l\u2019\u00e9tag\u00e8re \u00e0 colis pour Fiat Stilo et Fiat Punto EVO et Grande Punto.<\/p>\n","protected":false},"featured_media":53924,"comment_status":"closed","ping_status":"closed","template":"","meta":{"_acf_changed":false},"product_brand":[],"product_cat":[1582,1644,1690,1731,1763],"product_tag":[],"class_list":{"0":"post-66655","1":"product","2":"type-product","3":"status-publish","4":"has-post-thumbnail","6":"product_cat-alfa-romeo-fr","7":"product_cat-brera-939-fr","8":"product_cat-fiat-fr","9":"product_cat-grande-punto-199-fr","10":"product_cat-stilo-192-fr","11":"pa_soort-onderdeel-carrosserie-et-tolerie","13":"first","14":"instock","15":"taxable","16":"shipping-taxable","17":"purchasable","18":"product-type-simple"},"acf":[],"yoast_head":"<!-- This site is optimized with the Yoast SEO plugin v27.3 - https:\/\/yoast.com\/product\/yoast-seo-wordpress\/ -->\n<title>Clip pour \u00e9tag\u00e8re \u00e0 colis Fiat Stilo + Grande Punto Links - Turijnmagazijn<\/title>\n<meta name=\"robots\" content=\"index, follow, max-snippet:-1, max-image-preview:large, max-video-preview:-1\" \/>\n<link rel=\"canonical\" href=\"https:\/\/turijnmagazijn.nl\/fr\/produit\/clip-for-hat-shelf-fiat-stilo-grande-punto-links\/\" \/>\n<meta property=\"og:locale\" content=\"fr_FR\" \/>\n<meta property=\"og:type\" content=\"article\" \/>\n<meta property=\"og:title\" content=\"Clip pour \u00e9tag\u00e8re \u00e0 colis Fiat Stilo + Grande Punto Links - Turijnmagazijn\" \/>\n<meta property=\"og:description\" content=\"Clip pour \u00e9tag\u00e8re \u00e0 colis Fiat Stilo + Grande Punto Left - 1 nouveau clip d\u2019imitation pour le montage de l\u2019\u00e9tag\u00e8re \u00e0 colis pour Fiat Stilo et Fiat Punto EVO et Grande Punto.\" \/>\n<meta property=\"og:url\" content=\"https:\/\/turijnmagazijn.nl\/fr\/produit\/clip-for-hat-shelf-fiat-stilo-grande-punto-links\/\" \/>\n<meta property=\"og:site_name\" content=\"Turijnmagazijn\" \/>\n<meta property=\"article:publisher\" content=\"https:\/\/www.facebook.com\/turijnmagazijn\" \/>\n<meta property=\"article:modified_time\" content=\"2023-07-27T10:41:37+00:00\" \/>\n<meta property=\"og:image\" content=\"https:\/\/turijnmagazijn.nl\/wp-content\/uploads\/2023\/03\/DN00100180-Clip-voor-hoedenplank-Fiat-Stilo-Grande-Punto-Links-3.jpg\" \/>\n\t<meta property=\"og:image:width\" content=\"1024\" \/>\n\t<meta property=\"og:image:height\" content=\"768\" \/>\n\t<meta property=\"og:image:type\" content=\"image\/jpeg\" \/>\n<meta name=\"twitter:card\" content=\"summary_large_image\" \/>\n<meta name=\"twitter:label1\" content=\"Dur\u00e9e de lecture estim\u00e9e\" \/>\n\t<meta name=\"twitter:data1\" content=\"1 minute\" \/>\n<script type=\"application\/ld+json\" class=\"yoast-schema-graph\">{\"@context\":\"https:\\\/\\\/schema.org\",\"@graph\":[{\"@type\":\"WebPage\",\"@id\":\"https:\\\/\\\/turijnmagazijn.nl\\\/fr\\\/produit\\\/clip-for-hat-shelf-fiat-stilo-grande-punto-links\\\/\",\"url\":\"https:\\\/\\\/turijnmagazijn.nl\\\/fr\\\/produit\\\/clip-for-hat-shelf-fiat-stilo-grande-punto-links\\\/\",\"name\":\"Clip pour \u00e9tag\u00e8re \u00e0 colis Fiat Stilo + Grande Punto Links - Turijnmagazijn\",\"isPartOf\":{\"@id\":\"https:\\\/\\\/turijnmagazijn.jumpstone-dev.nl\\\/#website\"},\"primaryImageOfPage\":{\"@id\":\"https:\\\/\\\/turijnmagazijn.nl\\\/fr\\\/produit\\\/clip-for-hat-shelf-fiat-stilo-grande-punto-links\\\/#primaryimage\"},\"image\":{\"@id\":\"https:\\\/\\\/turijnmagazijn.nl\\\/fr\\\/produit\\\/clip-for-hat-shelf-fiat-stilo-grande-punto-links\\\/#primaryimage\"},\"thumbnailUrl\":\"https:\\\/\\\/turijnmagazijn.nl\\\/wp-content\\\/uploads\\\/2023\\\/03\\\/DN00100180-Clip-voor-hoedenplank-Fiat-Stilo-Grande-Punto-Links-3.jpg\",\"datePublished\":\"2023-03-03T07:56:49+00:00\",\"dateModified\":\"2023-07-27T10:41:37+00:00\",\"breadcrumb\":{\"@id\":\"https:\\\/\\\/turijnmagazijn.nl\\\/fr\\\/produit\\\/clip-for-hat-shelf-fiat-stilo-grande-punto-links\\\/#breadcrumb\"},\"inLanguage\":\"fr-FR\",\"potentialAction\":[{\"@type\":\"ReadAction\",\"target\":[\"https:\\\/\\\/turijnmagazijn.nl\\\/fr\\\/produit\\\/clip-for-hat-shelf-fiat-stilo-grande-punto-links\\\/\"]}]},{\"@type\":\"ImageObject\",\"inLanguage\":\"fr-FR\",\"@id\":\"https:\\\/\\\/turijnmagazijn.nl\\\/fr\\\/produit\\\/clip-for-hat-shelf-fiat-stilo-grande-punto-links\\\/#primaryimage\",\"url\":\"https:\\\/\\\/turijnmagazijn.nl\\\/wp-content\\\/uploads\\\/2023\\\/03\\\/DN00100180-Clip-voor-hoedenplank-Fiat-Stilo-Grande-Punto-Links-3.jpg\",\"contentUrl\":\"https:\\\/\\\/turijnmagazijn.nl\\\/wp-content\\\/uploads\\\/2023\\\/03\\\/DN00100180-Clip-voor-hoedenplank-Fiat-Stilo-Grande-Punto-Links-3.jpg\",\"width\":1024,\"height\":768},{\"@type\":\"BreadcrumbList\",\"@id\":\"https:\\\/\\\/turijnmagazijn.nl\\\/fr\\\/produit\\\/clip-for-hat-shelf-fiat-stilo-grande-punto-links\\\/#breadcrumb\",\"itemListElement\":[{\"@type\":\"ListItem\",\"position\":1,\"name\":\"Home\",\"item\":\"https:\\\/\\\/turijnmagazijn.nl\\\/fr\\\/\"},{\"@type\":\"ListItem\",\"position\":2,\"name\":\"Produits\",\"item\":\"https:\\\/\\\/turijnmagazijn.nl\\\/fr\\\/shop\\\/\"},{\"@type\":\"ListItem\",\"position\":3,\"name\":\"Clip pour \u00e9tag\u00e8re \u00e0 colis Fiat Stilo + Grande Punto Links\"}]},{\"@type\":\"WebSite\",\"@id\":\"https:\\\/\\\/turijnmagazijn.jumpstone-dev.nl\\\/#website\",\"url\":\"https:\\\/\\\/turijnmagazijn.jumpstone-dev.nl\\\/\",\"name\":\"Turijnmagazijn\",\"description\":\"Onderdelen nieuw en gebruikt - Fiat &amp; Lancia\",\"publisher\":{\"@id\":\"https:\\\/\\\/turijnmagazijn.jumpstone-dev.nl\\\/#organization\"},\"potentialAction\":[{\"@type\":\"SearchAction\",\"target\":{\"@type\":\"EntryPoint\",\"urlTemplate\":\"https:\\\/\\\/turijnmagazijn.jumpstone-dev.nl\\\/?s={search_term_string}\"},\"query-input\":{\"@type\":\"PropertyValueSpecification\",\"valueRequired\":true,\"valueName\":\"search_term_string\"}}],\"inLanguage\":\"fr-FR\"},{\"@type\":\"Organization\",\"@id\":\"https:\\\/\\\/turijnmagazijn.jumpstone-dev.nl\\\/#organization\",\"name\":\"Turijnmagazijn\",\"url\":\"https:\\\/\\\/turijnmagazijn.jumpstone-dev.nl\\\/\",\"logo\":{\"@type\":\"ImageObject\",\"inLanguage\":\"fr-FR\",\"@id\":\"https:\\\/\\\/turijnmagazijn.jumpstone-dev.nl\\\/#\\\/schema\\\/logo\\\/image\\\/\",\"url\":\"https:\\\/\\\/turijnmagazijn.nl\\\/wp-content\\\/uploads\\\/2021\\\/02\\\/turijnmagazijnlogo.png\",\"contentUrl\":\"https:\\\/\\\/turijnmagazijn.nl\\\/wp-content\\\/uploads\\\/2021\\\/02\\\/turijnmagazijnlogo.png\",\"width\":555,\"height\":270,\"caption\":\"Turijnmagazijn\"},\"image\":{\"@id\":\"https:\\\/\\\/turijnmagazijn.jumpstone-dev.nl\\\/#\\\/schema\\\/logo\\\/image\\\/\"},\"sameAs\":[\"https:\\\/\\\/www.facebook.com\\\/turijnmagazijn\"]}]}<\/script>\n<!-- \/ Yoast SEO plugin. -->","yoast_head_json":{"title":"Clip pour \u00e9tag\u00e8re \u00e0 colis Fiat Stilo + Grande Punto Links - Turijnmagazijn","robots":{"index":"index","follow":"follow","max-snippet":"max-snippet:-1","max-image-preview":"max-image-preview:large","max-video-preview":"max-video-preview:-1"},"canonical":"https:\/\/turijnmagazijn.nl\/fr\/produit\/clip-for-hat-shelf-fiat-stilo-grande-punto-links\/","og_locale":"fr_FR","og_type":"article","og_title":"Clip pour \u00e9tag\u00e8re \u00e0 colis Fiat Stilo + Grande Punto Links - Turijnmagazijn","og_description":"Clip pour \u00e9tag\u00e8re \u00e0 colis Fiat Stilo + Grande Punto Left - 1 nouveau clip d\u2019imitation pour le montage de l\u2019\u00e9tag\u00e8re \u00e0 colis pour Fiat Stilo et Fiat Punto EVO et Grande Punto.","og_url":"https:\/\/turijnmagazijn.nl\/fr\/produit\/clip-for-hat-shelf-fiat-stilo-grande-punto-links\/","og_site_name":"Turijnmagazijn","article_publisher":"https:\/\/www.facebook.com\/turijnmagazijn","article_modified_time":"2023-07-27T10:41:37+00:00","og_image":[{"width":1024,"height":768,"url":"https:\/\/turijnmagazijn.nl\/wp-content\/uploads\/2023\/03\/DN00100180-Clip-voor-hoedenplank-Fiat-Stilo-Grande-Punto-Links-3.jpg","type":"image\/jpeg"}],"twitter_card":"summary_large_image","twitter_misc":{"Dur\u00e9e de lecture estim\u00e9e":"1 minute"},"schema":{"@context":"https:\/\/schema.org","@graph":[{"@type":"WebPage","@id":"https:\/\/turijnmagazijn.nl\/fr\/produit\/clip-for-hat-shelf-fiat-stilo-grande-punto-links\/","url":"https:\/\/turijnmagazijn.nl\/fr\/produit\/clip-for-hat-shelf-fiat-stilo-grande-punto-links\/","name":"Clip pour \u00e9tag\u00e8re \u00e0 colis Fiat Stilo + Grande Punto Links - Turijnmagazijn","isPartOf":{"@id":"https:\/\/turijnmagazijn.jumpstone-dev.nl\/#website"},"primaryImageOfPage":{"@id":"https:\/\/turijnmagazijn.nl\/fr\/produit\/clip-for-hat-shelf-fiat-stilo-grande-punto-links\/#primaryimage"},"image":{"@id":"https:\/\/turijnmagazijn.nl\/fr\/produit\/clip-for-hat-shelf-fiat-stilo-grande-punto-links\/#primaryimage"},"thumbnailUrl":"https:\/\/turijnmagazijn.nl\/wp-content\/uploads\/2023\/03\/DN00100180-Clip-voor-hoedenplank-Fiat-Stilo-Grande-Punto-Links-3.jpg","datePublished":"2023-03-03T07:56:49+00:00","dateModified":"2023-07-27T10:41:37+00:00","breadcrumb":{"@id":"https:\/\/turijnmagazijn.nl\/fr\/produit\/clip-for-hat-shelf-fiat-stilo-grande-punto-links\/#breadcrumb"},"inLanguage":"fr-FR","potentialAction":[{"@type":"ReadAction","target":["https:\/\/turijnmagazijn.nl\/fr\/produit\/clip-for-hat-shelf-fiat-stilo-grande-punto-links\/"]}]},{"@type":"ImageObject","inLanguage":"fr-FR","@id":"https:\/\/turijnmagazijn.nl\/fr\/produit\/clip-for-hat-shelf-fiat-stilo-grande-punto-links\/#primaryimage","url":"https:\/\/turijnmagazijn.nl\/wp-content\/uploads\/2023\/03\/DN00100180-Clip-voor-hoedenplank-Fiat-Stilo-Grande-Punto-Links-3.jpg","contentUrl":"https:\/\/turijnmagazijn.nl\/wp-content\/uploads\/2023\/03\/DN00100180-Clip-voor-hoedenplank-Fiat-Stilo-Grande-Punto-Links-3.jpg","width":1024,"height":768},{"@type":"BreadcrumbList","@id":"https:\/\/turijnmagazijn.nl\/fr\/produit\/clip-for-hat-shelf-fiat-stilo-grande-punto-links\/#breadcrumb","itemListElement":[{"@type":"ListItem","position":1,"name":"Home","item":"https:\/\/turijnmagazijn.nl\/fr\/"},{"@type":"ListItem","position":2,"name":"Produits","item":"https:\/\/turijnmagazijn.nl\/fr\/shop\/"},{"@type":"ListItem","position":3,"name":"Clip pour \u00e9tag\u00e8re \u00e0 colis Fiat Stilo + Grande Punto Links"}]},{"@type":"WebSite","@id":"https:\/\/turijnmagazijn.jumpstone-dev.nl\/#website","url":"https:\/\/turijnmagazijn.jumpstone-dev.nl\/","name":"Turijnmagazijn","description":"Onderdelen nieuw en gebruikt - Fiat &amp; Lancia","publisher":{"@id":"https:\/\/turijnmagazijn.jumpstone-dev.nl\/#organization"},"potentialAction":[{"@type":"SearchAction","target":{"@type":"EntryPoint","urlTemplate":"https:\/\/turijnmagazijn.jumpstone-dev.nl\/?s={search_term_string}"},"query-input":{"@type":"PropertyValueSpecification","valueRequired":true,"valueName":"search_term_string"}}],"inLanguage":"fr-FR"},{"@type":"Organization","@id":"https:\/\/turijnmagazijn.jumpstone-dev.nl\/#organization","name":"Turijnmagazijn","url":"https:\/\/turijnmagazijn.jumpstone-dev.nl\/","logo":{"@type":"ImageObject","inLanguage":"fr-FR","@id":"https:\/\/turijnmagazijn.jumpstone-dev.nl\/#\/schema\/logo\/image\/","url":"https:\/\/turijnmagazijn.nl\/wp-content\/uploads\/2021\/02\/turijnmagazijnlogo.png","contentUrl":"https:\/\/turijnmagazijn.nl\/wp-content\/uploads\/2021\/02\/turijnmagazijnlogo.png","width":555,"height":270,"caption":"Turijnmagazijn"},"image":{"@id":"https:\/\/turijnmagazijn.jumpstone-dev.nl\/#\/schema\/logo\/image\/"},"sameAs":["https:\/\/www.facebook.com\/turijnmagazijn"]}]}},"_links":{"self":[{"href":"https:\/\/turijnmagazijn.nl\/fr\/wp-json\/wp\/v2\/product\/66655","targetHints":{"allow":["GET"]}}],"collection":[{"href":"https:\/\/turijnmagazijn.nl\/fr\/wp-json\/wp\/v2\/product"}],"about":[{"href":"https:\/\/turijnmagazijn.nl\/fr\/wp-json\/wp\/v2\/types\/product"}],"replies":[{"embeddable":true,"href":"https:\/\/turijnmagazijn.nl\/fr\/wp-json\/wp\/v2\/comments?post=66655"}],"wp:featuredmedia":[{"embeddable":true,"href":"https:\/\/turijnmagazijn.nl\/fr\/wp-json\/wp\/v2\/media\/53924"}],"wp:attachment":[{"href":"https:\/\/turijnmagazijn.nl\/fr\/wp-json\/wp\/v2\/media?parent=66655"}],"wp:term":[{"taxonomy":"product_brand","embeddable":true,"href":"https:\/\/turijnmagazijn.nl\/fr\/wp-json\/wp\/v2\/product_brand?post=66655"},{"taxonomy":"product_cat","embeddable":true,"href":"https:\/\/turijnmagazijn.nl\/fr\/wp-json\/wp\/v2\/product_cat?post=66655"},{"taxonomy":"product_tag","embeddable":true,"href":"https:\/\/turijnmagazijn.nl\/fr\/wp-json\/wp\/v2\/product_tag?post=66655"}],"curies":[{"name":"wp","href":"https:\/\/api.w.org\/{rel}","templated":true}]}}