{"id":66656,"date":"2023-03-03T10:20:02","date_gmt":"2023-03-03T09:20:02","guid":{"rendered":"https:\/\/turijnmagazijn.nl\/product\/suspension-a-ressort-a-gaz-chassis-electrique-arriere-lancia-delta-ii\/"},"modified":"2023-07-27T13:02:59","modified_gmt":"2023-07-27T11:02:59","slug":"ressort-a-gaz-suspension-arriere-electrique-train-datterrissage-lancia-delta-ii","status":"publish","type":"product","link":"https:\/\/turijnmagazijn.nl\/fr\/produit\/ressort-a-gaz-suspension-arriere-electrique-train-datterrissage-lancia-delta-ii\/","title":{"rendered":"Suspension \u00e0 ressort \u00e0 gaz ch\u00e2ssis \u00e9lectrique arri\u00e8re Lancia Delta II"},"content":{"rendered":"<p>Nouvelle suspension \u00e0 ressort \u00e0 gaz d\u2019origine ch\u00e2ssis \u00e9lectrique arri\u00e8re Lancia Delta IIBesures une pi\u00e8ce d\u2019origine inutilis\u00e9e de l\u2019ancien stock du concessionnaire. Les articles sont, le cas \u00e9ch\u00e9ant, fournis avec l\u2019emballage d\u2019origine de la marque. Concerne une composante de marge. Le num\u00e9ro OEM de cette pi\u00e8ce est 7704822<\/p>\n","protected":false},"excerpt":{"rendered":"<p>Nouvelle pi\u00e8ce d\u2019origine provenant de l\u2019ancien stock du concessionnaire. Suspension \u00e0 ressort gaz arri\u00e8re ch\u00e2ssis \u00e9lectrique Lancia Delta II OEM num\u00e9ro 7704822<\/p>\n","protected":false},"featured_media":0,"comment_status":"open","ping_status":"closed","template":"","meta":{"_acf_changed":false},"product_brand":[],"product_cat":[1846,1851,1841,1690],"product_tag":[],"class_list":{"0":"post-66656","1":"product","2":"type-product","3":"status-publish","5":"product_cat-3-deurs-hpe-fr","6":"product_cat-5-deurs-fr","7":"product_cat-delta-2-836-fr","8":"product_cat-fiat-fr","9":"pa_soort-onderdeel-carrosserie-et-tolerie","10":"pa_soort-onderdeel-dautres-pieces-de-voiture","12":"first","13":"instock","14":"shipping-taxable","15":"purchasable","16":"product-type-simple"},"acf":[],"yoast_head":"<!-- This site is optimized with the Yoast SEO plugin v27.2 - https:\/\/yoast.com\/product\/yoast-seo-wordpress\/ -->\n<title>Suspension \u00e0 ressort \u00e0 gaz ch\u00e2ssis \u00e9lectrique arri\u00e8re Lancia Delta II - Turijnmagazijn<\/title>\n<meta name=\"robots\" content=\"index, follow, max-snippet:-1, max-image-preview:large, max-video-preview:-1\" \/>\n<link rel=\"canonical\" href=\"https:\/\/turijnmagazijn.nl\/fr\/produit\/ressort-a-gaz-suspension-arriere-electrique-train-datterrissage-lancia-delta-ii\/\" \/>\n<meta property=\"og:locale\" content=\"fr_FR\" \/>\n<meta property=\"og:type\" content=\"article\" \/>\n<meta property=\"og:title\" content=\"Suspension \u00e0 ressort \u00e0 gaz ch\u00e2ssis \u00e9lectrique arri\u00e8re Lancia Delta II - Turijnmagazijn\" \/>\n<meta property=\"og:description\" content=\"Nouvelle pi\u00e8ce d\u2019origine provenant de l\u2019ancien stock du concessionnaire. Suspension \u00e0 ressort gaz arri\u00e8re ch\u00e2ssis \u00e9lectrique Lancia Delta II OEM num\u00e9ro 7704822\" \/>\n<meta property=\"og:url\" content=\"https:\/\/turijnmagazijn.nl\/fr\/produit\/ressort-a-gaz-suspension-arriere-electrique-train-datterrissage-lancia-delta-ii\/\" \/>\n<meta property=\"og:site_name\" content=\"Turijnmagazijn\" \/>\n<meta property=\"article:publisher\" content=\"https:\/\/www.facebook.com\/turijnmagazijn\" \/>\n<meta property=\"article:modified_time\" content=\"2023-07-27T11:02:59+00:00\" \/>\n<meta name=\"twitter:card\" content=\"summary_large_image\" \/>\n<script type=\"application\/ld+json\" class=\"yoast-schema-graph\">{\"@context\":\"https:\/\/schema.org\",\"@graph\":[{\"@type\":\"WebPage\",\"@id\":\"https:\/\/turijnmagazijn.nl\/fr\/produit\/ressort-a-gaz-suspension-arriere-electrique-train-datterrissage-lancia-delta-ii\/\",\"url\":\"https:\/\/turijnmagazijn.nl\/fr\/produit\/ressort-a-gaz-suspension-arriere-electrique-train-datterrissage-lancia-delta-ii\/\",\"name\":\"Suspension \u00e0 ressort \u00e0 gaz ch\u00e2ssis \u00e9lectrique arri\u00e8re Lancia Delta II - Turijnmagazijn\",\"isPartOf\":{\"@id\":\"https:\/\/turijnmagazijn.jumpstone-dev.nl\/#website\"},\"datePublished\":\"2023-03-03T09:20:02+00:00\",\"dateModified\":\"2023-07-27T11:02:59+00:00\",\"breadcrumb\":{\"@id\":\"https:\/\/turijnmagazijn.nl\/fr\/produit\/ressort-a-gaz-suspension-arriere-electrique-train-datterrissage-lancia-delta-ii\/#breadcrumb\"},\"inLanguage\":\"fr-FR\",\"potentialAction\":[{\"@type\":\"ReadAction\",\"target\":[\"https:\/\/turijnmagazijn.nl\/fr\/produit\/ressort-a-gaz-suspension-arriere-electrique-train-datterrissage-lancia-delta-ii\/\"]}]},{\"@type\":\"BreadcrumbList\",\"@id\":\"https:\/\/turijnmagazijn.nl\/fr\/produit\/ressort-a-gaz-suspension-arriere-electrique-train-datterrissage-lancia-delta-ii\/#breadcrumb\",\"itemListElement\":[{\"@type\":\"ListItem\",\"position\":1,\"name\":\"Home\",\"item\":\"https:\/\/turijnmagazijn.nl\/fr\/\"},{\"@type\":\"ListItem\",\"position\":2,\"name\":\"Produits\",\"item\":\"https:\/\/turijnmagazijn.nl\/fr\/shop\/\"},{\"@type\":\"ListItem\",\"position\":3,\"name\":\"Suspension \u00e0 ressort \u00e0 gaz ch\u00e2ssis \u00e9lectrique arri\u00e8re Lancia Delta II\"}]},{\"@type\":\"WebSite\",\"@id\":\"https:\/\/turijnmagazijn.jumpstone-dev.nl\/#website\",\"url\":\"https:\/\/turijnmagazijn.jumpstone-dev.nl\/\",\"name\":\"Turijnmagazijn\",\"description\":\"Onderdelen nieuw en gebruikt - Fiat &amp; Lancia\",\"publisher\":{\"@id\":\"https:\/\/turijnmagazijn.jumpstone-dev.nl\/#organization\"},\"potentialAction\":[{\"@type\":\"SearchAction\",\"target\":{\"@type\":\"EntryPoint\",\"urlTemplate\":\"https:\/\/turijnmagazijn.jumpstone-dev.nl\/?s={search_term_string}\"},\"query-input\":{\"@type\":\"PropertyValueSpecification\",\"valueRequired\":true,\"valueName\":\"search_term_string\"}}],\"inLanguage\":\"fr-FR\"},{\"@type\":\"Organization\",\"@id\":\"https:\/\/turijnmagazijn.jumpstone-dev.nl\/#organization\",\"name\":\"Turijnmagazijn\",\"url\":\"https:\/\/turijnmagazijn.jumpstone-dev.nl\/\",\"logo\":{\"@type\":\"ImageObject\",\"inLanguage\":\"fr-FR\",\"@id\":\"https:\/\/turijnmagazijn.jumpstone-dev.nl\/#\/schema\/logo\/image\/\",\"url\":\"https:\/\/turijnmagazijn.nl\/wp-content\/uploads\/2021\/02\/turijnmagazijnlogo.png\",\"contentUrl\":\"https:\/\/turijnmagazijn.nl\/wp-content\/uploads\/2021\/02\/turijnmagazijnlogo.png\",\"width\":555,\"height\":270,\"caption\":\"Turijnmagazijn\"},\"image\":{\"@id\":\"https:\/\/turijnmagazijn.jumpstone-dev.nl\/#\/schema\/logo\/image\/\"},\"sameAs\":[\"https:\/\/www.facebook.com\/turijnmagazijn\"]}]}<\/script>\n<!-- \/ Yoast SEO plugin. -->","yoast_head_json":{"title":"Suspension \u00e0 ressort \u00e0 gaz ch\u00e2ssis \u00e9lectrique arri\u00e8re Lancia Delta II - Turijnmagazijn","robots":{"index":"index","follow":"follow","max-snippet":"max-snippet:-1","max-image-preview":"max-image-preview:large","max-video-preview":"max-video-preview:-1"},"canonical":"https:\/\/turijnmagazijn.nl\/fr\/produit\/ressort-a-gaz-suspension-arriere-electrique-train-datterrissage-lancia-delta-ii\/","og_locale":"fr_FR","og_type":"article","og_title":"Suspension \u00e0 ressort \u00e0 gaz ch\u00e2ssis \u00e9lectrique arri\u00e8re Lancia Delta II - Turijnmagazijn","og_description":"Nouvelle pi\u00e8ce d\u2019origine provenant de l\u2019ancien stock du concessionnaire. Suspension \u00e0 ressort gaz arri\u00e8re ch\u00e2ssis \u00e9lectrique Lancia Delta II OEM num\u00e9ro 7704822","og_url":"https:\/\/turijnmagazijn.nl\/fr\/produit\/ressort-a-gaz-suspension-arriere-electrique-train-datterrissage-lancia-delta-ii\/","og_site_name":"Turijnmagazijn","article_publisher":"https:\/\/www.facebook.com\/turijnmagazijn","article_modified_time":"2023-07-27T11:02:59+00:00","twitter_card":"summary_large_image","schema":{"@context":"https:\/\/schema.org","@graph":[{"@type":"WebPage","@id":"https:\/\/turijnmagazijn.nl\/fr\/produit\/ressort-a-gaz-suspension-arriere-electrique-train-datterrissage-lancia-delta-ii\/","url":"https:\/\/turijnmagazijn.nl\/fr\/produit\/ressort-a-gaz-suspension-arriere-electrique-train-datterrissage-lancia-delta-ii\/","name":"Suspension \u00e0 ressort \u00e0 gaz ch\u00e2ssis \u00e9lectrique arri\u00e8re Lancia Delta II - Turijnmagazijn","isPartOf":{"@id":"https:\/\/turijnmagazijn.jumpstone-dev.nl\/#website"},"datePublished":"2023-03-03T09:20:02+00:00","dateModified":"2023-07-27T11:02:59+00:00","breadcrumb":{"@id":"https:\/\/turijnmagazijn.nl\/fr\/produit\/ressort-a-gaz-suspension-arriere-electrique-train-datterrissage-lancia-delta-ii\/#breadcrumb"},"inLanguage":"fr-FR","potentialAction":[{"@type":"ReadAction","target":["https:\/\/turijnmagazijn.nl\/fr\/produit\/ressort-a-gaz-suspension-arriere-electrique-train-datterrissage-lancia-delta-ii\/"]}]},{"@type":"BreadcrumbList","@id":"https:\/\/turijnmagazijn.nl\/fr\/produit\/ressort-a-gaz-suspension-arriere-electrique-train-datterrissage-lancia-delta-ii\/#breadcrumb","itemListElement":[{"@type":"ListItem","position":1,"name":"Home","item":"https:\/\/turijnmagazijn.nl\/fr\/"},{"@type":"ListItem","position":2,"name":"Produits","item":"https:\/\/turijnmagazijn.nl\/fr\/shop\/"},{"@type":"ListItem","position":3,"name":"Suspension \u00e0 ressort \u00e0 gaz ch\u00e2ssis \u00e9lectrique arri\u00e8re Lancia Delta II"}]},{"@type":"WebSite","@id":"https:\/\/turijnmagazijn.jumpstone-dev.nl\/#website","url":"https:\/\/turijnmagazijn.jumpstone-dev.nl\/","name":"Turijnmagazijn","description":"Onderdelen nieuw en gebruikt - Fiat &amp; Lancia","publisher":{"@id":"https:\/\/turijnmagazijn.jumpstone-dev.nl\/#organization"},"potentialAction":[{"@type":"SearchAction","target":{"@type":"EntryPoint","urlTemplate":"https:\/\/turijnmagazijn.jumpstone-dev.nl\/?s={search_term_string}"},"query-input":{"@type":"PropertyValueSpecification","valueRequired":true,"valueName":"search_term_string"}}],"inLanguage":"fr-FR"},{"@type":"Organization","@id":"https:\/\/turijnmagazijn.jumpstone-dev.nl\/#organization","name":"Turijnmagazijn","url":"https:\/\/turijnmagazijn.jumpstone-dev.nl\/","logo":{"@type":"ImageObject","inLanguage":"fr-FR","@id":"https:\/\/turijnmagazijn.jumpstone-dev.nl\/#\/schema\/logo\/image\/","url":"https:\/\/turijnmagazijn.nl\/wp-content\/uploads\/2021\/02\/turijnmagazijnlogo.png","contentUrl":"https:\/\/turijnmagazijn.nl\/wp-content\/uploads\/2021\/02\/turijnmagazijnlogo.png","width":555,"height":270,"caption":"Turijnmagazijn"},"image":{"@id":"https:\/\/turijnmagazijn.jumpstone-dev.nl\/#\/schema\/logo\/image\/"},"sameAs":["https:\/\/www.facebook.com\/turijnmagazijn"]}]}},"_links":{"self":[{"href":"https:\/\/turijnmagazijn.nl\/fr\/wp-json\/wp\/v2\/product\/66656","targetHints":{"allow":["GET"]}}],"collection":[{"href":"https:\/\/turijnmagazijn.nl\/fr\/wp-json\/wp\/v2\/product"}],"about":[{"href":"https:\/\/turijnmagazijn.nl\/fr\/wp-json\/wp\/v2\/types\/product"}],"replies":[{"embeddable":true,"href":"https:\/\/turijnmagazijn.nl\/fr\/wp-json\/wp\/v2\/comments?post=66656"}],"wp:attachment":[{"href":"https:\/\/turijnmagazijn.nl\/fr\/wp-json\/wp\/v2\/media?parent=66656"}],"wp:term":[{"taxonomy":"product_brand","embeddable":true,"href":"https:\/\/turijnmagazijn.nl\/fr\/wp-json\/wp\/v2\/product_brand?post=66656"},{"taxonomy":"product_cat","embeddable":true,"href":"https:\/\/turijnmagazijn.nl\/fr\/wp-json\/wp\/v2\/product_cat?post=66656"},{"taxonomy":"product_tag","embeddable":true,"href":"https:\/\/turijnmagazijn.nl\/fr\/wp-json\/wp\/v2\/product_tag?post=66656"}],"curies":[{"name":"wp","href":"https:\/\/api.w.org\/{rel}","templated":true}]}}