{"id":66671,"date":"2023-03-03T08:56:49","date_gmt":"2023-03-03T07:56:49","guid":{"rendered":"https:\/\/turijnmagazijn.nl\/product\/clip-pour-etagere-a-colis-fiat-stilo-grande-punto-right\/"},"modified":"2023-07-31T16:38:08","modified_gmt":"2023-07-31T14:38:08","slug":"clip-for-hat-etagere-fiat-stilo-grande-punto-right","status":"publish","type":"product","link":"https:\/\/turijnmagazijn.nl\/fr\/produit\/clip-for-hat-etagere-fiat-stilo-grande-punto-right\/","title":{"rendered":"Clip pour \u00e9tag\u00e8re \u00e0 colis Fiat Stilo + Grande Punto Right"},"content":{"rendered":"<p>1 nouveau clip d\u2019imitation pour le montage de l\u2019\u00e9tag\u00e8re \u00e0 colis pour Fiat Stilo et Fiat Punto EVO et Grande Punto. Ces clips se cassent souvent et font en sorte que l\u2019\u00e9tag\u00e8re \u00e0 colis ne se d\u00e9place plus proprement lorsque le hayon est ouvert.<\/p>\n<p>Ils sont tr\u00e8s faciles \u00e0 remplacer vous-m\u00eame.<\/p>\n<p>Portez une attention particuli\u00e8re \u00e0 la diff\u00e9rence entre la gauche et la droite, sont deux versions diff\u00e9rentes.<\/p>\n<p>Il s\u2019agit d\u2019une copie de juge.<\/p>\n<p><span style=\"font-weight: bold;\">Directement disponible sur stock n\u00e9erlandais, livr\u00e9 en quelques jours.<\/span><\/p>\n<p>&nbsp;<\/p>\n<p>OEM Fiat 71719952 (num\u00e9ro de r\u00e9f\u00e9rence, est une imitation de pi\u00e8ce aux m\u00eames sp\u00e9cifications, sont 1 sur 1 interchangeables)<\/p>\n","protected":false},"excerpt":{"rendered":"<p>71719952 Clip pour \u00e9tag\u00e8re \u00e0 colis Fiat Stilo + Grande Punto Right &#8211; 1 nouveau clip imitation pour le montage de l\u2019\u00e9tag\u00e8re \u00e0 colis pour Fiat Stilo et Fiat Punto EVO et Grande Punto.<\/p>\n","protected":false},"featured_media":53908,"comment_status":"closed","ping_status":"closed","template":"","meta":{"_acf_changed":false},"product_brand":[],"product_cat":[1582,1644,1690,1731,1763],"product_tag":[],"class_list":{"0":"post-66671","1":"product","2":"type-product","3":"status-publish","4":"has-post-thumbnail","6":"product_cat-alfa-romeo-fr","7":"product_cat-brera-939-fr","8":"product_cat-fiat-fr","9":"product_cat-grande-punto-199-fr","10":"product_cat-stilo-192-fr","11":"pa_soort-onderdeel-carrosserie-et-tolerie","13":"first","14":"instock","15":"taxable","16":"shipping-taxable","17":"purchasable","18":"product-type-simple"},"acf":[],"yoast_head":"<!-- This site is optimized with the Yoast SEO plugin v27.3 - https:\/\/yoast.com\/product\/yoast-seo-wordpress\/ -->\n<title>Clip pour \u00e9tag\u00e8re \u00e0 colis Fiat Stilo + Grande Punto Right - Turijnmagazijn<\/title>\n<meta name=\"robots\" content=\"index, follow, max-snippet:-1, max-image-preview:large, max-video-preview:-1\" \/>\n<link rel=\"canonical\" href=\"https:\/\/turijnmagazijn.nl\/fr\/produit\/clip-for-hat-etagere-fiat-stilo-grande-punto-right\/\" \/>\n<meta property=\"og:locale\" content=\"fr_FR\" \/>\n<meta property=\"og:type\" content=\"article\" \/>\n<meta property=\"og:title\" content=\"Clip pour \u00e9tag\u00e8re \u00e0 colis Fiat Stilo + Grande Punto Right - Turijnmagazijn\" \/>\n<meta property=\"og:description\" content=\"71719952 Clip pour \u00e9tag\u00e8re \u00e0 colis Fiat Stilo + Grande Punto Right - 1 nouveau clip imitation pour le montage de l\u2019\u00e9tag\u00e8re \u00e0 colis pour Fiat Stilo et Fiat Punto EVO et Grande Punto.\" \/>\n<meta property=\"og:url\" content=\"https:\/\/turijnmagazijn.nl\/fr\/produit\/clip-for-hat-etagere-fiat-stilo-grande-punto-right\/\" \/>\n<meta property=\"og:site_name\" content=\"Turijnmagazijn\" \/>\n<meta property=\"article:publisher\" content=\"https:\/\/www.facebook.com\/turijnmagazijn\" \/>\n<meta property=\"article:modified_time\" content=\"2023-07-31T14:38:08+00:00\" \/>\n<meta property=\"og:image\" content=\"https:\/\/turijnmagazijn.nl\/wp-content\/uploads\/2023\/03\/DN00100179-Clip-voor-hoedenplank-Fiat-Stilo-Grande-Punto-Rechts-3.jpg\" \/>\n\t<meta property=\"og:image:width\" content=\"1024\" \/>\n\t<meta property=\"og:image:height\" content=\"768\" \/>\n\t<meta property=\"og:image:type\" content=\"image\/jpeg\" \/>\n<meta name=\"twitter:card\" content=\"summary_large_image\" \/>\n<meta name=\"twitter:label1\" content=\"Dur\u00e9e de lecture estim\u00e9e\" \/>\n\t<meta name=\"twitter:data1\" content=\"1 minute\" \/>\n<script type=\"application\/ld+json\" class=\"yoast-schema-graph\">{\"@context\":\"https:\\\/\\\/schema.org\",\"@graph\":[{\"@type\":\"WebPage\",\"@id\":\"https:\\\/\\\/turijnmagazijn.nl\\\/fr\\\/produit\\\/clip-for-hat-etagere-fiat-stilo-grande-punto-right\\\/\",\"url\":\"https:\\\/\\\/turijnmagazijn.nl\\\/fr\\\/produit\\\/clip-for-hat-etagere-fiat-stilo-grande-punto-right\\\/\",\"name\":\"Clip pour \u00e9tag\u00e8re \u00e0 colis Fiat Stilo + Grande Punto Right - Turijnmagazijn\",\"isPartOf\":{\"@id\":\"https:\\\/\\\/turijnmagazijn.jumpstone-dev.nl\\\/#website\"},\"primaryImageOfPage\":{\"@id\":\"https:\\\/\\\/turijnmagazijn.nl\\\/fr\\\/produit\\\/clip-for-hat-etagere-fiat-stilo-grande-punto-right\\\/#primaryimage\"},\"image\":{\"@id\":\"https:\\\/\\\/turijnmagazijn.nl\\\/fr\\\/produit\\\/clip-for-hat-etagere-fiat-stilo-grande-punto-right\\\/#primaryimage\"},\"thumbnailUrl\":\"https:\\\/\\\/turijnmagazijn.nl\\\/wp-content\\\/uploads\\\/2023\\\/03\\\/DN00100179-Clip-voor-hoedenplank-Fiat-Stilo-Grande-Punto-Rechts-3.jpg\",\"datePublished\":\"2023-03-03T07:56:49+00:00\",\"dateModified\":\"2023-07-31T14:38:08+00:00\",\"breadcrumb\":{\"@id\":\"https:\\\/\\\/turijnmagazijn.nl\\\/fr\\\/produit\\\/clip-for-hat-etagere-fiat-stilo-grande-punto-right\\\/#breadcrumb\"},\"inLanguage\":\"fr-FR\",\"potentialAction\":[{\"@type\":\"ReadAction\",\"target\":[\"https:\\\/\\\/turijnmagazijn.nl\\\/fr\\\/produit\\\/clip-for-hat-etagere-fiat-stilo-grande-punto-right\\\/\"]}]},{\"@type\":\"ImageObject\",\"inLanguage\":\"fr-FR\",\"@id\":\"https:\\\/\\\/turijnmagazijn.nl\\\/fr\\\/produit\\\/clip-for-hat-etagere-fiat-stilo-grande-punto-right\\\/#primaryimage\",\"url\":\"https:\\\/\\\/turijnmagazijn.nl\\\/wp-content\\\/uploads\\\/2023\\\/03\\\/DN00100179-Clip-voor-hoedenplank-Fiat-Stilo-Grande-Punto-Rechts-3.jpg\",\"contentUrl\":\"https:\\\/\\\/turijnmagazijn.nl\\\/wp-content\\\/uploads\\\/2023\\\/03\\\/DN00100179-Clip-voor-hoedenplank-Fiat-Stilo-Grande-Punto-Rechts-3.jpg\",\"width\":1024,\"height\":768},{\"@type\":\"BreadcrumbList\",\"@id\":\"https:\\\/\\\/turijnmagazijn.nl\\\/fr\\\/produit\\\/clip-for-hat-etagere-fiat-stilo-grande-punto-right\\\/#breadcrumb\",\"itemListElement\":[{\"@type\":\"ListItem\",\"position\":1,\"name\":\"Home\",\"item\":\"https:\\\/\\\/turijnmagazijn.nl\\\/fr\\\/\"},{\"@type\":\"ListItem\",\"position\":2,\"name\":\"Produits\",\"item\":\"https:\\\/\\\/turijnmagazijn.nl\\\/fr\\\/shop\\\/\"},{\"@type\":\"ListItem\",\"position\":3,\"name\":\"Clip pour \u00e9tag\u00e8re \u00e0 colis Fiat Stilo + Grande Punto Right\"}]},{\"@type\":\"WebSite\",\"@id\":\"https:\\\/\\\/turijnmagazijn.jumpstone-dev.nl\\\/#website\",\"url\":\"https:\\\/\\\/turijnmagazijn.jumpstone-dev.nl\\\/\",\"name\":\"Turijnmagazijn\",\"description\":\"Onderdelen nieuw en gebruikt - Fiat &amp; Lancia\",\"publisher\":{\"@id\":\"https:\\\/\\\/turijnmagazijn.jumpstone-dev.nl\\\/#organization\"},\"potentialAction\":[{\"@type\":\"SearchAction\",\"target\":{\"@type\":\"EntryPoint\",\"urlTemplate\":\"https:\\\/\\\/turijnmagazijn.jumpstone-dev.nl\\\/?s={search_term_string}\"},\"query-input\":{\"@type\":\"PropertyValueSpecification\",\"valueRequired\":true,\"valueName\":\"search_term_string\"}}],\"inLanguage\":\"fr-FR\"},{\"@type\":\"Organization\",\"@id\":\"https:\\\/\\\/turijnmagazijn.jumpstone-dev.nl\\\/#organization\",\"name\":\"Turijnmagazijn\",\"url\":\"https:\\\/\\\/turijnmagazijn.jumpstone-dev.nl\\\/\",\"logo\":{\"@type\":\"ImageObject\",\"inLanguage\":\"fr-FR\",\"@id\":\"https:\\\/\\\/turijnmagazijn.jumpstone-dev.nl\\\/#\\\/schema\\\/logo\\\/image\\\/\",\"url\":\"https:\\\/\\\/turijnmagazijn.nl\\\/wp-content\\\/uploads\\\/2021\\\/02\\\/turijnmagazijnlogo.png\",\"contentUrl\":\"https:\\\/\\\/turijnmagazijn.nl\\\/wp-content\\\/uploads\\\/2021\\\/02\\\/turijnmagazijnlogo.png\",\"width\":555,\"height\":270,\"caption\":\"Turijnmagazijn\"},\"image\":{\"@id\":\"https:\\\/\\\/turijnmagazijn.jumpstone-dev.nl\\\/#\\\/schema\\\/logo\\\/image\\\/\"},\"sameAs\":[\"https:\\\/\\\/www.facebook.com\\\/turijnmagazijn\"]}]}<\/script>\n<!-- \/ Yoast SEO plugin. -->","yoast_head_json":{"title":"Clip pour \u00e9tag\u00e8re \u00e0 colis Fiat Stilo + Grande Punto Right - Turijnmagazijn","robots":{"index":"index","follow":"follow","max-snippet":"max-snippet:-1","max-image-preview":"max-image-preview:large","max-video-preview":"max-video-preview:-1"},"canonical":"https:\/\/turijnmagazijn.nl\/fr\/produit\/clip-for-hat-etagere-fiat-stilo-grande-punto-right\/","og_locale":"fr_FR","og_type":"article","og_title":"Clip pour \u00e9tag\u00e8re \u00e0 colis Fiat Stilo + Grande Punto Right - Turijnmagazijn","og_description":"71719952 Clip pour \u00e9tag\u00e8re \u00e0 colis Fiat Stilo + Grande Punto Right - 1 nouveau clip imitation pour le montage de l\u2019\u00e9tag\u00e8re \u00e0 colis pour Fiat Stilo et Fiat Punto EVO et Grande Punto.","og_url":"https:\/\/turijnmagazijn.nl\/fr\/produit\/clip-for-hat-etagere-fiat-stilo-grande-punto-right\/","og_site_name":"Turijnmagazijn","article_publisher":"https:\/\/www.facebook.com\/turijnmagazijn","article_modified_time":"2023-07-31T14:38:08+00:00","og_image":[{"width":1024,"height":768,"url":"https:\/\/turijnmagazijn.nl\/wp-content\/uploads\/2023\/03\/DN00100179-Clip-voor-hoedenplank-Fiat-Stilo-Grande-Punto-Rechts-3.jpg","type":"image\/jpeg"}],"twitter_card":"summary_large_image","twitter_misc":{"Dur\u00e9e de lecture estim\u00e9e":"1 minute"},"schema":{"@context":"https:\/\/schema.org","@graph":[{"@type":"WebPage","@id":"https:\/\/turijnmagazijn.nl\/fr\/produit\/clip-for-hat-etagere-fiat-stilo-grande-punto-right\/","url":"https:\/\/turijnmagazijn.nl\/fr\/produit\/clip-for-hat-etagere-fiat-stilo-grande-punto-right\/","name":"Clip pour \u00e9tag\u00e8re \u00e0 colis Fiat Stilo + Grande Punto Right - Turijnmagazijn","isPartOf":{"@id":"https:\/\/turijnmagazijn.jumpstone-dev.nl\/#website"},"primaryImageOfPage":{"@id":"https:\/\/turijnmagazijn.nl\/fr\/produit\/clip-for-hat-etagere-fiat-stilo-grande-punto-right\/#primaryimage"},"image":{"@id":"https:\/\/turijnmagazijn.nl\/fr\/produit\/clip-for-hat-etagere-fiat-stilo-grande-punto-right\/#primaryimage"},"thumbnailUrl":"https:\/\/turijnmagazijn.nl\/wp-content\/uploads\/2023\/03\/DN00100179-Clip-voor-hoedenplank-Fiat-Stilo-Grande-Punto-Rechts-3.jpg","datePublished":"2023-03-03T07:56:49+00:00","dateModified":"2023-07-31T14:38:08+00:00","breadcrumb":{"@id":"https:\/\/turijnmagazijn.nl\/fr\/produit\/clip-for-hat-etagere-fiat-stilo-grande-punto-right\/#breadcrumb"},"inLanguage":"fr-FR","potentialAction":[{"@type":"ReadAction","target":["https:\/\/turijnmagazijn.nl\/fr\/produit\/clip-for-hat-etagere-fiat-stilo-grande-punto-right\/"]}]},{"@type":"ImageObject","inLanguage":"fr-FR","@id":"https:\/\/turijnmagazijn.nl\/fr\/produit\/clip-for-hat-etagere-fiat-stilo-grande-punto-right\/#primaryimage","url":"https:\/\/turijnmagazijn.nl\/wp-content\/uploads\/2023\/03\/DN00100179-Clip-voor-hoedenplank-Fiat-Stilo-Grande-Punto-Rechts-3.jpg","contentUrl":"https:\/\/turijnmagazijn.nl\/wp-content\/uploads\/2023\/03\/DN00100179-Clip-voor-hoedenplank-Fiat-Stilo-Grande-Punto-Rechts-3.jpg","width":1024,"height":768},{"@type":"BreadcrumbList","@id":"https:\/\/turijnmagazijn.nl\/fr\/produit\/clip-for-hat-etagere-fiat-stilo-grande-punto-right\/#breadcrumb","itemListElement":[{"@type":"ListItem","position":1,"name":"Home","item":"https:\/\/turijnmagazijn.nl\/fr\/"},{"@type":"ListItem","position":2,"name":"Produits","item":"https:\/\/turijnmagazijn.nl\/fr\/shop\/"},{"@type":"ListItem","position":3,"name":"Clip pour \u00e9tag\u00e8re \u00e0 colis Fiat Stilo + Grande Punto Right"}]},{"@type":"WebSite","@id":"https:\/\/turijnmagazijn.jumpstone-dev.nl\/#website","url":"https:\/\/turijnmagazijn.jumpstone-dev.nl\/","name":"Turijnmagazijn","description":"Onderdelen nieuw en gebruikt - Fiat &amp; Lancia","publisher":{"@id":"https:\/\/turijnmagazijn.jumpstone-dev.nl\/#organization"},"potentialAction":[{"@type":"SearchAction","target":{"@type":"EntryPoint","urlTemplate":"https:\/\/turijnmagazijn.jumpstone-dev.nl\/?s={search_term_string}"},"query-input":{"@type":"PropertyValueSpecification","valueRequired":true,"valueName":"search_term_string"}}],"inLanguage":"fr-FR"},{"@type":"Organization","@id":"https:\/\/turijnmagazijn.jumpstone-dev.nl\/#organization","name":"Turijnmagazijn","url":"https:\/\/turijnmagazijn.jumpstone-dev.nl\/","logo":{"@type":"ImageObject","inLanguage":"fr-FR","@id":"https:\/\/turijnmagazijn.jumpstone-dev.nl\/#\/schema\/logo\/image\/","url":"https:\/\/turijnmagazijn.nl\/wp-content\/uploads\/2021\/02\/turijnmagazijnlogo.png","contentUrl":"https:\/\/turijnmagazijn.nl\/wp-content\/uploads\/2021\/02\/turijnmagazijnlogo.png","width":555,"height":270,"caption":"Turijnmagazijn"},"image":{"@id":"https:\/\/turijnmagazijn.jumpstone-dev.nl\/#\/schema\/logo\/image\/"},"sameAs":["https:\/\/www.facebook.com\/turijnmagazijn"]}]}},"_links":{"self":[{"href":"https:\/\/turijnmagazijn.nl\/fr\/wp-json\/wp\/v2\/product\/66671","targetHints":{"allow":["GET"]}}],"collection":[{"href":"https:\/\/turijnmagazijn.nl\/fr\/wp-json\/wp\/v2\/product"}],"about":[{"href":"https:\/\/turijnmagazijn.nl\/fr\/wp-json\/wp\/v2\/types\/product"}],"replies":[{"embeddable":true,"href":"https:\/\/turijnmagazijn.nl\/fr\/wp-json\/wp\/v2\/comments?post=66671"}],"wp:featuredmedia":[{"embeddable":true,"href":"https:\/\/turijnmagazijn.nl\/fr\/wp-json\/wp\/v2\/media\/53908"}],"wp:attachment":[{"href":"https:\/\/turijnmagazijn.nl\/fr\/wp-json\/wp\/v2\/media?parent=66671"}],"wp:term":[{"taxonomy":"product_brand","embeddable":true,"href":"https:\/\/turijnmagazijn.nl\/fr\/wp-json\/wp\/v2\/product_brand?post=66671"},{"taxonomy":"product_cat","embeddable":true,"href":"https:\/\/turijnmagazijn.nl\/fr\/wp-json\/wp\/v2\/product_cat?post=66671"},{"taxonomy":"product_tag","embeddable":true,"href":"https:\/\/turijnmagazijn.nl\/fr\/wp-json\/wp\/v2\/product_tag?post=66671"}],"curies":[{"name":"wp","href":"https:\/\/api.w.org\/{rel}","templated":true}]}}