{"id":66692,"date":"2023-03-03T09:57:17","date_gmt":"2023-03-03T08:57:17","guid":{"rendered":"https:\/\/turijnmagazijn.nl\/product\/caoutchouc-pour-calandre-avant-lancia-delta-integrale-reproduction\/"},"modified":"2026-01-25T20:43:49","modified_gmt":"2026-01-25T19:43:49","slug":"caoutchouc-pour-grille-avant-lancia-delta-reproduction-integrale","status":"publish","type":"product","link":"https:\/\/turijnmagazijn.nl\/fr\/produit\/caoutchouc-pour-grille-avant-lancia-delta-reproduction-integrale\/","title":{"rendered":"Caoutchouc pour calandre avant Lancia Delta Integrale -REPRODUCTION-"},"content":{"rendered":"<p><a style=\"background-color: #ffffff; color: #23527c; outline: 0px;\" href=\"https:\/\/turijnmagazijn.nl\/fr\/expedition-par-boite-aux-lettres\/\" target=\"\" rel=\"noopener\"><img decoding=\"async\" src=\"https:\/\/www.delenkorf.nl\/image\/catalog\/brievenbus.png\"><\/a><\/p>\n<p>Nouvelle reproduction r\u00e9alis\u00e9e en TPU blanc semi transparent.<\/p>\n<p>Ce caoutchouc est plac\u00e9 dans les supports d\u2019entretoises inf\u00e9rieurs de la calandre pour Lancia Delta. Cette construction a \u00e9t\u00e9 modifi\u00e9e dans la derni\u00e8re s\u00e9rie de grilles, <span style=\"text-decoration: underline;\">donc applicable uniquement pour la premi\u00e8re s\u00e9rie de grilles<\/span>, avec un renfoncement pour la grille dans la carrosserie.<\/p>\n<p>2 pi\u00e8ces par voiture n\u00e9cessaires.<\/p>\n<p>OEM LANCIA pour r\u00e9f\u00e9rence 82412899<\/p>\n","protected":false},"excerpt":{"rendered":"<p>Caoutchouc pour calandre Lancia Delta Integrale -REPRODUCTION- &#8211; Nouvelle reproduction r\u00e9alis\u00e9e en TPU blanc semi transparent.<\/p>\n","protected":false},"featured_media":0,"comment_status":"closed","ping_status":"closed","template":"","meta":{"_acf_changed":false},"product_brand":[],"product_cat":[1809,1806,1819,1821,1825,1830,1798],"product_tag":[],"class_list":{"0":"post-66692","1":"product","2":"type-product","3":"status-publish","5":"product_cat-1-1-1-3-1-5-fr","6":"product_cat-delta-1-831-fr","7":"product_cat-gt-i-e-fr","8":"product_cat-hf-4wd-fr","9":"product_cat-hf-turbo-fr","10":"product_cat-integrale-8v-fr","11":"product_cat-lancia-fr","12":"pa_soort-onderdeel-carrosserie-et-tolerie","14":"first","15":"instock","16":"taxable","17":"shipping-taxable","18":"purchasable","19":"product-type-simple"},"acf":[],"yoast_head":"<!-- This site is optimized with the Yoast SEO plugin v27.2 - https:\/\/yoast.com\/product\/yoast-seo-wordpress\/ -->\n<title>Caoutchouc pour calandre avant Lancia Delta Integrale -REPRODUCTION- Turijnmagazijn<\/title>\n<meta name=\"robots\" content=\"index, follow, max-snippet:-1, max-image-preview:large, max-video-preview:-1\" \/>\n<link rel=\"canonical\" href=\"https:\/\/turijnmagazijn.nl\/fr\/produit\/caoutchouc-pour-grille-avant-lancia-delta-reproduction-integrale\/\" \/>\n<meta property=\"og:locale\" content=\"fr_FR\" \/>\n<meta property=\"og:type\" content=\"article\" \/>\n<meta property=\"og:title\" content=\"Caoutchouc pour calandre avant Lancia Delta Integrale -REPRODUCTION- Turijnmagazijn\" \/>\n<meta property=\"og:description\" content=\"Caoutchouc pour calandre Lancia Delta Integrale -REPRODUCTION- - Nouvelle reproduction r\u00e9alis\u00e9e en TPU blanc semi transparent.\" \/>\n<meta property=\"og:url\" content=\"https:\/\/turijnmagazijn.nl\/fr\/produit\/caoutchouc-pour-grille-avant-lancia-delta-reproduction-integrale\/\" \/>\n<meta property=\"og:site_name\" content=\"Turijnmagazijn\" \/>\n<meta property=\"article:publisher\" content=\"https:\/\/www.facebook.com\/turijnmagazijn\" \/>\n<meta property=\"article:modified_time\" content=\"2026-01-25T19:43:49+00:00\" \/>\n<meta property=\"og:image\" content=\"https:\/\/turijnmagazijn.nl\/wp-content\/uploads\/2023\/03\/DN00100182-Rubber-voor-front-grille-Lancia-Delta-Integrale-REPRODUCTIE-1.jpeg\" \/>\n\t<meta property=\"og:image:width\" content=\"800\" \/>\n\t<meta property=\"og:image:height\" content=\"600\" \/>\n\t<meta property=\"og:image:type\" content=\"image\/jpeg\" \/>\n<meta name=\"twitter:card\" content=\"summary_large_image\" \/>\n<script type=\"application\/ld+json\" class=\"yoast-schema-graph\">{\"@context\":\"https:\/\/schema.org\",\"@graph\":[{\"@type\":\"WebPage\",\"@id\":\"https:\/\/turijnmagazijn.nl\/fr\/produit\/caoutchouc-pour-grille-avant-lancia-delta-reproduction-integrale\/\",\"url\":\"https:\/\/turijnmagazijn.nl\/fr\/produit\/caoutchouc-pour-grille-avant-lancia-delta-reproduction-integrale\/\",\"name\":\"Caoutchouc pour calandre avant Lancia Delta Integrale -REPRODUCTION- Turijnmagazijn\",\"isPartOf\":{\"@id\":\"https:\/\/turijnmagazijn.jumpstone-dev.nl\/#website\"},\"primaryImageOfPage\":{\"@id\":\"https:\/\/turijnmagazijn.nl\/fr\/produit\/caoutchouc-pour-grille-avant-lancia-delta-reproduction-integrale\/#primaryimage\"},\"image\":{\"@id\":\"https:\/\/turijnmagazijn.nl\/fr\/produit\/caoutchouc-pour-grille-avant-lancia-delta-reproduction-integrale\/#primaryimage\"},\"thumbnailUrl\":\"https:\/\/www.delenkorf.nl\/image\/catalog\/brievenbus.png\",\"datePublished\":\"2023-03-03T08:57:17+00:00\",\"dateModified\":\"2026-01-25T19:43:49+00:00\",\"breadcrumb\":{\"@id\":\"https:\/\/turijnmagazijn.nl\/fr\/produit\/caoutchouc-pour-grille-avant-lancia-delta-reproduction-integrale\/#breadcrumb\"},\"inLanguage\":\"fr-FR\",\"potentialAction\":[{\"@type\":\"ReadAction\",\"target\":[\"https:\/\/turijnmagazijn.nl\/fr\/produit\/caoutchouc-pour-grille-avant-lancia-delta-reproduction-integrale\/\"]}]},{\"@type\":\"ImageObject\",\"inLanguage\":\"fr-FR\",\"@id\":\"https:\/\/turijnmagazijn.nl\/fr\/produit\/caoutchouc-pour-grille-avant-lancia-delta-reproduction-integrale\/#primaryimage\",\"url\":\"https:\/\/www.delenkorf.nl\/image\/catalog\/brievenbus.png\",\"contentUrl\":\"https:\/\/www.delenkorf.nl\/image\/catalog\/brievenbus.png\"},{\"@type\":\"BreadcrumbList\",\"@id\":\"https:\/\/turijnmagazijn.nl\/fr\/produit\/caoutchouc-pour-grille-avant-lancia-delta-reproduction-integrale\/#breadcrumb\",\"itemListElement\":[{\"@type\":\"ListItem\",\"position\":1,\"name\":\"Home\",\"item\":\"https:\/\/turijnmagazijn.nl\/fr\/\"},{\"@type\":\"ListItem\",\"position\":2,\"name\":\"Produits\",\"item\":\"https:\/\/turijnmagazijn.nl\/fr\/shop\/\"},{\"@type\":\"ListItem\",\"position\":3,\"name\":\"Caoutchouc pour calandre avant Lancia Delta Integrale -REPRODUCTION-\"}]},{\"@type\":\"WebSite\",\"@id\":\"https:\/\/turijnmagazijn.jumpstone-dev.nl\/#website\",\"url\":\"https:\/\/turijnmagazijn.jumpstone-dev.nl\/\",\"name\":\"Turijnmagazijn\",\"description\":\"Onderdelen nieuw en gebruikt - Fiat &amp; Lancia\",\"publisher\":{\"@id\":\"https:\/\/turijnmagazijn.jumpstone-dev.nl\/#organization\"},\"potentialAction\":[{\"@type\":\"SearchAction\",\"target\":{\"@type\":\"EntryPoint\",\"urlTemplate\":\"https:\/\/turijnmagazijn.jumpstone-dev.nl\/?s={search_term_string}\"},\"query-input\":{\"@type\":\"PropertyValueSpecification\",\"valueRequired\":true,\"valueName\":\"search_term_string\"}}],\"inLanguage\":\"fr-FR\"},{\"@type\":\"Organization\",\"@id\":\"https:\/\/turijnmagazijn.jumpstone-dev.nl\/#organization\",\"name\":\"Turijnmagazijn\",\"url\":\"https:\/\/turijnmagazijn.jumpstone-dev.nl\/\",\"logo\":{\"@type\":\"ImageObject\",\"inLanguage\":\"fr-FR\",\"@id\":\"https:\/\/turijnmagazijn.jumpstone-dev.nl\/#\/schema\/logo\/image\/\",\"url\":\"https:\/\/turijnmagazijn.nl\/wp-content\/uploads\/2021\/02\/turijnmagazijnlogo.png\",\"contentUrl\":\"https:\/\/turijnmagazijn.nl\/wp-content\/uploads\/2021\/02\/turijnmagazijnlogo.png\",\"width\":555,\"height\":270,\"caption\":\"Turijnmagazijn\"},\"image\":{\"@id\":\"https:\/\/turijnmagazijn.jumpstone-dev.nl\/#\/schema\/logo\/image\/\"},\"sameAs\":[\"https:\/\/www.facebook.com\/turijnmagazijn\"]}]}<\/script>\n<!-- \/ Yoast SEO plugin. -->","yoast_head_json":{"title":"Caoutchouc pour calandre avant Lancia Delta Integrale -REPRODUCTION- Turijnmagazijn","robots":{"index":"index","follow":"follow","max-snippet":"max-snippet:-1","max-image-preview":"max-image-preview:large","max-video-preview":"max-video-preview:-1"},"canonical":"https:\/\/turijnmagazijn.nl\/fr\/produit\/caoutchouc-pour-grille-avant-lancia-delta-reproduction-integrale\/","og_locale":"fr_FR","og_type":"article","og_title":"Caoutchouc pour calandre avant Lancia Delta Integrale -REPRODUCTION- Turijnmagazijn","og_description":"Caoutchouc pour calandre Lancia Delta Integrale -REPRODUCTION- - Nouvelle reproduction r\u00e9alis\u00e9e en TPU blanc semi transparent.","og_url":"https:\/\/turijnmagazijn.nl\/fr\/produit\/caoutchouc-pour-grille-avant-lancia-delta-reproduction-integrale\/","og_site_name":"Turijnmagazijn","article_publisher":"https:\/\/www.facebook.com\/turijnmagazijn","article_modified_time":"2026-01-25T19:43:49+00:00","og_image":[{"width":800,"height":600,"url":"https:\/\/turijnmagazijn.nl\/wp-content\/uploads\/2023\/03\/DN00100182-Rubber-voor-front-grille-Lancia-Delta-Integrale-REPRODUCTIE-1.jpeg","type":"image\/jpeg"}],"twitter_card":"summary_large_image","schema":{"@context":"https:\/\/schema.org","@graph":[{"@type":"WebPage","@id":"https:\/\/turijnmagazijn.nl\/fr\/produit\/caoutchouc-pour-grille-avant-lancia-delta-reproduction-integrale\/","url":"https:\/\/turijnmagazijn.nl\/fr\/produit\/caoutchouc-pour-grille-avant-lancia-delta-reproduction-integrale\/","name":"Caoutchouc pour calandre avant Lancia Delta Integrale -REPRODUCTION- Turijnmagazijn","isPartOf":{"@id":"https:\/\/turijnmagazijn.jumpstone-dev.nl\/#website"},"primaryImageOfPage":{"@id":"https:\/\/turijnmagazijn.nl\/fr\/produit\/caoutchouc-pour-grille-avant-lancia-delta-reproduction-integrale\/#primaryimage"},"image":{"@id":"https:\/\/turijnmagazijn.nl\/fr\/produit\/caoutchouc-pour-grille-avant-lancia-delta-reproduction-integrale\/#primaryimage"},"thumbnailUrl":"https:\/\/www.delenkorf.nl\/image\/catalog\/brievenbus.png","datePublished":"2023-03-03T08:57:17+00:00","dateModified":"2026-01-25T19:43:49+00:00","breadcrumb":{"@id":"https:\/\/turijnmagazijn.nl\/fr\/produit\/caoutchouc-pour-grille-avant-lancia-delta-reproduction-integrale\/#breadcrumb"},"inLanguage":"fr-FR","potentialAction":[{"@type":"ReadAction","target":["https:\/\/turijnmagazijn.nl\/fr\/produit\/caoutchouc-pour-grille-avant-lancia-delta-reproduction-integrale\/"]}]},{"@type":"ImageObject","inLanguage":"fr-FR","@id":"https:\/\/turijnmagazijn.nl\/fr\/produit\/caoutchouc-pour-grille-avant-lancia-delta-reproduction-integrale\/#primaryimage","url":"https:\/\/www.delenkorf.nl\/image\/catalog\/brievenbus.png","contentUrl":"https:\/\/www.delenkorf.nl\/image\/catalog\/brievenbus.png"},{"@type":"BreadcrumbList","@id":"https:\/\/turijnmagazijn.nl\/fr\/produit\/caoutchouc-pour-grille-avant-lancia-delta-reproduction-integrale\/#breadcrumb","itemListElement":[{"@type":"ListItem","position":1,"name":"Home","item":"https:\/\/turijnmagazijn.nl\/fr\/"},{"@type":"ListItem","position":2,"name":"Produits","item":"https:\/\/turijnmagazijn.nl\/fr\/shop\/"},{"@type":"ListItem","position":3,"name":"Caoutchouc pour calandre avant Lancia Delta Integrale -REPRODUCTION-"}]},{"@type":"WebSite","@id":"https:\/\/turijnmagazijn.jumpstone-dev.nl\/#website","url":"https:\/\/turijnmagazijn.jumpstone-dev.nl\/","name":"Turijnmagazijn","description":"Onderdelen nieuw en gebruikt - Fiat &amp; Lancia","publisher":{"@id":"https:\/\/turijnmagazijn.jumpstone-dev.nl\/#organization"},"potentialAction":[{"@type":"SearchAction","target":{"@type":"EntryPoint","urlTemplate":"https:\/\/turijnmagazijn.jumpstone-dev.nl\/?s={search_term_string}"},"query-input":{"@type":"PropertyValueSpecification","valueRequired":true,"valueName":"search_term_string"}}],"inLanguage":"fr-FR"},{"@type":"Organization","@id":"https:\/\/turijnmagazijn.jumpstone-dev.nl\/#organization","name":"Turijnmagazijn","url":"https:\/\/turijnmagazijn.jumpstone-dev.nl\/","logo":{"@type":"ImageObject","inLanguage":"fr-FR","@id":"https:\/\/turijnmagazijn.jumpstone-dev.nl\/#\/schema\/logo\/image\/","url":"https:\/\/turijnmagazijn.nl\/wp-content\/uploads\/2021\/02\/turijnmagazijnlogo.png","contentUrl":"https:\/\/turijnmagazijn.nl\/wp-content\/uploads\/2021\/02\/turijnmagazijnlogo.png","width":555,"height":270,"caption":"Turijnmagazijn"},"image":{"@id":"https:\/\/turijnmagazijn.jumpstone-dev.nl\/#\/schema\/logo\/image\/"},"sameAs":["https:\/\/www.facebook.com\/turijnmagazijn"]}]}},"_links":{"self":[{"href":"https:\/\/turijnmagazijn.nl\/fr\/wp-json\/wp\/v2\/product\/66692","targetHints":{"allow":["GET"]}}],"collection":[{"href":"https:\/\/turijnmagazijn.nl\/fr\/wp-json\/wp\/v2\/product"}],"about":[{"href":"https:\/\/turijnmagazijn.nl\/fr\/wp-json\/wp\/v2\/types\/product"}],"replies":[{"embeddable":true,"href":"https:\/\/turijnmagazijn.nl\/fr\/wp-json\/wp\/v2\/comments?post=66692"}],"wp:attachment":[{"href":"https:\/\/turijnmagazijn.nl\/fr\/wp-json\/wp\/v2\/media?parent=66692"}],"wp:term":[{"taxonomy":"product_brand","embeddable":true,"href":"https:\/\/turijnmagazijn.nl\/fr\/wp-json\/wp\/v2\/product_brand?post=66692"},{"taxonomy":"product_cat","embeddable":true,"href":"https:\/\/turijnmagazijn.nl\/fr\/wp-json\/wp\/v2\/product_cat?post=66692"},{"taxonomy":"product_tag","embeddable":true,"href":"https:\/\/turijnmagazijn.nl\/fr\/wp-json\/wp\/v2\/product_tag?post=66692"}],"curies":[{"name":"wp","href":"https:\/\/api.w.org\/{rel}","templated":true}]}}