{"id":66720,"date":"2023-03-03T08:57:42","date_gmt":"2023-03-03T07:57:42","guid":{"rendered":"https:\/\/turijnmagazijn.nl\/product\/bouton-de-corne-lancia-delta-integrale-imitation\/"},"modified":"2025-08-30T21:49:37","modified_gmt":"2025-08-30T19:49:37","slug":"corne-bouton-lancia-delta-integral-imitation","status":"publish","type":"product","link":"https:\/\/turijnmagazijn.nl\/fr\/produit\/corne-bouton-lancia-delta-integral-imitation\/","title":{"rendered":"Bouton de corne Lancia Delta Integrale -imitation-"},"content":{"rendered":"<p>Nouveau bouton de klaxon imitation pour montage dans le volant de Lancia Delta int\u00e9gral.<\/p>\n<p>Il y a plusieurs volants en circulation, la d\u00e9coupe pour le bouton du klaxon est g\u00e9n\u00e9ralement la m\u00eame et aussi la m\u00eame pour de nombreux volants de rechange.<\/p>\n<p>Ce bouton de corne a un logo Lancia en noir et blanc.<\/p>\n<p>Le vieux klaxon peut simplement \u00eatre retir\u00e9, alors changez simplement la fiche et vous avez termin\u00e9!<\/p>\n<p>&nbsp;<\/p>\n<p><span style=\"font-weight: bold;\">TIP<\/span>: Ce produit est tr\u00e8s agr\u00e9able \u00e0 combiner avec l\u2019anneau de corne en aluminium que le produit peut \u00eatre trouv\u00e9 via ce lien: <a href=\"http:\/\/www.delenkorf.nl\/index.php?route=product\/product&amp;product_id=2776\" target=\"_blank\" rel=\"noopener\">Anneau en corne<\/a><\/p>\n<p>&nbsp;<\/p>\n<p>OEM pour 7777386 de r\u00e9f\u00e9rence<\/p>\n<p>OEM pour 82407817 de r\u00e9f\u00e9rence<\/p>\n<p>&nbsp;<\/p>\n","protected":false},"excerpt":{"rendered":"<p>Bouton klaxon Lancia Delta Integrale -imitation- &#8211; Nouveau bouton de klaxon imitation pour montage dans le volant de Lancia Delta integral.<\/p>\n","protected":false},"featured_media":54000,"comment_status":"closed","ping_status":"closed","template":"","meta":{"_acf_changed":false},"product_brand":[],"product_cat":[1806,1819,1821,1825,1836,1830,1798],"product_tag":[],"class_list":{"0":"post-66720","1":"product","2":"type-product","3":"status-publish","4":"has-post-thumbnail","6":"product_cat-delta-1-831-fr","7":"product_cat-gt-i-e-fr","8":"product_cat-hf-4wd-fr","9":"product_cat-hf-turbo-fr","10":"product_cat-integrale-16v-fr","11":"product_cat-integrale-8v-fr","12":"product_cat-lancia-fr","13":"pa_soort-onderdeel-interieur-et-sellerie","15":"first","16":"instock","17":"taxable","18":"shipping-taxable","19":"purchasable","20":"product-type-simple"},"acf":[],"yoast_head":"<!-- This site is optimized with the Yoast SEO plugin v27.2 - https:\/\/yoast.com\/product\/yoast-seo-wordpress\/ -->\n<title>Bouton de corne Lancia Delta Integrale -imitation- Turijnmagazijn<\/title>\n<meta name=\"robots\" content=\"index, follow, max-snippet:-1, max-image-preview:large, max-video-preview:-1\" \/>\n<link rel=\"canonical\" href=\"https:\/\/turijnmagazijn.nl\/fr\/produit\/corne-bouton-lancia-delta-integral-imitation\/\" \/>\n<meta property=\"og:locale\" content=\"fr_FR\" \/>\n<meta property=\"og:type\" content=\"article\" \/>\n<meta property=\"og:title\" content=\"Bouton de corne Lancia Delta Integrale -imitation- Turijnmagazijn\" \/>\n<meta property=\"og:description\" content=\"Bouton klaxon Lancia Delta Integrale -imitation- - Nouveau bouton de klaxon imitation pour montage dans le volant de Lancia Delta integral.\" \/>\n<meta property=\"og:url\" content=\"https:\/\/turijnmagazijn.nl\/fr\/produit\/corne-bouton-lancia-delta-integral-imitation\/\" \/>\n<meta property=\"og:site_name\" content=\"Turijnmagazijn\" \/>\n<meta property=\"article:publisher\" content=\"https:\/\/www.facebook.com\/turijnmagazijn\" \/>\n<meta property=\"article:modified_time\" content=\"2025-08-30T19:49:37+00:00\" \/>\n<meta property=\"og:image\" content=\"https:\/\/turijnmagazijn.nl\/wp-content\/uploads\/2023\/03\/DN00100184-Claxon-knop-Lancia-Delta-Integrale-imitatie-3.jpg\" \/>\n\t<meta property=\"og:image:width\" content=\"634\" \/>\n\t<meta property=\"og:image:height\" content=\"477\" \/>\n\t<meta property=\"og:image:type\" content=\"image\/jpeg\" \/>\n<meta name=\"twitter:card\" content=\"summary_large_image\" \/>\n<meta name=\"twitter:label1\" content=\"Dur\u00e9e de lecture estim\u00e9e\" \/>\n\t<meta name=\"twitter:data1\" content=\"1 minute\" \/>\n<script type=\"application\/ld+json\" class=\"yoast-schema-graph\">{\"@context\":\"https:\/\/schema.org\",\"@graph\":[{\"@type\":\"WebPage\",\"@id\":\"https:\/\/turijnmagazijn.nl\/fr\/produit\/corne-bouton-lancia-delta-integral-imitation\/\",\"url\":\"https:\/\/turijnmagazijn.nl\/fr\/produit\/corne-bouton-lancia-delta-integral-imitation\/\",\"name\":\"Bouton de corne Lancia Delta Integrale -imitation- Turijnmagazijn\",\"isPartOf\":{\"@id\":\"https:\/\/turijnmagazijn.jumpstone-dev.nl\/#website\"},\"primaryImageOfPage\":{\"@id\":\"https:\/\/turijnmagazijn.nl\/fr\/produit\/corne-bouton-lancia-delta-integral-imitation\/#primaryimage\"},\"image\":{\"@id\":\"https:\/\/turijnmagazijn.nl\/fr\/produit\/corne-bouton-lancia-delta-integral-imitation\/#primaryimage\"},\"thumbnailUrl\":\"https:\/\/turijnmagazijn.nl\/wp-content\/uploads\/2023\/03\/DN00100184-Claxon-knop-Lancia-Delta-Integrale-imitatie-3.jpg\",\"datePublished\":\"2023-03-03T07:57:42+00:00\",\"dateModified\":\"2025-08-30T19:49:37+00:00\",\"breadcrumb\":{\"@id\":\"https:\/\/turijnmagazijn.nl\/fr\/produit\/corne-bouton-lancia-delta-integral-imitation\/#breadcrumb\"},\"inLanguage\":\"fr-FR\",\"potentialAction\":[{\"@type\":\"ReadAction\",\"target\":[\"https:\/\/turijnmagazijn.nl\/fr\/produit\/corne-bouton-lancia-delta-integral-imitation\/\"]}]},{\"@type\":\"ImageObject\",\"inLanguage\":\"fr-FR\",\"@id\":\"https:\/\/turijnmagazijn.nl\/fr\/produit\/corne-bouton-lancia-delta-integral-imitation\/#primaryimage\",\"url\":\"https:\/\/turijnmagazijn.nl\/wp-content\/uploads\/2023\/03\/DN00100184-Claxon-knop-Lancia-Delta-Integrale-imitatie-3.jpg\",\"contentUrl\":\"https:\/\/turijnmagazijn.nl\/wp-content\/uploads\/2023\/03\/DN00100184-Claxon-knop-Lancia-Delta-Integrale-imitatie-3.jpg\",\"width\":634,\"height\":477},{\"@type\":\"BreadcrumbList\",\"@id\":\"https:\/\/turijnmagazijn.nl\/fr\/produit\/corne-bouton-lancia-delta-integral-imitation\/#breadcrumb\",\"itemListElement\":[{\"@type\":\"ListItem\",\"position\":1,\"name\":\"Home\",\"item\":\"https:\/\/turijnmagazijn.nl\/fr\/\"},{\"@type\":\"ListItem\",\"position\":2,\"name\":\"Produits\",\"item\":\"https:\/\/turijnmagazijn.nl\/fr\/shop\/\"},{\"@type\":\"ListItem\",\"position\":3,\"name\":\"Bouton de corne Lancia Delta Integrale -imitation-\"}]},{\"@type\":\"WebSite\",\"@id\":\"https:\/\/turijnmagazijn.jumpstone-dev.nl\/#website\",\"url\":\"https:\/\/turijnmagazijn.jumpstone-dev.nl\/\",\"name\":\"Turijnmagazijn\",\"description\":\"Onderdelen nieuw en gebruikt - Fiat &amp; Lancia\",\"publisher\":{\"@id\":\"https:\/\/turijnmagazijn.jumpstone-dev.nl\/#organization\"},\"potentialAction\":[{\"@type\":\"SearchAction\",\"target\":{\"@type\":\"EntryPoint\",\"urlTemplate\":\"https:\/\/turijnmagazijn.jumpstone-dev.nl\/?s={search_term_string}\"},\"query-input\":{\"@type\":\"PropertyValueSpecification\",\"valueRequired\":true,\"valueName\":\"search_term_string\"}}],\"inLanguage\":\"fr-FR\"},{\"@type\":\"Organization\",\"@id\":\"https:\/\/turijnmagazijn.jumpstone-dev.nl\/#organization\",\"name\":\"Turijnmagazijn\",\"url\":\"https:\/\/turijnmagazijn.jumpstone-dev.nl\/\",\"logo\":{\"@type\":\"ImageObject\",\"inLanguage\":\"fr-FR\",\"@id\":\"https:\/\/turijnmagazijn.jumpstone-dev.nl\/#\/schema\/logo\/image\/\",\"url\":\"https:\/\/turijnmagazijn.nl\/wp-content\/uploads\/2021\/02\/turijnmagazijnlogo.png\",\"contentUrl\":\"https:\/\/turijnmagazijn.nl\/wp-content\/uploads\/2021\/02\/turijnmagazijnlogo.png\",\"width\":555,\"height\":270,\"caption\":\"Turijnmagazijn\"},\"image\":{\"@id\":\"https:\/\/turijnmagazijn.jumpstone-dev.nl\/#\/schema\/logo\/image\/\"},\"sameAs\":[\"https:\/\/www.facebook.com\/turijnmagazijn\"]}]}<\/script>\n<!-- \/ Yoast SEO plugin. -->","yoast_head_json":{"title":"Bouton de corne Lancia Delta Integrale -imitation- Turijnmagazijn","robots":{"index":"index","follow":"follow","max-snippet":"max-snippet:-1","max-image-preview":"max-image-preview:large","max-video-preview":"max-video-preview:-1"},"canonical":"https:\/\/turijnmagazijn.nl\/fr\/produit\/corne-bouton-lancia-delta-integral-imitation\/","og_locale":"fr_FR","og_type":"article","og_title":"Bouton de corne Lancia Delta Integrale -imitation- Turijnmagazijn","og_description":"Bouton klaxon Lancia Delta Integrale -imitation- - Nouveau bouton de klaxon imitation pour montage dans le volant de Lancia Delta integral.","og_url":"https:\/\/turijnmagazijn.nl\/fr\/produit\/corne-bouton-lancia-delta-integral-imitation\/","og_site_name":"Turijnmagazijn","article_publisher":"https:\/\/www.facebook.com\/turijnmagazijn","article_modified_time":"2025-08-30T19:49:37+00:00","og_image":[{"width":634,"height":477,"url":"https:\/\/turijnmagazijn.nl\/wp-content\/uploads\/2023\/03\/DN00100184-Claxon-knop-Lancia-Delta-Integrale-imitatie-3.jpg","type":"image\/jpeg"}],"twitter_card":"summary_large_image","twitter_misc":{"Dur\u00e9e de lecture estim\u00e9e":"1 minute"},"schema":{"@context":"https:\/\/schema.org","@graph":[{"@type":"WebPage","@id":"https:\/\/turijnmagazijn.nl\/fr\/produit\/corne-bouton-lancia-delta-integral-imitation\/","url":"https:\/\/turijnmagazijn.nl\/fr\/produit\/corne-bouton-lancia-delta-integral-imitation\/","name":"Bouton de corne Lancia Delta Integrale -imitation- Turijnmagazijn","isPartOf":{"@id":"https:\/\/turijnmagazijn.jumpstone-dev.nl\/#website"},"primaryImageOfPage":{"@id":"https:\/\/turijnmagazijn.nl\/fr\/produit\/corne-bouton-lancia-delta-integral-imitation\/#primaryimage"},"image":{"@id":"https:\/\/turijnmagazijn.nl\/fr\/produit\/corne-bouton-lancia-delta-integral-imitation\/#primaryimage"},"thumbnailUrl":"https:\/\/turijnmagazijn.nl\/wp-content\/uploads\/2023\/03\/DN00100184-Claxon-knop-Lancia-Delta-Integrale-imitatie-3.jpg","datePublished":"2023-03-03T07:57:42+00:00","dateModified":"2025-08-30T19:49:37+00:00","breadcrumb":{"@id":"https:\/\/turijnmagazijn.nl\/fr\/produit\/corne-bouton-lancia-delta-integral-imitation\/#breadcrumb"},"inLanguage":"fr-FR","potentialAction":[{"@type":"ReadAction","target":["https:\/\/turijnmagazijn.nl\/fr\/produit\/corne-bouton-lancia-delta-integral-imitation\/"]}]},{"@type":"ImageObject","inLanguage":"fr-FR","@id":"https:\/\/turijnmagazijn.nl\/fr\/produit\/corne-bouton-lancia-delta-integral-imitation\/#primaryimage","url":"https:\/\/turijnmagazijn.nl\/wp-content\/uploads\/2023\/03\/DN00100184-Claxon-knop-Lancia-Delta-Integrale-imitatie-3.jpg","contentUrl":"https:\/\/turijnmagazijn.nl\/wp-content\/uploads\/2023\/03\/DN00100184-Claxon-knop-Lancia-Delta-Integrale-imitatie-3.jpg","width":634,"height":477},{"@type":"BreadcrumbList","@id":"https:\/\/turijnmagazijn.nl\/fr\/produit\/corne-bouton-lancia-delta-integral-imitation\/#breadcrumb","itemListElement":[{"@type":"ListItem","position":1,"name":"Home","item":"https:\/\/turijnmagazijn.nl\/fr\/"},{"@type":"ListItem","position":2,"name":"Produits","item":"https:\/\/turijnmagazijn.nl\/fr\/shop\/"},{"@type":"ListItem","position":3,"name":"Bouton de corne Lancia Delta Integrale -imitation-"}]},{"@type":"WebSite","@id":"https:\/\/turijnmagazijn.jumpstone-dev.nl\/#website","url":"https:\/\/turijnmagazijn.jumpstone-dev.nl\/","name":"Turijnmagazijn","description":"Onderdelen nieuw en gebruikt - Fiat &amp; Lancia","publisher":{"@id":"https:\/\/turijnmagazijn.jumpstone-dev.nl\/#organization"},"potentialAction":[{"@type":"SearchAction","target":{"@type":"EntryPoint","urlTemplate":"https:\/\/turijnmagazijn.jumpstone-dev.nl\/?s={search_term_string}"},"query-input":{"@type":"PropertyValueSpecification","valueRequired":true,"valueName":"search_term_string"}}],"inLanguage":"fr-FR"},{"@type":"Organization","@id":"https:\/\/turijnmagazijn.jumpstone-dev.nl\/#organization","name":"Turijnmagazijn","url":"https:\/\/turijnmagazijn.jumpstone-dev.nl\/","logo":{"@type":"ImageObject","inLanguage":"fr-FR","@id":"https:\/\/turijnmagazijn.jumpstone-dev.nl\/#\/schema\/logo\/image\/","url":"https:\/\/turijnmagazijn.nl\/wp-content\/uploads\/2021\/02\/turijnmagazijnlogo.png","contentUrl":"https:\/\/turijnmagazijn.nl\/wp-content\/uploads\/2021\/02\/turijnmagazijnlogo.png","width":555,"height":270,"caption":"Turijnmagazijn"},"image":{"@id":"https:\/\/turijnmagazijn.jumpstone-dev.nl\/#\/schema\/logo\/image\/"},"sameAs":["https:\/\/www.facebook.com\/turijnmagazijn"]}]}},"_links":{"self":[{"href":"https:\/\/turijnmagazijn.nl\/fr\/wp-json\/wp\/v2\/product\/66720","targetHints":{"allow":["GET"]}}],"collection":[{"href":"https:\/\/turijnmagazijn.nl\/fr\/wp-json\/wp\/v2\/product"}],"about":[{"href":"https:\/\/turijnmagazijn.nl\/fr\/wp-json\/wp\/v2\/types\/product"}],"replies":[{"embeddable":true,"href":"https:\/\/turijnmagazijn.nl\/fr\/wp-json\/wp\/v2\/comments?post=66720"}],"wp:featuredmedia":[{"embeddable":true,"href":"https:\/\/turijnmagazijn.nl\/fr\/wp-json\/wp\/v2\/media\/54000"}],"wp:attachment":[{"href":"https:\/\/turijnmagazijn.nl\/fr\/wp-json\/wp\/v2\/media?parent=66720"}],"wp:term":[{"taxonomy":"product_brand","embeddable":true,"href":"https:\/\/turijnmagazijn.nl\/fr\/wp-json\/wp\/v2\/product_brand?post=66720"},{"taxonomy":"product_cat","embeddable":true,"href":"https:\/\/turijnmagazijn.nl\/fr\/wp-json\/wp\/v2\/product_cat?post=66720"},{"taxonomy":"product_tag","embeddable":true,"href":"https:\/\/turijnmagazijn.nl\/fr\/wp-json\/wp\/v2\/product_tag?post=66720"}],"curies":[{"name":"wp","href":"https:\/\/api.w.org\/{rel}","templated":true}]}}