{"id":66744,"date":"2023-03-03T08:57:42","date_gmt":"2023-03-03T07:57:42","guid":{"rendered":"https:\/\/turijnmagazijn.nl\/product\/anneau-en-aluminium-corne-noir-lancia-delta-integrale-imitation\/"},"modified":"2023-07-27T12:42:04","modified_gmt":"2023-07-27T10:42:04","slug":"aluminium-corne-anneau-noir-lancia-delta-integrale-imitation","status":"publish","type":"product","link":"https:\/\/turijnmagazijn.nl\/fr\/produit\/aluminium-corne-anneau-noir-lancia-delta-integrale-imitation\/","title":{"rendered":"Anneau en aluminium Corne noir Lancia Delta Integrale -imitation-"},"content":{"rendered":"<p>Pas d\u2019anneau de corne original qui fonctionne tr\u00e8s bien en combinaison avec notre num\u00e9ro de corne DN00100184. Lorsque cet anneau en aluminium est mont\u00e9, le cadre en plastique du bouton de corne derri\u00e8re le bord en aluminium dispara\u00eet, ce qui donne un tr\u00e8s bel aspect.<\/p>\n<p>Cet article cr\u00e9e l\u2019atmosph\u00e8re de l\u2019anneau calxon tel qu\u2019il est mont\u00e9 sur les versions EVO avec le num\u00e9ro de pi\u00e8ce 7771429, mais est diff\u00e9rent dans la disposition et l\u2019ex\u00e9cution, donc pas un sur 1 interchangeable.<\/p>\n<p>Ce produit est \u00e9galement magnifique dans une Lancia Delta HF Turbo ou une Delta HF 4WD.<\/p>\n<p>Portez une attention particuli\u00e8re au motif de boulon du volant, il s\u2019agit d\u2019un motif de boulon \u00e0 6 trous avec un pas de 70mm.<\/p>\n<p><\/p>\n<p><span style=\"font-weight: bold;\">TIP<\/span>: Ce produit peut \u00eatre tr\u00e8s bien combin\u00e9 avec notre bouton de corne de rechange, alors vous pouvez \u00eatre s\u00fbr qu\u2019ils s\u2019embo\u00eetent sans vente aux ench\u00e8res. Lien vers ce produit :&nbsp;<a href=\"http:\/\/www.delenkorf.nl\/index.php?route=product\/product&amp;product_id=2775\" target=\"_blank\" rel=\"noopener\">Bouton de klaxon<\/a><\/p>\n<p><\/p>\n<p>OEM pour r\u00e9f\u00e9rence 7771429<\/p>\n","protected":false},"excerpt":{"rendered":"<p>Bague en corne en aluminium noir Lancia Delta Integrale -imitation- &#8211; Bague en corne pas originale qui fonctionne tr\u00e8s bien en combinaison avec notre num\u00e9ro de corne DN00100184.<\/p>\n","protected":false},"featured_media":54016,"comment_status":"open","ping_status":"closed","template":"","meta":{"_acf_changed":false},"product_brand":[],"product_cat":[1806,1830,1798],"product_tag":[],"class_list":{"0":"post-66744","1":"product","2":"type-product","3":"status-publish","4":"has-post-thumbnail","6":"product_cat-delta-1-831-fr","7":"product_cat-integrale-8v-fr","8":"product_cat-lancia-fr","9":"pa_soort-onderdeel-interieur-et-sellerie","11":"first","12":"instock","13":"taxable","14":"shipping-taxable","15":"purchasable","16":"product-type-simple"},"acf":[],"yoast_head":"<!-- This site is optimized with the Yoast SEO plugin v27.3 - https:\/\/yoast.com\/product\/yoast-seo-wordpress\/ -->\n<title>Anneau en aluminium Corne noir Lancia Delta Integrale -imitation- Turijnmagazijn<\/title>\n<meta name=\"robots\" content=\"index, follow, max-snippet:-1, max-image-preview:large, max-video-preview:-1\" \/>\n<link rel=\"canonical\" href=\"https:\/\/turijnmagazijn.nl\/fr\/produit\/aluminium-corne-anneau-noir-lancia-delta-integrale-imitation\/\" \/>\n<meta property=\"og:locale\" content=\"fr_FR\" \/>\n<meta property=\"og:type\" content=\"article\" \/>\n<meta property=\"og:title\" content=\"Anneau en aluminium Corne noir Lancia Delta Integrale -imitation- Turijnmagazijn\" \/>\n<meta property=\"og:description\" content=\"Bague en corne en aluminium noir Lancia Delta Integrale -imitation- - Bague en corne pas originale qui fonctionne tr\u00e8s bien en combinaison avec notre num\u00e9ro de corne DN00100184.\" \/>\n<meta property=\"og:url\" content=\"https:\/\/turijnmagazijn.nl\/fr\/produit\/aluminium-corne-anneau-noir-lancia-delta-integrale-imitation\/\" \/>\n<meta property=\"og:site_name\" content=\"Turijnmagazijn\" \/>\n<meta property=\"article:publisher\" content=\"https:\/\/www.facebook.com\/turijnmagazijn\" \/>\n<meta property=\"article:modified_time\" content=\"2023-07-27T10:42:04+00:00\" \/>\n<meta property=\"og:image\" content=\"https:\/\/turijnmagazijn.nl\/wp-content\/uploads\/2023\/03\/DN00100185-Aluminium-Claxon-ring-zwart-Lancia-Delta-Integrale-imitatie-3-1.jpg\" \/>\n\t<meta property=\"og:image:width\" content=\"1024\" \/>\n\t<meta property=\"og:image:height\" content=\"768\" \/>\n\t<meta property=\"og:image:type\" content=\"image\/jpeg\" \/>\n<meta name=\"twitter:card\" content=\"summary_large_image\" \/>\n<meta name=\"twitter:label1\" content=\"Dur\u00e9e de lecture estim\u00e9e\" \/>\n\t<meta name=\"twitter:data1\" content=\"1 minute\" \/>\n<script type=\"application\/ld+json\" class=\"yoast-schema-graph\">{\"@context\":\"https:\\\/\\\/schema.org\",\"@graph\":[{\"@type\":\"WebPage\",\"@id\":\"https:\\\/\\\/turijnmagazijn.nl\\\/fr\\\/produit\\\/aluminium-corne-anneau-noir-lancia-delta-integrale-imitation\\\/\",\"url\":\"https:\\\/\\\/turijnmagazijn.nl\\\/fr\\\/produit\\\/aluminium-corne-anneau-noir-lancia-delta-integrale-imitation\\\/\",\"name\":\"Anneau en aluminium Corne noir Lancia Delta Integrale -imitation- Turijnmagazijn\",\"isPartOf\":{\"@id\":\"https:\\\/\\\/turijnmagazijn.jumpstone-dev.nl\\\/#website\"},\"primaryImageOfPage\":{\"@id\":\"https:\\\/\\\/turijnmagazijn.nl\\\/fr\\\/produit\\\/aluminium-corne-anneau-noir-lancia-delta-integrale-imitation\\\/#primaryimage\"},\"image\":{\"@id\":\"https:\\\/\\\/turijnmagazijn.nl\\\/fr\\\/produit\\\/aluminium-corne-anneau-noir-lancia-delta-integrale-imitation\\\/#primaryimage\"},\"thumbnailUrl\":\"https:\\\/\\\/turijnmagazijn.nl\\\/wp-content\\\/uploads\\\/2023\\\/03\\\/DN00100185-Aluminium-Claxon-ring-zwart-Lancia-Delta-Integrale-imitatie-3-1.jpg\",\"datePublished\":\"2023-03-03T07:57:42+00:00\",\"dateModified\":\"2023-07-27T10:42:04+00:00\",\"breadcrumb\":{\"@id\":\"https:\\\/\\\/turijnmagazijn.nl\\\/fr\\\/produit\\\/aluminium-corne-anneau-noir-lancia-delta-integrale-imitation\\\/#breadcrumb\"},\"inLanguage\":\"fr-FR\",\"potentialAction\":[{\"@type\":\"ReadAction\",\"target\":[\"https:\\\/\\\/turijnmagazijn.nl\\\/fr\\\/produit\\\/aluminium-corne-anneau-noir-lancia-delta-integrale-imitation\\\/\"]}]},{\"@type\":\"ImageObject\",\"inLanguage\":\"fr-FR\",\"@id\":\"https:\\\/\\\/turijnmagazijn.nl\\\/fr\\\/produit\\\/aluminium-corne-anneau-noir-lancia-delta-integrale-imitation\\\/#primaryimage\",\"url\":\"https:\\\/\\\/turijnmagazijn.nl\\\/wp-content\\\/uploads\\\/2023\\\/03\\\/DN00100185-Aluminium-Claxon-ring-zwart-Lancia-Delta-Integrale-imitatie-3-1.jpg\",\"contentUrl\":\"https:\\\/\\\/turijnmagazijn.nl\\\/wp-content\\\/uploads\\\/2023\\\/03\\\/DN00100185-Aluminium-Claxon-ring-zwart-Lancia-Delta-Integrale-imitatie-3-1.jpg\",\"width\":1024,\"height\":768},{\"@type\":\"BreadcrumbList\",\"@id\":\"https:\\\/\\\/turijnmagazijn.nl\\\/fr\\\/produit\\\/aluminium-corne-anneau-noir-lancia-delta-integrale-imitation\\\/#breadcrumb\",\"itemListElement\":[{\"@type\":\"ListItem\",\"position\":1,\"name\":\"Home\",\"item\":\"https:\\\/\\\/turijnmagazijn.nl\\\/fr\\\/\"},{\"@type\":\"ListItem\",\"position\":2,\"name\":\"Produits\",\"item\":\"https:\\\/\\\/turijnmagazijn.nl\\\/fr\\\/shop\\\/\"},{\"@type\":\"ListItem\",\"position\":3,\"name\":\"Anneau en aluminium Corne noir Lancia Delta Integrale -imitation-\"}]},{\"@type\":\"WebSite\",\"@id\":\"https:\\\/\\\/turijnmagazijn.jumpstone-dev.nl\\\/#website\",\"url\":\"https:\\\/\\\/turijnmagazijn.jumpstone-dev.nl\\\/\",\"name\":\"Turijnmagazijn\",\"description\":\"Onderdelen nieuw en gebruikt - Fiat &amp; Lancia\",\"publisher\":{\"@id\":\"https:\\\/\\\/turijnmagazijn.jumpstone-dev.nl\\\/#organization\"},\"potentialAction\":[{\"@type\":\"SearchAction\",\"target\":{\"@type\":\"EntryPoint\",\"urlTemplate\":\"https:\\\/\\\/turijnmagazijn.jumpstone-dev.nl\\\/?s={search_term_string}\"},\"query-input\":{\"@type\":\"PropertyValueSpecification\",\"valueRequired\":true,\"valueName\":\"search_term_string\"}}],\"inLanguage\":\"fr-FR\"},{\"@type\":\"Organization\",\"@id\":\"https:\\\/\\\/turijnmagazijn.jumpstone-dev.nl\\\/#organization\",\"name\":\"Turijnmagazijn\",\"url\":\"https:\\\/\\\/turijnmagazijn.jumpstone-dev.nl\\\/\",\"logo\":{\"@type\":\"ImageObject\",\"inLanguage\":\"fr-FR\",\"@id\":\"https:\\\/\\\/turijnmagazijn.jumpstone-dev.nl\\\/#\\\/schema\\\/logo\\\/image\\\/\",\"url\":\"https:\\\/\\\/turijnmagazijn.nl\\\/wp-content\\\/uploads\\\/2021\\\/02\\\/turijnmagazijnlogo.png\",\"contentUrl\":\"https:\\\/\\\/turijnmagazijn.nl\\\/wp-content\\\/uploads\\\/2021\\\/02\\\/turijnmagazijnlogo.png\",\"width\":555,\"height\":270,\"caption\":\"Turijnmagazijn\"},\"image\":{\"@id\":\"https:\\\/\\\/turijnmagazijn.jumpstone-dev.nl\\\/#\\\/schema\\\/logo\\\/image\\\/\"},\"sameAs\":[\"https:\\\/\\\/www.facebook.com\\\/turijnmagazijn\"]}]}<\/script>\n<!-- \/ Yoast SEO plugin. -->","yoast_head_json":{"title":"Anneau en aluminium Corne noir Lancia Delta Integrale -imitation- Turijnmagazijn","robots":{"index":"index","follow":"follow","max-snippet":"max-snippet:-1","max-image-preview":"max-image-preview:large","max-video-preview":"max-video-preview:-1"},"canonical":"https:\/\/turijnmagazijn.nl\/fr\/produit\/aluminium-corne-anneau-noir-lancia-delta-integrale-imitation\/","og_locale":"fr_FR","og_type":"article","og_title":"Anneau en aluminium Corne noir Lancia Delta Integrale -imitation- Turijnmagazijn","og_description":"Bague en corne en aluminium noir Lancia Delta Integrale -imitation- - Bague en corne pas originale qui fonctionne tr\u00e8s bien en combinaison avec notre num\u00e9ro de corne DN00100184.","og_url":"https:\/\/turijnmagazijn.nl\/fr\/produit\/aluminium-corne-anneau-noir-lancia-delta-integrale-imitation\/","og_site_name":"Turijnmagazijn","article_publisher":"https:\/\/www.facebook.com\/turijnmagazijn","article_modified_time":"2023-07-27T10:42:04+00:00","og_image":[{"width":1024,"height":768,"url":"https:\/\/turijnmagazijn.nl\/wp-content\/uploads\/2023\/03\/DN00100185-Aluminium-Claxon-ring-zwart-Lancia-Delta-Integrale-imitatie-3-1.jpg","type":"image\/jpeg"}],"twitter_card":"summary_large_image","twitter_misc":{"Dur\u00e9e de lecture estim\u00e9e":"1 minute"},"schema":{"@context":"https:\/\/schema.org","@graph":[{"@type":"WebPage","@id":"https:\/\/turijnmagazijn.nl\/fr\/produit\/aluminium-corne-anneau-noir-lancia-delta-integrale-imitation\/","url":"https:\/\/turijnmagazijn.nl\/fr\/produit\/aluminium-corne-anneau-noir-lancia-delta-integrale-imitation\/","name":"Anneau en aluminium Corne noir Lancia Delta Integrale -imitation- Turijnmagazijn","isPartOf":{"@id":"https:\/\/turijnmagazijn.jumpstone-dev.nl\/#website"},"primaryImageOfPage":{"@id":"https:\/\/turijnmagazijn.nl\/fr\/produit\/aluminium-corne-anneau-noir-lancia-delta-integrale-imitation\/#primaryimage"},"image":{"@id":"https:\/\/turijnmagazijn.nl\/fr\/produit\/aluminium-corne-anneau-noir-lancia-delta-integrale-imitation\/#primaryimage"},"thumbnailUrl":"https:\/\/turijnmagazijn.nl\/wp-content\/uploads\/2023\/03\/DN00100185-Aluminium-Claxon-ring-zwart-Lancia-Delta-Integrale-imitatie-3-1.jpg","datePublished":"2023-03-03T07:57:42+00:00","dateModified":"2023-07-27T10:42:04+00:00","breadcrumb":{"@id":"https:\/\/turijnmagazijn.nl\/fr\/produit\/aluminium-corne-anneau-noir-lancia-delta-integrale-imitation\/#breadcrumb"},"inLanguage":"fr-FR","potentialAction":[{"@type":"ReadAction","target":["https:\/\/turijnmagazijn.nl\/fr\/produit\/aluminium-corne-anneau-noir-lancia-delta-integrale-imitation\/"]}]},{"@type":"ImageObject","inLanguage":"fr-FR","@id":"https:\/\/turijnmagazijn.nl\/fr\/produit\/aluminium-corne-anneau-noir-lancia-delta-integrale-imitation\/#primaryimage","url":"https:\/\/turijnmagazijn.nl\/wp-content\/uploads\/2023\/03\/DN00100185-Aluminium-Claxon-ring-zwart-Lancia-Delta-Integrale-imitatie-3-1.jpg","contentUrl":"https:\/\/turijnmagazijn.nl\/wp-content\/uploads\/2023\/03\/DN00100185-Aluminium-Claxon-ring-zwart-Lancia-Delta-Integrale-imitatie-3-1.jpg","width":1024,"height":768},{"@type":"BreadcrumbList","@id":"https:\/\/turijnmagazijn.nl\/fr\/produit\/aluminium-corne-anneau-noir-lancia-delta-integrale-imitation\/#breadcrumb","itemListElement":[{"@type":"ListItem","position":1,"name":"Home","item":"https:\/\/turijnmagazijn.nl\/fr\/"},{"@type":"ListItem","position":2,"name":"Produits","item":"https:\/\/turijnmagazijn.nl\/fr\/shop\/"},{"@type":"ListItem","position":3,"name":"Anneau en aluminium Corne noir Lancia Delta Integrale -imitation-"}]},{"@type":"WebSite","@id":"https:\/\/turijnmagazijn.jumpstone-dev.nl\/#website","url":"https:\/\/turijnmagazijn.jumpstone-dev.nl\/","name":"Turijnmagazijn","description":"Onderdelen nieuw en gebruikt - Fiat &amp; Lancia","publisher":{"@id":"https:\/\/turijnmagazijn.jumpstone-dev.nl\/#organization"},"potentialAction":[{"@type":"SearchAction","target":{"@type":"EntryPoint","urlTemplate":"https:\/\/turijnmagazijn.jumpstone-dev.nl\/?s={search_term_string}"},"query-input":{"@type":"PropertyValueSpecification","valueRequired":true,"valueName":"search_term_string"}}],"inLanguage":"fr-FR"},{"@type":"Organization","@id":"https:\/\/turijnmagazijn.jumpstone-dev.nl\/#organization","name":"Turijnmagazijn","url":"https:\/\/turijnmagazijn.jumpstone-dev.nl\/","logo":{"@type":"ImageObject","inLanguage":"fr-FR","@id":"https:\/\/turijnmagazijn.jumpstone-dev.nl\/#\/schema\/logo\/image\/","url":"https:\/\/turijnmagazijn.nl\/wp-content\/uploads\/2021\/02\/turijnmagazijnlogo.png","contentUrl":"https:\/\/turijnmagazijn.nl\/wp-content\/uploads\/2021\/02\/turijnmagazijnlogo.png","width":555,"height":270,"caption":"Turijnmagazijn"},"image":{"@id":"https:\/\/turijnmagazijn.jumpstone-dev.nl\/#\/schema\/logo\/image\/"},"sameAs":["https:\/\/www.facebook.com\/turijnmagazijn"]}]}},"_links":{"self":[{"href":"https:\/\/turijnmagazijn.nl\/fr\/wp-json\/wp\/v2\/product\/66744","targetHints":{"allow":["GET"]}}],"collection":[{"href":"https:\/\/turijnmagazijn.nl\/fr\/wp-json\/wp\/v2\/product"}],"about":[{"href":"https:\/\/turijnmagazijn.nl\/fr\/wp-json\/wp\/v2\/types\/product"}],"replies":[{"embeddable":true,"href":"https:\/\/turijnmagazijn.nl\/fr\/wp-json\/wp\/v2\/comments?post=66744"}],"wp:featuredmedia":[{"embeddable":true,"href":"https:\/\/turijnmagazijn.nl\/fr\/wp-json\/wp\/v2\/media\/54016"}],"wp:attachment":[{"href":"https:\/\/turijnmagazijn.nl\/fr\/wp-json\/wp\/v2\/media?parent=66744"}],"wp:term":[{"taxonomy":"product_brand","embeddable":true,"href":"https:\/\/turijnmagazijn.nl\/fr\/wp-json\/wp\/v2\/product_brand?post=66744"},{"taxonomy":"product_cat","embeddable":true,"href":"https:\/\/turijnmagazijn.nl\/fr\/wp-json\/wp\/v2\/product_cat?post=66744"},{"taxonomy":"product_tag","embeddable":true,"href":"https:\/\/turijnmagazijn.nl\/fr\/wp-json\/wp\/v2\/product_tag?post=66744"}],"curies":[{"name":"wp","href":"https:\/\/api.w.org\/{rel}","templated":true}]}}