{"id":66750,"date":"2023-03-03T09:58:07","date_gmt":"2023-03-03T08:58:07","guid":{"rendered":"https:\/\/turijnmagazijn.nl\/product\/reparation-du-couvercle-de-moyeu-du-systeme-de-serrage-lancia-kappa-coupe\/"},"modified":"2024-09-05T13:32:36","modified_gmt":"2024-09-05T11:32:36","slug":"reparation-systeme-de-serrage-couvercle-de-moyeu-lancia-kappa-coupe","status":"publish","type":"product","link":"https:\/\/turijnmagazijn.nl\/fr\/produit\/reparation-systeme-de-serrage-couvercle-de-moyeu-lancia-kappa-coupe\/","title":{"rendered":"R\u00e9paration du couvercle de moyeu du syst\u00e8me de serrage Lancia Kappa Coupe"},"content":{"rendered":"<p>Kit de r\u00e9paration pour la r\u00e9paration des jambes cass\u00e9es \u00e0 l\u2019arri\u00e8re du couvercle du moyeu avec num\u00e9ro&nbsp;46473237.&nbsp;<\/p>\n<p>Ces couvercles sont appliqu\u00e9s sur les jantes Lancia Kappa Coup\u00e9, \u00e0 la fois la version turbo et la version r\u00e9guli\u00e8re.<\/p>\n<p>Pour effectuer cette r\u00e9paration, il est n\u00e9cessaire de broyer toutes les jambes et de cr\u00e9er une surface plane.<\/p>\n<p>Retirez le couvercle chrom\u00e9 \u00e0 l\u2019avant et percez un trou dans la fossette existante au milieu de la pi\u00e8ce.<\/p>\n<p>Avec le boulon et le mo\u00fbt fournis, la nouvelle rosace peut \u00eatre fix\u00e9e au couvercle.<\/p>\n<p>Profitez de vos housses de moyeu pour les ann\u00e9es \u00e0 venir!<\/p>\n<p><\/p>\n<p><span style=\"font-weight: bold;\">Concerne un ensemble pour la r\u00e9paration de 1 capuchon central.<\/span><\/p>\n<p><span style=\"font-weight: bold;\"><br \/><\/span><\/p>\n<p>Nous avons \u00e9crit un article sur les diff\u00e9rents probl\u00e8mes possibles avec les housses de moyeu coup\u00e9 Kappa o\u00f9 les diff\u00e9rentes solutions sont \u00e9galement clairement r\u00e9pertori\u00e9es. Vous pouvez trouver l\u2019article ici:<\/p>\n<p><a href=\"http:\/\/www.delenkorf.nl\/lancia-kappa-naafdeksel-kap-problemen-en-oplossing.html%C2%A0\" target=\"_blank\" rel=\"noopener\">http:\/\/www.delenkorf.nl\/lancia-kappa-naafdeksel-kap-problemen-en-oplossing.html&nbsp;<\/a><\/p>\n","protected":false},"excerpt":{"rendered":"<p>R\u00e9paration du couvercle de moyeu du syst\u00e8me de serrage Lancia Kappa Coupe &#8211; Kit de r\u00e9paration pour la r\u00e9paration des jambes cass\u00e9es \u00e0 l\u2019arri\u00e8re du couvercle du moyeu avec num\u00e9ro<\/p>\n","protected":false},"featured_media":54164,"comment_status":"closed","ping_status":"closed","template":"","meta":{"_acf_changed":false},"product_brand":[],"product_cat":[1865,1860,1798,1870],"product_tag":[],"class_list":{"0":"post-66750","1":"product","2":"type-product","3":"status-publish","4":"has-post-thumbnail","6":"product_cat-coupe-fr","7":"product_cat-kappa-838-fr","8":"product_cat-lancia-fr","9":"product_cat-sw-fr","10":"pa_soort-onderdeel-interieur-et-sellerie","12":"first","13":"instock","14":"taxable","15":"shipping-taxable","16":"purchasable","17":"product-type-simple"},"acf":[],"yoast_head":"<!-- This site is optimized with the Yoast SEO plugin v27.3 - https:\/\/yoast.com\/product\/yoast-seo-wordpress\/ -->\n<title>R\u00e9paration du couvercle de moyeu du syst\u00e8me de serrage Lancia Kappa Coupe - Turijnmagazijn<\/title>\n<meta name=\"robots\" content=\"index, follow, max-snippet:-1, max-image-preview:large, max-video-preview:-1\" \/>\n<link rel=\"canonical\" href=\"https:\/\/turijnmagazijn.nl\/fr\/produit\/reparation-systeme-de-serrage-couvercle-de-moyeu-lancia-kappa-coupe\/\" \/>\n<meta property=\"og:locale\" content=\"fr_FR\" \/>\n<meta property=\"og:type\" content=\"article\" \/>\n<meta property=\"og:title\" content=\"R\u00e9paration du couvercle de moyeu du syst\u00e8me de serrage Lancia Kappa Coupe - Turijnmagazijn\" \/>\n<meta property=\"og:description\" content=\"R\u00e9paration du couvercle de moyeu du syst\u00e8me de serrage Lancia Kappa Coupe - Kit de r\u00e9paration pour la r\u00e9paration des jambes cass\u00e9es \u00e0 l\u2019arri\u00e8re du couvercle du moyeu avec num\u00e9ro\" \/>\n<meta property=\"og:url\" content=\"https:\/\/turijnmagazijn.nl\/fr\/produit\/reparation-systeme-de-serrage-couvercle-de-moyeu-lancia-kappa-coupe\/\" \/>\n<meta property=\"og:site_name\" content=\"Turijnmagazijn\" \/>\n<meta property=\"article:publisher\" content=\"https:\/\/www.facebook.com\/turijnmagazijn\" \/>\n<meta property=\"article:modified_time\" content=\"2024-09-05T11:32:36+00:00\" \/>\n<meta property=\"og:image\" content=\"https:\/\/turijnmagazijn.nl\/wp-content\/uploads\/2023\/03\/DN00100189-Reparatie-klemsysteem-naafdeksel-Lancia-Kappa-Coupe-3-1.jpg\" \/>\n\t<meta property=\"og:image:width\" content=\"1024\" \/>\n\t<meta property=\"og:image:height\" content=\"768\" \/>\n\t<meta property=\"og:image:type\" content=\"image\/jpeg\" \/>\n<meta name=\"twitter:card\" content=\"summary_large_image\" \/>\n<meta name=\"twitter:label1\" content=\"Dur\u00e9e de lecture estim\u00e9e\" \/>\n\t<meta name=\"twitter:data1\" content=\"1 minute\" \/>\n<script type=\"application\/ld+json\" class=\"yoast-schema-graph\">{\"@context\":\"https:\\\/\\\/schema.org\",\"@graph\":[{\"@type\":\"WebPage\",\"@id\":\"https:\\\/\\\/turijnmagazijn.nl\\\/fr\\\/produit\\\/reparation-systeme-de-serrage-couvercle-de-moyeu-lancia-kappa-coupe\\\/\",\"url\":\"https:\\\/\\\/turijnmagazijn.nl\\\/fr\\\/produit\\\/reparation-systeme-de-serrage-couvercle-de-moyeu-lancia-kappa-coupe\\\/\",\"name\":\"R\u00e9paration du couvercle de moyeu du syst\u00e8me de serrage Lancia Kappa Coupe - Turijnmagazijn\",\"isPartOf\":{\"@id\":\"https:\\\/\\\/turijnmagazijn.jumpstone-dev.nl\\\/#website\"},\"primaryImageOfPage\":{\"@id\":\"https:\\\/\\\/turijnmagazijn.nl\\\/fr\\\/produit\\\/reparation-systeme-de-serrage-couvercle-de-moyeu-lancia-kappa-coupe\\\/#primaryimage\"},\"image\":{\"@id\":\"https:\\\/\\\/turijnmagazijn.nl\\\/fr\\\/produit\\\/reparation-systeme-de-serrage-couvercle-de-moyeu-lancia-kappa-coupe\\\/#primaryimage\"},\"thumbnailUrl\":\"https:\\\/\\\/turijnmagazijn.nl\\\/wp-content\\\/uploads\\\/2023\\\/03\\\/DN00100189-Reparatie-klemsysteem-naafdeksel-Lancia-Kappa-Coupe-3-1.jpg\",\"datePublished\":\"2023-03-03T08:58:07+00:00\",\"dateModified\":\"2024-09-05T11:32:36+00:00\",\"breadcrumb\":{\"@id\":\"https:\\\/\\\/turijnmagazijn.nl\\\/fr\\\/produit\\\/reparation-systeme-de-serrage-couvercle-de-moyeu-lancia-kappa-coupe\\\/#breadcrumb\"},\"inLanguage\":\"fr-FR\",\"potentialAction\":[{\"@type\":\"ReadAction\",\"target\":[\"https:\\\/\\\/turijnmagazijn.nl\\\/fr\\\/produit\\\/reparation-systeme-de-serrage-couvercle-de-moyeu-lancia-kappa-coupe\\\/\"]}]},{\"@type\":\"ImageObject\",\"inLanguage\":\"fr-FR\",\"@id\":\"https:\\\/\\\/turijnmagazijn.nl\\\/fr\\\/produit\\\/reparation-systeme-de-serrage-couvercle-de-moyeu-lancia-kappa-coupe\\\/#primaryimage\",\"url\":\"https:\\\/\\\/turijnmagazijn.nl\\\/wp-content\\\/uploads\\\/2023\\\/03\\\/DN00100189-Reparatie-klemsysteem-naafdeksel-Lancia-Kappa-Coupe-3-1.jpg\",\"contentUrl\":\"https:\\\/\\\/turijnmagazijn.nl\\\/wp-content\\\/uploads\\\/2023\\\/03\\\/DN00100189-Reparatie-klemsysteem-naafdeksel-Lancia-Kappa-Coupe-3-1.jpg\",\"width\":1024,\"height\":768},{\"@type\":\"BreadcrumbList\",\"@id\":\"https:\\\/\\\/turijnmagazijn.nl\\\/fr\\\/produit\\\/reparation-systeme-de-serrage-couvercle-de-moyeu-lancia-kappa-coupe\\\/#breadcrumb\",\"itemListElement\":[{\"@type\":\"ListItem\",\"position\":1,\"name\":\"Home\",\"item\":\"https:\\\/\\\/turijnmagazijn.nl\\\/fr\\\/\"},{\"@type\":\"ListItem\",\"position\":2,\"name\":\"Produits\",\"item\":\"https:\\\/\\\/turijnmagazijn.nl\\\/fr\\\/shop\\\/\"},{\"@type\":\"ListItem\",\"position\":3,\"name\":\"R\u00e9paration du couvercle de moyeu du syst\u00e8me de serrage Lancia Kappa Coupe\"}]},{\"@type\":\"WebSite\",\"@id\":\"https:\\\/\\\/turijnmagazijn.jumpstone-dev.nl\\\/#website\",\"url\":\"https:\\\/\\\/turijnmagazijn.jumpstone-dev.nl\\\/\",\"name\":\"Turijnmagazijn\",\"description\":\"Onderdelen nieuw en gebruikt - Fiat &amp; Lancia\",\"publisher\":{\"@id\":\"https:\\\/\\\/turijnmagazijn.jumpstone-dev.nl\\\/#organization\"},\"potentialAction\":[{\"@type\":\"SearchAction\",\"target\":{\"@type\":\"EntryPoint\",\"urlTemplate\":\"https:\\\/\\\/turijnmagazijn.jumpstone-dev.nl\\\/?s={search_term_string}\"},\"query-input\":{\"@type\":\"PropertyValueSpecification\",\"valueRequired\":true,\"valueName\":\"search_term_string\"}}],\"inLanguage\":\"fr-FR\"},{\"@type\":\"Organization\",\"@id\":\"https:\\\/\\\/turijnmagazijn.jumpstone-dev.nl\\\/#organization\",\"name\":\"Turijnmagazijn\",\"url\":\"https:\\\/\\\/turijnmagazijn.jumpstone-dev.nl\\\/\",\"logo\":{\"@type\":\"ImageObject\",\"inLanguage\":\"fr-FR\",\"@id\":\"https:\\\/\\\/turijnmagazijn.jumpstone-dev.nl\\\/#\\\/schema\\\/logo\\\/image\\\/\",\"url\":\"https:\\\/\\\/turijnmagazijn.nl\\\/wp-content\\\/uploads\\\/2021\\\/02\\\/turijnmagazijnlogo.png\",\"contentUrl\":\"https:\\\/\\\/turijnmagazijn.nl\\\/wp-content\\\/uploads\\\/2021\\\/02\\\/turijnmagazijnlogo.png\",\"width\":555,\"height\":270,\"caption\":\"Turijnmagazijn\"},\"image\":{\"@id\":\"https:\\\/\\\/turijnmagazijn.jumpstone-dev.nl\\\/#\\\/schema\\\/logo\\\/image\\\/\"},\"sameAs\":[\"https:\\\/\\\/www.facebook.com\\\/turijnmagazijn\"]}]}<\/script>\n<!-- \/ Yoast SEO plugin. -->","yoast_head_json":{"title":"R\u00e9paration du couvercle de moyeu du syst\u00e8me de serrage Lancia Kappa Coupe - Turijnmagazijn","robots":{"index":"index","follow":"follow","max-snippet":"max-snippet:-1","max-image-preview":"max-image-preview:large","max-video-preview":"max-video-preview:-1"},"canonical":"https:\/\/turijnmagazijn.nl\/fr\/produit\/reparation-systeme-de-serrage-couvercle-de-moyeu-lancia-kappa-coupe\/","og_locale":"fr_FR","og_type":"article","og_title":"R\u00e9paration du couvercle de moyeu du syst\u00e8me de serrage Lancia Kappa Coupe - Turijnmagazijn","og_description":"R\u00e9paration du couvercle de moyeu du syst\u00e8me de serrage Lancia Kappa Coupe - Kit de r\u00e9paration pour la r\u00e9paration des jambes cass\u00e9es \u00e0 l\u2019arri\u00e8re du couvercle du moyeu avec num\u00e9ro","og_url":"https:\/\/turijnmagazijn.nl\/fr\/produit\/reparation-systeme-de-serrage-couvercle-de-moyeu-lancia-kappa-coupe\/","og_site_name":"Turijnmagazijn","article_publisher":"https:\/\/www.facebook.com\/turijnmagazijn","article_modified_time":"2024-09-05T11:32:36+00:00","og_image":[{"width":1024,"height":768,"url":"https:\/\/turijnmagazijn.nl\/wp-content\/uploads\/2023\/03\/DN00100189-Reparatie-klemsysteem-naafdeksel-Lancia-Kappa-Coupe-3-1.jpg","type":"image\/jpeg"}],"twitter_card":"summary_large_image","twitter_misc":{"Dur\u00e9e de lecture estim\u00e9e":"1 minute"},"schema":{"@context":"https:\/\/schema.org","@graph":[{"@type":"WebPage","@id":"https:\/\/turijnmagazijn.nl\/fr\/produit\/reparation-systeme-de-serrage-couvercle-de-moyeu-lancia-kappa-coupe\/","url":"https:\/\/turijnmagazijn.nl\/fr\/produit\/reparation-systeme-de-serrage-couvercle-de-moyeu-lancia-kappa-coupe\/","name":"R\u00e9paration du couvercle de moyeu du syst\u00e8me de serrage Lancia Kappa Coupe - Turijnmagazijn","isPartOf":{"@id":"https:\/\/turijnmagazijn.jumpstone-dev.nl\/#website"},"primaryImageOfPage":{"@id":"https:\/\/turijnmagazijn.nl\/fr\/produit\/reparation-systeme-de-serrage-couvercle-de-moyeu-lancia-kappa-coupe\/#primaryimage"},"image":{"@id":"https:\/\/turijnmagazijn.nl\/fr\/produit\/reparation-systeme-de-serrage-couvercle-de-moyeu-lancia-kappa-coupe\/#primaryimage"},"thumbnailUrl":"https:\/\/turijnmagazijn.nl\/wp-content\/uploads\/2023\/03\/DN00100189-Reparatie-klemsysteem-naafdeksel-Lancia-Kappa-Coupe-3-1.jpg","datePublished":"2023-03-03T08:58:07+00:00","dateModified":"2024-09-05T11:32:36+00:00","breadcrumb":{"@id":"https:\/\/turijnmagazijn.nl\/fr\/produit\/reparation-systeme-de-serrage-couvercle-de-moyeu-lancia-kappa-coupe\/#breadcrumb"},"inLanguage":"fr-FR","potentialAction":[{"@type":"ReadAction","target":["https:\/\/turijnmagazijn.nl\/fr\/produit\/reparation-systeme-de-serrage-couvercle-de-moyeu-lancia-kappa-coupe\/"]}]},{"@type":"ImageObject","inLanguage":"fr-FR","@id":"https:\/\/turijnmagazijn.nl\/fr\/produit\/reparation-systeme-de-serrage-couvercle-de-moyeu-lancia-kappa-coupe\/#primaryimage","url":"https:\/\/turijnmagazijn.nl\/wp-content\/uploads\/2023\/03\/DN00100189-Reparatie-klemsysteem-naafdeksel-Lancia-Kappa-Coupe-3-1.jpg","contentUrl":"https:\/\/turijnmagazijn.nl\/wp-content\/uploads\/2023\/03\/DN00100189-Reparatie-klemsysteem-naafdeksel-Lancia-Kappa-Coupe-3-1.jpg","width":1024,"height":768},{"@type":"BreadcrumbList","@id":"https:\/\/turijnmagazijn.nl\/fr\/produit\/reparation-systeme-de-serrage-couvercle-de-moyeu-lancia-kappa-coupe\/#breadcrumb","itemListElement":[{"@type":"ListItem","position":1,"name":"Home","item":"https:\/\/turijnmagazijn.nl\/fr\/"},{"@type":"ListItem","position":2,"name":"Produits","item":"https:\/\/turijnmagazijn.nl\/fr\/shop\/"},{"@type":"ListItem","position":3,"name":"R\u00e9paration du couvercle de moyeu du syst\u00e8me de serrage Lancia Kappa Coupe"}]},{"@type":"WebSite","@id":"https:\/\/turijnmagazijn.jumpstone-dev.nl\/#website","url":"https:\/\/turijnmagazijn.jumpstone-dev.nl\/","name":"Turijnmagazijn","description":"Onderdelen nieuw en gebruikt - Fiat &amp; Lancia","publisher":{"@id":"https:\/\/turijnmagazijn.jumpstone-dev.nl\/#organization"},"potentialAction":[{"@type":"SearchAction","target":{"@type":"EntryPoint","urlTemplate":"https:\/\/turijnmagazijn.jumpstone-dev.nl\/?s={search_term_string}"},"query-input":{"@type":"PropertyValueSpecification","valueRequired":true,"valueName":"search_term_string"}}],"inLanguage":"fr-FR"},{"@type":"Organization","@id":"https:\/\/turijnmagazijn.jumpstone-dev.nl\/#organization","name":"Turijnmagazijn","url":"https:\/\/turijnmagazijn.jumpstone-dev.nl\/","logo":{"@type":"ImageObject","inLanguage":"fr-FR","@id":"https:\/\/turijnmagazijn.jumpstone-dev.nl\/#\/schema\/logo\/image\/","url":"https:\/\/turijnmagazijn.nl\/wp-content\/uploads\/2021\/02\/turijnmagazijnlogo.png","contentUrl":"https:\/\/turijnmagazijn.nl\/wp-content\/uploads\/2021\/02\/turijnmagazijnlogo.png","width":555,"height":270,"caption":"Turijnmagazijn"},"image":{"@id":"https:\/\/turijnmagazijn.jumpstone-dev.nl\/#\/schema\/logo\/image\/"},"sameAs":["https:\/\/www.facebook.com\/turijnmagazijn"]}]}},"_links":{"self":[{"href":"https:\/\/turijnmagazijn.nl\/fr\/wp-json\/wp\/v2\/product\/66750","targetHints":{"allow":["GET"]}}],"collection":[{"href":"https:\/\/turijnmagazijn.nl\/fr\/wp-json\/wp\/v2\/product"}],"about":[{"href":"https:\/\/turijnmagazijn.nl\/fr\/wp-json\/wp\/v2\/types\/product"}],"replies":[{"embeddable":true,"href":"https:\/\/turijnmagazijn.nl\/fr\/wp-json\/wp\/v2\/comments?post=66750"}],"wp:featuredmedia":[{"embeddable":true,"href":"https:\/\/turijnmagazijn.nl\/fr\/wp-json\/wp\/v2\/media\/54164"}],"wp:attachment":[{"href":"https:\/\/turijnmagazijn.nl\/fr\/wp-json\/wp\/v2\/media?parent=66750"}],"wp:term":[{"taxonomy":"product_brand","embeddable":true,"href":"https:\/\/turijnmagazijn.nl\/fr\/wp-json\/wp\/v2\/product_brand?post=66750"},{"taxonomy":"product_cat","embeddable":true,"href":"https:\/\/turijnmagazijn.nl\/fr\/wp-json\/wp\/v2\/product_cat?post=66750"},{"taxonomy":"product_tag","embeddable":true,"href":"https:\/\/turijnmagazijn.nl\/fr\/wp-json\/wp\/v2\/product_tag?post=66750"}],"curies":[{"name":"wp","href":"https:\/\/api.w.org\/{rel}","templated":true}]}}